{"id":26145,"date":"2025-02-10T10:15:27","date_gmt":"2025-02-10T08:15:27","guid":{"rendered":"https:\/\/gymfactory.eu\/product\/multistation-home-gym-hg1\/"},"modified":"2026-02-01T16:20:34","modified_gmt":"2026-02-01T14:20:34","slug":"multistation-home-gym-hg1","status":"publish","type":"product","link":"https:\/\/gymfactory.eu\/fr\/produit\/multistation-home-gym-hg1\/","title":{"rendered":"Multistation Home Gym HG1"},"content":{"rendered":"<p>La Multistation Home Gym HG1 est un \u00e9quipement de home gym tout-en-un compact, con\u00e7u pour une grande vari\u00e9t\u00e9 de mouvements d\u2019entra\u00eenement complets (full-body). Id\u00e9ale pour ceux qui cherchent des id\u00e9es pour un petit home gym, elle combine plusieurs stations en une seule machine de musculation peu encombrante. <\/p>\n<p>Cette unit\u00e9 permet aux utilisateurs d\u2019effectuer des exercices pour les jambes, les bras, la poitrine, le dos et le centre du corps (core) en utilisant une gamme d\u2019accessoires et de poulies inclus. La vari\u00e9t\u00e9 de poign\u00e9es, de barres et de coussins permet de passer facilement d\u2019un objectif d\u2019entra\u00eenement \u00e0 l\u2019autre sans \u00e9quipement suppl\u00e9mentaire. <\/p>\n<p>Con\u00e7ue pour la polyvalence et la commodit\u00e9, la Multistation Home Gym HG1 est un choix pratique pour quiconque souhaite construire une installation de fitness \u00e0 domicile compl\u00e8te.<\/p>\n\n    <div class=\"xs_social_share_widget xs_share_url after_content \t\tmain_content  wslu-style-1 wslu-share-box-shaped wslu-fill-colored wslu-none wslu-share-horizontal wslu-theme-font-no wslu-main_content\">\n\n\t\t\n        <ul>\n\t\t\t        <\/ul>\n    <\/div> \n","protected":false},"excerpt":{"rendered":"<p>La Multistation Home Gym HG1 est un \u00e9quipement de home gym tout-en-un compact, con\u00e7u pour une grande vari\u00e9t\u00e9 de mouvements d\u2019entra\u00eenement complets (full-body). Id\u00e9ale pour ceux qui cherchent des id\u00e9es pour un petit home gym, elle combine plusieurs stations en une seule machine de musculation peu encombrante. Cette unit\u00e9 permet aux utilisateurs d\u2019effectuer des exercices [&hellip;]<\/p>\n","protected":false},"featured_media":11077,"template":"","meta":{"_acf_changed":false},"product_brand":[56],"product_cat":[830],"product_tag":[],"class_list":{"0":"post-26145","1":"product","2":"type-product","3":"status-publish","4":"has-post-thumbnail","6":"product_brand-gym-factory","7":"product_cat-autres-equipements-de-salle-de-sport","9":"first","10":"onbackorder","11":"taxable","12":"shipping-taxable","13":"purchasable","14":"product-type-variable","15":"has-default-attributes"},"acf":[],"yoast_head":"<!-- This site is optimized with the Yoast SEO plugin v25.2 - https:\/\/yoast.com\/wordpress\/plugins\/seo\/ -->\n<title>Multistation Home Gym HG1 \u2013 \u00c9quipement de Fitness Tout-en-un<\/title>\n<meta name=\"description\" content=\"Cette machine de musculation est l\u2019\u00e9quipement de home gym tout-en-un ultime. Compacte mais polyvalente, elle est parfaite pour les entra\u00eenements complets du corps et la musculation.\" \/>\n<meta name=\"robots\" content=\"index, follow, max-snippet:-1, max-image-preview:large, max-video-preview:-1\" \/>\n<link rel=\"canonical\" href=\"https:\/\/gymfactory.eu\/fr\/produit\/multistation-home-gym-hg1\/\" \/>\n<meta property=\"og:locale\" content=\"fr_FR\" \/>\n<meta property=\"og:type\" content=\"article\" \/>\n<meta property=\"og:title\" content=\"Multistation Home Gym HG1 \u2013 \u00c9quipement de Fitness Tout-en-un\" \/>\n<meta property=\"og:description\" content=\"Cette machine de musculation est l\u2019\u00e9quipement de home gym tout-en-un ultime. Compacte mais polyvalente, elle est parfaite pour les entra\u00eenements complets du corps et la musculation.\" \/>\n<meta property=\"og:url\" content=\"https:\/\/gymfactory.eu\/fr\/produit\/multistation-home-gym-hg1\/\" \/>\n<meta property=\"og:site_name\" content=\"Gym Factory\" \/>\n<meta property=\"article:modified_time\" content=\"2026-02-01T14:20:34+00:00\" \/>\n<meta property=\"og:image\" content=\"https:\/\/gymfactory.eu\/wp-content\/uploads\/2025\/02\/Gym-Machine-Multi-Station-1.webp\" \/>\n\t<meta property=\"og:image:width\" content=\"1500\" \/>\n\t<meta property=\"og:image:height\" content=\"1500\" \/>\n\t<meta property=\"og:image:type\" content=\"image\/webp\" \/>\n<meta name=\"twitter:card\" content=\"summary_large_image\" \/>\n<meta name=\"twitter:label1\" content=\"Dur\u00e9e de lecture estim\u00e9e\" \/>\n\t<meta name=\"twitter:data1\" content=\"1 minute\" \/>\n<script type=\"application\/ld+json\" class=\"yoast-schema-graph\">{\"@context\":\"https:\/\/schema.org\",\"@graph\":[{\"@type\":\"WebPage\",\"@id\":\"https:\/\/gymfactory.eu\/fr\/produit\/multistation-home-gym-hg1\/\",\"url\":\"https:\/\/gymfactory.eu\/fr\/produit\/multistation-home-gym-hg1\/\",\"name\":\"Multistation Home Gym HG1 \u2013 \u00c9quipement de Fitness Tout-en-un\",\"isPartOf\":{\"@id\":\"https:\/\/gymfactory.eu\/fr\/#website\"},\"primaryImageOfPage\":{\"@id\":\"https:\/\/gymfactory.eu\/fr\/produit\/multistation-home-gym-hg1\/#primaryimage\"},\"image\":{\"@id\":\"https:\/\/gymfactory.eu\/fr\/produit\/multistation-home-gym-hg1\/#primaryimage\"},\"thumbnailUrl\":\"https:\/\/gymfactory.eu\/wp-content\/uploads\/2025\/02\/Gym-Machine-Multi-Station-1.webp\",\"datePublished\":\"2025-02-10T08:15:27+00:00\",\"dateModified\":\"2026-02-01T14:20:34+00:00\",\"description\":\"Cette machine de musculation est l\u2019\u00e9quipement de home gym tout-en-un ultime. Compacte mais polyvalente, elle est parfaite pour les entra\u00eenements complets du corps et la musculation.\",\"breadcrumb\":{\"@id\":\"https:\/\/gymfactory.eu\/fr\/produit\/multistation-home-gym-hg1\/#breadcrumb\"},\"inLanguage\":\"fr-FR\",\"potentialAction\":[{\"@type\":\"ReadAction\",\"target\":[\"https:\/\/gymfactory.eu\/fr\/produit\/multistation-home-gym-hg1\/\"]}]},{\"@type\":\"ImageObject\",\"inLanguage\":\"fr-FR\",\"@id\":\"https:\/\/gymfactory.eu\/fr\/produit\/multistation-home-gym-hg1\/#primaryimage\",\"url\":\"https:\/\/gymfactory.eu\/wp-content\/uploads\/2025\/02\/Gym-Machine-Multi-Station-1.webp\",\"contentUrl\":\"https:\/\/gymfactory.eu\/wp-content\/uploads\/2025\/02\/Gym-Machine-Multi-Station-1.webp\",\"width\":1500,\"height\":1500,\"caption\":\"Une machine de salle de sport multistation enti\u00e8rement \u00e9quip\u00e9e avec un design ouvert r\u00e9v\u00e8le divers composants d\u2019entra\u00eenement. La configuration rouge et noire comprend un banc r\u00e9glable, de multiples poulies \u00e0 c\u00e2ble, des bandes de r\u00e9sistance, des halt\u00e8res et d\u2019autres accessoires. Les grandes portes miroirs de chaque c\u00f4t\u00e9 am\u00e9liorent la fonctionnalit\u00e9 et l\u2019esth\u00e9tique de cette machine de fitness tout-en-un.\"},{\"@type\":\"BreadcrumbList\",\"@id\":\"https:\/\/gymfactory.eu\/fr\/produit\/multistation-home-gym-hg1\/#breadcrumb\",\"itemListElement\":[{\"@type\":\"ListItem\",\"position\":1,\"name\":\"Home\",\"item\":\"https:\/\/gymfactory.eu\/fr\/page-principale\/\"},{\"@type\":\"ListItem\",\"position\":2,\"name\":\"Catalogue\",\"item\":\"https:\/\/gymfactory.eu\/fr\/catalogue-2\/\"},{\"@type\":\"ListItem\",\"position\":3,\"name\":\"Multistation Home Gym HG1\"}]},{\"@type\":\"WebSite\",\"@id\":\"https:\/\/gymfactory.eu\/fr\/#website\",\"url\":\"https:\/\/gymfactory.eu\/fr\/\",\"name\":\"Gym Factory\",\"description\":\"\",\"publisher\":{\"@id\":\"https:\/\/gymfactory.eu\/fr\/#organization\"},\"potentialAction\":[{\"@type\":\"SearchAction\",\"target\":{\"@type\":\"EntryPoint\",\"urlTemplate\":\"https:\/\/gymfactory.eu\/fr\/?s={search_term_string}\"},\"query-input\":{\"@type\":\"PropertyValueSpecification\",\"valueRequired\":true,\"valueName\":\"search_term_string\"}}],\"inLanguage\":\"fr-FR\"},{\"@type\":\"Organization\",\"@id\":\"https:\/\/gymfactory.eu\/fr\/#organization\",\"name\":\"Gym Factory\",\"url\":\"https:\/\/gymfactory.eu\/fr\/\",\"logo\":{\"@type\":\"ImageObject\",\"inLanguage\":\"fr-FR\",\"@id\":\"https:\/\/gymfactory.eu\/fr\/#\/schema\/logo\/image\/\",\"url\":\"https:\/\/gymfactory.eu\/wp-content\/uploads\/2024\/11\/Component-1.svg\",\"contentUrl\":\"https:\/\/gymfactory.eu\/wp-content\/uploads\/2024\/11\/Component-1.svg\",\"width\":54,\"height\":44,\"caption\":\"Gym Factory\"},\"image\":{\"@id\":\"https:\/\/gymfactory.eu\/fr\/#\/schema\/logo\/image\/\"}}]}<\/script>\n<!-- \/ Yoast SEO plugin. -->","yoast_head_json":{"title":"Multistation Home Gym HG1 \u2013 \u00c9quipement de Fitness Tout-en-un","description":"Cette machine de musculation est l\u2019\u00e9quipement de home gym tout-en-un ultime. Compacte mais polyvalente, elle est parfaite pour les entra\u00eenements complets du corps et la musculation.","robots":{"index":"index","follow":"follow","max-snippet":"max-snippet:-1","max-image-preview":"max-image-preview:large","max-video-preview":"max-video-preview:-1"},"canonical":"https:\/\/gymfactory.eu\/fr\/produit\/multistation-home-gym-hg1\/","og_locale":"fr_FR","og_type":"article","og_title":"Multistation Home Gym HG1 \u2013 \u00c9quipement de Fitness Tout-en-un","og_description":"Cette machine de musculation est l\u2019\u00e9quipement de home gym tout-en-un ultime. Compacte mais polyvalente, elle est parfaite pour les entra\u00eenements complets du corps et la musculation.","og_url":"https:\/\/gymfactory.eu\/fr\/produit\/multistation-home-gym-hg1\/","og_site_name":"Gym Factory","article_modified_time":"2026-02-01T14:20:34+00:00","og_image":[{"width":1500,"height":1500,"url":"https:\/\/gymfactory.eu\/wp-content\/uploads\/2025\/02\/Gym-Machine-Multi-Station-1.webp","type":"image\/webp"}],"twitter_card":"summary_large_image","twitter_misc":{"Dur\u00e9e de lecture estim\u00e9e":"1 minute"},"schema":{"@context":"https:\/\/schema.org","@graph":[{"@type":"WebPage","@id":"https:\/\/gymfactory.eu\/fr\/produit\/multistation-home-gym-hg1\/","url":"https:\/\/gymfactory.eu\/fr\/produit\/multistation-home-gym-hg1\/","name":"Multistation Home Gym HG1 \u2013 \u00c9quipement de Fitness Tout-en-un","isPartOf":{"@id":"https:\/\/gymfactory.eu\/fr\/#website"},"primaryImageOfPage":{"@id":"https:\/\/gymfactory.eu\/fr\/produit\/multistation-home-gym-hg1\/#primaryimage"},"image":{"@id":"https:\/\/gymfactory.eu\/fr\/produit\/multistation-home-gym-hg1\/#primaryimage"},"thumbnailUrl":"https:\/\/gymfactory.eu\/wp-content\/uploads\/2025\/02\/Gym-Machine-Multi-Station-1.webp","datePublished":"2025-02-10T08:15:27+00:00","dateModified":"2026-02-01T14:20:34+00:00","description":"Cette machine de musculation est l\u2019\u00e9quipement de home gym tout-en-un ultime. Compacte mais polyvalente, elle est parfaite pour les entra\u00eenements complets du corps et la musculation.","breadcrumb":{"@id":"https:\/\/gymfactory.eu\/fr\/produit\/multistation-home-gym-hg1\/#breadcrumb"},"inLanguage":"fr-FR","potentialAction":[{"@type":"ReadAction","target":["https:\/\/gymfactory.eu\/fr\/produit\/multistation-home-gym-hg1\/"]}]},{"@type":"ImageObject","inLanguage":"fr-FR","@id":"https:\/\/gymfactory.eu\/fr\/produit\/multistation-home-gym-hg1\/#primaryimage","url":"https:\/\/gymfactory.eu\/wp-content\/uploads\/2025\/02\/Gym-Machine-Multi-Station-1.webp","contentUrl":"https:\/\/gymfactory.eu\/wp-content\/uploads\/2025\/02\/Gym-Machine-Multi-Station-1.webp","width":1500,"height":1500,"caption":"Une machine de salle de sport multistation enti\u00e8rement \u00e9quip\u00e9e avec un design ouvert r\u00e9v\u00e8le divers composants d\u2019entra\u00eenement. La configuration rouge et noire comprend un banc r\u00e9glable, de multiples poulies \u00e0 c\u00e2ble, des bandes de r\u00e9sistance, des halt\u00e8res et d\u2019autres accessoires. Les grandes portes miroirs de chaque c\u00f4t\u00e9 am\u00e9liorent la fonctionnalit\u00e9 et l\u2019esth\u00e9tique de cette machine de fitness tout-en-un."},{"@type":"BreadcrumbList","@id":"https:\/\/gymfactory.eu\/fr\/produit\/multistation-home-gym-hg1\/#breadcrumb","itemListElement":[{"@type":"ListItem","position":1,"name":"Home","item":"https:\/\/gymfactory.eu\/fr\/page-principale\/"},{"@type":"ListItem","position":2,"name":"Catalogue","item":"https:\/\/gymfactory.eu\/fr\/catalogue-2\/"},{"@type":"ListItem","position":3,"name":"Multistation Home Gym HG1"}]},{"@type":"WebSite","@id":"https:\/\/gymfactory.eu\/fr\/#website","url":"https:\/\/gymfactory.eu\/fr\/","name":"Gym Factory","description":"","publisher":{"@id":"https:\/\/gymfactory.eu\/fr\/#organization"},"potentialAction":[{"@type":"SearchAction","target":{"@type":"EntryPoint","urlTemplate":"https:\/\/gymfactory.eu\/fr\/?s={search_term_string}"},"query-input":{"@type":"PropertyValueSpecification","valueRequired":true,"valueName":"search_term_string"}}],"inLanguage":"fr-FR"},{"@type":"Organization","@id":"https:\/\/gymfactory.eu\/fr\/#organization","name":"Gym Factory","url":"https:\/\/gymfactory.eu\/fr\/","logo":{"@type":"ImageObject","inLanguage":"fr-FR","@id":"https:\/\/gymfactory.eu\/fr\/#\/schema\/logo\/image\/","url":"https:\/\/gymfactory.eu\/wp-content\/uploads\/2024\/11\/Component-1.svg","contentUrl":"https:\/\/gymfactory.eu\/wp-content\/uploads\/2024\/11\/Component-1.svg","width":54,"height":44,"caption":"Gym Factory"},"image":{"@id":"https:\/\/gymfactory.eu\/fr\/#\/schema\/logo\/image\/"}}]}},"_links":{"self":[{"href":"https:\/\/gymfactory.eu\/fr\/wp-json\/wp\/v2\/product\/26145","targetHints":{"allow":["GET"]}}],"collection":[{"href":"https:\/\/gymfactory.eu\/fr\/wp-json\/wp\/v2\/product"}],"about":[{"href":"https:\/\/gymfactory.eu\/fr\/wp-json\/wp\/v2\/types\/product"}],"wp:featuredmedia":[{"embeddable":true,"href":"https:\/\/gymfactory.eu\/fr\/wp-json\/wp\/v2\/media\/11077"}],"wp:attachment":[{"href":"https:\/\/gymfactory.eu\/fr\/wp-json\/wp\/v2\/media?parent=26145"}],"wp:term":[{"taxonomy":"product_brand","embeddable":true,"href":"https:\/\/gymfactory.eu\/fr\/wp-json\/wp\/v2\/product_brand?post=26145"},{"taxonomy":"product_cat","embeddable":true,"href":"https:\/\/gymfactory.eu\/fr\/wp-json\/wp\/v2\/product_cat?post=26145"},{"taxonomy":"product_tag","embeddable":true,"href":"https:\/\/gymfactory.eu\/fr\/wp-json\/wp\/v2\/product_tag?post=26145"}],"curies":[{"name":"wp","href":"https:\/\/api.w.org\/{rel}","templated":true}]}}