{"id":26142,"date":"2025-02-10T10:02:47","date_gmt":"2025-02-10T08:02:47","guid":{"rendered":"https:\/\/gymfactory.eu\/product\/machine-oblique-twist-e3\/"},"modified":"2025-02-10T10:02:47","modified_gmt":"2025-02-10T08:02:47","slug":"machine-oblique-twist-e3","status":"publish","type":"product","link":"https:\/\/gymfactory.eu\/fr\/produit\/machine-oblique-twist-e3\/","title":{"rendered":"Machine Oblique Twist E3"},"content":{"rendered":"<p>La Machine Oblique Twist E3 est une machine d\u2019entra\u00eenement compacte con\u00e7ue pour les mouvements de rotation ciblant les obliques et le centre du corps (core). Destin\u00e9e aux torsions obliques debout (Standing Oblique Twists), elle permet des torsions contr\u00f4l\u00e9es \u00e0 partir d\u2019une position verticale, aidant \u00e0 am\u00e9liorer la force et la mobilit\u00e9 du tronc. <\/p>\n<p>Une plateforme rotative \u00e0 360 degr\u00e9s permet un mouvement fluide et sans restriction, tandis que plusieurs poign\u00e9es offrent une flexibilit\u00e9 dans la mani\u00e8re dont les utilisateurs se stabilisent pendant l\u2019exercice. Construite pour le travail dynamique de rotation, cette machine convient aux routines de fitness \u00e0 domicile ax\u00e9es sur le contr\u00f4le du tronc et l\u2019engagement du centre.<\/p>\n\n    <div class=\"xs_social_share_widget xs_share_url after_content \t\tmain_content  wslu-style-1 wslu-share-box-shaped wslu-fill-colored wslu-none wslu-share-horizontal wslu-theme-font-no wslu-main_content\">\n\n\t\t\n        <ul>\n\t\t\t        <\/ul>\n    <\/div> \n","protected":false},"excerpt":{"rendered":"<p>La Machine Oblique Twist E3 est une machine d\u2019entra\u00eenement compacte con\u00e7ue pour les mouvements de rotation ciblant les obliques et le centre du corps (core). Destin\u00e9e aux torsions obliques debout (Standing Oblique Twists), elle permet des torsions contr\u00f4l\u00e9es \u00e0 partir d\u2019une position verticale, aidant \u00e0 am\u00e9liorer la force et la mobilit\u00e9 du tronc. Une plateforme [&hellip;]<\/p>\n","protected":false},"featured_media":11072,"template":"","meta":{"_acf_changed":false},"product_brand":[56],"product_cat":[830],"product_tag":[857],"class_list":{"0":"post-26142","1":"product","2":"type-product","3":"status-publish","4":"has-post-thumbnail","6":"product_brand-gym-factory","7":"product_cat-autres-equipements-de-salle-de-sport","8":"product_tag-couleur-metal-uniquement","10":"first","11":"onbackorder","12":"taxable","13":"shipping-taxable","14":"purchasable","15":"product-type-variable","16":"has-default-attributes"},"acf":[],"yoast_head":"<!-- This site is optimized with the Yoast SEO plugin v25.2 - https:\/\/yoast.com\/wordpress\/plugins\/seo\/ -->\n<title>Machine Oblique Twist E3 - \u00c9quipement de Musculation<\/title>\n<meta name=\"description\" content=\"Boostez votre routine de fitness \u00e0 domicile avec une machine pour abdos. Parfaite pour renforcer votre centre et rendre vos entra\u00eenements plus efficaces.\" \/>\n<meta name=\"robots\" content=\"index, follow, max-snippet:-1, max-image-preview:large, max-video-preview:-1\" \/>\n<link rel=\"canonical\" href=\"https:\/\/gymfactory.eu\/fr\/produit\/machine-oblique-twist-e3\/\" \/>\n<meta property=\"og:locale\" content=\"fr_FR\" \/>\n<meta property=\"og:type\" content=\"article\" \/>\n<meta property=\"og:title\" content=\"Machine Oblique Twist E3 - \u00c9quipement de Musculation\" \/>\n<meta property=\"og:description\" content=\"Boostez votre routine de fitness \u00e0 domicile avec une machine pour abdos. Parfaite pour renforcer votre centre et rendre vos entra\u00eenements plus efficaces.\" \/>\n<meta property=\"og:url\" content=\"https:\/\/gymfactory.eu\/fr\/produit\/machine-oblique-twist-e3\/\" \/>\n<meta property=\"og:site_name\" content=\"Gym Factory\" \/>\n<meta property=\"og:image\" content=\"https:\/\/gymfactory.eu\/wp-content\/uploads\/2025\/02\/Gym-Machine-Twister-Station-1.webp\" \/>\n\t<meta property=\"og:image:width\" content=\"1500\" \/>\n\t<meta property=\"og:image:height\" content=\"1500\" \/>\n\t<meta property=\"og:image:type\" content=\"image\/webp\" \/>\n<meta name=\"twitter:card\" content=\"summary_large_image\" \/>\n<meta name=\"twitter:label1\" content=\"Dur\u00e9e de lecture estim\u00e9e\" \/>\n\t<meta name=\"twitter:data1\" content=\"1 minute\" \/>\n<script type=\"application\/ld+json\" class=\"yoast-schema-graph\">{\"@context\":\"https:\/\/schema.org\",\"@graph\":[{\"@type\":\"WebPage\",\"@id\":\"https:\/\/gymfactory.eu\/fr\/produit\/machine-oblique-twist-e3\/\",\"url\":\"https:\/\/gymfactory.eu\/fr\/produit\/machine-oblique-twist-e3\/\",\"name\":\"Machine Oblique Twist E3 - \u00c9quipement de Musculation\",\"isPartOf\":{\"@id\":\"https:\/\/gymfactory.eu\/fr\/#website\"},\"primaryImageOfPage\":{\"@id\":\"https:\/\/gymfactory.eu\/fr\/produit\/machine-oblique-twist-e3\/#primaryimage\"},\"image\":{\"@id\":\"https:\/\/gymfactory.eu\/fr\/produit\/machine-oblique-twist-e3\/#primaryimage\"},\"thumbnailUrl\":\"https:\/\/gymfactory.eu\/wp-content\/uploads\/2025\/02\/Gym-Machine-Twister-Station-1.webp\",\"datePublished\":\"2025-02-10T08:02:47+00:00\",\"description\":\"Boostez votre routine de fitness \u00e0 domicile avec une machine pour abdos. Parfaite pour renforcer votre centre et rendre vos entra\u00eenements plus efficaces.\",\"breadcrumb\":{\"@id\":\"https:\/\/gymfactory.eu\/fr\/produit\/machine-oblique-twist-e3\/#breadcrumb\"},\"inLanguage\":\"fr-FR\",\"potentialAction\":[{\"@type\":\"ReadAction\",\"target\":[\"https:\/\/gymfactory.eu\/fr\/produit\/machine-oblique-twist-e3\/\"]}]},{\"@type\":\"ImageObject\",\"inLanguage\":\"fr-FR\",\"@id\":\"https:\/\/gymfactory.eu\/fr\/produit\/machine-oblique-twist-e3\/#primaryimage\",\"url\":\"https:\/\/gymfactory.eu\/wp-content\/uploads\/2025\/02\/Gym-Machine-Twister-Station-1.webp\",\"contentUrl\":\"https:\/\/gymfactory.eu\/wp-content\/uploads\/2025\/02\/Gym-Machine-Twister-Station-1.webp\",\"width\":1500,\"height\":1500,\"caption\":\"Une machine de salle de sport robuste con\u00e7ue pour les exercices de rotation du centre. La machine pr\u00e9sente un cadre vertical en acier noir avec deux poign\u00e9es \u00e0 finition chrom\u00e9e positionn\u00e9es \u00e0 diff\u00e9rentes hauteurs. La base comprend une plateforme rotative circulaire textur\u00e9e pour un placement s\u00fbr des pieds. La structure est renforc\u00e9e par un cadre large et stable pour assurer la durabilit\u00e9 pendant les entra\u00eenements.\"},{\"@type\":\"BreadcrumbList\",\"@id\":\"https:\/\/gymfactory.eu\/fr\/produit\/machine-oblique-twist-e3\/#breadcrumb\",\"itemListElement\":[{\"@type\":\"ListItem\",\"position\":1,\"name\":\"Home\",\"item\":\"https:\/\/gymfactory.eu\/fr\/page-principale\/\"},{\"@type\":\"ListItem\",\"position\":2,\"name\":\"Catalogue\",\"item\":\"https:\/\/gymfactory.eu\/fr\/catalogue-2\/\"},{\"@type\":\"ListItem\",\"position\":3,\"name\":\"Machine Oblique Twist E3\"}]},{\"@type\":\"WebSite\",\"@id\":\"https:\/\/gymfactory.eu\/fr\/#website\",\"url\":\"https:\/\/gymfactory.eu\/fr\/\",\"name\":\"Gym Factory\",\"description\":\"\",\"publisher\":{\"@id\":\"https:\/\/gymfactory.eu\/fr\/#organization\"},\"potentialAction\":[{\"@type\":\"SearchAction\",\"target\":{\"@type\":\"EntryPoint\",\"urlTemplate\":\"https:\/\/gymfactory.eu\/fr\/?s={search_term_string}\"},\"query-input\":{\"@type\":\"PropertyValueSpecification\",\"valueRequired\":true,\"valueName\":\"search_term_string\"}}],\"inLanguage\":\"fr-FR\"},{\"@type\":\"Organization\",\"@id\":\"https:\/\/gymfactory.eu\/fr\/#organization\",\"name\":\"Gym Factory\",\"url\":\"https:\/\/gymfactory.eu\/fr\/\",\"logo\":{\"@type\":\"ImageObject\",\"inLanguage\":\"fr-FR\",\"@id\":\"https:\/\/gymfactory.eu\/fr\/#\/schema\/logo\/image\/\",\"url\":\"https:\/\/gymfactory.eu\/wp-content\/uploads\/2024\/11\/Component-1.svg\",\"contentUrl\":\"https:\/\/gymfactory.eu\/wp-content\/uploads\/2024\/11\/Component-1.svg\",\"width\":54,\"height\":44,\"caption\":\"Gym Factory\"},\"image\":{\"@id\":\"https:\/\/gymfactory.eu\/fr\/#\/schema\/logo\/image\/\"}}]}<\/script>\n<!-- \/ Yoast SEO plugin. -->","yoast_head_json":{"title":"Machine Oblique Twist E3 - \u00c9quipement de Musculation","description":"Boostez votre routine de fitness \u00e0 domicile avec une machine pour abdos. Parfaite pour renforcer votre centre et rendre vos entra\u00eenements plus efficaces.","robots":{"index":"index","follow":"follow","max-snippet":"max-snippet:-1","max-image-preview":"max-image-preview:large","max-video-preview":"max-video-preview:-1"},"canonical":"https:\/\/gymfactory.eu\/fr\/produit\/machine-oblique-twist-e3\/","og_locale":"fr_FR","og_type":"article","og_title":"Machine Oblique Twist E3 - \u00c9quipement de Musculation","og_description":"Boostez votre routine de fitness \u00e0 domicile avec une machine pour abdos. Parfaite pour renforcer votre centre et rendre vos entra\u00eenements plus efficaces.","og_url":"https:\/\/gymfactory.eu\/fr\/produit\/machine-oblique-twist-e3\/","og_site_name":"Gym Factory","og_image":[{"width":1500,"height":1500,"url":"https:\/\/gymfactory.eu\/wp-content\/uploads\/2025\/02\/Gym-Machine-Twister-Station-1.webp","type":"image\/webp"}],"twitter_card":"summary_large_image","twitter_misc":{"Dur\u00e9e de lecture estim\u00e9e":"1 minute"},"schema":{"@context":"https:\/\/schema.org","@graph":[{"@type":"WebPage","@id":"https:\/\/gymfactory.eu\/fr\/produit\/machine-oblique-twist-e3\/","url":"https:\/\/gymfactory.eu\/fr\/produit\/machine-oblique-twist-e3\/","name":"Machine Oblique Twist E3 - \u00c9quipement de Musculation","isPartOf":{"@id":"https:\/\/gymfactory.eu\/fr\/#website"},"primaryImageOfPage":{"@id":"https:\/\/gymfactory.eu\/fr\/produit\/machine-oblique-twist-e3\/#primaryimage"},"image":{"@id":"https:\/\/gymfactory.eu\/fr\/produit\/machine-oblique-twist-e3\/#primaryimage"},"thumbnailUrl":"https:\/\/gymfactory.eu\/wp-content\/uploads\/2025\/02\/Gym-Machine-Twister-Station-1.webp","datePublished":"2025-02-10T08:02:47+00:00","description":"Boostez votre routine de fitness \u00e0 domicile avec une machine pour abdos. Parfaite pour renforcer votre centre et rendre vos entra\u00eenements plus efficaces.","breadcrumb":{"@id":"https:\/\/gymfactory.eu\/fr\/produit\/machine-oblique-twist-e3\/#breadcrumb"},"inLanguage":"fr-FR","potentialAction":[{"@type":"ReadAction","target":["https:\/\/gymfactory.eu\/fr\/produit\/machine-oblique-twist-e3\/"]}]},{"@type":"ImageObject","inLanguage":"fr-FR","@id":"https:\/\/gymfactory.eu\/fr\/produit\/machine-oblique-twist-e3\/#primaryimage","url":"https:\/\/gymfactory.eu\/wp-content\/uploads\/2025\/02\/Gym-Machine-Twister-Station-1.webp","contentUrl":"https:\/\/gymfactory.eu\/wp-content\/uploads\/2025\/02\/Gym-Machine-Twister-Station-1.webp","width":1500,"height":1500,"caption":"Une machine de salle de sport robuste con\u00e7ue pour les exercices de rotation du centre. La machine pr\u00e9sente un cadre vertical en acier noir avec deux poign\u00e9es \u00e0 finition chrom\u00e9e positionn\u00e9es \u00e0 diff\u00e9rentes hauteurs. La base comprend une plateforme rotative circulaire textur\u00e9e pour un placement s\u00fbr des pieds. La structure est renforc\u00e9e par un cadre large et stable pour assurer la durabilit\u00e9 pendant les entra\u00eenements."},{"@type":"BreadcrumbList","@id":"https:\/\/gymfactory.eu\/fr\/produit\/machine-oblique-twist-e3\/#breadcrumb","itemListElement":[{"@type":"ListItem","position":1,"name":"Home","item":"https:\/\/gymfactory.eu\/fr\/page-principale\/"},{"@type":"ListItem","position":2,"name":"Catalogue","item":"https:\/\/gymfactory.eu\/fr\/catalogue-2\/"},{"@type":"ListItem","position":3,"name":"Machine Oblique Twist E3"}]},{"@type":"WebSite","@id":"https:\/\/gymfactory.eu\/fr\/#website","url":"https:\/\/gymfactory.eu\/fr\/","name":"Gym Factory","description":"","publisher":{"@id":"https:\/\/gymfactory.eu\/fr\/#organization"},"potentialAction":[{"@type":"SearchAction","target":{"@type":"EntryPoint","urlTemplate":"https:\/\/gymfactory.eu\/fr\/?s={search_term_string}"},"query-input":{"@type":"PropertyValueSpecification","valueRequired":true,"valueName":"search_term_string"}}],"inLanguage":"fr-FR"},{"@type":"Organization","@id":"https:\/\/gymfactory.eu\/fr\/#organization","name":"Gym Factory","url":"https:\/\/gymfactory.eu\/fr\/","logo":{"@type":"ImageObject","inLanguage":"fr-FR","@id":"https:\/\/gymfactory.eu\/fr\/#\/schema\/logo\/image\/","url":"https:\/\/gymfactory.eu\/wp-content\/uploads\/2024\/11\/Component-1.svg","contentUrl":"https:\/\/gymfactory.eu\/wp-content\/uploads\/2024\/11\/Component-1.svg","width":54,"height":44,"caption":"Gym Factory"},"image":{"@id":"https:\/\/gymfactory.eu\/fr\/#\/schema\/logo\/image\/"}}]}},"_links":{"self":[{"href":"https:\/\/gymfactory.eu\/fr\/wp-json\/wp\/v2\/product\/26142","targetHints":{"allow":["GET"]}}],"collection":[{"href":"https:\/\/gymfactory.eu\/fr\/wp-json\/wp\/v2\/product"}],"about":[{"href":"https:\/\/gymfactory.eu\/fr\/wp-json\/wp\/v2\/types\/product"}],"wp:featuredmedia":[{"embeddable":true,"href":"https:\/\/gymfactory.eu\/fr\/wp-json\/wp\/v2\/media\/11072"}],"wp:attachment":[{"href":"https:\/\/gymfactory.eu\/fr\/wp-json\/wp\/v2\/media?parent=26142"}],"wp:term":[{"taxonomy":"product_brand","embeddable":true,"href":"https:\/\/gymfactory.eu\/fr\/wp-json\/wp\/v2\/product_brand?post=26142"},{"taxonomy":"product_cat","embeddable":true,"href":"https:\/\/gymfactory.eu\/fr\/wp-json\/wp\/v2\/product_cat?post=26142"},{"taxonomy":"product_tag","embeddable":true,"href":"https:\/\/gymfactory.eu\/fr\/wp-json\/wp\/v2\/product_tag?post=26142"}],"curies":[{"name":"wp","href":"https:\/\/api.w.org\/{rel}","templated":true}]}}