{"id":26134,"date":"2025-02-07T12:00:14","date_gmt":"2025-02-07T10:00:14","guid":{"rendered":"https:\/\/gymfactory.eu\/product\/machine-fessiers-hanche-v4\/"},"modified":"2025-02-07T12:00:14","modified_gmt":"2025-02-07T10:00:14","slug":"machine-fessiers-hanche-v4","status":"publish","type":"product","link":"https:\/\/gymfactory.eu\/fr\/produit\/machine-fessiers-hanche-v4\/","title":{"rendered":"Machine Fessiers Hanche V4"},"content":{"rendered":"<p>La Machine Fessiers Hanche V4 est une machine de salle de sport multifonctionnelle con\u00e7ue pour des entra\u00eenements dynamiques du bas du corps. Adapt\u00e9e \u00e0 tout home gym ou salle de sport commerciale, elle permet des balancements de jambe contr\u00f4l\u00e9s vers le c\u00f4t\u00e9 ou vers l\u2019arri\u00e8re, se concentrant sur le d\u00e9veloppement des hanches et des fessiers gr\u00e2ce \u00e0 un mouvement isol\u00e9. <\/p>\n<p>La machine permet aux utilisateurs d\u2019effectuer des balancements unilat\u00e9raux soit vers l\u2019ext\u00e9rieur (lat\u00e9ralement), soit vers l\u2019arri\u00e8re, selon la zone cibl\u00e9e souhait\u00e9e. Ces mouvements activent les fessiers externes, les stabilisateurs de la hanche et les muscles environnants du bas du corps. L\u2019angle de d\u00e9part peut \u00eatre ajust\u00e9 pour d\u00e9finir l\u2019amplitude de mouvement souhait\u00e9e pour chaque balancement.  <\/p>\n<p>La hauteur de la plateforme pour les pieds est r\u00e9glable pour s\u2019adapter \u00e0 diff\u00e9rentes tailles corporelles, et la longueur du bras de pouss\u00e9e rembourr\u00e9 peut \u00e9galement \u00eatre modifi\u00e9e pour correspondre \u00e0 l\u2019allonge de l\u2019utilisateur. Des poign\u00e9es int\u00e9gr\u00e9es aident l\u2019utilisateur \u00e0 stabiliser le haut du corps pendant le mouvement. <\/p>\n<p>La Machine Fessiers Hanche V4 est un \u00e9quipement fiable pour la musculation qui prend en charge une vari\u00e9t\u00e9 d\u2019exercices de force pour le contr\u00f4le des hanches, l\u2019\u00e9quilibre et l\u2019activation des fessiers.<\/p>\n\n    <div class=\"xs_social_share_widget xs_share_url after_content \t\tmain_content  wslu-style-1 wslu-share-box-shaped wslu-fill-colored wslu-none wslu-share-horizontal wslu-theme-font-no wslu-main_content\">\n\n\t\t\n        <ul>\n\t\t\t        <\/ul>\n    <\/div> \n","protected":false},"excerpt":{"rendered":"<p>La Machine Fessiers Hanche V4 est une machine de salle de sport multifonctionnelle con\u00e7ue pour des entra\u00eenements dynamiques du bas du corps. Adapt\u00e9e \u00e0 tout home gym ou salle de sport commerciale, elle permet des balancements de jambe contr\u00f4l\u00e9s vers le c\u00f4t\u00e9 ou vers l\u2019arri\u00e8re, se concentrant sur le d\u00e9veloppement des hanches et des fessiers [&hellip;]<\/p>\n","protected":false},"featured_media":11247,"template":"","meta":{"_acf_changed":false},"product_brand":[56],"product_cat":[825],"product_tag":[],"class_list":{"0":"post-26134","1":"product","2":"type-product","3":"status-publish","4":"has-post-thumbnail","6":"product_brand-gym-factory","7":"product_cat-machines-a-cables","9":"first","10":"onbackorder","11":"taxable","12":"shipping-taxable","13":"purchasable","14":"product-type-variable","15":"has-default-attributes"},"acf":[],"yoast_head":"<!-- This site is optimized with the Yoast SEO plugin v25.2 - https:\/\/yoast.com\/wordpress\/plugins\/seo\/ -->\n<title>Machine Fessiers Hanche V4 | \u00c9quipement Entra\u00eenement Bas du Corps<\/title>\n<meta name=\"description\" content=\"Vous entra\u00eenez les fessiers et les hanches ? La Machine Fessiers Hanche V4 est un \u00e9quipement de salle con\u00e7u pour des entra\u00eenements efficaces du bas du corps avec un mouvement fluide et isol\u00e9.\" \/>\n<meta name=\"robots\" content=\"index, follow, max-snippet:-1, max-image-preview:large, max-video-preview:-1\" \/>\n<link rel=\"canonical\" href=\"https:\/\/gymfactory.eu\/fr\/produit\/machine-fessiers-hanche-v4\/\" \/>\n<meta property=\"og:locale\" content=\"fr_FR\" \/>\n<meta property=\"og:type\" content=\"article\" \/>\n<meta property=\"og:title\" content=\"Machine Fessiers Hanche V4 | \u00c9quipement Entra\u00eenement Bas du Corps\" \/>\n<meta property=\"og:description\" content=\"Vous entra\u00eenez les fessiers et les hanches ? La Machine Fessiers Hanche V4 est un \u00e9quipement de salle con\u00e7u pour des entra\u00eenements efficaces du bas du corps avec un mouvement fluide et isol\u00e9.\" \/>\n<meta property=\"og:url\" content=\"https:\/\/gymfactory.eu\/fr\/produit\/machine-fessiers-hanche-v4\/\" \/>\n<meta property=\"og:site_name\" content=\"Gym Factory\" \/>\n<meta property=\"og:image\" content=\"https:\/\/gymfactory.eu\/wp-content\/uploads\/2025\/02\/Gym-Machine-Kickback-Exercise-Side-View-1.webp\" \/>\n\t<meta property=\"og:image:width\" content=\"1500\" \/>\n\t<meta property=\"og:image:height\" content=\"1500\" \/>\n\t<meta property=\"og:image:type\" content=\"image\/webp\" \/>\n<meta name=\"twitter:card\" content=\"summary_large_image\" \/>\n<meta name=\"twitter:label1\" content=\"Dur\u00e9e de lecture estim\u00e9e\" \/>\n\t<meta name=\"twitter:data1\" content=\"1 minute\" \/>\n<script type=\"application\/ld+json\" class=\"yoast-schema-graph\">{\"@context\":\"https:\/\/schema.org\",\"@graph\":[{\"@type\":\"WebPage\",\"@id\":\"https:\/\/gymfactory.eu\/fr\/produit\/machine-fessiers-hanche-v4\/\",\"url\":\"https:\/\/gymfactory.eu\/fr\/produit\/machine-fessiers-hanche-v4\/\",\"name\":\"Machine Fessiers Hanche V4 | \u00c9quipement Entra\u00eenement Bas du Corps\",\"isPartOf\":{\"@id\":\"https:\/\/gymfactory.eu\/fr\/#website\"},\"primaryImageOfPage\":{\"@id\":\"https:\/\/gymfactory.eu\/fr\/produit\/machine-fessiers-hanche-v4\/#primaryimage\"},\"image\":{\"@id\":\"https:\/\/gymfactory.eu\/fr\/produit\/machine-fessiers-hanche-v4\/#primaryimage\"},\"thumbnailUrl\":\"https:\/\/gymfactory.eu\/wp-content\/uploads\/2025\/02\/Gym-Machine-Kickback-Exercise-Side-View-1.webp\",\"datePublished\":\"2025-02-07T10:00:14+00:00\",\"description\":\"Vous entra\u00eenez les fessiers et les hanches ? La Machine Fessiers Hanche V4 est un \u00e9quipement de salle con\u00e7u pour des entra\u00eenements efficaces du bas du corps avec un mouvement fluide et isol\u00e9.\",\"breadcrumb\":{\"@id\":\"https:\/\/gymfactory.eu\/fr\/produit\/machine-fessiers-hanche-v4\/#breadcrumb\"},\"inLanguage\":\"fr-FR\",\"potentialAction\":[{\"@type\":\"ReadAction\",\"target\":[\"https:\/\/gymfactory.eu\/fr\/produit\/machine-fessiers-hanche-v4\/\"]}]},{\"@type\":\"ImageObject\",\"inLanguage\":\"fr-FR\",\"@id\":\"https:\/\/gymfactory.eu\/fr\/produit\/machine-fessiers-hanche-v4\/#primaryimage\",\"url\":\"https:\/\/gymfactory.eu\/wp-content\/uploads\/2025\/02\/Gym-Machine-Kickback-Exercise-Side-View-1.webp\",\"contentUrl\":\"https:\/\/gymfactory.eu\/wp-content\/uploads\/2025\/02\/Gym-Machine-Kickback-Exercise-Side-View-1.webp\",\"width\":1500,\"height\":1500,\"caption\":\"Une personne effectuant un exercice de kickback (extension arri\u00e8re) \u00e0 l\u2019aide d\u2019une machine de salle de sport rouge. L\u2019utilisateur se tient sur une plateforme textur\u00e9e tout en \u00e9tendant une jambe vers l\u2019arri\u00e8re, engageant les muscles fessiers. La machine dispose d\u2019un syst\u00e8me de r\u00e9sistance par c\u00e2ble, d\u2019un support de genou rembourr\u00e9 et de poign\u00e9es m\u00e9talliques robustes pour la stabilit\u00e9.\"},{\"@type\":\"BreadcrumbList\",\"@id\":\"https:\/\/gymfactory.eu\/fr\/produit\/machine-fessiers-hanche-v4\/#breadcrumb\",\"itemListElement\":[{\"@type\":\"ListItem\",\"position\":1,\"name\":\"Home\",\"item\":\"https:\/\/gymfactory.eu\/fr\/\"},{\"@type\":\"ListItem\",\"position\":2,\"name\":\"Catalogue\",\"item\":\"https:\/\/gymfactory.eu\/fr\/catalogue-2\/\"},{\"@type\":\"ListItem\",\"position\":3,\"name\":\"Machine Fessiers Hanche V4\"}]},{\"@type\":\"WebSite\",\"@id\":\"https:\/\/gymfactory.eu\/fr\/#website\",\"url\":\"https:\/\/gymfactory.eu\/fr\/\",\"name\":\"Gym Factory\",\"description\":\"\",\"publisher\":{\"@id\":\"https:\/\/gymfactory.eu\/fr\/#organization\"},\"potentialAction\":[{\"@type\":\"SearchAction\",\"target\":{\"@type\":\"EntryPoint\",\"urlTemplate\":\"https:\/\/gymfactory.eu\/fr\/?s={search_term_string}\"},\"query-input\":{\"@type\":\"PropertyValueSpecification\",\"valueRequired\":true,\"valueName\":\"search_term_string\"}}],\"inLanguage\":\"fr-FR\"},{\"@type\":\"Organization\",\"@id\":\"https:\/\/gymfactory.eu\/fr\/#organization\",\"name\":\"Gym Factory\",\"url\":\"https:\/\/gymfactory.eu\/fr\/\",\"logo\":{\"@type\":\"ImageObject\",\"inLanguage\":\"fr-FR\",\"@id\":\"https:\/\/gymfactory.eu\/fr\/#\/schema\/logo\/image\/\",\"url\":\"https:\/\/gymfactory.eu\/wp-content\/uploads\/2024\/11\/Component-1.svg\",\"contentUrl\":\"https:\/\/gymfactory.eu\/wp-content\/uploads\/2024\/11\/Component-1.svg\",\"width\":54,\"height\":44,\"caption\":\"Gym Factory\"},\"image\":{\"@id\":\"https:\/\/gymfactory.eu\/fr\/#\/schema\/logo\/image\/\"}}]}<\/script>\n<!-- \/ Yoast SEO plugin. -->","yoast_head_json":{"title":"Machine Fessiers Hanche V4 | \u00c9quipement Entra\u00eenement Bas du Corps","description":"Vous entra\u00eenez les fessiers et les hanches ? La Machine Fessiers Hanche V4 est un \u00e9quipement de salle con\u00e7u pour des entra\u00eenements efficaces du bas du corps avec un mouvement fluide et isol\u00e9.","robots":{"index":"index","follow":"follow","max-snippet":"max-snippet:-1","max-image-preview":"max-image-preview:large","max-video-preview":"max-video-preview:-1"},"canonical":"https:\/\/gymfactory.eu\/fr\/produit\/machine-fessiers-hanche-v4\/","og_locale":"fr_FR","og_type":"article","og_title":"Machine Fessiers Hanche V4 | \u00c9quipement Entra\u00eenement Bas du Corps","og_description":"Vous entra\u00eenez les fessiers et les hanches ? La Machine Fessiers Hanche V4 est un \u00e9quipement de salle con\u00e7u pour des entra\u00eenements efficaces du bas du corps avec un mouvement fluide et isol\u00e9.","og_url":"https:\/\/gymfactory.eu\/fr\/produit\/machine-fessiers-hanche-v4\/","og_site_name":"Gym Factory","og_image":[{"width":1500,"height":1500,"url":"https:\/\/gymfactory.eu\/wp-content\/uploads\/2025\/02\/Gym-Machine-Kickback-Exercise-Side-View-1.webp","type":"image\/webp"}],"twitter_card":"summary_large_image","twitter_misc":{"Dur\u00e9e de lecture estim\u00e9e":"1 minute"},"schema":{"@context":"https:\/\/schema.org","@graph":[{"@type":"WebPage","@id":"https:\/\/gymfactory.eu\/fr\/produit\/machine-fessiers-hanche-v4\/","url":"https:\/\/gymfactory.eu\/fr\/produit\/machine-fessiers-hanche-v4\/","name":"Machine Fessiers Hanche V4 | \u00c9quipement Entra\u00eenement Bas du Corps","isPartOf":{"@id":"https:\/\/gymfactory.eu\/fr\/#website"},"primaryImageOfPage":{"@id":"https:\/\/gymfactory.eu\/fr\/produit\/machine-fessiers-hanche-v4\/#primaryimage"},"image":{"@id":"https:\/\/gymfactory.eu\/fr\/produit\/machine-fessiers-hanche-v4\/#primaryimage"},"thumbnailUrl":"https:\/\/gymfactory.eu\/wp-content\/uploads\/2025\/02\/Gym-Machine-Kickback-Exercise-Side-View-1.webp","datePublished":"2025-02-07T10:00:14+00:00","description":"Vous entra\u00eenez les fessiers et les hanches ? La Machine Fessiers Hanche V4 est un \u00e9quipement de salle con\u00e7u pour des entra\u00eenements efficaces du bas du corps avec un mouvement fluide et isol\u00e9.","breadcrumb":{"@id":"https:\/\/gymfactory.eu\/fr\/produit\/machine-fessiers-hanche-v4\/#breadcrumb"},"inLanguage":"fr-FR","potentialAction":[{"@type":"ReadAction","target":["https:\/\/gymfactory.eu\/fr\/produit\/machine-fessiers-hanche-v4\/"]}]},{"@type":"ImageObject","inLanguage":"fr-FR","@id":"https:\/\/gymfactory.eu\/fr\/produit\/machine-fessiers-hanche-v4\/#primaryimage","url":"https:\/\/gymfactory.eu\/wp-content\/uploads\/2025\/02\/Gym-Machine-Kickback-Exercise-Side-View-1.webp","contentUrl":"https:\/\/gymfactory.eu\/wp-content\/uploads\/2025\/02\/Gym-Machine-Kickback-Exercise-Side-View-1.webp","width":1500,"height":1500,"caption":"Une personne effectuant un exercice de kickback (extension arri\u00e8re) \u00e0 l\u2019aide d\u2019une machine de salle de sport rouge. L\u2019utilisateur se tient sur une plateforme textur\u00e9e tout en \u00e9tendant une jambe vers l\u2019arri\u00e8re, engageant les muscles fessiers. La machine dispose d\u2019un syst\u00e8me de r\u00e9sistance par c\u00e2ble, d\u2019un support de genou rembourr\u00e9 et de poign\u00e9es m\u00e9talliques robustes pour la stabilit\u00e9."},{"@type":"BreadcrumbList","@id":"https:\/\/gymfactory.eu\/fr\/produit\/machine-fessiers-hanche-v4\/#breadcrumb","itemListElement":[{"@type":"ListItem","position":1,"name":"Home","item":"https:\/\/gymfactory.eu\/fr\/"},{"@type":"ListItem","position":2,"name":"Catalogue","item":"https:\/\/gymfactory.eu\/fr\/catalogue-2\/"},{"@type":"ListItem","position":3,"name":"Machine Fessiers Hanche V4"}]},{"@type":"WebSite","@id":"https:\/\/gymfactory.eu\/fr\/#website","url":"https:\/\/gymfactory.eu\/fr\/","name":"Gym Factory","description":"","publisher":{"@id":"https:\/\/gymfactory.eu\/fr\/#organization"},"potentialAction":[{"@type":"SearchAction","target":{"@type":"EntryPoint","urlTemplate":"https:\/\/gymfactory.eu\/fr\/?s={search_term_string}"},"query-input":{"@type":"PropertyValueSpecification","valueRequired":true,"valueName":"search_term_string"}}],"inLanguage":"fr-FR"},{"@type":"Organization","@id":"https:\/\/gymfactory.eu\/fr\/#organization","name":"Gym Factory","url":"https:\/\/gymfactory.eu\/fr\/","logo":{"@type":"ImageObject","inLanguage":"fr-FR","@id":"https:\/\/gymfactory.eu\/fr\/#\/schema\/logo\/image\/","url":"https:\/\/gymfactory.eu\/wp-content\/uploads\/2024\/11\/Component-1.svg","contentUrl":"https:\/\/gymfactory.eu\/wp-content\/uploads\/2024\/11\/Component-1.svg","width":54,"height":44,"caption":"Gym Factory"},"image":{"@id":"https:\/\/gymfactory.eu\/fr\/#\/schema\/logo\/image\/"}}]}},"_links":{"self":[{"href":"https:\/\/gymfactory.eu\/fr\/wp-json\/wp\/v2\/product\/26134","targetHints":{"allow":["GET"]}}],"collection":[{"href":"https:\/\/gymfactory.eu\/fr\/wp-json\/wp\/v2\/product"}],"about":[{"href":"https:\/\/gymfactory.eu\/fr\/wp-json\/wp\/v2\/types\/product"}],"wp:featuredmedia":[{"embeddable":true,"href":"https:\/\/gymfactory.eu\/fr\/wp-json\/wp\/v2\/media\/11247"}],"wp:attachment":[{"href":"https:\/\/gymfactory.eu\/fr\/wp-json\/wp\/v2\/media?parent=26134"}],"wp:term":[{"taxonomy":"product_brand","embeddable":true,"href":"https:\/\/gymfactory.eu\/fr\/wp-json\/wp\/v2\/product_brand?post=26134"},{"taxonomy":"product_cat","embeddable":true,"href":"https:\/\/gymfactory.eu\/fr\/wp-json\/wp\/v2\/product_cat?post=26134"},{"taxonomy":"product_tag","embeddable":true,"href":"https:\/\/gymfactory.eu\/fr\/wp-json\/wp\/v2\/product_tag?post=26134"}],"curies":[{"name":"wp","href":"https:\/\/api.w.org\/{rel}","templated":true}]}}