{"id":26111,"date":"2025-02-07T11:43:49","date_gmt":"2025-02-07T09:43:49","guid":{"rendered":"https:\/\/gymfactory.eu\/product\/machine-fessiers-v2\/"},"modified":"2025-02-07T11:43:49","modified_gmt":"2025-02-07T09:43:49","slug":"machine-fessiers-v2","status":"publish","type":"product","link":"https:\/\/gymfactory.eu\/fr\/produit\/machine-fessiers-v2\/","title":{"rendered":"Machine Fessiers V2"},"content":{"rendered":"<p>La Machine Fessiers V2 est une machine de salle de sport cibl\u00e9e, con\u00e7ue pour d\u00e9velopper la force du bas du corps gr\u00e2ce \u00e0 un entra\u00eenement isol\u00e9 des fessiers. Id\u00e9ale pour les configurations de home gym ou de salle professionnelle, elle prend en charge un mouvement contr\u00f4l\u00e9 et de multiples r\u00e9glages pour le confort individuel et la pr\u00e9cision. <\/p>\n<p>La machine est utilis\u00e9e pour effectuer des mouvements de type \u201cdonkey kick\u201d \u2013 pousser une jambe vers l\u2019arri\u00e8re selon une trajectoire contr\u00f4l\u00e9e pour activer les fessiers. La position de d\u00e9part peut \u00eatre ajust\u00e9e pour correspondre \u00e0 l\u2019amplitude de mouvement de l\u2019utilisateur, et la hauteur du coussin de poitrine est \u00e9galement r\u00e9glable pour un alignement correct du haut du corps. Le coussin de soutien pour le genou de la jambe au repos peut \u00eatre relev\u00e9 ou abaiss\u00e9 pour aider \u00e0 stabiliser le corps pendant l\u2019exercice. Un coussin int\u00e9gr\u00e9 pour les avant-bras et les coudes avec des poign\u00e9es de prise permet \u00e0 l\u2019utilisateur de rester solidement positionn\u00e9 tout au long du mouvement.   <\/p>\n<p>La plateforme pour le pied est mont\u00e9e sur un roulement, lui permettant de suivre la trajectoire de mouvement naturelle de la jambe. Un coussin rond suppl\u00e9mentaire au-dessus de la plateforme aide \u00e0 s\u00e9curiser le pied en place pendant la pouss\u00e9e, emp\u00eachant les mouvements ind\u00e9sirables ou les glissements. <\/p>\n<p>La Machine Fessiers V2 est une option fiable pour des entra\u00eenements fessiers cibl\u00e9s et un \u00e9quipement de musculation efficace pour toute la cha\u00eene post\u00e9rieure.<\/p>\n\n    <div class=\"xs_social_share_widget xs_share_url after_content \t\tmain_content  wslu-style-1 wslu-share-box-shaped wslu-fill-colored wslu-none wslu-share-horizontal wslu-theme-font-no wslu-main_content\">\n\n\t\t\n        <ul>\n\t\t\t        <\/ul>\n    <\/div> \n","protected":false},"excerpt":{"rendered":"<p>La Machine Fessiers V2 est une machine de salle de sport cibl\u00e9e, con\u00e7ue pour d\u00e9velopper la force du bas du corps gr\u00e2ce \u00e0 un entra\u00eenement isol\u00e9 des fessiers. Id\u00e9ale pour les configurations de home gym ou de salle professionnelle, elle prend en charge un mouvement contr\u00f4l\u00e9 et de multiples r\u00e9glages pour le confort individuel et [&hellip;]<\/p>\n","protected":false},"featured_media":11019,"template":"","meta":{"_acf_changed":false},"product_brand":[56],"product_cat":[825],"product_tag":[],"class_list":{"0":"post-26111","1":"product","2":"type-product","3":"status-publish","4":"has-post-thumbnail","6":"product_brand-gym-factory","7":"product_cat-machines-a-cables","9":"first","10":"onbackorder","11":"taxable","12":"shipping-taxable","13":"purchasable","14":"product-type-variable","15":"has-default-attributes"},"acf":[],"yoast_head":"<!-- This site is optimized with the Yoast SEO plugin v25.2 - https:\/\/yoast.com\/wordpress\/plugins\/seo\/ -->\n<title>Machine Fessiers V2 | \u00c9quipement de Force Bas du Corps<\/title>\n<meta name=\"description\" content=\"Vous ciblez la force des fessiers ? La Machine Fessiers V2 est un \u00e9quipement de salle con\u00e7u pour d\u00e9velopper la puissance du bas du corps gr\u00e2ce \u00e0 un mouvement isol\u00e9 et contr\u00f4l\u00e9.\" \/>\n<meta name=\"robots\" content=\"index, follow, max-snippet:-1, max-image-preview:large, max-video-preview:-1\" \/>\n<link rel=\"canonical\" href=\"https:\/\/gymfactory.eu\/fr\/produit\/machine-fessiers-v2\/\" \/>\n<meta property=\"og:locale\" content=\"fr_FR\" \/>\n<meta property=\"og:type\" content=\"article\" \/>\n<meta property=\"og:title\" content=\"Machine Fessiers V2 | \u00c9quipement de Force Bas du Corps\" \/>\n<meta property=\"og:description\" content=\"Vous ciblez la force des fessiers ? La Machine Fessiers V2 est un \u00e9quipement de salle con\u00e7u pour d\u00e9velopper la puissance du bas du corps gr\u00e2ce \u00e0 un mouvement isol\u00e9 et contr\u00f4l\u00e9.\" \/>\n<meta property=\"og:url\" content=\"https:\/\/gymfactory.eu\/fr\/produit\/machine-fessiers-v2\/\" \/>\n<meta property=\"og:site_name\" content=\"Gym Factory\" \/>\n<meta property=\"og:image\" content=\"https:\/\/gymfactory.eu\/wp-content\/uploads\/2025\/02\/Gym-Machine-Leg-Press-Side-View-1.webp\" \/>\n\t<meta property=\"og:image:width\" content=\"1500\" \/>\n\t<meta property=\"og:image:height\" content=\"1500\" \/>\n\t<meta property=\"og:image:type\" content=\"image\/webp\" \/>\n<meta name=\"twitter:card\" content=\"summary_large_image\" \/>\n<meta name=\"twitter:label1\" content=\"Dur\u00e9e de lecture estim\u00e9e\" \/>\n\t<meta name=\"twitter:data1\" content=\"1 minute\" \/>\n<script type=\"application\/ld+json\" class=\"yoast-schema-graph\">{\"@context\":\"https:\/\/schema.org\",\"@graph\":[{\"@type\":\"WebPage\",\"@id\":\"https:\/\/gymfactory.eu\/fr\/produit\/machine-fessiers-v2\/\",\"url\":\"https:\/\/gymfactory.eu\/fr\/produit\/machine-fessiers-v2\/\",\"name\":\"Machine Fessiers V2 | \u00c9quipement de Force Bas du Corps\",\"isPartOf\":{\"@id\":\"https:\/\/gymfactory.eu\/fr\/#website\"},\"primaryImageOfPage\":{\"@id\":\"https:\/\/gymfactory.eu\/fr\/produit\/machine-fessiers-v2\/#primaryimage\"},\"image\":{\"@id\":\"https:\/\/gymfactory.eu\/fr\/produit\/machine-fessiers-v2\/#primaryimage\"},\"thumbnailUrl\":\"https:\/\/gymfactory.eu\/wp-content\/uploads\/2025\/02\/Gym-Machine-Leg-Press-Side-View-1.webp\",\"datePublished\":\"2025-02-07T09:43:49+00:00\",\"description\":\"Vous ciblez la force des fessiers ? La Machine Fessiers V2 est un \u00e9quipement de salle con\u00e7u pour d\u00e9velopper la puissance du bas du corps gr\u00e2ce \u00e0 un mouvement isol\u00e9 et contr\u00f4l\u00e9.\",\"breadcrumb\":{\"@id\":\"https:\/\/gymfactory.eu\/fr\/produit\/machine-fessiers-v2\/#breadcrumb\"},\"inLanguage\":\"fr-FR\",\"potentialAction\":[{\"@type\":\"ReadAction\",\"target\":[\"https:\/\/gymfactory.eu\/fr\/produit\/machine-fessiers-v2\/\"]}]},{\"@type\":\"ImageObject\",\"inLanguage\":\"fr-FR\",\"@id\":\"https:\/\/gymfactory.eu\/fr\/produit\/machine-fessiers-v2\/#primaryimage\",\"url\":\"https:\/\/gymfactory.eu\/wp-content\/uploads\/2025\/02\/Gym-Machine-Leg-Press-Side-View-1.webp\",\"contentUrl\":\"https:\/\/gymfactory.eu\/wp-content\/uploads\/2025\/02\/Gym-Machine-Leg-Press-Side-View-1.webp\",\"width\":1500,\"height\":1500,\"caption\":\"Vue lat\u00e9rale d\u2019une machine de salle de sport avec un cadre en m\u00e9tal noir, un si\u00e8ge rembourr\u00e9 r\u00e9glable et une plateforme pour les pieds. Le syst\u00e8me de poulie se connecte \u00e0 une colonne de poids, permettant aux utilisateurs de contr\u00f4ler la r\u00e9sistance pour le renforcement du bas du corps.\"},{\"@type\":\"BreadcrumbList\",\"@id\":\"https:\/\/gymfactory.eu\/fr\/produit\/machine-fessiers-v2\/#breadcrumb\",\"itemListElement\":[{\"@type\":\"ListItem\",\"position\":1,\"name\":\"Home\",\"item\":\"https:\/\/gymfactory.eu\/fr\/\"},{\"@type\":\"ListItem\",\"position\":2,\"name\":\"Catalogue\",\"item\":\"https:\/\/gymfactory.eu\/fr\/catalogue-2\/\"},{\"@type\":\"ListItem\",\"position\":3,\"name\":\"Machine Fessiers V2\"}]},{\"@type\":\"WebSite\",\"@id\":\"https:\/\/gymfactory.eu\/fr\/#website\",\"url\":\"https:\/\/gymfactory.eu\/fr\/\",\"name\":\"Gym Factory\",\"description\":\"\",\"publisher\":{\"@id\":\"https:\/\/gymfactory.eu\/fr\/#organization\"},\"potentialAction\":[{\"@type\":\"SearchAction\",\"target\":{\"@type\":\"EntryPoint\",\"urlTemplate\":\"https:\/\/gymfactory.eu\/fr\/?s={search_term_string}\"},\"query-input\":{\"@type\":\"PropertyValueSpecification\",\"valueRequired\":true,\"valueName\":\"search_term_string\"}}],\"inLanguage\":\"fr-FR\"},{\"@type\":\"Organization\",\"@id\":\"https:\/\/gymfactory.eu\/fr\/#organization\",\"name\":\"Gym Factory\",\"url\":\"https:\/\/gymfactory.eu\/fr\/\",\"logo\":{\"@type\":\"ImageObject\",\"inLanguage\":\"fr-FR\",\"@id\":\"https:\/\/gymfactory.eu\/fr\/#\/schema\/logo\/image\/\",\"url\":\"https:\/\/gymfactory.eu\/wp-content\/uploads\/2024\/11\/Component-1.svg\",\"contentUrl\":\"https:\/\/gymfactory.eu\/wp-content\/uploads\/2024\/11\/Component-1.svg\",\"width\":54,\"height\":44,\"caption\":\"Gym Factory\"},\"image\":{\"@id\":\"https:\/\/gymfactory.eu\/fr\/#\/schema\/logo\/image\/\"}}]}<\/script>\n<!-- \/ Yoast SEO plugin. -->","yoast_head_json":{"title":"Machine Fessiers V2 | \u00c9quipement de Force Bas du Corps","description":"Vous ciblez la force des fessiers ? La Machine Fessiers V2 est un \u00e9quipement de salle con\u00e7u pour d\u00e9velopper la puissance du bas du corps gr\u00e2ce \u00e0 un mouvement isol\u00e9 et contr\u00f4l\u00e9.","robots":{"index":"index","follow":"follow","max-snippet":"max-snippet:-1","max-image-preview":"max-image-preview:large","max-video-preview":"max-video-preview:-1"},"canonical":"https:\/\/gymfactory.eu\/fr\/produit\/machine-fessiers-v2\/","og_locale":"fr_FR","og_type":"article","og_title":"Machine Fessiers V2 | \u00c9quipement de Force Bas du Corps","og_description":"Vous ciblez la force des fessiers ? La Machine Fessiers V2 est un \u00e9quipement de salle con\u00e7u pour d\u00e9velopper la puissance du bas du corps gr\u00e2ce \u00e0 un mouvement isol\u00e9 et contr\u00f4l\u00e9.","og_url":"https:\/\/gymfactory.eu\/fr\/produit\/machine-fessiers-v2\/","og_site_name":"Gym Factory","og_image":[{"width":1500,"height":1500,"url":"https:\/\/gymfactory.eu\/wp-content\/uploads\/2025\/02\/Gym-Machine-Leg-Press-Side-View-1.webp","type":"image\/webp"}],"twitter_card":"summary_large_image","twitter_misc":{"Dur\u00e9e de lecture estim\u00e9e":"1 minute"},"schema":{"@context":"https:\/\/schema.org","@graph":[{"@type":"WebPage","@id":"https:\/\/gymfactory.eu\/fr\/produit\/machine-fessiers-v2\/","url":"https:\/\/gymfactory.eu\/fr\/produit\/machine-fessiers-v2\/","name":"Machine Fessiers V2 | \u00c9quipement de Force Bas du Corps","isPartOf":{"@id":"https:\/\/gymfactory.eu\/fr\/#website"},"primaryImageOfPage":{"@id":"https:\/\/gymfactory.eu\/fr\/produit\/machine-fessiers-v2\/#primaryimage"},"image":{"@id":"https:\/\/gymfactory.eu\/fr\/produit\/machine-fessiers-v2\/#primaryimage"},"thumbnailUrl":"https:\/\/gymfactory.eu\/wp-content\/uploads\/2025\/02\/Gym-Machine-Leg-Press-Side-View-1.webp","datePublished":"2025-02-07T09:43:49+00:00","description":"Vous ciblez la force des fessiers ? La Machine Fessiers V2 est un \u00e9quipement de salle con\u00e7u pour d\u00e9velopper la puissance du bas du corps gr\u00e2ce \u00e0 un mouvement isol\u00e9 et contr\u00f4l\u00e9.","breadcrumb":{"@id":"https:\/\/gymfactory.eu\/fr\/produit\/machine-fessiers-v2\/#breadcrumb"},"inLanguage":"fr-FR","potentialAction":[{"@type":"ReadAction","target":["https:\/\/gymfactory.eu\/fr\/produit\/machine-fessiers-v2\/"]}]},{"@type":"ImageObject","inLanguage":"fr-FR","@id":"https:\/\/gymfactory.eu\/fr\/produit\/machine-fessiers-v2\/#primaryimage","url":"https:\/\/gymfactory.eu\/wp-content\/uploads\/2025\/02\/Gym-Machine-Leg-Press-Side-View-1.webp","contentUrl":"https:\/\/gymfactory.eu\/wp-content\/uploads\/2025\/02\/Gym-Machine-Leg-Press-Side-View-1.webp","width":1500,"height":1500,"caption":"Vue lat\u00e9rale d\u2019une machine de salle de sport avec un cadre en m\u00e9tal noir, un si\u00e8ge rembourr\u00e9 r\u00e9glable et une plateforme pour les pieds. Le syst\u00e8me de poulie se connecte \u00e0 une colonne de poids, permettant aux utilisateurs de contr\u00f4ler la r\u00e9sistance pour le renforcement du bas du corps."},{"@type":"BreadcrumbList","@id":"https:\/\/gymfactory.eu\/fr\/produit\/machine-fessiers-v2\/#breadcrumb","itemListElement":[{"@type":"ListItem","position":1,"name":"Home","item":"https:\/\/gymfactory.eu\/fr\/"},{"@type":"ListItem","position":2,"name":"Catalogue","item":"https:\/\/gymfactory.eu\/fr\/catalogue-2\/"},{"@type":"ListItem","position":3,"name":"Machine Fessiers V2"}]},{"@type":"WebSite","@id":"https:\/\/gymfactory.eu\/fr\/#website","url":"https:\/\/gymfactory.eu\/fr\/","name":"Gym Factory","description":"","publisher":{"@id":"https:\/\/gymfactory.eu\/fr\/#organization"},"potentialAction":[{"@type":"SearchAction","target":{"@type":"EntryPoint","urlTemplate":"https:\/\/gymfactory.eu\/fr\/?s={search_term_string}"},"query-input":{"@type":"PropertyValueSpecification","valueRequired":true,"valueName":"search_term_string"}}],"inLanguage":"fr-FR"},{"@type":"Organization","@id":"https:\/\/gymfactory.eu\/fr\/#organization","name":"Gym Factory","url":"https:\/\/gymfactory.eu\/fr\/","logo":{"@type":"ImageObject","inLanguage":"fr-FR","@id":"https:\/\/gymfactory.eu\/fr\/#\/schema\/logo\/image\/","url":"https:\/\/gymfactory.eu\/wp-content\/uploads\/2024\/11\/Component-1.svg","contentUrl":"https:\/\/gymfactory.eu\/wp-content\/uploads\/2024\/11\/Component-1.svg","width":54,"height":44,"caption":"Gym Factory"},"image":{"@id":"https:\/\/gymfactory.eu\/fr\/#\/schema\/logo\/image\/"}}]}},"_links":{"self":[{"href":"https:\/\/gymfactory.eu\/fr\/wp-json\/wp\/v2\/product\/26111","targetHints":{"allow":["GET"]}}],"collection":[{"href":"https:\/\/gymfactory.eu\/fr\/wp-json\/wp\/v2\/product"}],"about":[{"href":"https:\/\/gymfactory.eu\/fr\/wp-json\/wp\/v2\/types\/product"}],"wp:featuredmedia":[{"embeddable":true,"href":"https:\/\/gymfactory.eu\/fr\/wp-json\/wp\/v2\/media\/11019"}],"wp:attachment":[{"href":"https:\/\/gymfactory.eu\/fr\/wp-json\/wp\/v2\/media?parent=26111"}],"wp:term":[{"taxonomy":"product_brand","embeddable":true,"href":"https:\/\/gymfactory.eu\/fr\/wp-json\/wp\/v2\/product_brand?post=26111"},{"taxonomy":"product_cat","embeddable":true,"href":"https:\/\/gymfactory.eu\/fr\/wp-json\/wp\/v2\/product_cat?post=26111"},{"taxonomy":"product_tag","embeddable":true,"href":"https:\/\/gymfactory.eu\/fr\/wp-json\/wp\/v2\/product_tag?post=26111"}],"curies":[{"name":"wp","href":"https:\/\/api.w.org\/{rel}","templated":true}]}}