{"id":26096,"date":"2025-02-07T11:34:12","date_gmt":"2025-02-07T09:34:12","guid":{"rendered":"https:\/\/gymfactory.eu\/product\/machine-elevations-laterales-p3xx\/"},"modified":"2025-02-07T11:34:12","modified_gmt":"2025-02-07T09:34:12","slug":"machine-elevations-laterales-p3xx","status":"publish","type":"product","link":"https:\/\/gymfactory.eu\/fr\/produit\/machine-elevations-laterales-p3xx\/","title":{"rendered":"Machine \u00c9l\u00e9vations Lat\u00e9rales P3XX"},"content":{"rendered":"<p>La Machine \u00c9l\u00e9vations Lat\u00e9rales P3XX est con\u00e7ue pour une isolation pr\u00e9cise des \u00e9paules utilisant une r\u00e9sistance par c\u00e2ble. Elle permet aux utilisateurs d\u2019effectuer des \u00e9l\u00e9vations lat\u00e9rales contr\u00f4l\u00e9es avec des r\u00e9glages ajustables pour correspondre \u00e0 diff\u00e9rentes tailles corporelles et objectifs d\u2019entra\u00eenement. C\u2019est un choix pratique pour toute configuration de salle incluant un entra\u00eenement isol\u00e9 des \u00e9paules, que ce soit dans un home gym ou une salle de sport commerciale.  <\/p>\n<p>La machine est utilis\u00e9e pour les \u00e9l\u00e9vations lat\u00e9rales \u00e0 la poulie afin de renforcer les delto\u00efdes lat\u00e9raux. Elle peut \u00e9galement \u00eatre utilis\u00e9e un bras \u00e0 la fois. La hauteur du si\u00e8ge est r\u00e9glable pour aligner les \u00e9paules avec le point de pivot. Des ajustements suppl\u00e9mentaires du coussin de poitrine et de la position de d\u00e9part aident \u00e0 am\u00e9liorer le confort et le positionnement. Les poign\u00e9es sont mont\u00e9es sur une articulation \u00e0 mouvement libre pour suivre le mouvement naturel de l\u2019\u00e9paule du corps.    <\/p>\n<p>La Machine \u00c9l\u00e9vations Lat\u00e9rales P3XX offre stabilit\u00e9, pr\u00e9cision et flexibilit\u00e9 pour un entra\u00eenement du haut du corps efficace \u00e0 chaque r\u00e9p\u00e9tition.<\/p>\n\n    <div class=\"xs_social_share_widget xs_share_url after_content \t\tmain_content  wslu-style-1 wslu-share-box-shaped wslu-fill-colored wslu-none wslu-share-horizontal wslu-theme-font-no wslu-main_content\">\n\n\t\t\n        <ul>\n\t\t\t        <\/ul>\n    <\/div> \n","protected":false},"excerpt":{"rendered":"<p>La Machine \u00c9l\u00e9vations Lat\u00e9rales P3XX est con\u00e7ue pour une isolation pr\u00e9cise des \u00e9paules utilisant une r\u00e9sistance par c\u00e2ble. Elle permet aux utilisateurs d\u2019effectuer des \u00e9l\u00e9vations lat\u00e9rales contr\u00f4l\u00e9es avec des r\u00e9glages ajustables pour correspondre \u00e0 diff\u00e9rentes tailles corporelles et objectifs d\u2019entra\u00eenement. C\u2019est un choix pratique pour toute configuration de salle incluant un entra\u00eenement isol\u00e9 des \u00e9paules, [&hellip;]<\/p>\n","protected":false},"featured_media":11237,"template":"","meta":{"_acf_changed":false},"product_brand":[56],"product_cat":[825],"product_tag":[],"class_list":{"0":"post-26096","1":"product","2":"type-product","3":"status-publish","4":"has-post-thumbnail","6":"product_brand-gym-factory","7":"product_cat-machines-a-cables","9":"first","10":"onbackorder","11":"taxable","12":"shipping-taxable","13":"purchasable","14":"product-type-variable","15":"has-default-attributes"},"acf":[],"yoast_head":"<!-- This site is optimized with the Yoast SEO plugin v25.2 - https:\/\/yoast.com\/wordpress\/plugins\/seo\/ -->\n<title>Machine \u00c9l\u00e9vations Lat\u00e9rales P3XX pour Musculation<\/title>\n<meta name=\"description\" content=\"Vous cherchez \u00e0 renforcer vos \u00e9paules ? La Machine \u00c9l\u00e9vations Lat\u00e9rales P3XX est un \u00e9quipement de musculation pour le d\u00e9veloppement musculaire du haut du corps.\" \/>\n<meta name=\"robots\" content=\"index, follow, max-snippet:-1, max-image-preview:large, max-video-preview:-1\" \/>\n<link rel=\"canonical\" href=\"https:\/\/gymfactory.eu\/fr\/produit\/machine-elevations-laterales-p3xx\/\" \/>\n<meta property=\"og:locale\" content=\"fr_FR\" \/>\n<meta property=\"og:type\" content=\"article\" \/>\n<meta property=\"og:title\" content=\"Machine \u00c9l\u00e9vations Lat\u00e9rales P3XX pour Musculation\" \/>\n<meta property=\"og:description\" content=\"Vous cherchez \u00e0 renforcer vos \u00e9paules ? La Machine \u00c9l\u00e9vations Lat\u00e9rales P3XX est un \u00e9quipement de musculation pour le d\u00e9veloppement musculaire du haut du corps.\" \/>\n<meta property=\"og:url\" content=\"https:\/\/gymfactory.eu\/fr\/produit\/machine-elevations-laterales-p3xx\/\" \/>\n<meta property=\"og:site_name\" content=\"Gym Factory\" \/>\n<meta property=\"og:image\" content=\"https:\/\/gymfactory.eu\/wp-content\/uploads\/2025\/02\/Gym-Machine-Seated-Press-Side-View-1.webp\" \/>\n\t<meta property=\"og:image:width\" content=\"1500\" \/>\n\t<meta property=\"og:image:height\" content=\"1500\" \/>\n\t<meta property=\"og:image:type\" content=\"image\/webp\" \/>\n<meta name=\"twitter:card\" content=\"summary_large_image\" \/>\n<meta name=\"twitter:label1\" content=\"Dur\u00e9e de lecture estim\u00e9e\" \/>\n\t<meta name=\"twitter:data1\" content=\"1 minute\" \/>\n<script type=\"application\/ld+json\" class=\"yoast-schema-graph\">{\"@context\":\"https:\/\/schema.org\",\"@graph\":[{\"@type\":\"WebPage\",\"@id\":\"https:\/\/gymfactory.eu\/fr\/produit\/machine-elevations-laterales-p3xx\/\",\"url\":\"https:\/\/gymfactory.eu\/fr\/produit\/machine-elevations-laterales-p3xx\/\",\"name\":\"Machine \u00c9l\u00e9vations Lat\u00e9rales P3XX pour Musculation\",\"isPartOf\":{\"@id\":\"https:\/\/gymfactory.eu\/fr\/#website\"},\"primaryImageOfPage\":{\"@id\":\"https:\/\/gymfactory.eu\/fr\/produit\/machine-elevations-laterales-p3xx\/#primaryimage\"},\"image\":{\"@id\":\"https:\/\/gymfactory.eu\/fr\/produit\/machine-elevations-laterales-p3xx\/#primaryimage\"},\"thumbnailUrl\":\"https:\/\/gymfactory.eu\/wp-content\/uploads\/2025\/02\/Gym-Machine-Seated-Press-Side-View-1.webp\",\"datePublished\":\"2025-02-07T09:34:12+00:00\",\"description\":\"Vous cherchez \u00e0 renforcer vos \u00e9paules ? La Machine \u00c9l\u00e9vations Lat\u00e9rales P3XX est un \u00e9quipement de musculation pour le d\u00e9veloppement musculaire du haut du corps.\",\"breadcrumb\":{\"@id\":\"https:\/\/gymfactory.eu\/fr\/produit\/machine-elevations-laterales-p3xx\/#breadcrumb\"},\"inLanguage\":\"fr-FR\",\"potentialAction\":[{\"@type\":\"ReadAction\",\"target\":[\"https:\/\/gymfactory.eu\/fr\/produit\/machine-elevations-laterales-p3xx\/\"]}]},{\"@type\":\"ImageObject\",\"inLanguage\":\"fr-FR\",\"@id\":\"https:\/\/gymfactory.eu\/fr\/produit\/machine-elevations-laterales-p3xx\/#primaryimage\",\"url\":\"https:\/\/gymfactory.eu\/wp-content\/uploads\/2025\/02\/Gym-Machine-Seated-Press-Side-View-1.webp\",\"contentUrl\":\"https:\/\/gymfactory.eu\/wp-content\/uploads\/2025\/02\/Gym-Machine-Seated-Press-Side-View-1.webp\",\"width\":1500,\"height\":1500,\"caption\":\"Vue en angle lat\u00e9ral d\u2019une machine de musculation de presse assise. L\u2019image met en \u00e9vidence le cadre robuste, les bras de poign\u00e9e r\u00e9glables et la colonne de poids connect\u00e9e par un syst\u00e8me de poulie. Le design noir et argent offre un look moderne \u00e0 toute configuration de salle.\"},{\"@type\":\"BreadcrumbList\",\"@id\":\"https:\/\/gymfactory.eu\/fr\/produit\/machine-elevations-laterales-p3xx\/#breadcrumb\",\"itemListElement\":[{\"@type\":\"ListItem\",\"position\":1,\"name\":\"Home\",\"item\":\"https:\/\/gymfactory.eu\/fr\/page-principale\/\"},{\"@type\":\"ListItem\",\"position\":2,\"name\":\"Catalogue\",\"item\":\"https:\/\/gymfactory.eu\/fr\/catalogue-2\/\"},{\"@type\":\"ListItem\",\"position\":3,\"name\":\"Machine \u00c9l\u00e9vations Lat\u00e9rales P3XX\"}]},{\"@type\":\"WebSite\",\"@id\":\"https:\/\/gymfactory.eu\/fr\/#website\",\"url\":\"https:\/\/gymfactory.eu\/fr\/\",\"name\":\"Gym Factory\",\"description\":\"\",\"publisher\":{\"@id\":\"https:\/\/gymfactory.eu\/fr\/#organization\"},\"potentialAction\":[{\"@type\":\"SearchAction\",\"target\":{\"@type\":\"EntryPoint\",\"urlTemplate\":\"https:\/\/gymfactory.eu\/fr\/?s={search_term_string}\"},\"query-input\":{\"@type\":\"PropertyValueSpecification\",\"valueRequired\":true,\"valueName\":\"search_term_string\"}}],\"inLanguage\":\"fr-FR\"},{\"@type\":\"Organization\",\"@id\":\"https:\/\/gymfactory.eu\/fr\/#organization\",\"name\":\"Gym Factory\",\"url\":\"https:\/\/gymfactory.eu\/fr\/\",\"logo\":{\"@type\":\"ImageObject\",\"inLanguage\":\"fr-FR\",\"@id\":\"https:\/\/gymfactory.eu\/fr\/#\/schema\/logo\/image\/\",\"url\":\"https:\/\/gymfactory.eu\/wp-content\/uploads\/2024\/11\/Component-1.svg\",\"contentUrl\":\"https:\/\/gymfactory.eu\/wp-content\/uploads\/2024\/11\/Component-1.svg\",\"width\":54,\"height\":44,\"caption\":\"Gym Factory\"},\"image\":{\"@id\":\"https:\/\/gymfactory.eu\/fr\/#\/schema\/logo\/image\/\"}}]}<\/script>\n<!-- \/ Yoast SEO plugin. -->","yoast_head_json":{"title":"Machine \u00c9l\u00e9vations Lat\u00e9rales P3XX pour Musculation","description":"Vous cherchez \u00e0 renforcer vos \u00e9paules ? La Machine \u00c9l\u00e9vations Lat\u00e9rales P3XX est un \u00e9quipement de musculation pour le d\u00e9veloppement musculaire du haut du corps.","robots":{"index":"index","follow":"follow","max-snippet":"max-snippet:-1","max-image-preview":"max-image-preview:large","max-video-preview":"max-video-preview:-1"},"canonical":"https:\/\/gymfactory.eu\/fr\/produit\/machine-elevations-laterales-p3xx\/","og_locale":"fr_FR","og_type":"article","og_title":"Machine \u00c9l\u00e9vations Lat\u00e9rales P3XX pour Musculation","og_description":"Vous cherchez \u00e0 renforcer vos \u00e9paules ? La Machine \u00c9l\u00e9vations Lat\u00e9rales P3XX est un \u00e9quipement de musculation pour le d\u00e9veloppement musculaire du haut du corps.","og_url":"https:\/\/gymfactory.eu\/fr\/produit\/machine-elevations-laterales-p3xx\/","og_site_name":"Gym Factory","og_image":[{"width":1500,"height":1500,"url":"https:\/\/gymfactory.eu\/wp-content\/uploads\/2025\/02\/Gym-Machine-Seated-Press-Side-View-1.webp","type":"image\/webp"}],"twitter_card":"summary_large_image","twitter_misc":{"Dur\u00e9e de lecture estim\u00e9e":"1 minute"},"schema":{"@context":"https:\/\/schema.org","@graph":[{"@type":"WebPage","@id":"https:\/\/gymfactory.eu\/fr\/produit\/machine-elevations-laterales-p3xx\/","url":"https:\/\/gymfactory.eu\/fr\/produit\/machine-elevations-laterales-p3xx\/","name":"Machine \u00c9l\u00e9vations Lat\u00e9rales P3XX pour Musculation","isPartOf":{"@id":"https:\/\/gymfactory.eu\/fr\/#website"},"primaryImageOfPage":{"@id":"https:\/\/gymfactory.eu\/fr\/produit\/machine-elevations-laterales-p3xx\/#primaryimage"},"image":{"@id":"https:\/\/gymfactory.eu\/fr\/produit\/machine-elevations-laterales-p3xx\/#primaryimage"},"thumbnailUrl":"https:\/\/gymfactory.eu\/wp-content\/uploads\/2025\/02\/Gym-Machine-Seated-Press-Side-View-1.webp","datePublished":"2025-02-07T09:34:12+00:00","description":"Vous cherchez \u00e0 renforcer vos \u00e9paules ? La Machine \u00c9l\u00e9vations Lat\u00e9rales P3XX est un \u00e9quipement de musculation pour le d\u00e9veloppement musculaire du haut du corps.","breadcrumb":{"@id":"https:\/\/gymfactory.eu\/fr\/produit\/machine-elevations-laterales-p3xx\/#breadcrumb"},"inLanguage":"fr-FR","potentialAction":[{"@type":"ReadAction","target":["https:\/\/gymfactory.eu\/fr\/produit\/machine-elevations-laterales-p3xx\/"]}]},{"@type":"ImageObject","inLanguage":"fr-FR","@id":"https:\/\/gymfactory.eu\/fr\/produit\/machine-elevations-laterales-p3xx\/#primaryimage","url":"https:\/\/gymfactory.eu\/wp-content\/uploads\/2025\/02\/Gym-Machine-Seated-Press-Side-View-1.webp","contentUrl":"https:\/\/gymfactory.eu\/wp-content\/uploads\/2025\/02\/Gym-Machine-Seated-Press-Side-View-1.webp","width":1500,"height":1500,"caption":"Vue en angle lat\u00e9ral d\u2019une machine de musculation de presse assise. L\u2019image met en \u00e9vidence le cadre robuste, les bras de poign\u00e9e r\u00e9glables et la colonne de poids connect\u00e9e par un syst\u00e8me de poulie. Le design noir et argent offre un look moderne \u00e0 toute configuration de salle."},{"@type":"BreadcrumbList","@id":"https:\/\/gymfactory.eu\/fr\/produit\/machine-elevations-laterales-p3xx\/#breadcrumb","itemListElement":[{"@type":"ListItem","position":1,"name":"Home","item":"https:\/\/gymfactory.eu\/fr\/page-principale\/"},{"@type":"ListItem","position":2,"name":"Catalogue","item":"https:\/\/gymfactory.eu\/fr\/catalogue-2\/"},{"@type":"ListItem","position":3,"name":"Machine \u00c9l\u00e9vations Lat\u00e9rales P3XX"}]},{"@type":"WebSite","@id":"https:\/\/gymfactory.eu\/fr\/#website","url":"https:\/\/gymfactory.eu\/fr\/","name":"Gym Factory","description":"","publisher":{"@id":"https:\/\/gymfactory.eu\/fr\/#organization"},"potentialAction":[{"@type":"SearchAction","target":{"@type":"EntryPoint","urlTemplate":"https:\/\/gymfactory.eu\/fr\/?s={search_term_string}"},"query-input":{"@type":"PropertyValueSpecification","valueRequired":true,"valueName":"search_term_string"}}],"inLanguage":"fr-FR"},{"@type":"Organization","@id":"https:\/\/gymfactory.eu\/fr\/#organization","name":"Gym Factory","url":"https:\/\/gymfactory.eu\/fr\/","logo":{"@type":"ImageObject","inLanguage":"fr-FR","@id":"https:\/\/gymfactory.eu\/fr\/#\/schema\/logo\/image\/","url":"https:\/\/gymfactory.eu\/wp-content\/uploads\/2024\/11\/Component-1.svg","contentUrl":"https:\/\/gymfactory.eu\/wp-content\/uploads\/2024\/11\/Component-1.svg","width":54,"height":44,"caption":"Gym Factory"},"image":{"@id":"https:\/\/gymfactory.eu\/fr\/#\/schema\/logo\/image\/"}}]}},"_links":{"self":[{"href":"https:\/\/gymfactory.eu\/fr\/wp-json\/wp\/v2\/product\/26096","targetHints":{"allow":["GET"]}}],"collection":[{"href":"https:\/\/gymfactory.eu\/fr\/wp-json\/wp\/v2\/product"}],"about":[{"href":"https:\/\/gymfactory.eu\/fr\/wp-json\/wp\/v2\/types\/product"}],"wp:featuredmedia":[{"embeddable":true,"href":"https:\/\/gymfactory.eu\/fr\/wp-json\/wp\/v2\/media\/11237"}],"wp:attachment":[{"href":"https:\/\/gymfactory.eu\/fr\/wp-json\/wp\/v2\/media?parent=26096"}],"wp:term":[{"taxonomy":"product_brand","embeddable":true,"href":"https:\/\/gymfactory.eu\/fr\/wp-json\/wp\/v2\/product_brand?post=26096"},{"taxonomy":"product_cat","embeddable":true,"href":"https:\/\/gymfactory.eu\/fr\/wp-json\/wp\/v2\/product_cat?post=26096"},{"taxonomy":"product_tag","embeddable":true,"href":"https:\/\/gymfactory.eu\/fr\/wp-json\/wp\/v2\/product_tag?post=26096"}],"curies":[{"name":"wp","href":"https:\/\/api.w.org\/{rel}","templated":true}]}}