{"id":26083,"date":"2025-02-07T11:29:27","date_gmt":"2025-02-07T09:29:27","guid":{"rendered":"https:\/\/gymfactory.eu\/product\/machine-multi-flight-p3lxx\/"},"modified":"2025-02-07T11:29:27","modified_gmt":"2025-02-07T09:29:27","slug":"machine-multi-flight-p3lxx","status":"publish","type":"product","link":"https:\/\/gymfactory.eu\/fr\/produit\/machine-multi-flight-p3lxx\/","title":{"rendered":"Machine Multi Flight P3LXX"},"content":{"rendered":"<p>La Machine Multi Flight P3LXX est une machine de salle de sport polyvalente con\u00e7ue pour une large gamme de mouvements d\u2019entra\u00eenement du haut du corps. Construite pour toute configuration de salle, elle est id\u00e9ale comme \u00e9quipement de fitness pour un usage domestique ou commercial, offrant plusieurs exercices ax\u00e9s sur les \u00e9paules et la poitrine en une seule unit\u00e9. <\/p>\n<p>Cette machine permet d\u2019effectuer des \u00e9l\u00e9vations lat\u00e9rales debout, des oiseaux invers\u00e9s (rear delt flys), des \u00e9l\u00e9vations frontales et des \u00e9cart\u00e9s pour la poitrine \u2013 le tout r\u00e9alis\u00e9 \u00e0 l\u2019aide de bras r\u00e9glables et d\u2019une r\u00e9sistance par c\u00e2ble fluide. Chaque mouvement peut \u00eatre effectu\u00e9 avec un bras \u00e0 la fois ou avec les deux bras simultan\u00e9ment. <\/p>\n<p>La hauteur de l\u2019ensemble du m\u00e9canisme des bras peut \u00eatre ajust\u00e9e pour aligner l\u2019\u00e9paule avec l\u2019axe de rotation, aidant \u00e0 assurer une bonne forme et permettant une variation de mouvement. La position de d\u00e9part des bras est \u00e9galement r\u00e9glable pour d\u00e9finir le point de commencement de chaque r\u00e9p\u00e9tition. <\/p>\n<p>Les poign\u00e9es sont mont\u00e9es sur une articulation \u00e0 mouvement libre, leur permettant de suivre une trajectoire plus naturelle tout au long de l\u2019exercice. La plateforme pour les pieds comporte des \u00e9l\u00e9ments antid\u00e9rapants pour une station debout s\u00e9curis\u00e9e. <\/p>\n<p>La Machine Multi Flight P3LXX offre un mouvement flexible et respectueux des articulations avec un positionnement pr\u00e9cis pour un travail d\u2019isolation du haut du corps efficace et vari\u00e9.<\/p>\n\n    <div class=\"xs_social_share_widget xs_share_url after_content \t\tmain_content  wslu-style-1 wslu-share-box-shaped wslu-fill-colored wslu-none wslu-share-horizontal wslu-theme-font-no wslu-main_content\">\n\n\t\t\n        <ul>\n\t\t\t        <\/ul>\n    <\/div> \n","protected":false},"excerpt":{"rendered":"<p>La Machine Multi Flight P3LXX est une machine de salle de sport polyvalente con\u00e7ue pour une large gamme de mouvements d\u2019entra\u00eenement du haut du corps. Construite pour toute configuration de salle, elle est id\u00e9ale comme \u00e9quipement de fitness pour un usage domestique ou commercial, offrant plusieurs exercices ax\u00e9s sur les \u00e9paules et la poitrine en [&hellip;]<\/p>\n","protected":false},"featured_media":11632,"template":"","meta":{"_acf_changed":false},"product_brand":[56],"product_cat":[825],"product_tag":[],"class_list":{"0":"post-26083","1":"product","2":"type-product","3":"status-publish","4":"has-post-thumbnail","6":"product_brand-gym-factory","7":"product_cat-machines-a-cables","9":"first","10":"onbackorder","11":"taxable","12":"shipping-taxable","13":"purchasable","14":"product-type-variable","15":"has-default-attributes"},"acf":[],"yoast_head":"<!-- This site is optimized with the Yoast SEO plugin v25.2 - https:\/\/yoast.com\/wordpress\/plugins\/seo\/ -->\n<title>Machine \u00c9l\u00e9vations Lat\u00e9rales P3LXX pour Entra\u00eenement Haut du Corps<\/title>\n<meta name=\"description\" content=\"Vous ciblez les \u00e9paules et les delto\u00efdes ? La Machine \u00c9l\u00e9vations Lat\u00e9rales P3LXX offre un mouvement pr\u00e9cis et efficace pour l\u2019isolation du haut du corps et la musculation.\" \/>\n<meta name=\"robots\" content=\"index, follow, max-snippet:-1, max-image-preview:large, max-video-preview:-1\" \/>\n<link rel=\"canonical\" href=\"https:\/\/gymfactory.eu\/fr\/produit\/machine-multi-flight-p3lxx\/\" \/>\n<meta property=\"og:locale\" content=\"fr_FR\" \/>\n<meta property=\"og:type\" content=\"article\" \/>\n<meta property=\"og:title\" content=\"Machine \u00c9l\u00e9vations Lat\u00e9rales P3LXX pour Entra\u00eenement Haut du Corps\" \/>\n<meta property=\"og:description\" content=\"Vous ciblez les \u00e9paules et les delto\u00efdes ? La Machine \u00c9l\u00e9vations Lat\u00e9rales P3LXX offre un mouvement pr\u00e9cis et efficace pour l\u2019isolation du haut du corps et la musculation.\" \/>\n<meta property=\"og:url\" content=\"https:\/\/gymfactory.eu\/fr\/produit\/machine-multi-flight-p3lxx\/\" \/>\n<meta property=\"og:site_name\" content=\"Gym Factory\" \/>\n<meta property=\"og:image\" content=\"https:\/\/gymfactory.eu\/wp-content\/uploads\/2025\/02\/P3LXX-Gym-Machine-Multi-Flight-Side-View-1.webp\" \/>\n\t<meta property=\"og:image:width\" content=\"1500\" \/>\n\t<meta property=\"og:image:height\" content=\"1500\" \/>\n\t<meta property=\"og:image:type\" content=\"image\/webp\" \/>\n<meta name=\"twitter:card\" content=\"summary_large_image\" \/>\n<meta name=\"twitter:label1\" content=\"Dur\u00e9e de lecture estim\u00e9e\" \/>\n\t<meta name=\"twitter:data1\" content=\"1 minute\" \/>\n<script type=\"application\/ld+json\" class=\"yoast-schema-graph\">{\"@context\":\"https:\/\/schema.org\",\"@graph\":[{\"@type\":\"WebPage\",\"@id\":\"https:\/\/gymfactory.eu\/fr\/produit\/machine-multi-flight-p3lxx\/\",\"url\":\"https:\/\/gymfactory.eu\/fr\/produit\/machine-multi-flight-p3lxx\/\",\"name\":\"Machine \u00c9l\u00e9vations Lat\u00e9rales P3LXX pour Entra\u00eenement Haut du Corps\",\"isPartOf\":{\"@id\":\"https:\/\/gymfactory.eu\/fr\/#website\"},\"primaryImageOfPage\":{\"@id\":\"https:\/\/gymfactory.eu\/fr\/produit\/machine-multi-flight-p3lxx\/#primaryimage\"},\"image\":{\"@id\":\"https:\/\/gymfactory.eu\/fr\/produit\/machine-multi-flight-p3lxx\/#primaryimage\"},\"thumbnailUrl\":\"https:\/\/gymfactory.eu\/wp-content\/uploads\/2025\/02\/P3LXX-Gym-Machine-Multi-Flight-Side-View-1.webp\",\"datePublished\":\"2025-02-07T09:29:27+00:00\",\"description\":\"Vous ciblez les \u00e9paules et les delto\u00efdes ? La Machine \u00c9l\u00e9vations Lat\u00e9rales P3LXX offre un mouvement pr\u00e9cis et efficace pour l\u2019isolation du haut du corps et la musculation.\",\"breadcrumb\":{\"@id\":\"https:\/\/gymfactory.eu\/fr\/produit\/machine-multi-flight-p3lxx\/#breadcrumb\"},\"inLanguage\":\"fr-FR\",\"potentialAction\":[{\"@type\":\"ReadAction\",\"target\":[\"https:\/\/gymfactory.eu\/fr\/produit\/machine-multi-flight-p3lxx\/\"]}]},{\"@type\":\"ImageObject\",\"inLanguage\":\"fr-FR\",\"@id\":\"https:\/\/gymfactory.eu\/fr\/produit\/machine-multi-flight-p3lxx\/#primaryimage\",\"url\":\"https:\/\/gymfactory.eu\/wp-content\/uploads\/2025\/02\/P3LXX-Gym-Machine-Multi-Flight-Side-View-1.webp\",\"contentUrl\":\"https:\/\/gymfactory.eu\/wp-content\/uploads\/2025\/02\/P3LXX-Gym-Machine-Multi-Flight-Side-View-1.webp\",\"width\":1500,\"height\":1500},{\"@type\":\"BreadcrumbList\",\"@id\":\"https:\/\/gymfactory.eu\/fr\/produit\/machine-multi-flight-p3lxx\/#breadcrumb\",\"itemListElement\":[{\"@type\":\"ListItem\",\"position\":1,\"name\":\"Home\",\"item\":\"https:\/\/gymfactory.eu\/fr\/\"},{\"@type\":\"ListItem\",\"position\":2,\"name\":\"Catalogue\",\"item\":\"https:\/\/gymfactory.eu\/fr\/catalogue-2\/\"},{\"@type\":\"ListItem\",\"position\":3,\"name\":\"Machine Multi Flight P3LXX\"}]},{\"@type\":\"WebSite\",\"@id\":\"https:\/\/gymfactory.eu\/fr\/#website\",\"url\":\"https:\/\/gymfactory.eu\/fr\/\",\"name\":\"Gym Factory\",\"description\":\"\",\"publisher\":{\"@id\":\"https:\/\/gymfactory.eu\/fr\/#organization\"},\"potentialAction\":[{\"@type\":\"SearchAction\",\"target\":{\"@type\":\"EntryPoint\",\"urlTemplate\":\"https:\/\/gymfactory.eu\/fr\/?s={search_term_string}\"},\"query-input\":{\"@type\":\"PropertyValueSpecification\",\"valueRequired\":true,\"valueName\":\"search_term_string\"}}],\"inLanguage\":\"fr-FR\"},{\"@type\":\"Organization\",\"@id\":\"https:\/\/gymfactory.eu\/fr\/#organization\",\"name\":\"Gym Factory\",\"url\":\"https:\/\/gymfactory.eu\/fr\/\",\"logo\":{\"@type\":\"ImageObject\",\"inLanguage\":\"fr-FR\",\"@id\":\"https:\/\/gymfactory.eu\/fr\/#\/schema\/logo\/image\/\",\"url\":\"https:\/\/gymfactory.eu\/wp-content\/uploads\/2024\/11\/Component-1.svg\",\"contentUrl\":\"https:\/\/gymfactory.eu\/wp-content\/uploads\/2024\/11\/Component-1.svg\",\"width\":54,\"height\":44,\"caption\":\"Gym Factory\"},\"image\":{\"@id\":\"https:\/\/gymfactory.eu\/fr\/#\/schema\/logo\/image\/\"}}]}<\/script>\n<!-- \/ Yoast SEO plugin. -->","yoast_head_json":{"title":"Machine \u00c9l\u00e9vations Lat\u00e9rales P3LXX pour Entra\u00eenement Haut du Corps","description":"Vous ciblez les \u00e9paules et les delto\u00efdes ? La Machine \u00c9l\u00e9vations Lat\u00e9rales P3LXX offre un mouvement pr\u00e9cis et efficace pour l\u2019isolation du haut du corps et la musculation.","robots":{"index":"index","follow":"follow","max-snippet":"max-snippet:-1","max-image-preview":"max-image-preview:large","max-video-preview":"max-video-preview:-1"},"canonical":"https:\/\/gymfactory.eu\/fr\/produit\/machine-multi-flight-p3lxx\/","og_locale":"fr_FR","og_type":"article","og_title":"Machine \u00c9l\u00e9vations Lat\u00e9rales P3LXX pour Entra\u00eenement Haut du Corps","og_description":"Vous ciblez les \u00e9paules et les delto\u00efdes ? La Machine \u00c9l\u00e9vations Lat\u00e9rales P3LXX offre un mouvement pr\u00e9cis et efficace pour l\u2019isolation du haut du corps et la musculation.","og_url":"https:\/\/gymfactory.eu\/fr\/produit\/machine-multi-flight-p3lxx\/","og_site_name":"Gym Factory","og_image":[{"width":1500,"height":1500,"url":"https:\/\/gymfactory.eu\/wp-content\/uploads\/2025\/02\/P3LXX-Gym-Machine-Multi-Flight-Side-View-1.webp","type":"image\/webp"}],"twitter_card":"summary_large_image","twitter_misc":{"Dur\u00e9e de lecture estim\u00e9e":"1 minute"},"schema":{"@context":"https:\/\/schema.org","@graph":[{"@type":"WebPage","@id":"https:\/\/gymfactory.eu\/fr\/produit\/machine-multi-flight-p3lxx\/","url":"https:\/\/gymfactory.eu\/fr\/produit\/machine-multi-flight-p3lxx\/","name":"Machine \u00c9l\u00e9vations Lat\u00e9rales P3LXX pour Entra\u00eenement Haut du Corps","isPartOf":{"@id":"https:\/\/gymfactory.eu\/fr\/#website"},"primaryImageOfPage":{"@id":"https:\/\/gymfactory.eu\/fr\/produit\/machine-multi-flight-p3lxx\/#primaryimage"},"image":{"@id":"https:\/\/gymfactory.eu\/fr\/produit\/machine-multi-flight-p3lxx\/#primaryimage"},"thumbnailUrl":"https:\/\/gymfactory.eu\/wp-content\/uploads\/2025\/02\/P3LXX-Gym-Machine-Multi-Flight-Side-View-1.webp","datePublished":"2025-02-07T09:29:27+00:00","description":"Vous ciblez les \u00e9paules et les delto\u00efdes ? La Machine \u00c9l\u00e9vations Lat\u00e9rales P3LXX offre un mouvement pr\u00e9cis et efficace pour l\u2019isolation du haut du corps et la musculation.","breadcrumb":{"@id":"https:\/\/gymfactory.eu\/fr\/produit\/machine-multi-flight-p3lxx\/#breadcrumb"},"inLanguage":"fr-FR","potentialAction":[{"@type":"ReadAction","target":["https:\/\/gymfactory.eu\/fr\/produit\/machine-multi-flight-p3lxx\/"]}]},{"@type":"ImageObject","inLanguage":"fr-FR","@id":"https:\/\/gymfactory.eu\/fr\/produit\/machine-multi-flight-p3lxx\/#primaryimage","url":"https:\/\/gymfactory.eu\/wp-content\/uploads\/2025\/02\/P3LXX-Gym-Machine-Multi-Flight-Side-View-1.webp","contentUrl":"https:\/\/gymfactory.eu\/wp-content\/uploads\/2025\/02\/P3LXX-Gym-Machine-Multi-Flight-Side-View-1.webp","width":1500,"height":1500},{"@type":"BreadcrumbList","@id":"https:\/\/gymfactory.eu\/fr\/produit\/machine-multi-flight-p3lxx\/#breadcrumb","itemListElement":[{"@type":"ListItem","position":1,"name":"Home","item":"https:\/\/gymfactory.eu\/fr\/"},{"@type":"ListItem","position":2,"name":"Catalogue","item":"https:\/\/gymfactory.eu\/fr\/catalogue-2\/"},{"@type":"ListItem","position":3,"name":"Machine Multi Flight P3LXX"}]},{"@type":"WebSite","@id":"https:\/\/gymfactory.eu\/fr\/#website","url":"https:\/\/gymfactory.eu\/fr\/","name":"Gym Factory","description":"","publisher":{"@id":"https:\/\/gymfactory.eu\/fr\/#organization"},"potentialAction":[{"@type":"SearchAction","target":{"@type":"EntryPoint","urlTemplate":"https:\/\/gymfactory.eu\/fr\/?s={search_term_string}"},"query-input":{"@type":"PropertyValueSpecification","valueRequired":true,"valueName":"search_term_string"}}],"inLanguage":"fr-FR"},{"@type":"Organization","@id":"https:\/\/gymfactory.eu\/fr\/#organization","name":"Gym Factory","url":"https:\/\/gymfactory.eu\/fr\/","logo":{"@type":"ImageObject","inLanguage":"fr-FR","@id":"https:\/\/gymfactory.eu\/fr\/#\/schema\/logo\/image\/","url":"https:\/\/gymfactory.eu\/wp-content\/uploads\/2024\/11\/Component-1.svg","contentUrl":"https:\/\/gymfactory.eu\/wp-content\/uploads\/2024\/11\/Component-1.svg","width":54,"height":44,"caption":"Gym Factory"},"image":{"@id":"https:\/\/gymfactory.eu\/fr\/#\/schema\/logo\/image\/"}}]}},"_links":{"self":[{"href":"https:\/\/gymfactory.eu\/fr\/wp-json\/wp\/v2\/product\/26083","targetHints":{"allow":["GET"]}}],"collection":[{"href":"https:\/\/gymfactory.eu\/fr\/wp-json\/wp\/v2\/product"}],"about":[{"href":"https:\/\/gymfactory.eu\/fr\/wp-json\/wp\/v2\/types\/product"}],"wp:featuredmedia":[{"embeddable":true,"href":"https:\/\/gymfactory.eu\/fr\/wp-json\/wp\/v2\/media\/11632"}],"wp:attachment":[{"href":"https:\/\/gymfactory.eu\/fr\/wp-json\/wp\/v2\/media?parent=26083"}],"wp:term":[{"taxonomy":"product_brand","embeddable":true,"href":"https:\/\/gymfactory.eu\/fr\/wp-json\/wp\/v2\/product_brand?post=26083"},{"taxonomy":"product_cat","embeddable":true,"href":"https:\/\/gymfactory.eu\/fr\/wp-json\/wp\/v2\/product_cat?post=26083"},{"taxonomy":"product_tag","embeddable":true,"href":"https:\/\/gymfactory.eu\/fr\/wp-json\/wp\/v2\/product_tag?post=26083"}],"curies":[{"name":"wp","href":"https:\/\/api.w.org\/{rel}","templated":true}]}}