{"id":26071,"date":"2025-02-07T11:21:30","date_gmt":"2025-02-07T09:21:30","guid":{"rendered":"https:\/\/gymfactory.eu\/product\/machine-developpe-epaules-p1x\/"},"modified":"2025-02-07T11:21:30","modified_gmt":"2025-02-07T09:21:30","slug":"machine-developpe-epaules-p1x","status":"publish","type":"product","link":"https:\/\/gymfactory.eu\/fr\/produit\/machine-developpe-epaules-p1x\/","title":{"rendered":"Machine D\u00e9velopp\u00e9 \u00c9paules P1X"},"content":{"rendered":"<p>La Machine D\u00e9velopp\u00e9 \u00c9paules P1X est une machine de musculation \u00e0 c\u00e2ble con\u00e7ue pour l\u2019entra\u00eenement du d\u00e9velopp\u00e9 \u00e9paules assis. Adapt\u00e9e \u00e0 toute configuration de salle, elle fonctionne bien comme \u00e9quipement d\u2019exercice pour le domicile et la salle de sport commerciale. <\/p>\n<p>Cette machine est utilis\u00e9e pour le d\u00e9velopp\u00e9 \u00e9paules assis \u00e0 la poulie, un mouvement de pouss\u00e9e vertical contr\u00f4l\u00e9 qui cible les \u00e9paules. La hauteur du si\u00e8ge est r\u00e9glable pour aligner correctement les bras et les \u00e9paules pendant l\u2019exercice. Une plateforme pour les pieds int\u00e9gr\u00e9e aide \u00e0 stabiliser le corps, permettant aux utilisateurs de pousser avec plus de contr\u00f4le et de confiance.  <\/p>\n<p>La Machine D\u00e9velopp\u00e9 \u00c9paules P1X offre un entra\u00eenement des \u00e9paules cibl\u00e9 avec un soutien r\u00e9glable et une position assise stable.<\/p>\n\n    <div class=\"xs_social_share_widget xs_share_url after_content \t\tmain_content  wslu-style-1 wslu-share-box-shaped wslu-fill-colored wslu-none wslu-share-horizontal wslu-theme-font-no wslu-main_content\">\n\n\t\t\n        <ul>\n\t\t\t        <\/ul>\n    <\/div> \n","protected":false},"excerpt":{"rendered":"<p>La Machine D\u00e9velopp\u00e9 \u00c9paules P1X est une machine de musculation \u00e0 c\u00e2ble con\u00e7ue pour l\u2019entra\u00eenement du d\u00e9velopp\u00e9 \u00e9paules assis. Adapt\u00e9e \u00e0 toute configuration de salle, elle fonctionne bien comme \u00e9quipement d\u2019exercice pour le domicile et la salle de sport commerciale. Cette machine est utilis\u00e9e pour le d\u00e9velopp\u00e9 \u00e9paules assis \u00e0 la poulie, un mouvement de [&hellip;]<\/p>\n","protected":false},"featured_media":11232,"template":"","meta":{"_acf_changed":false},"product_brand":[56],"product_cat":[825],"product_tag":[],"class_list":{"0":"post-26071","1":"product","2":"type-product","3":"status-publish","4":"has-post-thumbnail","6":"product_brand-gym-factory","7":"product_cat-machines-a-cables","9":"first","10":"onbackorder","11":"taxable","12":"shipping-taxable","13":"purchasable","14":"product-type-variable","15":"has-default-attributes"},"acf":[],"yoast_head":"<!-- This site is optimized with the Yoast SEO plugin v25.2 - https:\/\/yoast.com\/wordpress\/plugins\/seo\/ -->\n<title>Machine D\u00e9velopp\u00e9 \u00c9paules P1X \u2013 \u00c9quipement pour Toute Salle<\/title>\n<meta name=\"description\" content=\"Vous installez une salle polyvalente ? La Machine D\u00e9velopp\u00e9 \u00c9paules P1X est con\u00e7ue pour la musculation du haut du corps et s\u2019int\u00e8gre parfaitement dans tout espace de fitness.\" \/>\n<meta name=\"robots\" content=\"index, follow, max-snippet:-1, max-image-preview:large, max-video-preview:-1\" \/>\n<link rel=\"canonical\" href=\"https:\/\/gymfactory.eu\/fr\/produit\/machine-developpe-epaules-p1x\/\" \/>\n<meta property=\"og:locale\" content=\"fr_FR\" \/>\n<meta property=\"og:type\" content=\"article\" \/>\n<meta property=\"og:title\" content=\"Machine D\u00e9velopp\u00e9 \u00c9paules P1X \u2013 \u00c9quipement pour Toute Salle\" \/>\n<meta property=\"og:description\" content=\"Vous installez une salle polyvalente ? La Machine D\u00e9velopp\u00e9 \u00c9paules P1X est con\u00e7ue pour la musculation du haut du corps et s\u2019int\u00e8gre parfaitement dans tout espace de fitness.\" \/>\n<meta property=\"og:url\" content=\"https:\/\/gymfactory.eu\/fr\/produit\/machine-developpe-epaules-p1x\/\" \/>\n<meta property=\"og:site_name\" content=\"Gym Factory\" \/>\n<meta property=\"og:image\" content=\"https:\/\/gymfactory.eu\/wp-content\/uploads\/2025\/02\/Gym-Machine-Shoulder-Press-Gym-Setup-Side-View.jpg\" \/>\n\t<meta property=\"og:image:width\" content=\"1500\" \/>\n\t<meta property=\"og:image:height\" content=\"1500\" \/>\n\t<meta property=\"og:image:type\" content=\"image\/jpeg\" \/>\n<meta name=\"twitter:card\" content=\"summary_large_image\" \/>\n<meta name=\"twitter:label1\" content=\"Dur\u00e9e de lecture estim\u00e9e\" \/>\n\t<meta name=\"twitter:data1\" content=\"1 minute\" \/>\n<script type=\"application\/ld+json\" class=\"yoast-schema-graph\">{\"@context\":\"https:\/\/schema.org\",\"@graph\":[{\"@type\":\"WebPage\",\"@id\":\"https:\/\/gymfactory.eu\/fr\/produit\/machine-developpe-epaules-p1x\/\",\"url\":\"https:\/\/gymfactory.eu\/fr\/produit\/machine-developpe-epaules-p1x\/\",\"name\":\"Machine D\u00e9velopp\u00e9 \u00c9paules P1X \u2013 \u00c9quipement pour Toute Salle\",\"isPartOf\":{\"@id\":\"https:\/\/gymfactory.eu\/fr\/#website\"},\"primaryImageOfPage\":{\"@id\":\"https:\/\/gymfactory.eu\/fr\/produit\/machine-developpe-epaules-p1x\/#primaryimage\"},\"image\":{\"@id\":\"https:\/\/gymfactory.eu\/fr\/produit\/machine-developpe-epaules-p1x\/#primaryimage\"},\"thumbnailUrl\":\"https:\/\/gymfactory.eu\/wp-content\/uploads\/2025\/02\/Gym-Machine-Shoulder-Press-Gym-Setup-Side-View.jpg\",\"datePublished\":\"2025-02-07T09:21:30+00:00\",\"description\":\"Vous installez une salle polyvalente ? La Machine D\u00e9velopp\u00e9 \u00c9paules P1X est con\u00e7ue pour la musculation du haut du corps et s\u2019int\u00e8gre parfaitement dans tout espace de fitness.\",\"breadcrumb\":{\"@id\":\"https:\/\/gymfactory.eu\/fr\/produit\/machine-developpe-epaules-p1x\/#breadcrumb\"},\"inLanguage\":\"fr-FR\",\"potentialAction\":[{\"@type\":\"ReadAction\",\"target\":[\"https:\/\/gymfactory.eu\/fr\/produit\/machine-developpe-epaules-p1x\/\"]}]},{\"@type\":\"ImageObject\",\"inLanguage\":\"fr-FR\",\"@id\":\"https:\/\/gymfactory.eu\/fr\/produit\/machine-developpe-epaules-p1x\/#primaryimage\",\"url\":\"https:\/\/gymfactory.eu\/wp-content\/uploads\/2025\/02\/Gym-Machine-Shoulder-Press-Gym-Setup-Side-View.jpg\",\"contentUrl\":\"https:\/\/gymfactory.eu\/wp-content\/uploads\/2025\/02\/Gym-Machine-Shoulder-Press-Gym-Setup-Side-View.jpg\",\"width\":1500,\"height\":1500,\"caption\":\"Une personne utilisant une machine de salle de sport pour un entra\u00eenement de d\u00e9velopp\u00e9 \u00e9paules. La machine poss\u00e8de un cadre en m\u00e9tal rouge, un si\u00e8ge rembourr\u00e9 r\u00e9glable et un syst\u00e8me de c\u00e2ble lest\u00e9 pour la r\u00e9sistance. L\u2019utilisateur est assis, les mains saisissant les poign\u00e9es, poussant vers le haut pour engager les muscles des \u00e9paules.\"},{\"@type\":\"BreadcrumbList\",\"@id\":\"https:\/\/gymfactory.eu\/fr\/produit\/machine-developpe-epaules-p1x\/#breadcrumb\",\"itemListElement\":[{\"@type\":\"ListItem\",\"position\":1,\"name\":\"Home\",\"item\":\"https:\/\/gymfactory.eu\/fr\/page-principale\/\"},{\"@type\":\"ListItem\",\"position\":2,\"name\":\"Catalogue\",\"item\":\"https:\/\/gymfactory.eu\/fr\/catalogue-2\/\"},{\"@type\":\"ListItem\",\"position\":3,\"name\":\"Machine D\u00e9velopp\u00e9 \u00c9paules P1X\"}]},{\"@type\":\"WebSite\",\"@id\":\"https:\/\/gymfactory.eu\/fr\/#website\",\"url\":\"https:\/\/gymfactory.eu\/fr\/\",\"name\":\"Gym Factory\",\"description\":\"\",\"publisher\":{\"@id\":\"https:\/\/gymfactory.eu\/fr\/#organization\"},\"potentialAction\":[{\"@type\":\"SearchAction\",\"target\":{\"@type\":\"EntryPoint\",\"urlTemplate\":\"https:\/\/gymfactory.eu\/fr\/?s={search_term_string}\"},\"query-input\":{\"@type\":\"PropertyValueSpecification\",\"valueRequired\":true,\"valueName\":\"search_term_string\"}}],\"inLanguage\":\"fr-FR\"},{\"@type\":\"Organization\",\"@id\":\"https:\/\/gymfactory.eu\/fr\/#organization\",\"name\":\"Gym Factory\",\"url\":\"https:\/\/gymfactory.eu\/fr\/\",\"logo\":{\"@type\":\"ImageObject\",\"inLanguage\":\"fr-FR\",\"@id\":\"https:\/\/gymfactory.eu\/fr\/#\/schema\/logo\/image\/\",\"url\":\"https:\/\/gymfactory.eu\/wp-content\/uploads\/2024\/11\/Component-1.svg\",\"contentUrl\":\"https:\/\/gymfactory.eu\/wp-content\/uploads\/2024\/11\/Component-1.svg\",\"width\":54,\"height\":44,\"caption\":\"Gym Factory\"},\"image\":{\"@id\":\"https:\/\/gymfactory.eu\/fr\/#\/schema\/logo\/image\/\"}}]}<\/script>\n<!-- \/ Yoast SEO plugin. -->","yoast_head_json":{"title":"Machine D\u00e9velopp\u00e9 \u00c9paules P1X \u2013 \u00c9quipement pour Toute Salle","description":"Vous installez une salle polyvalente ? La Machine D\u00e9velopp\u00e9 \u00c9paules P1X est con\u00e7ue pour la musculation du haut du corps et s\u2019int\u00e8gre parfaitement dans tout espace de fitness.","robots":{"index":"index","follow":"follow","max-snippet":"max-snippet:-1","max-image-preview":"max-image-preview:large","max-video-preview":"max-video-preview:-1"},"canonical":"https:\/\/gymfactory.eu\/fr\/produit\/machine-developpe-epaules-p1x\/","og_locale":"fr_FR","og_type":"article","og_title":"Machine D\u00e9velopp\u00e9 \u00c9paules P1X \u2013 \u00c9quipement pour Toute Salle","og_description":"Vous installez une salle polyvalente ? La Machine D\u00e9velopp\u00e9 \u00c9paules P1X est con\u00e7ue pour la musculation du haut du corps et s\u2019int\u00e8gre parfaitement dans tout espace de fitness.","og_url":"https:\/\/gymfactory.eu\/fr\/produit\/machine-developpe-epaules-p1x\/","og_site_name":"Gym Factory","og_image":[{"width":1500,"height":1500,"url":"https:\/\/gymfactory.eu\/wp-content\/uploads\/2025\/02\/Gym-Machine-Shoulder-Press-Gym-Setup-Side-View.jpg","type":"image\/jpeg"}],"twitter_card":"summary_large_image","twitter_misc":{"Dur\u00e9e de lecture estim\u00e9e":"1 minute"},"schema":{"@context":"https:\/\/schema.org","@graph":[{"@type":"WebPage","@id":"https:\/\/gymfactory.eu\/fr\/produit\/machine-developpe-epaules-p1x\/","url":"https:\/\/gymfactory.eu\/fr\/produit\/machine-developpe-epaules-p1x\/","name":"Machine D\u00e9velopp\u00e9 \u00c9paules P1X \u2013 \u00c9quipement pour Toute Salle","isPartOf":{"@id":"https:\/\/gymfactory.eu\/fr\/#website"},"primaryImageOfPage":{"@id":"https:\/\/gymfactory.eu\/fr\/produit\/machine-developpe-epaules-p1x\/#primaryimage"},"image":{"@id":"https:\/\/gymfactory.eu\/fr\/produit\/machine-developpe-epaules-p1x\/#primaryimage"},"thumbnailUrl":"https:\/\/gymfactory.eu\/wp-content\/uploads\/2025\/02\/Gym-Machine-Shoulder-Press-Gym-Setup-Side-View.jpg","datePublished":"2025-02-07T09:21:30+00:00","description":"Vous installez une salle polyvalente ? La Machine D\u00e9velopp\u00e9 \u00c9paules P1X est con\u00e7ue pour la musculation du haut du corps et s\u2019int\u00e8gre parfaitement dans tout espace de fitness.","breadcrumb":{"@id":"https:\/\/gymfactory.eu\/fr\/produit\/machine-developpe-epaules-p1x\/#breadcrumb"},"inLanguage":"fr-FR","potentialAction":[{"@type":"ReadAction","target":["https:\/\/gymfactory.eu\/fr\/produit\/machine-developpe-epaules-p1x\/"]}]},{"@type":"ImageObject","inLanguage":"fr-FR","@id":"https:\/\/gymfactory.eu\/fr\/produit\/machine-developpe-epaules-p1x\/#primaryimage","url":"https:\/\/gymfactory.eu\/wp-content\/uploads\/2025\/02\/Gym-Machine-Shoulder-Press-Gym-Setup-Side-View.jpg","contentUrl":"https:\/\/gymfactory.eu\/wp-content\/uploads\/2025\/02\/Gym-Machine-Shoulder-Press-Gym-Setup-Side-View.jpg","width":1500,"height":1500,"caption":"Une personne utilisant une machine de salle de sport pour un entra\u00eenement de d\u00e9velopp\u00e9 \u00e9paules. La machine poss\u00e8de un cadre en m\u00e9tal rouge, un si\u00e8ge rembourr\u00e9 r\u00e9glable et un syst\u00e8me de c\u00e2ble lest\u00e9 pour la r\u00e9sistance. L\u2019utilisateur est assis, les mains saisissant les poign\u00e9es, poussant vers le haut pour engager les muscles des \u00e9paules."},{"@type":"BreadcrumbList","@id":"https:\/\/gymfactory.eu\/fr\/produit\/machine-developpe-epaules-p1x\/#breadcrumb","itemListElement":[{"@type":"ListItem","position":1,"name":"Home","item":"https:\/\/gymfactory.eu\/fr\/page-principale\/"},{"@type":"ListItem","position":2,"name":"Catalogue","item":"https:\/\/gymfactory.eu\/fr\/catalogue-2\/"},{"@type":"ListItem","position":3,"name":"Machine D\u00e9velopp\u00e9 \u00c9paules P1X"}]},{"@type":"WebSite","@id":"https:\/\/gymfactory.eu\/fr\/#website","url":"https:\/\/gymfactory.eu\/fr\/","name":"Gym Factory","description":"","publisher":{"@id":"https:\/\/gymfactory.eu\/fr\/#organization"},"potentialAction":[{"@type":"SearchAction","target":{"@type":"EntryPoint","urlTemplate":"https:\/\/gymfactory.eu\/fr\/?s={search_term_string}"},"query-input":{"@type":"PropertyValueSpecification","valueRequired":true,"valueName":"search_term_string"}}],"inLanguage":"fr-FR"},{"@type":"Organization","@id":"https:\/\/gymfactory.eu\/fr\/#organization","name":"Gym Factory","url":"https:\/\/gymfactory.eu\/fr\/","logo":{"@type":"ImageObject","inLanguage":"fr-FR","@id":"https:\/\/gymfactory.eu\/fr\/#\/schema\/logo\/image\/","url":"https:\/\/gymfactory.eu\/wp-content\/uploads\/2024\/11\/Component-1.svg","contentUrl":"https:\/\/gymfactory.eu\/wp-content\/uploads\/2024\/11\/Component-1.svg","width":54,"height":44,"caption":"Gym Factory"},"image":{"@id":"https:\/\/gymfactory.eu\/fr\/#\/schema\/logo\/image\/"}}]}},"_links":{"self":[{"href":"https:\/\/gymfactory.eu\/fr\/wp-json\/wp\/v2\/product\/26071","targetHints":{"allow":["GET"]}}],"collection":[{"href":"https:\/\/gymfactory.eu\/fr\/wp-json\/wp\/v2\/product"}],"about":[{"href":"https:\/\/gymfactory.eu\/fr\/wp-json\/wp\/v2\/types\/product"}],"wp:featuredmedia":[{"embeddable":true,"href":"https:\/\/gymfactory.eu\/fr\/wp-json\/wp\/v2\/media\/11232"}],"wp:attachment":[{"href":"https:\/\/gymfactory.eu\/fr\/wp-json\/wp\/v2\/media?parent=26071"}],"wp:term":[{"taxonomy":"product_brand","embeddable":true,"href":"https:\/\/gymfactory.eu\/fr\/wp-json\/wp\/v2\/product_brand?post=26071"},{"taxonomy":"product_cat","embeddable":true,"href":"https:\/\/gymfactory.eu\/fr\/wp-json\/wp\/v2\/product_cat?post=26071"},{"taxonomy":"product_tag","embeddable":true,"href":"https:\/\/gymfactory.eu\/fr\/wp-json\/wp\/v2\/product_tag?post=26071"}],"curies":[{"name":"wp","href":"https:\/\/api.w.org\/{rel}","templated":true}]}}