{"id":26058,"date":"2025-02-07T11:13:31","date_gmt":"2025-02-07T09:13:31","guid":{"rendered":"https:\/\/gymfactory.eu\/product\/machine-extension-mollets-o3x\/"},"modified":"2025-02-07T11:13:31","modified_gmt":"2025-02-07T09:13:31","slug":"machine-extension-mollets-o3x","status":"publish","type":"product","link":"https:\/\/gymfactory.eu\/fr\/produit\/machine-extension-mollets-o3x\/","title":{"rendered":"Machine Extension Mollets O3x"},"content":{"rendered":"<p>La Machine Extension Mollets O3x est une machine de musculation \u00e0 c\u00e2ble con\u00e7ue pour des exercices de jambes avec poids cibl\u00e9s. Adapt\u00e9e pour un usage en home gym ou en salle de sport commerciale, elle permet de r\u00e9aliser des extensions de mollets debout avec des options de r\u00e9glage pour la stabilit\u00e9 et le confort. <\/p>\n<p>La machine est utilis\u00e9e pour effectuer des exercices d\u2019extension de mollets debout, qui aident \u00e0 d\u00e9velopper les muscles des mollets gr\u00e2ce \u00e0 une extension verticale de la cheville sous r\u00e9sistance. Les supports d\u2019\u00e9paules rembourr\u00e9s peuvent \u00eatre r\u00e9gl\u00e9s en hauteur pour s\u2019adapter aux utilisateurs de diff\u00e9rentes tailles, assurant un alignement correct. <\/p>\n<p>Plusieurs positions de poign\u00e9e sont disponibles pour aider l\u2019utilisateur \u00e0 se stabiliser pendant le mouvement, offrant une posture s\u00e9curis\u00e9e tout au long de chaque r\u00e9p\u00e9tition.<\/p>\n<p>La Machine Extension Mollets O3x est un \u00e9quipement pratique pour la musculation, ax\u00e9 sur le d\u00e9veloppement du bas des jambes gr\u00e2ce \u00e0 un mouvement guid\u00e9 et charg\u00e9.<\/p>\n\n    <div class=\"xs_social_share_widget xs_share_url after_content \t\tmain_content  wslu-style-1 wslu-share-box-shaped wslu-fill-colored wslu-none wslu-share-horizontal wslu-theme-font-no wslu-main_content\">\n\n\t\t\n        <ul>\n\t\t\t        <\/ul>\n    <\/div> \n","protected":false},"excerpt":{"rendered":"<p>La Machine Extension Mollets O3x est une machine de musculation \u00e0 c\u00e2ble con\u00e7ue pour des exercices de jambes avec poids cibl\u00e9s. Adapt\u00e9e pour un usage en home gym ou en salle de sport commerciale, elle permet de r\u00e9aliser des extensions de mollets debout avec des options de r\u00e9glage pour la stabilit\u00e9 et le confort. La [&hellip;]<\/p>\n","protected":false},"featured_media":11227,"template":"","meta":{"_acf_changed":false},"product_brand":[56],"product_cat":[825],"product_tag":[],"class_list":{"0":"post-26058","1":"product","2":"type-product","3":"status-publish","4":"has-post-thumbnail","6":"product_brand-gym-factory","7":"product_cat-machines-a-cables","9":"first","10":"onbackorder","11":"taxable","12":"shipping-taxable","13":"purchasable","14":"product-type-variable","15":"has-default-attributes"},"acf":[],"yoast_head":"<!-- This site is optimized with the Yoast SEO plugin v25.2 - https:\/\/yoast.com\/wordpress\/plugins\/seo\/ -->\n<title>Machine Extension Mollets O3x pour Exercices de Musculation<\/title>\n<meta name=\"description\" content=\"Besoin d\u2019entra\u00eener les mollets efficacement ? La Machine Extension Mollets O3x est con\u00e7ue pour les exercices de musculation des jambes avec un mouvement fluide et une concentration musculaire isol\u00e9e.\" \/>\n<meta name=\"robots\" content=\"index, follow, max-snippet:-1, max-image-preview:large, max-video-preview:-1\" \/>\n<link rel=\"canonical\" href=\"https:\/\/gymfactory.eu\/fr\/produit\/machine-extension-mollets-o3x\/\" \/>\n<meta property=\"og:locale\" content=\"fr_FR\" \/>\n<meta property=\"og:type\" content=\"article\" \/>\n<meta property=\"og:title\" content=\"Machine Extension Mollets O3x pour Exercices de Musculation\" \/>\n<meta property=\"og:description\" content=\"Besoin d\u2019entra\u00eener les mollets efficacement ? La Machine Extension Mollets O3x est con\u00e7ue pour les exercices de musculation des jambes avec un mouvement fluide et une concentration musculaire isol\u00e9e.\" \/>\n<meta property=\"og:url\" content=\"https:\/\/gymfactory.eu\/fr\/produit\/machine-extension-mollets-o3x\/\" \/>\n<meta property=\"og:site_name\" content=\"Gym Factory\" \/>\n<meta property=\"og:image\" content=\"https:\/\/gymfactory.eu\/wp-content\/uploads\/2025\/02\/Gym-Machine-Standing-Dip-Front-View-1.webp\" \/>\n\t<meta property=\"og:image:width\" content=\"1500\" \/>\n\t<meta property=\"og:image:height\" content=\"1500\" \/>\n\t<meta property=\"og:image:type\" content=\"image\/webp\" \/>\n<meta name=\"twitter:card\" content=\"summary_large_image\" \/>\n<meta name=\"twitter:label1\" content=\"Dur\u00e9e de lecture estim\u00e9e\" \/>\n\t<meta name=\"twitter:data1\" content=\"1 minute\" \/>\n<script type=\"application\/ld+json\" class=\"yoast-schema-graph\">{\"@context\":\"https:\/\/schema.org\",\"@graph\":[{\"@type\":\"WebPage\",\"@id\":\"https:\/\/gymfactory.eu\/fr\/produit\/machine-extension-mollets-o3x\/\",\"url\":\"https:\/\/gymfactory.eu\/fr\/produit\/machine-extension-mollets-o3x\/\",\"name\":\"Machine Extension Mollets O3x pour Exercices de Musculation\",\"isPartOf\":{\"@id\":\"https:\/\/gymfactory.eu\/fr\/#website\"},\"primaryImageOfPage\":{\"@id\":\"https:\/\/gymfactory.eu\/fr\/produit\/machine-extension-mollets-o3x\/#primaryimage\"},\"image\":{\"@id\":\"https:\/\/gymfactory.eu\/fr\/produit\/machine-extension-mollets-o3x\/#primaryimage\"},\"thumbnailUrl\":\"https:\/\/gymfactory.eu\/wp-content\/uploads\/2025\/02\/Gym-Machine-Standing-Dip-Front-View-1.webp\",\"datePublished\":\"2025-02-07T09:13:31+00:00\",\"description\":\"Besoin d\u2019entra\u00eener les mollets efficacement ? La Machine Extension Mollets O3x est con\u00e7ue pour les exercices de musculation des jambes avec un mouvement fluide et une concentration musculaire isol\u00e9e.\",\"breadcrumb\":{\"@id\":\"https:\/\/gymfactory.eu\/fr\/produit\/machine-extension-mollets-o3x\/#breadcrumb\"},\"inLanguage\":\"fr-FR\",\"potentialAction\":[{\"@type\":\"ReadAction\",\"target\":[\"https:\/\/gymfactory.eu\/fr\/produit\/machine-extension-mollets-o3x\/\"]}]},{\"@type\":\"ImageObject\",\"inLanguage\":\"fr-FR\",\"@id\":\"https:\/\/gymfactory.eu\/fr\/produit\/machine-extension-mollets-o3x\/#primaryimage\",\"url\":\"https:\/\/gymfactory.eu\/wp-content\/uploads\/2025\/02\/Gym-Machine-Standing-Dip-Front-View-1.webp\",\"contentUrl\":\"https:\/\/gymfactory.eu\/wp-content\/uploads\/2025\/02\/Gym-Machine-Standing-Dip-Front-View-1.webp\",\"width\":1500,\"height\":1500,\"caption\":\"Vue de face d\u2019une machine de salle de sport pour dips debout avec un cadre blanc et un rembourrage noir. La colonne de poids indique 80 kg, et le syst\u00e8me de c\u00e2ble assure un mouvement fluide. La conception ergonomique soutient l\u2019entra\u00eenement de la force du haut du corps, en se concentrant sur les triceps et les \u00e9paules.\"},{\"@type\":\"BreadcrumbList\",\"@id\":\"https:\/\/gymfactory.eu\/fr\/produit\/machine-extension-mollets-o3x\/#breadcrumb\",\"itemListElement\":[{\"@type\":\"ListItem\",\"position\":1,\"name\":\"Home\",\"item\":\"https:\/\/gymfactory.eu\/fr\/page-principale\/\"},{\"@type\":\"ListItem\",\"position\":2,\"name\":\"Catalogue\",\"item\":\"https:\/\/gymfactory.eu\/fr\/catalogue-2\/\"},{\"@type\":\"ListItem\",\"position\":3,\"name\":\"Machine Extension Mollets O3x\"}]},{\"@type\":\"WebSite\",\"@id\":\"https:\/\/gymfactory.eu\/fr\/#website\",\"url\":\"https:\/\/gymfactory.eu\/fr\/\",\"name\":\"Gym Factory\",\"description\":\"\",\"publisher\":{\"@id\":\"https:\/\/gymfactory.eu\/fr\/#organization\"},\"potentialAction\":[{\"@type\":\"SearchAction\",\"target\":{\"@type\":\"EntryPoint\",\"urlTemplate\":\"https:\/\/gymfactory.eu\/fr\/?s={search_term_string}\"},\"query-input\":{\"@type\":\"PropertyValueSpecification\",\"valueRequired\":true,\"valueName\":\"search_term_string\"}}],\"inLanguage\":\"fr-FR\"},{\"@type\":\"Organization\",\"@id\":\"https:\/\/gymfactory.eu\/fr\/#organization\",\"name\":\"Gym Factory\",\"url\":\"https:\/\/gymfactory.eu\/fr\/\",\"logo\":{\"@type\":\"ImageObject\",\"inLanguage\":\"fr-FR\",\"@id\":\"https:\/\/gymfactory.eu\/fr\/#\/schema\/logo\/image\/\",\"url\":\"https:\/\/gymfactory.eu\/wp-content\/uploads\/2024\/11\/Component-1.svg\",\"contentUrl\":\"https:\/\/gymfactory.eu\/wp-content\/uploads\/2024\/11\/Component-1.svg\",\"width\":54,\"height\":44,\"caption\":\"Gym Factory\"},\"image\":{\"@id\":\"https:\/\/gymfactory.eu\/fr\/#\/schema\/logo\/image\/\"}}]}<\/script>\n<!-- \/ Yoast SEO plugin. -->","yoast_head_json":{"title":"Machine Extension Mollets O3x pour Exercices de Musculation","description":"Besoin d\u2019entra\u00eener les mollets efficacement ? La Machine Extension Mollets O3x est con\u00e7ue pour les exercices de musculation des jambes avec un mouvement fluide et une concentration musculaire isol\u00e9e.","robots":{"index":"index","follow":"follow","max-snippet":"max-snippet:-1","max-image-preview":"max-image-preview:large","max-video-preview":"max-video-preview:-1"},"canonical":"https:\/\/gymfactory.eu\/fr\/produit\/machine-extension-mollets-o3x\/","og_locale":"fr_FR","og_type":"article","og_title":"Machine Extension Mollets O3x pour Exercices de Musculation","og_description":"Besoin d\u2019entra\u00eener les mollets efficacement ? La Machine Extension Mollets O3x est con\u00e7ue pour les exercices de musculation des jambes avec un mouvement fluide et une concentration musculaire isol\u00e9e.","og_url":"https:\/\/gymfactory.eu\/fr\/produit\/machine-extension-mollets-o3x\/","og_site_name":"Gym Factory","og_image":[{"width":1500,"height":1500,"url":"https:\/\/gymfactory.eu\/wp-content\/uploads\/2025\/02\/Gym-Machine-Standing-Dip-Front-View-1.webp","type":"image\/webp"}],"twitter_card":"summary_large_image","twitter_misc":{"Dur\u00e9e de lecture estim\u00e9e":"1 minute"},"schema":{"@context":"https:\/\/schema.org","@graph":[{"@type":"WebPage","@id":"https:\/\/gymfactory.eu\/fr\/produit\/machine-extension-mollets-o3x\/","url":"https:\/\/gymfactory.eu\/fr\/produit\/machine-extension-mollets-o3x\/","name":"Machine Extension Mollets O3x pour Exercices de Musculation","isPartOf":{"@id":"https:\/\/gymfactory.eu\/fr\/#website"},"primaryImageOfPage":{"@id":"https:\/\/gymfactory.eu\/fr\/produit\/machine-extension-mollets-o3x\/#primaryimage"},"image":{"@id":"https:\/\/gymfactory.eu\/fr\/produit\/machine-extension-mollets-o3x\/#primaryimage"},"thumbnailUrl":"https:\/\/gymfactory.eu\/wp-content\/uploads\/2025\/02\/Gym-Machine-Standing-Dip-Front-View-1.webp","datePublished":"2025-02-07T09:13:31+00:00","description":"Besoin d\u2019entra\u00eener les mollets efficacement ? La Machine Extension Mollets O3x est con\u00e7ue pour les exercices de musculation des jambes avec un mouvement fluide et une concentration musculaire isol\u00e9e.","breadcrumb":{"@id":"https:\/\/gymfactory.eu\/fr\/produit\/machine-extension-mollets-o3x\/#breadcrumb"},"inLanguage":"fr-FR","potentialAction":[{"@type":"ReadAction","target":["https:\/\/gymfactory.eu\/fr\/produit\/machine-extension-mollets-o3x\/"]}]},{"@type":"ImageObject","inLanguage":"fr-FR","@id":"https:\/\/gymfactory.eu\/fr\/produit\/machine-extension-mollets-o3x\/#primaryimage","url":"https:\/\/gymfactory.eu\/wp-content\/uploads\/2025\/02\/Gym-Machine-Standing-Dip-Front-View-1.webp","contentUrl":"https:\/\/gymfactory.eu\/wp-content\/uploads\/2025\/02\/Gym-Machine-Standing-Dip-Front-View-1.webp","width":1500,"height":1500,"caption":"Vue de face d\u2019une machine de salle de sport pour dips debout avec un cadre blanc et un rembourrage noir. La colonne de poids indique 80 kg, et le syst\u00e8me de c\u00e2ble assure un mouvement fluide. La conception ergonomique soutient l\u2019entra\u00eenement de la force du haut du corps, en se concentrant sur les triceps et les \u00e9paules."},{"@type":"BreadcrumbList","@id":"https:\/\/gymfactory.eu\/fr\/produit\/machine-extension-mollets-o3x\/#breadcrumb","itemListElement":[{"@type":"ListItem","position":1,"name":"Home","item":"https:\/\/gymfactory.eu\/fr\/page-principale\/"},{"@type":"ListItem","position":2,"name":"Catalogue","item":"https:\/\/gymfactory.eu\/fr\/catalogue-2\/"},{"@type":"ListItem","position":3,"name":"Machine Extension Mollets O3x"}]},{"@type":"WebSite","@id":"https:\/\/gymfactory.eu\/fr\/#website","url":"https:\/\/gymfactory.eu\/fr\/","name":"Gym Factory","description":"","publisher":{"@id":"https:\/\/gymfactory.eu\/fr\/#organization"},"potentialAction":[{"@type":"SearchAction","target":{"@type":"EntryPoint","urlTemplate":"https:\/\/gymfactory.eu\/fr\/?s={search_term_string}"},"query-input":{"@type":"PropertyValueSpecification","valueRequired":true,"valueName":"search_term_string"}}],"inLanguage":"fr-FR"},{"@type":"Organization","@id":"https:\/\/gymfactory.eu\/fr\/#organization","name":"Gym Factory","url":"https:\/\/gymfactory.eu\/fr\/","logo":{"@type":"ImageObject","inLanguage":"fr-FR","@id":"https:\/\/gymfactory.eu\/fr\/#\/schema\/logo\/image\/","url":"https:\/\/gymfactory.eu\/wp-content\/uploads\/2024\/11\/Component-1.svg","contentUrl":"https:\/\/gymfactory.eu\/wp-content\/uploads\/2024\/11\/Component-1.svg","width":54,"height":44,"caption":"Gym Factory"},"image":{"@id":"https:\/\/gymfactory.eu\/fr\/#\/schema\/logo\/image\/"}}]}},"_links":{"self":[{"href":"https:\/\/gymfactory.eu\/fr\/wp-json\/wp\/v2\/product\/26058","targetHints":{"allow":["GET"]}}],"collection":[{"href":"https:\/\/gymfactory.eu\/fr\/wp-json\/wp\/v2\/product"}],"about":[{"href":"https:\/\/gymfactory.eu\/fr\/wp-json\/wp\/v2\/types\/product"}],"wp:featuredmedia":[{"embeddable":true,"href":"https:\/\/gymfactory.eu\/fr\/wp-json\/wp\/v2\/media\/11227"}],"wp:attachment":[{"href":"https:\/\/gymfactory.eu\/fr\/wp-json\/wp\/v2\/media?parent=26058"}],"wp:term":[{"taxonomy":"product_brand","embeddable":true,"href":"https:\/\/gymfactory.eu\/fr\/wp-json\/wp\/v2\/product_brand?post=26058"},{"taxonomy":"product_cat","embeddable":true,"href":"https:\/\/gymfactory.eu\/fr\/wp-json\/wp\/v2\/product_cat?post=26058"},{"taxonomy":"product_tag","embeddable":true,"href":"https:\/\/gymfactory.eu\/fr\/wp-json\/wp\/v2\/product_tag?post=26058"}],"curies":[{"name":"wp","href":"https:\/\/api.w.org\/{rel}","templated":true}]}}