{"id":26049,"date":"2025-02-07T10:25:35","date_gmt":"2025-02-07T08:25:35","guid":{"rendered":"https:\/\/gymfactory.eu\/product\/machine-pec-fly-m9x\/"},"modified":"2025-02-07T10:25:35","modified_gmt":"2025-02-07T08:25:35","slug":"machine-pec-fly-m9x","status":"publish","type":"product","link":"https:\/\/gymfactory.eu\/fr\/produit\/machine-pec-fly-m9x\/","title":{"rendered":"Machine Pec Fly M9X"},"content":{"rendered":"<p>La Machine Pec Fly M9X est une machine de salle de sport pour le haut du corps con\u00e7ue pour la musculation ax\u00e9e sur la poitrine. Adapt\u00e9e pour un home gym et une salle professionnelle, elle prend en charge un mouvement d\u2019\u00e9cart\u00e9 contr\u00f4l\u00e9 avec des r\u00e9glages ajustables pour un alignement correct. <\/p>\n<p>La machine est utilis\u00e9e pour entra\u00eener les muscles de la poitrine gr\u00e2ce \u00e0 un mouvement de pression vers l\u2019int\u00e9rieur. Elle comprend des supports rembourr\u00e9s pour les coudes et les avant-bras afin de guider les bras tout en r\u00e9duisant la tension au poignet. Des poign\u00e9es suppl\u00e9mentaires sont incluses pour plus de confort et de soutien pendant l\u2019exercice.  <\/p>\n<p>La hauteur du si\u00e8ge peut \u00eatre ajust\u00e9e pour s\u2019adapter \u00e0 diff\u00e9rents utilisateurs, et des supports de jambes aident \u00e0 stabiliser le corps pendant le mouvement.<\/p>\n<p>Faisant partie de l\u2019\u00e9quipement fiable pour la musculation, la Machine Pec Fly M9X offre une option cibl\u00e9e pour le travail de la poitrine au sein d\u2019une routine d\u2019entra\u00eenement du haut du corps plus large.<\/p>\n\n    <div class=\"xs_social_share_widget xs_share_url after_content \t\tmain_content  wslu-style-1 wslu-share-box-shaped wslu-fill-colored wslu-none wslu-share-horizontal wslu-theme-font-no wslu-main_content\">\n\n\t\t\n        <ul>\n\t\t\t        <\/ul>\n    <\/div> \n","protected":false},"excerpt":{"rendered":"<p>La Machine Pec Fly M9X est une machine de salle de sport pour le haut du corps con\u00e7ue pour la musculation ax\u00e9e sur la poitrine. Adapt\u00e9e pour un home gym et une salle professionnelle, elle prend en charge un mouvement d\u2019\u00e9cart\u00e9 contr\u00f4l\u00e9 avec des r\u00e9glages ajustables pour un alignement correct. La machine est utilis\u00e9e pour [&hellip;]<\/p>\n","protected":false},"featured_media":11900,"template":"","meta":{"_acf_changed":false},"product_brand":[56],"product_cat":[825],"product_tag":[],"class_list":{"0":"post-26049","1":"product","2":"type-product","3":"status-publish","4":"has-post-thumbnail","6":"product_brand-gym-factory","7":"product_cat-machines-a-cables","9":"first","10":"onbackorder","11":"taxable","12":"shipping-taxable","13":"purchasable","14":"product-type-variable","15":"has-default-attributes"},"acf":[],"yoast_head":"<!-- This site is optimized with the Yoast SEO plugin v25.2 - https:\/\/yoast.com\/wordpress\/plugins\/seo\/ -->\n<title>Machine Pec Fly M9X | \u00c9quipement de Musculation Haut du Corps<\/title>\n<meta name=\"description\" content=\"Vous entra\u00eenez votre poitrine et vos \u00e9paules ? La Machine Pec Fly M9X offre une r\u00e9sistance cibl\u00e9e pour une force efficace du haut du corps dans toute configuration de salle.\" \/>\n<meta name=\"robots\" content=\"index, follow, max-snippet:-1, max-image-preview:large, max-video-preview:-1\" \/>\n<link rel=\"canonical\" href=\"https:\/\/gymfactory.eu\/fr\/produit\/machine-pec-fly-m9x\/\" \/>\n<meta property=\"og:locale\" content=\"fr_FR\" \/>\n<meta property=\"og:type\" content=\"article\" \/>\n<meta property=\"og:title\" content=\"Machine Pec Fly M9X | \u00c9quipement de Musculation Haut du Corps\" \/>\n<meta property=\"og:description\" content=\"Vous entra\u00eenez votre poitrine et vos \u00e9paules ? La Machine Pec Fly M9X offre une r\u00e9sistance cibl\u00e9e pour une force efficace du haut du corps dans toute configuration de salle.\" \/>\n<meta property=\"og:url\" content=\"https:\/\/gymfactory.eu\/fr\/produit\/machine-pec-fly-m9x\/\" \/>\n<meta property=\"og:site_name\" content=\"Gym Factory\" \/>\n<meta property=\"og:image\" content=\"https:\/\/gymfactory.eu\/wp-content\/uploads\/2025\/02\/Gym-Machine-Pectoral-Fly-Side-View.webp\" \/>\n\t<meta property=\"og:image:width\" content=\"1500\" \/>\n\t<meta property=\"og:image:height\" content=\"1500\" \/>\n\t<meta property=\"og:image:type\" content=\"image\/webp\" \/>\n<meta name=\"twitter:card\" content=\"summary_large_image\" \/>\n<meta name=\"twitter:label1\" content=\"Dur\u00e9e de lecture estim\u00e9e\" \/>\n\t<meta name=\"twitter:data1\" content=\"1 minute\" \/>\n<script type=\"application\/ld+json\" class=\"yoast-schema-graph\">{\"@context\":\"https:\/\/schema.org\",\"@graph\":[{\"@type\":\"WebPage\",\"@id\":\"https:\/\/gymfactory.eu\/fr\/produit\/machine-pec-fly-m9x\/\",\"url\":\"https:\/\/gymfactory.eu\/fr\/produit\/machine-pec-fly-m9x\/\",\"name\":\"Machine Pec Fly M9X | \u00c9quipement de Musculation Haut du Corps\",\"isPartOf\":{\"@id\":\"https:\/\/gymfactory.eu\/fr\/#website\"},\"primaryImageOfPage\":{\"@id\":\"https:\/\/gymfactory.eu\/fr\/produit\/machine-pec-fly-m9x\/#primaryimage\"},\"image\":{\"@id\":\"https:\/\/gymfactory.eu\/fr\/produit\/machine-pec-fly-m9x\/#primaryimage\"},\"thumbnailUrl\":\"https:\/\/gymfactory.eu\/wp-content\/uploads\/2025\/02\/Gym-Machine-Pectoral-Fly-Side-View.webp\",\"datePublished\":\"2025-02-07T08:25:35+00:00\",\"description\":\"Vous entra\u00eenez votre poitrine et vos \u00e9paules ? La Machine Pec Fly M9X offre une r\u00e9sistance cibl\u00e9e pour une force efficace du haut du corps dans toute configuration de salle.\",\"breadcrumb\":{\"@id\":\"https:\/\/gymfactory.eu\/fr\/produit\/machine-pec-fly-m9x\/#breadcrumb\"},\"inLanguage\":\"fr-FR\",\"potentialAction\":[{\"@type\":\"ReadAction\",\"target\":[\"https:\/\/gymfactory.eu\/fr\/produit\/machine-pec-fly-m9x\/\"]}]},{\"@type\":\"ImageObject\",\"inLanguage\":\"fr-FR\",\"@id\":\"https:\/\/gymfactory.eu\/fr\/produit\/machine-pec-fly-m9x\/#primaryimage\",\"url\":\"https:\/\/gymfactory.eu\/wp-content\/uploads\/2025\/02\/Gym-Machine-Pectoral-Fly-Side-View.webp\",\"contentUrl\":\"https:\/\/gymfactory.eu\/wp-content\/uploads\/2025\/02\/Gym-Machine-Pectoral-Fly-Side-View.webp\",\"width\":1500,\"height\":1500,\"caption\":\"Une vue en angle lat\u00e9ral d\u2019une machine de musculation pec fly met en \u00e9vidence la conception structurelle, le syst\u00e8me de poulie et le rembourrage pour le confort de l\u2019utilisateur. Le repose-pieds et le si\u00e8ge r\u00e9glable offrent une stabilit\u00e9, assurant une posture correcte pendant les entra\u00eenements.\"},{\"@type\":\"BreadcrumbList\",\"@id\":\"https:\/\/gymfactory.eu\/fr\/produit\/machine-pec-fly-m9x\/#breadcrumb\",\"itemListElement\":[{\"@type\":\"ListItem\",\"position\":1,\"name\":\"Home\",\"item\":\"https:\/\/gymfactory.eu\/fr\/page-principale\/\"},{\"@type\":\"ListItem\",\"position\":2,\"name\":\"Catalogue\",\"item\":\"https:\/\/gymfactory.eu\/fr\/catalogue-2\/\"},{\"@type\":\"ListItem\",\"position\":3,\"name\":\"Machine Pec Fly M9X\"}]},{\"@type\":\"WebSite\",\"@id\":\"https:\/\/gymfactory.eu\/fr\/#website\",\"url\":\"https:\/\/gymfactory.eu\/fr\/\",\"name\":\"Gym Factory\",\"description\":\"\",\"publisher\":{\"@id\":\"https:\/\/gymfactory.eu\/fr\/#organization\"},\"potentialAction\":[{\"@type\":\"SearchAction\",\"target\":{\"@type\":\"EntryPoint\",\"urlTemplate\":\"https:\/\/gymfactory.eu\/fr\/?s={search_term_string}\"},\"query-input\":{\"@type\":\"PropertyValueSpecification\",\"valueRequired\":true,\"valueName\":\"search_term_string\"}}],\"inLanguage\":\"fr-FR\"},{\"@type\":\"Organization\",\"@id\":\"https:\/\/gymfactory.eu\/fr\/#organization\",\"name\":\"Gym Factory\",\"url\":\"https:\/\/gymfactory.eu\/fr\/\",\"logo\":{\"@type\":\"ImageObject\",\"inLanguage\":\"fr-FR\",\"@id\":\"https:\/\/gymfactory.eu\/fr\/#\/schema\/logo\/image\/\",\"url\":\"https:\/\/gymfactory.eu\/wp-content\/uploads\/2024\/11\/Component-1.svg\",\"contentUrl\":\"https:\/\/gymfactory.eu\/wp-content\/uploads\/2024\/11\/Component-1.svg\",\"width\":54,\"height\":44,\"caption\":\"Gym Factory\"},\"image\":{\"@id\":\"https:\/\/gymfactory.eu\/fr\/#\/schema\/logo\/image\/\"}}]}<\/script>\n<!-- \/ Yoast SEO plugin. -->","yoast_head_json":{"title":"Machine Pec Fly M9X | \u00c9quipement de Musculation Haut du Corps","description":"Vous entra\u00eenez votre poitrine et vos \u00e9paules ? La Machine Pec Fly M9X offre une r\u00e9sistance cibl\u00e9e pour une force efficace du haut du corps dans toute configuration de salle.","robots":{"index":"index","follow":"follow","max-snippet":"max-snippet:-1","max-image-preview":"max-image-preview:large","max-video-preview":"max-video-preview:-1"},"canonical":"https:\/\/gymfactory.eu\/fr\/produit\/machine-pec-fly-m9x\/","og_locale":"fr_FR","og_type":"article","og_title":"Machine Pec Fly M9X | \u00c9quipement de Musculation Haut du Corps","og_description":"Vous entra\u00eenez votre poitrine et vos \u00e9paules ? La Machine Pec Fly M9X offre une r\u00e9sistance cibl\u00e9e pour une force efficace du haut du corps dans toute configuration de salle.","og_url":"https:\/\/gymfactory.eu\/fr\/produit\/machine-pec-fly-m9x\/","og_site_name":"Gym Factory","og_image":[{"width":1500,"height":1500,"url":"https:\/\/gymfactory.eu\/wp-content\/uploads\/2025\/02\/Gym-Machine-Pectoral-Fly-Side-View.webp","type":"image\/webp"}],"twitter_card":"summary_large_image","twitter_misc":{"Dur\u00e9e de lecture estim\u00e9e":"1 minute"},"schema":{"@context":"https:\/\/schema.org","@graph":[{"@type":"WebPage","@id":"https:\/\/gymfactory.eu\/fr\/produit\/machine-pec-fly-m9x\/","url":"https:\/\/gymfactory.eu\/fr\/produit\/machine-pec-fly-m9x\/","name":"Machine Pec Fly M9X | \u00c9quipement de Musculation Haut du Corps","isPartOf":{"@id":"https:\/\/gymfactory.eu\/fr\/#website"},"primaryImageOfPage":{"@id":"https:\/\/gymfactory.eu\/fr\/produit\/machine-pec-fly-m9x\/#primaryimage"},"image":{"@id":"https:\/\/gymfactory.eu\/fr\/produit\/machine-pec-fly-m9x\/#primaryimage"},"thumbnailUrl":"https:\/\/gymfactory.eu\/wp-content\/uploads\/2025\/02\/Gym-Machine-Pectoral-Fly-Side-View.webp","datePublished":"2025-02-07T08:25:35+00:00","description":"Vous entra\u00eenez votre poitrine et vos \u00e9paules ? La Machine Pec Fly M9X offre une r\u00e9sistance cibl\u00e9e pour une force efficace du haut du corps dans toute configuration de salle.","breadcrumb":{"@id":"https:\/\/gymfactory.eu\/fr\/produit\/machine-pec-fly-m9x\/#breadcrumb"},"inLanguage":"fr-FR","potentialAction":[{"@type":"ReadAction","target":["https:\/\/gymfactory.eu\/fr\/produit\/machine-pec-fly-m9x\/"]}]},{"@type":"ImageObject","inLanguage":"fr-FR","@id":"https:\/\/gymfactory.eu\/fr\/produit\/machine-pec-fly-m9x\/#primaryimage","url":"https:\/\/gymfactory.eu\/wp-content\/uploads\/2025\/02\/Gym-Machine-Pectoral-Fly-Side-View.webp","contentUrl":"https:\/\/gymfactory.eu\/wp-content\/uploads\/2025\/02\/Gym-Machine-Pectoral-Fly-Side-View.webp","width":1500,"height":1500,"caption":"Une vue en angle lat\u00e9ral d\u2019une machine de musculation pec fly met en \u00e9vidence la conception structurelle, le syst\u00e8me de poulie et le rembourrage pour le confort de l\u2019utilisateur. Le repose-pieds et le si\u00e8ge r\u00e9glable offrent une stabilit\u00e9, assurant une posture correcte pendant les entra\u00eenements."},{"@type":"BreadcrumbList","@id":"https:\/\/gymfactory.eu\/fr\/produit\/machine-pec-fly-m9x\/#breadcrumb","itemListElement":[{"@type":"ListItem","position":1,"name":"Home","item":"https:\/\/gymfactory.eu\/fr\/page-principale\/"},{"@type":"ListItem","position":2,"name":"Catalogue","item":"https:\/\/gymfactory.eu\/fr\/catalogue-2\/"},{"@type":"ListItem","position":3,"name":"Machine Pec Fly M9X"}]},{"@type":"WebSite","@id":"https:\/\/gymfactory.eu\/fr\/#website","url":"https:\/\/gymfactory.eu\/fr\/","name":"Gym Factory","description":"","publisher":{"@id":"https:\/\/gymfactory.eu\/fr\/#organization"},"potentialAction":[{"@type":"SearchAction","target":{"@type":"EntryPoint","urlTemplate":"https:\/\/gymfactory.eu\/fr\/?s={search_term_string}"},"query-input":{"@type":"PropertyValueSpecification","valueRequired":true,"valueName":"search_term_string"}}],"inLanguage":"fr-FR"},{"@type":"Organization","@id":"https:\/\/gymfactory.eu\/fr\/#organization","name":"Gym Factory","url":"https:\/\/gymfactory.eu\/fr\/","logo":{"@type":"ImageObject","inLanguage":"fr-FR","@id":"https:\/\/gymfactory.eu\/fr\/#\/schema\/logo\/image\/","url":"https:\/\/gymfactory.eu\/wp-content\/uploads\/2024\/11\/Component-1.svg","contentUrl":"https:\/\/gymfactory.eu\/wp-content\/uploads\/2024\/11\/Component-1.svg","width":54,"height":44,"caption":"Gym Factory"},"image":{"@id":"https:\/\/gymfactory.eu\/fr\/#\/schema\/logo\/image\/"}}]}},"_links":{"self":[{"href":"https:\/\/gymfactory.eu\/fr\/wp-json\/wp\/v2\/product\/26049","targetHints":{"allow":["GET"]}}],"collection":[{"href":"https:\/\/gymfactory.eu\/fr\/wp-json\/wp\/v2\/product"}],"about":[{"href":"https:\/\/gymfactory.eu\/fr\/wp-json\/wp\/v2\/types\/product"}],"wp:featuredmedia":[{"embeddable":true,"href":"https:\/\/gymfactory.eu\/fr\/wp-json\/wp\/v2\/media\/11900"}],"wp:attachment":[{"href":"https:\/\/gymfactory.eu\/fr\/wp-json\/wp\/v2\/media?parent=26049"}],"wp:term":[{"taxonomy":"product_brand","embeddable":true,"href":"https:\/\/gymfactory.eu\/fr\/wp-json\/wp\/v2\/product_brand?post=26049"},{"taxonomy":"product_cat","embeddable":true,"href":"https:\/\/gymfactory.eu\/fr\/wp-json\/wp\/v2\/product_cat?post=26049"},{"taxonomy":"product_tag","embeddable":true,"href":"https:\/\/gymfactory.eu\/fr\/wp-json\/wp\/v2\/product_tag?post=26049"}],"curies":[{"name":"wp","href":"https:\/\/api.w.org\/{rel}","templated":true}]}}