{"id":26027,"date":"2025-02-07T07:24:38","date_gmt":"2025-02-07T05:24:38","guid":{"rendered":"https:\/\/gymfactory.eu\/product\/machine-leg-extension-curl-m8xx2\/"},"modified":"2025-02-07T07:24:38","modified_gmt":"2025-02-07T05:24:38","slug":"machine-leg-extension-curl-m8xx2","status":"publish","type":"product","link":"https:\/\/gymfactory.eu\/fr\/produit\/machine-leg-extension-curl-m8xx2\/","title":{"rendered":"Machine Leg Extension &amp; Curl M8XX2"},"content":{"rendered":"<p>La Machine Leg Extension &amp; Curl M8XX2 est une machine de musculation \u00e0 double fonction con\u00e7ue pour des exercices de force efficaces ciblant les jambes. Adapt\u00e9e comme bon \u00e9quipement de home gym ou de salle commerciale, elle permet aux utilisateurs d\u2019effectuer \u00e0 la fois des extensions de jambes (leg extensions) et des curls de jambes (leg curls) dans une seule unit\u00e9 gain de place. <\/p>\n<p>Les extensions de jambes se concentrent sur l\u2019avant des cuisses (quadriceps), tandis que les curls de jambes renforcent l\u2019arri\u00e8re des jambes (ischio-jambiers). Ces mouvements isol\u00e9s aident \u00e0 am\u00e9liorer la force globale et le contr\u00f4le du bas du corps. <\/p>\n<p>La hauteur du boudin de maintien des jambes est r\u00e9glable, et le boudin de pouss\u00e9e est mont\u00e9 sur une articulation libre, lui permettant de s\u2019adapter \u00e0 diff\u00e9rents angles de jambes et proportions corporelles. La distance du dossier est \u00e9galement r\u00e9glable, aidant les utilisateurs \u00e0 trouver une position confortable et efficace pour les deux exercices. <\/p>\n<p>La Machine Leg Extension &amp; Curl M8XX2 offre un r\u00e9glage pr\u00e9cis, un mouvement fluide et un entra\u00eenement des jambes cibl\u00e9 \u2013 le tout dans une machine fiable.<\/p>\n\n    <div class=\"xs_social_share_widget xs_share_url after_content \t\tmain_content  wslu-style-1 wslu-share-box-shaped wslu-fill-colored wslu-none wslu-share-horizontal wslu-theme-font-no wslu-main_content\">\n\n\t\t\n        <ul>\n\t\t\t        <\/ul>\n    <\/div> \n","protected":false},"excerpt":{"rendered":"<p>La Machine Leg Extension &amp; Curl M8XX2 est une machine de musculation \u00e0 double fonction con\u00e7ue pour des exercices de force efficaces ciblant les jambes. Adapt\u00e9e comme bon \u00e9quipement de home gym ou de salle commerciale, elle permet aux utilisateurs d\u2019effectuer \u00e0 la fois des extensions de jambes (leg extensions) et des curls de jambes [&hellip;]<\/p>\n","protected":false},"featured_media":10838,"template":"","meta":{"_acf_changed":false},"product_brand":[56],"product_cat":[825],"product_tag":[],"class_list":{"0":"post-26027","1":"product","2":"type-product","3":"status-publish","4":"has-post-thumbnail","6":"product_brand-gym-factory","7":"product_cat-machines-a-cables","9":"first","10":"onbackorder","11":"taxable","12":"shipping-taxable","13":"purchasable","14":"product-type-variable","15":"has-default-attributes"},"acf":[],"yoast_head":"<!-- This site is optimized with the Yoast SEO plugin v25.2 - https:\/\/yoast.com\/wordpress\/plugins\/seo\/ -->\n<title>Machine Leg Extension &amp; Curl M8XX2 | Renforcer les Jambes<\/title>\n<meta name=\"description\" content=\"Vous voulez renforcer les quadriceps et les ischios ? La Machine Leg Extension &amp; Curl M8XX2 est con\u00e7ue pour un entra\u00eenement \u00e9quilibr\u00e9 du bas du corps dans toute configuration de salle.\" \/>\n<meta name=\"robots\" content=\"index, follow, max-snippet:-1, max-image-preview:large, max-video-preview:-1\" \/>\n<link rel=\"canonical\" href=\"https:\/\/gymfactory.eu\/fr\/produit\/machine-leg-extension-curl-m8xx2\/\" \/>\n<meta property=\"og:locale\" content=\"fr_FR\" \/>\n<meta property=\"og:type\" content=\"article\" \/>\n<meta property=\"og:title\" content=\"Machine Leg Extension &amp; Curl M8XX2 | Renforcer les Jambes\" \/>\n<meta property=\"og:description\" content=\"Vous voulez renforcer les quadriceps et les ischios ? La Machine Leg Extension &amp; Curl M8XX2 est con\u00e7ue pour un entra\u00eenement \u00e9quilibr\u00e9 du bas du corps dans toute configuration de salle.\" \/>\n<meta property=\"og:url\" content=\"https:\/\/gymfactory.eu\/fr\/produit\/machine-leg-extension-curl-m8xx2\/\" \/>\n<meta property=\"og:site_name\" content=\"Gym Factory\" \/>\n<meta property=\"og:image\" content=\"https:\/\/gymfactory.eu\/wp-content\/uploads\/2025\/02\/leg-extension-leg-curl-gym-machine-2.webp\" \/>\n\t<meta property=\"og:image:width\" content=\"1500\" \/>\n\t<meta property=\"og:image:height\" content=\"1500\" \/>\n\t<meta property=\"og:image:type\" content=\"image\/webp\" \/>\n<meta name=\"twitter:card\" content=\"summary_large_image\" \/>\n<meta name=\"twitter:label1\" content=\"Dur\u00e9e de lecture estim\u00e9e\" \/>\n\t<meta name=\"twitter:data1\" content=\"1 minute\" \/>\n<script type=\"application\/ld+json\" class=\"yoast-schema-graph\">{\"@context\":\"https:\/\/schema.org\",\"@graph\":[{\"@type\":\"WebPage\",\"@id\":\"https:\/\/gymfactory.eu\/fr\/produit\/machine-leg-extension-curl-m8xx2\/\",\"url\":\"https:\/\/gymfactory.eu\/fr\/produit\/machine-leg-extension-curl-m8xx2\/\",\"name\":\"Machine Leg Extension & Curl M8XX2 | Renforcer les Jambes\",\"isPartOf\":{\"@id\":\"https:\/\/gymfactory.eu\/fr\/#website\"},\"primaryImageOfPage\":{\"@id\":\"https:\/\/gymfactory.eu\/fr\/produit\/machine-leg-extension-curl-m8xx2\/#primaryimage\"},\"image\":{\"@id\":\"https:\/\/gymfactory.eu\/fr\/produit\/machine-leg-extension-curl-m8xx2\/#primaryimage\"},\"thumbnailUrl\":\"https:\/\/gymfactory.eu\/wp-content\/uploads\/2025\/02\/leg-extension-leg-curl-gym-machine-2.webp\",\"datePublished\":\"2025-02-07T05:24:38+00:00\",\"description\":\"Vous voulez renforcer les quadriceps et les ischios ? La Machine Leg Extension & Curl M8XX2 est con\u00e7ue pour un entra\u00eenement \u00e9quilibr\u00e9 du bas du corps dans toute configuration de salle.\",\"breadcrumb\":{\"@id\":\"https:\/\/gymfactory.eu\/fr\/produit\/machine-leg-extension-curl-m8xx2\/#breadcrumb\"},\"inLanguage\":\"fr-FR\",\"potentialAction\":[{\"@type\":\"ReadAction\",\"target\":[\"https:\/\/gymfactory.eu\/fr\/produit\/machine-leg-extension-curl-m8xx2\/\"]}]},{\"@type\":\"ImageObject\",\"inLanguage\":\"fr-FR\",\"@id\":\"https:\/\/gymfactory.eu\/fr\/produit\/machine-leg-extension-curl-m8xx2\/#primaryimage\",\"url\":\"https:\/\/gymfactory.eu\/wp-content\/uploads\/2025\/02\/leg-extension-leg-curl-gym-machine-2.webp\",\"contentUrl\":\"https:\/\/gymfactory.eu\/wp-content\/uploads\/2025\/02\/leg-extension-leg-curl-gym-machine-2.webp\",\"width\":1500,\"height\":1500,\"caption\":\"Une machine de salle de sport leg extension et leg curl ultra-r\u00e9sistante avec un cadre m\u00e9tallique solide et une colonne de poids pour une r\u00e9sistance progressive. Le si\u00e8ge bien rembourr\u00e9 et les rouleaux de jambes ergonomiques offrent un soutien, assurant un entra\u00eenement des jambes s\u00fbr et efficace.\"},{\"@type\":\"BreadcrumbList\",\"@id\":\"https:\/\/gymfactory.eu\/fr\/produit\/machine-leg-extension-curl-m8xx2\/#breadcrumb\",\"itemListElement\":[{\"@type\":\"ListItem\",\"position\":1,\"name\":\"Home\",\"item\":\"https:\/\/gymfactory.eu\/fr\/page-principale\/\"},{\"@type\":\"ListItem\",\"position\":2,\"name\":\"Catalogue\",\"item\":\"https:\/\/gymfactory.eu\/fr\/catalogue-2\/\"},{\"@type\":\"ListItem\",\"position\":3,\"name\":\"Machine Leg Extension &amp; Curl M8XX2\"}]},{\"@type\":\"WebSite\",\"@id\":\"https:\/\/gymfactory.eu\/fr\/#website\",\"url\":\"https:\/\/gymfactory.eu\/fr\/\",\"name\":\"Gym Factory\",\"description\":\"\",\"publisher\":{\"@id\":\"https:\/\/gymfactory.eu\/fr\/#organization\"},\"potentialAction\":[{\"@type\":\"SearchAction\",\"target\":{\"@type\":\"EntryPoint\",\"urlTemplate\":\"https:\/\/gymfactory.eu\/fr\/?s={search_term_string}\"},\"query-input\":{\"@type\":\"PropertyValueSpecification\",\"valueRequired\":true,\"valueName\":\"search_term_string\"}}],\"inLanguage\":\"fr-FR\"},{\"@type\":\"Organization\",\"@id\":\"https:\/\/gymfactory.eu\/fr\/#organization\",\"name\":\"Gym Factory\",\"url\":\"https:\/\/gymfactory.eu\/fr\/\",\"logo\":{\"@type\":\"ImageObject\",\"inLanguage\":\"fr-FR\",\"@id\":\"https:\/\/gymfactory.eu\/fr\/#\/schema\/logo\/image\/\",\"url\":\"https:\/\/gymfactory.eu\/wp-content\/uploads\/2024\/11\/Component-1.svg\",\"contentUrl\":\"https:\/\/gymfactory.eu\/wp-content\/uploads\/2024\/11\/Component-1.svg\",\"width\":54,\"height\":44,\"caption\":\"Gym Factory\"},\"image\":{\"@id\":\"https:\/\/gymfactory.eu\/fr\/#\/schema\/logo\/image\/\"}}]}<\/script>\n<!-- \/ Yoast SEO plugin. -->","yoast_head_json":{"title":"Machine Leg Extension & Curl M8XX2 | Renforcer les Jambes","description":"Vous voulez renforcer les quadriceps et les ischios ? La Machine Leg Extension & Curl M8XX2 est con\u00e7ue pour un entra\u00eenement \u00e9quilibr\u00e9 du bas du corps dans toute configuration de salle.","robots":{"index":"index","follow":"follow","max-snippet":"max-snippet:-1","max-image-preview":"max-image-preview:large","max-video-preview":"max-video-preview:-1"},"canonical":"https:\/\/gymfactory.eu\/fr\/produit\/machine-leg-extension-curl-m8xx2\/","og_locale":"fr_FR","og_type":"article","og_title":"Machine Leg Extension & Curl M8XX2 | Renforcer les Jambes","og_description":"Vous voulez renforcer les quadriceps et les ischios ? La Machine Leg Extension & Curl M8XX2 est con\u00e7ue pour un entra\u00eenement \u00e9quilibr\u00e9 du bas du corps dans toute configuration de salle.","og_url":"https:\/\/gymfactory.eu\/fr\/produit\/machine-leg-extension-curl-m8xx2\/","og_site_name":"Gym Factory","og_image":[{"width":1500,"height":1500,"url":"https:\/\/gymfactory.eu\/wp-content\/uploads\/2025\/02\/leg-extension-leg-curl-gym-machine-2.webp","type":"image\/webp"}],"twitter_card":"summary_large_image","twitter_misc":{"Dur\u00e9e de lecture estim\u00e9e":"1 minute"},"schema":{"@context":"https:\/\/schema.org","@graph":[{"@type":"WebPage","@id":"https:\/\/gymfactory.eu\/fr\/produit\/machine-leg-extension-curl-m8xx2\/","url":"https:\/\/gymfactory.eu\/fr\/produit\/machine-leg-extension-curl-m8xx2\/","name":"Machine Leg Extension & Curl M8XX2 | Renforcer les Jambes","isPartOf":{"@id":"https:\/\/gymfactory.eu\/fr\/#website"},"primaryImageOfPage":{"@id":"https:\/\/gymfactory.eu\/fr\/produit\/machine-leg-extension-curl-m8xx2\/#primaryimage"},"image":{"@id":"https:\/\/gymfactory.eu\/fr\/produit\/machine-leg-extension-curl-m8xx2\/#primaryimage"},"thumbnailUrl":"https:\/\/gymfactory.eu\/wp-content\/uploads\/2025\/02\/leg-extension-leg-curl-gym-machine-2.webp","datePublished":"2025-02-07T05:24:38+00:00","description":"Vous voulez renforcer les quadriceps et les ischios ? La Machine Leg Extension & Curl M8XX2 est con\u00e7ue pour un entra\u00eenement \u00e9quilibr\u00e9 du bas du corps dans toute configuration de salle.","breadcrumb":{"@id":"https:\/\/gymfactory.eu\/fr\/produit\/machine-leg-extension-curl-m8xx2\/#breadcrumb"},"inLanguage":"fr-FR","potentialAction":[{"@type":"ReadAction","target":["https:\/\/gymfactory.eu\/fr\/produit\/machine-leg-extension-curl-m8xx2\/"]}]},{"@type":"ImageObject","inLanguage":"fr-FR","@id":"https:\/\/gymfactory.eu\/fr\/produit\/machine-leg-extension-curl-m8xx2\/#primaryimage","url":"https:\/\/gymfactory.eu\/wp-content\/uploads\/2025\/02\/leg-extension-leg-curl-gym-machine-2.webp","contentUrl":"https:\/\/gymfactory.eu\/wp-content\/uploads\/2025\/02\/leg-extension-leg-curl-gym-machine-2.webp","width":1500,"height":1500,"caption":"Une machine de salle de sport leg extension et leg curl ultra-r\u00e9sistante avec un cadre m\u00e9tallique solide et une colonne de poids pour une r\u00e9sistance progressive. Le si\u00e8ge bien rembourr\u00e9 et les rouleaux de jambes ergonomiques offrent un soutien, assurant un entra\u00eenement des jambes s\u00fbr et efficace."},{"@type":"BreadcrumbList","@id":"https:\/\/gymfactory.eu\/fr\/produit\/machine-leg-extension-curl-m8xx2\/#breadcrumb","itemListElement":[{"@type":"ListItem","position":1,"name":"Home","item":"https:\/\/gymfactory.eu\/fr\/page-principale\/"},{"@type":"ListItem","position":2,"name":"Catalogue","item":"https:\/\/gymfactory.eu\/fr\/catalogue-2\/"},{"@type":"ListItem","position":3,"name":"Machine Leg Extension &amp; Curl M8XX2"}]},{"@type":"WebSite","@id":"https:\/\/gymfactory.eu\/fr\/#website","url":"https:\/\/gymfactory.eu\/fr\/","name":"Gym Factory","description":"","publisher":{"@id":"https:\/\/gymfactory.eu\/fr\/#organization"},"potentialAction":[{"@type":"SearchAction","target":{"@type":"EntryPoint","urlTemplate":"https:\/\/gymfactory.eu\/fr\/?s={search_term_string}"},"query-input":{"@type":"PropertyValueSpecification","valueRequired":true,"valueName":"search_term_string"}}],"inLanguage":"fr-FR"},{"@type":"Organization","@id":"https:\/\/gymfactory.eu\/fr\/#organization","name":"Gym Factory","url":"https:\/\/gymfactory.eu\/fr\/","logo":{"@type":"ImageObject","inLanguage":"fr-FR","@id":"https:\/\/gymfactory.eu\/fr\/#\/schema\/logo\/image\/","url":"https:\/\/gymfactory.eu\/wp-content\/uploads\/2024\/11\/Component-1.svg","contentUrl":"https:\/\/gymfactory.eu\/wp-content\/uploads\/2024\/11\/Component-1.svg","width":54,"height":44,"caption":"Gym Factory"},"image":{"@id":"https:\/\/gymfactory.eu\/fr\/#\/schema\/logo\/image\/"}}]}},"_links":{"self":[{"href":"https:\/\/gymfactory.eu\/fr\/wp-json\/wp\/v2\/product\/26027","targetHints":{"allow":["GET"]}}],"collection":[{"href":"https:\/\/gymfactory.eu\/fr\/wp-json\/wp\/v2\/product"}],"about":[{"href":"https:\/\/gymfactory.eu\/fr\/wp-json\/wp\/v2\/types\/product"}],"wp:featuredmedia":[{"embeddable":true,"href":"https:\/\/gymfactory.eu\/fr\/wp-json\/wp\/v2\/media\/10838"}],"wp:attachment":[{"href":"https:\/\/gymfactory.eu\/fr\/wp-json\/wp\/v2\/media?parent=26027"}],"wp:term":[{"taxonomy":"product_brand","embeddable":true,"href":"https:\/\/gymfactory.eu\/fr\/wp-json\/wp\/v2\/product_brand?post=26027"},{"taxonomy":"product_cat","embeddable":true,"href":"https:\/\/gymfactory.eu\/fr\/wp-json\/wp\/v2\/product_cat?post=26027"},{"taxonomy":"product_tag","embeddable":true,"href":"https:\/\/gymfactory.eu\/fr\/wp-json\/wp\/v2\/product_tag?post=26027"}],"curies":[{"name":"wp","href":"https:\/\/api.w.org\/{rel}","templated":true}]}}