{"id":26015,"date":"2025-02-07T07:11:44","date_gmt":"2025-02-07T05:11:44","guid":{"rendered":"https:\/\/gymfactory.eu\/product\/machine-leg-extension-m8x\/"},"modified":"2025-02-07T07:11:44","modified_gmt":"2025-02-07T05:11:44","slug":"machine-leg-extension-m8x","status":"publish","type":"product","link":"https:\/\/gymfactory.eu\/fr\/produit\/machine-leg-extension-m8x\/","title":{"rendered":"Machine Leg Extension M8X"},"content":{"rendered":"<p>La Machine Leg Extension M8X est une machine de salle de sport cibl\u00e9e, con\u00e7ue pour des exercices de musculation s\u00fbrs et efficaces visant l\u2019avant des cuisses. C\u2019est un choix solide pour une excellente configuration de home gym ou de salle commerciale, offrant un mouvement fluide et contr\u00f4l\u00e9 pour des entra\u00eenements ax\u00e9s sur les jambes. <\/p>\n<p>Cette machine est utilis\u00e9e pour les extensions de jambes (leg extensions), un exercice classique pour les jambes qui isole et renforce les quadriceps. Le mouvement est respectueux des articulations, permettant un entra\u00eenement s\u00fbr des genoux gr\u00e2ce \u00e0 une amplitude guid\u00e9e. <\/p>\n<p>La hauteur du coussin de jambe peut \u00eatre ajust\u00e9e pour s\u2019adapter \u00e0 diff\u00e9rentes longueurs de jambes des utilisateurs, et la position du dossier est \u00e9galement r\u00e9glable pour assurer une assise et un alignement corrects. Des poign\u00e9es lat\u00e9rales offrent de la stabilit\u00e9 pendant le mouvement. <\/p>\n<p>La Machine Leg Extension M8X offre un entra\u00eenement du bas du corps cibl\u00e9 avec une ajustabilit\u00e9 centr\u00e9e sur l\u2019utilisateur et une m\u00e9canique s\u00fbre pour les articulations.<\/p>\n\n    <div class=\"xs_social_share_widget xs_share_url after_content \t\tmain_content  wslu-style-1 wslu-share-box-shaped wslu-fill-colored wslu-none wslu-share-horizontal wslu-theme-font-no wslu-main_content\">\n\n\t\t\n        <ul>\n\t\t\t        <\/ul>\n    <\/div> \n","protected":false},"excerpt":{"rendered":"<p>La Machine Leg Extension M8X est une machine de salle de sport cibl\u00e9e, con\u00e7ue pour des exercices de musculation s\u00fbrs et efficaces visant l\u2019avant des cuisses. C\u2019est un choix solide pour une excellente configuration de home gym ou de salle commerciale, offrant un mouvement fluide et contr\u00f4l\u00e9 pour des entra\u00eenements ax\u00e9s sur les jambes. Cette [&hellip;]<\/p>\n","protected":false},"featured_media":11895,"template":"","meta":{"_acf_changed":false},"product_brand":[56],"product_cat":[825],"product_tag":[],"class_list":{"0":"post-26015","1":"product","2":"type-product","3":"status-publish","4":"has-post-thumbnail","6":"product_brand-gym-factory","7":"product_cat-machines-a-cables","9":"first","10":"onbackorder","11":"taxable","12":"shipping-taxable","13":"purchasable","14":"product-type-variable","15":"has-default-attributes"},"acf":[],"yoast_head":"<!-- This site is optimized with the Yoast SEO plugin v25.2 - https:\/\/yoast.com\/wordpress\/plugins\/seo\/ -->\n<title>Machine Leg Extension M8X pour Exercices de Musculation<\/title>\n<meta name=\"description\" content=\"Besoin d\u2019un entra\u00eenement cibl\u00e9 des quadriceps ? La Machine Leg Extension M8X est con\u00e7ue pour des exercices de musculation qui ciblent l\u2019avant de vos jambes avec r\u00e9sistance.\" \/>\n<meta name=\"robots\" content=\"index, follow, max-snippet:-1, max-image-preview:large, max-video-preview:-1\" \/>\n<link rel=\"canonical\" href=\"https:\/\/gymfactory.eu\/fr\/produit\/machine-leg-extension-m8x\/\" \/>\n<meta property=\"og:locale\" content=\"fr_FR\" \/>\n<meta property=\"og:type\" content=\"article\" \/>\n<meta property=\"og:title\" content=\"Machine Leg Extension M8X pour Exercices de Musculation\" \/>\n<meta property=\"og:description\" content=\"Besoin d\u2019un entra\u00eenement cibl\u00e9 des quadriceps ? La Machine Leg Extension M8X est con\u00e7ue pour des exercices de musculation qui ciblent l\u2019avant de vos jambes avec r\u00e9sistance.\" \/>\n<meta property=\"og:url\" content=\"https:\/\/gymfactory.eu\/fr\/produit\/machine-leg-extension-m8x\/\" \/>\n<meta property=\"og:site_name\" content=\"Gym Factory\" \/>\n<meta property=\"og:image\" content=\"https:\/\/gymfactory.eu\/wp-content\/uploads\/2025\/02\/gym-machine-seated-leg-extension.webp\" \/>\n\t<meta property=\"og:image:width\" content=\"1500\" \/>\n\t<meta property=\"og:image:height\" content=\"1500\" \/>\n\t<meta property=\"og:image:type\" content=\"image\/webp\" \/>\n<meta name=\"twitter:card\" content=\"summary_large_image\" \/>\n<meta name=\"twitter:label1\" content=\"Dur\u00e9e de lecture estim\u00e9e\" \/>\n\t<meta name=\"twitter:data1\" content=\"1 minute\" \/>\n<script type=\"application\/ld+json\" class=\"yoast-schema-graph\">{\"@context\":\"https:\/\/schema.org\",\"@graph\":[{\"@type\":\"WebPage\",\"@id\":\"https:\/\/gymfactory.eu\/fr\/produit\/machine-leg-extension-m8x\/\",\"url\":\"https:\/\/gymfactory.eu\/fr\/produit\/machine-leg-extension-m8x\/\",\"name\":\"Machine Leg Extension M8X pour Exercices de Musculation\",\"isPartOf\":{\"@id\":\"https:\/\/gymfactory.eu\/fr\/#website\"},\"primaryImageOfPage\":{\"@id\":\"https:\/\/gymfactory.eu\/fr\/produit\/machine-leg-extension-m8x\/#primaryimage\"},\"image\":{\"@id\":\"https:\/\/gymfactory.eu\/fr\/produit\/machine-leg-extension-m8x\/#primaryimage\"},\"thumbnailUrl\":\"https:\/\/gymfactory.eu\/wp-content\/uploads\/2025\/02\/gym-machine-seated-leg-extension.webp\",\"datePublished\":\"2025-02-07T05:11:44+00:00\",\"description\":\"Besoin d\u2019un entra\u00eenement cibl\u00e9 des quadriceps ? La Machine Leg Extension M8X est con\u00e7ue pour des exercices de musculation qui ciblent l\u2019avant de vos jambes avec r\u00e9sistance.\",\"breadcrumb\":{\"@id\":\"https:\/\/gymfactory.eu\/fr\/produit\/machine-leg-extension-m8x\/#breadcrumb\"},\"inLanguage\":\"fr-FR\",\"potentialAction\":[{\"@type\":\"ReadAction\",\"target\":[\"https:\/\/gymfactory.eu\/fr\/produit\/machine-leg-extension-m8x\/\"]}]},{\"@type\":\"ImageObject\",\"inLanguage\":\"fr-FR\",\"@id\":\"https:\/\/gymfactory.eu\/fr\/produit\/machine-leg-extension-m8x\/#primaryimage\",\"url\":\"https:\/\/gymfactory.eu\/wp-content\/uploads\/2025\/02\/gym-machine-seated-leg-extension.webp\",\"contentUrl\":\"https:\/\/gymfactory.eu\/wp-content\/uploads\/2025\/02\/gym-machine-seated-leg-extension.webp\",\"width\":1500,\"height\":1500,\"caption\":\"Une machine de salle de sport leg extension assis de haute qualit\u00e9 avec un syst\u00e8me de colonne de poids, offrant un mouvement fluide et contr\u00f4l\u00e9 pour cibler les muscles des jambes. Cet \u00e9quipement de salle de sport dispose d\u2019un si\u00e8ge rembourr\u00e9, d\u2019un dossier ergonomique et d\u2019un m\u00e9canisme de r\u00e9sistance r\u00e9glable, id\u00e9al pour l\u2019entra\u00eenement de la force du bas du corps dans les salles de sport et les centres de fitness.\"},{\"@type\":\"BreadcrumbList\",\"@id\":\"https:\/\/gymfactory.eu\/fr\/produit\/machine-leg-extension-m8x\/#breadcrumb\",\"itemListElement\":[{\"@type\":\"ListItem\",\"position\":1,\"name\":\"Home\",\"item\":\"https:\/\/gymfactory.eu\/fr\/page-principale\/\"},{\"@type\":\"ListItem\",\"position\":2,\"name\":\"Catalogue\",\"item\":\"https:\/\/gymfactory.eu\/fr\/catalogue-2\/\"},{\"@type\":\"ListItem\",\"position\":3,\"name\":\"Machine Leg Extension M8X\"}]},{\"@type\":\"WebSite\",\"@id\":\"https:\/\/gymfactory.eu\/fr\/#website\",\"url\":\"https:\/\/gymfactory.eu\/fr\/\",\"name\":\"Gym Factory\",\"description\":\"\",\"publisher\":{\"@id\":\"https:\/\/gymfactory.eu\/fr\/#organization\"},\"potentialAction\":[{\"@type\":\"SearchAction\",\"target\":{\"@type\":\"EntryPoint\",\"urlTemplate\":\"https:\/\/gymfactory.eu\/fr\/?s={search_term_string}\"},\"query-input\":{\"@type\":\"PropertyValueSpecification\",\"valueRequired\":true,\"valueName\":\"search_term_string\"}}],\"inLanguage\":\"fr-FR\"},{\"@type\":\"Organization\",\"@id\":\"https:\/\/gymfactory.eu\/fr\/#organization\",\"name\":\"Gym Factory\",\"url\":\"https:\/\/gymfactory.eu\/fr\/\",\"logo\":{\"@type\":\"ImageObject\",\"inLanguage\":\"fr-FR\",\"@id\":\"https:\/\/gymfactory.eu\/fr\/#\/schema\/logo\/image\/\",\"url\":\"https:\/\/gymfactory.eu\/wp-content\/uploads\/2024\/11\/Component-1.svg\",\"contentUrl\":\"https:\/\/gymfactory.eu\/wp-content\/uploads\/2024\/11\/Component-1.svg\",\"width\":54,\"height\":44,\"caption\":\"Gym Factory\"},\"image\":{\"@id\":\"https:\/\/gymfactory.eu\/fr\/#\/schema\/logo\/image\/\"}}]}<\/script>\n<!-- \/ Yoast SEO plugin. -->","yoast_head_json":{"title":"Machine Leg Extension M8X pour Exercices de Musculation","description":"Besoin d\u2019un entra\u00eenement cibl\u00e9 des quadriceps ? La Machine Leg Extension M8X est con\u00e7ue pour des exercices de musculation qui ciblent l\u2019avant de vos jambes avec r\u00e9sistance.","robots":{"index":"index","follow":"follow","max-snippet":"max-snippet:-1","max-image-preview":"max-image-preview:large","max-video-preview":"max-video-preview:-1"},"canonical":"https:\/\/gymfactory.eu\/fr\/produit\/machine-leg-extension-m8x\/","og_locale":"fr_FR","og_type":"article","og_title":"Machine Leg Extension M8X pour Exercices de Musculation","og_description":"Besoin d\u2019un entra\u00eenement cibl\u00e9 des quadriceps ? La Machine Leg Extension M8X est con\u00e7ue pour des exercices de musculation qui ciblent l\u2019avant de vos jambes avec r\u00e9sistance.","og_url":"https:\/\/gymfactory.eu\/fr\/produit\/machine-leg-extension-m8x\/","og_site_name":"Gym Factory","og_image":[{"width":1500,"height":1500,"url":"https:\/\/gymfactory.eu\/wp-content\/uploads\/2025\/02\/gym-machine-seated-leg-extension.webp","type":"image\/webp"}],"twitter_card":"summary_large_image","twitter_misc":{"Dur\u00e9e de lecture estim\u00e9e":"1 minute"},"schema":{"@context":"https:\/\/schema.org","@graph":[{"@type":"WebPage","@id":"https:\/\/gymfactory.eu\/fr\/produit\/machine-leg-extension-m8x\/","url":"https:\/\/gymfactory.eu\/fr\/produit\/machine-leg-extension-m8x\/","name":"Machine Leg Extension M8X pour Exercices de Musculation","isPartOf":{"@id":"https:\/\/gymfactory.eu\/fr\/#website"},"primaryImageOfPage":{"@id":"https:\/\/gymfactory.eu\/fr\/produit\/machine-leg-extension-m8x\/#primaryimage"},"image":{"@id":"https:\/\/gymfactory.eu\/fr\/produit\/machine-leg-extension-m8x\/#primaryimage"},"thumbnailUrl":"https:\/\/gymfactory.eu\/wp-content\/uploads\/2025\/02\/gym-machine-seated-leg-extension.webp","datePublished":"2025-02-07T05:11:44+00:00","description":"Besoin d\u2019un entra\u00eenement cibl\u00e9 des quadriceps ? La Machine Leg Extension M8X est con\u00e7ue pour des exercices de musculation qui ciblent l\u2019avant de vos jambes avec r\u00e9sistance.","breadcrumb":{"@id":"https:\/\/gymfactory.eu\/fr\/produit\/machine-leg-extension-m8x\/#breadcrumb"},"inLanguage":"fr-FR","potentialAction":[{"@type":"ReadAction","target":["https:\/\/gymfactory.eu\/fr\/produit\/machine-leg-extension-m8x\/"]}]},{"@type":"ImageObject","inLanguage":"fr-FR","@id":"https:\/\/gymfactory.eu\/fr\/produit\/machine-leg-extension-m8x\/#primaryimage","url":"https:\/\/gymfactory.eu\/wp-content\/uploads\/2025\/02\/gym-machine-seated-leg-extension.webp","contentUrl":"https:\/\/gymfactory.eu\/wp-content\/uploads\/2025\/02\/gym-machine-seated-leg-extension.webp","width":1500,"height":1500,"caption":"Une machine de salle de sport leg extension assis de haute qualit\u00e9 avec un syst\u00e8me de colonne de poids, offrant un mouvement fluide et contr\u00f4l\u00e9 pour cibler les muscles des jambes. Cet \u00e9quipement de salle de sport dispose d\u2019un si\u00e8ge rembourr\u00e9, d\u2019un dossier ergonomique et d\u2019un m\u00e9canisme de r\u00e9sistance r\u00e9glable, id\u00e9al pour l\u2019entra\u00eenement de la force du bas du corps dans les salles de sport et les centres de fitness."},{"@type":"BreadcrumbList","@id":"https:\/\/gymfactory.eu\/fr\/produit\/machine-leg-extension-m8x\/#breadcrumb","itemListElement":[{"@type":"ListItem","position":1,"name":"Home","item":"https:\/\/gymfactory.eu\/fr\/page-principale\/"},{"@type":"ListItem","position":2,"name":"Catalogue","item":"https:\/\/gymfactory.eu\/fr\/catalogue-2\/"},{"@type":"ListItem","position":3,"name":"Machine Leg Extension M8X"}]},{"@type":"WebSite","@id":"https:\/\/gymfactory.eu\/fr\/#website","url":"https:\/\/gymfactory.eu\/fr\/","name":"Gym Factory","description":"","publisher":{"@id":"https:\/\/gymfactory.eu\/fr\/#organization"},"potentialAction":[{"@type":"SearchAction","target":{"@type":"EntryPoint","urlTemplate":"https:\/\/gymfactory.eu\/fr\/?s={search_term_string}"},"query-input":{"@type":"PropertyValueSpecification","valueRequired":true,"valueName":"search_term_string"}}],"inLanguage":"fr-FR"},{"@type":"Organization","@id":"https:\/\/gymfactory.eu\/fr\/#organization","name":"Gym Factory","url":"https:\/\/gymfactory.eu\/fr\/","logo":{"@type":"ImageObject","inLanguage":"fr-FR","@id":"https:\/\/gymfactory.eu\/fr\/#\/schema\/logo\/image\/","url":"https:\/\/gymfactory.eu\/wp-content\/uploads\/2024\/11\/Component-1.svg","contentUrl":"https:\/\/gymfactory.eu\/wp-content\/uploads\/2024\/11\/Component-1.svg","width":54,"height":44,"caption":"Gym Factory"},"image":{"@id":"https:\/\/gymfactory.eu\/fr\/#\/schema\/logo\/image\/"}}]}},"_links":{"self":[{"href":"https:\/\/gymfactory.eu\/fr\/wp-json\/wp\/v2\/product\/26015","targetHints":{"allow":["GET"]}}],"collection":[{"href":"https:\/\/gymfactory.eu\/fr\/wp-json\/wp\/v2\/product"}],"about":[{"href":"https:\/\/gymfactory.eu\/fr\/wp-json\/wp\/v2\/types\/product"}],"wp:featuredmedia":[{"embeddable":true,"href":"https:\/\/gymfactory.eu\/fr\/wp-json\/wp\/v2\/media\/11895"}],"wp:attachment":[{"href":"https:\/\/gymfactory.eu\/fr\/wp-json\/wp\/v2\/media?parent=26015"}],"wp:term":[{"taxonomy":"product_brand","embeddable":true,"href":"https:\/\/gymfactory.eu\/fr\/wp-json\/wp\/v2\/product_brand?post=26015"},{"taxonomy":"product_cat","embeddable":true,"href":"https:\/\/gymfactory.eu\/fr\/wp-json\/wp\/v2\/product_cat?post=26015"},{"taxonomy":"product_tag","embeddable":true,"href":"https:\/\/gymfactory.eu\/fr\/wp-json\/wp\/v2\/product_tag?post=26015"}],"curies":[{"name":"wp","href":"https:\/\/api.w.org\/{rel}","templated":true}]}}