{"id":25971,"date":"2025-02-06T15:35:34","date_gmt":"2025-02-06T13:35:34","guid":{"rendered":"https:\/\/gymfactory.eu\/product\/machine-leg-curl-m6x\/"},"modified":"2025-02-06T15:35:34","modified_gmt":"2025-02-06T13:35:34","slug":"machine-leg-curl-m6x","status":"publish","type":"product","link":"https:\/\/gymfactory.eu\/fr\/produit\/machine-leg-curl-m6x\/","title":{"rendered":"Machine Leg Curl M6X"},"content":{"rendered":"<p>La Machine Leg Curl M6X est une machine de musculation sp\u00e9cialis\u00e9e con\u00e7ue pour des exercices d\u2019entra\u00eenement des jambes isol\u00e9s, se concentrant sur les curls \u00e0 une jambe contr\u00f4l\u00e9s. C\u2019est une option solide pour d\u00e9velopper la force du bas du corps, id\u00e9ale pour les environnements de home gym et de salle de sport professionnelle. <\/p>\n<p>Cette machine permet aux utilisateurs d\u2019effectuer des curls jambe debout (standing single-leg curls), ciblant les ischio-jambiers par un mouvement concentr\u00e9 et contr\u00f4l\u00e9.<\/p>\n<p>La hauteur du coussin de jambe est r\u00e9glable pour s\u2019adapter \u00e0 diff\u00e9rentes longueurs de jambes, tandis que les zones du genou et de l\u2019avant de la cuisse sont soutenues par des coussins fixes pour aider \u00e0 verrouiller le corps en place. Des poign\u00e9es avant suppl\u00e9mentaires offrent un positionnement s\u00fbr des mains et une stabilit\u00e9 tout au long de l\u2019exercice. <\/p>\n<p>Pour faciliter l\u2019entr\u00e9e et le positionnement, la machine comprend des plateformes de marche \u00e0 deux niveaux \u2013 permettant aux utilisateurs de diff\u00e9rentes tailles de trouver une posture confortable avant de commencer l\u2019exercice.<\/p>\n<p>La Machine Leg Curl M6X offre un entra\u00eenement des jambes cibl\u00e9 avec un soutien r\u00e9glable et un mouvement fluide, id\u00e9al pour renforcer les ischio-jambiers avec pr\u00e9cision.<\/p>\n\n    <div class=\"xs_social_share_widget xs_share_url after_content \t\tmain_content  wslu-style-1 wslu-share-box-shaped wslu-fill-colored wslu-none wslu-share-horizontal wslu-theme-font-no wslu-main_content\">\n\n\t\t\n        <ul>\n\t\t\t        <\/ul>\n    <\/div> \n","protected":false},"excerpt":{"rendered":"<p>La Machine Leg Curl M6X est une machine de musculation sp\u00e9cialis\u00e9e con\u00e7ue pour des exercices d\u2019entra\u00eenement des jambes isol\u00e9s, se concentrant sur les curls \u00e0 une jambe contr\u00f4l\u00e9s. C\u2019est une option solide pour d\u00e9velopper la force du bas du corps, id\u00e9ale pour les environnements de home gym et de salle de sport professionnelle. Cette machine [&hellip;]<\/p>\n","protected":false},"featured_media":11009,"template":"","meta":{"_acf_changed":false},"product_brand":[56],"product_cat":[825],"product_tag":[],"class_list":{"0":"post-25971","1":"product","2":"type-product","3":"status-publish","4":"has-post-thumbnail","6":"product_brand-gym-factory","7":"product_cat-machines-a-cables","9":"first","10":"onbackorder","11":"taxable","12":"shipping-taxable","13":"purchasable","14":"product-type-variable","15":"has-default-attributes"},"acf":[],"yoast_head":"<!-- This site is optimized with the Yoast SEO plugin v25.2 - https:\/\/yoast.com\/wordpress\/plugins\/seo\/ -->\n<title>Machine Leg Curl M6X | Id\u00e9ale pour Maison et Salle Pro<\/title>\n<meta name=\"description\" content=\"Besoin d\u2019isoler les ischio-jambiers \u00e0 la maison ou \u00e0 la salle ? La Machine Leg Curl M6X offre un entra\u00eenement des jambes fluide et efficace pour la force et le d\u00e9veloppement musculaire.\" \/>\n<meta name=\"robots\" content=\"index, follow, max-snippet:-1, max-image-preview:large, max-video-preview:-1\" \/>\n<link rel=\"canonical\" href=\"https:\/\/gymfactory.eu\/fr\/produit\/machine-leg-curl-m6x\/\" \/>\n<meta property=\"og:locale\" content=\"fr_FR\" \/>\n<meta property=\"og:type\" content=\"article\" \/>\n<meta property=\"og:title\" content=\"Machine Leg Curl M6X | Id\u00e9ale pour Maison et Salle Pro\" \/>\n<meta property=\"og:description\" content=\"Besoin d\u2019isoler les ischio-jambiers \u00e0 la maison ou \u00e0 la salle ? La Machine Leg Curl M6X offre un entra\u00eenement des jambes fluide et efficace pour la force et le d\u00e9veloppement musculaire.\" \/>\n<meta property=\"og:url\" content=\"https:\/\/gymfactory.eu\/fr\/produit\/machine-leg-curl-m6x\/\" \/>\n<meta property=\"og:site_name\" content=\"Gym Factory\" \/>\n<meta property=\"og:image\" content=\"https:\/\/gymfactory.eu\/wp-content\/uploads\/2025\/02\/Black-Gym-Machine-Side-View-1.webp\" \/>\n\t<meta property=\"og:image:width\" content=\"1500\" \/>\n\t<meta property=\"og:image:height\" content=\"1500\" \/>\n\t<meta property=\"og:image:type\" content=\"image\/webp\" \/>\n<meta name=\"twitter:card\" content=\"summary_large_image\" \/>\n<meta name=\"twitter:label1\" content=\"Dur\u00e9e de lecture estim\u00e9e\" \/>\n\t<meta name=\"twitter:data1\" content=\"1 minute\" \/>\n<script type=\"application\/ld+json\" class=\"yoast-schema-graph\">{\"@context\":\"https:\/\/schema.org\",\"@graph\":[{\"@type\":\"WebPage\",\"@id\":\"https:\/\/gymfactory.eu\/fr\/produit\/machine-leg-curl-m6x\/\",\"url\":\"https:\/\/gymfactory.eu\/fr\/produit\/machine-leg-curl-m6x\/\",\"name\":\"Machine Leg Curl M6X | Id\u00e9ale pour Maison et Salle Pro\",\"isPartOf\":{\"@id\":\"https:\/\/gymfactory.eu\/fr\/#website\"},\"primaryImageOfPage\":{\"@id\":\"https:\/\/gymfactory.eu\/fr\/produit\/machine-leg-curl-m6x\/#primaryimage\"},\"image\":{\"@id\":\"https:\/\/gymfactory.eu\/fr\/produit\/machine-leg-curl-m6x\/#primaryimage\"},\"thumbnailUrl\":\"https:\/\/gymfactory.eu\/wp-content\/uploads\/2025\/02\/Black-Gym-Machine-Side-View-1.webp\",\"datePublished\":\"2025-02-06T13:35:34+00:00\",\"description\":\"Besoin d\u2019isoler les ischio-jambiers \u00e0 la maison ou \u00e0 la salle ? La Machine Leg Curl M6X offre un entra\u00eenement des jambes fluide et efficace pour la force et le d\u00e9veloppement musculaire.\",\"breadcrumb\":{\"@id\":\"https:\/\/gymfactory.eu\/fr\/produit\/machine-leg-curl-m6x\/#breadcrumb\"},\"inLanguage\":\"fr-FR\",\"potentialAction\":[{\"@type\":\"ReadAction\",\"target\":[\"https:\/\/gymfactory.eu\/fr\/produit\/machine-leg-curl-m6x\/\"]}]},{\"@type\":\"ImageObject\",\"inLanguage\":\"fr-FR\",\"@id\":\"https:\/\/gymfactory.eu\/fr\/produit\/machine-leg-curl-m6x\/#primaryimage\",\"url\":\"https:\/\/gymfactory.eu\/wp-content\/uploads\/2025\/02\/Black-Gym-Machine-Side-View-1.webp\",\"contentUrl\":\"https:\/\/gymfactory.eu\/wp-content\/uploads\/2025\/02\/Black-Gym-Machine-Side-View-1.webp\",\"width\":1500,\"height\":1500,\"caption\":\"Vue lat\u00e9rale d\u2019une machine de salle de sport rouge utilis\u00e9e pour les leg curls, pr\u00e9sentant son design ergonomique avec des supports rembourr\u00e9s, un syst\u00e8me de colonne de poids et un cadre durable. Une machine de musculation incontournable pour un entra\u00eenement efficace des jambes dans un environnement de salle de sport commerciale.\"},{\"@type\":\"BreadcrumbList\",\"@id\":\"https:\/\/gymfactory.eu\/fr\/produit\/machine-leg-curl-m6x\/#breadcrumb\",\"itemListElement\":[{\"@type\":\"ListItem\",\"position\":1,\"name\":\"Home\",\"item\":\"https:\/\/gymfactory.eu\/fr\/page-principale\/\"},{\"@type\":\"ListItem\",\"position\":2,\"name\":\"Catalogue\",\"item\":\"https:\/\/gymfactory.eu\/fr\/catalogue-2\/\"},{\"@type\":\"ListItem\",\"position\":3,\"name\":\"Machine Leg Curl M6X\"}]},{\"@type\":\"WebSite\",\"@id\":\"https:\/\/gymfactory.eu\/fr\/#website\",\"url\":\"https:\/\/gymfactory.eu\/fr\/\",\"name\":\"Gym Factory\",\"description\":\"\",\"publisher\":{\"@id\":\"https:\/\/gymfactory.eu\/fr\/#organization\"},\"potentialAction\":[{\"@type\":\"SearchAction\",\"target\":{\"@type\":\"EntryPoint\",\"urlTemplate\":\"https:\/\/gymfactory.eu\/fr\/?s={search_term_string}\"},\"query-input\":{\"@type\":\"PropertyValueSpecification\",\"valueRequired\":true,\"valueName\":\"search_term_string\"}}],\"inLanguage\":\"fr-FR\"},{\"@type\":\"Organization\",\"@id\":\"https:\/\/gymfactory.eu\/fr\/#organization\",\"name\":\"Gym Factory\",\"url\":\"https:\/\/gymfactory.eu\/fr\/\",\"logo\":{\"@type\":\"ImageObject\",\"inLanguage\":\"fr-FR\",\"@id\":\"https:\/\/gymfactory.eu\/fr\/#\/schema\/logo\/image\/\",\"url\":\"https:\/\/gymfactory.eu\/wp-content\/uploads\/2024\/11\/Component-1.svg\",\"contentUrl\":\"https:\/\/gymfactory.eu\/wp-content\/uploads\/2024\/11\/Component-1.svg\",\"width\":54,\"height\":44,\"caption\":\"Gym Factory\"},\"image\":{\"@id\":\"https:\/\/gymfactory.eu\/fr\/#\/schema\/logo\/image\/\"}}]}<\/script>\n<!-- \/ Yoast SEO plugin. -->","yoast_head_json":{"title":"Machine Leg Curl M6X | Id\u00e9ale pour Maison et Salle Pro","description":"Besoin d\u2019isoler les ischio-jambiers \u00e0 la maison ou \u00e0 la salle ? La Machine Leg Curl M6X offre un entra\u00eenement des jambes fluide et efficace pour la force et le d\u00e9veloppement musculaire.","robots":{"index":"index","follow":"follow","max-snippet":"max-snippet:-1","max-image-preview":"max-image-preview:large","max-video-preview":"max-video-preview:-1"},"canonical":"https:\/\/gymfactory.eu\/fr\/produit\/machine-leg-curl-m6x\/","og_locale":"fr_FR","og_type":"article","og_title":"Machine Leg Curl M6X | Id\u00e9ale pour Maison et Salle Pro","og_description":"Besoin d\u2019isoler les ischio-jambiers \u00e0 la maison ou \u00e0 la salle ? La Machine Leg Curl M6X offre un entra\u00eenement des jambes fluide et efficace pour la force et le d\u00e9veloppement musculaire.","og_url":"https:\/\/gymfactory.eu\/fr\/produit\/machine-leg-curl-m6x\/","og_site_name":"Gym Factory","og_image":[{"width":1500,"height":1500,"url":"https:\/\/gymfactory.eu\/wp-content\/uploads\/2025\/02\/Black-Gym-Machine-Side-View-1.webp","type":"image\/webp"}],"twitter_card":"summary_large_image","twitter_misc":{"Dur\u00e9e de lecture estim\u00e9e":"1 minute"},"schema":{"@context":"https:\/\/schema.org","@graph":[{"@type":"WebPage","@id":"https:\/\/gymfactory.eu\/fr\/produit\/machine-leg-curl-m6x\/","url":"https:\/\/gymfactory.eu\/fr\/produit\/machine-leg-curl-m6x\/","name":"Machine Leg Curl M6X | Id\u00e9ale pour Maison et Salle Pro","isPartOf":{"@id":"https:\/\/gymfactory.eu\/fr\/#website"},"primaryImageOfPage":{"@id":"https:\/\/gymfactory.eu\/fr\/produit\/machine-leg-curl-m6x\/#primaryimage"},"image":{"@id":"https:\/\/gymfactory.eu\/fr\/produit\/machine-leg-curl-m6x\/#primaryimage"},"thumbnailUrl":"https:\/\/gymfactory.eu\/wp-content\/uploads\/2025\/02\/Black-Gym-Machine-Side-View-1.webp","datePublished":"2025-02-06T13:35:34+00:00","description":"Besoin d\u2019isoler les ischio-jambiers \u00e0 la maison ou \u00e0 la salle ? La Machine Leg Curl M6X offre un entra\u00eenement des jambes fluide et efficace pour la force et le d\u00e9veloppement musculaire.","breadcrumb":{"@id":"https:\/\/gymfactory.eu\/fr\/produit\/machine-leg-curl-m6x\/#breadcrumb"},"inLanguage":"fr-FR","potentialAction":[{"@type":"ReadAction","target":["https:\/\/gymfactory.eu\/fr\/produit\/machine-leg-curl-m6x\/"]}]},{"@type":"ImageObject","inLanguage":"fr-FR","@id":"https:\/\/gymfactory.eu\/fr\/produit\/machine-leg-curl-m6x\/#primaryimage","url":"https:\/\/gymfactory.eu\/wp-content\/uploads\/2025\/02\/Black-Gym-Machine-Side-View-1.webp","contentUrl":"https:\/\/gymfactory.eu\/wp-content\/uploads\/2025\/02\/Black-Gym-Machine-Side-View-1.webp","width":1500,"height":1500,"caption":"Vue lat\u00e9rale d\u2019une machine de salle de sport rouge utilis\u00e9e pour les leg curls, pr\u00e9sentant son design ergonomique avec des supports rembourr\u00e9s, un syst\u00e8me de colonne de poids et un cadre durable. Une machine de musculation incontournable pour un entra\u00eenement efficace des jambes dans un environnement de salle de sport commerciale."},{"@type":"BreadcrumbList","@id":"https:\/\/gymfactory.eu\/fr\/produit\/machine-leg-curl-m6x\/#breadcrumb","itemListElement":[{"@type":"ListItem","position":1,"name":"Home","item":"https:\/\/gymfactory.eu\/fr\/page-principale\/"},{"@type":"ListItem","position":2,"name":"Catalogue","item":"https:\/\/gymfactory.eu\/fr\/catalogue-2\/"},{"@type":"ListItem","position":3,"name":"Machine Leg Curl M6X"}]},{"@type":"WebSite","@id":"https:\/\/gymfactory.eu\/fr\/#website","url":"https:\/\/gymfactory.eu\/fr\/","name":"Gym Factory","description":"","publisher":{"@id":"https:\/\/gymfactory.eu\/fr\/#organization"},"potentialAction":[{"@type":"SearchAction","target":{"@type":"EntryPoint","urlTemplate":"https:\/\/gymfactory.eu\/fr\/?s={search_term_string}"},"query-input":{"@type":"PropertyValueSpecification","valueRequired":true,"valueName":"search_term_string"}}],"inLanguage":"fr-FR"},{"@type":"Organization","@id":"https:\/\/gymfactory.eu\/fr\/#organization","name":"Gym Factory","url":"https:\/\/gymfactory.eu\/fr\/","logo":{"@type":"ImageObject","inLanguage":"fr-FR","@id":"https:\/\/gymfactory.eu\/fr\/#\/schema\/logo\/image\/","url":"https:\/\/gymfactory.eu\/wp-content\/uploads\/2024\/11\/Component-1.svg","contentUrl":"https:\/\/gymfactory.eu\/wp-content\/uploads\/2024\/11\/Component-1.svg","width":54,"height":44,"caption":"Gym Factory"},"image":{"@id":"https:\/\/gymfactory.eu\/fr\/#\/schema\/logo\/image\/"}}]}},"_links":{"self":[{"href":"https:\/\/gymfactory.eu\/fr\/wp-json\/wp\/v2\/product\/25971","targetHints":{"allow":["GET"]}}],"collection":[{"href":"https:\/\/gymfactory.eu\/fr\/wp-json\/wp\/v2\/product"}],"about":[{"href":"https:\/\/gymfactory.eu\/fr\/wp-json\/wp\/v2\/types\/product"}],"wp:featuredmedia":[{"embeddable":true,"href":"https:\/\/gymfactory.eu\/fr\/wp-json\/wp\/v2\/media\/11009"}],"wp:attachment":[{"href":"https:\/\/gymfactory.eu\/fr\/wp-json\/wp\/v2\/media?parent=25971"}],"wp:term":[{"taxonomy":"product_brand","embeddable":true,"href":"https:\/\/gymfactory.eu\/fr\/wp-json\/wp\/v2\/product_brand?post=25971"},{"taxonomy":"product_cat","embeddable":true,"href":"https:\/\/gymfactory.eu\/fr\/wp-json\/wp\/v2\/product_cat?post=25971"},{"taxonomy":"product_tag","embeddable":true,"href":"https:\/\/gymfactory.eu\/fr\/wp-json\/wp\/v2\/product_tag?post=25971"}],"curies":[{"name":"wp","href":"https:\/\/api.w.org\/{rel}","templated":true}]}}