{"id":25944,"date":"2025-02-06T13:44:03","date_gmt":"2025-02-06T11:44:03","guid":{"rendered":"https:\/\/gymfactory.eu\/product\/machine-tirage-assis-m4\/"},"modified":"2025-02-06T13:44:03","modified_gmt":"2025-02-06T11:44:03","slug":"machine-tirage-assis-m4","status":"publish","type":"product","link":"https:\/\/gymfactory.eu\/fr\/produit\/machine-tirage-assis-m4\/","title":{"rendered":"Machine Tirage Assis M4"},"content":{"rendered":"<p>La Machine Tirage Assis M4 est une machine de salle de sport fiable con\u00e7ue pour les exercices de musculation ax\u00e9s sur le dos. Adapt\u00e9e comme \u00e9quipement de gym pour l\u2019entra\u00eenement \u00e0 domicile, elle prend en charge des mouvements de tirage contr\u00f4l\u00e9s avec des r\u00e9glages ajustables pour correspondre \u00e0 diff\u00e9rents utilisateurs et styles d\u2019entra\u00eenement. <\/p>\n<p>La hauteur du si\u00e8ge et la position du coussin de poitrine peuvent toutes deux \u00eatre ajust\u00e9es pour un alignement correct du corps et le confort. La machine permet des tirages \u00e0 un bras (unilat\u00e9raux) et \u00e0 deux bras, offrant une flexibilit\u00e9 pour diff\u00e9rentes approches d\u2019entra\u00eenement. Plusieurs positions de poign\u00e9e sont disponibles pour varier la largeur de prise et cibler les muscles sous diff\u00e9rents angles.  <\/p>\n<p>Le tirage assis aide \u00e0 d\u00e9velopper la force dans le haut et le milieu du dos. Selon la prise et la forme, l\u2019exercice peut \u00e9galement engager l\u2019arri\u00e8re des \u00e9paules et les bras. <\/p>\n<p>La Machine Tirage Assis M4 offre un mouvement stable et cibl\u00e9 pour un entra\u00eenement du dos efficace \u00e0 domicile ou dans un environnement de salle de sport.<\/p>\n\n    <div class=\"xs_social_share_widget xs_share_url after_content \t\tmain_content  wslu-style-1 wslu-share-box-shaped wslu-fill-colored wslu-none wslu-share-horizontal wslu-theme-font-no wslu-main_content\">\n\n\t\t\n        <ul>\n\t\t\t        <\/ul>\n    <\/div> \n","protected":false},"excerpt":{"rendered":"<p>La Machine Tirage Assis M4 est une machine de salle de sport fiable con\u00e7ue pour les exercices de musculation ax\u00e9s sur le dos. Adapt\u00e9e comme \u00e9quipement de gym pour l\u2019entra\u00eenement \u00e0 domicile, elle prend en charge des mouvements de tirage contr\u00f4l\u00e9s avec des r\u00e9glages ajustables pour correspondre \u00e0 diff\u00e9rents utilisateurs et styles d\u2019entra\u00eenement. La hauteur [&hellip;]<\/p>\n","protected":false},"featured_media":11935,"template":"","meta":{"_acf_changed":false},"product_brand":[56],"product_cat":[825],"product_tag":[],"class_list":{"0":"post-25944","1":"product","2":"type-product","3":"status-publish","4":"has-post-thumbnail","6":"product_brand-gym-factory","7":"product_cat-machines-a-cables","9":"first","10":"onbackorder","11":"taxable","12":"shipping-taxable","13":"purchasable","14":"product-type-variable","15":"has-default-attributes"},"acf":[],"yoast_head":"<!-- This site is optimized with the Yoast SEO plugin v25.2 - https:\/\/yoast.com\/wordpress\/plugins\/seo\/ -->\n<title>Machine Tirage Assis M4 | \u00c9quipement pour Entra\u00eenements Maison &amp; Salle<\/title>\n<meta name=\"description\" content=\"Vous entra\u00eenez votre dos \u00e0 la maison ou \u00e0 la salle ? La Machine Tirage Assis M4 offre une r\u00e9sistance fluide et un d\u00e9veloppement de la force du haut du corps dans toute configuration d\u2019entra\u00eenement.\" \/>\n<meta name=\"robots\" content=\"index, follow, max-snippet:-1, max-image-preview:large, max-video-preview:-1\" \/>\n<link rel=\"canonical\" href=\"https:\/\/gymfactory.eu\/fr\/produit\/machine-tirage-assis-m4\/\" \/>\n<meta property=\"og:locale\" content=\"fr_FR\" \/>\n<meta property=\"og:type\" content=\"article\" \/>\n<meta property=\"og:title\" content=\"Machine Tirage Assis M4 | \u00c9quipement pour Entra\u00eenements Maison &amp; Salle\" \/>\n<meta property=\"og:description\" content=\"Vous entra\u00eenez votre dos \u00e0 la maison ou \u00e0 la salle ? La Machine Tirage Assis M4 offre une r\u00e9sistance fluide et un d\u00e9veloppement de la force du haut du corps dans toute configuration d\u2019entra\u00eenement.\" \/>\n<meta property=\"og:url\" content=\"https:\/\/gymfactory.eu\/fr\/produit\/machine-tirage-assis-m4\/\" \/>\n<meta property=\"og:site_name\" content=\"Gym Factory\" \/>\n<meta property=\"og:image\" content=\"https:\/\/gymfactory.eu\/wp-content\/uploads\/2025\/02\/Seated-Row-Gym-Machine-Black.webp\" \/>\n\t<meta property=\"og:image:width\" content=\"1500\" \/>\n\t<meta property=\"og:image:height\" content=\"1500\" \/>\n\t<meta property=\"og:image:type\" content=\"image\/webp\" \/>\n<meta name=\"twitter:card\" content=\"summary_large_image\" \/>\n<meta name=\"twitter:label1\" content=\"Dur\u00e9e de lecture estim\u00e9e\" \/>\n\t<meta name=\"twitter:data1\" content=\"1 minute\" \/>\n<script type=\"application\/ld+json\" class=\"yoast-schema-graph\">{\"@context\":\"https:\/\/schema.org\",\"@graph\":[{\"@type\":\"WebPage\",\"@id\":\"https:\/\/gymfactory.eu\/fr\/produit\/machine-tirage-assis-m4\/\",\"url\":\"https:\/\/gymfactory.eu\/fr\/produit\/machine-tirage-assis-m4\/\",\"name\":\"Machine Tirage Assis M4 | \u00c9quipement pour Entra\u00eenements Maison & Salle\",\"isPartOf\":{\"@id\":\"https:\/\/gymfactory.eu\/fr\/#website\"},\"primaryImageOfPage\":{\"@id\":\"https:\/\/gymfactory.eu\/fr\/produit\/machine-tirage-assis-m4\/#primaryimage\"},\"image\":{\"@id\":\"https:\/\/gymfactory.eu\/fr\/produit\/machine-tirage-assis-m4\/#primaryimage\"},\"thumbnailUrl\":\"https:\/\/gymfactory.eu\/wp-content\/uploads\/2025\/02\/Seated-Row-Gym-Machine-Black.webp\",\"datePublished\":\"2025-02-06T11:44:03+00:00\",\"description\":\"Vous entra\u00eenez votre dos \u00e0 la maison ou \u00e0 la salle ? La Machine Tirage Assis M4 offre une r\u00e9sistance fluide et un d\u00e9veloppement de la force du haut du corps dans toute configuration d\u2019entra\u00eenement.\",\"breadcrumb\":{\"@id\":\"https:\/\/gymfactory.eu\/fr\/produit\/machine-tirage-assis-m4\/#breadcrumb\"},\"inLanguage\":\"fr-FR\",\"potentialAction\":[{\"@type\":\"ReadAction\",\"target\":[\"https:\/\/gymfactory.eu\/fr\/produit\/machine-tirage-assis-m4\/\"]}]},{\"@type\":\"ImageObject\",\"inLanguage\":\"fr-FR\",\"@id\":\"https:\/\/gymfactory.eu\/fr\/produit\/machine-tirage-assis-m4\/#primaryimage\",\"url\":\"https:\/\/gymfactory.eu\/wp-content\/uploads\/2025\/02\/Seated-Row-Gym-Machine-Black.webp\",\"contentUrl\":\"https:\/\/gymfactory.eu\/wp-content\/uploads\/2025\/02\/Seated-Row-Gym-Machine-Black.webp\",\"width\":1500,\"height\":1500,\"caption\":\"Une machine de salle de sport con\u00e7ue pour l\u2019entra\u00eenement de la force du haut du corps. Cette machine dispose d\u2019un cadre en acier durable, d\u2019une colonne de poids avec r\u00e9sistance r\u00e9glable, de poign\u00e9es ergonomiques et d\u2019un si\u00e8ge rembourr\u00e9 avec support dorsal. Le syst\u00e8me de poulie \u00e0 c\u00e2ble assure un mouvement fluide pour un engagement efficace des muscles du dos.\"},{\"@type\":\"BreadcrumbList\",\"@id\":\"https:\/\/gymfactory.eu\/fr\/produit\/machine-tirage-assis-m4\/#breadcrumb\",\"itemListElement\":[{\"@type\":\"ListItem\",\"position\":1,\"name\":\"Home\",\"item\":\"https:\/\/gymfactory.eu\/fr\/page-principale\/\"},{\"@type\":\"ListItem\",\"position\":2,\"name\":\"Catalogue\",\"item\":\"https:\/\/gymfactory.eu\/fr\/catalogue-2\/\"},{\"@type\":\"ListItem\",\"position\":3,\"name\":\"Machine Tirage Assis M4\"}]},{\"@type\":\"WebSite\",\"@id\":\"https:\/\/gymfactory.eu\/fr\/#website\",\"url\":\"https:\/\/gymfactory.eu\/fr\/\",\"name\":\"Gym Factory\",\"description\":\"\",\"publisher\":{\"@id\":\"https:\/\/gymfactory.eu\/fr\/#organization\"},\"potentialAction\":[{\"@type\":\"SearchAction\",\"target\":{\"@type\":\"EntryPoint\",\"urlTemplate\":\"https:\/\/gymfactory.eu\/fr\/?s={search_term_string}\"},\"query-input\":{\"@type\":\"PropertyValueSpecification\",\"valueRequired\":true,\"valueName\":\"search_term_string\"}}],\"inLanguage\":\"fr-FR\"},{\"@type\":\"Organization\",\"@id\":\"https:\/\/gymfactory.eu\/fr\/#organization\",\"name\":\"Gym Factory\",\"url\":\"https:\/\/gymfactory.eu\/fr\/\",\"logo\":{\"@type\":\"ImageObject\",\"inLanguage\":\"fr-FR\",\"@id\":\"https:\/\/gymfactory.eu\/fr\/#\/schema\/logo\/image\/\",\"url\":\"https:\/\/gymfactory.eu\/wp-content\/uploads\/2024\/11\/Component-1.svg\",\"contentUrl\":\"https:\/\/gymfactory.eu\/wp-content\/uploads\/2024\/11\/Component-1.svg\",\"width\":54,\"height\":44,\"caption\":\"Gym Factory\"},\"image\":{\"@id\":\"https:\/\/gymfactory.eu\/fr\/#\/schema\/logo\/image\/\"}}]}<\/script>\n<!-- \/ Yoast SEO plugin. -->","yoast_head_json":{"title":"Machine Tirage Assis M4 | \u00c9quipement pour Entra\u00eenements Maison & Salle","description":"Vous entra\u00eenez votre dos \u00e0 la maison ou \u00e0 la salle ? La Machine Tirage Assis M4 offre une r\u00e9sistance fluide et un d\u00e9veloppement de la force du haut du corps dans toute configuration d\u2019entra\u00eenement.","robots":{"index":"index","follow":"follow","max-snippet":"max-snippet:-1","max-image-preview":"max-image-preview:large","max-video-preview":"max-video-preview:-1"},"canonical":"https:\/\/gymfactory.eu\/fr\/produit\/machine-tirage-assis-m4\/","og_locale":"fr_FR","og_type":"article","og_title":"Machine Tirage Assis M4 | \u00c9quipement pour Entra\u00eenements Maison & Salle","og_description":"Vous entra\u00eenez votre dos \u00e0 la maison ou \u00e0 la salle ? La Machine Tirage Assis M4 offre une r\u00e9sistance fluide et un d\u00e9veloppement de la force du haut du corps dans toute configuration d\u2019entra\u00eenement.","og_url":"https:\/\/gymfactory.eu\/fr\/produit\/machine-tirage-assis-m4\/","og_site_name":"Gym Factory","og_image":[{"width":1500,"height":1500,"url":"https:\/\/gymfactory.eu\/wp-content\/uploads\/2025\/02\/Seated-Row-Gym-Machine-Black.webp","type":"image\/webp"}],"twitter_card":"summary_large_image","twitter_misc":{"Dur\u00e9e de lecture estim\u00e9e":"1 minute"},"schema":{"@context":"https:\/\/schema.org","@graph":[{"@type":"WebPage","@id":"https:\/\/gymfactory.eu\/fr\/produit\/machine-tirage-assis-m4\/","url":"https:\/\/gymfactory.eu\/fr\/produit\/machine-tirage-assis-m4\/","name":"Machine Tirage Assis M4 | \u00c9quipement pour Entra\u00eenements Maison & Salle","isPartOf":{"@id":"https:\/\/gymfactory.eu\/fr\/#website"},"primaryImageOfPage":{"@id":"https:\/\/gymfactory.eu\/fr\/produit\/machine-tirage-assis-m4\/#primaryimage"},"image":{"@id":"https:\/\/gymfactory.eu\/fr\/produit\/machine-tirage-assis-m4\/#primaryimage"},"thumbnailUrl":"https:\/\/gymfactory.eu\/wp-content\/uploads\/2025\/02\/Seated-Row-Gym-Machine-Black.webp","datePublished":"2025-02-06T11:44:03+00:00","description":"Vous entra\u00eenez votre dos \u00e0 la maison ou \u00e0 la salle ? La Machine Tirage Assis M4 offre une r\u00e9sistance fluide et un d\u00e9veloppement de la force du haut du corps dans toute configuration d\u2019entra\u00eenement.","breadcrumb":{"@id":"https:\/\/gymfactory.eu\/fr\/produit\/machine-tirage-assis-m4\/#breadcrumb"},"inLanguage":"fr-FR","potentialAction":[{"@type":"ReadAction","target":["https:\/\/gymfactory.eu\/fr\/produit\/machine-tirage-assis-m4\/"]}]},{"@type":"ImageObject","inLanguage":"fr-FR","@id":"https:\/\/gymfactory.eu\/fr\/produit\/machine-tirage-assis-m4\/#primaryimage","url":"https:\/\/gymfactory.eu\/wp-content\/uploads\/2025\/02\/Seated-Row-Gym-Machine-Black.webp","contentUrl":"https:\/\/gymfactory.eu\/wp-content\/uploads\/2025\/02\/Seated-Row-Gym-Machine-Black.webp","width":1500,"height":1500,"caption":"Une machine de salle de sport con\u00e7ue pour l\u2019entra\u00eenement de la force du haut du corps. Cette machine dispose d\u2019un cadre en acier durable, d\u2019une colonne de poids avec r\u00e9sistance r\u00e9glable, de poign\u00e9es ergonomiques et d\u2019un si\u00e8ge rembourr\u00e9 avec support dorsal. Le syst\u00e8me de poulie \u00e0 c\u00e2ble assure un mouvement fluide pour un engagement efficace des muscles du dos."},{"@type":"BreadcrumbList","@id":"https:\/\/gymfactory.eu\/fr\/produit\/machine-tirage-assis-m4\/#breadcrumb","itemListElement":[{"@type":"ListItem","position":1,"name":"Home","item":"https:\/\/gymfactory.eu\/fr\/page-principale\/"},{"@type":"ListItem","position":2,"name":"Catalogue","item":"https:\/\/gymfactory.eu\/fr\/catalogue-2\/"},{"@type":"ListItem","position":3,"name":"Machine Tirage Assis M4"}]},{"@type":"WebSite","@id":"https:\/\/gymfactory.eu\/fr\/#website","url":"https:\/\/gymfactory.eu\/fr\/","name":"Gym Factory","description":"","publisher":{"@id":"https:\/\/gymfactory.eu\/fr\/#organization"},"potentialAction":[{"@type":"SearchAction","target":{"@type":"EntryPoint","urlTemplate":"https:\/\/gymfactory.eu\/fr\/?s={search_term_string}"},"query-input":{"@type":"PropertyValueSpecification","valueRequired":true,"valueName":"search_term_string"}}],"inLanguage":"fr-FR"},{"@type":"Organization","@id":"https:\/\/gymfactory.eu\/fr\/#organization","name":"Gym Factory","url":"https:\/\/gymfactory.eu\/fr\/","logo":{"@type":"ImageObject","inLanguage":"fr-FR","@id":"https:\/\/gymfactory.eu\/fr\/#\/schema\/logo\/image\/","url":"https:\/\/gymfactory.eu\/wp-content\/uploads\/2024\/11\/Component-1.svg","contentUrl":"https:\/\/gymfactory.eu\/wp-content\/uploads\/2024\/11\/Component-1.svg","width":54,"height":44,"caption":"Gym Factory"},"image":{"@id":"https:\/\/gymfactory.eu\/fr\/#\/schema\/logo\/image\/"}}]}},"_links":{"self":[{"href":"https:\/\/gymfactory.eu\/fr\/wp-json\/wp\/v2\/product\/25944","targetHints":{"allow":["GET"]}}],"collection":[{"href":"https:\/\/gymfactory.eu\/fr\/wp-json\/wp\/v2\/product"}],"about":[{"href":"https:\/\/gymfactory.eu\/fr\/wp-json\/wp\/v2\/types\/product"}],"wp:featuredmedia":[{"embeddable":true,"href":"https:\/\/gymfactory.eu\/fr\/wp-json\/wp\/v2\/media\/11935"}],"wp:attachment":[{"href":"https:\/\/gymfactory.eu\/fr\/wp-json\/wp\/v2\/media?parent=25944"}],"wp:term":[{"taxonomy":"product_brand","embeddable":true,"href":"https:\/\/gymfactory.eu\/fr\/wp-json\/wp\/v2\/product_brand?post=25944"},{"taxonomy":"product_cat","embeddable":true,"href":"https:\/\/gymfactory.eu\/fr\/wp-json\/wp\/v2\/product_cat?post=25944"},{"taxonomy":"product_tag","embeddable":true,"href":"https:\/\/gymfactory.eu\/fr\/wp-json\/wp\/v2\/product_tag?post=25944"}],"curies":[{"name":"wp","href":"https:\/\/api.w.org\/{rel}","templated":true}]}}