{"id":25910,"date":"2025-02-06T10:05:31","date_gmt":"2025-02-06T08:05:31","guid":{"rendered":"https:\/\/gymfactory.eu\/product\/machine-extension-triceps-m3\/"},"modified":"2025-02-06T10:05:31","modified_gmt":"2025-02-06T08:05:31","slug":"machine-extension-triceps-m3","status":"publish","type":"product","link":"https:\/\/gymfactory.eu\/fr\/produit\/machine-extension-triceps-m3\/","title":{"rendered":"Machine Extension Triceps M3"},"content":{"rendered":"<p>La Machine Extension Triceps M3 est une machine d\u2019entra\u00eenement d\u00e9di\u00e9e con\u00e7ue pour des exercices de musculation cibl\u00e9s. Construite pour la durabilit\u00e9 et la stabilit\u00e9, elle s\u2019int\u00e8gre bien dans tout home gym ou salle de sport commerciale et offre un entra\u00eenement des bras cibl\u00e9. <\/p>\n<p>Cet \u00e9quipement de salle de sport est utilis\u00e9 pour renforcer les triceps gr\u00e2ce \u00e0 des mouvements de pushdown (extension) contr\u00f4l\u00e9s.<\/p>\n<p>La machine comprend un coussin dorsal fixe pour aider \u00e0 stabiliser le haut du corps pendant l\u2019exercice, permettant une meilleure isolation musculaire. Une barre courb\u00e9e est incluse, offrant un angle de prise naturel et une position confortable pour les poignets. <\/p>\n<p>La Machine Extension Triceps M3 est un choix fiable pour ajouter un travail pr\u00e9cis des triceps \u00e0 toute routine d\u2019entra\u00eenement.<\/p>\n\n    <div class=\"xs_social_share_widget xs_share_url after_content \t\tmain_content  wslu-style-1 wslu-share-box-shaped wslu-fill-colored wslu-none wslu-share-horizontal wslu-theme-font-no wslu-main_content\">\n\n\t\t\n        <ul>\n\t\t\t        <\/ul>\n    <\/div> \n","protected":false},"excerpt":{"rendered":"<p>La Machine Extension Triceps M3 est une machine d\u2019entra\u00eenement d\u00e9di\u00e9e con\u00e7ue pour des exercices de musculation cibl\u00e9s. Construite pour la durabilit\u00e9 et la stabilit\u00e9, elle s\u2019int\u00e8gre bien dans tout home gym ou salle de sport commerciale et offre un entra\u00eenement des bras cibl\u00e9. Cet \u00e9quipement de salle de sport est utilis\u00e9 pour renforcer les triceps [&hellip;]<\/p>\n","protected":false},"featured_media":11925,"template":"","meta":{"_acf_changed":false},"product_brand":[56],"product_cat":[825],"product_tag":[],"class_list":{"0":"post-25910","1":"product","2":"type-product","3":"status-publish","4":"has-post-thumbnail","6":"product_brand-gym-factory","7":"product_cat-machines-a-cables","9":"first","10":"onbackorder","11":"taxable","12":"shipping-taxable","13":"purchasable","14":"product-type-variable","15":"has-default-attributes"},"acf":[],"yoast_head":"<!-- This site is optimized with the Yoast SEO plugin v25.2 - https:\/\/yoast.com\/wordpress\/plugins\/seo\/ -->\n<title>Machine Extension Triceps M3 | \u00c9quipement pour Entra\u00eenement des Bras<\/title>\n<meta name=\"description\" content=\"Vous ciblez la force des triceps ? La Machine Extension Triceps M3 offre une r\u00e9sistance contr\u00f4l\u00e9e pour un entra\u00eenement cibl\u00e9 des bras dans les home gyms ou les salles commerciales.\" \/>\n<meta name=\"robots\" content=\"index, follow, max-snippet:-1, max-image-preview:large, max-video-preview:-1\" \/>\n<link rel=\"canonical\" href=\"https:\/\/gymfactory.eu\/fr\/produit\/machine-extension-triceps-m3\/\" \/>\n<meta property=\"og:locale\" content=\"fr_FR\" \/>\n<meta property=\"og:type\" content=\"article\" \/>\n<meta property=\"og:title\" content=\"Machine Extension Triceps M3 | \u00c9quipement pour Entra\u00eenement des Bras\" \/>\n<meta property=\"og:description\" content=\"Vous ciblez la force des triceps ? La Machine Extension Triceps M3 offre une r\u00e9sistance contr\u00f4l\u00e9e pour un entra\u00eenement cibl\u00e9 des bras dans les home gyms ou les salles commerciales.\" \/>\n<meta property=\"og:url\" content=\"https:\/\/gymfactory.eu\/fr\/produit\/machine-extension-triceps-m3\/\" \/>\n<meta property=\"og:site_name\" content=\"Gym Factory\" \/>\n<meta property=\"og:image\" content=\"https:\/\/gymfactory.eu\/wp-content\/uploads\/2025\/02\/Standing-Crunch-Gym-Machine-Side-View.webp\" \/>\n\t<meta property=\"og:image:width\" content=\"1500\" \/>\n\t<meta property=\"og:image:height\" content=\"1500\" \/>\n\t<meta property=\"og:image:type\" content=\"image\/webp\" \/>\n<meta name=\"twitter:card\" content=\"summary_large_image\" \/>\n<meta name=\"twitter:label1\" content=\"Dur\u00e9e de lecture estim\u00e9e\" \/>\n\t<meta name=\"twitter:data1\" content=\"1 minute\" \/>\n<script type=\"application\/ld+json\" class=\"yoast-schema-graph\">{\"@context\":\"https:\/\/schema.org\",\"@graph\":[{\"@type\":\"WebPage\",\"@id\":\"https:\/\/gymfactory.eu\/fr\/produit\/machine-extension-triceps-m3\/\",\"url\":\"https:\/\/gymfactory.eu\/fr\/produit\/machine-extension-triceps-m3\/\",\"name\":\"Machine Extension Triceps M3 | \u00c9quipement pour Entra\u00eenement des Bras\",\"isPartOf\":{\"@id\":\"https:\/\/gymfactory.eu\/fr\/#website\"},\"primaryImageOfPage\":{\"@id\":\"https:\/\/gymfactory.eu\/fr\/produit\/machine-extension-triceps-m3\/#primaryimage\"},\"image\":{\"@id\":\"https:\/\/gymfactory.eu\/fr\/produit\/machine-extension-triceps-m3\/#primaryimage\"},\"thumbnailUrl\":\"https:\/\/gymfactory.eu\/wp-content\/uploads\/2025\/02\/Standing-Crunch-Gym-Machine-Side-View.webp\",\"datePublished\":\"2025-02-06T08:05:31+00:00\",\"description\":\"Vous ciblez la force des triceps ? La Machine Extension Triceps M3 offre une r\u00e9sistance contr\u00f4l\u00e9e pour un entra\u00eenement cibl\u00e9 des bras dans les home gyms ou les salles commerciales.\",\"breadcrumb\":{\"@id\":\"https:\/\/gymfactory.eu\/fr\/produit\/machine-extension-triceps-m3\/#breadcrumb\"},\"inLanguage\":\"fr-FR\",\"potentialAction\":[{\"@type\":\"ReadAction\",\"target\":[\"https:\/\/gymfactory.eu\/fr\/produit\/machine-extension-triceps-m3\/\"]}]},{\"@type\":\"ImageObject\",\"inLanguage\":\"fr-FR\",\"@id\":\"https:\/\/gymfactory.eu\/fr\/produit\/machine-extension-triceps-m3\/#primaryimage\",\"url\":\"https:\/\/gymfactory.eu\/wp-content\/uploads\/2025\/02\/Standing-Crunch-Gym-Machine-Side-View.webp\",\"contentUrl\":\"https:\/\/gymfactory.eu\/wp-content\/uploads\/2025\/02\/Standing-Crunch-Gym-Machine-Side-View.webp\",\"width\":1500,\"height\":1500,\"caption\":\"Une vue lat\u00e9rale d'une machine de gymnastique de crunch debout pr\u00e9sentant son cadre durable, sa pile de poids et son rembourrage ergonomique. La machine est sp\u00e9cialement con\u00e7ue pour des exercices abdominaux cibl\u00e9s, offrant un mouvement de c\u00e2ble en douceur pour un renforcement efficace du tronc.\"},{\"@type\":\"BreadcrumbList\",\"@id\":\"https:\/\/gymfactory.eu\/fr\/produit\/machine-extension-triceps-m3\/#breadcrumb\",\"itemListElement\":[{\"@type\":\"ListItem\",\"position\":1,\"name\":\"Home\",\"item\":\"https:\/\/gymfactory.eu\/fr\/page-principale\/\"},{\"@type\":\"ListItem\",\"position\":2,\"name\":\"Catalogue\",\"item\":\"https:\/\/gymfactory.eu\/fr\/catalogue-2\/\"},{\"@type\":\"ListItem\",\"position\":3,\"name\":\"Machine Extension Triceps M3\"}]},{\"@type\":\"WebSite\",\"@id\":\"https:\/\/gymfactory.eu\/fr\/#website\",\"url\":\"https:\/\/gymfactory.eu\/fr\/\",\"name\":\"Gym Factory\",\"description\":\"\",\"publisher\":{\"@id\":\"https:\/\/gymfactory.eu\/fr\/#organization\"},\"potentialAction\":[{\"@type\":\"SearchAction\",\"target\":{\"@type\":\"EntryPoint\",\"urlTemplate\":\"https:\/\/gymfactory.eu\/fr\/?s={search_term_string}\"},\"query-input\":{\"@type\":\"PropertyValueSpecification\",\"valueRequired\":true,\"valueName\":\"search_term_string\"}}],\"inLanguage\":\"fr-FR\"},{\"@type\":\"Organization\",\"@id\":\"https:\/\/gymfactory.eu\/fr\/#organization\",\"name\":\"Gym Factory\",\"url\":\"https:\/\/gymfactory.eu\/fr\/\",\"logo\":{\"@type\":\"ImageObject\",\"inLanguage\":\"fr-FR\",\"@id\":\"https:\/\/gymfactory.eu\/fr\/#\/schema\/logo\/image\/\",\"url\":\"https:\/\/gymfactory.eu\/wp-content\/uploads\/2024\/11\/Component-1.svg\",\"contentUrl\":\"https:\/\/gymfactory.eu\/wp-content\/uploads\/2024\/11\/Component-1.svg\",\"width\":54,\"height\":44,\"caption\":\"Gym Factory\"},\"image\":{\"@id\":\"https:\/\/gymfactory.eu\/fr\/#\/schema\/logo\/image\/\"}}]}<\/script>\n<!-- \/ Yoast SEO plugin. -->","yoast_head_json":{"title":"Machine Extension Triceps M3 | \u00c9quipement pour Entra\u00eenement des Bras","description":"Vous ciblez la force des triceps ? La Machine Extension Triceps M3 offre une r\u00e9sistance contr\u00f4l\u00e9e pour un entra\u00eenement cibl\u00e9 des bras dans les home gyms ou les salles commerciales.","robots":{"index":"index","follow":"follow","max-snippet":"max-snippet:-1","max-image-preview":"max-image-preview:large","max-video-preview":"max-video-preview:-1"},"canonical":"https:\/\/gymfactory.eu\/fr\/produit\/machine-extension-triceps-m3\/","og_locale":"fr_FR","og_type":"article","og_title":"Machine Extension Triceps M3 | \u00c9quipement pour Entra\u00eenement des Bras","og_description":"Vous ciblez la force des triceps ? La Machine Extension Triceps M3 offre une r\u00e9sistance contr\u00f4l\u00e9e pour un entra\u00eenement cibl\u00e9 des bras dans les home gyms ou les salles commerciales.","og_url":"https:\/\/gymfactory.eu\/fr\/produit\/machine-extension-triceps-m3\/","og_site_name":"Gym Factory","og_image":[{"width":1500,"height":1500,"url":"https:\/\/gymfactory.eu\/wp-content\/uploads\/2025\/02\/Standing-Crunch-Gym-Machine-Side-View.webp","type":"image\/webp"}],"twitter_card":"summary_large_image","twitter_misc":{"Dur\u00e9e de lecture estim\u00e9e":"1 minute"},"schema":{"@context":"https:\/\/schema.org","@graph":[{"@type":"WebPage","@id":"https:\/\/gymfactory.eu\/fr\/produit\/machine-extension-triceps-m3\/","url":"https:\/\/gymfactory.eu\/fr\/produit\/machine-extension-triceps-m3\/","name":"Machine Extension Triceps M3 | \u00c9quipement pour Entra\u00eenement des Bras","isPartOf":{"@id":"https:\/\/gymfactory.eu\/fr\/#website"},"primaryImageOfPage":{"@id":"https:\/\/gymfactory.eu\/fr\/produit\/machine-extension-triceps-m3\/#primaryimage"},"image":{"@id":"https:\/\/gymfactory.eu\/fr\/produit\/machine-extension-triceps-m3\/#primaryimage"},"thumbnailUrl":"https:\/\/gymfactory.eu\/wp-content\/uploads\/2025\/02\/Standing-Crunch-Gym-Machine-Side-View.webp","datePublished":"2025-02-06T08:05:31+00:00","description":"Vous ciblez la force des triceps ? La Machine Extension Triceps M3 offre une r\u00e9sistance contr\u00f4l\u00e9e pour un entra\u00eenement cibl\u00e9 des bras dans les home gyms ou les salles commerciales.","breadcrumb":{"@id":"https:\/\/gymfactory.eu\/fr\/produit\/machine-extension-triceps-m3\/#breadcrumb"},"inLanguage":"fr-FR","potentialAction":[{"@type":"ReadAction","target":["https:\/\/gymfactory.eu\/fr\/produit\/machine-extension-triceps-m3\/"]}]},{"@type":"ImageObject","inLanguage":"fr-FR","@id":"https:\/\/gymfactory.eu\/fr\/produit\/machine-extension-triceps-m3\/#primaryimage","url":"https:\/\/gymfactory.eu\/wp-content\/uploads\/2025\/02\/Standing-Crunch-Gym-Machine-Side-View.webp","contentUrl":"https:\/\/gymfactory.eu\/wp-content\/uploads\/2025\/02\/Standing-Crunch-Gym-Machine-Side-View.webp","width":1500,"height":1500,"caption":"Une vue lat\u00e9rale d'une machine de gymnastique de crunch debout pr\u00e9sentant son cadre durable, sa pile de poids et son rembourrage ergonomique. La machine est sp\u00e9cialement con\u00e7ue pour des exercices abdominaux cibl\u00e9s, offrant un mouvement de c\u00e2ble en douceur pour un renforcement efficace du tronc."},{"@type":"BreadcrumbList","@id":"https:\/\/gymfactory.eu\/fr\/produit\/machine-extension-triceps-m3\/#breadcrumb","itemListElement":[{"@type":"ListItem","position":1,"name":"Home","item":"https:\/\/gymfactory.eu\/fr\/page-principale\/"},{"@type":"ListItem","position":2,"name":"Catalogue","item":"https:\/\/gymfactory.eu\/fr\/catalogue-2\/"},{"@type":"ListItem","position":3,"name":"Machine Extension Triceps M3"}]},{"@type":"WebSite","@id":"https:\/\/gymfactory.eu\/fr\/#website","url":"https:\/\/gymfactory.eu\/fr\/","name":"Gym Factory","description":"","publisher":{"@id":"https:\/\/gymfactory.eu\/fr\/#organization"},"potentialAction":[{"@type":"SearchAction","target":{"@type":"EntryPoint","urlTemplate":"https:\/\/gymfactory.eu\/fr\/?s={search_term_string}"},"query-input":{"@type":"PropertyValueSpecification","valueRequired":true,"valueName":"search_term_string"}}],"inLanguage":"fr-FR"},{"@type":"Organization","@id":"https:\/\/gymfactory.eu\/fr\/#organization","name":"Gym Factory","url":"https:\/\/gymfactory.eu\/fr\/","logo":{"@type":"ImageObject","inLanguage":"fr-FR","@id":"https:\/\/gymfactory.eu\/fr\/#\/schema\/logo\/image\/","url":"https:\/\/gymfactory.eu\/wp-content\/uploads\/2024\/11\/Component-1.svg","contentUrl":"https:\/\/gymfactory.eu\/wp-content\/uploads\/2024\/11\/Component-1.svg","width":54,"height":44,"caption":"Gym Factory"},"image":{"@id":"https:\/\/gymfactory.eu\/fr\/#\/schema\/logo\/image\/"}}]}},"_links":{"self":[{"href":"https:\/\/gymfactory.eu\/fr\/wp-json\/wp\/v2\/product\/25910","targetHints":{"allow":["GET"]}}],"collection":[{"href":"https:\/\/gymfactory.eu\/fr\/wp-json\/wp\/v2\/product"}],"about":[{"href":"https:\/\/gymfactory.eu\/fr\/wp-json\/wp\/v2\/types\/product"}],"wp:featuredmedia":[{"embeddable":true,"href":"https:\/\/gymfactory.eu\/fr\/wp-json\/wp\/v2\/media\/11925"}],"wp:attachment":[{"href":"https:\/\/gymfactory.eu\/fr\/wp-json\/wp\/v2\/media?parent=25910"}],"wp:term":[{"taxonomy":"product_brand","embeddable":true,"href":"https:\/\/gymfactory.eu\/fr\/wp-json\/wp\/v2\/product_brand?post=25910"},{"taxonomy":"product_cat","embeddable":true,"href":"https:\/\/gymfactory.eu\/fr\/wp-json\/wp\/v2\/product_cat?post=25910"},{"taxonomy":"product_tag","embeddable":true,"href":"https:\/\/gymfactory.eu\/fr\/wp-json\/wp\/v2\/product_tag?post=25910"}],"curies":[{"name":"wp","href":"https:\/\/api.w.org\/{rel}","templated":true}]}}