{"id":25844,"date":"2025-02-06T08:09:19","date_gmt":"2025-02-06T06:09:19","guid":{"rendered":"https:\/\/gymfactory.eu\/product\/machine-tirage-assis-l7xx\/"},"modified":"2025-02-06T08:09:19","modified_gmt":"2025-02-06T06:09:19","slug":"machine-tirage-assis-l7xx","status":"publish","type":"product","link":"https:\/\/gymfactory.eu\/fr\/produit\/machine-tirage-assis-l7xx\/","title":{"rendered":"Machine Tirage Assis L7XX"},"content":{"rendered":"<p>La Machine Tirage Assis L7XX est une machine de salle de sport con\u00e7ue pour les exercices de musculation ax\u00e9s sur le dos. Adapt\u00e9e \u00e0 toute configuration de salle, c\u2019est un \u00e9quipement d\u2019exercice pratique pour le home gym ou la salle professionnelle, offrant des r\u00e9glages flexibles et une performance stable. <\/p>\n<p>Cette machine de tirage assis aide \u00e0 d\u00e9velopper la force dans tout le dos. Selon la fa\u00e7on dont le si\u00e8ge et le coussin de poitrine sont r\u00e9gl\u00e9s, vous pouvez mettre davantage l\u2019accent sur la partie sup\u00e9rieure ou moyenne du dos. Plusieurs options de poign\u00e9es vous permettent de vous entra\u00eener avec une prise serr\u00e9e ou large pour plus de vari\u00e9t\u00e9.  <\/p>\n<p>Le si\u00e8ge et le support de poitrine peuvent \u00eatre ajust\u00e9s pour s\u2019adapter \u00e0 diff\u00e9rents utilisateurs. Les repose-pieds offrent une stabilit\u00e9 suppl\u00e9mentaire pendant l\u2019entra\u00eenement, et une p\u00e9dale d\u2019assistance int\u00e9gr\u00e9e aide \u00e0 soulever l\u00e9g\u00e8rement le poids de la pile pour faciliter le d\u00e9but de chaque r\u00e9p\u00e9tition. <\/p>\n<p>La Machine Tirage Assis L7XX offre un mouvement fluide, un positionnement s\u00e9curis\u00e9 et des r\u00e9glages simples pour un entra\u00eenement du dos efficace.<\/p>\n\n    <div class=\"xs_social_share_widget xs_share_url after_content \t\tmain_content  wslu-style-1 wslu-share-box-shaped wslu-fill-colored wslu-none wslu-share-horizontal wslu-theme-font-no wslu-main_content\">\n\n\t\t\n        <ul>\n\t\t\t        <\/ul>\n    <\/div> \n","protected":false},"excerpt":{"rendered":"<p>La Machine Tirage Assis L7XX est une machine de salle de sport con\u00e7ue pour les exercices de musculation ax\u00e9s sur le dos. Adapt\u00e9e \u00e0 toute configuration de salle, c\u2019est un \u00e9quipement d\u2019exercice pratique pour le home gym ou la salle professionnelle, offrant des r\u00e9glages flexibles et une performance stable. Cette machine de tirage assis aide [&hellip;]<\/p>\n","protected":false},"featured_media":10934,"template":"","meta":{"_acf_changed":false},"product_brand":[56],"product_cat":[825],"product_tag":[],"class_list":{"0":"post-25844","1":"product","2":"type-product","3":"status-publish","4":"has-post-thumbnail","6":"product_brand-gym-factory","7":"product_cat-machines-a-cables","9":"first","10":"onbackorder","11":"taxable","12":"shipping-taxable","13":"purchasable","14":"product-type-variable","15":"has-default-attributes"},"acf":[],"yoast_head":"<!-- This site is optimized with the Yoast SEO plugin v25.2 - https:\/\/yoast.com\/wordpress\/plugins\/seo\/ -->\n<title>Machine Tirage Assis L7XX | Pour Configuration de Musculation<\/title>\n<meta name=\"description\" content=\"Vous d\u00e9veloppez la force du dos dans votre salle ? La Machine Tirage Assis L7XX offre un tirage fluide et contr\u00f4l\u00e9 pour la musculation et le d\u00e9veloppement du haut du corps.\" \/>\n<meta name=\"robots\" content=\"index, follow, max-snippet:-1, max-image-preview:large, max-video-preview:-1\" \/>\n<link rel=\"canonical\" href=\"https:\/\/gymfactory.eu\/fr\/produit\/machine-tirage-assis-l7xx\/\" \/>\n<meta property=\"og:locale\" content=\"fr_FR\" \/>\n<meta property=\"og:type\" content=\"article\" \/>\n<meta property=\"og:title\" content=\"Machine Tirage Assis L7XX | Pour Configuration de Musculation\" \/>\n<meta property=\"og:description\" content=\"Vous d\u00e9veloppez la force du dos dans votre salle ? La Machine Tirage Assis L7XX offre un tirage fluide et contr\u00f4l\u00e9 pour la musculation et le d\u00e9veloppement du haut du corps.\" \/>\n<meta property=\"og:url\" content=\"https:\/\/gymfactory.eu\/fr\/produit\/machine-tirage-assis-l7xx\/\" \/>\n<meta property=\"og:site_name\" content=\"Gym Factory\" \/>\n<meta property=\"og:image\" content=\"https:\/\/gymfactory.eu\/wp-content\/uploads\/2025\/02\/Seated-Row-Gym-Machine-Full-View-1.webp\" \/>\n\t<meta property=\"og:image:width\" content=\"1500\" \/>\n\t<meta property=\"og:image:height\" content=\"1500\" \/>\n\t<meta property=\"og:image:type\" content=\"image\/webp\" \/>\n<meta name=\"twitter:card\" content=\"summary_large_image\" \/>\n<meta name=\"twitter:label1\" content=\"Dur\u00e9e de lecture estim\u00e9e\" \/>\n\t<meta name=\"twitter:data1\" content=\"1 minute\" \/>\n<script type=\"application\/ld+json\" class=\"yoast-schema-graph\">{\"@context\":\"https:\/\/schema.org\",\"@graph\":[{\"@type\":\"WebPage\",\"@id\":\"https:\/\/gymfactory.eu\/fr\/produit\/machine-tirage-assis-l7xx\/\",\"url\":\"https:\/\/gymfactory.eu\/fr\/produit\/machine-tirage-assis-l7xx\/\",\"name\":\"Machine Tirage Assis L7XX | Pour Configuration de Musculation\",\"isPartOf\":{\"@id\":\"https:\/\/gymfactory.eu\/fr\/#website\"},\"primaryImageOfPage\":{\"@id\":\"https:\/\/gymfactory.eu\/fr\/produit\/machine-tirage-assis-l7xx\/#primaryimage\"},\"image\":{\"@id\":\"https:\/\/gymfactory.eu\/fr\/produit\/machine-tirage-assis-l7xx\/#primaryimage\"},\"thumbnailUrl\":\"https:\/\/gymfactory.eu\/wp-content\/uploads\/2025\/02\/Seated-Row-Gym-Machine-Full-View-1.webp\",\"datePublished\":\"2025-02-06T06:09:19+00:00\",\"description\":\"Vous d\u00e9veloppez la force du dos dans votre salle ? La Machine Tirage Assis L7XX offre un tirage fluide et contr\u00f4l\u00e9 pour la musculation et le d\u00e9veloppement du haut du corps.\",\"breadcrumb\":{\"@id\":\"https:\/\/gymfactory.eu\/fr\/produit\/machine-tirage-assis-l7xx\/#breadcrumb\"},\"inLanguage\":\"fr-FR\",\"potentialAction\":[{\"@type\":\"ReadAction\",\"target\":[\"https:\/\/gymfactory.eu\/fr\/produit\/machine-tirage-assis-l7xx\/\"]}]},{\"@type\":\"ImageObject\",\"inLanguage\":\"fr-FR\",\"@id\":\"https:\/\/gymfactory.eu\/fr\/produit\/machine-tirage-assis-l7xx\/#primaryimage\",\"url\":\"https:\/\/gymfactory.eu\/wp-content\/uploads\/2025\/02\/Seated-Row-Gym-Machine-Full-View-1.webp\",\"contentUrl\":\"https:\/\/gymfactory.eu\/wp-content\/uploads\/2025\/02\/Seated-Row-Gym-Machine-Full-View-1.webp\",\"width\":1500,\"height\":1500,\"caption\":\"Une vue compl\u00e8te d\u2019une machine de salle de sport de tirage assis con\u00e7ue pour les entra\u00eenements du haut du corps. Cette machine dispose d\u2019un cadre robuste, de multiples poign\u00e9es et d\u2019un syst\u00e8me de poulie qui offre une r\u00e9sistance fluide. Elle est destin\u00e9e aux salles de sport commerciales et aux configurations de fitness \u00e0 domicile.\"},{\"@type\":\"BreadcrumbList\",\"@id\":\"https:\/\/gymfactory.eu\/fr\/produit\/machine-tirage-assis-l7xx\/#breadcrumb\",\"itemListElement\":[{\"@type\":\"ListItem\",\"position\":1,\"name\":\"Home\",\"item\":\"https:\/\/gymfactory.eu\/fr\/\"},{\"@type\":\"ListItem\",\"position\":2,\"name\":\"Catalogue\",\"item\":\"https:\/\/gymfactory.eu\/fr\/catalogue-2\/\"},{\"@type\":\"ListItem\",\"position\":3,\"name\":\"Machine Tirage Assis L7XX\"}]},{\"@type\":\"WebSite\",\"@id\":\"https:\/\/gymfactory.eu\/fr\/#website\",\"url\":\"https:\/\/gymfactory.eu\/fr\/\",\"name\":\"Gym Factory\",\"description\":\"\",\"publisher\":{\"@id\":\"https:\/\/gymfactory.eu\/fr\/#organization\"},\"potentialAction\":[{\"@type\":\"SearchAction\",\"target\":{\"@type\":\"EntryPoint\",\"urlTemplate\":\"https:\/\/gymfactory.eu\/fr\/?s={search_term_string}\"},\"query-input\":{\"@type\":\"PropertyValueSpecification\",\"valueRequired\":true,\"valueName\":\"search_term_string\"}}],\"inLanguage\":\"fr-FR\"},{\"@type\":\"Organization\",\"@id\":\"https:\/\/gymfactory.eu\/fr\/#organization\",\"name\":\"Gym Factory\",\"url\":\"https:\/\/gymfactory.eu\/fr\/\",\"logo\":{\"@type\":\"ImageObject\",\"inLanguage\":\"fr-FR\",\"@id\":\"https:\/\/gymfactory.eu\/fr\/#\/schema\/logo\/image\/\",\"url\":\"https:\/\/gymfactory.eu\/wp-content\/uploads\/2024\/11\/Component-1.svg\",\"contentUrl\":\"https:\/\/gymfactory.eu\/wp-content\/uploads\/2024\/11\/Component-1.svg\",\"width\":54,\"height\":44,\"caption\":\"Gym Factory\"},\"image\":{\"@id\":\"https:\/\/gymfactory.eu\/fr\/#\/schema\/logo\/image\/\"}}]}<\/script>\n<!-- \/ Yoast SEO plugin. -->","yoast_head_json":{"title":"Machine Tirage Assis L7XX | Pour Configuration de Musculation","description":"Vous d\u00e9veloppez la force du dos dans votre salle ? La Machine Tirage Assis L7XX offre un tirage fluide et contr\u00f4l\u00e9 pour la musculation et le d\u00e9veloppement du haut du corps.","robots":{"index":"index","follow":"follow","max-snippet":"max-snippet:-1","max-image-preview":"max-image-preview:large","max-video-preview":"max-video-preview:-1"},"canonical":"https:\/\/gymfactory.eu\/fr\/produit\/machine-tirage-assis-l7xx\/","og_locale":"fr_FR","og_type":"article","og_title":"Machine Tirage Assis L7XX | Pour Configuration de Musculation","og_description":"Vous d\u00e9veloppez la force du dos dans votre salle ? La Machine Tirage Assis L7XX offre un tirage fluide et contr\u00f4l\u00e9 pour la musculation et le d\u00e9veloppement du haut du corps.","og_url":"https:\/\/gymfactory.eu\/fr\/produit\/machine-tirage-assis-l7xx\/","og_site_name":"Gym Factory","og_image":[{"width":1500,"height":1500,"url":"https:\/\/gymfactory.eu\/wp-content\/uploads\/2025\/02\/Seated-Row-Gym-Machine-Full-View-1.webp","type":"image\/webp"}],"twitter_card":"summary_large_image","twitter_misc":{"Dur\u00e9e de lecture estim\u00e9e":"1 minute"},"schema":{"@context":"https:\/\/schema.org","@graph":[{"@type":"WebPage","@id":"https:\/\/gymfactory.eu\/fr\/produit\/machine-tirage-assis-l7xx\/","url":"https:\/\/gymfactory.eu\/fr\/produit\/machine-tirage-assis-l7xx\/","name":"Machine Tirage Assis L7XX | Pour Configuration de Musculation","isPartOf":{"@id":"https:\/\/gymfactory.eu\/fr\/#website"},"primaryImageOfPage":{"@id":"https:\/\/gymfactory.eu\/fr\/produit\/machine-tirage-assis-l7xx\/#primaryimage"},"image":{"@id":"https:\/\/gymfactory.eu\/fr\/produit\/machine-tirage-assis-l7xx\/#primaryimage"},"thumbnailUrl":"https:\/\/gymfactory.eu\/wp-content\/uploads\/2025\/02\/Seated-Row-Gym-Machine-Full-View-1.webp","datePublished":"2025-02-06T06:09:19+00:00","description":"Vous d\u00e9veloppez la force du dos dans votre salle ? La Machine Tirage Assis L7XX offre un tirage fluide et contr\u00f4l\u00e9 pour la musculation et le d\u00e9veloppement du haut du corps.","breadcrumb":{"@id":"https:\/\/gymfactory.eu\/fr\/produit\/machine-tirage-assis-l7xx\/#breadcrumb"},"inLanguage":"fr-FR","potentialAction":[{"@type":"ReadAction","target":["https:\/\/gymfactory.eu\/fr\/produit\/machine-tirage-assis-l7xx\/"]}]},{"@type":"ImageObject","inLanguage":"fr-FR","@id":"https:\/\/gymfactory.eu\/fr\/produit\/machine-tirage-assis-l7xx\/#primaryimage","url":"https:\/\/gymfactory.eu\/wp-content\/uploads\/2025\/02\/Seated-Row-Gym-Machine-Full-View-1.webp","contentUrl":"https:\/\/gymfactory.eu\/wp-content\/uploads\/2025\/02\/Seated-Row-Gym-Machine-Full-View-1.webp","width":1500,"height":1500,"caption":"Une vue compl\u00e8te d\u2019une machine de salle de sport de tirage assis con\u00e7ue pour les entra\u00eenements du haut du corps. Cette machine dispose d\u2019un cadre robuste, de multiples poign\u00e9es et d\u2019un syst\u00e8me de poulie qui offre une r\u00e9sistance fluide. Elle est destin\u00e9e aux salles de sport commerciales et aux configurations de fitness \u00e0 domicile."},{"@type":"BreadcrumbList","@id":"https:\/\/gymfactory.eu\/fr\/produit\/machine-tirage-assis-l7xx\/#breadcrumb","itemListElement":[{"@type":"ListItem","position":1,"name":"Home","item":"https:\/\/gymfactory.eu\/fr\/"},{"@type":"ListItem","position":2,"name":"Catalogue","item":"https:\/\/gymfactory.eu\/fr\/catalogue-2\/"},{"@type":"ListItem","position":3,"name":"Machine Tirage Assis L7XX"}]},{"@type":"WebSite","@id":"https:\/\/gymfactory.eu\/fr\/#website","url":"https:\/\/gymfactory.eu\/fr\/","name":"Gym Factory","description":"","publisher":{"@id":"https:\/\/gymfactory.eu\/fr\/#organization"},"potentialAction":[{"@type":"SearchAction","target":{"@type":"EntryPoint","urlTemplate":"https:\/\/gymfactory.eu\/fr\/?s={search_term_string}"},"query-input":{"@type":"PropertyValueSpecification","valueRequired":true,"valueName":"search_term_string"}}],"inLanguage":"fr-FR"},{"@type":"Organization","@id":"https:\/\/gymfactory.eu\/fr\/#organization","name":"Gym Factory","url":"https:\/\/gymfactory.eu\/fr\/","logo":{"@type":"ImageObject","inLanguage":"fr-FR","@id":"https:\/\/gymfactory.eu\/fr\/#\/schema\/logo\/image\/","url":"https:\/\/gymfactory.eu\/wp-content\/uploads\/2024\/11\/Component-1.svg","contentUrl":"https:\/\/gymfactory.eu\/wp-content\/uploads\/2024\/11\/Component-1.svg","width":54,"height":44,"caption":"Gym Factory"},"image":{"@id":"https:\/\/gymfactory.eu\/fr\/#\/schema\/logo\/image\/"}}]}},"_links":{"self":[{"href":"https:\/\/gymfactory.eu\/fr\/wp-json\/wp\/v2\/product\/25844","targetHints":{"allow":["GET"]}}],"collection":[{"href":"https:\/\/gymfactory.eu\/fr\/wp-json\/wp\/v2\/product"}],"about":[{"href":"https:\/\/gymfactory.eu\/fr\/wp-json\/wp\/v2\/types\/product"}],"wp:featuredmedia":[{"embeddable":true,"href":"https:\/\/gymfactory.eu\/fr\/wp-json\/wp\/v2\/media\/10934"}],"wp:attachment":[{"href":"https:\/\/gymfactory.eu\/fr\/wp-json\/wp\/v2\/media?parent=25844"}],"wp:term":[{"taxonomy":"product_brand","embeddable":true,"href":"https:\/\/gymfactory.eu\/fr\/wp-json\/wp\/v2\/product_brand?post=25844"},{"taxonomy":"product_cat","embeddable":true,"href":"https:\/\/gymfactory.eu\/fr\/wp-json\/wp\/v2\/product_cat?post=25844"},{"taxonomy":"product_tag","embeddable":true,"href":"https:\/\/gymfactory.eu\/fr\/wp-json\/wp\/v2\/product_tag?post=25844"}],"curies":[{"name":"wp","href":"https:\/\/api.w.org\/{rel}","templated":true}]}}