{"id":25838,"date":"2025-02-06T07:53:52","date_gmt":"2025-02-06T05:53:52","guid":{"rendered":"https:\/\/gymfactory.eu\/product\/machine-de-rotation-kinesitherapie-knz1\/"},"modified":"2025-02-06T07:53:52","modified_gmt":"2025-02-06T05:53:52","slug":"machine-de-rotation-kinesitherapie-knz1","status":"publish","type":"product","link":"https:\/\/gymfactory.eu\/fr\/produit\/machine-de-rotation-kinesitherapie-knz1\/","title":{"rendered":"Machine de Rotation Kin\u00e9sith\u00e9rapie KNZ1"},"content":{"rendered":"<p>La Machine de Rotation Kin\u00e9sith\u00e9rapie est un dispositif de r\u00e9\u00e9ducation sp\u00e9cialis\u00e9 con\u00e7u pour restaurer et renforcer la mobilit\u00e9 rotationnelle des articulations de la cheville, du genou et de la hanche. La machine est \u00e9quip\u00e9e de deux plateformes de pied ind\u00e9pendantes qui tournent horizontalement, avec un espacement r\u00e9glable entre elles. Cela permet d\u2019entra\u00eener chaque jambe s\u00e9par\u00e9ment ou les deux jambes simultan\u00e9ment, en adaptant les exercices aux besoins individuels.  <\/p>\n<p>La r\u00e9sistance est fournie par un syst\u00e8me de colonne de poids, assurant une charge progressive. En plus d\u2019activer les muscles de la cheville et du pied, un espacement plus large des plateformes engage les rotateurs de la cuisse et de la hanche, les muscles fessiers et les adducteurs. Cela rend l\u2019appareil efficace non seulement pour am\u00e9liorer la mobilit\u00e9 et la stabilit\u00e9 articulaires, mais aussi pour am\u00e9liorer le contr\u00f4le pelvien et lombaire \u2013 important dans la pr\u00e9vention des blessures, en particulier pour les blessures aux ligaments crois\u00e9s.  <\/p>\n<p><strong>Caract\u00e9ristiques Cl\u00e9s<\/strong><\/p>\n<ul>\n<li>Plateformes de pied ind\u00e9pendantes \u2013 chaque jambe effectue une rotation interne et externe s\u00e9par\u00e9ment.<\/li>\n<li>Espacement r\u00e9glable \u2013 permet l\u2019activation des muscles du pied jusqu\u2019aux hanches.<\/li>\n<li>R\u00e9sistance r\u00e9glable \u2013 le syst\u00e8me de colonne de poids permet une progression graduelle de la charge.<\/li>\n<li>Utilisation polyvalente \u2013 convient aux positions assise et debout.<\/li>\n<li>R\u00e9\u00e9ducation et pr\u00e9vention \u2013 am\u00e9liore la stabilit\u00e9 des membres inf\u00e9rieurs, la proprioception et le contr\u00f4le neuromusculaire.<\/li>\n<li>Large application \u2013 id\u00e9al pour les cliniques de physioth\u00e9rapie, les centres de r\u00e9\u00e9ducation et les \u00e9tablissements de m\u00e9decine du sport.<\/li>\n<\/ul>\n\n    <div class=\"xs_social_share_widget xs_share_url after_content \t\tmain_content  wslu-style-1 wslu-share-box-shaped wslu-fill-colored wslu-none wslu-share-horizontal wslu-theme-font-no wslu-main_content\">\n\n\t\t\n        <ul>\n\t\t\t        <\/ul>\n    <\/div> \n","protected":false},"excerpt":{"rendered":"<p>La Machine de Rotation Kin\u00e9sith\u00e9rapie est un dispositif de r\u00e9\u00e9ducation sp\u00e9cialis\u00e9 con\u00e7u pour restaurer et renforcer la mobilit\u00e9 rotationnelle des articulations de la cheville, du genou et de la hanche. La machine est \u00e9quip\u00e9e de deux plateformes de pied ind\u00e9pendantes qui tournent horizontalement, avec un espacement r\u00e9glable entre elles. Cela permet d\u2019entra\u00eener chaque jambe s\u00e9par\u00e9ment [&hellip;]<\/p>\n","protected":false},"featured_media":19947,"template":"","meta":{"_acf_changed":false},"product_brand":[56],"product_cat":[825],"product_tag":[857],"class_list":{"0":"post-25838","1":"product","2":"type-product","3":"status-publish","4":"has-post-thumbnail","6":"product_brand-gym-factory","7":"product_cat-machines-a-cables","8":"product_tag-couleur-metal-uniquement","10":"first","11":"onbackorder","12":"taxable","13":"shipping-taxable","14":"purchasable","15":"product-type-variable","16":"has-default-attributes"},"acf":[],"yoast_head":"<!-- This site is optimized with the Yoast SEO plugin v25.2 - https:\/\/yoast.com\/wordpress\/plugins\/seo\/ -->\n<title>Simulateur de Kin\u00e9sith\u00e9rapie KNZ1 - Machine de R\u00e9\u00e9ducation<\/title>\n<meta name=\"description\" content=\"R\u00e9volutionnez l\u2019entra\u00eenement de r\u00e9\u00e9ducation avec une machine con\u00e7ue pour la pr\u00e9cision et le soutien, assurant une r\u00e9cup\u00e9ration efficace gr\u00e2ce \u00e0 des exercices cibl\u00e9s.\" \/>\n<meta name=\"robots\" content=\"index, follow, max-snippet:-1, max-image-preview:large, max-video-preview:-1\" \/>\n<link rel=\"canonical\" href=\"https:\/\/gymfactory.eu\/fr\/produit\/machine-de-rotation-kinesitherapie-knz1\/\" \/>\n<meta property=\"og:locale\" content=\"fr_FR\" \/>\n<meta property=\"og:type\" content=\"article\" \/>\n<meta property=\"og:title\" content=\"Simulateur de Kin\u00e9sith\u00e9rapie KNZ1 - Machine de R\u00e9\u00e9ducation\" \/>\n<meta property=\"og:description\" content=\"R\u00e9volutionnez l\u2019entra\u00eenement de r\u00e9\u00e9ducation avec une machine con\u00e7ue pour la pr\u00e9cision et le soutien, assurant une r\u00e9cup\u00e9ration efficace gr\u00e2ce \u00e0 des exercices cibl\u00e9s.\" \/>\n<meta property=\"og:url\" content=\"https:\/\/gymfactory.eu\/fr\/produit\/machine-de-rotation-kinesitherapie-knz1\/\" \/>\n<meta property=\"og:site_name\" content=\"Gym Factory\" \/>\n<meta property=\"og:image\" content=\"https:\/\/gymfactory.eu\/wp-content\/uploads\/2025\/02\/Kinesiotherapy-Simulator-Full-View-scaled-1-1.webp\" \/>\n\t<meta property=\"og:image:width\" content=\"1500\" \/>\n\t<meta property=\"og:image:height\" content=\"1500\" \/>\n\t<meta property=\"og:image:type\" content=\"image\/webp\" \/>\n<meta name=\"twitter:card\" content=\"summary_large_image\" \/>\n<meta name=\"twitter:label1\" content=\"Dur\u00e9e de lecture estim\u00e9e\" \/>\n\t<meta name=\"twitter:data1\" content=\"1 minute\" \/>\n<script type=\"application\/ld+json\" class=\"yoast-schema-graph\">{\"@context\":\"https:\/\/schema.org\",\"@graph\":[{\"@type\":\"WebPage\",\"@id\":\"https:\/\/gymfactory.eu\/fr\/produit\/machine-de-rotation-kinesitherapie-knz1\/\",\"url\":\"https:\/\/gymfactory.eu\/fr\/produit\/machine-de-rotation-kinesitherapie-knz1\/\",\"name\":\"Simulateur de Kin\u00e9sith\u00e9rapie KNZ1 - Machine de R\u00e9\u00e9ducation\",\"isPartOf\":{\"@id\":\"https:\/\/gymfactory.eu\/fr\/#website\"},\"primaryImageOfPage\":{\"@id\":\"https:\/\/gymfactory.eu\/fr\/produit\/machine-de-rotation-kinesitherapie-knz1\/#primaryimage\"},\"image\":{\"@id\":\"https:\/\/gymfactory.eu\/fr\/produit\/machine-de-rotation-kinesitherapie-knz1\/#primaryimage\"},\"thumbnailUrl\":\"https:\/\/gymfactory.eu\/wp-content\/uploads\/2025\/02\/Kinesiotherapy-Simulator-Full-View-scaled-1-1.webp\",\"datePublished\":\"2025-02-06T05:53:52+00:00\",\"description\":\"R\u00e9volutionnez l\u2019entra\u00eenement de r\u00e9\u00e9ducation avec une machine con\u00e7ue pour la pr\u00e9cision et le soutien, assurant une r\u00e9cup\u00e9ration efficace gr\u00e2ce \u00e0 des exercices cibl\u00e9s.\",\"breadcrumb\":{\"@id\":\"https:\/\/gymfactory.eu\/fr\/produit\/machine-de-rotation-kinesitherapie-knz1\/#breadcrumb\"},\"inLanguage\":\"fr-FR\",\"potentialAction\":[{\"@type\":\"ReadAction\",\"target\":[\"https:\/\/gymfactory.eu\/fr\/produit\/machine-de-rotation-kinesitherapie-knz1\/\"]}]},{\"@type\":\"ImageObject\",\"inLanguage\":\"fr-FR\",\"@id\":\"https:\/\/gymfactory.eu\/fr\/produit\/machine-de-rotation-kinesitherapie-knz1\/#primaryimage\",\"url\":\"https:\/\/gymfactory.eu\/wp-content\/uploads\/2025\/02\/Kinesiotherapy-Simulator-Full-View-scaled-1-1.webp\",\"contentUrl\":\"https:\/\/gymfactory.eu\/wp-content\/uploads\/2025\/02\/Kinesiotherapy-Simulator-Full-View-scaled-1-1.webp\",\"width\":1500,\"height\":1500,\"caption\":\"Une vue compl\u00e8te d\u2019une machine de kin\u00e9sith\u00e9rapie dot\u00e9e d\u2019un cadre robuste en acier rouge, de poids de r\u00e9sistance r\u00e9glables et d\u2019un syst\u00e8me entra\u00een\u00e9 par c\u00e2ble. Cet \u00e9quipement de r\u00e9\u00e9ducation est utilis\u00e9 pour les exercices de physioth\u00e9rapie, am\u00e9liorant la mobilit\u00e9 et la coordination musculaire gr\u00e2ce \u00e0 un entra\u00eenement contr\u00f4l\u00e9 des mouvements du bas du corps.\"},{\"@type\":\"BreadcrumbList\",\"@id\":\"https:\/\/gymfactory.eu\/fr\/produit\/machine-de-rotation-kinesitherapie-knz1\/#breadcrumb\",\"itemListElement\":[{\"@type\":\"ListItem\",\"position\":1,\"name\":\"Home\",\"item\":\"https:\/\/gymfactory.eu\/fr\/page-principale\/\"},{\"@type\":\"ListItem\",\"position\":2,\"name\":\"Catalogue\",\"item\":\"https:\/\/gymfactory.eu\/fr\/catalogue-2\/\"},{\"@type\":\"ListItem\",\"position\":3,\"name\":\"Machine de Rotation Kin\u00e9sith\u00e9rapie KNZ1\"}]},{\"@type\":\"WebSite\",\"@id\":\"https:\/\/gymfactory.eu\/fr\/#website\",\"url\":\"https:\/\/gymfactory.eu\/fr\/\",\"name\":\"Gym Factory\",\"description\":\"\",\"publisher\":{\"@id\":\"https:\/\/gymfactory.eu\/fr\/#organization\"},\"potentialAction\":[{\"@type\":\"SearchAction\",\"target\":{\"@type\":\"EntryPoint\",\"urlTemplate\":\"https:\/\/gymfactory.eu\/fr\/?s={search_term_string}\"},\"query-input\":{\"@type\":\"PropertyValueSpecification\",\"valueRequired\":true,\"valueName\":\"search_term_string\"}}],\"inLanguage\":\"fr-FR\"},{\"@type\":\"Organization\",\"@id\":\"https:\/\/gymfactory.eu\/fr\/#organization\",\"name\":\"Gym Factory\",\"url\":\"https:\/\/gymfactory.eu\/fr\/\",\"logo\":{\"@type\":\"ImageObject\",\"inLanguage\":\"fr-FR\",\"@id\":\"https:\/\/gymfactory.eu\/fr\/#\/schema\/logo\/image\/\",\"url\":\"https:\/\/gymfactory.eu\/wp-content\/uploads\/2024\/11\/Component-1.svg\",\"contentUrl\":\"https:\/\/gymfactory.eu\/wp-content\/uploads\/2024\/11\/Component-1.svg\",\"width\":54,\"height\":44,\"caption\":\"Gym Factory\"},\"image\":{\"@id\":\"https:\/\/gymfactory.eu\/fr\/#\/schema\/logo\/image\/\"}}]}<\/script>\n<!-- \/ Yoast SEO plugin. -->","yoast_head_json":{"title":"Simulateur de Kin\u00e9sith\u00e9rapie KNZ1 - Machine de R\u00e9\u00e9ducation","description":"R\u00e9volutionnez l\u2019entra\u00eenement de r\u00e9\u00e9ducation avec une machine con\u00e7ue pour la pr\u00e9cision et le soutien, assurant une r\u00e9cup\u00e9ration efficace gr\u00e2ce \u00e0 des exercices cibl\u00e9s.","robots":{"index":"index","follow":"follow","max-snippet":"max-snippet:-1","max-image-preview":"max-image-preview:large","max-video-preview":"max-video-preview:-1"},"canonical":"https:\/\/gymfactory.eu\/fr\/produit\/machine-de-rotation-kinesitherapie-knz1\/","og_locale":"fr_FR","og_type":"article","og_title":"Simulateur de Kin\u00e9sith\u00e9rapie KNZ1 - Machine de R\u00e9\u00e9ducation","og_description":"R\u00e9volutionnez l\u2019entra\u00eenement de r\u00e9\u00e9ducation avec une machine con\u00e7ue pour la pr\u00e9cision et le soutien, assurant une r\u00e9cup\u00e9ration efficace gr\u00e2ce \u00e0 des exercices cibl\u00e9s.","og_url":"https:\/\/gymfactory.eu\/fr\/produit\/machine-de-rotation-kinesitherapie-knz1\/","og_site_name":"Gym Factory","og_image":[{"width":1500,"height":1500,"url":"https:\/\/gymfactory.eu\/wp-content\/uploads\/2025\/02\/Kinesiotherapy-Simulator-Full-View-scaled-1-1.webp","type":"image\/webp"}],"twitter_card":"summary_large_image","twitter_misc":{"Dur\u00e9e de lecture estim\u00e9e":"1 minute"},"schema":{"@context":"https:\/\/schema.org","@graph":[{"@type":"WebPage","@id":"https:\/\/gymfactory.eu\/fr\/produit\/machine-de-rotation-kinesitherapie-knz1\/","url":"https:\/\/gymfactory.eu\/fr\/produit\/machine-de-rotation-kinesitherapie-knz1\/","name":"Simulateur de Kin\u00e9sith\u00e9rapie KNZ1 - Machine de R\u00e9\u00e9ducation","isPartOf":{"@id":"https:\/\/gymfactory.eu\/fr\/#website"},"primaryImageOfPage":{"@id":"https:\/\/gymfactory.eu\/fr\/produit\/machine-de-rotation-kinesitherapie-knz1\/#primaryimage"},"image":{"@id":"https:\/\/gymfactory.eu\/fr\/produit\/machine-de-rotation-kinesitherapie-knz1\/#primaryimage"},"thumbnailUrl":"https:\/\/gymfactory.eu\/wp-content\/uploads\/2025\/02\/Kinesiotherapy-Simulator-Full-View-scaled-1-1.webp","datePublished":"2025-02-06T05:53:52+00:00","description":"R\u00e9volutionnez l\u2019entra\u00eenement de r\u00e9\u00e9ducation avec une machine con\u00e7ue pour la pr\u00e9cision et le soutien, assurant une r\u00e9cup\u00e9ration efficace gr\u00e2ce \u00e0 des exercices cibl\u00e9s.","breadcrumb":{"@id":"https:\/\/gymfactory.eu\/fr\/produit\/machine-de-rotation-kinesitherapie-knz1\/#breadcrumb"},"inLanguage":"fr-FR","potentialAction":[{"@type":"ReadAction","target":["https:\/\/gymfactory.eu\/fr\/produit\/machine-de-rotation-kinesitherapie-knz1\/"]}]},{"@type":"ImageObject","inLanguage":"fr-FR","@id":"https:\/\/gymfactory.eu\/fr\/produit\/machine-de-rotation-kinesitherapie-knz1\/#primaryimage","url":"https:\/\/gymfactory.eu\/wp-content\/uploads\/2025\/02\/Kinesiotherapy-Simulator-Full-View-scaled-1-1.webp","contentUrl":"https:\/\/gymfactory.eu\/wp-content\/uploads\/2025\/02\/Kinesiotherapy-Simulator-Full-View-scaled-1-1.webp","width":1500,"height":1500,"caption":"Une vue compl\u00e8te d\u2019une machine de kin\u00e9sith\u00e9rapie dot\u00e9e d\u2019un cadre robuste en acier rouge, de poids de r\u00e9sistance r\u00e9glables et d\u2019un syst\u00e8me entra\u00een\u00e9 par c\u00e2ble. Cet \u00e9quipement de r\u00e9\u00e9ducation est utilis\u00e9 pour les exercices de physioth\u00e9rapie, am\u00e9liorant la mobilit\u00e9 et la coordination musculaire gr\u00e2ce \u00e0 un entra\u00eenement contr\u00f4l\u00e9 des mouvements du bas du corps."},{"@type":"BreadcrumbList","@id":"https:\/\/gymfactory.eu\/fr\/produit\/machine-de-rotation-kinesitherapie-knz1\/#breadcrumb","itemListElement":[{"@type":"ListItem","position":1,"name":"Home","item":"https:\/\/gymfactory.eu\/fr\/page-principale\/"},{"@type":"ListItem","position":2,"name":"Catalogue","item":"https:\/\/gymfactory.eu\/fr\/catalogue-2\/"},{"@type":"ListItem","position":3,"name":"Machine de Rotation Kin\u00e9sith\u00e9rapie KNZ1"}]},{"@type":"WebSite","@id":"https:\/\/gymfactory.eu\/fr\/#website","url":"https:\/\/gymfactory.eu\/fr\/","name":"Gym Factory","description":"","publisher":{"@id":"https:\/\/gymfactory.eu\/fr\/#organization"},"potentialAction":[{"@type":"SearchAction","target":{"@type":"EntryPoint","urlTemplate":"https:\/\/gymfactory.eu\/fr\/?s={search_term_string}"},"query-input":{"@type":"PropertyValueSpecification","valueRequired":true,"valueName":"search_term_string"}}],"inLanguage":"fr-FR"},{"@type":"Organization","@id":"https:\/\/gymfactory.eu\/fr\/#organization","name":"Gym Factory","url":"https:\/\/gymfactory.eu\/fr\/","logo":{"@type":"ImageObject","inLanguage":"fr-FR","@id":"https:\/\/gymfactory.eu\/fr\/#\/schema\/logo\/image\/","url":"https:\/\/gymfactory.eu\/wp-content\/uploads\/2024\/11\/Component-1.svg","contentUrl":"https:\/\/gymfactory.eu\/wp-content\/uploads\/2024\/11\/Component-1.svg","width":54,"height":44,"caption":"Gym Factory"},"image":{"@id":"https:\/\/gymfactory.eu\/fr\/#\/schema\/logo\/image\/"}}]}},"_links":{"self":[{"href":"https:\/\/gymfactory.eu\/fr\/wp-json\/wp\/v2\/product\/25838","targetHints":{"allow":["GET"]}}],"collection":[{"href":"https:\/\/gymfactory.eu\/fr\/wp-json\/wp\/v2\/product"}],"about":[{"href":"https:\/\/gymfactory.eu\/fr\/wp-json\/wp\/v2\/types\/product"}],"wp:featuredmedia":[{"embeddable":true,"href":"https:\/\/gymfactory.eu\/fr\/wp-json\/wp\/v2\/media\/19947"}],"wp:attachment":[{"href":"https:\/\/gymfactory.eu\/fr\/wp-json\/wp\/v2\/media?parent=25838"}],"wp:term":[{"taxonomy":"product_brand","embeddable":true,"href":"https:\/\/gymfactory.eu\/fr\/wp-json\/wp\/v2\/product_brand?post=25838"},{"taxonomy":"product_cat","embeddable":true,"href":"https:\/\/gymfactory.eu\/fr\/wp-json\/wp\/v2\/product_cat?post=25838"},{"taxonomy":"product_tag","embeddable":true,"href":"https:\/\/gymfactory.eu\/fr\/wp-json\/wp\/v2\/product_tag?post=25838"}],"curies":[{"name":"wp","href":"https:\/\/api.w.org\/{rel}","templated":true}]}}