{"id":25823,"date":"2025-02-05T13:56:50","date_gmt":"2025-02-05T11:56:50","guid":{"rendered":"https:\/\/gymfactory.eu\/product\/machine-assistee-tractions-et-dips-k3p\/"},"modified":"2025-02-05T13:56:50","modified_gmt":"2025-02-05T11:56:50","slug":"machine-assistee-tractions-et-dips-k3p","status":"publish","type":"product","link":"https:\/\/gymfactory.eu\/fr\/produit\/machine-assistee-tractions-et-dips-k3p\/","title":{"rendered":"Machine Assist\u00e9e Tractions et Dips K3P"},"content":{"rendered":"<p>La Machine Assist\u00e9e Tractions et Dips K3P est une machine de salle de sport polyvalente con\u00e7ue pour l\u2019entra\u00eenement de la force du haut du corps. Elle s\u2019int\u00e8gre parfaitement dans tout home gym ou salle de sport commerciale, offrant une assistance pour les exercices cl\u00e9s au poids du corps tout en permettant des variations sans assistance. <\/p>\n<p>Cet \u00e9quipement de musculation prend en charge \u00e0 la fois les dips assist\u00e9s et les tractions assist\u00e9es. Les dips peuvent \u00eatre r\u00e9alis\u00e9s en mettant l\u2019accent soit sur les triceps, soit sur les pectoraux, selon l\u2019angle du torse de l\u2019utilisateur. Les tractions aident \u00e0 cibler le dos et les biceps, avec une assistance r\u00e9glable pour un mouvement contr\u00f4l\u00e9.  <\/p>\n<p>La plateforme de support se replie, permettant d\u2019utiliser la m\u00eame machine pour des dips et des tractions non assist\u00e9s (libres). Des plateformes de marche int\u00e9gr\u00e9es facilitent l\u2019acc\u00e8s \u00e0 la position d\u2019exercice en toute s\u00e9curit\u00e9 et confortablement. <\/p>\n<p>La Machine Assist\u00e9e Tractions et Dips K3P est une solution compacte et adaptable pour l\u2019entra\u00eenement du haut du corps avec ou sans assistance.<\/p>\n\n    <div class=\"xs_social_share_widget xs_share_url after_content \t\tmain_content  wslu-style-1 wslu-share-box-shaped wslu-fill-colored wslu-none wslu-share-horizontal wslu-theme-font-no wslu-main_content\">\n\n\t\t\n        <ul>\n\t\t\t        <\/ul>\n    <\/div> \n","protected":false},"excerpt":{"rendered":"<p>La Machine Assist\u00e9e Tractions et Dips K3P est une machine de salle de sport polyvalente con\u00e7ue pour l\u2019entra\u00eenement de la force du haut du corps. Elle s\u2019int\u00e8gre parfaitement dans tout home gym ou salle de sport commerciale, offrant une assistance pour les exercices cl\u00e9s au poids du corps tout en permettant des variations sans assistance. [&hellip;]<\/p>\n","protected":false},"featured_media":20116,"template":"","meta":{"_acf_changed":false},"product_brand":[56],"product_cat":[825],"product_tag":[],"class_list":{"0":"post-25823","1":"product","2":"type-product","3":"status-publish","4":"has-post-thumbnail","6":"product_brand-gym-factory","7":"product_cat-machines-a-cables","9":"first","10":"onbackorder","11":"taxable","12":"shipping-taxable","13":"purchasable","14":"product-type-variable","15":"has-default-attributes"},"acf":[],"yoast_head":"<!-- This site is optimized with the Yoast SEO plugin v25.2 - https:\/\/yoast.com\/wordpress\/plugins\/seo\/ -->\n<title>Machine Assist\u00e9e Tractions Dips K3P | Mat\u00e9riel de Musculation<\/title>\n<meta name=\"description\" content=\"Besoin d\u2019aide pour les dips ou les tractions ? La Machine Assist\u00e9e K3P soutient les exercices au poids du corps et d\u00e9veloppe la force avec une r\u00e9sistance fluide et r\u00e9glable.\" \/>\n<meta name=\"robots\" content=\"index, follow, max-snippet:-1, max-image-preview:large, max-video-preview:-1\" \/>\n<link rel=\"canonical\" href=\"https:\/\/gymfactory.eu\/fr\/produit\/machine-assistee-tractions-et-dips-k3p\/\" \/>\n<meta property=\"og:locale\" content=\"fr_FR\" \/>\n<meta property=\"og:type\" content=\"article\" \/>\n<meta property=\"og:title\" content=\"Machine Assist\u00e9e Tractions Dips K3P | Mat\u00e9riel de Musculation\" \/>\n<meta property=\"og:description\" content=\"Besoin d\u2019aide pour les dips ou les tractions ? La Machine Assist\u00e9e K3P soutient les exercices au poids du corps et d\u00e9veloppe la force avec une r\u00e9sistance fluide et r\u00e9glable.\" \/>\n<meta property=\"og:url\" content=\"https:\/\/gymfactory.eu\/fr\/produit\/machine-assistee-tractions-et-dips-k3p\/\" \/>\n<meta property=\"og:site_name\" content=\"Gym Factory\" \/>\n<meta property=\"og:image\" content=\"https:\/\/gymfactory.eu\/wp-content\/uploads\/2025\/02\/gym-machine-assisted-dip-pull-up-red-close-up-1.webp\" \/>\n\t<meta property=\"og:image:width\" content=\"1500\" \/>\n\t<meta property=\"og:image:height\" content=\"1500\" \/>\n\t<meta property=\"og:image:type\" content=\"image\/webp\" \/>\n<meta name=\"twitter:card\" content=\"summary_large_image\" \/>\n<meta name=\"twitter:label1\" content=\"Dur\u00e9e de lecture estim\u00e9e\" \/>\n\t<meta name=\"twitter:data1\" content=\"1 minute\" \/>\n<script type=\"application\/ld+json\" class=\"yoast-schema-graph\">{\"@context\":\"https:\/\/schema.org\",\"@graph\":[{\"@type\":\"WebPage\",\"@id\":\"https:\/\/gymfactory.eu\/fr\/produit\/machine-assistee-tractions-et-dips-k3p\/\",\"url\":\"https:\/\/gymfactory.eu\/fr\/produit\/machine-assistee-tractions-et-dips-k3p\/\",\"name\":\"Machine Assist\u00e9e Tractions Dips K3P | Mat\u00e9riel de Musculation\",\"isPartOf\":{\"@id\":\"https:\/\/gymfactory.eu\/fr\/#website\"},\"primaryImageOfPage\":{\"@id\":\"https:\/\/gymfactory.eu\/fr\/produit\/machine-assistee-tractions-et-dips-k3p\/#primaryimage\"},\"image\":{\"@id\":\"https:\/\/gymfactory.eu\/fr\/produit\/machine-assistee-tractions-et-dips-k3p\/#primaryimage\"},\"thumbnailUrl\":\"https:\/\/gymfactory.eu\/wp-content\/uploads\/2025\/02\/gym-machine-assisted-dip-pull-up-red-close-up-1.webp\",\"datePublished\":\"2025-02-05T11:56:50+00:00\",\"description\":\"Besoin d\u2019aide pour les dips ou les tractions ? La Machine Assist\u00e9e K3P soutient les exercices au poids du corps et d\u00e9veloppe la force avec une r\u00e9sistance fluide et r\u00e9glable.\",\"breadcrumb\":{\"@id\":\"https:\/\/gymfactory.eu\/fr\/produit\/machine-assistee-tractions-et-dips-k3p\/#breadcrumb\"},\"inLanguage\":\"fr-FR\",\"potentialAction\":[{\"@type\":\"ReadAction\",\"target\":[\"https:\/\/gymfactory.eu\/fr\/produit\/machine-assistee-tractions-et-dips-k3p\/\"]}]},{\"@type\":\"ImageObject\",\"inLanguage\":\"fr-FR\",\"@id\":\"https:\/\/gymfactory.eu\/fr\/produit\/machine-assistee-tractions-et-dips-k3p\/#primaryimage\",\"url\":\"https:\/\/gymfactory.eu\/wp-content\/uploads\/2025\/02\/gym-machine-assisted-dip-pull-up-red-close-up-1.webp\",\"contentUrl\":\"https:\/\/gymfactory.eu\/wp-content\/uploads\/2025\/02\/gym-machine-assisted-dip-pull-up-red-close-up-1.webp\",\"width\":1500,\"height\":1500},{\"@type\":\"BreadcrumbList\",\"@id\":\"https:\/\/gymfactory.eu\/fr\/produit\/machine-assistee-tractions-et-dips-k3p\/#breadcrumb\",\"itemListElement\":[{\"@type\":\"ListItem\",\"position\":1,\"name\":\"Home\",\"item\":\"https:\/\/gymfactory.eu\/fr\/page-principale\/\"},{\"@type\":\"ListItem\",\"position\":2,\"name\":\"Catalogue\",\"item\":\"https:\/\/gymfactory.eu\/fr\/catalogue-2\/\"},{\"@type\":\"ListItem\",\"position\":3,\"name\":\"Machine Assist\u00e9e Tractions et Dips K3P\"}]},{\"@type\":\"WebSite\",\"@id\":\"https:\/\/gymfactory.eu\/fr\/#website\",\"url\":\"https:\/\/gymfactory.eu\/fr\/\",\"name\":\"Gym Factory\",\"description\":\"\",\"publisher\":{\"@id\":\"https:\/\/gymfactory.eu\/fr\/#organization\"},\"potentialAction\":[{\"@type\":\"SearchAction\",\"target\":{\"@type\":\"EntryPoint\",\"urlTemplate\":\"https:\/\/gymfactory.eu\/fr\/?s={search_term_string}\"},\"query-input\":{\"@type\":\"PropertyValueSpecification\",\"valueRequired\":true,\"valueName\":\"search_term_string\"}}],\"inLanguage\":\"fr-FR\"},{\"@type\":\"Organization\",\"@id\":\"https:\/\/gymfactory.eu\/fr\/#organization\",\"name\":\"Gym Factory\",\"url\":\"https:\/\/gymfactory.eu\/fr\/\",\"logo\":{\"@type\":\"ImageObject\",\"inLanguage\":\"fr-FR\",\"@id\":\"https:\/\/gymfactory.eu\/fr\/#\/schema\/logo\/image\/\",\"url\":\"https:\/\/gymfactory.eu\/wp-content\/uploads\/2024\/11\/Component-1.svg\",\"contentUrl\":\"https:\/\/gymfactory.eu\/wp-content\/uploads\/2024\/11\/Component-1.svg\",\"width\":54,\"height\":44,\"caption\":\"Gym Factory\"},\"image\":{\"@id\":\"https:\/\/gymfactory.eu\/fr\/#\/schema\/logo\/image\/\"}}]}<\/script>\n<!-- \/ Yoast SEO plugin. -->","yoast_head_json":{"title":"Machine Assist\u00e9e Tractions Dips K3P | Mat\u00e9riel de Musculation","description":"Besoin d\u2019aide pour les dips ou les tractions ? La Machine Assist\u00e9e K3P soutient les exercices au poids du corps et d\u00e9veloppe la force avec une r\u00e9sistance fluide et r\u00e9glable.","robots":{"index":"index","follow":"follow","max-snippet":"max-snippet:-1","max-image-preview":"max-image-preview:large","max-video-preview":"max-video-preview:-1"},"canonical":"https:\/\/gymfactory.eu\/fr\/produit\/machine-assistee-tractions-et-dips-k3p\/","og_locale":"fr_FR","og_type":"article","og_title":"Machine Assist\u00e9e Tractions Dips K3P | Mat\u00e9riel de Musculation","og_description":"Besoin d\u2019aide pour les dips ou les tractions ? La Machine Assist\u00e9e K3P soutient les exercices au poids du corps et d\u00e9veloppe la force avec une r\u00e9sistance fluide et r\u00e9glable.","og_url":"https:\/\/gymfactory.eu\/fr\/produit\/machine-assistee-tractions-et-dips-k3p\/","og_site_name":"Gym Factory","og_image":[{"width":1500,"height":1500,"url":"https:\/\/gymfactory.eu\/wp-content\/uploads\/2025\/02\/gym-machine-assisted-dip-pull-up-red-close-up-1.webp","type":"image\/webp"}],"twitter_card":"summary_large_image","twitter_misc":{"Dur\u00e9e de lecture estim\u00e9e":"1 minute"},"schema":{"@context":"https:\/\/schema.org","@graph":[{"@type":"WebPage","@id":"https:\/\/gymfactory.eu\/fr\/produit\/machine-assistee-tractions-et-dips-k3p\/","url":"https:\/\/gymfactory.eu\/fr\/produit\/machine-assistee-tractions-et-dips-k3p\/","name":"Machine Assist\u00e9e Tractions Dips K3P | Mat\u00e9riel de Musculation","isPartOf":{"@id":"https:\/\/gymfactory.eu\/fr\/#website"},"primaryImageOfPage":{"@id":"https:\/\/gymfactory.eu\/fr\/produit\/machine-assistee-tractions-et-dips-k3p\/#primaryimage"},"image":{"@id":"https:\/\/gymfactory.eu\/fr\/produit\/machine-assistee-tractions-et-dips-k3p\/#primaryimage"},"thumbnailUrl":"https:\/\/gymfactory.eu\/wp-content\/uploads\/2025\/02\/gym-machine-assisted-dip-pull-up-red-close-up-1.webp","datePublished":"2025-02-05T11:56:50+00:00","description":"Besoin d\u2019aide pour les dips ou les tractions ? La Machine Assist\u00e9e K3P soutient les exercices au poids du corps et d\u00e9veloppe la force avec une r\u00e9sistance fluide et r\u00e9glable.","breadcrumb":{"@id":"https:\/\/gymfactory.eu\/fr\/produit\/machine-assistee-tractions-et-dips-k3p\/#breadcrumb"},"inLanguage":"fr-FR","potentialAction":[{"@type":"ReadAction","target":["https:\/\/gymfactory.eu\/fr\/produit\/machine-assistee-tractions-et-dips-k3p\/"]}]},{"@type":"ImageObject","inLanguage":"fr-FR","@id":"https:\/\/gymfactory.eu\/fr\/produit\/machine-assistee-tractions-et-dips-k3p\/#primaryimage","url":"https:\/\/gymfactory.eu\/wp-content\/uploads\/2025\/02\/gym-machine-assisted-dip-pull-up-red-close-up-1.webp","contentUrl":"https:\/\/gymfactory.eu\/wp-content\/uploads\/2025\/02\/gym-machine-assisted-dip-pull-up-red-close-up-1.webp","width":1500,"height":1500},{"@type":"BreadcrumbList","@id":"https:\/\/gymfactory.eu\/fr\/produit\/machine-assistee-tractions-et-dips-k3p\/#breadcrumb","itemListElement":[{"@type":"ListItem","position":1,"name":"Home","item":"https:\/\/gymfactory.eu\/fr\/page-principale\/"},{"@type":"ListItem","position":2,"name":"Catalogue","item":"https:\/\/gymfactory.eu\/fr\/catalogue-2\/"},{"@type":"ListItem","position":3,"name":"Machine Assist\u00e9e Tractions et Dips K3P"}]},{"@type":"WebSite","@id":"https:\/\/gymfactory.eu\/fr\/#website","url":"https:\/\/gymfactory.eu\/fr\/","name":"Gym Factory","description":"","publisher":{"@id":"https:\/\/gymfactory.eu\/fr\/#organization"},"potentialAction":[{"@type":"SearchAction","target":{"@type":"EntryPoint","urlTemplate":"https:\/\/gymfactory.eu\/fr\/?s={search_term_string}"},"query-input":{"@type":"PropertyValueSpecification","valueRequired":true,"valueName":"search_term_string"}}],"inLanguage":"fr-FR"},{"@type":"Organization","@id":"https:\/\/gymfactory.eu\/fr\/#organization","name":"Gym Factory","url":"https:\/\/gymfactory.eu\/fr\/","logo":{"@type":"ImageObject","inLanguage":"fr-FR","@id":"https:\/\/gymfactory.eu\/fr\/#\/schema\/logo\/image\/","url":"https:\/\/gymfactory.eu\/wp-content\/uploads\/2024\/11\/Component-1.svg","contentUrl":"https:\/\/gymfactory.eu\/wp-content\/uploads\/2024\/11\/Component-1.svg","width":54,"height":44,"caption":"Gym Factory"},"image":{"@id":"https:\/\/gymfactory.eu\/fr\/#\/schema\/logo\/image\/"}}]}},"_links":{"self":[{"href":"https:\/\/gymfactory.eu\/fr\/wp-json\/wp\/v2\/product\/25823","targetHints":{"allow":["GET"]}}],"collection":[{"href":"https:\/\/gymfactory.eu\/fr\/wp-json\/wp\/v2\/product"}],"about":[{"href":"https:\/\/gymfactory.eu\/fr\/wp-json\/wp\/v2\/types\/product"}],"wp:featuredmedia":[{"embeddable":true,"href":"https:\/\/gymfactory.eu\/fr\/wp-json\/wp\/v2\/media\/20116"}],"wp:attachment":[{"href":"https:\/\/gymfactory.eu\/fr\/wp-json\/wp\/v2\/media?parent=25823"}],"wp:term":[{"taxonomy":"product_brand","embeddable":true,"href":"https:\/\/gymfactory.eu\/fr\/wp-json\/wp\/v2\/product_brand?post=25823"},{"taxonomy":"product_cat","embeddable":true,"href":"https:\/\/gymfactory.eu\/fr\/wp-json\/wp\/v2\/product_cat?post=25823"},{"taxonomy":"product_tag","embeddable":true,"href":"https:\/\/gymfactory.eu\/fr\/wp-json\/wp\/v2\/product_tag?post=25823"}],"curies":[{"name":"wp","href":"https:\/\/api.w.org\/{rel}","templated":true}]}}