{"id":25804,"date":"2025-02-05T13:22:08","date_gmt":"2025-02-05T11:22:08","guid":{"rendered":"https:\/\/gymfactory.eu\/product\/machine-abdominaux-e2\/"},"modified":"2025-02-05T13:22:08","modified_gmt":"2025-02-05T11:22:08","slug":"machine-abdominaux-e2","status":"publish","type":"product","link":"https:\/\/gymfactory.eu\/fr\/produit\/machine-abdominaux-e2\/","title":{"rendered":"Machine Abdominaux E2"},"content":{"rendered":"<p>La Machine Abdominaux E2 est une unit\u00e9 de musculation ax\u00e9e sur le centre du corps, con\u00e7ue pour soutenir un travail abdominal s\u00fbr et contr\u00f4l\u00e9. Elle offre une r\u00e9sistance guid\u00e9e pour aider \u00e0 activer efficacement les muscles abdominaux pendant le mouvement de crunch. <\/p>\n<p>Cette machine est utilis\u00e9e pour les crunchs lest\u00e9s, ciblant directement le grand droit de l\u2019abdomen et engageant \u00e9galement les muscles de soutien comme les obliques et les fl\u00e9chisseurs de la hanche.<\/p>\n<p>La position du support de jambes est r\u00e9glable pour convenir aux utilisateurs de diff\u00e9rentes tailles, assurant un alignement correct. La machine offre un engagement abdominal clair et cibl\u00e9, permettant aux utilisateurs de sentir les muscles du centre travailler tout au long de l\u2019exercice.<\/p>\n\n    <div class=\"xs_social_share_widget xs_share_url after_content \t\tmain_content  wslu-style-1 wslu-share-box-shaped wslu-fill-colored wslu-none wslu-share-horizontal wslu-theme-font-no wslu-main_content\">\n\n\t\t\n        <ul>\n\t\t\t        <\/ul>\n    <\/div> \n","protected":false},"excerpt":{"rendered":"<p>La Machine Abdominaux E2 est une unit\u00e9 de musculation ax\u00e9e sur le centre du corps, con\u00e7ue pour soutenir un travail abdominal s\u00fbr et contr\u00f4l\u00e9. Elle offre une r\u00e9sistance guid\u00e9e pour aider \u00e0 activer efficacement les muscles abdominaux pendant le mouvement de crunch. Cette machine est utilis\u00e9e pour les crunchs lest\u00e9s, ciblant directement le grand droit [&hellip;]<\/p>\n","protected":false},"featured_media":11267,"template":"","meta":{"_acf_changed":false},"product_brand":[56],"product_cat":[825],"product_tag":[],"class_list":{"0":"post-25804","1":"product","2":"type-product","3":"status-publish","4":"has-post-thumbnail","6":"product_brand-gym-factory","7":"product_cat-machines-a-cables","9":"first","10":"onbackorder","11":"taxable","12":"shipping-taxable","13":"purchasable","14":"product-type-variable","15":"has-default-attributes"},"acf":[],"yoast_head":"<!-- This site is optimized with the Yoast SEO plugin v25.2 - https:\/\/yoast.com\/wordpress\/plugins\/seo\/ -->\n<title>Machine Abdominaux E2 pour Exercices de Musculation<\/title>\n<meta name=\"description\" content=\"Vous cherchez \u00e0 d\u00e9velopper la force du centre ? La Machine Abdominaux E2 est con\u00e7ue pour des exercices abdominaux contr\u00f4l\u00e9s et efficaces et des routines de musculation.\" \/>\n<meta name=\"robots\" content=\"index, follow, max-snippet:-1, max-image-preview:large, max-video-preview:-1\" \/>\n<link rel=\"canonical\" href=\"https:\/\/gymfactory.eu\/fr\/produit\/machine-abdominaux-e2\/\" \/>\n<meta property=\"og:locale\" content=\"fr_FR\" \/>\n<meta property=\"og:type\" content=\"article\" \/>\n<meta property=\"og:title\" content=\"Machine Abdominaux E2 pour Exercices de Musculation\" \/>\n<meta property=\"og:description\" content=\"Vous cherchez \u00e0 d\u00e9velopper la force du centre ? La Machine Abdominaux E2 est con\u00e7ue pour des exercices abdominaux contr\u00f4l\u00e9s et efficaces et des routines de musculation.\" \/>\n<meta property=\"og:url\" content=\"https:\/\/gymfactory.eu\/fr\/produit\/machine-abdominaux-e2\/\" \/>\n<meta property=\"og:site_name\" content=\"Gym Factory\" \/>\n<meta property=\"og:image\" content=\"https:\/\/gymfactory.eu\/wp-content\/uploads\/2025\/02\/gym-machine-ab-crunch-leg-raise-side-angle-1.webp\" \/>\n\t<meta property=\"og:image:width\" content=\"1500\" \/>\n\t<meta property=\"og:image:height\" content=\"1500\" \/>\n\t<meta property=\"og:image:type\" content=\"image\/webp\" \/>\n<meta name=\"twitter:card\" content=\"summary_large_image\" \/>\n<meta name=\"twitter:label1\" content=\"Dur\u00e9e de lecture estim\u00e9e\" \/>\n\t<meta name=\"twitter:data1\" content=\"1 minute\" \/>\n<script type=\"application\/ld+json\" class=\"yoast-schema-graph\">{\"@context\":\"https:\/\/schema.org\",\"@graph\":[{\"@type\":\"WebPage\",\"@id\":\"https:\/\/gymfactory.eu\/fr\/produit\/machine-abdominaux-e2\/\",\"url\":\"https:\/\/gymfactory.eu\/fr\/produit\/machine-abdominaux-e2\/\",\"name\":\"Machine Abdominaux E2 pour Exercices de Musculation\",\"isPartOf\":{\"@id\":\"https:\/\/gymfactory.eu\/fr\/#website\"},\"primaryImageOfPage\":{\"@id\":\"https:\/\/gymfactory.eu\/fr\/produit\/machine-abdominaux-e2\/#primaryimage\"},\"image\":{\"@id\":\"https:\/\/gymfactory.eu\/fr\/produit\/machine-abdominaux-e2\/#primaryimage\"},\"thumbnailUrl\":\"https:\/\/gymfactory.eu\/wp-content\/uploads\/2025\/02\/gym-machine-ab-crunch-leg-raise-side-angle-1.webp\",\"datePublished\":\"2025-02-05T11:22:08+00:00\",\"description\":\"Vous cherchez \u00e0 d\u00e9velopper la force du centre ? La Machine Abdominaux E2 est con\u00e7ue pour des exercices abdominaux contr\u00f4l\u00e9s et efficaces et des routines de musculation.\",\"breadcrumb\":{\"@id\":\"https:\/\/gymfactory.eu\/fr\/produit\/machine-abdominaux-e2\/#breadcrumb\"},\"inLanguage\":\"fr-FR\",\"potentialAction\":[{\"@type\":\"ReadAction\",\"target\":[\"https:\/\/gymfactory.eu\/fr\/produit\/machine-abdominaux-e2\/\"]}]},{\"@type\":\"ImageObject\",\"inLanguage\":\"fr-FR\",\"@id\":\"https:\/\/gymfactory.eu\/fr\/produit\/machine-abdominaux-e2\/#primaryimage\",\"url\":\"https:\/\/gymfactory.eu\/wp-content\/uploads\/2025\/02\/gym-machine-ab-crunch-leg-raise-side-angle-1.webp\",\"contentUrl\":\"https:\/\/gymfactory.eu\/wp-content\/uploads\/2025\/02\/gym-machine-ab-crunch-leg-raise-side-angle-1.webp\",\"width\":1500,\"height\":1500,\"caption\":\"Une perspective lat\u00e9rale d\u2019une machine de salle de sport pour crunchs abdominaux et relev\u00e9s de jambes mettant en valeur son design ergonomique. Le rembourrage rouge assure le confort, tandis que le cadre en acier garantit la durabilit\u00e9. Cette machine est \u00e9quip\u00e9e d\u2019une pile de poids pour l\u2019entra\u00eenement en r\u00e9sistance et est parfaite pour cibler les abdominaux et les fl\u00e9chisseurs de la hanche.\"},{\"@type\":\"BreadcrumbList\",\"@id\":\"https:\/\/gymfactory.eu\/fr\/produit\/machine-abdominaux-e2\/#breadcrumb\",\"itemListElement\":[{\"@type\":\"ListItem\",\"position\":1,\"name\":\"Home\",\"item\":\"https:\/\/gymfactory.eu\/fr\/page-principale\/\"},{\"@type\":\"ListItem\",\"position\":2,\"name\":\"Catalogue\",\"item\":\"https:\/\/gymfactory.eu\/fr\/catalogue-2\/\"},{\"@type\":\"ListItem\",\"position\":3,\"name\":\"Machine Abdominaux E2\"}]},{\"@type\":\"WebSite\",\"@id\":\"https:\/\/gymfactory.eu\/fr\/#website\",\"url\":\"https:\/\/gymfactory.eu\/fr\/\",\"name\":\"Gym Factory\",\"description\":\"\",\"publisher\":{\"@id\":\"https:\/\/gymfactory.eu\/fr\/#organization\"},\"potentialAction\":[{\"@type\":\"SearchAction\",\"target\":{\"@type\":\"EntryPoint\",\"urlTemplate\":\"https:\/\/gymfactory.eu\/fr\/?s={search_term_string}\"},\"query-input\":{\"@type\":\"PropertyValueSpecification\",\"valueRequired\":true,\"valueName\":\"search_term_string\"}}],\"inLanguage\":\"fr-FR\"},{\"@type\":\"Organization\",\"@id\":\"https:\/\/gymfactory.eu\/fr\/#organization\",\"name\":\"Gym Factory\",\"url\":\"https:\/\/gymfactory.eu\/fr\/\",\"logo\":{\"@type\":\"ImageObject\",\"inLanguage\":\"fr-FR\",\"@id\":\"https:\/\/gymfactory.eu\/fr\/#\/schema\/logo\/image\/\",\"url\":\"https:\/\/gymfactory.eu\/wp-content\/uploads\/2024\/11\/Component-1.svg\",\"contentUrl\":\"https:\/\/gymfactory.eu\/wp-content\/uploads\/2024\/11\/Component-1.svg\",\"width\":54,\"height\":44,\"caption\":\"Gym Factory\"},\"image\":{\"@id\":\"https:\/\/gymfactory.eu\/fr\/#\/schema\/logo\/image\/\"}}]}<\/script>\n<!-- \/ Yoast SEO plugin. -->","yoast_head_json":{"title":"Machine Abdominaux E2 pour Exercices de Musculation","description":"Vous cherchez \u00e0 d\u00e9velopper la force du centre ? La Machine Abdominaux E2 est con\u00e7ue pour des exercices abdominaux contr\u00f4l\u00e9s et efficaces et des routines de musculation.","robots":{"index":"index","follow":"follow","max-snippet":"max-snippet:-1","max-image-preview":"max-image-preview:large","max-video-preview":"max-video-preview:-1"},"canonical":"https:\/\/gymfactory.eu\/fr\/produit\/machine-abdominaux-e2\/","og_locale":"fr_FR","og_type":"article","og_title":"Machine Abdominaux E2 pour Exercices de Musculation","og_description":"Vous cherchez \u00e0 d\u00e9velopper la force du centre ? La Machine Abdominaux E2 est con\u00e7ue pour des exercices abdominaux contr\u00f4l\u00e9s et efficaces et des routines de musculation.","og_url":"https:\/\/gymfactory.eu\/fr\/produit\/machine-abdominaux-e2\/","og_site_name":"Gym Factory","og_image":[{"width":1500,"height":1500,"url":"https:\/\/gymfactory.eu\/wp-content\/uploads\/2025\/02\/gym-machine-ab-crunch-leg-raise-side-angle-1.webp","type":"image\/webp"}],"twitter_card":"summary_large_image","twitter_misc":{"Dur\u00e9e de lecture estim\u00e9e":"1 minute"},"schema":{"@context":"https:\/\/schema.org","@graph":[{"@type":"WebPage","@id":"https:\/\/gymfactory.eu\/fr\/produit\/machine-abdominaux-e2\/","url":"https:\/\/gymfactory.eu\/fr\/produit\/machine-abdominaux-e2\/","name":"Machine Abdominaux E2 pour Exercices de Musculation","isPartOf":{"@id":"https:\/\/gymfactory.eu\/fr\/#website"},"primaryImageOfPage":{"@id":"https:\/\/gymfactory.eu\/fr\/produit\/machine-abdominaux-e2\/#primaryimage"},"image":{"@id":"https:\/\/gymfactory.eu\/fr\/produit\/machine-abdominaux-e2\/#primaryimage"},"thumbnailUrl":"https:\/\/gymfactory.eu\/wp-content\/uploads\/2025\/02\/gym-machine-ab-crunch-leg-raise-side-angle-1.webp","datePublished":"2025-02-05T11:22:08+00:00","description":"Vous cherchez \u00e0 d\u00e9velopper la force du centre ? La Machine Abdominaux E2 est con\u00e7ue pour des exercices abdominaux contr\u00f4l\u00e9s et efficaces et des routines de musculation.","breadcrumb":{"@id":"https:\/\/gymfactory.eu\/fr\/produit\/machine-abdominaux-e2\/#breadcrumb"},"inLanguage":"fr-FR","potentialAction":[{"@type":"ReadAction","target":["https:\/\/gymfactory.eu\/fr\/produit\/machine-abdominaux-e2\/"]}]},{"@type":"ImageObject","inLanguage":"fr-FR","@id":"https:\/\/gymfactory.eu\/fr\/produit\/machine-abdominaux-e2\/#primaryimage","url":"https:\/\/gymfactory.eu\/wp-content\/uploads\/2025\/02\/gym-machine-ab-crunch-leg-raise-side-angle-1.webp","contentUrl":"https:\/\/gymfactory.eu\/wp-content\/uploads\/2025\/02\/gym-machine-ab-crunch-leg-raise-side-angle-1.webp","width":1500,"height":1500,"caption":"Une perspective lat\u00e9rale d\u2019une machine de salle de sport pour crunchs abdominaux et relev\u00e9s de jambes mettant en valeur son design ergonomique. Le rembourrage rouge assure le confort, tandis que le cadre en acier garantit la durabilit\u00e9. Cette machine est \u00e9quip\u00e9e d\u2019une pile de poids pour l\u2019entra\u00eenement en r\u00e9sistance et est parfaite pour cibler les abdominaux et les fl\u00e9chisseurs de la hanche."},{"@type":"BreadcrumbList","@id":"https:\/\/gymfactory.eu\/fr\/produit\/machine-abdominaux-e2\/#breadcrumb","itemListElement":[{"@type":"ListItem","position":1,"name":"Home","item":"https:\/\/gymfactory.eu\/fr\/page-principale\/"},{"@type":"ListItem","position":2,"name":"Catalogue","item":"https:\/\/gymfactory.eu\/fr\/catalogue-2\/"},{"@type":"ListItem","position":3,"name":"Machine Abdominaux E2"}]},{"@type":"WebSite","@id":"https:\/\/gymfactory.eu\/fr\/#website","url":"https:\/\/gymfactory.eu\/fr\/","name":"Gym Factory","description":"","publisher":{"@id":"https:\/\/gymfactory.eu\/fr\/#organization"},"potentialAction":[{"@type":"SearchAction","target":{"@type":"EntryPoint","urlTemplate":"https:\/\/gymfactory.eu\/fr\/?s={search_term_string}"},"query-input":{"@type":"PropertyValueSpecification","valueRequired":true,"valueName":"search_term_string"}}],"inLanguage":"fr-FR"},{"@type":"Organization","@id":"https:\/\/gymfactory.eu\/fr\/#organization","name":"Gym Factory","url":"https:\/\/gymfactory.eu\/fr\/","logo":{"@type":"ImageObject","inLanguage":"fr-FR","@id":"https:\/\/gymfactory.eu\/fr\/#\/schema\/logo\/image\/","url":"https:\/\/gymfactory.eu\/wp-content\/uploads\/2024\/11\/Component-1.svg","contentUrl":"https:\/\/gymfactory.eu\/wp-content\/uploads\/2024\/11\/Component-1.svg","width":54,"height":44,"caption":"Gym Factory"},"image":{"@id":"https:\/\/gymfactory.eu\/fr\/#\/schema\/logo\/image\/"}}]}},"_links":{"self":[{"href":"https:\/\/gymfactory.eu\/fr\/wp-json\/wp\/v2\/product\/25804","targetHints":{"allow":["GET"]}}],"collection":[{"href":"https:\/\/gymfactory.eu\/fr\/wp-json\/wp\/v2\/product"}],"about":[{"href":"https:\/\/gymfactory.eu\/fr\/wp-json\/wp\/v2\/types\/product"}],"wp:featuredmedia":[{"embeddable":true,"href":"https:\/\/gymfactory.eu\/fr\/wp-json\/wp\/v2\/media\/11267"}],"wp:attachment":[{"href":"https:\/\/gymfactory.eu\/fr\/wp-json\/wp\/v2\/media?parent=25804"}],"wp:term":[{"taxonomy":"product_brand","embeddable":true,"href":"https:\/\/gymfactory.eu\/fr\/wp-json\/wp\/v2\/product_brand?post=25804"},{"taxonomy":"product_cat","embeddable":true,"href":"https:\/\/gymfactory.eu\/fr\/wp-json\/wp\/v2\/product_cat?post=25804"},{"taxonomy":"product_tag","embeddable":true,"href":"https:\/\/gymfactory.eu\/fr\/wp-json\/wp\/v2\/product_tag?post=25804"}],"curies":[{"name":"wp","href":"https:\/\/api.w.org\/{rel}","templated":true}]}}