{"id":25781,"date":"2025-02-05T13:04:33","date_gmt":"2025-02-05T11:04:33","guid":{"rendered":"https:\/\/gymfactory.eu\/product\/machine-poulie-c2x2\/"},"modified":"2025-02-05T13:04:33","modified_gmt":"2025-02-05T11:04:33","slug":"machine-poulie-c2x2","status":"publish","type":"product","link":"https:\/\/gymfactory.eu\/fr\/produit\/machine-poulie-c2x2\/","title":{"rendered":"Machine Poulie C2X2"},"content":{"rendered":"<p>La Machine Poulie C2X2 est une station de musculation multifonction con\u00e7ue pour une utilisation en home gym comme en salle de sport commerciale. Elle est \u00e9quip\u00e9e de deux syst\u00e8mes de poulies r\u00e9glables en hauteur et d\u2019un coussin dorsal \u00e0 angle et longueur r\u00e9glables, offrant davantage de stabilit\u00e9 et de soutien lors des mouvements isol\u00e9s \u2013 particuli\u00e8rement utile pour des exercices comme les \u00e9cart\u00e9s \u00e0 la poulie pour la poitrine. <\/p>\n<p>La machine permet une large gamme d\u2019exercices pour le haut et le bas du corps, notamment les d\u00e9velopp\u00e9s pour la poitrine, \u00e9l\u00e9vations d\u2019\u00e9paules, extensions triceps et curls biceps. Elle supporte \u00e9galement des exercices pour le dos tels que tirages lat (lat pulldowns), rowings debout et face pulls. Pour le bas du corps, les utilisateurs peuvent effectuer des fentes et des kickbacks, tandis que des mouvements orient\u00e9s sur le centre du corps comme les crunchs \u00e0 la poulie et les woodchoppers peuvent aussi \u00eatre int\u00e9gr\u00e9s.  <\/p>\n<p>Chaque poulie se d\u00e9place de mani\u00e8re fluide et se r\u00e8gle verticalement, permettant une r\u00e9sistance contr\u00f4l\u00e9e et un positionnement pr\u00e9cis des exercices. Une poign\u00e9e simple est incluse avec chaque poulie. <\/p>\n<p>Avec son soutien dorsal r\u00e9glable et sa grande vari\u00e9t\u00e9 d\u2019exercices, la C2X2 est une solution pratique pour l\u2019entra\u00eenement \u00e0 la poulie.<\/p>\n\n    <div class=\"xs_social_share_widget xs_share_url after_content \t\tmain_content  wslu-style-1 wslu-share-box-shaped wslu-fill-colored wslu-none wslu-share-horizontal wslu-theme-font-no wslu-main_content\">\n\n\t\t\n        <ul>\n\t\t\t        <\/ul>\n    <\/div> \n","protected":false},"excerpt":{"rendered":"<p>La Machine Poulie C2X2 est une station de musculation multifonction con\u00e7ue pour une utilisation en home gym comme en salle de sport commerciale. Elle est \u00e9quip\u00e9e de deux syst\u00e8mes de poulies r\u00e9glables en hauteur et d\u2019un coussin dorsal \u00e0 angle et longueur r\u00e9glables, offrant davantage de stabilit\u00e9 et de soutien lors des mouvements isol\u00e9s \u2013 [&hellip;]<\/p>\n","protected":false},"featured_media":11627,"template":"","meta":{"_acf_changed":false},"product_brand":[56],"product_cat":[825],"product_tag":[],"class_list":{"0":"post-25781","1":"product","2":"type-product","3":"status-publish","4":"has-post-thumbnail","6":"product_brand-gym-factory","7":"product_cat-machines-a-cables","9":"first","10":"onbackorder","11":"taxable","12":"shipping-taxable","13":"purchasable","14":"product-type-variable","15":"has-default-attributes"},"acf":[],"yoast_head":"<!-- This site is optimized with the Yoast SEO plugin v25.2 - https:\/\/yoast.com\/wordpress\/plugins\/seo\/ -->\n<title>Machine Poulie C2X2 | \u00c9quipement de Salle pour Exercices Corps Entier<\/title>\n<meta name=\"description\" content=\"Besoin d\u2019une machine pour l\u2019entra\u00eenement corps entier ? La Machine Poulie C2X2 est un \u00e9quipement de salle con\u00e7u pour des exercices full-body avec une r\u00e9sistance fluide et r\u00e9glable.\" \/>\n<meta name=\"robots\" content=\"index, follow, max-snippet:-1, max-image-preview:large, max-video-preview:-1\" \/>\n<link rel=\"canonical\" href=\"https:\/\/gymfactory.eu\/fr\/produit\/machine-poulie-c2x2\/\" \/>\n<meta property=\"og:locale\" content=\"fr_FR\" \/>\n<meta property=\"og:type\" content=\"article\" \/>\n<meta property=\"og:title\" content=\"Machine Poulie C2X2 | \u00c9quipement de Salle pour Exercices Corps Entier\" \/>\n<meta property=\"og:description\" content=\"Besoin d\u2019une machine pour l\u2019entra\u00eenement corps entier ? La Machine Poulie C2X2 est un \u00e9quipement de salle con\u00e7u pour des exercices full-body avec une r\u00e9sistance fluide et r\u00e9glable.\" \/>\n<meta property=\"og:url\" content=\"https:\/\/gymfactory.eu\/fr\/produit\/machine-poulie-c2x2\/\" \/>\n<meta property=\"og:site_name\" content=\"Gym Factory\" \/>\n<meta property=\"og:image\" content=\"https:\/\/gymfactory.eu\/wp-content\/uploads\/2025\/02\/C2X2-gym-machine-dual-cable-cross-over-front-view-1.webp\" \/>\n\t<meta property=\"og:image:width\" content=\"1500\" \/>\n\t<meta property=\"og:image:height\" content=\"1500\" \/>\n\t<meta property=\"og:image:type\" content=\"image\/webp\" \/>\n<meta name=\"twitter:card\" content=\"summary_large_image\" \/>\n<meta name=\"twitter:label1\" content=\"Dur\u00e9e de lecture estim\u00e9e\" \/>\n\t<meta name=\"twitter:data1\" content=\"1 minute\" \/>\n<script type=\"application\/ld+json\" class=\"yoast-schema-graph\">{\"@context\":\"https:\/\/schema.org\",\"@graph\":[{\"@type\":\"WebPage\",\"@id\":\"https:\/\/gymfactory.eu\/fr\/produit\/machine-poulie-c2x2\/\",\"url\":\"https:\/\/gymfactory.eu\/fr\/produit\/machine-poulie-c2x2\/\",\"name\":\"Machine Poulie C2X2 | \u00c9quipement de Salle pour Exercices Corps Entier\",\"isPartOf\":{\"@id\":\"https:\/\/gymfactory.eu\/fr\/#website\"},\"primaryImageOfPage\":{\"@id\":\"https:\/\/gymfactory.eu\/fr\/produit\/machine-poulie-c2x2\/#primaryimage\"},\"image\":{\"@id\":\"https:\/\/gymfactory.eu\/fr\/produit\/machine-poulie-c2x2\/#primaryimage\"},\"thumbnailUrl\":\"https:\/\/gymfactory.eu\/wp-content\/uploads\/2025\/02\/C2X2-gym-machine-dual-cable-cross-over-front-view-1.webp\",\"datePublished\":\"2025-02-05T11:04:33+00:00\",\"description\":\"Besoin d\u2019une machine pour l\u2019entra\u00eenement corps entier ? La Machine Poulie C2X2 est un \u00e9quipement de salle con\u00e7u pour des exercices full-body avec une r\u00e9sistance fluide et r\u00e9glable.\",\"breadcrumb\":{\"@id\":\"https:\/\/gymfactory.eu\/fr\/produit\/machine-poulie-c2x2\/#breadcrumb\"},\"inLanguage\":\"fr-FR\",\"potentialAction\":[{\"@type\":\"ReadAction\",\"target\":[\"https:\/\/gymfactory.eu\/fr\/produit\/machine-poulie-c2x2\/\"]}]},{\"@type\":\"ImageObject\",\"inLanguage\":\"fr-FR\",\"@id\":\"https:\/\/gymfactory.eu\/fr\/produit\/machine-poulie-c2x2\/#primaryimage\",\"url\":\"https:\/\/gymfactory.eu\/wp-content\/uploads\/2025\/02\/C2X2-gym-machine-dual-cable-cross-over-front-view-1.webp\",\"contentUrl\":\"https:\/\/gymfactory.eu\/wp-content\/uploads\/2025\/02\/C2X2-gym-machine-dual-cable-cross-over-front-view-1.webp\",\"width\":1500,\"height\":1500,\"caption\":\"Vue de face d\u2019une machine de salle de sport avec barre de tirage lat int\u00e9gr\u00e9e. Cet \u00e9quipement de fitness offre un entra\u00eenement complet du haut du corps avec des piles de poids de chaque c\u00f4t\u00e9 pour une r\u00e9sistance r\u00e9glable. Une machine de salle de sport professionnelle con\u00e7ue pour un entra\u00eenement de force polyvalent.\"},{\"@type\":\"BreadcrumbList\",\"@id\":\"https:\/\/gymfactory.eu\/fr\/produit\/machine-poulie-c2x2\/#breadcrumb\",\"itemListElement\":[{\"@type\":\"ListItem\",\"position\":1,\"name\":\"Home\",\"item\":\"https:\/\/gymfactory.eu\/fr\/page-principale\/\"},{\"@type\":\"ListItem\",\"position\":2,\"name\":\"Catalogue\",\"item\":\"https:\/\/gymfactory.eu\/fr\/catalogue-2\/\"},{\"@type\":\"ListItem\",\"position\":3,\"name\":\"Machine Poulie C2X2\"}]},{\"@type\":\"WebSite\",\"@id\":\"https:\/\/gymfactory.eu\/fr\/#website\",\"url\":\"https:\/\/gymfactory.eu\/fr\/\",\"name\":\"Gym Factory\",\"description\":\"\",\"publisher\":{\"@id\":\"https:\/\/gymfactory.eu\/fr\/#organization\"},\"potentialAction\":[{\"@type\":\"SearchAction\",\"target\":{\"@type\":\"EntryPoint\",\"urlTemplate\":\"https:\/\/gymfactory.eu\/fr\/?s={search_term_string}\"},\"query-input\":{\"@type\":\"PropertyValueSpecification\",\"valueRequired\":true,\"valueName\":\"search_term_string\"}}],\"inLanguage\":\"fr-FR\"},{\"@type\":\"Organization\",\"@id\":\"https:\/\/gymfactory.eu\/fr\/#organization\",\"name\":\"Gym Factory\",\"url\":\"https:\/\/gymfactory.eu\/fr\/\",\"logo\":{\"@type\":\"ImageObject\",\"inLanguage\":\"fr-FR\",\"@id\":\"https:\/\/gymfactory.eu\/fr\/#\/schema\/logo\/image\/\",\"url\":\"https:\/\/gymfactory.eu\/wp-content\/uploads\/2024\/11\/Component-1.svg\",\"contentUrl\":\"https:\/\/gymfactory.eu\/wp-content\/uploads\/2024\/11\/Component-1.svg\",\"width\":54,\"height\":44,\"caption\":\"Gym Factory\"},\"image\":{\"@id\":\"https:\/\/gymfactory.eu\/fr\/#\/schema\/logo\/image\/\"}}]}<\/script>\n<!-- \/ Yoast SEO plugin. -->","yoast_head_json":{"title":"Machine Poulie C2X2 | \u00c9quipement de Salle pour Exercices Corps Entier","description":"Besoin d\u2019une machine pour l\u2019entra\u00eenement corps entier ? La Machine Poulie C2X2 est un \u00e9quipement de salle con\u00e7u pour des exercices full-body avec une r\u00e9sistance fluide et r\u00e9glable.","robots":{"index":"index","follow":"follow","max-snippet":"max-snippet:-1","max-image-preview":"max-image-preview:large","max-video-preview":"max-video-preview:-1"},"canonical":"https:\/\/gymfactory.eu\/fr\/produit\/machine-poulie-c2x2\/","og_locale":"fr_FR","og_type":"article","og_title":"Machine Poulie C2X2 | \u00c9quipement de Salle pour Exercices Corps Entier","og_description":"Besoin d\u2019une machine pour l\u2019entra\u00eenement corps entier ? La Machine Poulie C2X2 est un \u00e9quipement de salle con\u00e7u pour des exercices full-body avec une r\u00e9sistance fluide et r\u00e9glable.","og_url":"https:\/\/gymfactory.eu\/fr\/produit\/machine-poulie-c2x2\/","og_site_name":"Gym Factory","og_image":[{"width":1500,"height":1500,"url":"https:\/\/gymfactory.eu\/wp-content\/uploads\/2025\/02\/C2X2-gym-machine-dual-cable-cross-over-front-view-1.webp","type":"image\/webp"}],"twitter_card":"summary_large_image","twitter_misc":{"Dur\u00e9e de lecture estim\u00e9e":"1 minute"},"schema":{"@context":"https:\/\/schema.org","@graph":[{"@type":"WebPage","@id":"https:\/\/gymfactory.eu\/fr\/produit\/machine-poulie-c2x2\/","url":"https:\/\/gymfactory.eu\/fr\/produit\/machine-poulie-c2x2\/","name":"Machine Poulie C2X2 | \u00c9quipement de Salle pour Exercices Corps Entier","isPartOf":{"@id":"https:\/\/gymfactory.eu\/fr\/#website"},"primaryImageOfPage":{"@id":"https:\/\/gymfactory.eu\/fr\/produit\/machine-poulie-c2x2\/#primaryimage"},"image":{"@id":"https:\/\/gymfactory.eu\/fr\/produit\/machine-poulie-c2x2\/#primaryimage"},"thumbnailUrl":"https:\/\/gymfactory.eu\/wp-content\/uploads\/2025\/02\/C2X2-gym-machine-dual-cable-cross-over-front-view-1.webp","datePublished":"2025-02-05T11:04:33+00:00","description":"Besoin d\u2019une machine pour l\u2019entra\u00eenement corps entier ? La Machine Poulie C2X2 est un \u00e9quipement de salle con\u00e7u pour des exercices full-body avec une r\u00e9sistance fluide et r\u00e9glable.","breadcrumb":{"@id":"https:\/\/gymfactory.eu\/fr\/produit\/machine-poulie-c2x2\/#breadcrumb"},"inLanguage":"fr-FR","potentialAction":[{"@type":"ReadAction","target":["https:\/\/gymfactory.eu\/fr\/produit\/machine-poulie-c2x2\/"]}]},{"@type":"ImageObject","inLanguage":"fr-FR","@id":"https:\/\/gymfactory.eu\/fr\/produit\/machine-poulie-c2x2\/#primaryimage","url":"https:\/\/gymfactory.eu\/wp-content\/uploads\/2025\/02\/C2X2-gym-machine-dual-cable-cross-over-front-view-1.webp","contentUrl":"https:\/\/gymfactory.eu\/wp-content\/uploads\/2025\/02\/C2X2-gym-machine-dual-cable-cross-over-front-view-1.webp","width":1500,"height":1500,"caption":"Vue de face d\u2019une machine de salle de sport avec barre de tirage lat int\u00e9gr\u00e9e. Cet \u00e9quipement de fitness offre un entra\u00eenement complet du haut du corps avec des piles de poids de chaque c\u00f4t\u00e9 pour une r\u00e9sistance r\u00e9glable. Une machine de salle de sport professionnelle con\u00e7ue pour un entra\u00eenement de force polyvalent."},{"@type":"BreadcrumbList","@id":"https:\/\/gymfactory.eu\/fr\/produit\/machine-poulie-c2x2\/#breadcrumb","itemListElement":[{"@type":"ListItem","position":1,"name":"Home","item":"https:\/\/gymfactory.eu\/fr\/page-principale\/"},{"@type":"ListItem","position":2,"name":"Catalogue","item":"https:\/\/gymfactory.eu\/fr\/catalogue-2\/"},{"@type":"ListItem","position":3,"name":"Machine Poulie C2X2"}]},{"@type":"WebSite","@id":"https:\/\/gymfactory.eu\/fr\/#website","url":"https:\/\/gymfactory.eu\/fr\/","name":"Gym Factory","description":"","publisher":{"@id":"https:\/\/gymfactory.eu\/fr\/#organization"},"potentialAction":[{"@type":"SearchAction","target":{"@type":"EntryPoint","urlTemplate":"https:\/\/gymfactory.eu\/fr\/?s={search_term_string}"},"query-input":{"@type":"PropertyValueSpecification","valueRequired":true,"valueName":"search_term_string"}}],"inLanguage":"fr-FR"},{"@type":"Organization","@id":"https:\/\/gymfactory.eu\/fr\/#organization","name":"Gym Factory","url":"https:\/\/gymfactory.eu\/fr\/","logo":{"@type":"ImageObject","inLanguage":"fr-FR","@id":"https:\/\/gymfactory.eu\/fr\/#\/schema\/logo\/image\/","url":"https:\/\/gymfactory.eu\/wp-content\/uploads\/2024\/11\/Component-1.svg","contentUrl":"https:\/\/gymfactory.eu\/wp-content\/uploads\/2024\/11\/Component-1.svg","width":54,"height":44,"caption":"Gym Factory"},"image":{"@id":"https:\/\/gymfactory.eu\/fr\/#\/schema\/logo\/image\/"}}]}},"_links":{"self":[{"href":"https:\/\/gymfactory.eu\/fr\/wp-json\/wp\/v2\/product\/25781","targetHints":{"allow":["GET"]}}],"collection":[{"href":"https:\/\/gymfactory.eu\/fr\/wp-json\/wp\/v2\/product"}],"about":[{"href":"https:\/\/gymfactory.eu\/fr\/wp-json\/wp\/v2\/types\/product"}],"wp:featuredmedia":[{"embeddable":true,"href":"https:\/\/gymfactory.eu\/fr\/wp-json\/wp\/v2\/media\/11627"}],"wp:attachment":[{"href":"https:\/\/gymfactory.eu\/fr\/wp-json\/wp\/v2\/media?parent=25781"}],"wp:term":[{"taxonomy":"product_brand","embeddable":true,"href":"https:\/\/gymfactory.eu\/fr\/wp-json\/wp\/v2\/product_brand?post=25781"},{"taxonomy":"product_cat","embeddable":true,"href":"https:\/\/gymfactory.eu\/fr\/wp-json\/wp\/v2\/product_cat?post=25781"},{"taxonomy":"product_tag","embeddable":true,"href":"https:\/\/gymfactory.eu\/fr\/wp-json\/wp\/v2\/product_tag?post=25781"}],"curies":[{"name":"wp","href":"https:\/\/api.w.org\/{rel}","templated":true}]}}