{"id":25768,"date":"2025-02-05T12:32:51","date_gmt":"2025-02-05T10:32:51","guid":{"rendered":"https:\/\/gymfactory.eu\/product\/machine-a-cables-a-pile-unique-c2xx\/"},"modified":"2025-02-05T12:32:51","modified_gmt":"2025-02-05T10:32:51","slug":"machine-a-cables-a-pile-unique-c2xx","status":"publish","type":"product","link":"https:\/\/gymfactory.eu\/fr\/produit\/machine-a-cables-a-pile-unique-c2xx\/","title":{"rendered":"Machine \u00e0 c\u00e2bles \u00e0 pile unique C2XX"},"content":{"rendered":"<p>La machine \u00e0 c\u00e2bles \u00e0 pile unique C2XX est une unit\u00e9 d&rsquo;entra\u00eenement en force murale con\u00e7ue pour les espaces compacts dans les salles de sport \u00e0 domicile et commerciales. Il dispose d&rsquo;un syst\u00e8me \u00e0 double poulie avec deux poulies plac\u00e9es c\u00f4te \u00e0 c\u00f4te, ce qui permet un large \u00e9ventail d&rsquo;exercices \u00e0 une et double poign\u00e9e. <\/p>\n<p>Avec la hauteur de la poulie r\u00e9glable, les utilisateurs peuvent cibler divers groupes musculaires avec des mouvements tels que des rang\u00e9es, des pouss\u00e9es de triceps, des boucles de biceps et des tractions sur le visage. Il prend \u00e9galement en charge les exercices de base et de bas du corps, y compris les b\u00fbcherons, les fentes \u00e0 c\u00e2ble et les retras. <\/p>\n<p>Avec la hauteur de la poulie r\u00e9glable, les utilisateurs peuvent cibler divers groupes musculaires avec des mouvements tels que des rang\u00e9es, des pouss\u00e9es de triceps, des boucles de biceps et des tractions sur le visage. Il prend \u00e9galement en charge les exercices de base et de bas du corps, y compris les b\u00fbcherons, les fentes \u00e0 c\u00e2ble et les retras.<\/p>\n\n    <div class=\"xs_social_share_widget xs_share_url after_content \t\tmain_content  wslu-style-1 wslu-share-box-shaped wslu-fill-colored wslu-none wslu-share-horizontal wslu-theme-font-no wslu-main_content\">\n\n\t\t\n        <ul>\n\t\t\t        <\/ul>\n    <\/div> \n","protected":false},"excerpt":{"rendered":"<p>La machine \u00e0 c\u00e2bles \u00e0 pile unique C2XX est une unit\u00e9 d&rsquo;entra\u00eenement en force murale con\u00e7ue pour les espaces compacts dans les salles de sport \u00e0 domicile et commerciales. Il dispose d&rsquo;un syst\u00e8me \u00e0 double poulie avec deux poulies plac\u00e9es c\u00f4te \u00e0 c\u00f4te, ce qui permet un large \u00e9ventail d&rsquo;exercices \u00e0 une et double poign\u00e9e. [&hellip;]<\/p>\n","protected":false},"featured_media":12372,"template":"","meta":{"_acf_changed":false},"product_brand":[56],"product_cat":[825],"product_tag":[857],"class_list":{"0":"post-25768","1":"product","2":"type-product","3":"status-publish","4":"has-post-thumbnail","6":"product_brand-gym-factory","7":"product_cat-machines-a-cables","8":"product_tag-couleur-metal-uniquement","10":"first","11":"onbackorder","12":"taxable","13":"shipping-taxable","14":"purchasable","15":"product-type-variable","16":"has-default-attributes"},"acf":[],"yoast_head":"<!-- This site is optimized with the Yoast SEO plugin v25.2 - https:\/\/yoast.com\/wordpress\/plugins\/seo\/ -->\n<title>Machine \u00e0 c\u00e2bles \u00e0 pile unique C2XX | Pour toute configuration de salle de sport<\/title>\n<meta name=\"description\" content=\"Vous cherchez \u00e0 am\u00e9liorer la configuration de votre salle de sport ? La machine \u00e0 c\u00e2bles \u00e0 pile unique C2XX offre une r\u00e9sistance douce et peu encombrante pour un entra\u00eenement de force complet du corps.\" \/>\n<meta name=\"robots\" content=\"index, follow, max-snippet:-1, max-image-preview:large, max-video-preview:-1\" \/>\n<link rel=\"canonical\" href=\"https:\/\/gymfactory.eu\/fr\/produit\/machine-a-cables-a-pile-unique-c2xx\/\" \/>\n<meta property=\"og:locale\" content=\"fr_FR\" \/>\n<meta property=\"og:type\" content=\"article\" \/>\n<meta property=\"og:title\" content=\"Machine \u00e0 c\u00e2bles \u00e0 pile unique C2XX | Pour toute configuration de salle de sport\" \/>\n<meta property=\"og:description\" content=\"Vous cherchez \u00e0 am\u00e9liorer la configuration de votre salle de sport ? La machine \u00e0 c\u00e2bles \u00e0 pile unique C2XX offre une r\u00e9sistance douce et peu encombrante pour un entra\u00eenement de force complet du corps.\" \/>\n<meta property=\"og:url\" content=\"https:\/\/gymfactory.eu\/fr\/produit\/machine-a-cables-a-pile-unique-c2xx\/\" \/>\n<meta property=\"og:site_name\" content=\"Gym Factory\" \/>\n<meta property=\"og:image\" content=\"https:\/\/gymfactory.eu\/wp-content\/uploads\/2025\/02\/gym-machine-single-cable-pulley-station-1.webp\" \/>\n\t<meta property=\"og:image:width\" content=\"1500\" \/>\n\t<meta property=\"og:image:height\" content=\"1500\" \/>\n\t<meta property=\"og:image:type\" content=\"image\/webp\" \/>\n<meta name=\"twitter:card\" content=\"summary_large_image\" \/>\n<meta name=\"twitter:label1\" content=\"Dur\u00e9e de lecture estim\u00e9e\" \/>\n\t<meta name=\"twitter:data1\" content=\"1 minute\" \/>\n<script type=\"application\/ld+json\" class=\"yoast-schema-graph\">{\"@context\":\"https:\/\/schema.org\",\"@graph\":[{\"@type\":\"WebPage\",\"@id\":\"https:\/\/gymfactory.eu\/fr\/produit\/machine-a-cables-a-pile-unique-c2xx\/\",\"url\":\"https:\/\/gymfactory.eu\/fr\/produit\/machine-a-cables-a-pile-unique-c2xx\/\",\"name\":\"Machine \u00e0 c\u00e2bles \u00e0 pile unique C2XX | Pour toute configuration de salle de sport\",\"isPartOf\":{\"@id\":\"https:\/\/gymfactory.eu\/fr\/#website\"},\"primaryImageOfPage\":{\"@id\":\"https:\/\/gymfactory.eu\/fr\/produit\/machine-a-cables-a-pile-unique-c2xx\/#primaryimage\"},\"image\":{\"@id\":\"https:\/\/gymfactory.eu\/fr\/produit\/machine-a-cables-a-pile-unique-c2xx\/#primaryimage\"},\"thumbnailUrl\":\"https:\/\/gymfactory.eu\/wp-content\/uploads\/2025\/02\/gym-machine-single-cable-pulley-station-1.webp\",\"datePublished\":\"2025-02-05T10:32:51+00:00\",\"description\":\"Vous cherchez \u00e0 am\u00e9liorer la configuration de votre salle de sport ? La machine \u00e0 c\u00e2bles \u00e0 pile unique C2XX offre une r\u00e9sistance douce et peu encombrante pour un entra\u00eenement de force complet du corps.\",\"breadcrumb\":{\"@id\":\"https:\/\/gymfactory.eu\/fr\/produit\/machine-a-cables-a-pile-unique-c2xx\/#breadcrumb\"},\"inLanguage\":\"fr-FR\",\"potentialAction\":[{\"@type\":\"ReadAction\",\"target\":[\"https:\/\/gymfactory.eu\/fr\/produit\/machine-a-cables-a-pile-unique-c2xx\/\"]}]},{\"@type\":\"ImageObject\",\"inLanguage\":\"fr-FR\",\"@id\":\"https:\/\/gymfactory.eu\/fr\/produit\/machine-a-cables-a-pile-unique-c2xx\/#primaryimage\",\"url\":\"https:\/\/gymfactory.eu\/wp-content\/uploads\/2025\/02\/gym-machine-single-cable-pulley-station-1.webp\",\"contentUrl\":\"https:\/\/gymfactory.eu\/wp-content\/uploads\/2025\/02\/gym-machine-single-cable-pulley-station-1.webp\",\"width\":1500,\"height\":1500,\"caption\":\"Une machine de musculation \u00e0 poulie simple au design compact avec un cadre noir robuste et une poulie r\u00e9glable pour une r\u00e9sistance personnalisable. Cette machine est \u00e9quip\u00e9e de plusieurs poign\u00e9es, d\u2019une pile de poids et d\u2019une plaque de pied, et est parfaite pour r\u00e9aliser des exercices de musculation ciblant les bras, les \u00e9paules, le dos et les muscles du centre. Id\u00e9ale pour les salles de sport \u00e0 domicile et commerciales.\"},{\"@type\":\"BreadcrumbList\",\"@id\":\"https:\/\/gymfactory.eu\/fr\/produit\/machine-a-cables-a-pile-unique-c2xx\/#breadcrumb\",\"itemListElement\":[{\"@type\":\"ListItem\",\"position\":1,\"name\":\"Home\",\"item\":\"https:\/\/gymfactory.eu\/fr\/page-principale\/\"},{\"@type\":\"ListItem\",\"position\":2,\"name\":\"Catalogue\",\"item\":\"https:\/\/gymfactory.eu\/fr\/catalogue-2\/\"},{\"@type\":\"ListItem\",\"position\":3,\"name\":\"Machine \u00e0 c\u00e2bles \u00e0 pile unique C2XX\"}]},{\"@type\":\"WebSite\",\"@id\":\"https:\/\/gymfactory.eu\/fr\/#website\",\"url\":\"https:\/\/gymfactory.eu\/fr\/\",\"name\":\"Gym Factory\",\"description\":\"\",\"publisher\":{\"@id\":\"https:\/\/gymfactory.eu\/fr\/#organization\"},\"potentialAction\":[{\"@type\":\"SearchAction\",\"target\":{\"@type\":\"EntryPoint\",\"urlTemplate\":\"https:\/\/gymfactory.eu\/fr\/?s={search_term_string}\"},\"query-input\":{\"@type\":\"PropertyValueSpecification\",\"valueRequired\":true,\"valueName\":\"search_term_string\"}}],\"inLanguage\":\"fr-FR\"},{\"@type\":\"Organization\",\"@id\":\"https:\/\/gymfactory.eu\/fr\/#organization\",\"name\":\"Gym Factory\",\"url\":\"https:\/\/gymfactory.eu\/fr\/\",\"logo\":{\"@type\":\"ImageObject\",\"inLanguage\":\"fr-FR\",\"@id\":\"https:\/\/gymfactory.eu\/fr\/#\/schema\/logo\/image\/\",\"url\":\"https:\/\/gymfactory.eu\/wp-content\/uploads\/2024\/11\/Component-1.svg\",\"contentUrl\":\"https:\/\/gymfactory.eu\/wp-content\/uploads\/2024\/11\/Component-1.svg\",\"width\":54,\"height\":44,\"caption\":\"Gym Factory\"},\"image\":{\"@id\":\"https:\/\/gymfactory.eu\/fr\/#\/schema\/logo\/image\/\"}}]}<\/script>\n<!-- \/ Yoast SEO plugin. -->","yoast_head_json":{"title":"Machine \u00e0 c\u00e2bles \u00e0 pile unique C2XX | Pour toute configuration de salle de sport","description":"Vous cherchez \u00e0 am\u00e9liorer la configuration de votre salle de sport ? La machine \u00e0 c\u00e2bles \u00e0 pile unique C2XX offre une r\u00e9sistance douce et peu encombrante pour un entra\u00eenement de force complet du corps.","robots":{"index":"index","follow":"follow","max-snippet":"max-snippet:-1","max-image-preview":"max-image-preview:large","max-video-preview":"max-video-preview:-1"},"canonical":"https:\/\/gymfactory.eu\/fr\/produit\/machine-a-cables-a-pile-unique-c2xx\/","og_locale":"fr_FR","og_type":"article","og_title":"Machine \u00e0 c\u00e2bles \u00e0 pile unique C2XX | Pour toute configuration de salle de sport","og_description":"Vous cherchez \u00e0 am\u00e9liorer la configuration de votre salle de sport ? La machine \u00e0 c\u00e2bles \u00e0 pile unique C2XX offre une r\u00e9sistance douce et peu encombrante pour un entra\u00eenement de force complet du corps.","og_url":"https:\/\/gymfactory.eu\/fr\/produit\/machine-a-cables-a-pile-unique-c2xx\/","og_site_name":"Gym Factory","og_image":[{"width":1500,"height":1500,"url":"https:\/\/gymfactory.eu\/wp-content\/uploads\/2025\/02\/gym-machine-single-cable-pulley-station-1.webp","type":"image\/webp"}],"twitter_card":"summary_large_image","twitter_misc":{"Dur\u00e9e de lecture estim\u00e9e":"1 minute"},"schema":{"@context":"https:\/\/schema.org","@graph":[{"@type":"WebPage","@id":"https:\/\/gymfactory.eu\/fr\/produit\/machine-a-cables-a-pile-unique-c2xx\/","url":"https:\/\/gymfactory.eu\/fr\/produit\/machine-a-cables-a-pile-unique-c2xx\/","name":"Machine \u00e0 c\u00e2bles \u00e0 pile unique C2XX | Pour toute configuration de salle de sport","isPartOf":{"@id":"https:\/\/gymfactory.eu\/fr\/#website"},"primaryImageOfPage":{"@id":"https:\/\/gymfactory.eu\/fr\/produit\/machine-a-cables-a-pile-unique-c2xx\/#primaryimage"},"image":{"@id":"https:\/\/gymfactory.eu\/fr\/produit\/machine-a-cables-a-pile-unique-c2xx\/#primaryimage"},"thumbnailUrl":"https:\/\/gymfactory.eu\/wp-content\/uploads\/2025\/02\/gym-machine-single-cable-pulley-station-1.webp","datePublished":"2025-02-05T10:32:51+00:00","description":"Vous cherchez \u00e0 am\u00e9liorer la configuration de votre salle de sport ? La machine \u00e0 c\u00e2bles \u00e0 pile unique C2XX offre une r\u00e9sistance douce et peu encombrante pour un entra\u00eenement de force complet du corps.","breadcrumb":{"@id":"https:\/\/gymfactory.eu\/fr\/produit\/machine-a-cables-a-pile-unique-c2xx\/#breadcrumb"},"inLanguage":"fr-FR","potentialAction":[{"@type":"ReadAction","target":["https:\/\/gymfactory.eu\/fr\/produit\/machine-a-cables-a-pile-unique-c2xx\/"]}]},{"@type":"ImageObject","inLanguage":"fr-FR","@id":"https:\/\/gymfactory.eu\/fr\/produit\/machine-a-cables-a-pile-unique-c2xx\/#primaryimage","url":"https:\/\/gymfactory.eu\/wp-content\/uploads\/2025\/02\/gym-machine-single-cable-pulley-station-1.webp","contentUrl":"https:\/\/gymfactory.eu\/wp-content\/uploads\/2025\/02\/gym-machine-single-cable-pulley-station-1.webp","width":1500,"height":1500,"caption":"Une machine de musculation \u00e0 poulie simple au design compact avec un cadre noir robuste et une poulie r\u00e9glable pour une r\u00e9sistance personnalisable. Cette machine est \u00e9quip\u00e9e de plusieurs poign\u00e9es, d\u2019une pile de poids et d\u2019une plaque de pied, et est parfaite pour r\u00e9aliser des exercices de musculation ciblant les bras, les \u00e9paules, le dos et les muscles du centre. Id\u00e9ale pour les salles de sport \u00e0 domicile et commerciales."},{"@type":"BreadcrumbList","@id":"https:\/\/gymfactory.eu\/fr\/produit\/machine-a-cables-a-pile-unique-c2xx\/#breadcrumb","itemListElement":[{"@type":"ListItem","position":1,"name":"Home","item":"https:\/\/gymfactory.eu\/fr\/page-principale\/"},{"@type":"ListItem","position":2,"name":"Catalogue","item":"https:\/\/gymfactory.eu\/fr\/catalogue-2\/"},{"@type":"ListItem","position":3,"name":"Machine \u00e0 c\u00e2bles \u00e0 pile unique C2XX"}]},{"@type":"WebSite","@id":"https:\/\/gymfactory.eu\/fr\/#website","url":"https:\/\/gymfactory.eu\/fr\/","name":"Gym Factory","description":"","publisher":{"@id":"https:\/\/gymfactory.eu\/fr\/#organization"},"potentialAction":[{"@type":"SearchAction","target":{"@type":"EntryPoint","urlTemplate":"https:\/\/gymfactory.eu\/fr\/?s={search_term_string}"},"query-input":{"@type":"PropertyValueSpecification","valueRequired":true,"valueName":"search_term_string"}}],"inLanguage":"fr-FR"},{"@type":"Organization","@id":"https:\/\/gymfactory.eu\/fr\/#organization","name":"Gym Factory","url":"https:\/\/gymfactory.eu\/fr\/","logo":{"@type":"ImageObject","inLanguage":"fr-FR","@id":"https:\/\/gymfactory.eu\/fr\/#\/schema\/logo\/image\/","url":"https:\/\/gymfactory.eu\/wp-content\/uploads\/2024\/11\/Component-1.svg","contentUrl":"https:\/\/gymfactory.eu\/wp-content\/uploads\/2024\/11\/Component-1.svg","width":54,"height":44,"caption":"Gym Factory"},"image":{"@id":"https:\/\/gymfactory.eu\/fr\/#\/schema\/logo\/image\/"}}]}},"_links":{"self":[{"href":"https:\/\/gymfactory.eu\/fr\/wp-json\/wp\/v2\/product\/25768","targetHints":{"allow":["GET"]}}],"collection":[{"href":"https:\/\/gymfactory.eu\/fr\/wp-json\/wp\/v2\/product"}],"about":[{"href":"https:\/\/gymfactory.eu\/fr\/wp-json\/wp\/v2\/types\/product"}],"wp:featuredmedia":[{"embeddable":true,"href":"https:\/\/gymfactory.eu\/fr\/wp-json\/wp\/v2\/media\/12372"}],"wp:attachment":[{"href":"https:\/\/gymfactory.eu\/fr\/wp-json\/wp\/v2\/media?parent=25768"}],"wp:term":[{"taxonomy":"product_brand","embeddable":true,"href":"https:\/\/gymfactory.eu\/fr\/wp-json\/wp\/v2\/product_brand?post=25768"},{"taxonomy":"product_cat","embeddable":true,"href":"https:\/\/gymfactory.eu\/fr\/wp-json\/wp\/v2\/product_cat?post=25768"},{"taxonomy":"product_tag","embeddable":true,"href":"https:\/\/gymfactory.eu\/fr\/wp-json\/wp\/v2\/product_tag?post=25768"}],"curies":[{"name":"wp","href":"https:\/\/api.w.org\/{rel}","templated":true}]}}