{"id":24937,"date":"2025-02-05T11:39:42","date_gmt":"2025-02-05T09:39:42","guid":{"rendered":"https:\/\/gymfactory.eu\/product\/machine-poulie-vis-a-vis-c2\/"},"modified":"2025-02-05T11:39:42","modified_gmt":"2025-02-05T09:39:42","slug":"machine-poulie-vis-a-vis-c2","status":"publish","type":"product","link":"https:\/\/gymfactory.eu\/fr\/produit\/machine-poulie-vis-a-vis-c2\/","title":{"rendered":"Machine Poulie Vis-\u00e0-Vis C2"},"content":{"rendered":"<p>La Machine Poulie Vis-\u00e0-Vis C2 est un \u00e9quipement polyvalent adapt\u00e9 aussi bien \u00e0 l\u2019usage domestique qu\u2019aux salles de sport commerciales. Elle dispose de deux syst\u00e8mes de poulies r\u00e9glables en hauteur et d\u2019une barre de traction int\u00e9gr\u00e9e au centre, offrant une large gamme d\u2019options d\u2019exercices en une seule unit\u00e9. <\/p>\n<p>Chaque poulie est livr\u00e9e avec une poign\u00e9e simple incluse, vous permettant d\u2019effectuer une vari\u00e9t\u00e9 de mouvements pour le haut et le bas du corps. La machine permet des exercices pour les pectoraux (ex. : \u00e9cart\u00e9s \u00e0 la poulie), les \u00e9paules (ex. : face pulls, d\u00e9velopp\u00e9s), les bras (ex. : curls biceps, extensions triceps), les jambes et les fessiers (ex. : fentes \u00e0 la poulie, kickbacks), ainsi que des mouvements de rotation ou cibl\u00e9s sur les abdominaux. <\/p>\n<p>Avec sa conception ouverte et le fonctionnement fluide de ses c\u00e2bles, la C2 permet des mouvements contr\u00f4l\u00e9s sous plusieurs angles et s\u2019adapte aux utilisateurs de diff\u00e9rentes tailles et niveaux de forme physique.<\/p>\n<p>C\u2019est une station multi-usage qui s\u2019int\u00e8gre parfaitement dans les espaces o\u00f9 la vari\u00e9t\u00e9 et l\u2019efficacit\u00e9 de l\u2019entra\u00eenement sont importantes.<\/p>\n\n    <div class=\"xs_social_share_widget xs_share_url after_content \t\tmain_content  wslu-style-1 wslu-share-box-shaped wslu-fill-colored wslu-none wslu-share-horizontal wslu-theme-font-no wslu-main_content\">\n\n\t\t\n        <ul>\n\t\t\t        <\/ul>\n    <\/div> \n","protected":false},"excerpt":{"rendered":"<p>La Machine Poulie Vis-\u00e0-Vis C2 est un \u00e9quipement polyvalent adapt\u00e9 aussi bien \u00e0 l\u2019usage domestique qu\u2019aux salles de sport commerciales. Elle dispose de deux syst\u00e8mes de poulies r\u00e9glables en hauteur et d\u2019une barre de traction int\u00e9gr\u00e9e au centre, offrant une large gamme d\u2019options d\u2019exercices en une seule unit\u00e9. Chaque poulie est livr\u00e9e avec une poign\u00e9e [&hellip;]<\/p>\n","protected":false},"featured_media":11910,"template":"","meta":{"_acf_changed":false},"product_brand":[56],"product_cat":[825],"product_tag":[857],"class_list":{"0":"post-24937","1":"product","2":"type-product","3":"status-publish","4":"has-post-thumbnail","6":"product_brand-gym-factory","7":"product_cat-machines-a-cables","8":"product_tag-couleur-metal-uniquement","10":"first","11":"onbackorder","12":"taxable","13":"shipping-taxable","14":"purchasable","15":"product-type-variable","16":"has-default-attributes"},"acf":[],"yoast_head":"<!-- This site is optimized with the Yoast SEO plugin v25.2 - https:\/\/yoast.com\/wordpress\/plugins\/seo\/ -->\n<title>Machine Poulie Vis-\u00e0-Vis C2 | \u00c9quipement Full-Body<\/title>\n<meta name=\"description\" content=\"Besoin d\u2019une seule machine pour un entra\u00eenement complet ? La Machine Poulie Vis-\u00e0-Vis C2 offre des options d\u2019entra\u00eenement pour tout le corps avec une r\u00e9sistance fluide et des poulies r\u00e9glables.\" \/>\n<meta name=\"robots\" content=\"index, follow, max-snippet:-1, max-image-preview:large, max-video-preview:-1\" \/>\n<link rel=\"canonical\" href=\"https:\/\/gymfactory.eu\/fr\/produit\/machine-poulie-vis-a-vis-c2\/\" \/>\n<meta property=\"og:locale\" content=\"fr_FR\" \/>\n<meta property=\"og:type\" content=\"article\" \/>\n<meta property=\"og:title\" content=\"Machine Poulie Vis-\u00e0-Vis C2 | \u00c9quipement Full-Body\" \/>\n<meta property=\"og:description\" content=\"Besoin d\u2019une seule machine pour un entra\u00eenement complet ? La Machine Poulie Vis-\u00e0-Vis C2 offre des options d\u2019entra\u00eenement pour tout le corps avec une r\u00e9sistance fluide et des poulies r\u00e9glables.\" \/>\n<meta property=\"og:url\" content=\"https:\/\/gymfactory.eu\/fr\/produit\/machine-poulie-vis-a-vis-c2\/\" \/>\n<meta property=\"og:site_name\" content=\"Gym Factory\" \/>\n<meta property=\"og:image\" content=\"https:\/\/gymfactory.eu\/wp-content\/uploads\/2025\/02\/gym-machine-cable-crossover-side-angle.webp\" \/>\n\t<meta property=\"og:image:width\" content=\"1500\" \/>\n\t<meta property=\"og:image:height\" content=\"1500\" \/>\n\t<meta property=\"og:image:type\" content=\"image\/webp\" \/>\n<meta name=\"twitter:card\" content=\"summary_large_image\" \/>\n<meta name=\"twitter:label1\" content=\"Dur\u00e9e de lecture estim\u00e9e\" \/>\n\t<meta name=\"twitter:data1\" content=\"1 minute\" \/>\n<script type=\"application\/ld+json\" class=\"yoast-schema-graph\">{\"@context\":\"https:\/\/schema.org\",\"@graph\":[{\"@type\":\"WebPage\",\"@id\":\"https:\/\/gymfactory.eu\/fr\/produit\/machine-poulie-vis-a-vis-c2\/\",\"url\":\"https:\/\/gymfactory.eu\/fr\/produit\/machine-poulie-vis-a-vis-c2\/\",\"name\":\"Machine Poulie Vis-\u00e0-Vis C2 | \u00c9quipement Full-Body\",\"isPartOf\":{\"@id\":\"https:\/\/gymfactory.eu\/fr\/#website\"},\"primaryImageOfPage\":{\"@id\":\"https:\/\/gymfactory.eu\/fr\/produit\/machine-poulie-vis-a-vis-c2\/#primaryimage\"},\"image\":{\"@id\":\"https:\/\/gymfactory.eu\/fr\/produit\/machine-poulie-vis-a-vis-c2\/#primaryimage\"},\"thumbnailUrl\":\"https:\/\/gymfactory.eu\/wp-content\/uploads\/2025\/02\/gym-machine-cable-crossover-side-angle.webp\",\"datePublished\":\"2025-02-05T09:39:42+00:00\",\"description\":\"Besoin d\u2019une seule machine pour un entra\u00eenement complet ? La Machine Poulie Vis-\u00e0-Vis C2 offre des options d\u2019entra\u00eenement pour tout le corps avec une r\u00e9sistance fluide et des poulies r\u00e9glables.\",\"breadcrumb\":{\"@id\":\"https:\/\/gymfactory.eu\/fr\/produit\/machine-poulie-vis-a-vis-c2\/#breadcrumb\"},\"inLanguage\":\"fr-FR\",\"potentialAction\":[{\"@type\":\"ReadAction\",\"target\":[\"https:\/\/gymfactory.eu\/fr\/produit\/machine-poulie-vis-a-vis-c2\/\"]}]},{\"@type\":\"ImageObject\",\"inLanguage\":\"fr-FR\",\"@id\":\"https:\/\/gymfactory.eu\/fr\/produit\/machine-poulie-vis-a-vis-c2\/#primaryimage\",\"url\":\"https:\/\/gymfactory.eu\/wp-content\/uploads\/2025\/02\/gym-machine-cable-crossover-side-angle.webp\",\"contentUrl\":\"https:\/\/gymfactory.eu\/wp-content\/uploads\/2025\/02\/gym-machine-cable-crossover-side-angle.webp\",\"width\":1500,\"height\":1500,\"caption\":\"Une perspective lat\u00e9rale d\u2019une machine de musculation poulie vis-\u00e0-vis met en \u00e9vidence ses poulies r\u00e9glables, ses piles de poids et sa barre de traction. La structure permet un entra\u00eenement de force dynamique, ciblant la poitrine, les bras, les \u00e9paules et les muscles du centre (core). La construction durable et les poign\u00e9es ergonomiques offrent une exp\u00e9rience d\u2019exercice fluide. Id\u00e9ale pour le fitness fonctionnel et l\u2019entra\u00eenement en r\u00e9sistance.\"},{\"@type\":\"BreadcrumbList\",\"@id\":\"https:\/\/gymfactory.eu\/fr\/produit\/machine-poulie-vis-a-vis-c2\/#breadcrumb\",\"itemListElement\":[{\"@type\":\"ListItem\",\"position\":1,\"name\":\"Home\",\"item\":\"https:\/\/gymfactory.eu\/fr\/page-principale\/\"},{\"@type\":\"ListItem\",\"position\":2,\"name\":\"Catalogue\",\"item\":\"https:\/\/gymfactory.eu\/fr\/catalogue-2\/\"},{\"@type\":\"ListItem\",\"position\":3,\"name\":\"Machine Poulie Vis-\u00e0-Vis C2\"}]},{\"@type\":\"WebSite\",\"@id\":\"https:\/\/gymfactory.eu\/fr\/#website\",\"url\":\"https:\/\/gymfactory.eu\/fr\/\",\"name\":\"Gym Factory\",\"description\":\"\",\"publisher\":{\"@id\":\"https:\/\/gymfactory.eu\/fr\/#organization\"},\"potentialAction\":[{\"@type\":\"SearchAction\",\"target\":{\"@type\":\"EntryPoint\",\"urlTemplate\":\"https:\/\/gymfactory.eu\/fr\/?s={search_term_string}\"},\"query-input\":{\"@type\":\"PropertyValueSpecification\",\"valueRequired\":true,\"valueName\":\"search_term_string\"}}],\"inLanguage\":\"fr-FR\"},{\"@type\":\"Organization\",\"@id\":\"https:\/\/gymfactory.eu\/fr\/#organization\",\"name\":\"Gym Factory\",\"url\":\"https:\/\/gymfactory.eu\/fr\/\",\"logo\":{\"@type\":\"ImageObject\",\"inLanguage\":\"fr-FR\",\"@id\":\"https:\/\/gymfactory.eu\/fr\/#\/schema\/logo\/image\/\",\"url\":\"https:\/\/gymfactory.eu\/wp-content\/uploads\/2024\/11\/Component-1.svg\",\"contentUrl\":\"https:\/\/gymfactory.eu\/wp-content\/uploads\/2024\/11\/Component-1.svg\",\"width\":54,\"height\":44,\"caption\":\"Gym Factory\"},\"image\":{\"@id\":\"https:\/\/gymfactory.eu\/fr\/#\/schema\/logo\/image\/\"}}]}<\/script>\n<!-- \/ Yoast SEO plugin. -->","yoast_head_json":{"title":"Machine Poulie Vis-\u00e0-Vis C2 | \u00c9quipement Full-Body","description":"Besoin d\u2019une seule machine pour un entra\u00eenement complet ? La Machine Poulie Vis-\u00e0-Vis C2 offre des options d\u2019entra\u00eenement pour tout le corps avec une r\u00e9sistance fluide et des poulies r\u00e9glables.","robots":{"index":"index","follow":"follow","max-snippet":"max-snippet:-1","max-image-preview":"max-image-preview:large","max-video-preview":"max-video-preview:-1"},"canonical":"https:\/\/gymfactory.eu\/fr\/produit\/machine-poulie-vis-a-vis-c2\/","og_locale":"fr_FR","og_type":"article","og_title":"Machine Poulie Vis-\u00e0-Vis C2 | \u00c9quipement Full-Body","og_description":"Besoin d\u2019une seule machine pour un entra\u00eenement complet ? La Machine Poulie Vis-\u00e0-Vis C2 offre des options d\u2019entra\u00eenement pour tout le corps avec une r\u00e9sistance fluide et des poulies r\u00e9glables.","og_url":"https:\/\/gymfactory.eu\/fr\/produit\/machine-poulie-vis-a-vis-c2\/","og_site_name":"Gym Factory","og_image":[{"width":1500,"height":1500,"url":"https:\/\/gymfactory.eu\/wp-content\/uploads\/2025\/02\/gym-machine-cable-crossover-side-angle.webp","type":"image\/webp"}],"twitter_card":"summary_large_image","twitter_misc":{"Dur\u00e9e de lecture estim\u00e9e":"1 minute"},"schema":{"@context":"https:\/\/schema.org","@graph":[{"@type":"WebPage","@id":"https:\/\/gymfactory.eu\/fr\/produit\/machine-poulie-vis-a-vis-c2\/","url":"https:\/\/gymfactory.eu\/fr\/produit\/machine-poulie-vis-a-vis-c2\/","name":"Machine Poulie Vis-\u00e0-Vis C2 | \u00c9quipement Full-Body","isPartOf":{"@id":"https:\/\/gymfactory.eu\/fr\/#website"},"primaryImageOfPage":{"@id":"https:\/\/gymfactory.eu\/fr\/produit\/machine-poulie-vis-a-vis-c2\/#primaryimage"},"image":{"@id":"https:\/\/gymfactory.eu\/fr\/produit\/machine-poulie-vis-a-vis-c2\/#primaryimage"},"thumbnailUrl":"https:\/\/gymfactory.eu\/wp-content\/uploads\/2025\/02\/gym-machine-cable-crossover-side-angle.webp","datePublished":"2025-02-05T09:39:42+00:00","description":"Besoin d\u2019une seule machine pour un entra\u00eenement complet ? La Machine Poulie Vis-\u00e0-Vis C2 offre des options d\u2019entra\u00eenement pour tout le corps avec une r\u00e9sistance fluide et des poulies r\u00e9glables.","breadcrumb":{"@id":"https:\/\/gymfactory.eu\/fr\/produit\/machine-poulie-vis-a-vis-c2\/#breadcrumb"},"inLanguage":"fr-FR","potentialAction":[{"@type":"ReadAction","target":["https:\/\/gymfactory.eu\/fr\/produit\/machine-poulie-vis-a-vis-c2\/"]}]},{"@type":"ImageObject","inLanguage":"fr-FR","@id":"https:\/\/gymfactory.eu\/fr\/produit\/machine-poulie-vis-a-vis-c2\/#primaryimage","url":"https:\/\/gymfactory.eu\/wp-content\/uploads\/2025\/02\/gym-machine-cable-crossover-side-angle.webp","contentUrl":"https:\/\/gymfactory.eu\/wp-content\/uploads\/2025\/02\/gym-machine-cable-crossover-side-angle.webp","width":1500,"height":1500,"caption":"Une perspective lat\u00e9rale d\u2019une machine de musculation poulie vis-\u00e0-vis met en \u00e9vidence ses poulies r\u00e9glables, ses piles de poids et sa barre de traction. La structure permet un entra\u00eenement de force dynamique, ciblant la poitrine, les bras, les \u00e9paules et les muscles du centre (core). La construction durable et les poign\u00e9es ergonomiques offrent une exp\u00e9rience d\u2019exercice fluide. Id\u00e9ale pour le fitness fonctionnel et l\u2019entra\u00eenement en r\u00e9sistance."},{"@type":"BreadcrumbList","@id":"https:\/\/gymfactory.eu\/fr\/produit\/machine-poulie-vis-a-vis-c2\/#breadcrumb","itemListElement":[{"@type":"ListItem","position":1,"name":"Home","item":"https:\/\/gymfactory.eu\/fr\/page-principale\/"},{"@type":"ListItem","position":2,"name":"Catalogue","item":"https:\/\/gymfactory.eu\/fr\/catalogue-2\/"},{"@type":"ListItem","position":3,"name":"Machine Poulie Vis-\u00e0-Vis C2"}]},{"@type":"WebSite","@id":"https:\/\/gymfactory.eu\/fr\/#website","url":"https:\/\/gymfactory.eu\/fr\/","name":"Gym Factory","description":"","publisher":{"@id":"https:\/\/gymfactory.eu\/fr\/#organization"},"potentialAction":[{"@type":"SearchAction","target":{"@type":"EntryPoint","urlTemplate":"https:\/\/gymfactory.eu\/fr\/?s={search_term_string}"},"query-input":{"@type":"PropertyValueSpecification","valueRequired":true,"valueName":"search_term_string"}}],"inLanguage":"fr-FR"},{"@type":"Organization","@id":"https:\/\/gymfactory.eu\/fr\/#organization","name":"Gym Factory","url":"https:\/\/gymfactory.eu\/fr\/","logo":{"@type":"ImageObject","inLanguage":"fr-FR","@id":"https:\/\/gymfactory.eu\/fr\/#\/schema\/logo\/image\/","url":"https:\/\/gymfactory.eu\/wp-content\/uploads\/2024\/11\/Component-1.svg","contentUrl":"https:\/\/gymfactory.eu\/wp-content\/uploads\/2024\/11\/Component-1.svg","width":54,"height":44,"caption":"Gym Factory"},"image":{"@id":"https:\/\/gymfactory.eu\/fr\/#\/schema\/logo\/image\/"}}]}},"_links":{"self":[{"href":"https:\/\/gymfactory.eu\/fr\/wp-json\/wp\/v2\/product\/24937","targetHints":{"allow":["GET"]}}],"collection":[{"href":"https:\/\/gymfactory.eu\/fr\/wp-json\/wp\/v2\/product"}],"about":[{"href":"https:\/\/gymfactory.eu\/fr\/wp-json\/wp\/v2\/types\/product"}],"wp:featuredmedia":[{"embeddable":true,"href":"https:\/\/gymfactory.eu\/fr\/wp-json\/wp\/v2\/media\/11910"}],"wp:attachment":[{"href":"https:\/\/gymfactory.eu\/fr\/wp-json\/wp\/v2\/media?parent=24937"}],"wp:term":[{"taxonomy":"product_brand","embeddable":true,"href":"https:\/\/gymfactory.eu\/fr\/wp-json\/wp\/v2\/product_brand?post=24937"},{"taxonomy":"product_cat","embeddable":true,"href":"https:\/\/gymfactory.eu\/fr\/wp-json\/wp\/v2\/product_cat?post=24937"},{"taxonomy":"product_tag","embeddable":true,"href":"https:\/\/gymfactory.eu\/fr\/wp-json\/wp\/v2\/product_tag?post=24937"}],"curies":[{"name":"wp","href":"https:\/\/api.w.org\/{rel}","templated":true}]}}