{"id":24923,"date":"2025-02-05T11:19:06","date_gmt":"2025-02-05T09:19:06","guid":{"rendered":"https:\/\/gymfactory.eu\/product\/machine-developpe-poitrine-a6xxx\/"},"modified":"2025-02-05T11:19:06","modified_gmt":"2025-02-05T09:19:06","slug":"machine-developpe-poitrine-a6xxx","status":"publish","type":"product","link":"https:\/\/gymfactory.eu\/fr\/produit\/machine-developpe-poitrine-a6xxx\/","title":{"rendered":"Machine D\u00e9velopp\u00e9 Poitrine A6XXX"},"content":{"rendered":"<p>La Machine D\u00e9velopp\u00e9 Poitrine A6XXX est une unit\u00e9 \u00e0 c\u00e2ble con\u00e7ue pour le d\u00e9velopp\u00e9 poitrine assis. Elle convient \u00e0 l\u2019utilisation dans les environnements de home gym et de salle de sport professionnelle o\u00f9 l\u2019entra\u00eenement de la force du haut du corps fait partie de la routine. <\/p>\n<p>La machine cible les muscles de la poitrine, des \u00e9paules et des bras, avec une tension continue plac\u00e9e sur les muscles de la poitrine tout au long du mouvement entier.<\/p>\n<p>La hauteur du si\u00e8ge est r\u00e9glable, permettant \u00e0 l\u2019utilisateur de maintenir un alignement correct bas\u00e9 sur les proportions individuelles du corps.<\/p>\n\n    <div class=\"xs_social_share_widget xs_share_url after_content \t\tmain_content  wslu-style-1 wslu-share-box-shaped wslu-fill-colored wslu-none wslu-share-horizontal wslu-theme-font-no wslu-main_content\">\n\n\t\t\n        <ul>\n\t\t\t        <\/ul>\n    <\/div> \n","protected":false},"excerpt":{"rendered":"<p>La Machine D\u00e9velopp\u00e9 Poitrine A6XXX est une unit\u00e9 \u00e0 c\u00e2ble con\u00e7ue pour le d\u00e9velopp\u00e9 poitrine assis. Elle convient \u00e0 l\u2019utilisation dans les environnements de home gym et de salle de sport professionnelle o\u00f9 l\u2019entra\u00eenement de la force du haut du corps fait partie de la routine. La machine cible les muscles de la poitrine, des [&hellip;]<\/p>\n","protected":false},"featured_media":11262,"template":"","meta":{"_acf_changed":false},"product_brand":[56],"product_cat":[825],"product_tag":[],"class_list":{"0":"post-24923","1":"product","2":"type-product","3":"status-publish","4":"has-post-thumbnail","6":"product_brand-gym-factory","7":"product_cat-machines-a-cables","9":"first","10":"onbackorder","11":"taxable","12":"shipping-taxable","13":"purchasable","14":"product-type-variable","15":"has-default-attributes"},"acf":[],"yoast_head":"<!-- This site is optimized with the Yoast SEO plugin v25.2 - https:\/\/yoast.com\/wordpress\/plugins\/seo\/ -->\n<title>Machine D\u00e9velopp\u00e9 Poitrine A6XXX | Pour Home Gym &amp; Salle Commerciale<\/title>\n<meta name=\"description\" content=\"Vous avez besoin d\u2019un entra\u00eenement de la poitrine \u00e0 domicile ou dans une salle de sport ? La Machine D\u00e9velopp\u00e9 Poitrine A6XXX offre un d\u00e9velopp\u00e9 fluide et puissant pour des entra\u00eenements efficaces de la force du haut du corps.\" \/>\n<meta name=\"robots\" content=\"index, follow, max-snippet:-1, max-image-preview:large, max-video-preview:-1\" \/>\n<link rel=\"canonical\" href=\"https:\/\/gymfactory.eu\/fr\/produit\/machine-developpe-poitrine-a6xxx\/\" \/>\n<meta property=\"og:locale\" content=\"fr_FR\" \/>\n<meta property=\"og:type\" content=\"article\" \/>\n<meta property=\"og:title\" content=\"Machine D\u00e9velopp\u00e9 Poitrine A6XXX | Pour Home Gym &amp; Salle Commerciale\" \/>\n<meta property=\"og:description\" content=\"Vous avez besoin d\u2019un entra\u00eenement de la poitrine \u00e0 domicile ou dans une salle de sport ? La Machine D\u00e9velopp\u00e9 Poitrine A6XXX offre un d\u00e9velopp\u00e9 fluide et puissant pour des entra\u00eenements efficaces de la force du haut du corps.\" \/>\n<meta property=\"og:url\" content=\"https:\/\/gymfactory.eu\/fr\/produit\/machine-developpe-poitrine-a6xxx\/\" \/>\n<meta property=\"og:site_name\" content=\"Gym Factory\" \/>\n<meta property=\"og:image\" content=\"https:\/\/gymfactory.eu\/wp-content\/uploads\/2025\/02\/gym-machine-chest-press-1.webp\" \/>\n\t<meta property=\"og:image:width\" content=\"1500\" \/>\n\t<meta property=\"og:image:height\" content=\"1500\" \/>\n\t<meta property=\"og:image:type\" content=\"image\/webp\" \/>\n<meta name=\"twitter:card\" content=\"summary_large_image\" \/>\n<meta name=\"twitter:label1\" content=\"Dur\u00e9e de lecture estim\u00e9e\" \/>\n\t<meta name=\"twitter:data1\" content=\"1 minute\" \/>\n<script type=\"application\/ld+json\" class=\"yoast-schema-graph\">{\"@context\":\"https:\/\/schema.org\",\"@graph\":[{\"@type\":\"WebPage\",\"@id\":\"https:\/\/gymfactory.eu\/fr\/produit\/machine-developpe-poitrine-a6xxx\/\",\"url\":\"https:\/\/gymfactory.eu\/fr\/produit\/machine-developpe-poitrine-a6xxx\/\",\"name\":\"Machine D\u00e9velopp\u00e9 Poitrine A6XXX | Pour Home Gym & Salle Commerciale\",\"isPartOf\":{\"@id\":\"https:\/\/gymfactory.eu\/fr\/#website\"},\"primaryImageOfPage\":{\"@id\":\"https:\/\/gymfactory.eu\/fr\/produit\/machine-developpe-poitrine-a6xxx\/#primaryimage\"},\"image\":{\"@id\":\"https:\/\/gymfactory.eu\/fr\/produit\/machine-developpe-poitrine-a6xxx\/#primaryimage\"},\"thumbnailUrl\":\"https:\/\/gymfactory.eu\/wp-content\/uploads\/2025\/02\/gym-machine-chest-press-1.webp\",\"datePublished\":\"2025-02-05T09:19:06+00:00\",\"description\":\"Vous avez besoin d\u2019un entra\u00eenement de la poitrine \u00e0 domicile ou dans une salle de sport ? La Machine D\u00e9velopp\u00e9 Poitrine A6XXX offre un d\u00e9velopp\u00e9 fluide et puissant pour des entra\u00eenements efficaces de la force du haut du corps.\",\"breadcrumb\":{\"@id\":\"https:\/\/gymfactory.eu\/fr\/produit\/machine-developpe-poitrine-a6xxx\/#breadcrumb\"},\"inLanguage\":\"fr-FR\",\"potentialAction\":[{\"@type\":\"ReadAction\",\"target\":[\"https:\/\/gymfactory.eu\/fr\/produit\/machine-developpe-poitrine-a6xxx\/\"]}]},{\"@type\":\"ImageObject\",\"inLanguage\":\"fr-FR\",\"@id\":\"https:\/\/gymfactory.eu\/fr\/produit\/machine-developpe-poitrine-a6xxx\/#primaryimage\",\"url\":\"https:\/\/gymfactory.eu\/wp-content\/uploads\/2025\/02\/gym-machine-chest-press-1.webp\",\"contentUrl\":\"https:\/\/gymfactory.eu\/wp-content\/uploads\/2025\/02\/gym-machine-chest-press-1.webp\",\"width\":1500,\"height\":1500,\"caption\":\"Une machine de salle de sport robuste con\u00e7ue pour les exercices de d\u00e9velopp\u00e9 poitrine, dot\u00e9e d\u2019un si\u00e8ge rembourr\u00e9 et d\u2019un dossier pour le confort. La machine fonctionne avec un syst\u00e8me de pile de poids connect\u00e9 par des c\u00e2bles durables, assurant des ajustements de r\u00e9sistance fluides. Son cadre en acier robuste offre la stabilit\u00e9, tandis que les poign\u00e9es ergonomiques permettent des entra\u00eenements efficaces du haut du corps. Id\u00e9ale pour cibler les muscles pectoraux, les \u00e9paules et les triceps, cet \u00e9quipement de musculation est un incontournable dans les salles de sport et les centres de fitness.\"},{\"@type\":\"BreadcrumbList\",\"@id\":\"https:\/\/gymfactory.eu\/fr\/produit\/machine-developpe-poitrine-a6xxx\/#breadcrumb\",\"itemListElement\":[{\"@type\":\"ListItem\",\"position\":1,\"name\":\"Home\",\"item\":\"https:\/\/gymfactory.eu\/fr\/page-principale\/\"},{\"@type\":\"ListItem\",\"position\":2,\"name\":\"Catalogue\",\"item\":\"https:\/\/gymfactory.eu\/fr\/catalogue-2\/\"},{\"@type\":\"ListItem\",\"position\":3,\"name\":\"Machine D\u00e9velopp\u00e9 Poitrine A6XXX\"}]},{\"@type\":\"WebSite\",\"@id\":\"https:\/\/gymfactory.eu\/fr\/#website\",\"url\":\"https:\/\/gymfactory.eu\/fr\/\",\"name\":\"Gym Factory\",\"description\":\"\",\"publisher\":{\"@id\":\"https:\/\/gymfactory.eu\/fr\/#organization\"},\"potentialAction\":[{\"@type\":\"SearchAction\",\"target\":{\"@type\":\"EntryPoint\",\"urlTemplate\":\"https:\/\/gymfactory.eu\/fr\/?s={search_term_string}\"},\"query-input\":{\"@type\":\"PropertyValueSpecification\",\"valueRequired\":true,\"valueName\":\"search_term_string\"}}],\"inLanguage\":\"fr-FR\"},{\"@type\":\"Organization\",\"@id\":\"https:\/\/gymfactory.eu\/fr\/#organization\",\"name\":\"Gym Factory\",\"url\":\"https:\/\/gymfactory.eu\/fr\/\",\"logo\":{\"@type\":\"ImageObject\",\"inLanguage\":\"fr-FR\",\"@id\":\"https:\/\/gymfactory.eu\/fr\/#\/schema\/logo\/image\/\",\"url\":\"https:\/\/gymfactory.eu\/wp-content\/uploads\/2024\/11\/Component-1.svg\",\"contentUrl\":\"https:\/\/gymfactory.eu\/wp-content\/uploads\/2024\/11\/Component-1.svg\",\"width\":54,\"height\":44,\"caption\":\"Gym Factory\"},\"image\":{\"@id\":\"https:\/\/gymfactory.eu\/fr\/#\/schema\/logo\/image\/\"}}]}<\/script>\n<!-- \/ Yoast SEO plugin. -->","yoast_head_json":{"title":"Machine D\u00e9velopp\u00e9 Poitrine A6XXX | Pour Home Gym & Salle Commerciale","description":"Vous avez besoin d\u2019un entra\u00eenement de la poitrine \u00e0 domicile ou dans une salle de sport ? La Machine D\u00e9velopp\u00e9 Poitrine A6XXX offre un d\u00e9velopp\u00e9 fluide et puissant pour des entra\u00eenements efficaces de la force du haut du corps.","robots":{"index":"index","follow":"follow","max-snippet":"max-snippet:-1","max-image-preview":"max-image-preview:large","max-video-preview":"max-video-preview:-1"},"canonical":"https:\/\/gymfactory.eu\/fr\/produit\/machine-developpe-poitrine-a6xxx\/","og_locale":"fr_FR","og_type":"article","og_title":"Machine D\u00e9velopp\u00e9 Poitrine A6XXX | Pour Home Gym & Salle Commerciale","og_description":"Vous avez besoin d\u2019un entra\u00eenement de la poitrine \u00e0 domicile ou dans une salle de sport ? La Machine D\u00e9velopp\u00e9 Poitrine A6XXX offre un d\u00e9velopp\u00e9 fluide et puissant pour des entra\u00eenements efficaces de la force du haut du corps.","og_url":"https:\/\/gymfactory.eu\/fr\/produit\/machine-developpe-poitrine-a6xxx\/","og_site_name":"Gym Factory","og_image":[{"width":1500,"height":1500,"url":"https:\/\/gymfactory.eu\/wp-content\/uploads\/2025\/02\/gym-machine-chest-press-1.webp","type":"image\/webp"}],"twitter_card":"summary_large_image","twitter_misc":{"Dur\u00e9e de lecture estim\u00e9e":"1 minute"},"schema":{"@context":"https:\/\/schema.org","@graph":[{"@type":"WebPage","@id":"https:\/\/gymfactory.eu\/fr\/produit\/machine-developpe-poitrine-a6xxx\/","url":"https:\/\/gymfactory.eu\/fr\/produit\/machine-developpe-poitrine-a6xxx\/","name":"Machine D\u00e9velopp\u00e9 Poitrine A6XXX | Pour Home Gym & Salle Commerciale","isPartOf":{"@id":"https:\/\/gymfactory.eu\/fr\/#website"},"primaryImageOfPage":{"@id":"https:\/\/gymfactory.eu\/fr\/produit\/machine-developpe-poitrine-a6xxx\/#primaryimage"},"image":{"@id":"https:\/\/gymfactory.eu\/fr\/produit\/machine-developpe-poitrine-a6xxx\/#primaryimage"},"thumbnailUrl":"https:\/\/gymfactory.eu\/wp-content\/uploads\/2025\/02\/gym-machine-chest-press-1.webp","datePublished":"2025-02-05T09:19:06+00:00","description":"Vous avez besoin d\u2019un entra\u00eenement de la poitrine \u00e0 domicile ou dans une salle de sport ? La Machine D\u00e9velopp\u00e9 Poitrine A6XXX offre un d\u00e9velopp\u00e9 fluide et puissant pour des entra\u00eenements efficaces de la force du haut du corps.","breadcrumb":{"@id":"https:\/\/gymfactory.eu\/fr\/produit\/machine-developpe-poitrine-a6xxx\/#breadcrumb"},"inLanguage":"fr-FR","potentialAction":[{"@type":"ReadAction","target":["https:\/\/gymfactory.eu\/fr\/produit\/machine-developpe-poitrine-a6xxx\/"]}]},{"@type":"ImageObject","inLanguage":"fr-FR","@id":"https:\/\/gymfactory.eu\/fr\/produit\/machine-developpe-poitrine-a6xxx\/#primaryimage","url":"https:\/\/gymfactory.eu\/wp-content\/uploads\/2025\/02\/gym-machine-chest-press-1.webp","contentUrl":"https:\/\/gymfactory.eu\/wp-content\/uploads\/2025\/02\/gym-machine-chest-press-1.webp","width":1500,"height":1500,"caption":"Une machine de salle de sport robuste con\u00e7ue pour les exercices de d\u00e9velopp\u00e9 poitrine, dot\u00e9e d\u2019un si\u00e8ge rembourr\u00e9 et d\u2019un dossier pour le confort. La machine fonctionne avec un syst\u00e8me de pile de poids connect\u00e9 par des c\u00e2bles durables, assurant des ajustements de r\u00e9sistance fluides. Son cadre en acier robuste offre la stabilit\u00e9, tandis que les poign\u00e9es ergonomiques permettent des entra\u00eenements efficaces du haut du corps. Id\u00e9ale pour cibler les muscles pectoraux, les \u00e9paules et les triceps, cet \u00e9quipement de musculation est un incontournable dans les salles de sport et les centres de fitness."},{"@type":"BreadcrumbList","@id":"https:\/\/gymfactory.eu\/fr\/produit\/machine-developpe-poitrine-a6xxx\/#breadcrumb","itemListElement":[{"@type":"ListItem","position":1,"name":"Home","item":"https:\/\/gymfactory.eu\/fr\/page-principale\/"},{"@type":"ListItem","position":2,"name":"Catalogue","item":"https:\/\/gymfactory.eu\/fr\/catalogue-2\/"},{"@type":"ListItem","position":3,"name":"Machine D\u00e9velopp\u00e9 Poitrine A6XXX"}]},{"@type":"WebSite","@id":"https:\/\/gymfactory.eu\/fr\/#website","url":"https:\/\/gymfactory.eu\/fr\/","name":"Gym Factory","description":"","publisher":{"@id":"https:\/\/gymfactory.eu\/fr\/#organization"},"potentialAction":[{"@type":"SearchAction","target":{"@type":"EntryPoint","urlTemplate":"https:\/\/gymfactory.eu\/fr\/?s={search_term_string}"},"query-input":{"@type":"PropertyValueSpecification","valueRequired":true,"valueName":"search_term_string"}}],"inLanguage":"fr-FR"},{"@type":"Organization","@id":"https:\/\/gymfactory.eu\/fr\/#organization","name":"Gym Factory","url":"https:\/\/gymfactory.eu\/fr\/","logo":{"@type":"ImageObject","inLanguage":"fr-FR","@id":"https:\/\/gymfactory.eu\/fr\/#\/schema\/logo\/image\/","url":"https:\/\/gymfactory.eu\/wp-content\/uploads\/2024\/11\/Component-1.svg","contentUrl":"https:\/\/gymfactory.eu\/wp-content\/uploads\/2024\/11\/Component-1.svg","width":54,"height":44,"caption":"Gym Factory"},"image":{"@id":"https:\/\/gymfactory.eu\/fr\/#\/schema\/logo\/image\/"}}]}},"_links":{"self":[{"href":"https:\/\/gymfactory.eu\/fr\/wp-json\/wp\/v2\/product\/24923","targetHints":{"allow":["GET"]}}],"collection":[{"href":"https:\/\/gymfactory.eu\/fr\/wp-json\/wp\/v2\/product"}],"about":[{"href":"https:\/\/gymfactory.eu\/fr\/wp-json\/wp\/v2\/types\/product"}],"wp:featuredmedia":[{"embeddable":true,"href":"https:\/\/gymfactory.eu\/fr\/wp-json\/wp\/v2\/media\/11262"}],"wp:attachment":[{"href":"https:\/\/gymfactory.eu\/fr\/wp-json\/wp\/v2\/media?parent=24923"}],"wp:term":[{"taxonomy":"product_brand","embeddable":true,"href":"https:\/\/gymfactory.eu\/fr\/wp-json\/wp\/v2\/product_brand?post=24923"},{"taxonomy":"product_cat","embeddable":true,"href":"https:\/\/gymfactory.eu\/fr\/wp-json\/wp\/v2\/product_cat?post=24923"},{"taxonomy":"product_tag","embeddable":true,"href":"https:\/\/gymfactory.eu\/fr\/wp-json\/wp\/v2\/product_tag?post=24923"}],"curies":[{"name":"wp","href":"https:\/\/api.w.org\/{rel}","templated":true}]}}