{"id":24921,"date":"2025-02-05T09:14:31","date_gmt":"2025-02-05T07:14:31","guid":{"rendered":"https:\/\/gymfactory.eu\/product\/machine-poussee-fessiere-z16xx\/"},"modified":"2025-02-05T09:14:31","modified_gmt":"2025-02-05T07:14:31","slug":"machine-poussee-fessiere-z16xx","status":"publish","type":"product","link":"https:\/\/gymfactory.eu\/fr\/produit\/machine-poussee-fessiere-z16xx\/","title":{"rendered":"Machine Pouss\u00e9e Fessi\u00e8re Z16XX"},"content":{"rendered":"<p>La Machine Pouss\u00e9e Fessi\u00e8re Z16XX est con\u00e7ue pour un entra\u00eenement efficace et cibl\u00e9 du bas du corps. Son cadre stable, sa ceinture rembourr\u00e9e avec articulation flexible et sa plateforme de pied r\u00e9glable offrent le confort et la personnalisation pendant les entra\u00eenements. <\/p>\n<p>Cette machine est id\u00e9ale pour les pouss\u00e9es des hanches, ciblant les fessiers avec le soutien des ischio-jambiers. Le dossier se d\u00e9place sur des paliers pour suivre l\u2019amplitude de mouvement naturelle de l\u2019utilisateur. Les \u00e9pis de bandes int\u00e9gr\u00e9s permettent l\u2019utilisation de bandes de r\u00e9sistance pour ajuster la difficult\u00e9.<\/p>\n\n    <div class=\"xs_social_share_widget xs_share_url after_content \t\tmain_content  wslu-style-1 wslu-share-box-shaped wslu-fill-colored wslu-none wslu-share-horizontal wslu-theme-font-no wslu-main_content\">\n\n\t\t\n        <ul>\n\t\t\t        <\/ul>\n    <\/div> \n","protected":false},"excerpt":{"rendered":"<p>La Machine Pouss\u00e9e Fessi\u00e8re Z16XX est con\u00e7ue pour un entra\u00eenement efficace et cibl\u00e9 du bas du corps. Son cadre stable, sa ceinture rembourr\u00e9e avec articulation flexible et sa plateforme de pied r\u00e9glable offrent le confort et la personnalisation pendant les entra\u00eenements. Cette machine est id\u00e9ale pour les pouss\u00e9es des hanches, ciblant les fessiers avec le [&hellip;]<\/p>\n","protected":false},"featured_media":11642,"template":"","meta":{"_acf_changed":false},"product_brand":[56],"product_cat":[832],"product_tag":[],"class_list":{"0":"post-24921","1":"product","2":"type-product","3":"status-publish","4":"has-post-thumbnail","6":"product_brand-gym-factory","7":"product_cat-machines-a-charge-par-plaques","9":"first","10":"onbackorder","11":"taxable","12":"shipping-taxable","13":"purchasable","14":"product-type-variable","15":"has-default-attributes"},"acf":[],"yoast_head":"<!-- This site is optimized with the Yoast SEO plugin v25.2 - https:\/\/yoast.com\/wordpress\/plugins\/seo\/ -->\n<title>Machine Pouss\u00e9e Fessi\u00e8re Z16XX Pour Exercices de Musculation<\/title>\n<meta name=\"description\" content=\"Vous cherchez un entra\u00eenement efficace des fessiers ? La Machine Pouss\u00e9e Fessi\u00e8re Z16XX est con\u00e7ue pour les exercices de musculation ciblant les hanches, les fessiers et la puissance du bas du corps.\" \/>\n<meta name=\"robots\" content=\"index, follow, max-snippet:-1, max-image-preview:large, max-video-preview:-1\" \/>\n<link rel=\"canonical\" href=\"https:\/\/gymfactory.eu\/fr\/produit\/machine-poussee-fessiere-z16xx\/\" \/>\n<meta property=\"og:locale\" content=\"fr_FR\" \/>\n<meta property=\"og:type\" content=\"article\" \/>\n<meta property=\"og:title\" content=\"Machine Pouss\u00e9e Fessi\u00e8re Z16XX Pour Exercices de Musculation\" \/>\n<meta property=\"og:description\" content=\"Vous cherchez un entra\u00eenement efficace des fessiers ? La Machine Pouss\u00e9e Fessi\u00e8re Z16XX est con\u00e7ue pour les exercices de musculation ciblant les hanches, les fessiers et la puissance du bas du corps.\" \/>\n<meta property=\"og:url\" content=\"https:\/\/gymfactory.eu\/fr\/produit\/machine-poussee-fessiere-z16xx\/\" \/>\n<meta property=\"og:site_name\" content=\"Gym Factory\" \/>\n<meta property=\"og:image\" content=\"https:\/\/gymfactory.eu\/wp-content\/uploads\/2025\/02\/gym-machine-Z16XX-hip-thrust-side-view.webp\" \/>\n\t<meta property=\"og:image:width\" content=\"1500\" \/>\n\t<meta property=\"og:image:height\" content=\"1500\" \/>\n\t<meta property=\"og:image:type\" content=\"image\/webp\" \/>\n<meta name=\"twitter:card\" content=\"summary_large_image\" \/>\n<meta name=\"twitter:label1\" content=\"Dur\u00e9e de lecture estim\u00e9e\" \/>\n\t<meta name=\"twitter:data1\" content=\"1 minute\" \/>\n<script type=\"application\/ld+json\" class=\"yoast-schema-graph\">{\"@context\":\"https:\/\/schema.org\",\"@graph\":[{\"@type\":\"WebPage\",\"@id\":\"https:\/\/gymfactory.eu\/fr\/produit\/machine-poussee-fessiere-z16xx\/\",\"url\":\"https:\/\/gymfactory.eu\/fr\/produit\/machine-poussee-fessiere-z16xx\/\",\"name\":\"Machine Pouss\u00e9e Fessi\u00e8re Z16XX Pour Exercices de Musculation\",\"isPartOf\":{\"@id\":\"https:\/\/gymfactory.eu\/fr\/#website\"},\"primaryImageOfPage\":{\"@id\":\"https:\/\/gymfactory.eu\/fr\/produit\/machine-poussee-fessiere-z16xx\/#primaryimage\"},\"image\":{\"@id\":\"https:\/\/gymfactory.eu\/fr\/produit\/machine-poussee-fessiere-z16xx\/#primaryimage\"},\"thumbnailUrl\":\"https:\/\/gymfactory.eu\/wp-content\/uploads\/2025\/02\/gym-machine-Z16XX-hip-thrust-side-view.webp\",\"datePublished\":\"2025-02-05T07:14:31+00:00\",\"description\":\"Vous cherchez un entra\u00eenement efficace des fessiers ? La Machine Pouss\u00e9e Fessi\u00e8re Z16XX est con\u00e7ue pour les exercices de musculation ciblant les hanches, les fessiers et la puissance du bas du corps.\",\"breadcrumb\":{\"@id\":\"https:\/\/gymfactory.eu\/fr\/produit\/machine-poussee-fessiere-z16xx\/#breadcrumb\"},\"inLanguage\":\"fr-FR\",\"potentialAction\":[{\"@type\":\"ReadAction\",\"target\":[\"https:\/\/gymfactory.eu\/fr\/produit\/machine-poussee-fessiere-z16xx\/\"]}]},{\"@type\":\"ImageObject\",\"inLanguage\":\"fr-FR\",\"@id\":\"https:\/\/gymfactory.eu\/fr\/produit\/machine-poussee-fessiere-z16xx\/#primaryimage\",\"url\":\"https:\/\/gymfactory.eu\/wp-content\/uploads\/2025\/02\/gym-machine-Z16XX-hip-thrust-side-view.webp\",\"contentUrl\":\"https:\/\/gymfactory.eu\/wp-content\/uploads\/2025\/02\/gym-machine-Z16XX-hip-thrust-side-view.webp\",\"width\":1500,\"height\":1500,\"caption\":\"Une vue lat\u00e9rale d\u00e9taill\u00e9e de la machine Z16XX salle de sport con\u00e7ue pour l\u2019entra\u00eenement du bas du corps et des fessiers. Cette machine de salle de sport de qualit\u00e9 professionnelle dispose d\u2019un cadre robuste en acier, d\u2019un soutien dorsal rembourr\u00e9 et d\u2019une plateforme de pied sur\u00e9lev\u00e9e avec une surface textur\u00e9e pour un placement s\u00e9curis\u00e9 des pieds. Les \u00e9pis de chargement de poids permettent une r\u00e9sistance personnalisable, ce qui la rend id\u00e9ale pour la musculation et les exercices d\u2019activation musculaire.\"},{\"@type\":\"BreadcrumbList\",\"@id\":\"https:\/\/gymfactory.eu\/fr\/produit\/machine-poussee-fessiere-z16xx\/#breadcrumb\",\"itemListElement\":[{\"@type\":\"ListItem\",\"position\":1,\"name\":\"Home\",\"item\":\"https:\/\/gymfactory.eu\/fr\/\"},{\"@type\":\"ListItem\",\"position\":2,\"name\":\"Catalogue\",\"item\":\"https:\/\/gymfactory.eu\/fr\/catalogue-2\/\"},{\"@type\":\"ListItem\",\"position\":3,\"name\":\"Machine Pouss\u00e9e Fessi\u00e8re Z16XX\"}]},{\"@type\":\"WebSite\",\"@id\":\"https:\/\/gymfactory.eu\/fr\/#website\",\"url\":\"https:\/\/gymfactory.eu\/fr\/\",\"name\":\"Gym Factory\",\"description\":\"\",\"publisher\":{\"@id\":\"https:\/\/gymfactory.eu\/fr\/#organization\"},\"potentialAction\":[{\"@type\":\"SearchAction\",\"target\":{\"@type\":\"EntryPoint\",\"urlTemplate\":\"https:\/\/gymfactory.eu\/fr\/?s={search_term_string}\"},\"query-input\":{\"@type\":\"PropertyValueSpecification\",\"valueRequired\":true,\"valueName\":\"search_term_string\"}}],\"inLanguage\":\"fr-FR\"},{\"@type\":\"Organization\",\"@id\":\"https:\/\/gymfactory.eu\/fr\/#organization\",\"name\":\"Gym Factory\",\"url\":\"https:\/\/gymfactory.eu\/fr\/\",\"logo\":{\"@type\":\"ImageObject\",\"inLanguage\":\"fr-FR\",\"@id\":\"https:\/\/gymfactory.eu\/fr\/#\/schema\/logo\/image\/\",\"url\":\"https:\/\/gymfactory.eu\/wp-content\/uploads\/2024\/11\/Component-1.svg\",\"contentUrl\":\"https:\/\/gymfactory.eu\/wp-content\/uploads\/2024\/11\/Component-1.svg\",\"width\":54,\"height\":44,\"caption\":\"Gym Factory\"},\"image\":{\"@id\":\"https:\/\/gymfactory.eu\/fr\/#\/schema\/logo\/image\/\"}}]}<\/script>\n<!-- \/ Yoast SEO plugin. -->","yoast_head_json":{"title":"Machine Pouss\u00e9e Fessi\u00e8re Z16XX Pour Exercices de Musculation","description":"Vous cherchez un entra\u00eenement efficace des fessiers ? La Machine Pouss\u00e9e Fessi\u00e8re Z16XX est con\u00e7ue pour les exercices de musculation ciblant les hanches, les fessiers et la puissance du bas du corps.","robots":{"index":"index","follow":"follow","max-snippet":"max-snippet:-1","max-image-preview":"max-image-preview:large","max-video-preview":"max-video-preview:-1"},"canonical":"https:\/\/gymfactory.eu\/fr\/produit\/machine-poussee-fessiere-z16xx\/","og_locale":"fr_FR","og_type":"article","og_title":"Machine Pouss\u00e9e Fessi\u00e8re Z16XX Pour Exercices de Musculation","og_description":"Vous cherchez un entra\u00eenement efficace des fessiers ? La Machine Pouss\u00e9e Fessi\u00e8re Z16XX est con\u00e7ue pour les exercices de musculation ciblant les hanches, les fessiers et la puissance du bas du corps.","og_url":"https:\/\/gymfactory.eu\/fr\/produit\/machine-poussee-fessiere-z16xx\/","og_site_name":"Gym Factory","og_image":[{"width":1500,"height":1500,"url":"https:\/\/gymfactory.eu\/wp-content\/uploads\/2025\/02\/gym-machine-Z16XX-hip-thrust-side-view.webp","type":"image\/webp"}],"twitter_card":"summary_large_image","twitter_misc":{"Dur\u00e9e de lecture estim\u00e9e":"1 minute"},"schema":{"@context":"https:\/\/schema.org","@graph":[{"@type":"WebPage","@id":"https:\/\/gymfactory.eu\/fr\/produit\/machine-poussee-fessiere-z16xx\/","url":"https:\/\/gymfactory.eu\/fr\/produit\/machine-poussee-fessiere-z16xx\/","name":"Machine Pouss\u00e9e Fessi\u00e8re Z16XX Pour Exercices de Musculation","isPartOf":{"@id":"https:\/\/gymfactory.eu\/fr\/#website"},"primaryImageOfPage":{"@id":"https:\/\/gymfactory.eu\/fr\/produit\/machine-poussee-fessiere-z16xx\/#primaryimage"},"image":{"@id":"https:\/\/gymfactory.eu\/fr\/produit\/machine-poussee-fessiere-z16xx\/#primaryimage"},"thumbnailUrl":"https:\/\/gymfactory.eu\/wp-content\/uploads\/2025\/02\/gym-machine-Z16XX-hip-thrust-side-view.webp","datePublished":"2025-02-05T07:14:31+00:00","description":"Vous cherchez un entra\u00eenement efficace des fessiers ? La Machine Pouss\u00e9e Fessi\u00e8re Z16XX est con\u00e7ue pour les exercices de musculation ciblant les hanches, les fessiers et la puissance du bas du corps.","breadcrumb":{"@id":"https:\/\/gymfactory.eu\/fr\/produit\/machine-poussee-fessiere-z16xx\/#breadcrumb"},"inLanguage":"fr-FR","potentialAction":[{"@type":"ReadAction","target":["https:\/\/gymfactory.eu\/fr\/produit\/machine-poussee-fessiere-z16xx\/"]}]},{"@type":"ImageObject","inLanguage":"fr-FR","@id":"https:\/\/gymfactory.eu\/fr\/produit\/machine-poussee-fessiere-z16xx\/#primaryimage","url":"https:\/\/gymfactory.eu\/wp-content\/uploads\/2025\/02\/gym-machine-Z16XX-hip-thrust-side-view.webp","contentUrl":"https:\/\/gymfactory.eu\/wp-content\/uploads\/2025\/02\/gym-machine-Z16XX-hip-thrust-side-view.webp","width":1500,"height":1500,"caption":"Une vue lat\u00e9rale d\u00e9taill\u00e9e de la machine Z16XX salle de sport con\u00e7ue pour l\u2019entra\u00eenement du bas du corps et des fessiers. Cette machine de salle de sport de qualit\u00e9 professionnelle dispose d\u2019un cadre robuste en acier, d\u2019un soutien dorsal rembourr\u00e9 et d\u2019une plateforme de pied sur\u00e9lev\u00e9e avec une surface textur\u00e9e pour un placement s\u00e9curis\u00e9 des pieds. Les \u00e9pis de chargement de poids permettent une r\u00e9sistance personnalisable, ce qui la rend id\u00e9ale pour la musculation et les exercices d\u2019activation musculaire."},{"@type":"BreadcrumbList","@id":"https:\/\/gymfactory.eu\/fr\/produit\/machine-poussee-fessiere-z16xx\/#breadcrumb","itemListElement":[{"@type":"ListItem","position":1,"name":"Home","item":"https:\/\/gymfactory.eu\/fr\/"},{"@type":"ListItem","position":2,"name":"Catalogue","item":"https:\/\/gymfactory.eu\/fr\/catalogue-2\/"},{"@type":"ListItem","position":3,"name":"Machine Pouss\u00e9e Fessi\u00e8re Z16XX"}]},{"@type":"WebSite","@id":"https:\/\/gymfactory.eu\/fr\/#website","url":"https:\/\/gymfactory.eu\/fr\/","name":"Gym Factory","description":"","publisher":{"@id":"https:\/\/gymfactory.eu\/fr\/#organization"},"potentialAction":[{"@type":"SearchAction","target":{"@type":"EntryPoint","urlTemplate":"https:\/\/gymfactory.eu\/fr\/?s={search_term_string}"},"query-input":{"@type":"PropertyValueSpecification","valueRequired":true,"valueName":"search_term_string"}}],"inLanguage":"fr-FR"},{"@type":"Organization","@id":"https:\/\/gymfactory.eu\/fr\/#organization","name":"Gym Factory","url":"https:\/\/gymfactory.eu\/fr\/","logo":{"@type":"ImageObject","inLanguage":"fr-FR","@id":"https:\/\/gymfactory.eu\/fr\/#\/schema\/logo\/image\/","url":"https:\/\/gymfactory.eu\/wp-content\/uploads\/2024\/11\/Component-1.svg","contentUrl":"https:\/\/gymfactory.eu\/wp-content\/uploads\/2024\/11\/Component-1.svg","width":54,"height":44,"caption":"Gym Factory"},"image":{"@id":"https:\/\/gymfactory.eu\/fr\/#\/schema\/logo\/image\/"}}]}},"_links":{"self":[{"href":"https:\/\/gymfactory.eu\/fr\/wp-json\/wp\/v2\/product\/24921","targetHints":{"allow":["GET"]}}],"collection":[{"href":"https:\/\/gymfactory.eu\/fr\/wp-json\/wp\/v2\/product"}],"about":[{"href":"https:\/\/gymfactory.eu\/fr\/wp-json\/wp\/v2\/types\/product"}],"wp:featuredmedia":[{"embeddable":true,"href":"https:\/\/gymfactory.eu\/fr\/wp-json\/wp\/v2\/media\/11642"}],"wp:attachment":[{"href":"https:\/\/gymfactory.eu\/fr\/wp-json\/wp\/v2\/media?parent=24921"}],"wp:term":[{"taxonomy":"product_brand","embeddable":true,"href":"https:\/\/gymfactory.eu\/fr\/wp-json\/wp\/v2\/product_brand?post=24921"},{"taxonomy":"product_cat","embeddable":true,"href":"https:\/\/gymfactory.eu\/fr\/wp-json\/wp\/v2\/product_cat?post=24921"},{"taxonomy":"product_tag","embeddable":true,"href":"https:\/\/gymfactory.eu\/fr\/wp-json\/wp\/v2\/product_tag?post=24921"}],"curies":[{"name":"wp","href":"https:\/\/api.w.org\/{rel}","templated":true}]}}