{"id":24911,"date":"2025-02-05T09:02:11","date_gmt":"2025-02-05T07:02:11","guid":{"rendered":"https:\/\/gymfactory.eu\/product\/machine-poussee-des-hanches-debout-z16xg\/"},"modified":"2025-02-05T09:02:11","modified_gmt":"2025-02-05T07:02:11","slug":"machine-poussee-des-hanches-debout-z16xg","status":"publish","type":"product","link":"https:\/\/gymfactory.eu\/fr\/produit\/machine-poussee-des-hanches-debout-z16xg\/","title":{"rendered":"Machine Pouss\u00e9e des Hanches Debout Z16XG"},"content":{"rendered":"<p>La Machine Pouss\u00e9e des Hanches Debout Z16XG est con\u00e7ue pour soutenir des entra\u00eenements cibl\u00e9s du bas du corps. Son cadre solide, son soutien rembourr\u00e9 et ses composants r\u00e9glables assurent un mouvement s\u00fbr et efficace. Les exercices sont effectu\u00e9s en position debout, encourageant une posture naturelle et le contr\u00f4le.  <\/p>\n<p>Cette machine cible les fessiers avec des mouvements comme les pouss\u00e9es des hanches debout et les contractions des fessiers, aidant \u00e0 d\u00e9velopper la force et la stabilit\u00e9. Elle dispose de supports de jambes r\u00e9glables, d\u2019une hauteur de si\u00e8ge r\u00e9glable et de points d\u2019attache pour les bandes de r\u00e9sistance pour des variations d\u2019entra\u00eenement suppl\u00e9mentaires.<\/p>\n\n    <div class=\"xs_social_share_widget xs_share_url after_content \t\tmain_content  wslu-style-1 wslu-share-box-shaped wslu-fill-colored wslu-none wslu-share-horizontal wslu-theme-font-no wslu-main_content\">\n\n\t\t\n        <ul>\n\t\t\t        <\/ul>\n    <\/div> \n","protected":false},"excerpt":{"rendered":"<p>La Machine Pouss\u00e9e des Hanches Debout Z16XG est con\u00e7ue pour soutenir des entra\u00eenements cibl\u00e9s du bas du corps. Son cadre solide, son soutien rembourr\u00e9 et ses composants r\u00e9glables assurent un mouvement s\u00fbr et efficace. Les exercices sont effectu\u00e9s en position debout, encourageant une posture naturelle et le contr\u00f4le. Cette machine cible les fessiers avec des [&hellip;]<\/p>\n","protected":false},"featured_media":11637,"template":"","meta":{"_acf_changed":false},"product_brand":[56],"product_cat":[832],"product_tag":[],"class_list":{"0":"post-24911","1":"product","2":"type-product","3":"status-publish","4":"has-post-thumbnail","6":"product_brand-gym-factory","7":"product_cat-machines-a-charge-par-plaques","9":"first","10":"onbackorder","11":"taxable","12":"shipping-taxable","13":"purchasable","14":"product-type-variable","15":"has-default-attributes"},"acf":[],"yoast_head":"<!-- This site is optimized with the Yoast SEO plugin v25.2 - https:\/\/yoast.com\/wordpress\/plugins\/seo\/ -->\n<title>Machine Pouss\u00e9e des Hanches Z16XG | \u00c9quipement de Musculation<\/title>\n<meta name=\"description\" content=\"Vous avez besoin d\u2019un entra\u00eenement puissant des fessiers ? La Machine Pouss\u00e9e des Hanches Z16XG est un \u00e9quipement de salle de sport con\u00e7u pour la force, la stabilit\u00e9 et la performance dans toute configuration commerciale ou domestique.\" \/>\n<meta name=\"robots\" content=\"index, follow, max-snippet:-1, max-image-preview:large, max-video-preview:-1\" \/>\n<link rel=\"canonical\" href=\"https:\/\/gymfactory.eu\/fr\/produit\/machine-poussee-des-hanches-debout-z16xg\/\" \/>\n<meta property=\"og:locale\" content=\"fr_FR\" \/>\n<meta property=\"og:type\" content=\"article\" \/>\n<meta property=\"og:title\" content=\"Machine Pouss\u00e9e des Hanches Z16XG | \u00c9quipement de Musculation\" \/>\n<meta property=\"og:description\" content=\"Vous avez besoin d\u2019un entra\u00eenement puissant des fessiers ? La Machine Pouss\u00e9e des Hanches Z16XG est un \u00e9quipement de salle de sport con\u00e7u pour la force, la stabilit\u00e9 et la performance dans toute configuration commerciale ou domestique.\" \/>\n<meta property=\"og:url\" content=\"https:\/\/gymfactory.eu\/fr\/produit\/machine-poussee-des-hanches-debout-z16xg\/\" \/>\n<meta property=\"og:site_name\" content=\"Gym Factory\" \/>\n<meta property=\"og:image\" content=\"https:\/\/gymfactory.eu\/wp-content\/uploads\/2025\/02\/gym-machine-Z16XG-standing-hip-thrust-side-view-1.webp\" \/>\n\t<meta property=\"og:image:width\" content=\"1500\" \/>\n\t<meta property=\"og:image:height\" content=\"1500\" \/>\n\t<meta property=\"og:image:type\" content=\"image\/webp\" \/>\n<meta name=\"twitter:card\" content=\"summary_large_image\" \/>\n<meta name=\"twitter:label1\" content=\"Dur\u00e9e de lecture estim\u00e9e\" \/>\n\t<meta name=\"twitter:data1\" content=\"1 minute\" \/>\n<script type=\"application\/ld+json\" class=\"yoast-schema-graph\">{\"@context\":\"https:\/\/schema.org\",\"@graph\":[{\"@type\":\"WebPage\",\"@id\":\"https:\/\/gymfactory.eu\/fr\/produit\/machine-poussee-des-hanches-debout-z16xg\/\",\"url\":\"https:\/\/gymfactory.eu\/fr\/produit\/machine-poussee-des-hanches-debout-z16xg\/\",\"name\":\"Machine Pouss\u00e9e des Hanches Z16XG | \u00c9quipement de Musculation\",\"isPartOf\":{\"@id\":\"https:\/\/gymfactory.eu\/fr\/#website\"},\"primaryImageOfPage\":{\"@id\":\"https:\/\/gymfactory.eu\/fr\/produit\/machine-poussee-des-hanches-debout-z16xg\/#primaryimage\"},\"image\":{\"@id\":\"https:\/\/gymfactory.eu\/fr\/produit\/machine-poussee-des-hanches-debout-z16xg\/#primaryimage\"},\"thumbnailUrl\":\"https:\/\/gymfactory.eu\/wp-content\/uploads\/2025\/02\/gym-machine-Z16XG-standing-hip-thrust-side-view-1.webp\",\"datePublished\":\"2025-02-05T07:02:11+00:00\",\"description\":\"Vous avez besoin d\u2019un entra\u00eenement puissant des fessiers ? La Machine Pouss\u00e9e des Hanches Z16XG est un \u00e9quipement de salle de sport con\u00e7u pour la force, la stabilit\u00e9 et la performance dans toute configuration commerciale ou domestique.\",\"breadcrumb\":{\"@id\":\"https:\/\/gymfactory.eu\/fr\/produit\/machine-poussee-des-hanches-debout-z16xg\/#breadcrumb\"},\"inLanguage\":\"fr-FR\",\"potentialAction\":[{\"@type\":\"ReadAction\",\"target\":[\"https:\/\/gymfactory.eu\/fr\/produit\/machine-poussee-des-hanches-debout-z16xg\/\"]}]},{\"@type\":\"ImageObject\",\"inLanguage\":\"fr-FR\",\"@id\":\"https:\/\/gymfactory.eu\/fr\/produit\/machine-poussee-des-hanches-debout-z16xg\/#primaryimage\",\"url\":\"https:\/\/gymfactory.eu\/wp-content\/uploads\/2025\/02\/gym-machine-Z16XG-standing-hip-thrust-side-view-1.webp\",\"contentUrl\":\"https:\/\/gymfactory.eu\/wp-content\/uploads\/2025\/02\/gym-machine-Z16XG-standing-hip-thrust-side-view-1.webp\",\"width\":1500,\"height\":1500,\"caption\":\"La perspective lat\u00e9rale de la machine Z16XG salle de sport montre son cadre inclin\u00e9, son soutien rembourr\u00e9 et son syst\u00e8me de chargement de poids. Cette machine est con\u00e7ue pour un entra\u00eenement efficace des fessiers et des ischio-jambiers, ce qui en fait un excellent choix pour les environnements de salle de sport.\"},{\"@type\":\"BreadcrumbList\",\"@id\":\"https:\/\/gymfactory.eu\/fr\/produit\/machine-poussee-des-hanches-debout-z16xg\/#breadcrumb\",\"itemListElement\":[{\"@type\":\"ListItem\",\"position\":1,\"name\":\"Home\",\"item\":\"https:\/\/gymfactory.eu\/fr\/\"},{\"@type\":\"ListItem\",\"position\":2,\"name\":\"Catalogue\",\"item\":\"https:\/\/gymfactory.eu\/fr\/catalogue-2\/\"},{\"@type\":\"ListItem\",\"position\":3,\"name\":\"Machine Pouss\u00e9e des Hanches Debout Z16XG\"}]},{\"@type\":\"WebSite\",\"@id\":\"https:\/\/gymfactory.eu\/fr\/#website\",\"url\":\"https:\/\/gymfactory.eu\/fr\/\",\"name\":\"Gym Factory\",\"description\":\"\",\"publisher\":{\"@id\":\"https:\/\/gymfactory.eu\/fr\/#organization\"},\"potentialAction\":[{\"@type\":\"SearchAction\",\"target\":{\"@type\":\"EntryPoint\",\"urlTemplate\":\"https:\/\/gymfactory.eu\/fr\/?s={search_term_string}\"},\"query-input\":{\"@type\":\"PropertyValueSpecification\",\"valueRequired\":true,\"valueName\":\"search_term_string\"}}],\"inLanguage\":\"fr-FR\"},{\"@type\":\"Organization\",\"@id\":\"https:\/\/gymfactory.eu\/fr\/#organization\",\"name\":\"Gym Factory\",\"url\":\"https:\/\/gymfactory.eu\/fr\/\",\"logo\":{\"@type\":\"ImageObject\",\"inLanguage\":\"fr-FR\",\"@id\":\"https:\/\/gymfactory.eu\/fr\/#\/schema\/logo\/image\/\",\"url\":\"https:\/\/gymfactory.eu\/wp-content\/uploads\/2024\/11\/Component-1.svg\",\"contentUrl\":\"https:\/\/gymfactory.eu\/wp-content\/uploads\/2024\/11\/Component-1.svg\",\"width\":54,\"height\":44,\"caption\":\"Gym Factory\"},\"image\":{\"@id\":\"https:\/\/gymfactory.eu\/fr\/#\/schema\/logo\/image\/\"}}]}<\/script>\n<!-- \/ Yoast SEO plugin. -->","yoast_head_json":{"title":"Machine Pouss\u00e9e des Hanches Z16XG | \u00c9quipement de Musculation","description":"Vous avez besoin d\u2019un entra\u00eenement puissant des fessiers ? La Machine Pouss\u00e9e des Hanches Z16XG est un \u00e9quipement de salle de sport con\u00e7u pour la force, la stabilit\u00e9 et la performance dans toute configuration commerciale ou domestique.","robots":{"index":"index","follow":"follow","max-snippet":"max-snippet:-1","max-image-preview":"max-image-preview:large","max-video-preview":"max-video-preview:-1"},"canonical":"https:\/\/gymfactory.eu\/fr\/produit\/machine-poussee-des-hanches-debout-z16xg\/","og_locale":"fr_FR","og_type":"article","og_title":"Machine Pouss\u00e9e des Hanches Z16XG | \u00c9quipement de Musculation","og_description":"Vous avez besoin d\u2019un entra\u00eenement puissant des fessiers ? La Machine Pouss\u00e9e des Hanches Z16XG est un \u00e9quipement de salle de sport con\u00e7u pour la force, la stabilit\u00e9 et la performance dans toute configuration commerciale ou domestique.","og_url":"https:\/\/gymfactory.eu\/fr\/produit\/machine-poussee-des-hanches-debout-z16xg\/","og_site_name":"Gym Factory","og_image":[{"width":1500,"height":1500,"url":"https:\/\/gymfactory.eu\/wp-content\/uploads\/2025\/02\/gym-machine-Z16XG-standing-hip-thrust-side-view-1.webp","type":"image\/webp"}],"twitter_card":"summary_large_image","twitter_misc":{"Dur\u00e9e de lecture estim\u00e9e":"1 minute"},"schema":{"@context":"https:\/\/schema.org","@graph":[{"@type":"WebPage","@id":"https:\/\/gymfactory.eu\/fr\/produit\/machine-poussee-des-hanches-debout-z16xg\/","url":"https:\/\/gymfactory.eu\/fr\/produit\/machine-poussee-des-hanches-debout-z16xg\/","name":"Machine Pouss\u00e9e des Hanches Z16XG | \u00c9quipement de Musculation","isPartOf":{"@id":"https:\/\/gymfactory.eu\/fr\/#website"},"primaryImageOfPage":{"@id":"https:\/\/gymfactory.eu\/fr\/produit\/machine-poussee-des-hanches-debout-z16xg\/#primaryimage"},"image":{"@id":"https:\/\/gymfactory.eu\/fr\/produit\/machine-poussee-des-hanches-debout-z16xg\/#primaryimage"},"thumbnailUrl":"https:\/\/gymfactory.eu\/wp-content\/uploads\/2025\/02\/gym-machine-Z16XG-standing-hip-thrust-side-view-1.webp","datePublished":"2025-02-05T07:02:11+00:00","description":"Vous avez besoin d\u2019un entra\u00eenement puissant des fessiers ? La Machine Pouss\u00e9e des Hanches Z16XG est un \u00e9quipement de salle de sport con\u00e7u pour la force, la stabilit\u00e9 et la performance dans toute configuration commerciale ou domestique.","breadcrumb":{"@id":"https:\/\/gymfactory.eu\/fr\/produit\/machine-poussee-des-hanches-debout-z16xg\/#breadcrumb"},"inLanguage":"fr-FR","potentialAction":[{"@type":"ReadAction","target":["https:\/\/gymfactory.eu\/fr\/produit\/machine-poussee-des-hanches-debout-z16xg\/"]}]},{"@type":"ImageObject","inLanguage":"fr-FR","@id":"https:\/\/gymfactory.eu\/fr\/produit\/machine-poussee-des-hanches-debout-z16xg\/#primaryimage","url":"https:\/\/gymfactory.eu\/wp-content\/uploads\/2025\/02\/gym-machine-Z16XG-standing-hip-thrust-side-view-1.webp","contentUrl":"https:\/\/gymfactory.eu\/wp-content\/uploads\/2025\/02\/gym-machine-Z16XG-standing-hip-thrust-side-view-1.webp","width":1500,"height":1500,"caption":"La perspective lat\u00e9rale de la machine Z16XG salle de sport montre son cadre inclin\u00e9, son soutien rembourr\u00e9 et son syst\u00e8me de chargement de poids. Cette machine est con\u00e7ue pour un entra\u00eenement efficace des fessiers et des ischio-jambiers, ce qui en fait un excellent choix pour les environnements de salle de sport."},{"@type":"BreadcrumbList","@id":"https:\/\/gymfactory.eu\/fr\/produit\/machine-poussee-des-hanches-debout-z16xg\/#breadcrumb","itemListElement":[{"@type":"ListItem","position":1,"name":"Home","item":"https:\/\/gymfactory.eu\/fr\/"},{"@type":"ListItem","position":2,"name":"Catalogue","item":"https:\/\/gymfactory.eu\/fr\/catalogue-2\/"},{"@type":"ListItem","position":3,"name":"Machine Pouss\u00e9e des Hanches Debout Z16XG"}]},{"@type":"WebSite","@id":"https:\/\/gymfactory.eu\/fr\/#website","url":"https:\/\/gymfactory.eu\/fr\/","name":"Gym Factory","description":"","publisher":{"@id":"https:\/\/gymfactory.eu\/fr\/#organization"},"potentialAction":[{"@type":"SearchAction","target":{"@type":"EntryPoint","urlTemplate":"https:\/\/gymfactory.eu\/fr\/?s={search_term_string}"},"query-input":{"@type":"PropertyValueSpecification","valueRequired":true,"valueName":"search_term_string"}}],"inLanguage":"fr-FR"},{"@type":"Organization","@id":"https:\/\/gymfactory.eu\/fr\/#organization","name":"Gym Factory","url":"https:\/\/gymfactory.eu\/fr\/","logo":{"@type":"ImageObject","inLanguage":"fr-FR","@id":"https:\/\/gymfactory.eu\/fr\/#\/schema\/logo\/image\/","url":"https:\/\/gymfactory.eu\/wp-content\/uploads\/2024\/11\/Component-1.svg","contentUrl":"https:\/\/gymfactory.eu\/wp-content\/uploads\/2024\/11\/Component-1.svg","width":54,"height":44,"caption":"Gym Factory"},"image":{"@id":"https:\/\/gymfactory.eu\/fr\/#\/schema\/logo\/image\/"}}]}},"_links":{"self":[{"href":"https:\/\/gymfactory.eu\/fr\/wp-json\/wp\/v2\/product\/24911","targetHints":{"allow":["GET"]}}],"collection":[{"href":"https:\/\/gymfactory.eu\/fr\/wp-json\/wp\/v2\/product"}],"about":[{"href":"https:\/\/gymfactory.eu\/fr\/wp-json\/wp\/v2\/types\/product"}],"wp:featuredmedia":[{"embeddable":true,"href":"https:\/\/gymfactory.eu\/fr\/wp-json\/wp\/v2\/media\/11637"}],"wp:attachment":[{"href":"https:\/\/gymfactory.eu\/fr\/wp-json\/wp\/v2\/media?parent=24911"}],"wp:term":[{"taxonomy":"product_brand","embeddable":true,"href":"https:\/\/gymfactory.eu\/fr\/wp-json\/wp\/v2\/product_brand?post=24911"},{"taxonomy":"product_cat","embeddable":true,"href":"https:\/\/gymfactory.eu\/fr\/wp-json\/wp\/v2\/product_cat?post=24911"},{"taxonomy":"product_tag","embeddable":true,"href":"https:\/\/gymfactory.eu\/fr\/wp-json\/wp\/v2\/product_tag?post=24911"}],"curies":[{"name":"wp","href":"https:\/\/api.w.org\/{rel}","templated":true}]}}