{"id":24909,"date":"2025-02-05T08:45:31","date_gmt":"2025-02-05T06:45:31","guid":{"rendered":"https:\/\/gymfactory.eu\/product\/machine-poussee-fessiere-z16x\/"},"modified":"2025-02-05T08:45:31","modified_gmt":"2025-02-05T06:45:31","slug":"machine-poussee-fessiere-z16x","status":"publish","type":"product","link":"https:\/\/gymfactory.eu\/fr\/produit\/machine-poussee-fessiere-z16x\/","title":{"rendered":"Machine Pouss\u00e9e Fessi\u00e8re Z16X"},"content":{"rendered":"<p>La Machine Pouss\u00e9e Fessi\u00e8re Z16X est con\u00e7ue pour un entra\u00eenement cibl\u00e9 de la force du bas du corps, ciblant en particulier les fessiers. Son cadre solide assure la stabilit\u00e9 pendant l\u2019exercice, tandis que le soutien dorsal rembourr\u00e9 s\u2019ajuste naturellement \u00e0 votre corps gr\u00e2ce \u00e0 sa conception mont\u00e9e sur paliers. Un coussin de hanche flexible se d\u00e9place avec vous tout au long de l\u2019amplitude de mouvement, am\u00e9liorant le confort.  <\/p>\n<p>La machine est construite pour les exercices de pouss\u00e9e des hanches, qui engagent efficacement les fessiers et aident \u00e0 am\u00e9liorer la force et la posture. Une poign\u00e9e de verrouillage vous permet de d\u00e9finir une meilleure position de d\u00e9part, rendant chaque s\u00e9rie plus efficace et confortable. Cette machine est un choix pratique pour les home gyms et les salles de sport commerciales cherchant \u00e0 renforcer les fessiers avec une forme coh\u00e9rente.<\/p>\n\n    <div class=\"xs_social_share_widget xs_share_url after_content \t\tmain_content  wslu-style-1 wslu-share-box-shaped wslu-fill-colored wslu-none wslu-share-horizontal wslu-theme-font-no wslu-main_content\">\n\n\t\t\n        <ul>\n\t\t\t        <\/ul>\n    <\/div> \n","protected":false},"excerpt":{"rendered":"<p>La Machine Pouss\u00e9e Fessi\u00e8re Z16X est con\u00e7ue pour un entra\u00eenement cibl\u00e9 de la force du bas du corps, ciblant en particulier les fessiers. Son cadre solide assure la stabilit\u00e9 pendant l\u2019exercice, tandis que le soutien dorsal rembourr\u00e9 s\u2019ajuste naturellement \u00e0 votre corps gr\u00e2ce \u00e0 sa conception mont\u00e9e sur paliers. Un coussin de hanche flexible se [&hellip;]<\/p>\n","protected":false},"featured_media":12873,"template":"","meta":{"_acf_changed":false},"product_brand":[56],"product_cat":[832],"product_tag":[],"class_list":{"0":"post-24909","1":"product","2":"type-product","3":"status-publish","4":"has-post-thumbnail","6":"product_brand-gym-factory","7":"product_cat-machines-a-charge-par-plaques","9":"first","10":"onbackorder","11":"taxable","12":"shipping-taxable","13":"purchasable","14":"product-type-variable","15":"has-default-attributes"},"acf":[],"yoast_head":"<!-- This site is optimized with the Yoast SEO plugin v25.2 - https:\/\/yoast.com\/wordpress\/plugins\/seo\/ -->\n<title>Machine Pouss\u00e9e Fessi\u00e8re Z16X | \u00c9quipement de Musculation<\/title>\n<meta name=\"description\" content=\"Vous ciblez la force des fessiers ? La Machine Pouss\u00e9e Fessi\u00e8re Z16X est un \u00e9quipement de musculation - con\u00e7ue pour une activation isol\u00e9e et puissante des fessiers dans tout environnement de salle de sport.\" \/>\n<meta name=\"robots\" content=\"index, follow, max-snippet:-1, max-image-preview:large, max-video-preview:-1\" \/>\n<link rel=\"canonical\" href=\"https:\/\/gymfactory.eu\/fr\/produit\/machine-poussee-fessiere-z16x\/\" \/>\n<meta property=\"og:locale\" content=\"fr_FR\" \/>\n<meta property=\"og:type\" content=\"article\" \/>\n<meta property=\"og:title\" content=\"Machine Pouss\u00e9e Fessi\u00e8re Z16X | \u00c9quipement de Musculation\" \/>\n<meta property=\"og:description\" content=\"Vous ciblez la force des fessiers ? La Machine Pouss\u00e9e Fessi\u00e8re Z16X est un \u00e9quipement de musculation - con\u00e7ue pour une activation isol\u00e9e et puissante des fessiers dans tout environnement de salle de sport.\" \/>\n<meta property=\"og:url\" content=\"https:\/\/gymfactory.eu\/fr\/produit\/machine-poussee-fessiere-z16x\/\" \/>\n<meta property=\"og:site_name\" content=\"Gym Factory\" \/>\n<meta property=\"og:image\" content=\"https:\/\/gymfactory.eu\/wp-content\/uploads\/2025\/02\/gym-machine-Z16X-hip-thrust-machine-side-view-1-1.webp\" \/>\n\t<meta property=\"og:image:width\" content=\"1500\" \/>\n\t<meta property=\"og:image:height\" content=\"1500\" \/>\n\t<meta property=\"og:image:type\" content=\"image\/webp\" \/>\n<meta name=\"twitter:card\" content=\"summary_large_image\" \/>\n<meta name=\"twitter:label1\" content=\"Dur\u00e9e de lecture estim\u00e9e\" \/>\n\t<meta name=\"twitter:data1\" content=\"1 minute\" \/>\n<script type=\"application\/ld+json\" class=\"yoast-schema-graph\">{\"@context\":\"https:\/\/schema.org\",\"@graph\":[{\"@type\":\"WebPage\",\"@id\":\"https:\/\/gymfactory.eu\/fr\/produit\/machine-poussee-fessiere-z16x\/\",\"url\":\"https:\/\/gymfactory.eu\/fr\/produit\/machine-poussee-fessiere-z16x\/\",\"name\":\"Machine Pouss\u00e9e Fessi\u00e8re Z16X | \u00c9quipement de Musculation\",\"isPartOf\":{\"@id\":\"https:\/\/gymfactory.eu\/fr\/#website\"},\"primaryImageOfPage\":{\"@id\":\"https:\/\/gymfactory.eu\/fr\/produit\/machine-poussee-fessiere-z16x\/#primaryimage\"},\"image\":{\"@id\":\"https:\/\/gymfactory.eu\/fr\/produit\/machine-poussee-fessiere-z16x\/#primaryimage\"},\"thumbnailUrl\":\"https:\/\/gymfactory.eu\/wp-content\/uploads\/2025\/02\/gym-machine-Z16X-hip-thrust-machine-side-view-1-1.webp\",\"datePublished\":\"2025-02-05T06:45:31+00:00\",\"description\":\"Vous ciblez la force des fessiers ? La Machine Pouss\u00e9e Fessi\u00e8re Z16X est un \u00e9quipement de musculation - con\u00e7ue pour une activation isol\u00e9e et puissante des fessiers dans tout environnement de salle de sport.\",\"breadcrumb\":{\"@id\":\"https:\/\/gymfactory.eu\/fr\/produit\/machine-poussee-fessiere-z16x\/#breadcrumb\"},\"inLanguage\":\"fr-FR\",\"potentialAction\":[{\"@type\":\"ReadAction\",\"target\":[\"https:\/\/gymfactory.eu\/fr\/produit\/machine-poussee-fessiere-z16x\/\"]}]},{\"@type\":\"ImageObject\",\"inLanguage\":\"fr-FR\",\"@id\":\"https:\/\/gymfactory.eu\/fr\/produit\/machine-poussee-fessiere-z16x\/#primaryimage\",\"url\":\"https:\/\/gymfactory.eu\/wp-content\/uploads\/2025\/02\/gym-machine-Z16X-hip-thrust-machine-side-view-1-1.webp\",\"contentUrl\":\"https:\/\/gymfactory.eu\/wp-content\/uploads\/2025\/02\/gym-machine-Z16X-hip-thrust-machine-side-view-1-1.webp\",\"width\":1500,\"height\":1500,\"caption\":\"Vue lat\u00e9rale de la machine de pouss\u00e9e des hanches Z16X salle de sport mettant en \u00e9vidence son cadre robuste en acier noir, son si\u00e8ge rembourr\u00e9 et sa barre de r\u00e9sistance r\u00e9glable. La plateforme de pied antid\u00e9rapante assure la s\u00e9curit\u00e9 pendant les s\u00e9ances, tandis que la conception ergonomique de la machine maximise l\u2019activation des fessiers. Id\u00e9ale pour les salles de sport commerciales et les configurations de fitness \u00e0 domicile ax\u00e9es sur l\u2019entra\u00eenement de la force du bas du corps.\"},{\"@type\":\"BreadcrumbList\",\"@id\":\"https:\/\/gymfactory.eu\/fr\/produit\/machine-poussee-fessiere-z16x\/#breadcrumb\",\"itemListElement\":[{\"@type\":\"ListItem\",\"position\":1,\"name\":\"Home\",\"item\":\"https:\/\/gymfactory.eu\/fr\/\"},{\"@type\":\"ListItem\",\"position\":2,\"name\":\"Catalogue\",\"item\":\"https:\/\/gymfactory.eu\/fr\/catalogue-2\/\"},{\"@type\":\"ListItem\",\"position\":3,\"name\":\"Machine Pouss\u00e9e Fessi\u00e8re Z16X\"}]},{\"@type\":\"WebSite\",\"@id\":\"https:\/\/gymfactory.eu\/fr\/#website\",\"url\":\"https:\/\/gymfactory.eu\/fr\/\",\"name\":\"Gym Factory\",\"description\":\"\",\"publisher\":{\"@id\":\"https:\/\/gymfactory.eu\/fr\/#organization\"},\"potentialAction\":[{\"@type\":\"SearchAction\",\"target\":{\"@type\":\"EntryPoint\",\"urlTemplate\":\"https:\/\/gymfactory.eu\/fr\/?s={search_term_string}\"},\"query-input\":{\"@type\":\"PropertyValueSpecification\",\"valueRequired\":true,\"valueName\":\"search_term_string\"}}],\"inLanguage\":\"fr-FR\"},{\"@type\":\"Organization\",\"@id\":\"https:\/\/gymfactory.eu\/fr\/#organization\",\"name\":\"Gym Factory\",\"url\":\"https:\/\/gymfactory.eu\/fr\/\",\"logo\":{\"@type\":\"ImageObject\",\"inLanguage\":\"fr-FR\",\"@id\":\"https:\/\/gymfactory.eu\/fr\/#\/schema\/logo\/image\/\",\"url\":\"https:\/\/gymfactory.eu\/wp-content\/uploads\/2024\/11\/Component-1.svg\",\"contentUrl\":\"https:\/\/gymfactory.eu\/wp-content\/uploads\/2024\/11\/Component-1.svg\",\"width\":54,\"height\":44,\"caption\":\"Gym Factory\"},\"image\":{\"@id\":\"https:\/\/gymfactory.eu\/fr\/#\/schema\/logo\/image\/\"}}]}<\/script>\n<!-- \/ Yoast SEO plugin. -->","yoast_head_json":{"title":"Machine Pouss\u00e9e Fessi\u00e8re Z16X | \u00c9quipement de Musculation","description":"Vous ciblez la force des fessiers ? La Machine Pouss\u00e9e Fessi\u00e8re Z16X est un \u00e9quipement de musculation - con\u00e7ue pour une activation isol\u00e9e et puissante des fessiers dans tout environnement de salle de sport.","robots":{"index":"index","follow":"follow","max-snippet":"max-snippet:-1","max-image-preview":"max-image-preview:large","max-video-preview":"max-video-preview:-1"},"canonical":"https:\/\/gymfactory.eu\/fr\/produit\/machine-poussee-fessiere-z16x\/","og_locale":"fr_FR","og_type":"article","og_title":"Machine Pouss\u00e9e Fessi\u00e8re Z16X | \u00c9quipement de Musculation","og_description":"Vous ciblez la force des fessiers ? La Machine Pouss\u00e9e Fessi\u00e8re Z16X est un \u00e9quipement de musculation - con\u00e7ue pour une activation isol\u00e9e et puissante des fessiers dans tout environnement de salle de sport.","og_url":"https:\/\/gymfactory.eu\/fr\/produit\/machine-poussee-fessiere-z16x\/","og_site_name":"Gym Factory","og_image":[{"width":1500,"height":1500,"url":"https:\/\/gymfactory.eu\/wp-content\/uploads\/2025\/02\/gym-machine-Z16X-hip-thrust-machine-side-view-1-1.webp","type":"image\/webp"}],"twitter_card":"summary_large_image","twitter_misc":{"Dur\u00e9e de lecture estim\u00e9e":"1 minute"},"schema":{"@context":"https:\/\/schema.org","@graph":[{"@type":"WebPage","@id":"https:\/\/gymfactory.eu\/fr\/produit\/machine-poussee-fessiere-z16x\/","url":"https:\/\/gymfactory.eu\/fr\/produit\/machine-poussee-fessiere-z16x\/","name":"Machine Pouss\u00e9e Fessi\u00e8re Z16X | \u00c9quipement de Musculation","isPartOf":{"@id":"https:\/\/gymfactory.eu\/fr\/#website"},"primaryImageOfPage":{"@id":"https:\/\/gymfactory.eu\/fr\/produit\/machine-poussee-fessiere-z16x\/#primaryimage"},"image":{"@id":"https:\/\/gymfactory.eu\/fr\/produit\/machine-poussee-fessiere-z16x\/#primaryimage"},"thumbnailUrl":"https:\/\/gymfactory.eu\/wp-content\/uploads\/2025\/02\/gym-machine-Z16X-hip-thrust-machine-side-view-1-1.webp","datePublished":"2025-02-05T06:45:31+00:00","description":"Vous ciblez la force des fessiers ? La Machine Pouss\u00e9e Fessi\u00e8re Z16X est un \u00e9quipement de musculation - con\u00e7ue pour une activation isol\u00e9e et puissante des fessiers dans tout environnement de salle de sport.","breadcrumb":{"@id":"https:\/\/gymfactory.eu\/fr\/produit\/machine-poussee-fessiere-z16x\/#breadcrumb"},"inLanguage":"fr-FR","potentialAction":[{"@type":"ReadAction","target":["https:\/\/gymfactory.eu\/fr\/produit\/machine-poussee-fessiere-z16x\/"]}]},{"@type":"ImageObject","inLanguage":"fr-FR","@id":"https:\/\/gymfactory.eu\/fr\/produit\/machine-poussee-fessiere-z16x\/#primaryimage","url":"https:\/\/gymfactory.eu\/wp-content\/uploads\/2025\/02\/gym-machine-Z16X-hip-thrust-machine-side-view-1-1.webp","contentUrl":"https:\/\/gymfactory.eu\/wp-content\/uploads\/2025\/02\/gym-machine-Z16X-hip-thrust-machine-side-view-1-1.webp","width":1500,"height":1500,"caption":"Vue lat\u00e9rale de la machine de pouss\u00e9e des hanches Z16X salle de sport mettant en \u00e9vidence son cadre robuste en acier noir, son si\u00e8ge rembourr\u00e9 et sa barre de r\u00e9sistance r\u00e9glable. La plateforme de pied antid\u00e9rapante assure la s\u00e9curit\u00e9 pendant les s\u00e9ances, tandis que la conception ergonomique de la machine maximise l\u2019activation des fessiers. Id\u00e9ale pour les salles de sport commerciales et les configurations de fitness \u00e0 domicile ax\u00e9es sur l\u2019entra\u00eenement de la force du bas du corps."},{"@type":"BreadcrumbList","@id":"https:\/\/gymfactory.eu\/fr\/produit\/machine-poussee-fessiere-z16x\/#breadcrumb","itemListElement":[{"@type":"ListItem","position":1,"name":"Home","item":"https:\/\/gymfactory.eu\/fr\/"},{"@type":"ListItem","position":2,"name":"Catalogue","item":"https:\/\/gymfactory.eu\/fr\/catalogue-2\/"},{"@type":"ListItem","position":3,"name":"Machine Pouss\u00e9e Fessi\u00e8re Z16X"}]},{"@type":"WebSite","@id":"https:\/\/gymfactory.eu\/fr\/#website","url":"https:\/\/gymfactory.eu\/fr\/","name":"Gym Factory","description":"","publisher":{"@id":"https:\/\/gymfactory.eu\/fr\/#organization"},"potentialAction":[{"@type":"SearchAction","target":{"@type":"EntryPoint","urlTemplate":"https:\/\/gymfactory.eu\/fr\/?s={search_term_string}"},"query-input":{"@type":"PropertyValueSpecification","valueRequired":true,"valueName":"search_term_string"}}],"inLanguage":"fr-FR"},{"@type":"Organization","@id":"https:\/\/gymfactory.eu\/fr\/#organization","name":"Gym Factory","url":"https:\/\/gymfactory.eu\/fr\/","logo":{"@type":"ImageObject","inLanguage":"fr-FR","@id":"https:\/\/gymfactory.eu\/fr\/#\/schema\/logo\/image\/","url":"https:\/\/gymfactory.eu\/wp-content\/uploads\/2024\/11\/Component-1.svg","contentUrl":"https:\/\/gymfactory.eu\/wp-content\/uploads\/2024\/11\/Component-1.svg","width":54,"height":44,"caption":"Gym Factory"},"image":{"@id":"https:\/\/gymfactory.eu\/fr\/#\/schema\/logo\/image\/"}}]}},"_links":{"self":[{"href":"https:\/\/gymfactory.eu\/fr\/wp-json\/wp\/v2\/product\/24909","targetHints":{"allow":["GET"]}}],"collection":[{"href":"https:\/\/gymfactory.eu\/fr\/wp-json\/wp\/v2\/product"}],"about":[{"href":"https:\/\/gymfactory.eu\/fr\/wp-json\/wp\/v2\/types\/product"}],"wp:featuredmedia":[{"embeddable":true,"href":"https:\/\/gymfactory.eu\/fr\/wp-json\/wp\/v2\/media\/12873"}],"wp:attachment":[{"href":"https:\/\/gymfactory.eu\/fr\/wp-json\/wp\/v2\/media?parent=24909"}],"wp:term":[{"taxonomy":"product_brand","embeddable":true,"href":"https:\/\/gymfactory.eu\/fr\/wp-json\/wp\/v2\/product_brand?post=24909"},{"taxonomy":"product_cat","embeddable":true,"href":"https:\/\/gymfactory.eu\/fr\/wp-json\/wp\/v2\/product_cat?post=24909"},{"taxonomy":"product_tag","embeddable":true,"href":"https:\/\/gymfactory.eu\/fr\/wp-json\/wp\/v2\/product_tag?post=24909"}],"curies":[{"name":"wp","href":"https:\/\/api.w.org\/{rel}","templated":true}]}}