{"id":24892,"date":"2025-02-05T08:13:27","date_gmt":"2025-02-05T06:13:27","guid":{"rendered":"https:\/\/gymfactory.eu\/product\/machine-hyperextension-inverse-v1\/"},"modified":"2025-02-05T08:13:27","modified_gmt":"2025-02-05T06:13:27","slug":"machine-hyperextension-inverse-v1","status":"publish","type":"product","link":"https:\/\/gymfactory.eu\/fr\/produit\/machine-hyperextension-inverse-v1\/","title":{"rendered":"Machine Hyperextension Inverse V1"},"content":{"rendered":"<p>La Machine Hyperextension Inverse V1 est con\u00e7ue pour renforcer vos fessiers, ischio-jambiers et bas du dos. Le cadre robuste offre une stabilit\u00e9 pour un entra\u00eenement s\u00fbr et contr\u00f4l\u00e9 dans les home gyms et les salles de sport commerciales. <\/p>\n<p>Son principal exercice &#8211; l\u2019hyperextension inverse &#8211; aide \u00e0 am\u00e9liorer la force des hanches, l\u2019endurance du dos et la posture. La position du soutien des jambes est r\u00e9glable, ce qui rend la machine adapt\u00e9e aux utilisateurs de diff\u00e9rentes hauteurs.<\/p>\n\n    <div class=\"xs_social_share_widget xs_share_url after_content \t\tmain_content  wslu-style-1 wslu-share-box-shaped wslu-fill-colored wslu-none wslu-share-horizontal wslu-theme-font-no wslu-main_content\">\n\n\t\t\n        <ul>\n\t\t\t        <\/ul>\n    <\/div> \n","protected":false},"excerpt":{"rendered":"<p>La Machine Hyperextension Inverse V1 est con\u00e7ue pour renforcer vos fessiers, ischio-jambiers et bas du dos. Le cadre robuste offre une stabilit\u00e9 pour un entra\u00eenement s\u00fbr et contr\u00f4l\u00e9 dans les home gyms et les salles de sport commerciales. Son principal exercice &#8211; l\u2019hyperextension inverse &#8211; aide \u00e0 am\u00e9liorer la force des hanches, l\u2019endurance du dos [&hellip;]<\/p>\n","protected":false},"featured_media":11034,"template":"","meta":{"_acf_changed":false},"product_brand":[56],"product_cat":[832],"product_tag":[],"class_list":{"0":"post-24892","1":"product","2":"type-product","3":"status-publish","4":"has-post-thumbnail","6":"product_brand-gym-factory","7":"product_cat-machines-a-charge-par-plaques","9":"first","10":"onbackorder","11":"taxable","12":"shipping-taxable","13":"purchasable","14":"product-type-variable","15":"has-default-attributes"},"acf":[],"yoast_head":"<!-- This site is optimized with the Yoast SEO plugin v25.2 - https:\/\/yoast.com\/wordpress\/plugins\/seo\/ -->\n<title>Machine Hyperextension V1 | \u00c9quipement de Musculation<\/title>\n<meta name=\"description\" content=\"Vous entra\u00eenez votre bas du dos en toute s\u00e9curit\u00e9 ? La Machine Hyperextension est un \u00e9quipement de musculation con\u00e7u pour le soutien spinal, l\u2019activation des fessiers et la force du centre.\" \/>\n<meta name=\"robots\" content=\"index, follow, max-snippet:-1, max-image-preview:large, max-video-preview:-1\" \/>\n<link rel=\"canonical\" href=\"https:\/\/gymfactory.eu\/fr\/produit\/machine-hyperextension-inverse-v1\/\" \/>\n<meta property=\"og:locale\" content=\"fr_FR\" \/>\n<meta property=\"og:type\" content=\"article\" \/>\n<meta property=\"og:title\" content=\"Machine Hyperextension V1 | \u00c9quipement de Musculation\" \/>\n<meta property=\"og:description\" content=\"Vous entra\u00eenez votre bas du dos en toute s\u00e9curit\u00e9 ? La Machine Hyperextension est un \u00e9quipement de musculation con\u00e7u pour le soutien spinal, l\u2019activation des fessiers et la force du centre.\" \/>\n<meta property=\"og:url\" content=\"https:\/\/gymfactory.eu\/fr\/produit\/machine-hyperextension-inverse-v1\/\" \/>\n<meta property=\"og:site_name\" content=\"Gym Factory\" \/>\n<meta property=\"og:image\" content=\"https:\/\/gymfactory.eu\/wp-content\/uploads\/2025\/02\/gym-machine-V1-reverse-hyper-extension-right-side-1-1.webp\" \/>\n\t<meta property=\"og:image:width\" content=\"1500\" \/>\n\t<meta property=\"og:image:height\" content=\"1500\" \/>\n\t<meta property=\"og:image:type\" content=\"image\/webp\" \/>\n<meta name=\"twitter:card\" content=\"summary_large_image\" \/>\n<script type=\"application\/ld+json\" class=\"yoast-schema-graph\">{\"@context\":\"https:\/\/schema.org\",\"@graph\":[{\"@type\":\"WebPage\",\"@id\":\"https:\/\/gymfactory.eu\/fr\/produit\/machine-hyperextension-inverse-v1\/\",\"url\":\"https:\/\/gymfactory.eu\/fr\/produit\/machine-hyperextension-inverse-v1\/\",\"name\":\"Machine Hyperextension V1 | \u00c9quipement de Musculation\",\"isPartOf\":{\"@id\":\"https:\/\/gymfactory.eu\/fr\/#website\"},\"primaryImageOfPage\":{\"@id\":\"https:\/\/gymfactory.eu\/fr\/produit\/machine-hyperextension-inverse-v1\/#primaryimage\"},\"image\":{\"@id\":\"https:\/\/gymfactory.eu\/fr\/produit\/machine-hyperextension-inverse-v1\/#primaryimage\"},\"thumbnailUrl\":\"https:\/\/gymfactory.eu\/wp-content\/uploads\/2025\/02\/gym-machine-V1-reverse-hyper-extension-right-side-1-1.webp\",\"datePublished\":\"2025-02-05T06:13:27+00:00\",\"description\":\"Vous entra\u00eenez votre bas du dos en toute s\u00e9curit\u00e9 ? La Machine Hyperextension est un \u00e9quipement de musculation con\u00e7u pour le soutien spinal, l\u2019activation des fessiers et la force du centre.\",\"breadcrumb\":{\"@id\":\"https:\/\/gymfactory.eu\/fr\/produit\/machine-hyperextension-inverse-v1\/#breadcrumb\"},\"inLanguage\":\"fr-FR\",\"potentialAction\":[{\"@type\":\"ReadAction\",\"target\":[\"https:\/\/gymfactory.eu\/fr\/produit\/machine-hyperextension-inverse-v1\/\"]}]},{\"@type\":\"ImageObject\",\"inLanguage\":\"fr-FR\",\"@id\":\"https:\/\/gymfactory.eu\/fr\/produit\/machine-hyperextension-inverse-v1\/#primaryimage\",\"url\":\"https:\/\/gymfactory.eu\/wp-content\/uploads\/2025\/02\/gym-machine-V1-reverse-hyper-extension-right-side-1-1.webp\",\"contentUrl\":\"https:\/\/gymfactory.eu\/wp-content\/uploads\/2025\/02\/gym-machine-V1-reverse-hyper-extension-right-side-1-1.webp\",\"width\":1500,\"height\":1500,\"caption\":\"Une vue du c\u00f4t\u00e9 droit de la machine hyperextension inverse V1 salle de sport met en \u00e9vidence sa structure renforc\u00e9e et son rembourrage ergonomique. La machine de salle de sport r\u00e9duit la tension du bas du dos tout en am\u00e9liorant la force et la flexibilit\u00e9. Avec une r\u00e9sistance r\u00e9glable et un cadre durable, elle est id\u00e9ale pour l\u2019entra\u00eenement intensif en environnement de salle de sport professionnelle.\"},{\"@type\":\"BreadcrumbList\",\"@id\":\"https:\/\/gymfactory.eu\/fr\/produit\/machine-hyperextension-inverse-v1\/#breadcrumb\",\"itemListElement\":[{\"@type\":\"ListItem\",\"position\":1,\"name\":\"Home\",\"item\":\"https:\/\/gymfactory.eu\/fr\/\"},{\"@type\":\"ListItem\",\"position\":2,\"name\":\"Catalogue\",\"item\":\"https:\/\/gymfactory.eu\/fr\/catalogue-2\/\"},{\"@type\":\"ListItem\",\"position\":3,\"name\":\"Machine Hyperextension Inverse V1\"}]},{\"@type\":\"WebSite\",\"@id\":\"https:\/\/gymfactory.eu\/fr\/#website\",\"url\":\"https:\/\/gymfactory.eu\/fr\/\",\"name\":\"Gym Factory\",\"description\":\"\",\"publisher\":{\"@id\":\"https:\/\/gymfactory.eu\/fr\/#organization\"},\"potentialAction\":[{\"@type\":\"SearchAction\",\"target\":{\"@type\":\"EntryPoint\",\"urlTemplate\":\"https:\/\/gymfactory.eu\/fr\/?s={search_term_string}\"},\"query-input\":{\"@type\":\"PropertyValueSpecification\",\"valueRequired\":true,\"valueName\":\"search_term_string\"}}],\"inLanguage\":\"fr-FR\"},{\"@type\":\"Organization\",\"@id\":\"https:\/\/gymfactory.eu\/fr\/#organization\",\"name\":\"Gym Factory\",\"url\":\"https:\/\/gymfactory.eu\/fr\/\",\"logo\":{\"@type\":\"ImageObject\",\"inLanguage\":\"fr-FR\",\"@id\":\"https:\/\/gymfactory.eu\/fr\/#\/schema\/logo\/image\/\",\"url\":\"https:\/\/gymfactory.eu\/wp-content\/uploads\/2024\/11\/Component-1.svg\",\"contentUrl\":\"https:\/\/gymfactory.eu\/wp-content\/uploads\/2024\/11\/Component-1.svg\",\"width\":54,\"height\":44,\"caption\":\"Gym Factory\"},\"image\":{\"@id\":\"https:\/\/gymfactory.eu\/fr\/#\/schema\/logo\/image\/\"}}]}<\/script>\n<!-- \/ Yoast SEO plugin. -->","yoast_head_json":{"title":"Machine Hyperextension V1 | \u00c9quipement de Musculation","description":"Vous entra\u00eenez votre bas du dos en toute s\u00e9curit\u00e9 ? La Machine Hyperextension est un \u00e9quipement de musculation con\u00e7u pour le soutien spinal, l\u2019activation des fessiers et la force du centre.","robots":{"index":"index","follow":"follow","max-snippet":"max-snippet:-1","max-image-preview":"max-image-preview:large","max-video-preview":"max-video-preview:-1"},"canonical":"https:\/\/gymfactory.eu\/fr\/produit\/machine-hyperextension-inverse-v1\/","og_locale":"fr_FR","og_type":"article","og_title":"Machine Hyperextension V1 | \u00c9quipement de Musculation","og_description":"Vous entra\u00eenez votre bas du dos en toute s\u00e9curit\u00e9 ? La Machine Hyperextension est un \u00e9quipement de musculation con\u00e7u pour le soutien spinal, l\u2019activation des fessiers et la force du centre.","og_url":"https:\/\/gymfactory.eu\/fr\/produit\/machine-hyperextension-inverse-v1\/","og_site_name":"Gym Factory","og_image":[{"width":1500,"height":1500,"url":"https:\/\/gymfactory.eu\/wp-content\/uploads\/2025\/02\/gym-machine-V1-reverse-hyper-extension-right-side-1-1.webp","type":"image\/webp"}],"twitter_card":"summary_large_image","schema":{"@context":"https:\/\/schema.org","@graph":[{"@type":"WebPage","@id":"https:\/\/gymfactory.eu\/fr\/produit\/machine-hyperextension-inverse-v1\/","url":"https:\/\/gymfactory.eu\/fr\/produit\/machine-hyperextension-inverse-v1\/","name":"Machine Hyperextension V1 | \u00c9quipement de Musculation","isPartOf":{"@id":"https:\/\/gymfactory.eu\/fr\/#website"},"primaryImageOfPage":{"@id":"https:\/\/gymfactory.eu\/fr\/produit\/machine-hyperextension-inverse-v1\/#primaryimage"},"image":{"@id":"https:\/\/gymfactory.eu\/fr\/produit\/machine-hyperextension-inverse-v1\/#primaryimage"},"thumbnailUrl":"https:\/\/gymfactory.eu\/wp-content\/uploads\/2025\/02\/gym-machine-V1-reverse-hyper-extension-right-side-1-1.webp","datePublished":"2025-02-05T06:13:27+00:00","description":"Vous entra\u00eenez votre bas du dos en toute s\u00e9curit\u00e9 ? La Machine Hyperextension est un \u00e9quipement de musculation con\u00e7u pour le soutien spinal, l\u2019activation des fessiers et la force du centre.","breadcrumb":{"@id":"https:\/\/gymfactory.eu\/fr\/produit\/machine-hyperextension-inverse-v1\/#breadcrumb"},"inLanguage":"fr-FR","potentialAction":[{"@type":"ReadAction","target":["https:\/\/gymfactory.eu\/fr\/produit\/machine-hyperextension-inverse-v1\/"]}]},{"@type":"ImageObject","inLanguage":"fr-FR","@id":"https:\/\/gymfactory.eu\/fr\/produit\/machine-hyperextension-inverse-v1\/#primaryimage","url":"https:\/\/gymfactory.eu\/wp-content\/uploads\/2025\/02\/gym-machine-V1-reverse-hyper-extension-right-side-1-1.webp","contentUrl":"https:\/\/gymfactory.eu\/wp-content\/uploads\/2025\/02\/gym-machine-V1-reverse-hyper-extension-right-side-1-1.webp","width":1500,"height":1500,"caption":"Une vue du c\u00f4t\u00e9 droit de la machine hyperextension inverse V1 salle de sport met en \u00e9vidence sa structure renforc\u00e9e et son rembourrage ergonomique. La machine de salle de sport r\u00e9duit la tension du bas du dos tout en am\u00e9liorant la force et la flexibilit\u00e9. Avec une r\u00e9sistance r\u00e9glable et un cadre durable, elle est id\u00e9ale pour l\u2019entra\u00eenement intensif en environnement de salle de sport professionnelle."},{"@type":"BreadcrumbList","@id":"https:\/\/gymfactory.eu\/fr\/produit\/machine-hyperextension-inverse-v1\/#breadcrumb","itemListElement":[{"@type":"ListItem","position":1,"name":"Home","item":"https:\/\/gymfactory.eu\/fr\/"},{"@type":"ListItem","position":2,"name":"Catalogue","item":"https:\/\/gymfactory.eu\/fr\/catalogue-2\/"},{"@type":"ListItem","position":3,"name":"Machine Hyperextension Inverse V1"}]},{"@type":"WebSite","@id":"https:\/\/gymfactory.eu\/fr\/#website","url":"https:\/\/gymfactory.eu\/fr\/","name":"Gym Factory","description":"","publisher":{"@id":"https:\/\/gymfactory.eu\/fr\/#organization"},"potentialAction":[{"@type":"SearchAction","target":{"@type":"EntryPoint","urlTemplate":"https:\/\/gymfactory.eu\/fr\/?s={search_term_string}"},"query-input":{"@type":"PropertyValueSpecification","valueRequired":true,"valueName":"search_term_string"}}],"inLanguage":"fr-FR"},{"@type":"Organization","@id":"https:\/\/gymfactory.eu\/fr\/#organization","name":"Gym Factory","url":"https:\/\/gymfactory.eu\/fr\/","logo":{"@type":"ImageObject","inLanguage":"fr-FR","@id":"https:\/\/gymfactory.eu\/fr\/#\/schema\/logo\/image\/","url":"https:\/\/gymfactory.eu\/wp-content\/uploads\/2024\/11\/Component-1.svg","contentUrl":"https:\/\/gymfactory.eu\/wp-content\/uploads\/2024\/11\/Component-1.svg","width":54,"height":44,"caption":"Gym Factory"},"image":{"@id":"https:\/\/gymfactory.eu\/fr\/#\/schema\/logo\/image\/"}}]}},"_links":{"self":[{"href":"https:\/\/gymfactory.eu\/fr\/wp-json\/wp\/v2\/product\/24892","targetHints":{"allow":["GET"]}}],"collection":[{"href":"https:\/\/gymfactory.eu\/fr\/wp-json\/wp\/v2\/product"}],"about":[{"href":"https:\/\/gymfactory.eu\/fr\/wp-json\/wp\/v2\/types\/product"}],"wp:featuredmedia":[{"embeddable":true,"href":"https:\/\/gymfactory.eu\/fr\/wp-json\/wp\/v2\/media\/11034"}],"wp:attachment":[{"href":"https:\/\/gymfactory.eu\/fr\/wp-json\/wp\/v2\/media?parent=24892"}],"wp:term":[{"taxonomy":"product_brand","embeddable":true,"href":"https:\/\/gymfactory.eu\/fr\/wp-json\/wp\/v2\/product_brand?post=24892"},{"taxonomy":"product_cat","embeddable":true,"href":"https:\/\/gymfactory.eu\/fr\/wp-json\/wp\/v2\/product_cat?post=24892"},{"taxonomy":"product_tag","embeddable":true,"href":"https:\/\/gymfactory.eu\/fr\/wp-json\/wp\/v2\/product_tag?post=24892"}],"curies":[{"name":"wp","href":"https:\/\/api.w.org\/{rel}","templated":true}]}}