{"id":24878,"date":"2025-02-04T14:24:38","date_gmt":"2025-02-04T12:24:38","guid":{"rendered":"https:\/\/gymfactory.eu\/product\/machine-squat-pendulaire-r3x-2\/"},"modified":"2025-02-04T14:24:38","modified_gmt":"2025-02-04T12:24:38","slug":"machine-squat-pendulaire-r3x-2","status":"publish","type":"product","link":"https:\/\/gymfactory.eu\/fr\/produit\/machine-squat-pendulaire-r3x-2\/","title":{"rendered":"Machine Squat Pendulaire R3X-2"},"content":{"rendered":"<p>La Machine Squat Pendulaire R3X-2 est con\u00e7ue pour un entra\u00eenement s\u00fbr et r\u00e9glable du bas du corps, adapt\u00e9e aussi bien aux home gyms qu\u2019aux salles de sport commerciales. En plus d\u2019une plateforme de pied large et d\u2019un angle et d\u2019une position de pied r\u00e9glables, ce mod\u00e8le comprend un syst\u00e8me de contrepoids qui aide \u00e0 r\u00e9duire la r\u00e9sistance globale tout au long du mouvement lorsque n\u00e9cessaire. <\/p>\n<p>Vous pouvez effectuer des squats pendulaires pour cibler les quadriceps, les fessiers et les ischio-jambiers, ou ajouter des relev\u00e9s de mollets pour activer le bas des jambes. Les ajustements de la plateforme permettent des squats de position \u00e9troite ou large pour d\u00e9placer l\u2019accent musculaire. <\/p>\n<p>La machine comprend plusieurs positions de d\u00e9part, un butoir de s\u00e9curit\u00e9 arri\u00e8re et un m\u00e9canisme de verrouillage actionn\u00e9 au poignet qui sert \u00e9galement de poign\u00e9e de soutien. Elle dispose \u00e9galement de points d\u2019attache pour les bandes de r\u00e9sistance, vous permettant soit d\u2019all\u00e9ger soit d\u2019augmenter la r\u00e9sistance selon la configuration.<\/p>\n\n    <div class=\"xs_social_share_widget xs_share_url after_content \t\tmain_content  wslu-style-1 wslu-share-box-shaped wslu-fill-colored wslu-none wslu-share-horizontal wslu-theme-font-no wslu-main_content\">\n\n\t\t\n        <ul>\n\t\t\t        <\/ul>\n    <\/div> \n","protected":false},"excerpt":{"rendered":"<p>La Machine Squat Pendulaire R3X-2 est con\u00e7ue pour un entra\u00eenement s\u00fbr et r\u00e9glable du bas du corps, adapt\u00e9e aussi bien aux home gyms qu\u2019aux salles de sport commerciales. En plus d\u2019une plateforme de pied large et d\u2019un angle et d\u2019une position de pied r\u00e9glables, ce mod\u00e8le comprend un syst\u00e8me de contrepoids qui aide \u00e0 r\u00e9duire [&hellip;]<\/p>\n","protected":false},"featured_media":20173,"template":"","meta":{"_acf_changed":false},"product_brand":[56],"product_cat":[832],"product_tag":[],"class_list":{"0":"post-24878","1":"product","2":"type-product","3":"status-publish","4":"has-post-thumbnail","6":"product_brand-gym-factory","7":"product_cat-machines-a-charge-par-plaques","9":"first","10":"onbackorder","11":"taxable","12":"shipping-taxable","13":"purchasable","14":"product-type-variable","15":"has-default-attributes"},"acf":[],"yoast_head":"<!-- This site is optimized with the Yoast SEO plugin v25.2 - https:\/\/yoast.com\/wordpress\/plugins\/seo\/ -->\n<title>Machine Squat Pendulaire R3X-2 | Pour Musculation des Jambes<\/title>\n<meta name=\"description\" content=\"Vous voulez d\u00e9velopper une puissance s\u00e9rieuse des jambes ? La Machine Squat Pendulaire R3X-2 est con\u00e7ue pour une musculation efficace et respectueuse des articulations dans toute configuration.\" \/>\n<meta name=\"robots\" content=\"index, follow, max-snippet:-1, max-image-preview:large, max-video-preview:-1\" \/>\n<link rel=\"canonical\" href=\"https:\/\/gymfactory.eu\/fr\/produit\/machine-squat-pendulaire-r3x-2\/\" \/>\n<meta property=\"og:locale\" content=\"fr_FR\" \/>\n<meta property=\"og:type\" content=\"article\" \/>\n<meta property=\"og:title\" content=\"Machine Squat Pendulaire R3X-2 | Pour Musculation des Jambes\" \/>\n<meta property=\"og:description\" content=\"Vous voulez d\u00e9velopper une puissance s\u00e9rieuse des jambes ? La Machine Squat Pendulaire R3X-2 est con\u00e7ue pour une musculation efficace et respectueuse des articulations dans toute configuration.\" \/>\n<meta property=\"og:url\" content=\"https:\/\/gymfactory.eu\/fr\/produit\/machine-squat-pendulaire-r3x-2\/\" \/>\n<meta property=\"og:site_name\" content=\"Gym Factory\" \/>\n<meta property=\"og:image\" content=\"https:\/\/gymfactory.eu\/wp-content\/uploads\/2025\/02\/R3X-2-Gym-Machine-\u2013-Strength-Training-Equipment.webp\" \/>\n\t<meta property=\"og:image:width\" content=\"1500\" \/>\n\t<meta property=\"og:image:height\" content=\"1500\" \/>\n\t<meta property=\"og:image:type\" content=\"image\/webp\" \/>\n<meta name=\"twitter:card\" content=\"summary_large_image\" \/>\n<meta name=\"twitter:label1\" content=\"Dur\u00e9e de lecture estim\u00e9e\" \/>\n\t<meta name=\"twitter:data1\" content=\"1 minute\" \/>\n<script type=\"application\/ld+json\" class=\"yoast-schema-graph\">{\"@context\":\"https:\/\/schema.org\",\"@graph\":[{\"@type\":\"WebPage\",\"@id\":\"https:\/\/gymfactory.eu\/fr\/produit\/machine-squat-pendulaire-r3x-2\/\",\"url\":\"https:\/\/gymfactory.eu\/fr\/produit\/machine-squat-pendulaire-r3x-2\/\",\"name\":\"Machine Squat Pendulaire R3X-2 | Pour Musculation des Jambes\",\"isPartOf\":{\"@id\":\"https:\/\/gymfactory.eu\/fr\/#website\"},\"primaryImageOfPage\":{\"@id\":\"https:\/\/gymfactory.eu\/fr\/produit\/machine-squat-pendulaire-r3x-2\/#primaryimage\"},\"image\":{\"@id\":\"https:\/\/gymfactory.eu\/fr\/produit\/machine-squat-pendulaire-r3x-2\/#primaryimage\"},\"thumbnailUrl\":\"https:\/\/gymfactory.eu\/wp-content\/uploads\/2025\/02\/R3X-2-Gym-Machine-\u2013-Strength-Training-Equipment.webp\",\"datePublished\":\"2025-02-04T12:24:38+00:00\",\"description\":\"Vous voulez d\u00e9velopper une puissance s\u00e9rieuse des jambes ? La Machine Squat Pendulaire R3X-2 est con\u00e7ue pour une musculation efficace et respectueuse des articulations dans toute configuration.\",\"breadcrumb\":{\"@id\":\"https:\/\/gymfactory.eu\/fr\/produit\/machine-squat-pendulaire-r3x-2\/#breadcrumb\"},\"inLanguage\":\"fr-FR\",\"potentialAction\":[{\"@type\":\"ReadAction\",\"target\":[\"https:\/\/gymfactory.eu\/fr\/produit\/machine-squat-pendulaire-r3x-2\/\"]}]},{\"@type\":\"ImageObject\",\"inLanguage\":\"fr-FR\",\"@id\":\"https:\/\/gymfactory.eu\/fr\/produit\/machine-squat-pendulaire-r3x-2\/#primaryimage\",\"url\":\"https:\/\/gymfactory.eu\/wp-content\/uploads\/2025\/02\/R3X-2-Gym-Machine-\u2013-Strength-Training-Equipment.webp\",\"contentUrl\":\"https:\/\/gymfactory.eu\/wp-content\/uploads\/2025\/02\/R3X-2-Gym-Machine-\u2013-Strength-Training-Equipment.webp\",\"width\":1500,\"height\":1500,\"caption\":\"Une machine squat pendulaire de salle de sport de haute qualit\u00e9 dot\u00e9e d\u2019un cadre robuste en acier blanc et rouge. La machine est con\u00e7ue avec un syst\u00e8me de contrepoids, permettant un mouvement contr\u00f4l\u00e9 et un entra\u00eenement en r\u00e9sistance optimis\u00e9. Le rembourrage ergonomique assure le confort pendant les s\u00e9ances, tandis que la structure robuste garantit la stabilit\u00e9 pour les s\u00e9ances de levage lourd. Parfait pour les salles de sport et les centres de fitness cherchant \u00e0 offrir un \u00e9quipement avanc\u00e9 d\u2019entra\u00eenement du bas du corps.\"},{\"@type\":\"BreadcrumbList\",\"@id\":\"https:\/\/gymfactory.eu\/fr\/produit\/machine-squat-pendulaire-r3x-2\/#breadcrumb\",\"itemListElement\":[{\"@type\":\"ListItem\",\"position\":1,\"name\":\"Home\",\"item\":\"https:\/\/gymfactory.eu\/fr\/\"},{\"@type\":\"ListItem\",\"position\":2,\"name\":\"Catalogue\",\"item\":\"https:\/\/gymfactory.eu\/fr\/catalogue-2\/\"},{\"@type\":\"ListItem\",\"position\":3,\"name\":\"Machine Squat Pendulaire R3X-2\"}]},{\"@type\":\"WebSite\",\"@id\":\"https:\/\/gymfactory.eu\/fr\/#website\",\"url\":\"https:\/\/gymfactory.eu\/fr\/\",\"name\":\"Gym Factory\",\"description\":\"\",\"publisher\":{\"@id\":\"https:\/\/gymfactory.eu\/fr\/#organization\"},\"potentialAction\":[{\"@type\":\"SearchAction\",\"target\":{\"@type\":\"EntryPoint\",\"urlTemplate\":\"https:\/\/gymfactory.eu\/fr\/?s={search_term_string}\"},\"query-input\":{\"@type\":\"PropertyValueSpecification\",\"valueRequired\":true,\"valueName\":\"search_term_string\"}}],\"inLanguage\":\"fr-FR\"},{\"@type\":\"Organization\",\"@id\":\"https:\/\/gymfactory.eu\/fr\/#organization\",\"name\":\"Gym Factory\",\"url\":\"https:\/\/gymfactory.eu\/fr\/\",\"logo\":{\"@type\":\"ImageObject\",\"inLanguage\":\"fr-FR\",\"@id\":\"https:\/\/gymfactory.eu\/fr\/#\/schema\/logo\/image\/\",\"url\":\"https:\/\/gymfactory.eu\/wp-content\/uploads\/2024\/11\/Component-1.svg\",\"contentUrl\":\"https:\/\/gymfactory.eu\/wp-content\/uploads\/2024\/11\/Component-1.svg\",\"width\":54,\"height\":44,\"caption\":\"Gym Factory\"},\"image\":{\"@id\":\"https:\/\/gymfactory.eu\/fr\/#\/schema\/logo\/image\/\"}}]}<\/script>\n<!-- \/ Yoast SEO plugin. -->","yoast_head_json":{"title":"Machine Squat Pendulaire R3X-2 | Pour Musculation des Jambes","description":"Vous voulez d\u00e9velopper une puissance s\u00e9rieuse des jambes ? La Machine Squat Pendulaire R3X-2 est con\u00e7ue pour une musculation efficace et respectueuse des articulations dans toute configuration.","robots":{"index":"index","follow":"follow","max-snippet":"max-snippet:-1","max-image-preview":"max-image-preview:large","max-video-preview":"max-video-preview:-1"},"canonical":"https:\/\/gymfactory.eu\/fr\/produit\/machine-squat-pendulaire-r3x-2\/","og_locale":"fr_FR","og_type":"article","og_title":"Machine Squat Pendulaire R3X-2 | Pour Musculation des Jambes","og_description":"Vous voulez d\u00e9velopper une puissance s\u00e9rieuse des jambes ? La Machine Squat Pendulaire R3X-2 est con\u00e7ue pour une musculation efficace et respectueuse des articulations dans toute configuration.","og_url":"https:\/\/gymfactory.eu\/fr\/produit\/machine-squat-pendulaire-r3x-2\/","og_site_name":"Gym Factory","og_image":[{"width":1500,"height":1500,"url":"https:\/\/gymfactory.eu\/wp-content\/uploads\/2025\/02\/R3X-2-Gym-Machine-\u2013-Strength-Training-Equipment.webp","type":"image\/webp"}],"twitter_card":"summary_large_image","twitter_misc":{"Dur\u00e9e de lecture estim\u00e9e":"1 minute"},"schema":{"@context":"https:\/\/schema.org","@graph":[{"@type":"WebPage","@id":"https:\/\/gymfactory.eu\/fr\/produit\/machine-squat-pendulaire-r3x-2\/","url":"https:\/\/gymfactory.eu\/fr\/produit\/machine-squat-pendulaire-r3x-2\/","name":"Machine Squat Pendulaire R3X-2 | Pour Musculation des Jambes","isPartOf":{"@id":"https:\/\/gymfactory.eu\/fr\/#website"},"primaryImageOfPage":{"@id":"https:\/\/gymfactory.eu\/fr\/produit\/machine-squat-pendulaire-r3x-2\/#primaryimage"},"image":{"@id":"https:\/\/gymfactory.eu\/fr\/produit\/machine-squat-pendulaire-r3x-2\/#primaryimage"},"thumbnailUrl":"https:\/\/gymfactory.eu\/wp-content\/uploads\/2025\/02\/R3X-2-Gym-Machine-\u2013-Strength-Training-Equipment.webp","datePublished":"2025-02-04T12:24:38+00:00","description":"Vous voulez d\u00e9velopper une puissance s\u00e9rieuse des jambes ? La Machine Squat Pendulaire R3X-2 est con\u00e7ue pour une musculation efficace et respectueuse des articulations dans toute configuration.","breadcrumb":{"@id":"https:\/\/gymfactory.eu\/fr\/produit\/machine-squat-pendulaire-r3x-2\/#breadcrumb"},"inLanguage":"fr-FR","potentialAction":[{"@type":"ReadAction","target":["https:\/\/gymfactory.eu\/fr\/produit\/machine-squat-pendulaire-r3x-2\/"]}]},{"@type":"ImageObject","inLanguage":"fr-FR","@id":"https:\/\/gymfactory.eu\/fr\/produit\/machine-squat-pendulaire-r3x-2\/#primaryimage","url":"https:\/\/gymfactory.eu\/wp-content\/uploads\/2025\/02\/R3X-2-Gym-Machine-\u2013-Strength-Training-Equipment.webp","contentUrl":"https:\/\/gymfactory.eu\/wp-content\/uploads\/2025\/02\/R3X-2-Gym-Machine-\u2013-Strength-Training-Equipment.webp","width":1500,"height":1500,"caption":"Une machine squat pendulaire de salle de sport de haute qualit\u00e9 dot\u00e9e d\u2019un cadre robuste en acier blanc et rouge. La machine est con\u00e7ue avec un syst\u00e8me de contrepoids, permettant un mouvement contr\u00f4l\u00e9 et un entra\u00eenement en r\u00e9sistance optimis\u00e9. Le rembourrage ergonomique assure le confort pendant les s\u00e9ances, tandis que la structure robuste garantit la stabilit\u00e9 pour les s\u00e9ances de levage lourd. Parfait pour les salles de sport et les centres de fitness cherchant \u00e0 offrir un \u00e9quipement avanc\u00e9 d\u2019entra\u00eenement du bas du corps."},{"@type":"BreadcrumbList","@id":"https:\/\/gymfactory.eu\/fr\/produit\/machine-squat-pendulaire-r3x-2\/#breadcrumb","itemListElement":[{"@type":"ListItem","position":1,"name":"Home","item":"https:\/\/gymfactory.eu\/fr\/"},{"@type":"ListItem","position":2,"name":"Catalogue","item":"https:\/\/gymfactory.eu\/fr\/catalogue-2\/"},{"@type":"ListItem","position":3,"name":"Machine Squat Pendulaire R3X-2"}]},{"@type":"WebSite","@id":"https:\/\/gymfactory.eu\/fr\/#website","url":"https:\/\/gymfactory.eu\/fr\/","name":"Gym Factory","description":"","publisher":{"@id":"https:\/\/gymfactory.eu\/fr\/#organization"},"potentialAction":[{"@type":"SearchAction","target":{"@type":"EntryPoint","urlTemplate":"https:\/\/gymfactory.eu\/fr\/?s={search_term_string}"},"query-input":{"@type":"PropertyValueSpecification","valueRequired":true,"valueName":"search_term_string"}}],"inLanguage":"fr-FR"},{"@type":"Organization","@id":"https:\/\/gymfactory.eu\/fr\/#organization","name":"Gym Factory","url":"https:\/\/gymfactory.eu\/fr\/","logo":{"@type":"ImageObject","inLanguage":"fr-FR","@id":"https:\/\/gymfactory.eu\/fr\/#\/schema\/logo\/image\/","url":"https:\/\/gymfactory.eu\/wp-content\/uploads\/2024\/11\/Component-1.svg","contentUrl":"https:\/\/gymfactory.eu\/wp-content\/uploads\/2024\/11\/Component-1.svg","width":54,"height":44,"caption":"Gym Factory"},"image":{"@id":"https:\/\/gymfactory.eu\/fr\/#\/schema\/logo\/image\/"}}]}},"_links":{"self":[{"href":"https:\/\/gymfactory.eu\/fr\/wp-json\/wp\/v2\/product\/24878","targetHints":{"allow":["GET"]}}],"collection":[{"href":"https:\/\/gymfactory.eu\/fr\/wp-json\/wp\/v2\/product"}],"about":[{"href":"https:\/\/gymfactory.eu\/fr\/wp-json\/wp\/v2\/types\/product"}],"wp:featuredmedia":[{"embeddable":true,"href":"https:\/\/gymfactory.eu\/fr\/wp-json\/wp\/v2\/media\/20173"}],"wp:attachment":[{"href":"https:\/\/gymfactory.eu\/fr\/wp-json\/wp\/v2\/media?parent=24878"}],"wp:term":[{"taxonomy":"product_brand","embeddable":true,"href":"https:\/\/gymfactory.eu\/fr\/wp-json\/wp\/v2\/product_brand?post=24878"},{"taxonomy":"product_cat","embeddable":true,"href":"https:\/\/gymfactory.eu\/fr\/wp-json\/wp\/v2\/product_cat?post=24878"},{"taxonomy":"product_tag","embeddable":true,"href":"https:\/\/gymfactory.eu\/fr\/wp-json\/wp\/v2\/product_tag?post=24878"}],"curies":[{"name":"wp","href":"https:\/\/api.w.org\/{rel}","templated":true}]}}