{"id":24847,"date":"2025-02-04T11:00:48","date_gmt":"2025-02-04T09:00:48","guid":{"rendered":"https:\/\/gymfactory.eu\/product\/machine-squat-avant-r1\/"},"modified":"2025-02-04T11:00:48","modified_gmt":"2025-02-04T09:00:48","slug":"machine-squat-avant-r1","status":"publish","type":"product","link":"https:\/\/gymfactory.eu\/fr\/produit\/machine-squat-avant-r1\/","title":{"rendered":"Machine Squat Avant R1"},"content":{"rendered":"<p>La Machine Squat Avant R1 est con\u00e7ue pour un entra\u00eenement efficace et s\u00fbr du bas du corps, adapt\u00e9e aussi bien aux home gyms qu\u2019aux salles de sport commerciales. Elle dispose de multiples positions de coussinets d\u2019\u00e9paule, permettant diff\u00e9rentes variations de squat telles que les squats avant et les squats hack, tandis que l\u2019angle du plateau de pied r\u00e9glable aide \u00e0 adapter la position et le confort de l\u2019utilisateur. <\/p>\n<p>Cette machine cible les quadriceps, les fessiers et les ischio-jambiers, avec la possibilit\u00e9 d\u2019effectuer des relev\u00e9s de mollets pour une activation suppl\u00e9mentaire du bas des jambes. Avec plusieurs r\u00e9glages de position de d\u00e9part, les utilisateurs peuvent ajuster la profondeur et la mise en place pour une bonne forme et une amplitude de mouvement correcte.<\/p>\n\n    <div class=\"xs_social_share_widget xs_share_url after_content \t\tmain_content  wslu-style-1 wslu-share-box-shaped wslu-fill-colored wslu-none wslu-share-horizontal wslu-theme-font-no wslu-main_content\">\n\n\t\t\n        <ul>\n\t\t\t        <\/ul>\n    <\/div> \n","protected":false},"excerpt":{"rendered":"<p>La Machine Squat Avant R1 est con\u00e7ue pour un entra\u00eenement efficace et s\u00fbr du bas du corps, adapt\u00e9e aussi bien aux home gyms qu\u2019aux salles de sport commerciales. Elle dispose de multiples positions de coussinets d\u2019\u00e9paule, permettant diff\u00e9rentes variations de squat telles que les squats avant et les squats hack, tandis que l\u2019angle du plateau [&hellip;]<\/p>\n","protected":false},"featured_media":11004,"template":"","meta":{"_acf_changed":false},"product_brand":[56],"product_cat":[832],"product_tag":[],"class_list":{"0":"post-24847","1":"product","2":"type-product","3":"status-publish","4":"has-post-thumbnail","6":"product_brand-gym-factory","7":"product_cat-machines-a-charge-par-plaques","9":"first","10":"onbackorder","11":"taxable","12":"shipping-taxable","13":"purchasable","14":"product-type-variable","15":"has-default-attributes"},"acf":[],"yoast_head":"<!-- This site is optimized with the Yoast SEO plugin v25.2 - https:\/\/yoast.com\/wordpress\/plugins\/seo\/ -->\n<title>Machine Squat Avant R1 | \u00c9quipement de Musculation pour Entra\u00eenement des Jambes<\/title>\n<meta name=\"description\" content=\"Need a powerful lower-body machine? The R1 Front Squat Machine is gym equipment designed for safe, effective leg training and strength development.\" \/>\n<meta name=\"robots\" content=\"index, follow, max-snippet:-1, max-image-preview:large, max-video-preview:-1\" \/>\n<link rel=\"canonical\" href=\"https:\/\/gymfactory.eu\/fr\/produit\/machine-squat-avant-r1\/\" \/>\n<meta property=\"og:locale\" content=\"fr_FR\" \/>\n<meta property=\"og:type\" content=\"article\" \/>\n<meta property=\"og:title\" content=\"Machine Squat Avant R1 | \u00c9quipement de Musculation pour Entra\u00eenement des Jambes\" \/>\n<meta property=\"og:description\" content=\"Need a powerful lower-body machine? The R1 Front Squat Machine is gym equipment designed for safe, effective leg training and strength development.\" \/>\n<meta property=\"og:url\" content=\"https:\/\/gymfactory.eu\/fr\/produit\/machine-squat-avant-r1\/\" \/>\n<meta property=\"og:site_name\" content=\"Gym Factory\" \/>\n<meta property=\"og:image\" content=\"https:\/\/gymfactory.eu\/wp-content\/uploads\/2025\/02\/gym-machine-R1-hack-squat-side-view.webp\" \/>\n\t<meta property=\"og:image:width\" content=\"1500\" \/>\n\t<meta property=\"og:image:height\" content=\"1500\" \/>\n\t<meta property=\"og:image:type\" content=\"image\/webp\" \/>\n<meta name=\"twitter:card\" content=\"summary_large_image\" \/>\n<meta name=\"twitter:label1\" content=\"Dur\u00e9e de lecture estim\u00e9e\" \/>\n\t<meta name=\"twitter:data1\" content=\"1 minute\" \/>\n<script type=\"application\/ld+json\" class=\"yoast-schema-graph\">{\"@context\":\"https:\/\/schema.org\",\"@graph\":[{\"@type\":\"WebPage\",\"@id\":\"https:\/\/gymfactory.eu\/fr\/produit\/machine-squat-avant-r1\/\",\"url\":\"https:\/\/gymfactory.eu\/fr\/produit\/machine-squat-avant-r1\/\",\"name\":\"Machine Squat Avant R1 | \u00c9quipement de Musculation pour Entra\u00eenement des Jambes\",\"isPartOf\":{\"@id\":\"https:\/\/gymfactory.eu\/fr\/#website\"},\"primaryImageOfPage\":{\"@id\":\"https:\/\/gymfactory.eu\/fr\/produit\/machine-squat-avant-r1\/#primaryimage\"},\"image\":{\"@id\":\"https:\/\/gymfactory.eu\/fr\/produit\/machine-squat-avant-r1\/#primaryimage\"},\"thumbnailUrl\":\"https:\/\/gymfactory.eu\/wp-content\/uploads\/2025\/02\/gym-machine-R1-hack-squat-side-view.webp\",\"datePublished\":\"2025-02-04T09:00:48+00:00\",\"description\":\"Need a powerful lower-body machine? The R1 Front Squat Machine is gym equipment designed for safe, effective leg training and strength development.\",\"breadcrumb\":{\"@id\":\"https:\/\/gymfactory.eu\/fr\/produit\/machine-squat-avant-r1\/#breadcrumb\"},\"inLanguage\":\"fr-FR\",\"potentialAction\":[{\"@type\":\"ReadAction\",\"target\":[\"https:\/\/gymfactory.eu\/fr\/produit\/machine-squat-avant-r1\/\"]}]},{\"@type\":\"ImageObject\",\"inLanguage\":\"fr-FR\",\"@id\":\"https:\/\/gymfactory.eu\/fr\/produit\/machine-squat-avant-r1\/#primaryimage\",\"url\":\"https:\/\/gymfactory.eu\/wp-content\/uploads\/2025\/02\/gym-machine-R1-hack-squat-side-view.webp\",\"contentUrl\":\"https:\/\/gymfactory.eu\/wp-content\/uploads\/2025\/02\/gym-machine-R1-hack-squat-side-view.webp\",\"width\":1500,\"height\":1500,\"caption\":\"Une vue lat\u00e9rale de la machine de musculation R1 \u2013 Squat Hack met en \u00e9vidence le support dorsal inclin\u00e9 et l\u2019amplitude de mouvement r\u00e9glable. Le syst\u00e8me de verrouillage de s\u00e9curit\u00e9 double assure la s\u00e9curit\u00e9 de l\u2019utilisateur, tandis que le syst\u00e8me de r\u00e9sistance \u00e0 charge libre offre un entra\u00eenement en poids personnalisable. La conception compacte la rend id\u00e9ale comme \u00e9quipement de salle de sport pour les home gyms et les centres de fitness professionnels.\"},{\"@type\":\"BreadcrumbList\",\"@id\":\"https:\/\/gymfactory.eu\/fr\/produit\/machine-squat-avant-r1\/#breadcrumb\",\"itemListElement\":[{\"@type\":\"ListItem\",\"position\":1,\"name\":\"Home\",\"item\":\"https:\/\/gymfactory.eu\/fr\/\"},{\"@type\":\"ListItem\",\"position\":2,\"name\":\"Catalogue\",\"item\":\"https:\/\/gymfactory.eu\/fr\/catalogue-2\/\"},{\"@type\":\"ListItem\",\"position\":3,\"name\":\"Machine Squat Avant R1\"}]},{\"@type\":\"WebSite\",\"@id\":\"https:\/\/gymfactory.eu\/fr\/#website\",\"url\":\"https:\/\/gymfactory.eu\/fr\/\",\"name\":\"Gym Factory\",\"description\":\"\",\"publisher\":{\"@id\":\"https:\/\/gymfactory.eu\/fr\/#organization\"},\"potentialAction\":[{\"@type\":\"SearchAction\",\"target\":{\"@type\":\"EntryPoint\",\"urlTemplate\":\"https:\/\/gymfactory.eu\/fr\/?s={search_term_string}\"},\"query-input\":{\"@type\":\"PropertyValueSpecification\",\"valueRequired\":true,\"valueName\":\"search_term_string\"}}],\"inLanguage\":\"fr-FR\"},{\"@type\":\"Organization\",\"@id\":\"https:\/\/gymfactory.eu\/fr\/#organization\",\"name\":\"Gym Factory\",\"url\":\"https:\/\/gymfactory.eu\/fr\/\",\"logo\":{\"@type\":\"ImageObject\",\"inLanguage\":\"fr-FR\",\"@id\":\"https:\/\/gymfactory.eu\/fr\/#\/schema\/logo\/image\/\",\"url\":\"https:\/\/gymfactory.eu\/wp-content\/uploads\/2024\/11\/Component-1.svg\",\"contentUrl\":\"https:\/\/gymfactory.eu\/wp-content\/uploads\/2024\/11\/Component-1.svg\",\"width\":54,\"height\":44,\"caption\":\"Gym Factory\"},\"image\":{\"@id\":\"https:\/\/gymfactory.eu\/fr\/#\/schema\/logo\/image\/\"}}]}<\/script>\n<!-- \/ Yoast SEO plugin. -->","yoast_head_json":{"title":"Machine Squat Avant R1 | \u00c9quipement de Musculation pour Entra\u00eenement des Jambes","description":"Need a powerful lower-body machine? The R1 Front Squat Machine is gym equipment designed for safe, effective leg training and strength development.","robots":{"index":"index","follow":"follow","max-snippet":"max-snippet:-1","max-image-preview":"max-image-preview:large","max-video-preview":"max-video-preview:-1"},"canonical":"https:\/\/gymfactory.eu\/fr\/produit\/machine-squat-avant-r1\/","og_locale":"fr_FR","og_type":"article","og_title":"Machine Squat Avant R1 | \u00c9quipement de Musculation pour Entra\u00eenement des Jambes","og_description":"Need a powerful lower-body machine? The R1 Front Squat Machine is gym equipment designed for safe, effective leg training and strength development.","og_url":"https:\/\/gymfactory.eu\/fr\/produit\/machine-squat-avant-r1\/","og_site_name":"Gym Factory","og_image":[{"width":1500,"height":1500,"url":"https:\/\/gymfactory.eu\/wp-content\/uploads\/2025\/02\/gym-machine-R1-hack-squat-side-view.webp","type":"image\/webp"}],"twitter_card":"summary_large_image","twitter_misc":{"Dur\u00e9e de lecture estim\u00e9e":"1 minute"},"schema":{"@context":"https:\/\/schema.org","@graph":[{"@type":"WebPage","@id":"https:\/\/gymfactory.eu\/fr\/produit\/machine-squat-avant-r1\/","url":"https:\/\/gymfactory.eu\/fr\/produit\/machine-squat-avant-r1\/","name":"Machine Squat Avant R1 | \u00c9quipement de Musculation pour Entra\u00eenement des Jambes","isPartOf":{"@id":"https:\/\/gymfactory.eu\/fr\/#website"},"primaryImageOfPage":{"@id":"https:\/\/gymfactory.eu\/fr\/produit\/machine-squat-avant-r1\/#primaryimage"},"image":{"@id":"https:\/\/gymfactory.eu\/fr\/produit\/machine-squat-avant-r1\/#primaryimage"},"thumbnailUrl":"https:\/\/gymfactory.eu\/wp-content\/uploads\/2025\/02\/gym-machine-R1-hack-squat-side-view.webp","datePublished":"2025-02-04T09:00:48+00:00","description":"Need a powerful lower-body machine? The R1 Front Squat Machine is gym equipment designed for safe, effective leg training and strength development.","breadcrumb":{"@id":"https:\/\/gymfactory.eu\/fr\/produit\/machine-squat-avant-r1\/#breadcrumb"},"inLanguage":"fr-FR","potentialAction":[{"@type":"ReadAction","target":["https:\/\/gymfactory.eu\/fr\/produit\/machine-squat-avant-r1\/"]}]},{"@type":"ImageObject","inLanguage":"fr-FR","@id":"https:\/\/gymfactory.eu\/fr\/produit\/machine-squat-avant-r1\/#primaryimage","url":"https:\/\/gymfactory.eu\/wp-content\/uploads\/2025\/02\/gym-machine-R1-hack-squat-side-view.webp","contentUrl":"https:\/\/gymfactory.eu\/wp-content\/uploads\/2025\/02\/gym-machine-R1-hack-squat-side-view.webp","width":1500,"height":1500,"caption":"Une vue lat\u00e9rale de la machine de musculation R1 \u2013 Squat Hack met en \u00e9vidence le support dorsal inclin\u00e9 et l\u2019amplitude de mouvement r\u00e9glable. Le syst\u00e8me de verrouillage de s\u00e9curit\u00e9 double assure la s\u00e9curit\u00e9 de l\u2019utilisateur, tandis que le syst\u00e8me de r\u00e9sistance \u00e0 charge libre offre un entra\u00eenement en poids personnalisable. La conception compacte la rend id\u00e9ale comme \u00e9quipement de salle de sport pour les home gyms et les centres de fitness professionnels."},{"@type":"BreadcrumbList","@id":"https:\/\/gymfactory.eu\/fr\/produit\/machine-squat-avant-r1\/#breadcrumb","itemListElement":[{"@type":"ListItem","position":1,"name":"Home","item":"https:\/\/gymfactory.eu\/fr\/"},{"@type":"ListItem","position":2,"name":"Catalogue","item":"https:\/\/gymfactory.eu\/fr\/catalogue-2\/"},{"@type":"ListItem","position":3,"name":"Machine Squat Avant R1"}]},{"@type":"WebSite","@id":"https:\/\/gymfactory.eu\/fr\/#website","url":"https:\/\/gymfactory.eu\/fr\/","name":"Gym Factory","description":"","publisher":{"@id":"https:\/\/gymfactory.eu\/fr\/#organization"},"potentialAction":[{"@type":"SearchAction","target":{"@type":"EntryPoint","urlTemplate":"https:\/\/gymfactory.eu\/fr\/?s={search_term_string}"},"query-input":{"@type":"PropertyValueSpecification","valueRequired":true,"valueName":"search_term_string"}}],"inLanguage":"fr-FR"},{"@type":"Organization","@id":"https:\/\/gymfactory.eu\/fr\/#organization","name":"Gym Factory","url":"https:\/\/gymfactory.eu\/fr\/","logo":{"@type":"ImageObject","inLanguage":"fr-FR","@id":"https:\/\/gymfactory.eu\/fr\/#\/schema\/logo\/image\/","url":"https:\/\/gymfactory.eu\/wp-content\/uploads\/2024\/11\/Component-1.svg","contentUrl":"https:\/\/gymfactory.eu\/wp-content\/uploads\/2024\/11\/Component-1.svg","width":54,"height":44,"caption":"Gym Factory"},"image":{"@id":"https:\/\/gymfactory.eu\/fr\/#\/schema\/logo\/image\/"}}]}},"_links":{"self":[{"href":"https:\/\/gymfactory.eu\/fr\/wp-json\/wp\/v2\/product\/24847","targetHints":{"allow":["GET"]}}],"collection":[{"href":"https:\/\/gymfactory.eu\/fr\/wp-json\/wp\/v2\/product"}],"about":[{"href":"https:\/\/gymfactory.eu\/fr\/wp-json\/wp\/v2\/types\/product"}],"wp:featuredmedia":[{"embeddable":true,"href":"https:\/\/gymfactory.eu\/fr\/wp-json\/wp\/v2\/media\/11004"}],"wp:attachment":[{"href":"https:\/\/gymfactory.eu\/fr\/wp-json\/wp\/v2\/media?parent=24847"}],"wp:term":[{"taxonomy":"product_brand","embeddable":true,"href":"https:\/\/gymfactory.eu\/fr\/wp-json\/wp\/v2\/product_brand?post=24847"},{"taxonomy":"product_cat","embeddable":true,"href":"https:\/\/gymfactory.eu\/fr\/wp-json\/wp\/v2\/product_cat?post=24847"},{"taxonomy":"product_tag","embeddable":true,"href":"https:\/\/gymfactory.eu\/fr\/wp-json\/wp\/v2\/product_tag?post=24847"}],"curies":[{"name":"wp","href":"https:\/\/api.w.org\/{rel}","templated":true}]}}