{"id":24729,"date":"2025-02-03T12:14:43","date_gmt":"2025-02-03T10:14:43","guid":{"rendered":"https:\/\/gymfactory.eu\/product\/machine-extension-mollets-o3\/"},"modified":"2025-02-03T12:14:43","modified_gmt":"2025-02-03T10:14:43","slug":"machine-extension-mollets-o3","status":"publish","type":"product","link":"https:\/\/gymfactory.eu\/fr\/produit\/machine-extension-mollets-o3\/","title":{"rendered":"Machine Extension Mollets O3"},"content":{"rendered":"<p>La Machine Extension Mollets O3 est con\u00e7ue pour effectuer des extensions de mollets debout, un exercice cl\u00e9 pour d\u00e9velopper la force et l\u2019endurance du bas des jambes. Con\u00e7ue pour \u00eatre utilis\u00e9e aussi bien dans les home gyms que dans les salles de sport commerciales, elle offre le soutien et le contr\u00f4le n\u00e9cessaires pour se concentrer sur l\u2019entra\u00eenement de vos mollets avec pr\u00e9cision. <\/p>\n<p>Cette machine cible les muscles des mollets, aidant \u00e0 am\u00e9liorer la puissance du bas des jambes, l\u2019\u00e9quilibre et la stabilit\u00e9 de la cheville. La position debout engage les muscles sur toute l\u2019amplitude du mouvement, de l\u2019\u00e9tirement complet \u00e0 la contraction maximale. <\/p>\n<p>La hauteur du coussin d\u2019\u00e9paules est r\u00e9glable pour s\u2019adapter \u00e0 la taille des diff\u00e9rents utilisateurs, et la machine comprend plusieurs poign\u00e9es, vous permettant de trouver la position des mains la plus confortable et la plus s\u00fbre pendant le mouvement.<\/p>\n<p>Avec un cadre solide et une conception simple, la O3 offre un moyen cibl\u00e9 et fiable de renforcer vos mollets dans n\u2019importe quel environnement d\u2019entra\u00eenement.<\/p>\n\n    <div class=\"xs_social_share_widget xs_share_url after_content \t\tmain_content  wslu-style-1 wslu-share-box-shaped wslu-fill-colored wslu-none wslu-share-horizontal wslu-theme-font-no wslu-main_content\">\n\n\t\t\n        <ul>\n\t\t\t        <\/ul>\n    <\/div> \n","protected":false},"excerpt":{"rendered":"<p>La Machine Extension Mollets O3 est con\u00e7ue pour effectuer des extensions de mollets debout, un exercice cl\u00e9 pour d\u00e9velopper la force et l\u2019endurance du bas des jambes. Con\u00e7ue pour \u00eatre utilis\u00e9e aussi bien dans les home gyms que dans les salles de sport commerciales, elle offre le soutien et le contr\u00f4le n\u00e9cessaires pour se concentrer [&hellip;]<\/p>\n","protected":false},"featured_media":11412,"template":"","meta":{"_acf_changed":false},"product_brand":[56],"product_cat":[832],"product_tag":[],"class_list":{"0":"post-24729","1":"product","2":"type-product","3":"status-publish","4":"has-post-thumbnail","6":"product_brand-gym-factory","7":"product_cat-machines-a-charge-par-plaques","9":"first","10":"onbackorder","11":"taxable","12":"shipping-taxable","13":"purchasable","14":"product-type-variable","15":"has-default-attributes"},"acf":[],"yoast_head":"<!-- This site is optimized with the Yoast SEO plugin v25.2 - https:\/\/yoast.com\/wordpress\/plugins\/seo\/ -->\n<title>Machine Extension Mollets O3 | \u00c9quipement pour Home Gym ou Salle<\/title>\n<meta name=\"description\" content=\"Vous cherchez une machine \u00e0 mollets polyvalente ? La Machine Extension Mollets O3 est con\u00e7ue pour des entra\u00eenements efficaces du bas des jambes dans les home gyms ou les installations commerciales.\" \/>\n<meta name=\"robots\" content=\"index, follow, max-snippet:-1, max-image-preview:large, max-video-preview:-1\" \/>\n<link rel=\"canonical\" href=\"https:\/\/gymfactory.eu\/fr\/produit\/machine-extension-mollets-o3\/\" \/>\n<meta property=\"og:locale\" content=\"fr_FR\" \/>\n<meta property=\"og:type\" content=\"article\" \/>\n<meta property=\"og:title\" content=\"Machine Extension Mollets O3 | \u00c9quipement pour Home Gym ou Salle\" \/>\n<meta property=\"og:description\" content=\"Vous cherchez une machine \u00e0 mollets polyvalente ? La Machine Extension Mollets O3 est con\u00e7ue pour des entra\u00eenements efficaces du bas des jambes dans les home gyms ou les installations commerciales.\" \/>\n<meta property=\"og:url\" content=\"https:\/\/gymfactory.eu\/fr\/produit\/machine-extension-mollets-o3\/\" \/>\n<meta property=\"og:site_name\" content=\"Gym Factory\" \/>\n<meta property=\"og:image\" content=\"https:\/\/gymfactory.eu\/wp-content\/uploads\/2025\/02\/gym-machine-O3-calf-raise-front-view-1.webp\" \/>\n\t<meta property=\"og:image:width\" content=\"1500\" \/>\n\t<meta property=\"og:image:height\" content=\"1500\" \/>\n\t<meta property=\"og:image:type\" content=\"image\/webp\" \/>\n<meta name=\"twitter:card\" content=\"summary_large_image\" \/>\n<meta name=\"twitter:label1\" content=\"Dur\u00e9e de lecture estim\u00e9e\" \/>\n\t<meta name=\"twitter:data1\" content=\"1 minute\" \/>\n<script type=\"application\/ld+json\" class=\"yoast-schema-graph\">{\"@context\":\"https:\/\/schema.org\",\"@graph\":[{\"@type\":\"WebPage\",\"@id\":\"https:\/\/gymfactory.eu\/fr\/produit\/machine-extension-mollets-o3\/\",\"url\":\"https:\/\/gymfactory.eu\/fr\/produit\/machine-extension-mollets-o3\/\",\"name\":\"Machine Extension Mollets O3 | \u00c9quipement pour Home Gym ou Salle\",\"isPartOf\":{\"@id\":\"https:\/\/gymfactory.eu\/fr\/#website\"},\"primaryImageOfPage\":{\"@id\":\"https:\/\/gymfactory.eu\/fr\/produit\/machine-extension-mollets-o3\/#primaryimage\"},\"image\":{\"@id\":\"https:\/\/gymfactory.eu\/fr\/produit\/machine-extension-mollets-o3\/#primaryimage\"},\"thumbnailUrl\":\"https:\/\/gymfactory.eu\/wp-content\/uploads\/2025\/02\/gym-machine-O3-calf-raise-front-view-1.webp\",\"datePublished\":\"2025-02-03T10:14:43+00:00\",\"description\":\"Vous cherchez une machine \u00e0 mollets polyvalente ? La Machine Extension Mollets O3 est con\u00e7ue pour des entra\u00eenements efficaces du bas des jambes dans les home gyms ou les installations commerciales.\",\"breadcrumb\":{\"@id\":\"https:\/\/gymfactory.eu\/fr\/produit\/machine-extension-mollets-o3\/#breadcrumb\"},\"inLanguage\":\"fr-FR\",\"potentialAction\":[{\"@type\":\"ReadAction\",\"target\":[\"https:\/\/gymfactory.eu\/fr\/produit\/machine-extension-mollets-o3\/\"]}]},{\"@type\":\"ImageObject\",\"inLanguage\":\"fr-FR\",\"@id\":\"https:\/\/gymfactory.eu\/fr\/produit\/machine-extension-mollets-o3\/#primaryimage\",\"url\":\"https:\/\/gymfactory.eu\/wp-content\/uploads\/2025\/02\/gym-machine-O3-calf-raise-front-view-1.webp\",\"contentUrl\":\"https:\/\/gymfactory.eu\/wp-content\/uploads\/2025\/02\/gym-machine-O3-calf-raise-front-view-1.webp\",\"width\":1500,\"height\":1500,\"caption\":\"Une vue de face compl\u00e8te de la machine de musculation pr\u00e9sentant son cadre en acier noir durable avec des supports rembourr\u00e9s rouges. La conception ergonomique assure une forme correcte, tandis que la plateforme pour les pieds et le syst\u00e8me de chargement de poids permettent un entra\u00eenement \u00e0 r\u00e9sistance progressive pour la croissance musculaire des mollets.\"},{\"@type\":\"BreadcrumbList\",\"@id\":\"https:\/\/gymfactory.eu\/fr\/produit\/machine-extension-mollets-o3\/#breadcrumb\",\"itemListElement\":[{\"@type\":\"ListItem\",\"position\":1,\"name\":\"Home\",\"item\":\"https:\/\/gymfactory.eu\/fr\/\"},{\"@type\":\"ListItem\",\"position\":2,\"name\":\"Catalogue\",\"item\":\"https:\/\/gymfactory.eu\/fr\/catalogue-2\/\"},{\"@type\":\"ListItem\",\"position\":3,\"name\":\"Machine Extension Mollets O3\"}]},{\"@type\":\"WebSite\",\"@id\":\"https:\/\/gymfactory.eu\/fr\/#website\",\"url\":\"https:\/\/gymfactory.eu\/fr\/\",\"name\":\"Gym Factory\",\"description\":\"\",\"publisher\":{\"@id\":\"https:\/\/gymfactory.eu\/fr\/#organization\"},\"potentialAction\":[{\"@type\":\"SearchAction\",\"target\":{\"@type\":\"EntryPoint\",\"urlTemplate\":\"https:\/\/gymfactory.eu\/fr\/?s={search_term_string}\"},\"query-input\":{\"@type\":\"PropertyValueSpecification\",\"valueRequired\":true,\"valueName\":\"search_term_string\"}}],\"inLanguage\":\"fr-FR\"},{\"@type\":\"Organization\",\"@id\":\"https:\/\/gymfactory.eu\/fr\/#organization\",\"name\":\"Gym Factory\",\"url\":\"https:\/\/gymfactory.eu\/fr\/\",\"logo\":{\"@type\":\"ImageObject\",\"inLanguage\":\"fr-FR\",\"@id\":\"https:\/\/gymfactory.eu\/fr\/#\/schema\/logo\/image\/\",\"url\":\"https:\/\/gymfactory.eu\/wp-content\/uploads\/2024\/11\/Component-1.svg\",\"contentUrl\":\"https:\/\/gymfactory.eu\/wp-content\/uploads\/2024\/11\/Component-1.svg\",\"width\":54,\"height\":44,\"caption\":\"Gym Factory\"},\"image\":{\"@id\":\"https:\/\/gymfactory.eu\/fr\/#\/schema\/logo\/image\/\"}}]}<\/script>\n<!-- \/ Yoast SEO plugin. -->","yoast_head_json":{"title":"Machine Extension Mollets O3 | \u00c9quipement pour Home Gym ou Salle","description":"Vous cherchez une machine \u00e0 mollets polyvalente ? La Machine Extension Mollets O3 est con\u00e7ue pour des entra\u00eenements efficaces du bas des jambes dans les home gyms ou les installations commerciales.","robots":{"index":"index","follow":"follow","max-snippet":"max-snippet:-1","max-image-preview":"max-image-preview:large","max-video-preview":"max-video-preview:-1"},"canonical":"https:\/\/gymfactory.eu\/fr\/produit\/machine-extension-mollets-o3\/","og_locale":"fr_FR","og_type":"article","og_title":"Machine Extension Mollets O3 | \u00c9quipement pour Home Gym ou Salle","og_description":"Vous cherchez une machine \u00e0 mollets polyvalente ? La Machine Extension Mollets O3 est con\u00e7ue pour des entra\u00eenements efficaces du bas des jambes dans les home gyms ou les installations commerciales.","og_url":"https:\/\/gymfactory.eu\/fr\/produit\/machine-extension-mollets-o3\/","og_site_name":"Gym Factory","og_image":[{"width":1500,"height":1500,"url":"https:\/\/gymfactory.eu\/wp-content\/uploads\/2025\/02\/gym-machine-O3-calf-raise-front-view-1.webp","type":"image\/webp"}],"twitter_card":"summary_large_image","twitter_misc":{"Dur\u00e9e de lecture estim\u00e9e":"1 minute"},"schema":{"@context":"https:\/\/schema.org","@graph":[{"@type":"WebPage","@id":"https:\/\/gymfactory.eu\/fr\/produit\/machine-extension-mollets-o3\/","url":"https:\/\/gymfactory.eu\/fr\/produit\/machine-extension-mollets-o3\/","name":"Machine Extension Mollets O3 | \u00c9quipement pour Home Gym ou Salle","isPartOf":{"@id":"https:\/\/gymfactory.eu\/fr\/#website"},"primaryImageOfPage":{"@id":"https:\/\/gymfactory.eu\/fr\/produit\/machine-extension-mollets-o3\/#primaryimage"},"image":{"@id":"https:\/\/gymfactory.eu\/fr\/produit\/machine-extension-mollets-o3\/#primaryimage"},"thumbnailUrl":"https:\/\/gymfactory.eu\/wp-content\/uploads\/2025\/02\/gym-machine-O3-calf-raise-front-view-1.webp","datePublished":"2025-02-03T10:14:43+00:00","description":"Vous cherchez une machine \u00e0 mollets polyvalente ? La Machine Extension Mollets O3 est con\u00e7ue pour des entra\u00eenements efficaces du bas des jambes dans les home gyms ou les installations commerciales.","breadcrumb":{"@id":"https:\/\/gymfactory.eu\/fr\/produit\/machine-extension-mollets-o3\/#breadcrumb"},"inLanguage":"fr-FR","potentialAction":[{"@type":"ReadAction","target":["https:\/\/gymfactory.eu\/fr\/produit\/machine-extension-mollets-o3\/"]}]},{"@type":"ImageObject","inLanguage":"fr-FR","@id":"https:\/\/gymfactory.eu\/fr\/produit\/machine-extension-mollets-o3\/#primaryimage","url":"https:\/\/gymfactory.eu\/wp-content\/uploads\/2025\/02\/gym-machine-O3-calf-raise-front-view-1.webp","contentUrl":"https:\/\/gymfactory.eu\/wp-content\/uploads\/2025\/02\/gym-machine-O3-calf-raise-front-view-1.webp","width":1500,"height":1500,"caption":"Une vue de face compl\u00e8te de la machine de musculation pr\u00e9sentant son cadre en acier noir durable avec des supports rembourr\u00e9s rouges. La conception ergonomique assure une forme correcte, tandis que la plateforme pour les pieds et le syst\u00e8me de chargement de poids permettent un entra\u00eenement \u00e0 r\u00e9sistance progressive pour la croissance musculaire des mollets."},{"@type":"BreadcrumbList","@id":"https:\/\/gymfactory.eu\/fr\/produit\/machine-extension-mollets-o3\/#breadcrumb","itemListElement":[{"@type":"ListItem","position":1,"name":"Home","item":"https:\/\/gymfactory.eu\/fr\/"},{"@type":"ListItem","position":2,"name":"Catalogue","item":"https:\/\/gymfactory.eu\/fr\/catalogue-2\/"},{"@type":"ListItem","position":3,"name":"Machine Extension Mollets O3"}]},{"@type":"WebSite","@id":"https:\/\/gymfactory.eu\/fr\/#website","url":"https:\/\/gymfactory.eu\/fr\/","name":"Gym Factory","description":"","publisher":{"@id":"https:\/\/gymfactory.eu\/fr\/#organization"},"potentialAction":[{"@type":"SearchAction","target":{"@type":"EntryPoint","urlTemplate":"https:\/\/gymfactory.eu\/fr\/?s={search_term_string}"},"query-input":{"@type":"PropertyValueSpecification","valueRequired":true,"valueName":"search_term_string"}}],"inLanguage":"fr-FR"},{"@type":"Organization","@id":"https:\/\/gymfactory.eu\/fr\/#organization","name":"Gym Factory","url":"https:\/\/gymfactory.eu\/fr\/","logo":{"@type":"ImageObject","inLanguage":"fr-FR","@id":"https:\/\/gymfactory.eu\/fr\/#\/schema\/logo\/image\/","url":"https:\/\/gymfactory.eu\/wp-content\/uploads\/2024\/11\/Component-1.svg","contentUrl":"https:\/\/gymfactory.eu\/wp-content\/uploads\/2024\/11\/Component-1.svg","width":54,"height":44,"caption":"Gym Factory"},"image":{"@id":"https:\/\/gymfactory.eu\/fr\/#\/schema\/logo\/image\/"}}]}},"_links":{"self":[{"href":"https:\/\/gymfactory.eu\/fr\/wp-json\/wp\/v2\/product\/24729","targetHints":{"allow":["GET"]}}],"collection":[{"href":"https:\/\/gymfactory.eu\/fr\/wp-json\/wp\/v2\/product"}],"about":[{"href":"https:\/\/gymfactory.eu\/fr\/wp-json\/wp\/v2\/types\/product"}],"wp:featuredmedia":[{"embeddable":true,"href":"https:\/\/gymfactory.eu\/fr\/wp-json\/wp\/v2\/media\/11412"}],"wp:attachment":[{"href":"https:\/\/gymfactory.eu\/fr\/wp-json\/wp\/v2\/media?parent=24729"}],"wp:term":[{"taxonomy":"product_brand","embeddable":true,"href":"https:\/\/gymfactory.eu\/fr\/wp-json\/wp\/v2\/product_brand?post=24729"},{"taxonomy":"product_cat","embeddable":true,"href":"https:\/\/gymfactory.eu\/fr\/wp-json\/wp\/v2\/product_cat?post=24729"},{"taxonomy":"product_tag","embeddable":true,"href":"https:\/\/gymfactory.eu\/fr\/wp-json\/wp\/v2\/product_tag?post=24729"}],"curies":[{"name":"wp","href":"https:\/\/api.w.org\/{rel}","templated":true}]}}