{"id":24705,"date":"2025-02-03T11:30:33","date_gmt":"2025-02-03T09:30:33","guid":{"rendered":"https:\/\/gymfactory.eu\/product\/machine-extension-mollets-o1\/"},"modified":"2025-02-03T11:30:33","modified_gmt":"2025-02-03T09:30:33","slug":"machine-extension-mollets-o1","status":"publish","type":"product","link":"https:\/\/gymfactory.eu\/fr\/produit\/machine-extension-mollets-o1\/","title":{"rendered":"Machine Extension Mollets O1"},"content":{"rendered":"<p>La Machine Extension Mollets O1 est un outil compact et efficace pour renforcer le bas des jambes, adapt\u00e9 aussi bien aux home gyms qu\u2019aux salles de sport commerciales. Sa plateforme robuste et son mouvement fluide la rendent id\u00e9ale pour un entra\u00eenement cibl\u00e9 des mollets. <\/p>\n<p>Cette machine est con\u00e7ue pour l\u2019exercice d\u2019extension des mollets assis (seated calf raise), qui aide \u00e0 d\u00e9velopper la force des mollets, \u00e0 am\u00e9liorer la stabilit\u00e9 de la cheville et \u00e0 ajouter de la d\u00e9finition au bas des jambes. La hauteur du coussin pour les genoux est r\u00e9glable pour s\u2019adapter aux diff\u00e9rents utilisateurs, et un levier de d\u00e9part int\u00e9gr\u00e9 vous permet de commencer le mouvement \u00e0 partir d\u2019une position sur\u00e9lev\u00e9e plus confortable avant de lib\u00e9rer toute l\u2019amplitude de mouvement. <\/p>\n<p>La O1 offre un moyen pratique d\u2019inclure un travail cibl\u00e9 du bas des jambes dans votre routine sans prendre beaucoup de place.<\/p>\n\n    <div class=\"xs_social_share_widget xs_share_url after_content \t\tmain_content  wslu-style-1 wslu-share-box-shaped wslu-fill-colored wslu-none wslu-share-horizontal wslu-theme-font-no wslu-main_content\">\n\n\t\t\n        <ul>\n\t\t\t        <\/ul>\n    <\/div> \n","protected":false},"excerpt":{"rendered":"<p>La Machine Extension Mollets O1 est un outil compact et efficace pour renforcer le bas des jambes, adapt\u00e9 aussi bien aux home gyms qu\u2019aux salles de sport commerciales. Sa plateforme robuste et son mouvement fluide la rendent id\u00e9ale pour un entra\u00eenement cibl\u00e9 des mollets. Cette machine est con\u00e7ue pour l\u2019exercice d\u2019extension des mollets assis (seated [&hellip;]<\/p>\n","protected":false},"featured_media":11307,"template":"","meta":{"_acf_changed":false},"product_brand":[56],"product_cat":[832],"product_tag":[],"class_list":{"0":"post-24705","1":"product","2":"type-product","3":"status-publish","4":"has-post-thumbnail","6":"product_brand-gym-factory","7":"product_cat-machines-a-charge-par-plaques","9":"first","10":"onbackorder","11":"taxable","12":"shipping-taxable","13":"purchasable","14":"product-type-variable","15":"has-default-attributes"},"acf":[],"yoast_head":"<!-- This site is optimized with the Yoast SEO plugin v25.2 - https:\/\/yoast.com\/wordpress\/plugins\/seo\/ -->\n<title>Machine Extension Mollets O1 | \u00c9quipement pour Renforcer les Jambes<\/title>\n<meta name=\"description\" content=\"Vous voulez renforcer vos mollets ? La Machine Extension Mollets O1 est un \u00e9quipement de musculation con\u00e7u pour un entra\u00eenement puissant et isol\u00e9 du bas des jambes et la croissance musculaire.\" \/>\n<meta name=\"robots\" content=\"index, follow, max-snippet:-1, max-image-preview:large, max-video-preview:-1\" \/>\n<link rel=\"canonical\" href=\"https:\/\/gymfactory.eu\/fr\/produit\/machine-extension-mollets-o1\/\" \/>\n<meta property=\"og:locale\" content=\"fr_FR\" \/>\n<meta property=\"og:type\" content=\"article\" \/>\n<meta property=\"og:title\" content=\"Machine Extension Mollets O1 | \u00c9quipement pour Renforcer les Jambes\" \/>\n<meta property=\"og:description\" content=\"Vous voulez renforcer vos mollets ? La Machine Extension Mollets O1 est un \u00e9quipement de musculation con\u00e7u pour un entra\u00eenement puissant et isol\u00e9 du bas des jambes et la croissance musculaire.\" \/>\n<meta property=\"og:url\" content=\"https:\/\/gymfactory.eu\/fr\/produit\/machine-extension-mollets-o1\/\" \/>\n<meta property=\"og:site_name\" content=\"Gym Factory\" \/>\n<meta property=\"og:image\" content=\"https:\/\/gymfactory.eu\/wp-content\/uploads\/2025\/02\/gym-machine-O1-seated-calf-raise-front-view-2.webp\" \/>\n\t<meta property=\"og:image:width\" content=\"1500\" \/>\n\t<meta property=\"og:image:height\" content=\"1500\" \/>\n\t<meta property=\"og:image:type\" content=\"image\/webp\" \/>\n<meta name=\"twitter:card\" content=\"summary_large_image\" \/>\n<meta name=\"twitter:label1\" content=\"Dur\u00e9e de lecture estim\u00e9e\" \/>\n\t<meta name=\"twitter:data1\" content=\"1 minute\" \/>\n<script type=\"application\/ld+json\" class=\"yoast-schema-graph\">{\"@context\":\"https:\/\/schema.org\",\"@graph\":[{\"@type\":\"WebPage\",\"@id\":\"https:\/\/gymfactory.eu\/fr\/produit\/machine-extension-mollets-o1\/\",\"url\":\"https:\/\/gymfactory.eu\/fr\/produit\/machine-extension-mollets-o1\/\",\"name\":\"Machine Extension Mollets O1 | \u00c9quipement pour Renforcer les Jambes\",\"isPartOf\":{\"@id\":\"https:\/\/gymfactory.eu\/fr\/#website\"},\"primaryImageOfPage\":{\"@id\":\"https:\/\/gymfactory.eu\/fr\/produit\/machine-extension-mollets-o1\/#primaryimage\"},\"image\":{\"@id\":\"https:\/\/gymfactory.eu\/fr\/produit\/machine-extension-mollets-o1\/#primaryimage\"},\"thumbnailUrl\":\"https:\/\/gymfactory.eu\/wp-content\/uploads\/2025\/02\/gym-machine-O1-seated-calf-raise-front-view-2.webp\",\"datePublished\":\"2025-02-03T09:30:33+00:00\",\"description\":\"Vous voulez renforcer vos mollets ? La Machine Extension Mollets O1 est un \u00e9quipement de musculation con\u00e7u pour un entra\u00eenement puissant et isol\u00e9 du bas des jambes et la croissance musculaire.\",\"breadcrumb\":{\"@id\":\"https:\/\/gymfactory.eu\/fr\/produit\/machine-extension-mollets-o1\/#breadcrumb\"},\"inLanguage\":\"fr-FR\",\"potentialAction\":[{\"@type\":\"ReadAction\",\"target\":[\"https:\/\/gymfactory.eu\/fr\/produit\/machine-extension-mollets-o1\/\"]}]},{\"@type\":\"ImageObject\",\"inLanguage\":\"fr-FR\",\"@id\":\"https:\/\/gymfactory.eu\/fr\/produit\/machine-extension-mollets-o1\/#primaryimage\",\"url\":\"https:\/\/gymfactory.eu\/wp-content\/uploads\/2025\/02\/gym-machine-O1-seated-calf-raise-front-view-2.webp\",\"contentUrl\":\"https:\/\/gymfactory.eu\/wp-content\/uploads\/2025\/02\/gym-machine-O1-seated-calf-raise-front-view-2.webp\",\"width\":1500,\"height\":1500,\"caption\":\"Une machine de musculation seated calf raises (extensions mollets assis) con\u00e7ue pour l\u2019entra\u00eenement de la force du bas des jambes, dot\u00e9e d\u2019un cadre en acier rouge avec un support de cuisse rembourr\u00e9 et des poign\u00e9es ergonomiques pour la stabilit\u00e9. L\u2019\u00e9pi de chargement de poids \u00e0 l\u2019avant permet une r\u00e9sistance progressive, ce qui en fait un outil essentiel pour d\u00e9velopper les muscles des mollets. La plateforme pour les pieds textur\u00e9e assure une prise s\u00fbre pendant l\u2019exercice.\"},{\"@type\":\"BreadcrumbList\",\"@id\":\"https:\/\/gymfactory.eu\/fr\/produit\/machine-extension-mollets-o1\/#breadcrumb\",\"itemListElement\":[{\"@type\":\"ListItem\",\"position\":1,\"name\":\"Home\",\"item\":\"https:\/\/gymfactory.eu\/fr\/\"},{\"@type\":\"ListItem\",\"position\":2,\"name\":\"Catalogue\",\"item\":\"https:\/\/gymfactory.eu\/fr\/catalogue-2\/\"},{\"@type\":\"ListItem\",\"position\":3,\"name\":\"Machine Extension Mollets O1\"}]},{\"@type\":\"WebSite\",\"@id\":\"https:\/\/gymfactory.eu\/fr\/#website\",\"url\":\"https:\/\/gymfactory.eu\/fr\/\",\"name\":\"Gym Factory\",\"description\":\"\",\"publisher\":{\"@id\":\"https:\/\/gymfactory.eu\/fr\/#organization\"},\"potentialAction\":[{\"@type\":\"SearchAction\",\"target\":{\"@type\":\"EntryPoint\",\"urlTemplate\":\"https:\/\/gymfactory.eu\/fr\/?s={search_term_string}\"},\"query-input\":{\"@type\":\"PropertyValueSpecification\",\"valueRequired\":true,\"valueName\":\"search_term_string\"}}],\"inLanguage\":\"fr-FR\"},{\"@type\":\"Organization\",\"@id\":\"https:\/\/gymfactory.eu\/fr\/#organization\",\"name\":\"Gym Factory\",\"url\":\"https:\/\/gymfactory.eu\/fr\/\",\"logo\":{\"@type\":\"ImageObject\",\"inLanguage\":\"fr-FR\",\"@id\":\"https:\/\/gymfactory.eu\/fr\/#\/schema\/logo\/image\/\",\"url\":\"https:\/\/gymfactory.eu\/wp-content\/uploads\/2024\/11\/Component-1.svg\",\"contentUrl\":\"https:\/\/gymfactory.eu\/wp-content\/uploads\/2024\/11\/Component-1.svg\",\"width\":54,\"height\":44,\"caption\":\"Gym Factory\"},\"image\":{\"@id\":\"https:\/\/gymfactory.eu\/fr\/#\/schema\/logo\/image\/\"}}]}<\/script>\n<!-- \/ Yoast SEO plugin. -->","yoast_head_json":{"title":"Machine Extension Mollets O1 | \u00c9quipement pour Renforcer les Jambes","description":"Vous voulez renforcer vos mollets ? La Machine Extension Mollets O1 est un \u00e9quipement de musculation con\u00e7u pour un entra\u00eenement puissant et isol\u00e9 du bas des jambes et la croissance musculaire.","robots":{"index":"index","follow":"follow","max-snippet":"max-snippet:-1","max-image-preview":"max-image-preview:large","max-video-preview":"max-video-preview:-1"},"canonical":"https:\/\/gymfactory.eu\/fr\/produit\/machine-extension-mollets-o1\/","og_locale":"fr_FR","og_type":"article","og_title":"Machine Extension Mollets O1 | \u00c9quipement pour Renforcer les Jambes","og_description":"Vous voulez renforcer vos mollets ? La Machine Extension Mollets O1 est un \u00e9quipement de musculation con\u00e7u pour un entra\u00eenement puissant et isol\u00e9 du bas des jambes et la croissance musculaire.","og_url":"https:\/\/gymfactory.eu\/fr\/produit\/machine-extension-mollets-o1\/","og_site_name":"Gym Factory","og_image":[{"width":1500,"height":1500,"url":"https:\/\/gymfactory.eu\/wp-content\/uploads\/2025\/02\/gym-machine-O1-seated-calf-raise-front-view-2.webp","type":"image\/webp"}],"twitter_card":"summary_large_image","twitter_misc":{"Dur\u00e9e de lecture estim\u00e9e":"1 minute"},"schema":{"@context":"https:\/\/schema.org","@graph":[{"@type":"WebPage","@id":"https:\/\/gymfactory.eu\/fr\/produit\/machine-extension-mollets-o1\/","url":"https:\/\/gymfactory.eu\/fr\/produit\/machine-extension-mollets-o1\/","name":"Machine Extension Mollets O1 | \u00c9quipement pour Renforcer les Jambes","isPartOf":{"@id":"https:\/\/gymfactory.eu\/fr\/#website"},"primaryImageOfPage":{"@id":"https:\/\/gymfactory.eu\/fr\/produit\/machine-extension-mollets-o1\/#primaryimage"},"image":{"@id":"https:\/\/gymfactory.eu\/fr\/produit\/machine-extension-mollets-o1\/#primaryimage"},"thumbnailUrl":"https:\/\/gymfactory.eu\/wp-content\/uploads\/2025\/02\/gym-machine-O1-seated-calf-raise-front-view-2.webp","datePublished":"2025-02-03T09:30:33+00:00","description":"Vous voulez renforcer vos mollets ? La Machine Extension Mollets O1 est un \u00e9quipement de musculation con\u00e7u pour un entra\u00eenement puissant et isol\u00e9 du bas des jambes et la croissance musculaire.","breadcrumb":{"@id":"https:\/\/gymfactory.eu\/fr\/produit\/machine-extension-mollets-o1\/#breadcrumb"},"inLanguage":"fr-FR","potentialAction":[{"@type":"ReadAction","target":["https:\/\/gymfactory.eu\/fr\/produit\/machine-extension-mollets-o1\/"]}]},{"@type":"ImageObject","inLanguage":"fr-FR","@id":"https:\/\/gymfactory.eu\/fr\/produit\/machine-extension-mollets-o1\/#primaryimage","url":"https:\/\/gymfactory.eu\/wp-content\/uploads\/2025\/02\/gym-machine-O1-seated-calf-raise-front-view-2.webp","contentUrl":"https:\/\/gymfactory.eu\/wp-content\/uploads\/2025\/02\/gym-machine-O1-seated-calf-raise-front-view-2.webp","width":1500,"height":1500,"caption":"Une machine de musculation seated calf raises (extensions mollets assis) con\u00e7ue pour l\u2019entra\u00eenement de la force du bas des jambes, dot\u00e9e d\u2019un cadre en acier rouge avec un support de cuisse rembourr\u00e9 et des poign\u00e9es ergonomiques pour la stabilit\u00e9. L\u2019\u00e9pi de chargement de poids \u00e0 l\u2019avant permet une r\u00e9sistance progressive, ce qui en fait un outil essentiel pour d\u00e9velopper les muscles des mollets. La plateforme pour les pieds textur\u00e9e assure une prise s\u00fbre pendant l\u2019exercice."},{"@type":"BreadcrumbList","@id":"https:\/\/gymfactory.eu\/fr\/produit\/machine-extension-mollets-o1\/#breadcrumb","itemListElement":[{"@type":"ListItem","position":1,"name":"Home","item":"https:\/\/gymfactory.eu\/fr\/"},{"@type":"ListItem","position":2,"name":"Catalogue","item":"https:\/\/gymfactory.eu\/fr\/catalogue-2\/"},{"@type":"ListItem","position":3,"name":"Machine Extension Mollets O1"}]},{"@type":"WebSite","@id":"https:\/\/gymfactory.eu\/fr\/#website","url":"https:\/\/gymfactory.eu\/fr\/","name":"Gym Factory","description":"","publisher":{"@id":"https:\/\/gymfactory.eu\/fr\/#organization"},"potentialAction":[{"@type":"SearchAction","target":{"@type":"EntryPoint","urlTemplate":"https:\/\/gymfactory.eu\/fr\/?s={search_term_string}"},"query-input":{"@type":"PropertyValueSpecification","valueRequired":true,"valueName":"search_term_string"}}],"inLanguage":"fr-FR"},{"@type":"Organization","@id":"https:\/\/gymfactory.eu\/fr\/#organization","name":"Gym Factory","url":"https:\/\/gymfactory.eu\/fr\/","logo":{"@type":"ImageObject","inLanguage":"fr-FR","@id":"https:\/\/gymfactory.eu\/fr\/#\/schema\/logo\/image\/","url":"https:\/\/gymfactory.eu\/wp-content\/uploads\/2024\/11\/Component-1.svg","contentUrl":"https:\/\/gymfactory.eu\/wp-content\/uploads\/2024\/11\/Component-1.svg","width":54,"height":44,"caption":"Gym Factory"},"image":{"@id":"https:\/\/gymfactory.eu\/fr\/#\/schema\/logo\/image\/"}}]}},"_links":{"self":[{"href":"https:\/\/gymfactory.eu\/fr\/wp-json\/wp\/v2\/product\/24705","targetHints":{"allow":["GET"]}}],"collection":[{"href":"https:\/\/gymfactory.eu\/fr\/wp-json\/wp\/v2\/product"}],"about":[{"href":"https:\/\/gymfactory.eu\/fr\/wp-json\/wp\/v2\/types\/product"}],"wp:featuredmedia":[{"embeddable":true,"href":"https:\/\/gymfactory.eu\/fr\/wp-json\/wp\/v2\/media\/11307"}],"wp:attachment":[{"href":"https:\/\/gymfactory.eu\/fr\/wp-json\/wp\/v2\/media?parent=24705"}],"wp:term":[{"taxonomy":"product_brand","embeddable":true,"href":"https:\/\/gymfactory.eu\/fr\/wp-json\/wp\/v2\/product_brand?post=24705"},{"taxonomy":"product_cat","embeddable":true,"href":"https:\/\/gymfactory.eu\/fr\/wp-json\/wp\/v2\/product_cat?post=24705"},{"taxonomy":"product_tag","embeddable":true,"href":"https:\/\/gymfactory.eu\/fr\/wp-json\/wp\/v2\/product_tag?post=24705"}],"curies":[{"name":"wp","href":"https:\/\/api.w.org\/{rel}","templated":true}]}}