{"id":24687,"date":"2025-02-03T10:24:58","date_gmt":"2025-02-03T08:24:58","guid":{"rendered":"https:\/\/gymfactory.eu\/product\/machine-lat-pulldown-m1xp\/"},"modified":"2025-02-03T10:24:58","modified_gmt":"2025-02-03T08:24:58","slug":"machine-lat-pulldown-m1xp","status":"publish","type":"product","link":"https:\/\/gymfactory.eu\/fr\/produit\/machine-lat-pulldown-m1xp\/","title":{"rendered":"Machine Lat Pulldown M1XP"},"content":{"rendered":"<p>La Machine Lat Pulldown M1XP est une station de musculation \u00e0 c\u00e2ble con\u00e7ue pour le d\u00e9veloppement du haut du corps dans les home gyms ou les salles de sport commerciales. Sa construction stable, son syst\u00e8me de poulie fluide et sa barre \u00e0 prise large standard permettent des exercices de tirage contr\u00f4l\u00e9s et efficaces. <\/p>\n<p>La machine est principalement utilis\u00e9e pour les mouvements de tirage vertical (lat pulldown), ciblant le dos comme groupe musculaire principal. Selon le type de prise, elle peut \u00e9galement solliciter l\u2019arri\u00e8re des \u00e9paules, le haut du dos et les bras. Le mouvement de tirage suit un arc naturel, aidant \u00e0 d\u00e9velopper la largeur et la force sur l\u2019ensemble du dos.  <\/p>\n<p>La hauteur du si\u00e8ge et la position du coussin de blocage des jambes sont enti\u00e8rement r\u00e9glables, assurant un alignement correct du corps. La M1XP est \u00e9quip\u00e9e d\u2019une barre \u00e0 prise large, et nous recommandons vivement de l\u2019associer au <a href=\"https:\/\/gymfactory.eu\/product\/w10-handle-set\/\">Set de Poign\u00e9es Multi-Prises W10<\/a>. Cet accessoire optionnel permet une vari\u00e9t\u00e9 de largeurs et d\u2019angles de prise pour isoler davantage des zones musculaires sp\u00e9cifiques et diversifier vos entra\u00eenements.<\/p>\n\n    <div class=\"xs_social_share_widget xs_share_url after_content \t\tmain_content  wslu-style-1 wslu-share-box-shaped wslu-fill-colored wslu-none wslu-share-horizontal wslu-theme-font-no wslu-main_content\">\n\n\t\t\n        <ul>\n\t\t\t        <\/ul>\n    <\/div> \n","protected":false},"excerpt":{"rendered":"<p>La Machine Lat Pulldown M1XP est une station de musculation \u00e0 c\u00e2ble con\u00e7ue pour le d\u00e9veloppement du haut du corps dans les home gyms ou les salles de sport commerciales. Sa construction stable, son syst\u00e8me de poulie fluide et sa barre \u00e0 prise large standard permettent des exercices de tirage contr\u00f4l\u00e9s et efficaces. La machine [&hellip;]<\/p>\n","protected":false},"featured_media":11044,"template":"","meta":{"_acf_changed":false},"product_brand":[56],"product_cat":[832],"product_tag":[],"class_list":{"0":"post-24687","1":"product","2":"type-product","3":"status-publish","4":"has-post-thumbnail","6":"product_brand-gym-factory","7":"product_cat-machines-a-charge-par-plaques","9":"first","10":"onbackorder","11":"taxable","12":"shipping-taxable","13":"purchasable","14":"product-type-variable","15":"has-default-attributes"},"acf":[],"yoast_head":"<!-- This site is optimized with the Yoast SEO plugin v25.2 - https:\/\/yoast.com\/wordpress\/plugins\/seo\/ -->\n<title>Machine Lat Pulldown M1XP | \u00c9quipement de Fitness pour Musculation<\/title>\n<meta name=\"description\" content=\"Vous cherchez \u00e0 d\u00e9velopper un haut du corps plus fort ? La Machine Lat Pulldown M1XP est un \u00e9quipement de gym con\u00e7u pour un entra\u00eenement de force fluide et efficace et la croissance musculaire.\" \/>\n<meta name=\"robots\" content=\"index, follow, max-snippet:-1, max-image-preview:large, max-video-preview:-1\" \/>\n<link rel=\"canonical\" href=\"https:\/\/gymfactory.eu\/fr\/produit\/machine-lat-pulldown-m1xp\/\" \/>\n<meta property=\"og:locale\" content=\"fr_FR\" \/>\n<meta property=\"og:type\" content=\"article\" \/>\n<meta property=\"og:title\" content=\"Machine Lat Pulldown M1XP | \u00c9quipement de Fitness pour Musculation\" \/>\n<meta property=\"og:description\" content=\"Vous cherchez \u00e0 d\u00e9velopper un haut du corps plus fort ? La Machine Lat Pulldown M1XP est un \u00e9quipement de gym con\u00e7u pour un entra\u00eenement de force fluide et efficace et la croissance musculaire.\" \/>\n<meta property=\"og:url\" content=\"https:\/\/gymfactory.eu\/fr\/produit\/machine-lat-pulldown-m1xp\/\" \/>\n<meta property=\"og:site_name\" content=\"Gym Factory\" \/>\n<meta property=\"og:image\" content=\"https:\/\/gymfactory.eu\/wp-content\/uploads\/2025\/02\/gym-machine-M1XP-lat-pulldown-front-view-3.webp\" \/>\n\t<meta property=\"og:image:width\" content=\"1500\" \/>\n\t<meta property=\"og:image:height\" content=\"1500\" \/>\n\t<meta property=\"og:image:type\" content=\"image\/webp\" \/>\n<meta name=\"twitter:card\" content=\"summary_large_image\" \/>\n<meta name=\"twitter:label1\" content=\"Dur\u00e9e de lecture estim\u00e9e\" \/>\n\t<meta name=\"twitter:data1\" content=\"1 minute\" \/>\n<script type=\"application\/ld+json\" class=\"yoast-schema-graph\">{\"@context\":\"https:\/\/schema.org\",\"@graph\":[{\"@type\":\"WebPage\",\"@id\":\"https:\/\/gymfactory.eu\/fr\/produit\/machine-lat-pulldown-m1xp\/\",\"url\":\"https:\/\/gymfactory.eu\/fr\/produit\/machine-lat-pulldown-m1xp\/\",\"name\":\"Machine Lat Pulldown M1XP | \u00c9quipement de Fitness pour Musculation\",\"isPartOf\":{\"@id\":\"https:\/\/gymfactory.eu\/fr\/#website\"},\"primaryImageOfPage\":{\"@id\":\"https:\/\/gymfactory.eu\/fr\/produit\/machine-lat-pulldown-m1xp\/#primaryimage\"},\"image\":{\"@id\":\"https:\/\/gymfactory.eu\/fr\/produit\/machine-lat-pulldown-m1xp\/#primaryimage\"},\"thumbnailUrl\":\"https:\/\/gymfactory.eu\/wp-content\/uploads\/2025\/02\/gym-machine-M1XP-lat-pulldown-front-view-3.webp\",\"datePublished\":\"2025-02-03T08:24:58+00:00\",\"description\":\"Vous cherchez \u00e0 d\u00e9velopper un haut du corps plus fort ? La Machine Lat Pulldown M1XP est un \u00e9quipement de gym con\u00e7u pour un entra\u00eenement de force fluide et efficace et la croissance musculaire.\",\"breadcrumb\":{\"@id\":\"https:\/\/gymfactory.eu\/fr\/produit\/machine-lat-pulldown-m1xp\/#breadcrumb\"},\"inLanguage\":\"fr-FR\",\"potentialAction\":[{\"@type\":\"ReadAction\",\"target\":[\"https:\/\/gymfactory.eu\/fr\/produit\/machine-lat-pulldown-m1xp\/\"]}]},{\"@type\":\"ImageObject\",\"inLanguage\":\"fr-FR\",\"@id\":\"https:\/\/gymfactory.eu\/fr\/produit\/machine-lat-pulldown-m1xp\/#primaryimage\",\"url\":\"https:\/\/gymfactory.eu\/wp-content\/uploads\/2025\/02\/gym-machine-M1XP-lat-pulldown-front-view-3.webp\",\"contentUrl\":\"https:\/\/gymfactory.eu\/wp-content\/uploads\/2025\/02\/gym-machine-M1XP-lat-pulldown-front-view-3.webp\",\"width\":1500,\"height\":1500,\"caption\":\"Une machine de musculation de haute qualit\u00e9 con\u00e7ue pour les exercices de lat pulldown, dot\u00e9e d\u2019un cadre en acier rouge robuste avec un si\u00e8ge rembourr\u00e9 noir et des coussins de cuisses pour la stabilit\u00e9. Le syst\u00e8me de poulie haute se connecte \u00e0 une longue barre de traction, permettant un mouvement fluide et contr\u00f4l\u00e9 pour cibler le haut du dos, les \u00e9paules et les bras. Le m\u00e9canisme de chargement de poids \u00e0 l\u2019arri\u00e8re assure une r\u00e9sistance r\u00e9glable, ce qui en fait un excellent ajout \u00e0 toute installation de musculation.\"},{\"@type\":\"BreadcrumbList\",\"@id\":\"https:\/\/gymfactory.eu\/fr\/produit\/machine-lat-pulldown-m1xp\/#breadcrumb\",\"itemListElement\":[{\"@type\":\"ListItem\",\"position\":1,\"name\":\"Home\",\"item\":\"https:\/\/gymfactory.eu\/fr\/\"},{\"@type\":\"ListItem\",\"position\":2,\"name\":\"Catalogue\",\"item\":\"https:\/\/gymfactory.eu\/fr\/catalogue-2\/\"},{\"@type\":\"ListItem\",\"position\":3,\"name\":\"Machine Lat Pulldown M1XP\"}]},{\"@type\":\"WebSite\",\"@id\":\"https:\/\/gymfactory.eu\/fr\/#website\",\"url\":\"https:\/\/gymfactory.eu\/fr\/\",\"name\":\"Gym Factory\",\"description\":\"\",\"publisher\":{\"@id\":\"https:\/\/gymfactory.eu\/fr\/#organization\"},\"potentialAction\":[{\"@type\":\"SearchAction\",\"target\":{\"@type\":\"EntryPoint\",\"urlTemplate\":\"https:\/\/gymfactory.eu\/fr\/?s={search_term_string}\"},\"query-input\":{\"@type\":\"PropertyValueSpecification\",\"valueRequired\":true,\"valueName\":\"search_term_string\"}}],\"inLanguage\":\"fr-FR\"},{\"@type\":\"Organization\",\"@id\":\"https:\/\/gymfactory.eu\/fr\/#organization\",\"name\":\"Gym Factory\",\"url\":\"https:\/\/gymfactory.eu\/fr\/\",\"logo\":{\"@type\":\"ImageObject\",\"inLanguage\":\"fr-FR\",\"@id\":\"https:\/\/gymfactory.eu\/fr\/#\/schema\/logo\/image\/\",\"url\":\"https:\/\/gymfactory.eu\/wp-content\/uploads\/2024\/11\/Component-1.svg\",\"contentUrl\":\"https:\/\/gymfactory.eu\/wp-content\/uploads\/2024\/11\/Component-1.svg\",\"width\":54,\"height\":44,\"caption\":\"Gym Factory\"},\"image\":{\"@id\":\"https:\/\/gymfactory.eu\/fr\/#\/schema\/logo\/image\/\"}}]}<\/script>\n<!-- \/ Yoast SEO plugin. -->","yoast_head_json":{"title":"Machine Lat Pulldown M1XP | \u00c9quipement de Fitness pour Musculation","description":"Vous cherchez \u00e0 d\u00e9velopper un haut du corps plus fort ? La Machine Lat Pulldown M1XP est un \u00e9quipement de gym con\u00e7u pour un entra\u00eenement de force fluide et efficace et la croissance musculaire.","robots":{"index":"index","follow":"follow","max-snippet":"max-snippet:-1","max-image-preview":"max-image-preview:large","max-video-preview":"max-video-preview:-1"},"canonical":"https:\/\/gymfactory.eu\/fr\/produit\/machine-lat-pulldown-m1xp\/","og_locale":"fr_FR","og_type":"article","og_title":"Machine Lat Pulldown M1XP | \u00c9quipement de Fitness pour Musculation","og_description":"Vous cherchez \u00e0 d\u00e9velopper un haut du corps plus fort ? La Machine Lat Pulldown M1XP est un \u00e9quipement de gym con\u00e7u pour un entra\u00eenement de force fluide et efficace et la croissance musculaire.","og_url":"https:\/\/gymfactory.eu\/fr\/produit\/machine-lat-pulldown-m1xp\/","og_site_name":"Gym Factory","og_image":[{"width":1500,"height":1500,"url":"https:\/\/gymfactory.eu\/wp-content\/uploads\/2025\/02\/gym-machine-M1XP-lat-pulldown-front-view-3.webp","type":"image\/webp"}],"twitter_card":"summary_large_image","twitter_misc":{"Dur\u00e9e de lecture estim\u00e9e":"1 minute"},"schema":{"@context":"https:\/\/schema.org","@graph":[{"@type":"WebPage","@id":"https:\/\/gymfactory.eu\/fr\/produit\/machine-lat-pulldown-m1xp\/","url":"https:\/\/gymfactory.eu\/fr\/produit\/machine-lat-pulldown-m1xp\/","name":"Machine Lat Pulldown M1XP | \u00c9quipement de Fitness pour Musculation","isPartOf":{"@id":"https:\/\/gymfactory.eu\/fr\/#website"},"primaryImageOfPage":{"@id":"https:\/\/gymfactory.eu\/fr\/produit\/machine-lat-pulldown-m1xp\/#primaryimage"},"image":{"@id":"https:\/\/gymfactory.eu\/fr\/produit\/machine-lat-pulldown-m1xp\/#primaryimage"},"thumbnailUrl":"https:\/\/gymfactory.eu\/wp-content\/uploads\/2025\/02\/gym-machine-M1XP-lat-pulldown-front-view-3.webp","datePublished":"2025-02-03T08:24:58+00:00","description":"Vous cherchez \u00e0 d\u00e9velopper un haut du corps plus fort ? La Machine Lat Pulldown M1XP est un \u00e9quipement de gym con\u00e7u pour un entra\u00eenement de force fluide et efficace et la croissance musculaire.","breadcrumb":{"@id":"https:\/\/gymfactory.eu\/fr\/produit\/machine-lat-pulldown-m1xp\/#breadcrumb"},"inLanguage":"fr-FR","potentialAction":[{"@type":"ReadAction","target":["https:\/\/gymfactory.eu\/fr\/produit\/machine-lat-pulldown-m1xp\/"]}]},{"@type":"ImageObject","inLanguage":"fr-FR","@id":"https:\/\/gymfactory.eu\/fr\/produit\/machine-lat-pulldown-m1xp\/#primaryimage","url":"https:\/\/gymfactory.eu\/wp-content\/uploads\/2025\/02\/gym-machine-M1XP-lat-pulldown-front-view-3.webp","contentUrl":"https:\/\/gymfactory.eu\/wp-content\/uploads\/2025\/02\/gym-machine-M1XP-lat-pulldown-front-view-3.webp","width":1500,"height":1500,"caption":"Une machine de musculation de haute qualit\u00e9 con\u00e7ue pour les exercices de lat pulldown, dot\u00e9e d\u2019un cadre en acier rouge robuste avec un si\u00e8ge rembourr\u00e9 noir et des coussins de cuisses pour la stabilit\u00e9. Le syst\u00e8me de poulie haute se connecte \u00e0 une longue barre de traction, permettant un mouvement fluide et contr\u00f4l\u00e9 pour cibler le haut du dos, les \u00e9paules et les bras. Le m\u00e9canisme de chargement de poids \u00e0 l\u2019arri\u00e8re assure une r\u00e9sistance r\u00e9glable, ce qui en fait un excellent ajout \u00e0 toute installation de musculation."},{"@type":"BreadcrumbList","@id":"https:\/\/gymfactory.eu\/fr\/produit\/machine-lat-pulldown-m1xp\/#breadcrumb","itemListElement":[{"@type":"ListItem","position":1,"name":"Home","item":"https:\/\/gymfactory.eu\/fr\/"},{"@type":"ListItem","position":2,"name":"Catalogue","item":"https:\/\/gymfactory.eu\/fr\/catalogue-2\/"},{"@type":"ListItem","position":3,"name":"Machine Lat Pulldown M1XP"}]},{"@type":"WebSite","@id":"https:\/\/gymfactory.eu\/fr\/#website","url":"https:\/\/gymfactory.eu\/fr\/","name":"Gym Factory","description":"","publisher":{"@id":"https:\/\/gymfactory.eu\/fr\/#organization"},"potentialAction":[{"@type":"SearchAction","target":{"@type":"EntryPoint","urlTemplate":"https:\/\/gymfactory.eu\/fr\/?s={search_term_string}"},"query-input":{"@type":"PropertyValueSpecification","valueRequired":true,"valueName":"search_term_string"}}],"inLanguage":"fr-FR"},{"@type":"Organization","@id":"https:\/\/gymfactory.eu\/fr\/#organization","name":"Gym Factory","url":"https:\/\/gymfactory.eu\/fr\/","logo":{"@type":"ImageObject","inLanguage":"fr-FR","@id":"https:\/\/gymfactory.eu\/fr\/#\/schema\/logo\/image\/","url":"https:\/\/gymfactory.eu\/wp-content\/uploads\/2024\/11\/Component-1.svg","contentUrl":"https:\/\/gymfactory.eu\/wp-content\/uploads\/2024\/11\/Component-1.svg","width":54,"height":44,"caption":"Gym Factory"},"image":{"@id":"https:\/\/gymfactory.eu\/fr\/#\/schema\/logo\/image\/"}}]}},"_links":{"self":[{"href":"https:\/\/gymfactory.eu\/fr\/wp-json\/wp\/v2\/product\/24687","targetHints":{"allow":["GET"]}}],"collection":[{"href":"https:\/\/gymfactory.eu\/fr\/wp-json\/wp\/v2\/product"}],"about":[{"href":"https:\/\/gymfactory.eu\/fr\/wp-json\/wp\/v2\/types\/product"}],"wp:featuredmedia":[{"embeddable":true,"href":"https:\/\/gymfactory.eu\/fr\/wp-json\/wp\/v2\/media\/11044"}],"wp:attachment":[{"href":"https:\/\/gymfactory.eu\/fr\/wp-json\/wp\/v2\/media?parent=24687"}],"wp:term":[{"taxonomy":"product_brand","embeddable":true,"href":"https:\/\/gymfactory.eu\/fr\/wp-json\/wp\/v2\/product_brand?post=24687"},{"taxonomy":"product_cat","embeddable":true,"href":"https:\/\/gymfactory.eu\/fr\/wp-json\/wp\/v2\/product_cat?post=24687"},{"taxonomy":"product_tag","embeddable":true,"href":"https:\/\/gymfactory.eu\/fr\/wp-json\/wp\/v2\/product_tag?post=24687"}],"curies":[{"name":"wp","href":"https:\/\/api.w.org\/{rel}","templated":true}]}}