{"id":24668,"date":"2025-02-03T09:21:40","date_gmt":"2025-02-03T07:21:40","guid":{"rendered":"https:\/\/gymfactory.eu\/product\/machine-lat-pulldown-l8xxx\/"},"modified":"2025-02-03T09:21:40","modified_gmt":"2025-02-03T07:21:40","slug":"machine-lat-pulldown-l8xxx","status":"publish","type":"product","link":"https:\/\/gymfactory.eu\/fr\/produit\/machine-lat-pulldown-l8xxx\/","title":{"rendered":"Machine Lat Pulldown L8XXX"},"content":{"rendered":"<p>La Machine Lat Pulldown L8XXX est un outil durable et \u00e0 haute capacit\u00e9 pour l\u2019entra\u00eenement de la force du haut du corps, construit pour une utilisation exigeante dans les environnements de salle de sport commerciale. Son cadre robuste supporte de lourdes charges, tandis que la m\u00e9canique fluide assure un mouvement contr\u00f4l\u00e9 et constant. <\/p>\n<p>Cette machine est con\u00e7ue pour les variantes de tirage vertical (lat pulldown), ciblant le dos, les bras et l\u2019arri\u00e8re des \u00e9paules. Le syst\u00e8me de poign\u00e9e fonctionne sur roulements, lui permettant de se d\u00e9placer naturellement avec le mouvement de l\u2019utilisateur. De multiples points de prise permettent d\u2019effectuer facilement des tirages avec une prise large ou serr\u00e9e, ajustant l\u2019accent selon vos objectifs d\u2019entra\u00eenement.  <\/p>\n<p>La position du si\u00e8ge est r\u00e9glable vers l\u2019avant ou l\u2019arri\u00e8re, permettant un alignement correct avec la poulie. Le coussin de blocage des jambes est \u00e9galement r\u00e9glable pour une meilleure stabilit\u00e9 pendant le mouvement. <\/p>\n<p>La L8XXX offre une solution solide et adaptable pour un d\u00e9veloppement efficace du haut du corps sous des charges d\u2019entra\u00eenement importantes.<\/p>\n\n    <div class=\"xs_social_share_widget xs_share_url after_content \t\tmain_content  wslu-style-1 wslu-share-box-shaped wslu-fill-colored wslu-none wslu-share-horizontal wslu-theme-font-no wslu-main_content\">\n\n\t\t\n        <ul>\n\t\t\t        <\/ul>\n    <\/div> \n","protected":false},"excerpt":{"rendered":"<p>La Machine Lat Pulldown L8XXX est un outil durable et \u00e0 haute capacit\u00e9 pour l\u2019entra\u00eenement de la force du haut du corps, construit pour une utilisation exigeante dans les environnements de salle de sport commerciale. Son cadre robuste supporte de lourdes charges, tandis que la m\u00e9canique fluide assure un mouvement contr\u00f4l\u00e9 et constant. Cette machine [&hellip;]<\/p>\n","protected":false},"featured_media":11950,"template":"","meta":{"_acf_changed":false},"product_brand":[56],"product_cat":[832],"product_tag":[],"class_list":{"0":"post-24668","1":"product","2":"type-product","3":"status-publish","4":"has-post-thumbnail","6":"product_brand-gym-factory","7":"product_cat-machines-a-charge-par-plaques","9":"first","10":"onbackorder","11":"taxable","12":"shipping-taxable","13":"purchasable","14":"product-type-variable","15":"has-default-attributes"},"acf":[],"yoast_head":"<!-- This site is optimized with the Yoast SEO plugin v25.2 - https:\/\/yoast.com\/wordpress\/plugins\/seo\/ -->\n<title>Machine Lat Pulldown L8XXX | \u00c9quipement pour Toute Salle de Sport<\/title>\n<meta name=\"description\" content=\"Vous cherchez un \u00e9quipement de gym polyvalent ? La Machine Lat Pulldown L8XXX est con\u00e7ue pour toutes les configurations, offrant un entra\u00eenement fluide et efficace des dorsaux et du haut du corps.\" \/>\n<meta name=\"robots\" content=\"index, follow, max-snippet:-1, max-image-preview:large, max-video-preview:-1\" \/>\n<link rel=\"canonical\" href=\"https:\/\/gymfactory.eu\/fr\/produit\/machine-lat-pulldown-l8xxx\/\" \/>\n<meta property=\"og:locale\" content=\"fr_FR\" \/>\n<meta property=\"og:type\" content=\"article\" \/>\n<meta property=\"og:title\" content=\"Machine Lat Pulldown L8XXX | \u00c9quipement pour Toute Salle de Sport\" \/>\n<meta property=\"og:description\" content=\"Vous cherchez un \u00e9quipement de gym polyvalent ? La Machine Lat Pulldown L8XXX est con\u00e7ue pour toutes les configurations, offrant un entra\u00eenement fluide et efficace des dorsaux et du haut du corps.\" \/>\n<meta property=\"og:url\" content=\"https:\/\/gymfactory.eu\/fr\/produit\/machine-lat-pulldown-l8xxx\/\" \/>\n<meta property=\"og:site_name\" content=\"Gym Factory\" \/>\n<meta property=\"og:image\" content=\"https:\/\/gymfactory.eu\/wp-content\/uploads\/2025\/02\/gym-machine-L8XX-3-side-view.webp\" \/>\n\t<meta property=\"og:image:width\" content=\"1500\" \/>\n\t<meta property=\"og:image:height\" content=\"1500\" \/>\n\t<meta property=\"og:image:type\" content=\"image\/webp\" \/>\n<meta name=\"twitter:card\" content=\"summary_large_image\" \/>\n<meta name=\"twitter:label1\" content=\"Dur\u00e9e de lecture estim\u00e9e\" \/>\n\t<meta name=\"twitter:data1\" content=\"1 minute\" \/>\n<script type=\"application\/ld+json\" class=\"yoast-schema-graph\">{\"@context\":\"https:\/\/schema.org\",\"@graph\":[{\"@type\":\"WebPage\",\"@id\":\"https:\/\/gymfactory.eu\/fr\/produit\/machine-lat-pulldown-l8xxx\/\",\"url\":\"https:\/\/gymfactory.eu\/fr\/produit\/machine-lat-pulldown-l8xxx\/\",\"name\":\"Machine Lat Pulldown L8XXX | \u00c9quipement pour Toute Salle de Sport\",\"isPartOf\":{\"@id\":\"https:\/\/gymfactory.eu\/fr\/#website\"},\"primaryImageOfPage\":{\"@id\":\"https:\/\/gymfactory.eu\/fr\/produit\/machine-lat-pulldown-l8xxx\/#primaryimage\"},\"image\":{\"@id\":\"https:\/\/gymfactory.eu\/fr\/produit\/machine-lat-pulldown-l8xxx\/#primaryimage\"},\"thumbnailUrl\":\"https:\/\/gymfactory.eu\/wp-content\/uploads\/2025\/02\/gym-machine-L8XX-3-side-view.webp\",\"datePublished\":\"2025-02-03T07:21:40+00:00\",\"description\":\"Vous cherchez un \u00e9quipement de gym polyvalent ? La Machine Lat Pulldown L8XXX est con\u00e7ue pour toutes les configurations, offrant un entra\u00eenement fluide et efficace des dorsaux et du haut du corps.\",\"breadcrumb\":{\"@id\":\"https:\/\/gymfactory.eu\/fr\/produit\/machine-lat-pulldown-l8xxx\/#breadcrumb\"},\"inLanguage\":\"fr-FR\",\"potentialAction\":[{\"@type\":\"ReadAction\",\"target\":[\"https:\/\/gymfactory.eu\/fr\/produit\/machine-lat-pulldown-l8xxx\/\"]}]},{\"@type\":\"ImageObject\",\"inLanguage\":\"fr-FR\",\"@id\":\"https:\/\/gymfactory.eu\/fr\/produit\/machine-lat-pulldown-l8xxx\/#primaryimage\",\"url\":\"https:\/\/gymfactory.eu\/wp-content\/uploads\/2025\/02\/gym-machine-L8XX-3-side-view.webp\",\"contentUrl\":\"https:\/\/gymfactory.eu\/wp-content\/uploads\/2025\/02\/gym-machine-L8XX-3-side-view.webp\",\"width\":1500,\"height\":1500,\"caption\":\"Une vue de face d\u2019une machine de musculation met en valeur son cadre robuste et son syst\u00e8me de chargement de poids. Le si\u00e8ge rembourr\u00e9 et les stabilisateurs de cuisses assurent le confort de l\u2019utilisateur pendant les s\u00e9ances, tandis que la barre de tirage permet une amplitude de mouvement fluide. Cette machine de tirage assis est id\u00e9ale pour les muscles des dorsaux, des \u00e9paules et du dos dans les environnements commerciaux et domestiques.\"},{\"@type\":\"BreadcrumbList\",\"@id\":\"https:\/\/gymfactory.eu\/fr\/produit\/machine-lat-pulldown-l8xxx\/#breadcrumb\",\"itemListElement\":[{\"@type\":\"ListItem\",\"position\":1,\"name\":\"Home\",\"item\":\"https:\/\/gymfactory.eu\/fr\/\"},{\"@type\":\"ListItem\",\"position\":2,\"name\":\"Catalogue\",\"item\":\"https:\/\/gymfactory.eu\/fr\/catalogue-2\/\"},{\"@type\":\"ListItem\",\"position\":3,\"name\":\"Machine Lat Pulldown L8XXX\"}]},{\"@type\":\"WebSite\",\"@id\":\"https:\/\/gymfactory.eu\/fr\/#website\",\"url\":\"https:\/\/gymfactory.eu\/fr\/\",\"name\":\"Gym Factory\",\"description\":\"\",\"publisher\":{\"@id\":\"https:\/\/gymfactory.eu\/fr\/#organization\"},\"potentialAction\":[{\"@type\":\"SearchAction\",\"target\":{\"@type\":\"EntryPoint\",\"urlTemplate\":\"https:\/\/gymfactory.eu\/fr\/?s={search_term_string}\"},\"query-input\":{\"@type\":\"PropertyValueSpecification\",\"valueRequired\":true,\"valueName\":\"search_term_string\"}}],\"inLanguage\":\"fr-FR\"},{\"@type\":\"Organization\",\"@id\":\"https:\/\/gymfactory.eu\/fr\/#organization\",\"name\":\"Gym Factory\",\"url\":\"https:\/\/gymfactory.eu\/fr\/\",\"logo\":{\"@type\":\"ImageObject\",\"inLanguage\":\"fr-FR\",\"@id\":\"https:\/\/gymfactory.eu\/fr\/#\/schema\/logo\/image\/\",\"url\":\"https:\/\/gymfactory.eu\/wp-content\/uploads\/2024\/11\/Component-1.svg\",\"contentUrl\":\"https:\/\/gymfactory.eu\/wp-content\/uploads\/2024\/11\/Component-1.svg\",\"width\":54,\"height\":44,\"caption\":\"Gym Factory\"},\"image\":{\"@id\":\"https:\/\/gymfactory.eu\/fr\/#\/schema\/logo\/image\/\"}}]}<\/script>\n<!-- \/ Yoast SEO plugin. -->","yoast_head_json":{"title":"Machine Lat Pulldown L8XXX | \u00c9quipement pour Toute Salle de Sport","description":"Vous cherchez un \u00e9quipement de gym polyvalent ? La Machine Lat Pulldown L8XXX est con\u00e7ue pour toutes les configurations, offrant un entra\u00eenement fluide et efficace des dorsaux et du haut du corps.","robots":{"index":"index","follow":"follow","max-snippet":"max-snippet:-1","max-image-preview":"max-image-preview:large","max-video-preview":"max-video-preview:-1"},"canonical":"https:\/\/gymfactory.eu\/fr\/produit\/machine-lat-pulldown-l8xxx\/","og_locale":"fr_FR","og_type":"article","og_title":"Machine Lat Pulldown L8XXX | \u00c9quipement pour Toute Salle de Sport","og_description":"Vous cherchez un \u00e9quipement de gym polyvalent ? La Machine Lat Pulldown L8XXX est con\u00e7ue pour toutes les configurations, offrant un entra\u00eenement fluide et efficace des dorsaux et du haut du corps.","og_url":"https:\/\/gymfactory.eu\/fr\/produit\/machine-lat-pulldown-l8xxx\/","og_site_name":"Gym Factory","og_image":[{"width":1500,"height":1500,"url":"https:\/\/gymfactory.eu\/wp-content\/uploads\/2025\/02\/gym-machine-L8XX-3-side-view.webp","type":"image\/webp"}],"twitter_card":"summary_large_image","twitter_misc":{"Dur\u00e9e de lecture estim\u00e9e":"1 minute"},"schema":{"@context":"https:\/\/schema.org","@graph":[{"@type":"WebPage","@id":"https:\/\/gymfactory.eu\/fr\/produit\/machine-lat-pulldown-l8xxx\/","url":"https:\/\/gymfactory.eu\/fr\/produit\/machine-lat-pulldown-l8xxx\/","name":"Machine Lat Pulldown L8XXX | \u00c9quipement pour Toute Salle de Sport","isPartOf":{"@id":"https:\/\/gymfactory.eu\/fr\/#website"},"primaryImageOfPage":{"@id":"https:\/\/gymfactory.eu\/fr\/produit\/machine-lat-pulldown-l8xxx\/#primaryimage"},"image":{"@id":"https:\/\/gymfactory.eu\/fr\/produit\/machine-lat-pulldown-l8xxx\/#primaryimage"},"thumbnailUrl":"https:\/\/gymfactory.eu\/wp-content\/uploads\/2025\/02\/gym-machine-L8XX-3-side-view.webp","datePublished":"2025-02-03T07:21:40+00:00","description":"Vous cherchez un \u00e9quipement de gym polyvalent ? La Machine Lat Pulldown L8XXX est con\u00e7ue pour toutes les configurations, offrant un entra\u00eenement fluide et efficace des dorsaux et du haut du corps.","breadcrumb":{"@id":"https:\/\/gymfactory.eu\/fr\/produit\/machine-lat-pulldown-l8xxx\/#breadcrumb"},"inLanguage":"fr-FR","potentialAction":[{"@type":"ReadAction","target":["https:\/\/gymfactory.eu\/fr\/produit\/machine-lat-pulldown-l8xxx\/"]}]},{"@type":"ImageObject","inLanguage":"fr-FR","@id":"https:\/\/gymfactory.eu\/fr\/produit\/machine-lat-pulldown-l8xxx\/#primaryimage","url":"https:\/\/gymfactory.eu\/wp-content\/uploads\/2025\/02\/gym-machine-L8XX-3-side-view.webp","contentUrl":"https:\/\/gymfactory.eu\/wp-content\/uploads\/2025\/02\/gym-machine-L8XX-3-side-view.webp","width":1500,"height":1500,"caption":"Une vue de face d\u2019une machine de musculation met en valeur son cadre robuste et son syst\u00e8me de chargement de poids. Le si\u00e8ge rembourr\u00e9 et les stabilisateurs de cuisses assurent le confort de l\u2019utilisateur pendant les s\u00e9ances, tandis que la barre de tirage permet une amplitude de mouvement fluide. Cette machine de tirage assis est id\u00e9ale pour les muscles des dorsaux, des \u00e9paules et du dos dans les environnements commerciaux et domestiques."},{"@type":"BreadcrumbList","@id":"https:\/\/gymfactory.eu\/fr\/produit\/machine-lat-pulldown-l8xxx\/#breadcrumb","itemListElement":[{"@type":"ListItem","position":1,"name":"Home","item":"https:\/\/gymfactory.eu\/fr\/"},{"@type":"ListItem","position":2,"name":"Catalogue","item":"https:\/\/gymfactory.eu\/fr\/catalogue-2\/"},{"@type":"ListItem","position":3,"name":"Machine Lat Pulldown L8XXX"}]},{"@type":"WebSite","@id":"https:\/\/gymfactory.eu\/fr\/#website","url":"https:\/\/gymfactory.eu\/fr\/","name":"Gym Factory","description":"","publisher":{"@id":"https:\/\/gymfactory.eu\/fr\/#organization"},"potentialAction":[{"@type":"SearchAction","target":{"@type":"EntryPoint","urlTemplate":"https:\/\/gymfactory.eu\/fr\/?s={search_term_string}"},"query-input":{"@type":"PropertyValueSpecification","valueRequired":true,"valueName":"search_term_string"}}],"inLanguage":"fr-FR"},{"@type":"Organization","@id":"https:\/\/gymfactory.eu\/fr\/#organization","name":"Gym Factory","url":"https:\/\/gymfactory.eu\/fr\/","logo":{"@type":"ImageObject","inLanguage":"fr-FR","@id":"https:\/\/gymfactory.eu\/fr\/#\/schema\/logo\/image\/","url":"https:\/\/gymfactory.eu\/wp-content\/uploads\/2024\/11\/Component-1.svg","contentUrl":"https:\/\/gymfactory.eu\/wp-content\/uploads\/2024\/11\/Component-1.svg","width":54,"height":44,"caption":"Gym Factory"},"image":{"@id":"https:\/\/gymfactory.eu\/fr\/#\/schema\/logo\/image\/"}}]}},"_links":{"self":[{"href":"https:\/\/gymfactory.eu\/fr\/wp-json\/wp\/v2\/product\/24668","targetHints":{"allow":["GET"]}}],"collection":[{"href":"https:\/\/gymfactory.eu\/fr\/wp-json\/wp\/v2\/product"}],"about":[{"href":"https:\/\/gymfactory.eu\/fr\/wp-json\/wp\/v2\/types\/product"}],"wp:featuredmedia":[{"embeddable":true,"href":"https:\/\/gymfactory.eu\/fr\/wp-json\/wp\/v2\/media\/11950"}],"wp:attachment":[{"href":"https:\/\/gymfactory.eu\/fr\/wp-json\/wp\/v2\/media?parent=24668"}],"wp:term":[{"taxonomy":"product_brand","embeddable":true,"href":"https:\/\/gymfactory.eu\/fr\/wp-json\/wp\/v2\/product_brand?post=24668"},{"taxonomy":"product_cat","embeddable":true,"href":"https:\/\/gymfactory.eu\/fr\/wp-json\/wp\/v2\/product_cat?post=24668"},{"taxonomy":"product_tag","embeddable":true,"href":"https:\/\/gymfactory.eu\/fr\/wp-json\/wp\/v2\/product_tag?post=24668"}],"curies":[{"name":"wp","href":"https:\/\/api.w.org\/{rel}","templated":true}]}}