{"id":24663,"date":"2025-02-03T08:58:50","date_gmt":"2025-02-03T06:58:50","guid":{"rendered":"https:\/\/gymfactory.eu\/product\/machine-lat-pulldown-l8xx\/"},"modified":"2025-02-03T08:58:50","modified_gmt":"2025-02-03T06:58:50","slug":"machine-lat-pulldown-l8xx","status":"publish","type":"product","link":"https:\/\/gymfactory.eu\/fr\/produit\/machine-lat-pulldown-l8xx\/","title":{"rendered":"Machine Lat Pulldown L8XX"},"content":{"rendered":"<p>La Machine Lat Pulldown L8XX est con\u00e7ue pour l\u2019entra\u00eenement cibl\u00e9 du haut du corps dans les home gyms et les salles de sport commerciales. Son cadre robuste et son fonctionnement fluide soutiennent un mouvement de traction constant avec pr\u00e9cision et contr\u00f4le. <\/p>\n<p>Cette machine est utilis\u00e9e pour les variantes de tirage vertical (lat pulldown), aidant \u00e0 d\u00e9velopper la force du dos, des bras et de l\u2019arri\u00e8re des \u00e9paules. Comme la trajectoire de traction vient l\u00e9g\u00e8rement de l\u2019avant, elle d\u00e9place davantage l\u2019accent sur la partie inf\u00e9rieure du dos, en particulier les grands dorsaux inf\u00e9rieurs, permettant un engagement plus complet tout au long du mouvement. <\/p>\n<p>La machine dispose de poign\u00e9es \u00e0 mouvement libre qui tournent \u00e0 360 degr\u00e9s et s\u2019adaptent \u00e0 votre mouvement. La hauteur du si\u00e8ge et le coussin de blocage des jambes sont r\u00e9glables, assurant un positionnement et un soutien appropri\u00e9s pendant l\u2019entra\u00eenement. <\/p>\n<p>La L8XX est un choix fiable pour d\u00e9velopper la force du haut du corps avec un mouvement fluide et une m\u00e9canique adaptable.<\/p>\n\n    <div class=\"xs_social_share_widget xs_share_url after_content \t\tmain_content  wslu-style-1 wslu-share-box-shaped wslu-fill-colored wslu-none wslu-share-horizontal wslu-theme-font-no wslu-main_content\">\n\n\t\t\n        <ul>\n\t\t\t        <\/ul>\n    <\/div> \n","protected":false},"excerpt":{"rendered":"<p>La Machine Lat Pulldown L8XX est con\u00e7ue pour l\u2019entra\u00eenement cibl\u00e9 du haut du corps dans les home gyms et les salles de sport commerciales. Son cadre robuste et son fonctionnement fluide soutiennent un mouvement de traction constant avec pr\u00e9cision et contr\u00f4le. Cette machine est utilis\u00e9e pour les variantes de tirage vertical (lat pulldown), aidant \u00e0 [&hellip;]<\/p>\n","protected":false},"featured_media":11612,"template":"","meta":{"_acf_changed":false},"product_brand":[56],"product_cat":[832],"product_tag":[],"class_list":{"0":"post-24663","1":"product","2":"type-product","3":"status-publish","4":"has-post-thumbnail","6":"product_brand-gym-factory","7":"product_cat-machines-a-charge-par-plaques","9":"first","10":"onbackorder","11":"taxable","12":"shipping-taxable","13":"purchasable","14":"product-type-variable","15":"has-default-attributes"},"acf":[],"yoast_head":"<!-- This site is optimized with the Yoast SEO plugin v25.2 - https:\/\/yoast.com\/wordpress\/plugins\/seo\/ -->\n<title>Machine Lat Pulldown L8XX | \u00c9quipement pour Renforcer les Dorsaux<\/title>\n<meta name=\"description\" content=\"Vous voulez renforcer vos dorsaux ? La Machine Lat Pulldown L8XX est un \u00e9quipement de musculation con\u00e7u pour un mouvement fluide et des entra\u00eenements du dos puissants.\" \/>\n<meta name=\"robots\" content=\"index, follow, max-snippet:-1, max-image-preview:large, max-video-preview:-1\" \/>\n<link rel=\"canonical\" href=\"https:\/\/gymfactory.eu\/fr\/produit\/machine-lat-pulldown-l8xx\/\" \/>\n<meta property=\"og:locale\" content=\"fr_FR\" \/>\n<meta property=\"og:type\" content=\"article\" \/>\n<meta property=\"og:title\" content=\"Machine Lat Pulldown L8XX | \u00c9quipement pour Renforcer les Dorsaux\" \/>\n<meta property=\"og:description\" content=\"Vous voulez renforcer vos dorsaux ? La Machine Lat Pulldown L8XX est un \u00e9quipement de musculation con\u00e7u pour un mouvement fluide et des entra\u00eenements du dos puissants.\" \/>\n<meta property=\"og:url\" content=\"https:\/\/gymfactory.eu\/fr\/produit\/machine-lat-pulldown-l8xx\/\" \/>\n<meta property=\"og:site_name\" content=\"Gym Factory\" \/>\n<meta property=\"og:image\" content=\"https:\/\/gymfactory.eu\/wp-content\/uploads\/2025\/02\/gym-machine-L8XX-lat-pulldown-full-side-view-1.webp\" \/>\n\t<meta property=\"og:image:width\" content=\"1500\" \/>\n\t<meta property=\"og:image:height\" content=\"1500\" \/>\n\t<meta property=\"og:image:type\" content=\"image\/webp\" \/>\n<meta name=\"twitter:card\" content=\"summary_large_image\" \/>\n<meta name=\"twitter:label1\" content=\"Dur\u00e9e de lecture estim\u00e9e\" \/>\n\t<meta name=\"twitter:data1\" content=\"1 minute\" \/>\n<script type=\"application\/ld+json\" class=\"yoast-schema-graph\">{\"@context\":\"https:\/\/schema.org\",\"@graph\":[{\"@type\":\"WebPage\",\"@id\":\"https:\/\/gymfactory.eu\/fr\/produit\/machine-lat-pulldown-l8xx\/\",\"url\":\"https:\/\/gymfactory.eu\/fr\/produit\/machine-lat-pulldown-l8xx\/\",\"name\":\"Machine Lat Pulldown L8XX | \u00c9quipement pour Renforcer les Dorsaux\",\"isPartOf\":{\"@id\":\"https:\/\/gymfactory.eu\/fr\/#website\"},\"primaryImageOfPage\":{\"@id\":\"https:\/\/gymfactory.eu\/fr\/produit\/machine-lat-pulldown-l8xx\/#primaryimage\"},\"image\":{\"@id\":\"https:\/\/gymfactory.eu\/fr\/produit\/machine-lat-pulldown-l8xx\/#primaryimage\"},\"thumbnailUrl\":\"https:\/\/gymfactory.eu\/wp-content\/uploads\/2025\/02\/gym-machine-L8XX-lat-pulldown-full-side-view-1.webp\",\"datePublished\":\"2025-02-03T06:58:50+00:00\",\"description\":\"Vous voulez renforcer vos dorsaux ? La Machine Lat Pulldown L8XX est un \u00e9quipement de musculation con\u00e7u pour un mouvement fluide et des entra\u00eenements du dos puissants.\",\"breadcrumb\":{\"@id\":\"https:\/\/gymfactory.eu\/fr\/produit\/machine-lat-pulldown-l8xx\/#breadcrumb\"},\"inLanguage\":\"fr-FR\",\"potentialAction\":[{\"@type\":\"ReadAction\",\"target\":[\"https:\/\/gymfactory.eu\/fr\/produit\/machine-lat-pulldown-l8xx\/\"]}]},{\"@type\":\"ImageObject\",\"inLanguage\":\"fr-FR\",\"@id\":\"https:\/\/gymfactory.eu\/fr\/produit\/machine-lat-pulldown-l8xx\/#primaryimage\",\"url\":\"https:\/\/gymfactory.eu\/wp-content\/uploads\/2025\/02\/gym-machine-L8XX-lat-pulldown-full-side-view-1.webp\",\"contentUrl\":\"https:\/\/gymfactory.eu\/wp-content\/uploads\/2025\/02\/gym-machine-L8XX-lat-pulldown-full-side-view-1.webp\",\"width\":1500,\"height\":1500,\"caption\":\"Vue lat\u00e9rale d\u2019une machine lat pulldown professionnelle pour l\u2019entra\u00eenement de la force du haut du corps. Le cadre en acier noir est con\u00e7u pour la durabilit\u00e9, avec un si\u00e8ge r\u00e9glable et un support rembourr\u00e9 pour le confort. Les doubles poulies \u00e0 c\u00e2ble offrent un mouvement fluide, tandis que le syst\u00e8me de poids \u00e0 charge libre permet une r\u00e9sistance personnalisable. Cette machine cible les muscles du dos et des \u00e9paules avec des entra\u00eenements contr\u00f4l\u00e9s et efficaces.\"},{\"@type\":\"BreadcrumbList\",\"@id\":\"https:\/\/gymfactory.eu\/fr\/produit\/machine-lat-pulldown-l8xx\/#breadcrumb\",\"itemListElement\":[{\"@type\":\"ListItem\",\"position\":1,\"name\":\"Home\",\"item\":\"https:\/\/gymfactory.eu\/fr\/\"},{\"@type\":\"ListItem\",\"position\":2,\"name\":\"Catalogue\",\"item\":\"https:\/\/gymfactory.eu\/fr\/catalogue-2\/\"},{\"@type\":\"ListItem\",\"position\":3,\"name\":\"Machine Lat Pulldown L8XX\"}]},{\"@type\":\"WebSite\",\"@id\":\"https:\/\/gymfactory.eu\/fr\/#website\",\"url\":\"https:\/\/gymfactory.eu\/fr\/\",\"name\":\"Gym Factory\",\"description\":\"\",\"publisher\":{\"@id\":\"https:\/\/gymfactory.eu\/fr\/#organization\"},\"potentialAction\":[{\"@type\":\"SearchAction\",\"target\":{\"@type\":\"EntryPoint\",\"urlTemplate\":\"https:\/\/gymfactory.eu\/fr\/?s={search_term_string}\"},\"query-input\":{\"@type\":\"PropertyValueSpecification\",\"valueRequired\":true,\"valueName\":\"search_term_string\"}}],\"inLanguage\":\"fr-FR\"},{\"@type\":\"Organization\",\"@id\":\"https:\/\/gymfactory.eu\/fr\/#organization\",\"name\":\"Gym Factory\",\"url\":\"https:\/\/gymfactory.eu\/fr\/\",\"logo\":{\"@type\":\"ImageObject\",\"inLanguage\":\"fr-FR\",\"@id\":\"https:\/\/gymfactory.eu\/fr\/#\/schema\/logo\/image\/\",\"url\":\"https:\/\/gymfactory.eu\/wp-content\/uploads\/2024\/11\/Component-1.svg\",\"contentUrl\":\"https:\/\/gymfactory.eu\/wp-content\/uploads\/2024\/11\/Component-1.svg\",\"width\":54,\"height\":44,\"caption\":\"Gym Factory\"},\"image\":{\"@id\":\"https:\/\/gymfactory.eu\/fr\/#\/schema\/logo\/image\/\"}}]}<\/script>\n<!-- \/ Yoast SEO plugin. -->","yoast_head_json":{"title":"Machine Lat Pulldown L8XX | \u00c9quipement pour Renforcer les Dorsaux","description":"Vous voulez renforcer vos dorsaux ? La Machine Lat Pulldown L8XX est un \u00e9quipement de musculation con\u00e7u pour un mouvement fluide et des entra\u00eenements du dos puissants.","robots":{"index":"index","follow":"follow","max-snippet":"max-snippet:-1","max-image-preview":"max-image-preview:large","max-video-preview":"max-video-preview:-1"},"canonical":"https:\/\/gymfactory.eu\/fr\/produit\/machine-lat-pulldown-l8xx\/","og_locale":"fr_FR","og_type":"article","og_title":"Machine Lat Pulldown L8XX | \u00c9quipement pour Renforcer les Dorsaux","og_description":"Vous voulez renforcer vos dorsaux ? La Machine Lat Pulldown L8XX est un \u00e9quipement de musculation con\u00e7u pour un mouvement fluide et des entra\u00eenements du dos puissants.","og_url":"https:\/\/gymfactory.eu\/fr\/produit\/machine-lat-pulldown-l8xx\/","og_site_name":"Gym Factory","og_image":[{"width":1500,"height":1500,"url":"https:\/\/gymfactory.eu\/wp-content\/uploads\/2025\/02\/gym-machine-L8XX-lat-pulldown-full-side-view-1.webp","type":"image\/webp"}],"twitter_card":"summary_large_image","twitter_misc":{"Dur\u00e9e de lecture estim\u00e9e":"1 minute"},"schema":{"@context":"https:\/\/schema.org","@graph":[{"@type":"WebPage","@id":"https:\/\/gymfactory.eu\/fr\/produit\/machine-lat-pulldown-l8xx\/","url":"https:\/\/gymfactory.eu\/fr\/produit\/machine-lat-pulldown-l8xx\/","name":"Machine Lat Pulldown L8XX | \u00c9quipement pour Renforcer les Dorsaux","isPartOf":{"@id":"https:\/\/gymfactory.eu\/fr\/#website"},"primaryImageOfPage":{"@id":"https:\/\/gymfactory.eu\/fr\/produit\/machine-lat-pulldown-l8xx\/#primaryimage"},"image":{"@id":"https:\/\/gymfactory.eu\/fr\/produit\/machine-lat-pulldown-l8xx\/#primaryimage"},"thumbnailUrl":"https:\/\/gymfactory.eu\/wp-content\/uploads\/2025\/02\/gym-machine-L8XX-lat-pulldown-full-side-view-1.webp","datePublished":"2025-02-03T06:58:50+00:00","description":"Vous voulez renforcer vos dorsaux ? La Machine Lat Pulldown L8XX est un \u00e9quipement de musculation con\u00e7u pour un mouvement fluide et des entra\u00eenements du dos puissants.","breadcrumb":{"@id":"https:\/\/gymfactory.eu\/fr\/produit\/machine-lat-pulldown-l8xx\/#breadcrumb"},"inLanguage":"fr-FR","potentialAction":[{"@type":"ReadAction","target":["https:\/\/gymfactory.eu\/fr\/produit\/machine-lat-pulldown-l8xx\/"]}]},{"@type":"ImageObject","inLanguage":"fr-FR","@id":"https:\/\/gymfactory.eu\/fr\/produit\/machine-lat-pulldown-l8xx\/#primaryimage","url":"https:\/\/gymfactory.eu\/wp-content\/uploads\/2025\/02\/gym-machine-L8XX-lat-pulldown-full-side-view-1.webp","contentUrl":"https:\/\/gymfactory.eu\/wp-content\/uploads\/2025\/02\/gym-machine-L8XX-lat-pulldown-full-side-view-1.webp","width":1500,"height":1500,"caption":"Vue lat\u00e9rale d\u2019une machine lat pulldown professionnelle pour l\u2019entra\u00eenement de la force du haut du corps. Le cadre en acier noir est con\u00e7u pour la durabilit\u00e9, avec un si\u00e8ge r\u00e9glable et un support rembourr\u00e9 pour le confort. Les doubles poulies \u00e0 c\u00e2ble offrent un mouvement fluide, tandis que le syst\u00e8me de poids \u00e0 charge libre permet une r\u00e9sistance personnalisable. Cette machine cible les muscles du dos et des \u00e9paules avec des entra\u00eenements contr\u00f4l\u00e9s et efficaces."},{"@type":"BreadcrumbList","@id":"https:\/\/gymfactory.eu\/fr\/produit\/machine-lat-pulldown-l8xx\/#breadcrumb","itemListElement":[{"@type":"ListItem","position":1,"name":"Home","item":"https:\/\/gymfactory.eu\/fr\/"},{"@type":"ListItem","position":2,"name":"Catalogue","item":"https:\/\/gymfactory.eu\/fr\/catalogue-2\/"},{"@type":"ListItem","position":3,"name":"Machine Lat Pulldown L8XX"}]},{"@type":"WebSite","@id":"https:\/\/gymfactory.eu\/fr\/#website","url":"https:\/\/gymfactory.eu\/fr\/","name":"Gym Factory","description":"","publisher":{"@id":"https:\/\/gymfactory.eu\/fr\/#organization"},"potentialAction":[{"@type":"SearchAction","target":{"@type":"EntryPoint","urlTemplate":"https:\/\/gymfactory.eu\/fr\/?s={search_term_string}"},"query-input":{"@type":"PropertyValueSpecification","valueRequired":true,"valueName":"search_term_string"}}],"inLanguage":"fr-FR"},{"@type":"Organization","@id":"https:\/\/gymfactory.eu\/fr\/#organization","name":"Gym Factory","url":"https:\/\/gymfactory.eu\/fr\/","logo":{"@type":"ImageObject","inLanguage":"fr-FR","@id":"https:\/\/gymfactory.eu\/fr\/#\/schema\/logo\/image\/","url":"https:\/\/gymfactory.eu\/wp-content\/uploads\/2024\/11\/Component-1.svg","contentUrl":"https:\/\/gymfactory.eu\/wp-content\/uploads\/2024\/11\/Component-1.svg","width":54,"height":44,"caption":"Gym Factory"},"image":{"@id":"https:\/\/gymfactory.eu\/fr\/#\/schema\/logo\/image\/"}}]}},"_links":{"self":[{"href":"https:\/\/gymfactory.eu\/fr\/wp-json\/wp\/v2\/product\/24663","targetHints":{"allow":["GET"]}}],"collection":[{"href":"https:\/\/gymfactory.eu\/fr\/wp-json\/wp\/v2\/product"}],"about":[{"href":"https:\/\/gymfactory.eu\/fr\/wp-json\/wp\/v2\/types\/product"}],"wp:featuredmedia":[{"embeddable":true,"href":"https:\/\/gymfactory.eu\/fr\/wp-json\/wp\/v2\/media\/11612"}],"wp:attachment":[{"href":"https:\/\/gymfactory.eu\/fr\/wp-json\/wp\/v2\/media?parent=24663"}],"wp:term":[{"taxonomy":"product_brand","embeddable":true,"href":"https:\/\/gymfactory.eu\/fr\/wp-json\/wp\/v2\/product_brand?post=24663"},{"taxonomy":"product_cat","embeddable":true,"href":"https:\/\/gymfactory.eu\/fr\/wp-json\/wp\/v2\/product_cat?post=24663"},{"taxonomy":"product_tag","embeddable":true,"href":"https:\/\/gymfactory.eu\/fr\/wp-json\/wp\/v2\/product_tag?post=24663"}],"curies":[{"name":"wp","href":"https:\/\/api.w.org\/{rel}","templated":true}]}}