{"id":24653,"date":"2025-02-03T08:16:11","date_gmt":"2025-02-03T06:16:11","guid":{"rendered":"https:\/\/gymfactory.eu\/product\/machine-rowing-l7xy\/"},"modified":"2025-02-03T08:16:11","modified_gmt":"2025-02-03T06:16:11","slug":"machine-rowing-l7xy","status":"publish","type":"product","link":"https:\/\/gymfactory.eu\/fr\/produit\/machine-rowing-l7xy\/","title":{"rendered":"Machine Rowing L7XY"},"content":{"rendered":"<p>La Machine Rowing L7XY est con\u00e7ue pour des exercices de traction horizontale contr\u00f4l\u00e9s qui d\u00e9veloppent efficacement la force du haut du corps. Avec une construction optimis\u00e9e pour la pr\u00e9cision, elle convient aussi bien aux home gyms qu\u2019aux environnements de salle de sport commerciale. <\/p>\n<p>La machine dispose d\u2019une distance de poign\u00e9e r\u00e9glable, vous permettant de rapprocher ou d\u2019\u00e9loigner les prises de votre corps pour correspondre \u00e0 la longueur de vos bras et \u00e0 votre amplitude pr\u00e9f\u00e9r\u00e9e. Les poign\u00e9es tournent \u00e0 360 degr\u00e9s et, gr\u00e2ce \u00e0 leur montage sur articulation flexible, elles bougent \u00e9galement l\u00e9g\u00e8rement de haut en bas pendant le tirage, s\u2019adaptant naturellement \u00e0 votre mouvement. <\/p>\n<p>Vous pouvez effectuer l\u2019exercice en utilisant les deux bras simultan\u00e9ment ou un bras \u00e0 la fois, ce qui la rend adapt\u00e9e \u00e0 l\u2019entra\u00eenement de la force et de la coordination. Le mouvement de traction suit une ligne droite et horizontale, ce qui met l\u2019accent sur les grands dorsaux, le milieu du dos et l\u2019arri\u00e8re des \u00e9paules, tout en sollicitant \u00e9galement les biceps et les avant-bras. <\/p>\n<p>Avec sa m\u00e9canique fluide et son syst\u00e8me de poign\u00e9e adaptatif, la L7XY offre un rowing cibl\u00e9 et respectueux des articulations pour le d\u00e9veloppement du haut du corps.<\/p>\n\n    <div class=\"xs_social_share_widget xs_share_url after_content \t\tmain_content  wslu-style-1 wslu-share-box-shaped wslu-fill-colored wslu-none wslu-share-horizontal wslu-theme-font-no wslu-main_content\">\n\n\t\t\n        <ul>\n\t\t\t        <\/ul>\n    <\/div> \n","protected":false},"excerpt":{"rendered":"<p>La Machine Rowing L7XY est con\u00e7ue pour des exercices de traction horizontale contr\u00f4l\u00e9s qui d\u00e9veloppent efficacement la force du haut du corps. Avec une construction optimis\u00e9e pour la pr\u00e9cision, elle convient aussi bien aux home gyms qu\u2019aux environnements de salle de sport commerciale. La machine dispose d\u2019une distance de poign\u00e9e r\u00e9glable, vous permettant de rapprocher [&hellip;]<\/p>\n","protected":false},"featured_media":11607,"template":"","meta":{"_acf_changed":false},"product_brand":[56],"product_cat":[832],"product_tag":[],"class_list":{"0":"post-24653","1":"product","2":"type-product","3":"status-publish","4":"has-post-thumbnail","6":"product_brand-gym-factory","7":"product_cat-machines-a-charge-par-plaques","9":"first","10":"onbackorder","11":"taxable","12":"shipping-taxable","13":"purchasable","14":"product-type-variable","15":"has-default-attributes"},"acf":[],"yoast_head":"<!-- This site is optimized with the Yoast SEO plugin v25.2 - https:\/\/yoast.com\/wordpress\/plugins\/seo\/ -->\n<title>Machine Rowing L7XY | \u00c9quipement pour Exercices de Musculation<\/title>\n<meta name=\"description\" content=\"Vous cherchez \u00e0 am\u00e9liorer la force de votre dos ? La Machine Rowing L7XY est un \u00e9quipement con\u00e7u pour les exercices de musculation ciblant la puissance du haut du corps et le mouvement de traction.\" \/>\n<meta name=\"robots\" content=\"index, follow, max-snippet:-1, max-image-preview:large, max-video-preview:-1\" \/>\n<link rel=\"canonical\" href=\"https:\/\/gymfactory.eu\/fr\/produit\/machine-rowing-l7xy\/\" \/>\n<meta property=\"og:locale\" content=\"fr_FR\" \/>\n<meta property=\"og:type\" content=\"article\" \/>\n<meta property=\"og:title\" content=\"Machine Rowing L7XY | \u00c9quipement pour Exercices de Musculation\" \/>\n<meta property=\"og:description\" content=\"Vous cherchez \u00e0 am\u00e9liorer la force de votre dos ? La Machine Rowing L7XY est un \u00e9quipement con\u00e7u pour les exercices de musculation ciblant la puissance du haut du corps et le mouvement de traction.\" \/>\n<meta property=\"og:url\" content=\"https:\/\/gymfactory.eu\/fr\/produit\/machine-rowing-l7xy\/\" \/>\n<meta property=\"og:site_name\" content=\"Gym Factory\" \/>\n<meta property=\"og:image\" content=\"https:\/\/gymfactory.eu\/wp-content\/uploads\/2025\/02\/gym-machine-L7XY-seated-row-side-view-1.webp\" \/>\n\t<meta property=\"og:image:width\" content=\"1500\" \/>\n\t<meta property=\"og:image:height\" content=\"1500\" \/>\n\t<meta property=\"og:image:type\" content=\"image\/webp\" \/>\n<meta name=\"twitter:card\" content=\"summary_large_image\" \/>\n<meta name=\"twitter:label1\" content=\"Dur\u00e9e de lecture estim\u00e9e\" \/>\n\t<meta name=\"twitter:data1\" content=\"1 minute\" \/>\n<script type=\"application\/ld+json\" class=\"yoast-schema-graph\">{\"@context\":\"https:\/\/schema.org\",\"@graph\":[{\"@type\":\"WebPage\",\"@id\":\"https:\/\/gymfactory.eu\/fr\/produit\/machine-rowing-l7xy\/\",\"url\":\"https:\/\/gymfactory.eu\/fr\/produit\/machine-rowing-l7xy\/\",\"name\":\"Machine Rowing L7XY | \u00c9quipement pour Exercices de Musculation\",\"isPartOf\":{\"@id\":\"https:\/\/gymfactory.eu\/fr\/#website\"},\"primaryImageOfPage\":{\"@id\":\"https:\/\/gymfactory.eu\/fr\/produit\/machine-rowing-l7xy\/#primaryimage\"},\"image\":{\"@id\":\"https:\/\/gymfactory.eu\/fr\/produit\/machine-rowing-l7xy\/#primaryimage\"},\"thumbnailUrl\":\"https:\/\/gymfactory.eu\/wp-content\/uploads\/2025\/02\/gym-machine-L7XY-seated-row-side-view-1.webp\",\"datePublished\":\"2025-02-03T06:16:11+00:00\",\"description\":\"Vous cherchez \u00e0 am\u00e9liorer la force de votre dos ? La Machine Rowing L7XY est un \u00e9quipement con\u00e7u pour les exercices de musculation ciblant la puissance du haut du corps et le mouvement de traction.\",\"breadcrumb\":{\"@id\":\"https:\/\/gymfactory.eu\/fr\/produit\/machine-rowing-l7xy\/#breadcrumb\"},\"inLanguage\":\"fr-FR\",\"potentialAction\":[{\"@type\":\"ReadAction\",\"target\":[\"https:\/\/gymfactory.eu\/fr\/produit\/machine-rowing-l7xy\/\"]}]},{\"@type\":\"ImageObject\",\"inLanguage\":\"fr-FR\",\"@id\":\"https:\/\/gymfactory.eu\/fr\/produit\/machine-rowing-l7xy\/#primaryimage\",\"url\":\"https:\/\/gymfactory.eu\/wp-content\/uploads\/2025\/02\/gym-machine-L7XY-seated-row-side-view-1.webp\",\"contentUrl\":\"https:\/\/gymfactory.eu\/wp-content\/uploads\/2025\/02\/gym-machine-L7XY-seated-row-side-view-1.webp\",\"width\":1500,\"height\":1500,\"caption\":\"Une vue lat\u00e9rale d\u2019une machine de musculation rowing assis \u00e0 charge libre, affichant son cadre robuste et son design ergonomique. Le m\u00e9canisme de traction inclin\u00e9 assure un engagement musculaire optimal, tandis que le support rembourr\u00e9 maintient l\u2019utilisateur dans une position stable. Le syst\u00e8me de mouvement fluide et les \u00e9pis de chargement de disques font de cette machine un excellent outil pour d\u00e9velopper un dos fort et muscl\u00e9.\"},{\"@type\":\"BreadcrumbList\",\"@id\":\"https:\/\/gymfactory.eu\/fr\/produit\/machine-rowing-l7xy\/#breadcrumb\",\"itemListElement\":[{\"@type\":\"ListItem\",\"position\":1,\"name\":\"Home\",\"item\":\"https:\/\/gymfactory.eu\/fr\/\"},{\"@type\":\"ListItem\",\"position\":2,\"name\":\"Catalogue\",\"item\":\"https:\/\/gymfactory.eu\/fr\/catalogue-2\/\"},{\"@type\":\"ListItem\",\"position\":3,\"name\":\"Machine Rowing L7XY\"}]},{\"@type\":\"WebSite\",\"@id\":\"https:\/\/gymfactory.eu\/fr\/#website\",\"url\":\"https:\/\/gymfactory.eu\/fr\/\",\"name\":\"Gym Factory\",\"description\":\"\",\"publisher\":{\"@id\":\"https:\/\/gymfactory.eu\/fr\/#organization\"},\"potentialAction\":[{\"@type\":\"SearchAction\",\"target\":{\"@type\":\"EntryPoint\",\"urlTemplate\":\"https:\/\/gymfactory.eu\/fr\/?s={search_term_string}\"},\"query-input\":{\"@type\":\"PropertyValueSpecification\",\"valueRequired\":true,\"valueName\":\"search_term_string\"}}],\"inLanguage\":\"fr-FR\"},{\"@type\":\"Organization\",\"@id\":\"https:\/\/gymfactory.eu\/fr\/#organization\",\"name\":\"Gym Factory\",\"url\":\"https:\/\/gymfactory.eu\/fr\/\",\"logo\":{\"@type\":\"ImageObject\",\"inLanguage\":\"fr-FR\",\"@id\":\"https:\/\/gymfactory.eu\/fr\/#\/schema\/logo\/image\/\",\"url\":\"https:\/\/gymfactory.eu\/wp-content\/uploads\/2024\/11\/Component-1.svg\",\"contentUrl\":\"https:\/\/gymfactory.eu\/wp-content\/uploads\/2024\/11\/Component-1.svg\",\"width\":54,\"height\":44,\"caption\":\"Gym Factory\"},\"image\":{\"@id\":\"https:\/\/gymfactory.eu\/fr\/#\/schema\/logo\/image\/\"}}]}<\/script>\n<!-- \/ Yoast SEO plugin. -->","yoast_head_json":{"title":"Machine Rowing L7XY | \u00c9quipement pour Exercices de Musculation","description":"Vous cherchez \u00e0 am\u00e9liorer la force de votre dos ? La Machine Rowing L7XY est un \u00e9quipement con\u00e7u pour les exercices de musculation ciblant la puissance du haut du corps et le mouvement de traction.","robots":{"index":"index","follow":"follow","max-snippet":"max-snippet:-1","max-image-preview":"max-image-preview:large","max-video-preview":"max-video-preview:-1"},"canonical":"https:\/\/gymfactory.eu\/fr\/produit\/machine-rowing-l7xy\/","og_locale":"fr_FR","og_type":"article","og_title":"Machine Rowing L7XY | \u00c9quipement pour Exercices de Musculation","og_description":"Vous cherchez \u00e0 am\u00e9liorer la force de votre dos ? La Machine Rowing L7XY est un \u00e9quipement con\u00e7u pour les exercices de musculation ciblant la puissance du haut du corps et le mouvement de traction.","og_url":"https:\/\/gymfactory.eu\/fr\/produit\/machine-rowing-l7xy\/","og_site_name":"Gym Factory","og_image":[{"width":1500,"height":1500,"url":"https:\/\/gymfactory.eu\/wp-content\/uploads\/2025\/02\/gym-machine-L7XY-seated-row-side-view-1.webp","type":"image\/webp"}],"twitter_card":"summary_large_image","twitter_misc":{"Dur\u00e9e de lecture estim\u00e9e":"1 minute"},"schema":{"@context":"https:\/\/schema.org","@graph":[{"@type":"WebPage","@id":"https:\/\/gymfactory.eu\/fr\/produit\/machine-rowing-l7xy\/","url":"https:\/\/gymfactory.eu\/fr\/produit\/machine-rowing-l7xy\/","name":"Machine Rowing L7XY | \u00c9quipement pour Exercices de Musculation","isPartOf":{"@id":"https:\/\/gymfactory.eu\/fr\/#website"},"primaryImageOfPage":{"@id":"https:\/\/gymfactory.eu\/fr\/produit\/machine-rowing-l7xy\/#primaryimage"},"image":{"@id":"https:\/\/gymfactory.eu\/fr\/produit\/machine-rowing-l7xy\/#primaryimage"},"thumbnailUrl":"https:\/\/gymfactory.eu\/wp-content\/uploads\/2025\/02\/gym-machine-L7XY-seated-row-side-view-1.webp","datePublished":"2025-02-03T06:16:11+00:00","description":"Vous cherchez \u00e0 am\u00e9liorer la force de votre dos ? La Machine Rowing L7XY est un \u00e9quipement con\u00e7u pour les exercices de musculation ciblant la puissance du haut du corps et le mouvement de traction.","breadcrumb":{"@id":"https:\/\/gymfactory.eu\/fr\/produit\/machine-rowing-l7xy\/#breadcrumb"},"inLanguage":"fr-FR","potentialAction":[{"@type":"ReadAction","target":["https:\/\/gymfactory.eu\/fr\/produit\/machine-rowing-l7xy\/"]}]},{"@type":"ImageObject","inLanguage":"fr-FR","@id":"https:\/\/gymfactory.eu\/fr\/produit\/machine-rowing-l7xy\/#primaryimage","url":"https:\/\/gymfactory.eu\/wp-content\/uploads\/2025\/02\/gym-machine-L7XY-seated-row-side-view-1.webp","contentUrl":"https:\/\/gymfactory.eu\/wp-content\/uploads\/2025\/02\/gym-machine-L7XY-seated-row-side-view-1.webp","width":1500,"height":1500,"caption":"Une vue lat\u00e9rale d\u2019une machine de musculation rowing assis \u00e0 charge libre, affichant son cadre robuste et son design ergonomique. Le m\u00e9canisme de traction inclin\u00e9 assure un engagement musculaire optimal, tandis que le support rembourr\u00e9 maintient l\u2019utilisateur dans une position stable. Le syst\u00e8me de mouvement fluide et les \u00e9pis de chargement de disques font de cette machine un excellent outil pour d\u00e9velopper un dos fort et muscl\u00e9."},{"@type":"BreadcrumbList","@id":"https:\/\/gymfactory.eu\/fr\/produit\/machine-rowing-l7xy\/#breadcrumb","itemListElement":[{"@type":"ListItem","position":1,"name":"Home","item":"https:\/\/gymfactory.eu\/fr\/"},{"@type":"ListItem","position":2,"name":"Catalogue","item":"https:\/\/gymfactory.eu\/fr\/catalogue-2\/"},{"@type":"ListItem","position":3,"name":"Machine Rowing L7XY"}]},{"@type":"WebSite","@id":"https:\/\/gymfactory.eu\/fr\/#website","url":"https:\/\/gymfactory.eu\/fr\/","name":"Gym Factory","description":"","publisher":{"@id":"https:\/\/gymfactory.eu\/fr\/#organization"},"potentialAction":[{"@type":"SearchAction","target":{"@type":"EntryPoint","urlTemplate":"https:\/\/gymfactory.eu\/fr\/?s={search_term_string}"},"query-input":{"@type":"PropertyValueSpecification","valueRequired":true,"valueName":"search_term_string"}}],"inLanguage":"fr-FR"},{"@type":"Organization","@id":"https:\/\/gymfactory.eu\/fr\/#organization","name":"Gym Factory","url":"https:\/\/gymfactory.eu\/fr\/","logo":{"@type":"ImageObject","inLanguage":"fr-FR","@id":"https:\/\/gymfactory.eu\/fr\/#\/schema\/logo\/image\/","url":"https:\/\/gymfactory.eu\/wp-content\/uploads\/2024\/11\/Component-1.svg","contentUrl":"https:\/\/gymfactory.eu\/wp-content\/uploads\/2024\/11\/Component-1.svg","width":54,"height":44,"caption":"Gym Factory"},"image":{"@id":"https:\/\/gymfactory.eu\/fr\/#\/schema\/logo\/image\/"}}]}},"_links":{"self":[{"href":"https:\/\/gymfactory.eu\/fr\/wp-json\/wp\/v2\/product\/24653","targetHints":{"allow":["GET"]}}],"collection":[{"href":"https:\/\/gymfactory.eu\/fr\/wp-json\/wp\/v2\/product"}],"about":[{"href":"https:\/\/gymfactory.eu\/fr\/wp-json\/wp\/v2\/types\/product"}],"wp:featuredmedia":[{"embeddable":true,"href":"https:\/\/gymfactory.eu\/fr\/wp-json\/wp\/v2\/media\/11607"}],"wp:attachment":[{"href":"https:\/\/gymfactory.eu\/fr\/wp-json\/wp\/v2\/media?parent=24653"}],"wp:term":[{"taxonomy":"product_brand","embeddable":true,"href":"https:\/\/gymfactory.eu\/fr\/wp-json\/wp\/v2\/product_brand?post=24653"},{"taxonomy":"product_cat","embeddable":true,"href":"https:\/\/gymfactory.eu\/fr\/wp-json\/wp\/v2\/product_cat?post=24653"},{"taxonomy":"product_tag","embeddable":true,"href":"https:\/\/gymfactory.eu\/fr\/wp-json\/wp\/v2\/product_tag?post=24653"}],"curies":[{"name":"wp","href":"https:\/\/api.w.org\/{rel}","templated":true}]}}