{"id":24645,"date":"2025-02-03T07:55:14","date_gmt":"2025-02-03T05:55:14","guid":{"rendered":"https:\/\/gymfactory.eu\/product\/machine-lat-pulldown-l8-tirage-frontal\/"},"modified":"2025-02-03T07:55:14","modified_gmt":"2025-02-03T05:55:14","slug":"machine-lat-pulldown-l8-tirage-frontal","status":"publish","type":"product","link":"https:\/\/gymfactory.eu\/fr\/produit\/machine-lat-pulldown-l8-tirage-frontal\/","title":{"rendered":"Machine Lat Pulldown L8 &#8211; Tirage Frontal"},"content":{"rendered":"<p>La Machine Lat Pulldown L8 &#8211; Tirage Frontal est con\u00e7ue pour un entra\u00eenement efficace du haut du corps, aussi bien dans les home gyms que dans les salles de sport commerciales. Son cadre stable et son mouvement fluide soutiennent des exercices de tirage cibl\u00e9s et contr\u00f4l\u00e9s. <\/p>\n<p>Cette machine est utilis\u00e9e pour les mouvements de tirage vertical (lat pulldown), qui renforcent principalement le dos et les bras. Comme le mouvement suit la descente des coudes l\u00e9g\u00e8rement vers l\u2019arri\u00e8re, la barre emprunte une trajectoire qui se rapproche naturellement du corps (pas \u00e0 la verticale stricte), aidant \u00e0 mieux engager les muscles de traction. Pendant l\u2019exercice, vous ressentirez \u00e9galement le travail dans la partie arri\u00e8re des \u00e9paules et le haut du dos.  <\/p>\n<p>La machine comprend un si\u00e8ge r\u00e9glable et un coussin de blocage des jambes ajustable en hauteur, permettant aux utilisateurs de d\u00e9finir la position correcte pour le confort et une forme appropri\u00e9e.<\/p>\n<p>La L8 offre un moyen pratique et fiable d\u2019entra\u00eener les muscles cl\u00e9s du haut du corps avec une bonne amplitude et un bon soutien.<\/p>\n\n    <div class=\"xs_social_share_widget xs_share_url after_content \t\tmain_content  wslu-style-1 wslu-share-box-shaped wslu-fill-colored wslu-none wslu-share-horizontal wslu-theme-font-no wslu-main_content\">\n\n\t\t\n        <ul>\n\t\t\t        <\/ul>\n    <\/div> \n","protected":false},"excerpt":{"rendered":"<p>La Machine Lat Pulldown L8 &#8211; Tirage Frontal est con\u00e7ue pour un entra\u00eenement efficace du haut du corps, aussi bien dans les home gyms que dans les salles de sport commerciales. Son cadre stable et son mouvement fluide soutiennent des exercices de tirage cibl\u00e9s et contr\u00f4l\u00e9s. Cette machine est utilis\u00e9e pour les mouvements de tirage [&hellip;]<\/p>\n","protected":false},"featured_media":11024,"template":"","meta":{"_acf_changed":false},"product_brand":[56],"product_cat":[832],"product_tag":[],"class_list":{"0":"post-24645","1":"product","2":"type-product","3":"status-publish","4":"has-post-thumbnail","6":"product_brand-gym-factory","7":"product_cat-machines-a-charge-par-plaques","9":"first","10":"onbackorder","11":"taxable","12":"shipping-taxable","13":"purchasable","14":"product-type-variable","15":"has-default-attributes"},"acf":[],"yoast_head":"<!-- This site is optimized with the Yoast SEO plugin v25.2 - https:\/\/yoast.com\/wordpress\/plugins\/seo\/ -->\n<title>Machine Lat Pulldown L8 | Pour Home Gym &amp; Salle Pro<\/title>\n<meta name=\"description\" content=\"Besoin d\u2019une machine \u00e0 tirage vertical pour votre salle ? La Machine Lat Pulldown L8 est parfaite pour un usage domestique ou professionnel, offrant un mouvement fluide et un entra\u00eenement ax\u00e9 sur le dos.\" \/>\n<meta name=\"robots\" content=\"index, follow, max-snippet:-1, max-image-preview:large, max-video-preview:-1\" \/>\n<link rel=\"canonical\" href=\"https:\/\/gymfactory.eu\/fr\/produit\/machine-lat-pulldown-l8-tirage-frontal\/\" \/>\n<meta property=\"og:locale\" content=\"fr_FR\" \/>\n<meta property=\"og:type\" content=\"article\" \/>\n<meta property=\"og:title\" content=\"Machine Lat Pulldown L8 | Pour Home Gym &amp; Salle Pro\" \/>\n<meta property=\"og:description\" content=\"Besoin d\u2019une machine \u00e0 tirage vertical pour votre salle ? La Machine Lat Pulldown L8 est parfaite pour un usage domestique ou professionnel, offrant un mouvement fluide et un entra\u00eenement ax\u00e9 sur le dos.\" \/>\n<meta property=\"og:url\" content=\"https:\/\/gymfactory.eu\/fr\/produit\/machine-lat-pulldown-l8-tirage-frontal\/\" \/>\n<meta property=\"og:site_name\" content=\"Gym Factory\" \/>\n<meta property=\"og:image\" content=\"https:\/\/gymfactory.eu\/wp-content\/uploads\/2025\/02\/gym-machine-L8-lat-pulldown-side-view-1-1.webp\" \/>\n\t<meta property=\"og:image:width\" content=\"1500\" \/>\n\t<meta property=\"og:image:height\" content=\"1500\" \/>\n\t<meta property=\"og:image:type\" content=\"image\/webp\" \/>\n<meta name=\"twitter:card\" content=\"summary_large_image\" \/>\n<meta name=\"twitter:label1\" content=\"Dur\u00e9e de lecture estim\u00e9e\" \/>\n\t<meta name=\"twitter:data1\" content=\"1 minute\" \/>\n<script type=\"application\/ld+json\" class=\"yoast-schema-graph\">{\"@context\":\"https:\/\/schema.org\",\"@graph\":[{\"@type\":\"WebPage\",\"@id\":\"https:\/\/gymfactory.eu\/fr\/produit\/machine-lat-pulldown-l8-tirage-frontal\/\",\"url\":\"https:\/\/gymfactory.eu\/fr\/produit\/machine-lat-pulldown-l8-tirage-frontal\/\",\"name\":\"Machine Lat Pulldown L8 | Pour Home Gym & Salle Pro\",\"isPartOf\":{\"@id\":\"https:\/\/gymfactory.eu\/fr\/#website\"},\"primaryImageOfPage\":{\"@id\":\"https:\/\/gymfactory.eu\/fr\/produit\/machine-lat-pulldown-l8-tirage-frontal\/#primaryimage\"},\"image\":{\"@id\":\"https:\/\/gymfactory.eu\/fr\/produit\/machine-lat-pulldown-l8-tirage-frontal\/#primaryimage\"},\"thumbnailUrl\":\"https:\/\/gymfactory.eu\/wp-content\/uploads\/2025\/02\/gym-machine-L8-lat-pulldown-side-view-1-1.webp\",\"datePublished\":\"2025-02-03T05:55:14+00:00\",\"description\":\"Besoin d\u2019une machine \u00e0 tirage vertical pour votre salle ? La Machine Lat Pulldown L8 est parfaite pour un usage domestique ou professionnel, offrant un mouvement fluide et un entra\u00eenement ax\u00e9 sur le dos.\",\"breadcrumb\":{\"@id\":\"https:\/\/gymfactory.eu\/fr\/produit\/machine-lat-pulldown-l8-tirage-frontal\/#breadcrumb\"},\"inLanguage\":\"fr-FR\",\"potentialAction\":[{\"@type\":\"ReadAction\",\"target\":[\"https:\/\/gymfactory.eu\/fr\/produit\/machine-lat-pulldown-l8-tirage-frontal\/\"]}]},{\"@type\":\"ImageObject\",\"inLanguage\":\"fr-FR\",\"@id\":\"https:\/\/gymfactory.eu\/fr\/produit\/machine-lat-pulldown-l8-tirage-frontal\/#primaryimage\",\"url\":\"https:\/\/gymfactory.eu\/wp-content\/uploads\/2025\/02\/gym-machine-L8-lat-pulldown-side-view-1-1.webp\",\"contentUrl\":\"https:\/\/gymfactory.eu\/wp-content\/uploads\/2025\/02\/gym-machine-L8-lat-pulldown-side-view-1-1.webp\",\"width\":1500,\"height\":1500,\"caption\":\"Une vue lat\u00e9rale d\u2019une machine de musculation lat pulldown professionnelle mettant en valeur son cadre en acier robuste et sa construction de haute qualit\u00e9. La machine est destin\u00e9e \u00e0 l\u2019entra\u00eenement du haut du corps, avec un syst\u00e8me de mouvement par c\u00e2ble fluide, une hauteur de si\u00e8ge r\u00e9glable et des supports de disques pour des niveaux de r\u00e9sistance personnalis\u00e9s.\"},{\"@type\":\"BreadcrumbList\",\"@id\":\"https:\/\/gymfactory.eu\/fr\/produit\/machine-lat-pulldown-l8-tirage-frontal\/#breadcrumb\",\"itemListElement\":[{\"@type\":\"ListItem\",\"position\":1,\"name\":\"Home\",\"item\":\"https:\/\/gymfactory.eu\/fr\/\"},{\"@type\":\"ListItem\",\"position\":2,\"name\":\"Catalogue\",\"item\":\"https:\/\/gymfactory.eu\/fr\/catalogue-2\/\"},{\"@type\":\"ListItem\",\"position\":3,\"name\":\"Machine Lat Pulldown L8 &#8211; Tirage Frontal\"}]},{\"@type\":\"WebSite\",\"@id\":\"https:\/\/gymfactory.eu\/fr\/#website\",\"url\":\"https:\/\/gymfactory.eu\/fr\/\",\"name\":\"Gym Factory\",\"description\":\"\",\"publisher\":{\"@id\":\"https:\/\/gymfactory.eu\/fr\/#organization\"},\"potentialAction\":[{\"@type\":\"SearchAction\",\"target\":{\"@type\":\"EntryPoint\",\"urlTemplate\":\"https:\/\/gymfactory.eu\/fr\/?s={search_term_string}\"},\"query-input\":{\"@type\":\"PropertyValueSpecification\",\"valueRequired\":true,\"valueName\":\"search_term_string\"}}],\"inLanguage\":\"fr-FR\"},{\"@type\":\"Organization\",\"@id\":\"https:\/\/gymfactory.eu\/fr\/#organization\",\"name\":\"Gym Factory\",\"url\":\"https:\/\/gymfactory.eu\/fr\/\",\"logo\":{\"@type\":\"ImageObject\",\"inLanguage\":\"fr-FR\",\"@id\":\"https:\/\/gymfactory.eu\/fr\/#\/schema\/logo\/image\/\",\"url\":\"https:\/\/gymfactory.eu\/wp-content\/uploads\/2024\/11\/Component-1.svg\",\"contentUrl\":\"https:\/\/gymfactory.eu\/wp-content\/uploads\/2024\/11\/Component-1.svg\",\"width\":54,\"height\":44,\"caption\":\"Gym Factory\"},\"image\":{\"@id\":\"https:\/\/gymfactory.eu\/fr\/#\/schema\/logo\/image\/\"}}]}<\/script>\n<!-- \/ Yoast SEO plugin. -->","yoast_head_json":{"title":"Machine Lat Pulldown L8 | Pour Home Gym & Salle Pro","description":"Besoin d\u2019une machine \u00e0 tirage vertical pour votre salle ? La Machine Lat Pulldown L8 est parfaite pour un usage domestique ou professionnel, offrant un mouvement fluide et un entra\u00eenement ax\u00e9 sur le dos.","robots":{"index":"index","follow":"follow","max-snippet":"max-snippet:-1","max-image-preview":"max-image-preview:large","max-video-preview":"max-video-preview:-1"},"canonical":"https:\/\/gymfactory.eu\/fr\/produit\/machine-lat-pulldown-l8-tirage-frontal\/","og_locale":"fr_FR","og_type":"article","og_title":"Machine Lat Pulldown L8 | Pour Home Gym & Salle Pro","og_description":"Besoin d\u2019une machine \u00e0 tirage vertical pour votre salle ? La Machine Lat Pulldown L8 est parfaite pour un usage domestique ou professionnel, offrant un mouvement fluide et un entra\u00eenement ax\u00e9 sur le dos.","og_url":"https:\/\/gymfactory.eu\/fr\/produit\/machine-lat-pulldown-l8-tirage-frontal\/","og_site_name":"Gym Factory","og_image":[{"width":1500,"height":1500,"url":"https:\/\/gymfactory.eu\/wp-content\/uploads\/2025\/02\/gym-machine-L8-lat-pulldown-side-view-1-1.webp","type":"image\/webp"}],"twitter_card":"summary_large_image","twitter_misc":{"Dur\u00e9e de lecture estim\u00e9e":"1 minute"},"schema":{"@context":"https:\/\/schema.org","@graph":[{"@type":"WebPage","@id":"https:\/\/gymfactory.eu\/fr\/produit\/machine-lat-pulldown-l8-tirage-frontal\/","url":"https:\/\/gymfactory.eu\/fr\/produit\/machine-lat-pulldown-l8-tirage-frontal\/","name":"Machine Lat Pulldown L8 | Pour Home Gym & Salle Pro","isPartOf":{"@id":"https:\/\/gymfactory.eu\/fr\/#website"},"primaryImageOfPage":{"@id":"https:\/\/gymfactory.eu\/fr\/produit\/machine-lat-pulldown-l8-tirage-frontal\/#primaryimage"},"image":{"@id":"https:\/\/gymfactory.eu\/fr\/produit\/machine-lat-pulldown-l8-tirage-frontal\/#primaryimage"},"thumbnailUrl":"https:\/\/gymfactory.eu\/wp-content\/uploads\/2025\/02\/gym-machine-L8-lat-pulldown-side-view-1-1.webp","datePublished":"2025-02-03T05:55:14+00:00","description":"Besoin d\u2019une machine \u00e0 tirage vertical pour votre salle ? La Machine Lat Pulldown L8 est parfaite pour un usage domestique ou professionnel, offrant un mouvement fluide et un entra\u00eenement ax\u00e9 sur le dos.","breadcrumb":{"@id":"https:\/\/gymfactory.eu\/fr\/produit\/machine-lat-pulldown-l8-tirage-frontal\/#breadcrumb"},"inLanguage":"fr-FR","potentialAction":[{"@type":"ReadAction","target":["https:\/\/gymfactory.eu\/fr\/produit\/machine-lat-pulldown-l8-tirage-frontal\/"]}]},{"@type":"ImageObject","inLanguage":"fr-FR","@id":"https:\/\/gymfactory.eu\/fr\/produit\/machine-lat-pulldown-l8-tirage-frontal\/#primaryimage","url":"https:\/\/gymfactory.eu\/wp-content\/uploads\/2025\/02\/gym-machine-L8-lat-pulldown-side-view-1-1.webp","contentUrl":"https:\/\/gymfactory.eu\/wp-content\/uploads\/2025\/02\/gym-machine-L8-lat-pulldown-side-view-1-1.webp","width":1500,"height":1500,"caption":"Une vue lat\u00e9rale d\u2019une machine de musculation lat pulldown professionnelle mettant en valeur son cadre en acier robuste et sa construction de haute qualit\u00e9. La machine est destin\u00e9e \u00e0 l\u2019entra\u00eenement du haut du corps, avec un syst\u00e8me de mouvement par c\u00e2ble fluide, une hauteur de si\u00e8ge r\u00e9glable et des supports de disques pour des niveaux de r\u00e9sistance personnalis\u00e9s."},{"@type":"BreadcrumbList","@id":"https:\/\/gymfactory.eu\/fr\/produit\/machine-lat-pulldown-l8-tirage-frontal\/#breadcrumb","itemListElement":[{"@type":"ListItem","position":1,"name":"Home","item":"https:\/\/gymfactory.eu\/fr\/"},{"@type":"ListItem","position":2,"name":"Catalogue","item":"https:\/\/gymfactory.eu\/fr\/catalogue-2\/"},{"@type":"ListItem","position":3,"name":"Machine Lat Pulldown L8 &#8211; Tirage Frontal"}]},{"@type":"WebSite","@id":"https:\/\/gymfactory.eu\/fr\/#website","url":"https:\/\/gymfactory.eu\/fr\/","name":"Gym Factory","description":"","publisher":{"@id":"https:\/\/gymfactory.eu\/fr\/#organization"},"potentialAction":[{"@type":"SearchAction","target":{"@type":"EntryPoint","urlTemplate":"https:\/\/gymfactory.eu\/fr\/?s={search_term_string}"},"query-input":{"@type":"PropertyValueSpecification","valueRequired":true,"valueName":"search_term_string"}}],"inLanguage":"fr-FR"},{"@type":"Organization","@id":"https:\/\/gymfactory.eu\/fr\/#organization","name":"Gym Factory","url":"https:\/\/gymfactory.eu\/fr\/","logo":{"@type":"ImageObject","inLanguage":"fr-FR","@id":"https:\/\/gymfactory.eu\/fr\/#\/schema\/logo\/image\/","url":"https:\/\/gymfactory.eu\/wp-content\/uploads\/2024\/11\/Component-1.svg","contentUrl":"https:\/\/gymfactory.eu\/wp-content\/uploads\/2024\/11\/Component-1.svg","width":54,"height":44,"caption":"Gym Factory"},"image":{"@id":"https:\/\/gymfactory.eu\/fr\/#\/schema\/logo\/image\/"}}]}},"_links":{"self":[{"href":"https:\/\/gymfactory.eu\/fr\/wp-json\/wp\/v2\/product\/24645","targetHints":{"allow":["GET"]}}],"collection":[{"href":"https:\/\/gymfactory.eu\/fr\/wp-json\/wp\/v2\/product"}],"about":[{"href":"https:\/\/gymfactory.eu\/fr\/wp-json\/wp\/v2\/types\/product"}],"wp:featuredmedia":[{"embeddable":true,"href":"https:\/\/gymfactory.eu\/fr\/wp-json\/wp\/v2\/media\/11024"}],"wp:attachment":[{"href":"https:\/\/gymfactory.eu\/fr\/wp-json\/wp\/v2\/media?parent=24645"}],"wp:term":[{"taxonomy":"product_brand","embeddable":true,"href":"https:\/\/gymfactory.eu\/fr\/wp-json\/wp\/v2\/product_brand?post=24645"},{"taxonomy":"product_cat","embeddable":true,"href":"https:\/\/gymfactory.eu\/fr\/wp-json\/wp\/v2\/product_cat?post=24645"},{"taxonomy":"product_tag","embeddable":true,"href":"https:\/\/gymfactory.eu\/fr\/wp-json\/wp\/v2\/product_tag?post=24645"}],"curies":[{"name":"wp","href":"https:\/\/api.w.org\/{rel}","templated":true}]}}