{"id":24637,"date":"2025-01-31T13:43:25","date_gmt":"2025-01-31T11:43:25","guid":{"rendered":"https:\/\/gymfactory.eu\/product\/machine-rowing-l7x-rowing-assis-a-levier\/"},"modified":"2025-01-31T13:43:25","modified_gmt":"2025-01-31T11:43:25","slug":"machine-rowing-l7x-rowing-assis-a-levier","status":"publish","type":"product","link":"https:\/\/gymfactory.eu\/fr\/produit\/machine-rowing-l7x-rowing-assis-a-levier\/","title":{"rendered":"Machine Rowing L7X &#8211; Rowing Assis \u00e0 Levier"},"content":{"rendered":"<p>La Machine Rowing L7X &#8211; Rowing Assis \u00e0 Levier est une solution stable et puissante pour l\u2019entra\u00eenement du dos, aussi bien dans les home gyms que dans les salles de sport commerciales. Construite avec un support de poitrine fixe et une trajectoire de tirage \u00e0 angle bas, elle offre une sensation l\u00e9g\u00e8rement diff\u00e9rente en d\u00e9pla\u00e7ant l\u2019accent vers la partie inf\u00e9rieure des grands dorsaux. <\/p>\n<p>Cette machine est con\u00e7ue pour le rowing avec support poitrine, ciblant efficacement les grands dorsaux, le haut du dos et l\u2019arri\u00e8re des \u00e9paules, tout en sollicitant \u00e9galement les bras. Le mouvement de tirage commence dans une position \u00e9troite et se termine plus large, am\u00e9liorant l\u2019engagement du dos et la contraction musculaire tout au long de l\u2019amplitude du mouvement. <\/p>\n<p>Le si\u00e8ge et le support de poitrine sont r\u00e9glables en hauteur, et la machine comprend une large s\u00e9lection de positions de poign\u00e9e, vous permettant de varier la prise et l\u2019angle de tirage en fonction de vos objectifs d\u2019entra\u00eenement.<\/p>\n<p>La L7X est id\u00e9ale pour les pratiquants cherchant \u00e0 d\u00e9velopper la force du dos avec une vari\u00e9t\u00e9 de prises et une trajectoire de tirage plus basse.<\/p>\n\n    <div class=\"xs_social_share_widget xs_share_url after_content \t\tmain_content  wslu-style-1 wslu-share-box-shaped wslu-fill-colored wslu-none wslu-share-horizontal wslu-theme-font-no wslu-main_content\">\n\n\t\t\n        <ul>\n\t\t\t        <\/ul>\n    <\/div> \n","protected":false},"excerpt":{"rendered":"<p>La Machine Rowing L7X &#8211; Rowing Assis \u00e0 Levier est une solution stable et puissante pour l\u2019entra\u00eenement du dos, aussi bien dans les home gyms que dans les salles de sport commerciales. Construite avec un support de poitrine fixe et une trajectoire de tirage \u00e0 angle bas, elle offre une sensation l\u00e9g\u00e8rement diff\u00e9rente en d\u00e9pla\u00e7ant [&hellip;]<\/p>\n","protected":false},"featured_media":11382,"template":"","meta":{"_acf_changed":false},"product_brand":[56],"product_cat":[832],"product_tag":[],"class_list":{"0":"post-24637","1":"product","2":"type-product","3":"status-publish","4":"has-post-thumbnail","6":"product_brand-gym-factory","7":"product_cat-machines-a-charge-par-plaques","9":"first","10":"onbackorder","11":"taxable","12":"shipping-taxable","13":"purchasable","14":"product-type-variable","15":"has-default-attributes"},"acf":[],"yoast_head":"<!-- This site is optimized with the Yoast SEO plugin v25.2 - https:\/\/yoast.com\/wordpress\/plugins\/seo\/ -->\n<title>Machine Rowing L7X | Pour Exercices de Rowing Cibl\u00e9s Dos<\/title>\n<meta name=\"description\" content=\"Vous cherchez un moyen polyvalent d\u2019entra\u00eener votre dos ? La Machine Rowing L7X permet une vari\u00e9t\u00e9 de mouvements de rowing pour des entra\u00eenements du haut du corps puissants et efficaces.\" \/>\n<meta name=\"robots\" content=\"index, follow, max-snippet:-1, max-image-preview:large, max-video-preview:-1\" \/>\n<link rel=\"canonical\" href=\"https:\/\/gymfactory.eu\/fr\/produit\/machine-rowing-l7x-rowing-assis-a-levier\/\" \/>\n<meta property=\"og:locale\" content=\"fr_FR\" \/>\n<meta property=\"og:type\" content=\"article\" \/>\n<meta property=\"og:title\" content=\"Machine Rowing L7X | Pour Exercices de Rowing Cibl\u00e9s Dos\" \/>\n<meta property=\"og:description\" content=\"Vous cherchez un moyen polyvalent d\u2019entra\u00eener votre dos ? La Machine Rowing L7X permet une vari\u00e9t\u00e9 de mouvements de rowing pour des entra\u00eenements du haut du corps puissants et efficaces.\" \/>\n<meta property=\"og:url\" content=\"https:\/\/gymfactory.eu\/fr\/produit\/machine-rowing-l7x-rowing-assis-a-levier\/\" \/>\n<meta property=\"og:site_name\" content=\"Gym Factory\" \/>\n<meta property=\"og:image\" content=\"https:\/\/gymfactory.eu\/wp-content\/uploads\/2025\/01\/gym-machine-L7X-front-view-1.webp\" \/>\n\t<meta property=\"og:image:width\" content=\"1500\" \/>\n\t<meta property=\"og:image:height\" content=\"1500\" \/>\n\t<meta property=\"og:image:type\" content=\"image\/webp\" \/>\n<meta name=\"twitter:card\" content=\"summary_large_image\" \/>\n<meta name=\"twitter:label1\" content=\"Dur\u00e9e de lecture estim\u00e9e\" \/>\n\t<meta name=\"twitter:data1\" content=\"1 minute\" \/>\n<script type=\"application\/ld+json\" class=\"yoast-schema-graph\">{\"@context\":\"https:\/\/schema.org\",\"@graph\":[{\"@type\":\"WebPage\",\"@id\":\"https:\/\/gymfactory.eu\/fr\/produit\/machine-rowing-l7x-rowing-assis-a-levier\/\",\"url\":\"https:\/\/gymfactory.eu\/fr\/produit\/machine-rowing-l7x-rowing-assis-a-levier\/\",\"name\":\"Machine Rowing L7X | Pour Exercices de Rowing Cibl\u00e9s Dos\",\"isPartOf\":{\"@id\":\"https:\/\/gymfactory.eu\/fr\/#website\"},\"primaryImageOfPage\":{\"@id\":\"https:\/\/gymfactory.eu\/fr\/produit\/machine-rowing-l7x-rowing-assis-a-levier\/#primaryimage\"},\"image\":{\"@id\":\"https:\/\/gymfactory.eu\/fr\/produit\/machine-rowing-l7x-rowing-assis-a-levier\/#primaryimage\"},\"thumbnailUrl\":\"https:\/\/gymfactory.eu\/wp-content\/uploads\/2025\/01\/gym-machine-L7X-front-view-1.webp\",\"datePublished\":\"2025-01-31T11:43:25+00:00\",\"description\":\"Vous cherchez un moyen polyvalent d\u2019entra\u00eener votre dos ? La Machine Rowing L7X permet une vari\u00e9t\u00e9 de mouvements de rowing pour des entra\u00eenements du haut du corps puissants et efficaces.\",\"breadcrumb\":{\"@id\":\"https:\/\/gymfactory.eu\/fr\/produit\/machine-rowing-l7x-rowing-assis-a-levier\/#breadcrumb\"},\"inLanguage\":\"fr-FR\",\"potentialAction\":[{\"@type\":\"ReadAction\",\"target\":[\"https:\/\/gymfactory.eu\/fr\/produit\/machine-rowing-l7x-rowing-assis-a-levier\/\"]}]},{\"@type\":\"ImageObject\",\"inLanguage\":\"fr-FR\",\"@id\":\"https:\/\/gymfactory.eu\/fr\/produit\/machine-rowing-l7x-rowing-assis-a-levier\/#primaryimage\",\"url\":\"https:\/\/gymfactory.eu\/wp-content\/uploads\/2025\/01\/gym-machine-L7X-front-view-1.webp\",\"contentUrl\":\"https:\/\/gymfactory.eu\/wp-content\/uploads\/2025\/01\/gym-machine-L7X-front-view-1.webp\",\"width\":1500,\"height\":1500,\"caption\":\"Une vue de face haute r\u00e9solution d\u2019une machine de musculation de qualit\u00e9 professionnelle construite avec de l\u2019acier renforc\u00e9 pour la long\u00e9vit\u00e9. La machine dispose de plusieurs positions de mains, d\u2019un si\u00e8ge rembourr\u00e9 r\u00e9glable et de repose-pieds pour une stabilit\u00e9 accrue. Son sch\u00e9ma de couleurs rouge et noir vibrant ajoute un look audacieux, en faisant une pi\u00e8ce ma\u00eetresse dans tout environnement de gym.\"},{\"@type\":\"BreadcrumbList\",\"@id\":\"https:\/\/gymfactory.eu\/fr\/produit\/machine-rowing-l7x-rowing-assis-a-levier\/#breadcrumb\",\"itemListElement\":[{\"@type\":\"ListItem\",\"position\":1,\"name\":\"Home\",\"item\":\"https:\/\/gymfactory.eu\/fr\/page-principale\/\"},{\"@type\":\"ListItem\",\"position\":2,\"name\":\"Catalogue\",\"item\":\"https:\/\/gymfactory.eu\/fr\/catalogue-2\/\"},{\"@type\":\"ListItem\",\"position\":3,\"name\":\"Machine Rowing L7X &#8211; Rowing Assis \u00e0 Levier\"}]},{\"@type\":\"WebSite\",\"@id\":\"https:\/\/gymfactory.eu\/fr\/#website\",\"url\":\"https:\/\/gymfactory.eu\/fr\/\",\"name\":\"Gym Factory\",\"description\":\"\",\"publisher\":{\"@id\":\"https:\/\/gymfactory.eu\/fr\/#organization\"},\"potentialAction\":[{\"@type\":\"SearchAction\",\"target\":{\"@type\":\"EntryPoint\",\"urlTemplate\":\"https:\/\/gymfactory.eu\/fr\/?s={search_term_string}\"},\"query-input\":{\"@type\":\"PropertyValueSpecification\",\"valueRequired\":true,\"valueName\":\"search_term_string\"}}],\"inLanguage\":\"fr-FR\"},{\"@type\":\"Organization\",\"@id\":\"https:\/\/gymfactory.eu\/fr\/#organization\",\"name\":\"Gym Factory\",\"url\":\"https:\/\/gymfactory.eu\/fr\/\",\"logo\":{\"@type\":\"ImageObject\",\"inLanguage\":\"fr-FR\",\"@id\":\"https:\/\/gymfactory.eu\/fr\/#\/schema\/logo\/image\/\",\"url\":\"https:\/\/gymfactory.eu\/wp-content\/uploads\/2024\/11\/Component-1.svg\",\"contentUrl\":\"https:\/\/gymfactory.eu\/wp-content\/uploads\/2024\/11\/Component-1.svg\",\"width\":54,\"height\":44,\"caption\":\"Gym Factory\"},\"image\":{\"@id\":\"https:\/\/gymfactory.eu\/fr\/#\/schema\/logo\/image\/\"}}]}<\/script>\n<!-- \/ Yoast SEO plugin. -->","yoast_head_json":{"title":"Machine Rowing L7X | Pour Exercices de Rowing Cibl\u00e9s Dos","description":"Vous cherchez un moyen polyvalent d\u2019entra\u00eener votre dos ? La Machine Rowing L7X permet une vari\u00e9t\u00e9 de mouvements de rowing pour des entra\u00eenements du haut du corps puissants et efficaces.","robots":{"index":"index","follow":"follow","max-snippet":"max-snippet:-1","max-image-preview":"max-image-preview:large","max-video-preview":"max-video-preview:-1"},"canonical":"https:\/\/gymfactory.eu\/fr\/produit\/machine-rowing-l7x-rowing-assis-a-levier\/","og_locale":"fr_FR","og_type":"article","og_title":"Machine Rowing L7X | Pour Exercices de Rowing Cibl\u00e9s Dos","og_description":"Vous cherchez un moyen polyvalent d\u2019entra\u00eener votre dos ? La Machine Rowing L7X permet une vari\u00e9t\u00e9 de mouvements de rowing pour des entra\u00eenements du haut du corps puissants et efficaces.","og_url":"https:\/\/gymfactory.eu\/fr\/produit\/machine-rowing-l7x-rowing-assis-a-levier\/","og_site_name":"Gym Factory","og_image":[{"width":1500,"height":1500,"url":"https:\/\/gymfactory.eu\/wp-content\/uploads\/2025\/01\/gym-machine-L7X-front-view-1.webp","type":"image\/webp"}],"twitter_card":"summary_large_image","twitter_misc":{"Dur\u00e9e de lecture estim\u00e9e":"1 minute"},"schema":{"@context":"https:\/\/schema.org","@graph":[{"@type":"WebPage","@id":"https:\/\/gymfactory.eu\/fr\/produit\/machine-rowing-l7x-rowing-assis-a-levier\/","url":"https:\/\/gymfactory.eu\/fr\/produit\/machine-rowing-l7x-rowing-assis-a-levier\/","name":"Machine Rowing L7X | Pour Exercices de Rowing Cibl\u00e9s Dos","isPartOf":{"@id":"https:\/\/gymfactory.eu\/fr\/#website"},"primaryImageOfPage":{"@id":"https:\/\/gymfactory.eu\/fr\/produit\/machine-rowing-l7x-rowing-assis-a-levier\/#primaryimage"},"image":{"@id":"https:\/\/gymfactory.eu\/fr\/produit\/machine-rowing-l7x-rowing-assis-a-levier\/#primaryimage"},"thumbnailUrl":"https:\/\/gymfactory.eu\/wp-content\/uploads\/2025\/01\/gym-machine-L7X-front-view-1.webp","datePublished":"2025-01-31T11:43:25+00:00","description":"Vous cherchez un moyen polyvalent d\u2019entra\u00eener votre dos ? La Machine Rowing L7X permet une vari\u00e9t\u00e9 de mouvements de rowing pour des entra\u00eenements du haut du corps puissants et efficaces.","breadcrumb":{"@id":"https:\/\/gymfactory.eu\/fr\/produit\/machine-rowing-l7x-rowing-assis-a-levier\/#breadcrumb"},"inLanguage":"fr-FR","potentialAction":[{"@type":"ReadAction","target":["https:\/\/gymfactory.eu\/fr\/produit\/machine-rowing-l7x-rowing-assis-a-levier\/"]}]},{"@type":"ImageObject","inLanguage":"fr-FR","@id":"https:\/\/gymfactory.eu\/fr\/produit\/machine-rowing-l7x-rowing-assis-a-levier\/#primaryimage","url":"https:\/\/gymfactory.eu\/wp-content\/uploads\/2025\/01\/gym-machine-L7X-front-view-1.webp","contentUrl":"https:\/\/gymfactory.eu\/wp-content\/uploads\/2025\/01\/gym-machine-L7X-front-view-1.webp","width":1500,"height":1500,"caption":"Une vue de face haute r\u00e9solution d\u2019une machine de musculation de qualit\u00e9 professionnelle construite avec de l\u2019acier renforc\u00e9 pour la long\u00e9vit\u00e9. La machine dispose de plusieurs positions de mains, d\u2019un si\u00e8ge rembourr\u00e9 r\u00e9glable et de repose-pieds pour une stabilit\u00e9 accrue. Son sch\u00e9ma de couleurs rouge et noir vibrant ajoute un look audacieux, en faisant une pi\u00e8ce ma\u00eetresse dans tout environnement de gym."},{"@type":"BreadcrumbList","@id":"https:\/\/gymfactory.eu\/fr\/produit\/machine-rowing-l7x-rowing-assis-a-levier\/#breadcrumb","itemListElement":[{"@type":"ListItem","position":1,"name":"Home","item":"https:\/\/gymfactory.eu\/fr\/page-principale\/"},{"@type":"ListItem","position":2,"name":"Catalogue","item":"https:\/\/gymfactory.eu\/fr\/catalogue-2\/"},{"@type":"ListItem","position":3,"name":"Machine Rowing L7X &#8211; Rowing Assis \u00e0 Levier"}]},{"@type":"WebSite","@id":"https:\/\/gymfactory.eu\/fr\/#website","url":"https:\/\/gymfactory.eu\/fr\/","name":"Gym Factory","description":"","publisher":{"@id":"https:\/\/gymfactory.eu\/fr\/#organization"},"potentialAction":[{"@type":"SearchAction","target":{"@type":"EntryPoint","urlTemplate":"https:\/\/gymfactory.eu\/fr\/?s={search_term_string}"},"query-input":{"@type":"PropertyValueSpecification","valueRequired":true,"valueName":"search_term_string"}}],"inLanguage":"fr-FR"},{"@type":"Organization","@id":"https:\/\/gymfactory.eu\/fr\/#organization","name":"Gym Factory","url":"https:\/\/gymfactory.eu\/fr\/","logo":{"@type":"ImageObject","inLanguage":"fr-FR","@id":"https:\/\/gymfactory.eu\/fr\/#\/schema\/logo\/image\/","url":"https:\/\/gymfactory.eu\/wp-content\/uploads\/2024\/11\/Component-1.svg","contentUrl":"https:\/\/gymfactory.eu\/wp-content\/uploads\/2024\/11\/Component-1.svg","width":54,"height":44,"caption":"Gym Factory"},"image":{"@id":"https:\/\/gymfactory.eu\/fr\/#\/schema\/logo\/image\/"}}]}},"_links":{"self":[{"href":"https:\/\/gymfactory.eu\/fr\/wp-json\/wp\/v2\/product\/24637","targetHints":{"allow":["GET"]}}],"collection":[{"href":"https:\/\/gymfactory.eu\/fr\/wp-json\/wp\/v2\/product"}],"about":[{"href":"https:\/\/gymfactory.eu\/fr\/wp-json\/wp\/v2\/types\/product"}],"wp:featuredmedia":[{"embeddable":true,"href":"https:\/\/gymfactory.eu\/fr\/wp-json\/wp\/v2\/media\/11382"}],"wp:attachment":[{"href":"https:\/\/gymfactory.eu\/fr\/wp-json\/wp\/v2\/media?parent=24637"}],"wp:term":[{"taxonomy":"product_brand","embeddable":true,"href":"https:\/\/gymfactory.eu\/fr\/wp-json\/wp\/v2\/product_brand?post=24637"},{"taxonomy":"product_cat","embeddable":true,"href":"https:\/\/gymfactory.eu\/fr\/wp-json\/wp\/v2\/product_cat?post=24637"},{"taxonomy":"product_tag","embeddable":true,"href":"https:\/\/gymfactory.eu\/fr\/wp-json\/wp\/v2\/product_tag?post=24637"}],"curies":[{"name":"wp","href":"https:\/\/api.w.org\/{rel}","templated":true}]}}