{"id":24550,"date":"2025-01-31T13:19:54","date_gmt":"2025-01-31T11:19:54","guid":{"rendered":"https:\/\/gymfactory.eu\/product\/machine-rowing-lineaire-l7y\/"},"modified":"2025-01-31T13:19:54","modified_gmt":"2025-01-31T11:19:54","slug":"machine-rowing-lineaire-l7y","status":"publish","type":"product","link":"https:\/\/gymfactory.eu\/fr\/produit\/machine-rowing-lineaire-l7y\/","title":{"rendered":"Machine Rowing Lin\u00e9aire L7Y"},"content":{"rendered":"<p>La Machine Rowing Lin\u00e9aire L7Y est con\u00e7ue pour d\u00e9velopper la force du dos et des bras gr\u00e2ce \u00e0 un mouvement de traction fluide et guid\u00e9. Adapt\u00e9e aussi bien aux home gyms qu\u2019aux salles de sport commerciales, elle dispose d\u2019un cadre durable et de multiples options de r\u00e9glage pour un positionnement pr\u00e9cis. <\/p>\n<p>Cette machine permet d\u2019effectuer des exercices de rowing inclin\u00e9 qui travaillent les grands dorsaux, le milieu du dos, l\u2019arri\u00e8re des \u00e9paules, les biceps et les avant-bras. La distance entre les poign\u00e9es est r\u00e9glable, et les prises rotatives \u00e0 360\u00b0 permettent un mouvement naturel du poignet lors de chaque tirage. Les poign\u00e9es se d\u00e9placent le long d\u2019une ligne fixe sur des roulements, assurant un mouvement fluide et pr\u00e9cis. L\u2019angle du dossier et la plateforme pour les pieds sont \u00e9galement r\u00e9glables pour s\u2019adapter aux diff\u00e9rentes pr\u00e9f\u00e9rences d\u2019entra\u00eenement.   <\/p>\n<p>Avec les r\u00e9glages de largeur de prise, vous pouvez d\u00e9placer subtilement l\u2019accent sur diff\u00e9rentes zones du dos et des bras, faisant de la L7Y un outil cibl\u00e9 et adaptable pour l\u2019entra\u00eenement de la force du haut du corps.<\/p>\n\n    <div class=\"xs_social_share_widget xs_share_url after_content \t\tmain_content  wslu-style-1 wslu-share-box-shaped wslu-fill-colored wslu-none wslu-share-horizontal wslu-theme-font-no wslu-main_content\">\n\n\t\t\n        <ul>\n\t\t\t        <\/ul>\n    <\/div> \n","protected":false},"excerpt":{"rendered":"<p>La Machine Rowing Lin\u00e9aire L7Y est con\u00e7ue pour d\u00e9velopper la force du dos et des bras gr\u00e2ce \u00e0 un mouvement de traction fluide et guid\u00e9. Adapt\u00e9e aussi bien aux home gyms qu\u2019aux salles de sport commerciales, elle dispose d\u2019un cadre durable et de multiples options de r\u00e9glage pour un positionnement pr\u00e9cis. Cette machine permet d\u2019effectuer [&hellip;]<\/p>\n","protected":false},"featured_media":11039,"template":"","meta":{"_acf_changed":false},"product_brand":[56],"product_cat":[832],"product_tag":[],"class_list":{"0":"post-24550","1":"product","2":"type-product","3":"status-publish","4":"has-post-thumbnail","6":"product_brand-gym-factory","7":"product_cat-machines-a-charge-par-plaques","9":"first","10":"onbackorder","11":"taxable","12":"shipping-taxable","13":"purchasable","14":"product-type-variable","15":"has-default-attributes"},"acf":[],"yoast_head":"<!-- This site is optimized with the Yoast SEO plugin v25.2 - https:\/\/yoast.com\/wordpress\/plugins\/seo\/ -->\n<title>Machine Rowing Lin\u00e9aire L7Y | \u00c9quipement de Musculation pour le Dos<\/title>\n<meta name=\"description\" content=\"Vous voulez renforcer votre dos avec une puissance de tirage s\u00e9rieuse ? La Machine Rowing Lin\u00e9aire L7Y offre une r\u00e9sistance fluide pour un entra\u00eenement de force cibl\u00e9 et des r\u00e9sultats.\" \/>\n<meta name=\"robots\" content=\"index, follow, max-snippet:-1, max-image-preview:large, max-video-preview:-1\" \/>\n<link rel=\"canonical\" href=\"https:\/\/gymfactory.eu\/fr\/produit\/machine-rowing-lineaire-l7y\/\" \/>\n<meta property=\"og:locale\" content=\"fr_FR\" \/>\n<meta property=\"og:type\" content=\"article\" \/>\n<meta property=\"og:title\" content=\"Machine Rowing Lin\u00e9aire L7Y | \u00c9quipement de Musculation pour le Dos\" \/>\n<meta property=\"og:description\" content=\"Vous voulez renforcer votre dos avec une puissance de tirage s\u00e9rieuse ? La Machine Rowing Lin\u00e9aire L7Y offre une r\u00e9sistance fluide pour un entra\u00eenement de force cibl\u00e9 et des r\u00e9sultats.\" \/>\n<meta property=\"og:url\" content=\"https:\/\/gymfactory.eu\/fr\/produit\/machine-rowing-lineaire-l7y\/\" \/>\n<meta property=\"og:site_name\" content=\"Gym Factory\" \/>\n<meta property=\"og:image\" content=\"https:\/\/gymfactory.eu\/wp-content\/uploads\/2025\/01\/gym-machine-L7Y-seated-calf-raise-side-angle-1-1.webp\" \/>\n\t<meta property=\"og:image:width\" content=\"1500\" \/>\n\t<meta property=\"og:image:height\" content=\"1500\" \/>\n\t<meta property=\"og:image:type\" content=\"image\/webp\" \/>\n<meta name=\"twitter:card\" content=\"summary_large_image\" \/>\n<meta name=\"twitter:label1\" content=\"Dur\u00e9e de lecture estim\u00e9e\" \/>\n\t<meta name=\"twitter:data1\" content=\"1 minute\" \/>\n<script type=\"application\/ld+json\" class=\"yoast-schema-graph\">{\"@context\":\"https:\/\/schema.org\",\"@graph\":[{\"@type\":\"WebPage\",\"@id\":\"https:\/\/gymfactory.eu\/fr\/produit\/machine-rowing-lineaire-l7y\/\",\"url\":\"https:\/\/gymfactory.eu\/fr\/produit\/machine-rowing-lineaire-l7y\/\",\"name\":\"Machine Rowing Lin\u00e9aire L7Y | \u00c9quipement de Musculation pour le Dos\",\"isPartOf\":{\"@id\":\"https:\/\/gymfactory.eu\/fr\/#website\"},\"primaryImageOfPage\":{\"@id\":\"https:\/\/gymfactory.eu\/fr\/produit\/machine-rowing-lineaire-l7y\/#primaryimage\"},\"image\":{\"@id\":\"https:\/\/gymfactory.eu\/fr\/produit\/machine-rowing-lineaire-l7y\/#primaryimage\"},\"thumbnailUrl\":\"https:\/\/gymfactory.eu\/wp-content\/uploads\/2025\/01\/gym-machine-L7Y-seated-calf-raise-side-angle-1-1.webp\",\"datePublished\":\"2025-01-31T11:19:54+00:00\",\"description\":\"Vous voulez renforcer votre dos avec une puissance de tirage s\u00e9rieuse ? La Machine Rowing Lin\u00e9aire L7Y offre une r\u00e9sistance fluide pour un entra\u00eenement de force cibl\u00e9 et des r\u00e9sultats.\",\"breadcrumb\":{\"@id\":\"https:\/\/gymfactory.eu\/fr\/produit\/machine-rowing-lineaire-l7y\/#breadcrumb\"},\"inLanguage\":\"fr-FR\",\"potentialAction\":[{\"@type\":\"ReadAction\",\"target\":[\"https:\/\/gymfactory.eu\/fr\/produit\/machine-rowing-lineaire-l7y\/\"]}]},{\"@type\":\"ImageObject\",\"inLanguage\":\"fr-FR\",\"@id\":\"https:\/\/gymfactory.eu\/fr\/produit\/machine-rowing-lineaire-l7y\/#primaryimage\",\"url\":\"https:\/\/gymfactory.eu\/wp-content\/uploads\/2025\/01\/gym-machine-L7Y-seated-calf-raise-side-angle-1-1.webp\",\"contentUrl\":\"https:\/\/gymfactory.eu\/wp-content\/uploads\/2025\/01\/gym-machine-L7Y-seated-calf-raise-side-angle-1-1.webp\",\"width\":1500,\"height\":1500,\"caption\":\"Une vue en angle lat\u00e9ral de la machine de musculation seated calf raises (extensions mollets assis), mettant en valeur son cadre robuste, son si\u00e8ge rembourr\u00e9 et son design ergonomique. Les doubles rails de guidage chrom\u00e9s offrent un mouvement fluide, tandis que le syst\u00e8me de r\u00e9sistance \u00e0 charge libre permet des incr\u00e9ments de poids r\u00e9glables. Parfait pour les pratiquants cherchant \u00e0 d\u00e9velopper leurs mollets avec contr\u00f4le et entra\u00eenement.\"},{\"@type\":\"BreadcrumbList\",\"@id\":\"https:\/\/gymfactory.eu\/fr\/produit\/machine-rowing-lineaire-l7y\/#breadcrumb\",\"itemListElement\":[{\"@type\":\"ListItem\",\"position\":1,\"name\":\"Home\",\"item\":\"https:\/\/gymfactory.eu\/fr\/page-principale\/\"},{\"@type\":\"ListItem\",\"position\":2,\"name\":\"Catalogue\",\"item\":\"https:\/\/gymfactory.eu\/fr\/catalogue-2\/\"},{\"@type\":\"ListItem\",\"position\":3,\"name\":\"Machine Rowing Lin\u00e9aire L7Y\"}]},{\"@type\":\"WebSite\",\"@id\":\"https:\/\/gymfactory.eu\/fr\/#website\",\"url\":\"https:\/\/gymfactory.eu\/fr\/\",\"name\":\"Gym Factory\",\"description\":\"\",\"publisher\":{\"@id\":\"https:\/\/gymfactory.eu\/fr\/#organization\"},\"potentialAction\":[{\"@type\":\"SearchAction\",\"target\":{\"@type\":\"EntryPoint\",\"urlTemplate\":\"https:\/\/gymfactory.eu\/fr\/?s={search_term_string}\"},\"query-input\":{\"@type\":\"PropertyValueSpecification\",\"valueRequired\":true,\"valueName\":\"search_term_string\"}}],\"inLanguage\":\"fr-FR\"},{\"@type\":\"Organization\",\"@id\":\"https:\/\/gymfactory.eu\/fr\/#organization\",\"name\":\"Gym Factory\",\"url\":\"https:\/\/gymfactory.eu\/fr\/\",\"logo\":{\"@type\":\"ImageObject\",\"inLanguage\":\"fr-FR\",\"@id\":\"https:\/\/gymfactory.eu\/fr\/#\/schema\/logo\/image\/\",\"url\":\"https:\/\/gymfactory.eu\/wp-content\/uploads\/2024\/11\/Component-1.svg\",\"contentUrl\":\"https:\/\/gymfactory.eu\/wp-content\/uploads\/2024\/11\/Component-1.svg\",\"width\":54,\"height\":44,\"caption\":\"Gym Factory\"},\"image\":{\"@id\":\"https:\/\/gymfactory.eu\/fr\/#\/schema\/logo\/image\/\"}}]}<\/script>\n<!-- \/ Yoast SEO plugin. -->","yoast_head_json":{"title":"Machine Rowing Lin\u00e9aire L7Y | \u00c9quipement de Musculation pour le Dos","description":"Vous voulez renforcer votre dos avec une puissance de tirage s\u00e9rieuse ? La Machine Rowing Lin\u00e9aire L7Y offre une r\u00e9sistance fluide pour un entra\u00eenement de force cibl\u00e9 et des r\u00e9sultats.","robots":{"index":"index","follow":"follow","max-snippet":"max-snippet:-1","max-image-preview":"max-image-preview:large","max-video-preview":"max-video-preview:-1"},"canonical":"https:\/\/gymfactory.eu\/fr\/produit\/machine-rowing-lineaire-l7y\/","og_locale":"fr_FR","og_type":"article","og_title":"Machine Rowing Lin\u00e9aire L7Y | \u00c9quipement de Musculation pour le Dos","og_description":"Vous voulez renforcer votre dos avec une puissance de tirage s\u00e9rieuse ? La Machine Rowing Lin\u00e9aire L7Y offre une r\u00e9sistance fluide pour un entra\u00eenement de force cibl\u00e9 et des r\u00e9sultats.","og_url":"https:\/\/gymfactory.eu\/fr\/produit\/machine-rowing-lineaire-l7y\/","og_site_name":"Gym Factory","og_image":[{"width":1500,"height":1500,"url":"https:\/\/gymfactory.eu\/wp-content\/uploads\/2025\/01\/gym-machine-L7Y-seated-calf-raise-side-angle-1-1.webp","type":"image\/webp"}],"twitter_card":"summary_large_image","twitter_misc":{"Dur\u00e9e de lecture estim\u00e9e":"1 minute"},"schema":{"@context":"https:\/\/schema.org","@graph":[{"@type":"WebPage","@id":"https:\/\/gymfactory.eu\/fr\/produit\/machine-rowing-lineaire-l7y\/","url":"https:\/\/gymfactory.eu\/fr\/produit\/machine-rowing-lineaire-l7y\/","name":"Machine Rowing Lin\u00e9aire L7Y | \u00c9quipement de Musculation pour le Dos","isPartOf":{"@id":"https:\/\/gymfactory.eu\/fr\/#website"},"primaryImageOfPage":{"@id":"https:\/\/gymfactory.eu\/fr\/produit\/machine-rowing-lineaire-l7y\/#primaryimage"},"image":{"@id":"https:\/\/gymfactory.eu\/fr\/produit\/machine-rowing-lineaire-l7y\/#primaryimage"},"thumbnailUrl":"https:\/\/gymfactory.eu\/wp-content\/uploads\/2025\/01\/gym-machine-L7Y-seated-calf-raise-side-angle-1-1.webp","datePublished":"2025-01-31T11:19:54+00:00","description":"Vous voulez renforcer votre dos avec une puissance de tirage s\u00e9rieuse ? La Machine Rowing Lin\u00e9aire L7Y offre une r\u00e9sistance fluide pour un entra\u00eenement de force cibl\u00e9 et des r\u00e9sultats.","breadcrumb":{"@id":"https:\/\/gymfactory.eu\/fr\/produit\/machine-rowing-lineaire-l7y\/#breadcrumb"},"inLanguage":"fr-FR","potentialAction":[{"@type":"ReadAction","target":["https:\/\/gymfactory.eu\/fr\/produit\/machine-rowing-lineaire-l7y\/"]}]},{"@type":"ImageObject","inLanguage":"fr-FR","@id":"https:\/\/gymfactory.eu\/fr\/produit\/machine-rowing-lineaire-l7y\/#primaryimage","url":"https:\/\/gymfactory.eu\/wp-content\/uploads\/2025\/01\/gym-machine-L7Y-seated-calf-raise-side-angle-1-1.webp","contentUrl":"https:\/\/gymfactory.eu\/wp-content\/uploads\/2025\/01\/gym-machine-L7Y-seated-calf-raise-side-angle-1-1.webp","width":1500,"height":1500,"caption":"Une vue en angle lat\u00e9ral de la machine de musculation seated calf raises (extensions mollets assis), mettant en valeur son cadre robuste, son si\u00e8ge rembourr\u00e9 et son design ergonomique. Les doubles rails de guidage chrom\u00e9s offrent un mouvement fluide, tandis que le syst\u00e8me de r\u00e9sistance \u00e0 charge libre permet des incr\u00e9ments de poids r\u00e9glables. Parfait pour les pratiquants cherchant \u00e0 d\u00e9velopper leurs mollets avec contr\u00f4le et entra\u00eenement."},{"@type":"BreadcrumbList","@id":"https:\/\/gymfactory.eu\/fr\/produit\/machine-rowing-lineaire-l7y\/#breadcrumb","itemListElement":[{"@type":"ListItem","position":1,"name":"Home","item":"https:\/\/gymfactory.eu\/fr\/page-principale\/"},{"@type":"ListItem","position":2,"name":"Catalogue","item":"https:\/\/gymfactory.eu\/fr\/catalogue-2\/"},{"@type":"ListItem","position":3,"name":"Machine Rowing Lin\u00e9aire L7Y"}]},{"@type":"WebSite","@id":"https:\/\/gymfactory.eu\/fr\/#website","url":"https:\/\/gymfactory.eu\/fr\/","name":"Gym Factory","description":"","publisher":{"@id":"https:\/\/gymfactory.eu\/fr\/#organization"},"potentialAction":[{"@type":"SearchAction","target":{"@type":"EntryPoint","urlTemplate":"https:\/\/gymfactory.eu\/fr\/?s={search_term_string}"},"query-input":{"@type":"PropertyValueSpecification","valueRequired":true,"valueName":"search_term_string"}}],"inLanguage":"fr-FR"},{"@type":"Organization","@id":"https:\/\/gymfactory.eu\/fr\/#organization","name":"Gym Factory","url":"https:\/\/gymfactory.eu\/fr\/","logo":{"@type":"ImageObject","inLanguage":"fr-FR","@id":"https:\/\/gymfactory.eu\/fr\/#\/schema\/logo\/image\/","url":"https:\/\/gymfactory.eu\/wp-content\/uploads\/2024\/11\/Component-1.svg","contentUrl":"https:\/\/gymfactory.eu\/wp-content\/uploads\/2024\/11\/Component-1.svg","width":54,"height":44,"caption":"Gym Factory"},"image":{"@id":"https:\/\/gymfactory.eu\/fr\/#\/schema\/logo\/image\/"}}]}},"_links":{"self":[{"href":"https:\/\/gymfactory.eu\/fr\/wp-json\/wp\/v2\/product\/24550","targetHints":{"allow":["GET"]}}],"collection":[{"href":"https:\/\/gymfactory.eu\/fr\/wp-json\/wp\/v2\/product"}],"about":[{"href":"https:\/\/gymfactory.eu\/fr\/wp-json\/wp\/v2\/types\/product"}],"wp:featuredmedia":[{"embeddable":true,"href":"https:\/\/gymfactory.eu\/fr\/wp-json\/wp\/v2\/media\/11039"}],"wp:attachment":[{"href":"https:\/\/gymfactory.eu\/fr\/wp-json\/wp\/v2\/media?parent=24550"}],"wp:term":[{"taxonomy":"product_brand","embeddable":true,"href":"https:\/\/gymfactory.eu\/fr\/wp-json\/wp\/v2\/product_brand?post=24550"},{"taxonomy":"product_cat","embeddable":true,"href":"https:\/\/gymfactory.eu\/fr\/wp-json\/wp\/v2\/product_cat?post=24550"},{"taxonomy":"product_tag","embeddable":true,"href":"https:\/\/gymfactory.eu\/fr\/wp-json\/wp\/v2\/product_tag?post=24550"}],"curies":[{"name":"wp","href":"https:\/\/api.w.org\/{rel}","templated":true}]}}