{"id":24543,"date":"2025-01-31T12:57:47","date_gmt":"2025-01-31T10:57:47","guid":{"rendered":"https:\/\/gymfactory.eu\/product\/machine-rowing-assis-a-levier-l7\/"},"modified":"2025-01-31T12:57:47","modified_gmt":"2025-01-31T10:57:47","slug":"machine-rowing-assis-a-levier-l7","status":"publish","type":"product","link":"https:\/\/gymfactory.eu\/fr\/produit\/machine-rowing-assis-a-levier-l7\/","title":{"rendered":"Machine Rowing Assis \u00e0 Levier L7"},"content":{"rendered":"<p>La Machine Rowing Assis \u00e0 Levier L7 est un choix solide pour d\u00e9velopper la force du haut du corps, aussi bien dans les home gyms que dans les salles de sport commerciales. Sa construction durable et son syst\u00e8me de tirage \u00e0 levier offrent un mouvement fluide et contr\u00f4l\u00e9 pour un entra\u00eenement ax\u00e9 sur le dos. <\/p>\n<p>Cette machine est con\u00e7ue pour les exercices de rowing assis, ciblant principalement le milieu et le haut du dos, y compris les grands dorsaux, les trap\u00e8zes et l\u2019arri\u00e8re des \u00e9paules. Elle sollicite \u00e9galement les biceps et les avant-bras comme muscles secondaires. La hauteur du coussin de poitrine et celle du si\u00e8ge assurent un positionnement corporel ad\u00e9quat, tandis que le support de poitrine comprend une articulation flottante, lui permettant de suivre les mouvements de votre corps pendant l\u2019exercice pour un confort et un alignement am\u00e9lior\u00e9s. La poign\u00e9e dispose de plusieurs positions de prise, et le mouvement de rowing suit une trajectoire qui commence \u00e9troite et finit plus large, permettant un tirage plus naturel et une forte contraction \u00e0 la fin de chaque r\u00e9p\u00e9tition.   <\/p>\n<p>La L7 offre un entra\u00eenement de force par tirage contr\u00f4l\u00e9 avec une ajustabilit\u00e9 intelligente et une performance fluide.<\/p>\n\n    <div class=\"xs_social_share_widget xs_share_url after_content \t\tmain_content  wslu-style-1 wslu-share-box-shaped wslu-fill-colored wslu-none wslu-share-horizontal wslu-theme-font-no wslu-main_content\">\n\n\t\t\n        <ul>\n\t\t\t        <\/ul>\n    <\/div> \n","protected":false},"excerpt":{"rendered":"<p>La Machine Rowing Assis \u00e0 Levier L7 est un choix solide pour d\u00e9velopper la force du haut du corps, aussi bien dans les home gyms que dans les salles de sport commerciales. Sa construction durable et son syst\u00e8me de tirage \u00e0 levier offrent un mouvement fluide et contr\u00f4l\u00e9 pour un entra\u00eenement ax\u00e9 sur le dos. [&hellip;]<\/p>\n","protected":false},"featured_media":23535,"template":"","meta":{"_acf_changed":false},"product_brand":[56],"product_cat":[832],"product_tag":[],"class_list":{"0":"post-24543","1":"product","2":"type-product","3":"status-publish","4":"has-post-thumbnail","6":"product_brand-gym-factory","7":"product_cat-machines-a-charge-par-plaques","9":"first","10":"onbackorder","11":"taxable","12":"shipping-taxable","13":"purchasable","14":"product-type-variable","15":"has-default-attributes"},"acf":[],"yoast_head":"<!-- This site is optimized with the Yoast SEO plugin v25.2 - https:\/\/yoast.com\/wordpress\/plugins\/seo\/ -->\n<title>Machine Rowing Assis \u00e0 Levier L7 | \u00c9quipement de Musculation pour le Dos<\/title>\n<meta name=\"description\" content=\"Vous voulez d\u00e9velopper un dos plus fort ? La Machine Rowing Assis \u00e0 Levier L7 est un \u00e9quipement de musculation con\u00e7u pour des entra\u00eenements puissants du haut du corps et un d\u00e9veloppement efficace du dos.\" \/>\n<meta name=\"robots\" content=\"index, follow, max-snippet:-1, max-image-preview:large, max-video-preview:-1\" \/>\n<link rel=\"canonical\" href=\"https:\/\/gymfactory.eu\/fr\/produit\/machine-rowing-assis-a-levier-l7\/\" \/>\n<meta property=\"og:locale\" content=\"fr_FR\" \/>\n<meta property=\"og:type\" content=\"article\" \/>\n<meta property=\"og:title\" content=\"Machine Rowing Assis \u00e0 Levier L7 | \u00c9quipement de Musculation pour le Dos\" \/>\n<meta property=\"og:description\" content=\"Vous voulez d\u00e9velopper un dos plus fort ? La Machine Rowing Assis \u00e0 Levier L7 est un \u00e9quipement de musculation con\u00e7u pour des entra\u00eenements puissants du haut du corps et un d\u00e9veloppement efficace du dos.\" \/>\n<meta property=\"og:url\" content=\"https:\/\/gymfactory.eu\/fr\/produit\/machine-rowing-assis-a-levier-l7\/\" \/>\n<meta property=\"og:site_name\" content=\"Gym Factory\" \/>\n<meta property=\"og:image\" content=\"https:\/\/gymfactory.eu\/wp-content\/uploads\/2025\/01\/gym-machine-L7-lever-seated-row-side-view.webp\" \/>\n\t<meta property=\"og:image:width\" content=\"1500\" \/>\n\t<meta property=\"og:image:height\" content=\"1500\" \/>\n\t<meta property=\"og:image:type\" content=\"image\/webp\" \/>\n<meta name=\"twitter:card\" content=\"summary_large_image\" \/>\n<meta name=\"twitter:label1\" content=\"Dur\u00e9e de lecture estim\u00e9e\" \/>\n\t<meta name=\"twitter:data1\" content=\"1 minute\" \/>\n<script type=\"application\/ld+json\" class=\"yoast-schema-graph\">{\"@context\":\"https:\/\/schema.org\",\"@graph\":[{\"@type\":\"WebPage\",\"@id\":\"https:\/\/gymfactory.eu\/fr\/produit\/machine-rowing-assis-a-levier-l7\/\",\"url\":\"https:\/\/gymfactory.eu\/fr\/produit\/machine-rowing-assis-a-levier-l7\/\",\"name\":\"Machine Rowing Assis \u00e0 Levier L7 | \u00c9quipement de Musculation pour le Dos\",\"isPartOf\":{\"@id\":\"https:\/\/gymfactory.eu\/fr\/#website\"},\"primaryImageOfPage\":{\"@id\":\"https:\/\/gymfactory.eu\/fr\/produit\/machine-rowing-assis-a-levier-l7\/#primaryimage\"},\"image\":{\"@id\":\"https:\/\/gymfactory.eu\/fr\/produit\/machine-rowing-assis-a-levier-l7\/#primaryimage\"},\"thumbnailUrl\":\"https:\/\/gymfactory.eu\/wp-content\/uploads\/2025\/01\/gym-machine-L7-lever-seated-row-side-view.webp\",\"datePublished\":\"2025-01-31T10:57:47+00:00\",\"description\":\"Vous voulez d\u00e9velopper un dos plus fort ? La Machine Rowing Assis \u00e0 Levier L7 est un \u00e9quipement de musculation con\u00e7u pour des entra\u00eenements puissants du haut du corps et un d\u00e9veloppement efficace du dos.\",\"breadcrumb\":{\"@id\":\"https:\/\/gymfactory.eu\/fr\/produit\/machine-rowing-assis-a-levier-l7\/#breadcrumb\"},\"inLanguage\":\"fr-FR\",\"potentialAction\":[{\"@type\":\"ReadAction\",\"target\":[\"https:\/\/gymfactory.eu\/fr\/produit\/machine-rowing-assis-a-levier-l7\/\"]}]},{\"@type\":\"ImageObject\",\"inLanguage\":\"fr-FR\",\"@id\":\"https:\/\/gymfactory.eu\/fr\/produit\/machine-rowing-assis-a-levier-l7\/#primaryimage\",\"url\":\"https:\/\/gymfactory.eu\/wp-content\/uploads\/2025\/01\/gym-machine-L7-lever-seated-row-side-view.webp\",\"contentUrl\":\"https:\/\/gymfactory.eu\/wp-content\/uploads\/2025\/01\/gym-machine-L7-lever-seated-row-side-view.webp\",\"width\":1500,\"height\":1500,\"caption\":\"Machine de musculation rowing assis \u00e0 levier L7 vue de profil\"},{\"@type\":\"BreadcrumbList\",\"@id\":\"https:\/\/gymfactory.eu\/fr\/produit\/machine-rowing-assis-a-levier-l7\/#breadcrumb\",\"itemListElement\":[{\"@type\":\"ListItem\",\"position\":1,\"name\":\"Home\",\"item\":\"https:\/\/gymfactory.eu\/fr\/page-principale\/\"},{\"@type\":\"ListItem\",\"position\":2,\"name\":\"Catalogue\",\"item\":\"https:\/\/gymfactory.eu\/fr\/catalogue-2\/\"},{\"@type\":\"ListItem\",\"position\":3,\"name\":\"Machine Rowing Assis \u00e0 Levier L7\"}]},{\"@type\":\"WebSite\",\"@id\":\"https:\/\/gymfactory.eu\/fr\/#website\",\"url\":\"https:\/\/gymfactory.eu\/fr\/\",\"name\":\"Gym Factory\",\"description\":\"\",\"publisher\":{\"@id\":\"https:\/\/gymfactory.eu\/fr\/#organization\"},\"potentialAction\":[{\"@type\":\"SearchAction\",\"target\":{\"@type\":\"EntryPoint\",\"urlTemplate\":\"https:\/\/gymfactory.eu\/fr\/?s={search_term_string}\"},\"query-input\":{\"@type\":\"PropertyValueSpecification\",\"valueRequired\":true,\"valueName\":\"search_term_string\"}}],\"inLanguage\":\"fr-FR\"},{\"@type\":\"Organization\",\"@id\":\"https:\/\/gymfactory.eu\/fr\/#organization\",\"name\":\"Gym Factory\",\"url\":\"https:\/\/gymfactory.eu\/fr\/\",\"logo\":{\"@type\":\"ImageObject\",\"inLanguage\":\"fr-FR\",\"@id\":\"https:\/\/gymfactory.eu\/fr\/#\/schema\/logo\/image\/\",\"url\":\"https:\/\/gymfactory.eu\/wp-content\/uploads\/2024\/11\/Component-1.svg\",\"contentUrl\":\"https:\/\/gymfactory.eu\/wp-content\/uploads\/2024\/11\/Component-1.svg\",\"width\":54,\"height\":44,\"caption\":\"Gym Factory\"},\"image\":{\"@id\":\"https:\/\/gymfactory.eu\/fr\/#\/schema\/logo\/image\/\"}}]}<\/script>\n<!-- \/ Yoast SEO plugin. -->","yoast_head_json":{"title":"Machine Rowing Assis \u00e0 Levier L7 | \u00c9quipement de Musculation pour le Dos","description":"Vous voulez d\u00e9velopper un dos plus fort ? La Machine Rowing Assis \u00e0 Levier L7 est un \u00e9quipement de musculation con\u00e7u pour des entra\u00eenements puissants du haut du corps et un d\u00e9veloppement efficace du dos.","robots":{"index":"index","follow":"follow","max-snippet":"max-snippet:-1","max-image-preview":"max-image-preview:large","max-video-preview":"max-video-preview:-1"},"canonical":"https:\/\/gymfactory.eu\/fr\/produit\/machine-rowing-assis-a-levier-l7\/","og_locale":"fr_FR","og_type":"article","og_title":"Machine Rowing Assis \u00e0 Levier L7 | \u00c9quipement de Musculation pour le Dos","og_description":"Vous voulez d\u00e9velopper un dos plus fort ? La Machine Rowing Assis \u00e0 Levier L7 est un \u00e9quipement de musculation con\u00e7u pour des entra\u00eenements puissants du haut du corps et un d\u00e9veloppement efficace du dos.","og_url":"https:\/\/gymfactory.eu\/fr\/produit\/machine-rowing-assis-a-levier-l7\/","og_site_name":"Gym Factory","og_image":[{"width":1500,"height":1500,"url":"https:\/\/gymfactory.eu\/wp-content\/uploads\/2025\/01\/gym-machine-L7-lever-seated-row-side-view.webp","type":"image\/webp"}],"twitter_card":"summary_large_image","twitter_misc":{"Dur\u00e9e de lecture estim\u00e9e":"1 minute"},"schema":{"@context":"https:\/\/schema.org","@graph":[{"@type":"WebPage","@id":"https:\/\/gymfactory.eu\/fr\/produit\/machine-rowing-assis-a-levier-l7\/","url":"https:\/\/gymfactory.eu\/fr\/produit\/machine-rowing-assis-a-levier-l7\/","name":"Machine Rowing Assis \u00e0 Levier L7 | \u00c9quipement de Musculation pour le Dos","isPartOf":{"@id":"https:\/\/gymfactory.eu\/fr\/#website"},"primaryImageOfPage":{"@id":"https:\/\/gymfactory.eu\/fr\/produit\/machine-rowing-assis-a-levier-l7\/#primaryimage"},"image":{"@id":"https:\/\/gymfactory.eu\/fr\/produit\/machine-rowing-assis-a-levier-l7\/#primaryimage"},"thumbnailUrl":"https:\/\/gymfactory.eu\/wp-content\/uploads\/2025\/01\/gym-machine-L7-lever-seated-row-side-view.webp","datePublished":"2025-01-31T10:57:47+00:00","description":"Vous voulez d\u00e9velopper un dos plus fort ? La Machine Rowing Assis \u00e0 Levier L7 est un \u00e9quipement de musculation con\u00e7u pour des entra\u00eenements puissants du haut du corps et un d\u00e9veloppement efficace du dos.","breadcrumb":{"@id":"https:\/\/gymfactory.eu\/fr\/produit\/machine-rowing-assis-a-levier-l7\/#breadcrumb"},"inLanguage":"fr-FR","potentialAction":[{"@type":"ReadAction","target":["https:\/\/gymfactory.eu\/fr\/produit\/machine-rowing-assis-a-levier-l7\/"]}]},{"@type":"ImageObject","inLanguage":"fr-FR","@id":"https:\/\/gymfactory.eu\/fr\/produit\/machine-rowing-assis-a-levier-l7\/#primaryimage","url":"https:\/\/gymfactory.eu\/wp-content\/uploads\/2025\/01\/gym-machine-L7-lever-seated-row-side-view.webp","contentUrl":"https:\/\/gymfactory.eu\/wp-content\/uploads\/2025\/01\/gym-machine-L7-lever-seated-row-side-view.webp","width":1500,"height":1500,"caption":"Machine de musculation rowing assis \u00e0 levier L7 vue de profil"},{"@type":"BreadcrumbList","@id":"https:\/\/gymfactory.eu\/fr\/produit\/machine-rowing-assis-a-levier-l7\/#breadcrumb","itemListElement":[{"@type":"ListItem","position":1,"name":"Home","item":"https:\/\/gymfactory.eu\/fr\/page-principale\/"},{"@type":"ListItem","position":2,"name":"Catalogue","item":"https:\/\/gymfactory.eu\/fr\/catalogue-2\/"},{"@type":"ListItem","position":3,"name":"Machine Rowing Assis \u00e0 Levier L7"}]},{"@type":"WebSite","@id":"https:\/\/gymfactory.eu\/fr\/#website","url":"https:\/\/gymfactory.eu\/fr\/","name":"Gym Factory","description":"","publisher":{"@id":"https:\/\/gymfactory.eu\/fr\/#organization"},"potentialAction":[{"@type":"SearchAction","target":{"@type":"EntryPoint","urlTemplate":"https:\/\/gymfactory.eu\/fr\/?s={search_term_string}"},"query-input":{"@type":"PropertyValueSpecification","valueRequired":true,"valueName":"search_term_string"}}],"inLanguage":"fr-FR"},{"@type":"Organization","@id":"https:\/\/gymfactory.eu\/fr\/#organization","name":"Gym Factory","url":"https:\/\/gymfactory.eu\/fr\/","logo":{"@type":"ImageObject","inLanguage":"fr-FR","@id":"https:\/\/gymfactory.eu\/fr\/#\/schema\/logo\/image\/","url":"https:\/\/gymfactory.eu\/wp-content\/uploads\/2024\/11\/Component-1.svg","contentUrl":"https:\/\/gymfactory.eu\/wp-content\/uploads\/2024\/11\/Component-1.svg","width":54,"height":44,"caption":"Gym Factory"},"image":{"@id":"https:\/\/gymfactory.eu\/fr\/#\/schema\/logo\/image\/"}}]}},"_links":{"self":[{"href":"https:\/\/gymfactory.eu\/fr\/wp-json\/wp\/v2\/product\/24543","targetHints":{"allow":["GET"]}}],"collection":[{"href":"https:\/\/gymfactory.eu\/fr\/wp-json\/wp\/v2\/product"}],"about":[{"href":"https:\/\/gymfactory.eu\/fr\/wp-json\/wp\/v2\/types\/product"}],"wp:featuredmedia":[{"embeddable":true,"href":"https:\/\/gymfactory.eu\/fr\/wp-json\/wp\/v2\/media\/23535"}],"wp:attachment":[{"href":"https:\/\/gymfactory.eu\/fr\/wp-json\/wp\/v2\/media?parent=24543"}],"wp:term":[{"taxonomy":"product_brand","embeddable":true,"href":"https:\/\/gymfactory.eu\/fr\/wp-json\/wp\/v2\/product_brand?post=24543"},{"taxonomy":"product_cat","embeddable":true,"href":"https:\/\/gymfactory.eu\/fr\/wp-json\/wp\/v2\/product_cat?post=24543"},{"taxonomy":"product_tag","embeddable":true,"href":"https:\/\/gymfactory.eu\/fr\/wp-json\/wp\/v2\/product_tag?post=24543"}],"curies":[{"name":"wp","href":"https:\/\/api.w.org\/{rel}","templated":true}]}}