{"id":24535,"date":"2025-01-31T12:35:53","date_gmt":"2025-01-31T10:35:53","guid":{"rendered":"https:\/\/gymfactory.eu\/product\/machine-t-bar-row-l5x\/"},"modified":"2025-01-31T12:35:53","modified_gmt":"2025-01-31T10:35:53","slug":"machine-t-bar-row-l5x","status":"publish","type":"product","link":"https:\/\/gymfactory.eu\/fr\/produit\/machine-t-bar-row-l5x\/","title":{"rendered":"Machine T-Bar Row L5X"},"content":{"rendered":"<p>La Machine T-Bar Row L5X est un \u00e9quipement de musculation robuste con\u00e7u pour le tirage avec support poitrine. Elle aide \u00e0 d\u00e9velopper la force du haut et du milieu du dos tout en r\u00e9duisant la tension sur les lombaires. Id\u00e9ale aussi bien pour les home gyms que pour les salles de sport commerciales, elle offre un mouvement contr\u00f4l\u00e9 et une position stable tout au long de l\u2019exercice.  <\/p>\n<p>Cette machine cible le dos, l\u2019arri\u00e8re des \u00e9paules et les bras, ce qui en fait un choix solide pour am\u00e9liorer la posture et la force de tirage. Le support pour la poitrine maintient votre corps stable, vous permettant de vous concentrer sur la technique appropri\u00e9e. C\u2019est un outil simple et efficace pour int\u00e9grer un travail s\u00e9rieux du dos \u00e0 votre routine d\u2019entra\u00eenement.<\/p>\n\n    <div class=\"xs_social_share_widget xs_share_url after_content \t\tmain_content  wslu-style-1 wslu-share-box-shaped wslu-fill-colored wslu-none wslu-share-horizontal wslu-theme-font-no wslu-main_content\">\n\n\t\t\n        <ul>\n\t\t\t        <\/ul>\n    <\/div> \n","protected":false},"excerpt":{"rendered":"<p>La Machine T-Bar Row L5X est un \u00e9quipement de musculation robuste con\u00e7u pour le tirage avec support poitrine. Elle aide \u00e0 d\u00e9velopper la force du haut et du milieu du dos tout en r\u00e9duisant la tension sur les lombaires. Id\u00e9ale aussi bien pour les home gyms que pour les salles de sport commerciales, elle offre [&hellip;]<\/p>\n","protected":false},"featured_media":11377,"template":"","meta":{"_acf_changed":false},"product_brand":[56],"product_cat":[832],"product_tag":[],"class_list":{"0":"post-24535","1":"product","2":"type-product","3":"status-publish","4":"has-post-thumbnail","6":"product_brand-gym-factory","7":"product_cat-machines-a-charge-par-plaques","9":"first","10":"onbackorder","11":"taxable","12":"shipping-taxable","13":"purchasable","14":"product-type-variable","15":"has-default-attributes"},"acf":[],"yoast_head":"<!-- This site is optimized with the Yoast SEO plugin v25.2 - https:\/\/yoast.com\/wordpress\/plugins\/seo\/ -->\n<title>Machine T-Bar Row L5X | \u00c9quipement de Musculation pour Exercices de Tirage<\/title>\n<meta name=\"description\" content=\"Vous cherchez \u00e0 d\u00e9velopper un dos plus fort ? La Machine T-Bar Row L5X est un \u00e9quipement con\u00e7u pour des mouvements de rowing efficaces et un engagement complet du haut du corps.\" \/>\n<meta name=\"robots\" content=\"index, follow, max-snippet:-1, max-image-preview:large, max-video-preview:-1\" \/>\n<link rel=\"canonical\" href=\"https:\/\/gymfactory.eu\/fr\/produit\/machine-t-bar-row-l5x\/\" \/>\n<meta property=\"og:locale\" content=\"fr_FR\" \/>\n<meta property=\"og:type\" content=\"article\" \/>\n<meta property=\"og:title\" content=\"Machine T-Bar Row L5X | \u00c9quipement de Musculation pour Exercices de Tirage\" \/>\n<meta property=\"og:description\" content=\"Vous cherchez \u00e0 d\u00e9velopper un dos plus fort ? La Machine T-Bar Row L5X est un \u00e9quipement con\u00e7u pour des mouvements de rowing efficaces et un engagement complet du haut du corps.\" \/>\n<meta property=\"og:url\" content=\"https:\/\/gymfactory.eu\/fr\/produit\/machine-t-bar-row-l5x\/\" \/>\n<meta property=\"og:site_name\" content=\"Gym Factory\" \/>\n<meta property=\"og:image\" content=\"https:\/\/gymfactory.eu\/wp-content\/uploads\/2025\/01\/gym-machine-L5X-incline-bench-side-view-1.webp\" \/>\n\t<meta property=\"og:image:width\" content=\"1500\" \/>\n\t<meta property=\"og:image:height\" content=\"1500\" \/>\n\t<meta property=\"og:image:type\" content=\"image\/webp\" \/>\n<meta name=\"twitter:card\" content=\"summary_large_image\" \/>\n<meta name=\"twitter:label1\" content=\"Dur\u00e9e de lecture estim\u00e9e\" \/>\n\t<meta name=\"twitter:data1\" content=\"1 minute\" \/>\n<script type=\"application\/ld+json\" class=\"yoast-schema-graph\">{\"@context\":\"https:\/\/schema.org\",\"@graph\":[{\"@type\":\"WebPage\",\"@id\":\"https:\/\/gymfactory.eu\/fr\/produit\/machine-t-bar-row-l5x\/\",\"url\":\"https:\/\/gymfactory.eu\/fr\/produit\/machine-t-bar-row-l5x\/\",\"name\":\"Machine T-Bar Row L5X | \u00c9quipement de Musculation pour Exercices de Tirage\",\"isPartOf\":{\"@id\":\"https:\/\/gymfactory.eu\/fr\/#website\"},\"primaryImageOfPage\":{\"@id\":\"https:\/\/gymfactory.eu\/fr\/produit\/machine-t-bar-row-l5x\/#primaryimage\"},\"image\":{\"@id\":\"https:\/\/gymfactory.eu\/fr\/produit\/machine-t-bar-row-l5x\/#primaryimage\"},\"thumbnailUrl\":\"https:\/\/gymfactory.eu\/wp-content\/uploads\/2025\/01\/gym-machine-L5X-incline-bench-side-view-1.webp\",\"datePublished\":\"2025-01-31T10:35:53+00:00\",\"description\":\"Vous cherchez \u00e0 d\u00e9velopper un dos plus fort ? La Machine T-Bar Row L5X est un \u00e9quipement con\u00e7u pour des mouvements de rowing efficaces et un engagement complet du haut du corps.\",\"breadcrumb\":{\"@id\":\"https:\/\/gymfactory.eu\/fr\/produit\/machine-t-bar-row-l5x\/#breadcrumb\"},\"inLanguage\":\"fr-FR\",\"potentialAction\":[{\"@type\":\"ReadAction\",\"target\":[\"https:\/\/gymfactory.eu\/fr\/produit\/machine-t-bar-row-l5x\/\"]}]},{\"@type\":\"ImageObject\",\"inLanguage\":\"fr-FR\",\"@id\":\"https:\/\/gymfactory.eu\/fr\/produit\/machine-t-bar-row-l5x\/#primaryimage\",\"url\":\"https:\/\/gymfactory.eu\/wp-content\/uploads\/2025\/01\/gym-machine-L5X-incline-bench-side-view-1.webp\",\"contentUrl\":\"https:\/\/gymfactory.eu\/wp-content\/uploads\/2025\/01\/gym-machine-L5X-incline-bench-side-view-1.webp\",\"width\":1500,\"height\":1500,\"caption\":\"Une prise de vue en angle lat\u00e9ral de la machine de musculation L5X, montrant son cadre en acier durable, son rembourrage inclin\u00e9 r\u00e9glable et ses poign\u00e9es int\u00e9gr\u00e9es pour une exp\u00e9rience de musculation polyvalente.\"},{\"@type\":\"BreadcrumbList\",\"@id\":\"https:\/\/gymfactory.eu\/fr\/produit\/machine-t-bar-row-l5x\/#breadcrumb\",\"itemListElement\":[{\"@type\":\"ListItem\",\"position\":1,\"name\":\"Home\",\"item\":\"https:\/\/gymfactory.eu\/fr\/page-principale\/\"},{\"@type\":\"ListItem\",\"position\":2,\"name\":\"Catalogue\",\"item\":\"https:\/\/gymfactory.eu\/fr\/catalogue-2\/\"},{\"@type\":\"ListItem\",\"position\":3,\"name\":\"Machine T-Bar Row L5X\"}]},{\"@type\":\"WebSite\",\"@id\":\"https:\/\/gymfactory.eu\/fr\/#website\",\"url\":\"https:\/\/gymfactory.eu\/fr\/\",\"name\":\"Gym Factory\",\"description\":\"\",\"publisher\":{\"@id\":\"https:\/\/gymfactory.eu\/fr\/#organization\"},\"potentialAction\":[{\"@type\":\"SearchAction\",\"target\":{\"@type\":\"EntryPoint\",\"urlTemplate\":\"https:\/\/gymfactory.eu\/fr\/?s={search_term_string}\"},\"query-input\":{\"@type\":\"PropertyValueSpecification\",\"valueRequired\":true,\"valueName\":\"search_term_string\"}}],\"inLanguage\":\"fr-FR\"},{\"@type\":\"Organization\",\"@id\":\"https:\/\/gymfactory.eu\/fr\/#organization\",\"name\":\"Gym Factory\",\"url\":\"https:\/\/gymfactory.eu\/fr\/\",\"logo\":{\"@type\":\"ImageObject\",\"inLanguage\":\"fr-FR\",\"@id\":\"https:\/\/gymfactory.eu\/fr\/#\/schema\/logo\/image\/\",\"url\":\"https:\/\/gymfactory.eu\/wp-content\/uploads\/2024\/11\/Component-1.svg\",\"contentUrl\":\"https:\/\/gymfactory.eu\/wp-content\/uploads\/2024\/11\/Component-1.svg\",\"width\":54,\"height\":44,\"caption\":\"Gym Factory\"},\"image\":{\"@id\":\"https:\/\/gymfactory.eu\/fr\/#\/schema\/logo\/image\/\"}}]}<\/script>\n<!-- \/ Yoast SEO plugin. -->","yoast_head_json":{"title":"Machine T-Bar Row L5X | \u00c9quipement de Musculation pour Exercices de Tirage","description":"Vous cherchez \u00e0 d\u00e9velopper un dos plus fort ? La Machine T-Bar Row L5X est un \u00e9quipement con\u00e7u pour des mouvements de rowing efficaces et un engagement complet du haut du corps.","robots":{"index":"index","follow":"follow","max-snippet":"max-snippet:-1","max-image-preview":"max-image-preview:large","max-video-preview":"max-video-preview:-1"},"canonical":"https:\/\/gymfactory.eu\/fr\/produit\/machine-t-bar-row-l5x\/","og_locale":"fr_FR","og_type":"article","og_title":"Machine T-Bar Row L5X | \u00c9quipement de Musculation pour Exercices de Tirage","og_description":"Vous cherchez \u00e0 d\u00e9velopper un dos plus fort ? La Machine T-Bar Row L5X est un \u00e9quipement con\u00e7u pour des mouvements de rowing efficaces et un engagement complet du haut du corps.","og_url":"https:\/\/gymfactory.eu\/fr\/produit\/machine-t-bar-row-l5x\/","og_site_name":"Gym Factory","og_image":[{"width":1500,"height":1500,"url":"https:\/\/gymfactory.eu\/wp-content\/uploads\/2025\/01\/gym-machine-L5X-incline-bench-side-view-1.webp","type":"image\/webp"}],"twitter_card":"summary_large_image","twitter_misc":{"Dur\u00e9e de lecture estim\u00e9e":"1 minute"},"schema":{"@context":"https:\/\/schema.org","@graph":[{"@type":"WebPage","@id":"https:\/\/gymfactory.eu\/fr\/produit\/machine-t-bar-row-l5x\/","url":"https:\/\/gymfactory.eu\/fr\/produit\/machine-t-bar-row-l5x\/","name":"Machine T-Bar Row L5X | \u00c9quipement de Musculation pour Exercices de Tirage","isPartOf":{"@id":"https:\/\/gymfactory.eu\/fr\/#website"},"primaryImageOfPage":{"@id":"https:\/\/gymfactory.eu\/fr\/produit\/machine-t-bar-row-l5x\/#primaryimage"},"image":{"@id":"https:\/\/gymfactory.eu\/fr\/produit\/machine-t-bar-row-l5x\/#primaryimage"},"thumbnailUrl":"https:\/\/gymfactory.eu\/wp-content\/uploads\/2025\/01\/gym-machine-L5X-incline-bench-side-view-1.webp","datePublished":"2025-01-31T10:35:53+00:00","description":"Vous cherchez \u00e0 d\u00e9velopper un dos plus fort ? La Machine T-Bar Row L5X est un \u00e9quipement con\u00e7u pour des mouvements de rowing efficaces et un engagement complet du haut du corps.","breadcrumb":{"@id":"https:\/\/gymfactory.eu\/fr\/produit\/machine-t-bar-row-l5x\/#breadcrumb"},"inLanguage":"fr-FR","potentialAction":[{"@type":"ReadAction","target":["https:\/\/gymfactory.eu\/fr\/produit\/machine-t-bar-row-l5x\/"]}]},{"@type":"ImageObject","inLanguage":"fr-FR","@id":"https:\/\/gymfactory.eu\/fr\/produit\/machine-t-bar-row-l5x\/#primaryimage","url":"https:\/\/gymfactory.eu\/wp-content\/uploads\/2025\/01\/gym-machine-L5X-incline-bench-side-view-1.webp","contentUrl":"https:\/\/gymfactory.eu\/wp-content\/uploads\/2025\/01\/gym-machine-L5X-incline-bench-side-view-1.webp","width":1500,"height":1500,"caption":"Une prise de vue en angle lat\u00e9ral de la machine de musculation L5X, montrant son cadre en acier durable, son rembourrage inclin\u00e9 r\u00e9glable et ses poign\u00e9es int\u00e9gr\u00e9es pour une exp\u00e9rience de musculation polyvalente."},{"@type":"BreadcrumbList","@id":"https:\/\/gymfactory.eu\/fr\/produit\/machine-t-bar-row-l5x\/#breadcrumb","itemListElement":[{"@type":"ListItem","position":1,"name":"Home","item":"https:\/\/gymfactory.eu\/fr\/page-principale\/"},{"@type":"ListItem","position":2,"name":"Catalogue","item":"https:\/\/gymfactory.eu\/fr\/catalogue-2\/"},{"@type":"ListItem","position":3,"name":"Machine T-Bar Row L5X"}]},{"@type":"WebSite","@id":"https:\/\/gymfactory.eu\/fr\/#website","url":"https:\/\/gymfactory.eu\/fr\/","name":"Gym Factory","description":"","publisher":{"@id":"https:\/\/gymfactory.eu\/fr\/#organization"},"potentialAction":[{"@type":"SearchAction","target":{"@type":"EntryPoint","urlTemplate":"https:\/\/gymfactory.eu\/fr\/?s={search_term_string}"},"query-input":{"@type":"PropertyValueSpecification","valueRequired":true,"valueName":"search_term_string"}}],"inLanguage":"fr-FR"},{"@type":"Organization","@id":"https:\/\/gymfactory.eu\/fr\/#organization","name":"Gym Factory","url":"https:\/\/gymfactory.eu\/fr\/","logo":{"@type":"ImageObject","inLanguage":"fr-FR","@id":"https:\/\/gymfactory.eu\/fr\/#\/schema\/logo\/image\/","url":"https:\/\/gymfactory.eu\/wp-content\/uploads\/2024\/11\/Component-1.svg","contentUrl":"https:\/\/gymfactory.eu\/wp-content\/uploads\/2024\/11\/Component-1.svg","width":54,"height":44,"caption":"Gym Factory"},"image":{"@id":"https:\/\/gymfactory.eu\/fr\/#\/schema\/logo\/image\/"}}]}},"_links":{"self":[{"href":"https:\/\/gymfactory.eu\/fr\/wp-json\/wp\/v2\/product\/24535","targetHints":{"allow":["GET"]}}],"collection":[{"href":"https:\/\/gymfactory.eu\/fr\/wp-json\/wp\/v2\/product"}],"about":[{"href":"https:\/\/gymfactory.eu\/fr\/wp-json\/wp\/v2\/types\/product"}],"wp:featuredmedia":[{"embeddable":true,"href":"https:\/\/gymfactory.eu\/fr\/wp-json\/wp\/v2\/media\/11377"}],"wp:attachment":[{"href":"https:\/\/gymfactory.eu\/fr\/wp-json\/wp\/v2\/media?parent=24535"}],"wp:term":[{"taxonomy":"product_brand","embeddable":true,"href":"https:\/\/gymfactory.eu\/fr\/wp-json\/wp\/v2\/product_brand?post=24535"},{"taxonomy":"product_cat","embeddable":true,"href":"https:\/\/gymfactory.eu\/fr\/wp-json\/wp\/v2\/product_cat?post=24535"},{"taxonomy":"product_tag","embeddable":true,"href":"https:\/\/gymfactory.eu\/fr\/wp-json\/wp\/v2\/product_tag?post=24535"}],"curies":[{"name":"wp","href":"https:\/\/api.w.org\/{rel}","templated":true}]}}