{"id":24511,"date":"2025-01-31T10:04:59","date_gmt":"2025-01-31T08:04:59","guid":{"rendered":"https:\/\/gymfactory.eu\/product\/machine-t-bar-row-l1xx\/"},"modified":"2025-01-31T10:04:59","modified_gmt":"2025-01-31T08:04:59","slug":"machine-t-bar-row-l1xx","status":"publish","type":"product","link":"https:\/\/gymfactory.eu\/fr\/produit\/machine-t-bar-row-l1xx\/","title":{"rendered":"Machine T-Bar Row L1XX"},"content":{"rendered":"<p>La Machine T-Bar Row L1XX avec poign\u00e9es et plateforme r\u00e9glables est con\u00e7ue pour un entra\u00eenement efficace du dos, aussi bien dans les home gyms que dans les salles de sport commerciales. Elle permet d\u2019effectuer des tirages avec support poitrine, vous aidant \u00e0 maintenir une forme correcte et \u00e0 r\u00e9duire la tension sur le bas du dos lors des mouvements de traction lourds. <\/p>\n<p>Cette machine cible le haut du dos, les grands dorsaux et l\u2019arri\u00e8re des \u00e9paules, am\u00e9liorant la posture, la force et la puissance de tirage. Les poign\u00e9es \u00e0 mouvement libre s\u2019adaptent naturellement \u00e0 votre mouvement, et leur largeur peut \u00eatre personnalis\u00e9e pour correspondre \u00e0 votre prise pr\u00e9f\u00e9r\u00e9e ou cibler des zones sp\u00e9cifiques du dos. La plateforme pour les pieds est r\u00e9glable en hauteur, assurant une position s\u00fbre et confortable pour diff\u00e9rents utilisateurs.  <\/p>\n<p>Con\u00e7ue pour des exercices de tirage cibl\u00e9s et contr\u00f4l\u00e9s, la L1XX est une solution pratique pour un entra\u00eenement s\u00e9rieux du dos.<\/p>\n\n    <div class=\"xs_social_share_widget xs_share_url after_content \t\tmain_content  wslu-style-1 wslu-share-box-shaped wslu-fill-colored wslu-none wslu-share-horizontal wslu-theme-font-no wslu-main_content\">\n\n\t\t\n        <ul>\n\t\t\t        <\/ul>\n    <\/div> \n","protected":false},"excerpt":{"rendered":"<p>La Machine T-Bar Row L1XX avec poign\u00e9es et plateforme r\u00e9glables est con\u00e7ue pour un entra\u00eenement efficace du dos, aussi bien dans les home gyms que dans les salles de sport commerciales. Elle permet d\u2019effectuer des tirages avec support poitrine, vous aidant \u00e0 maintenir une forme correcte et \u00e0 r\u00e9duire la tension sur le bas du [&hellip;]<\/p>\n","protected":false},"featured_media":19630,"template":"","meta":{"_acf_changed":false},"product_brand":[56],"product_cat":[832],"product_tag":[],"class_list":{"0":"post-24511","1":"product","2":"type-product","3":"status-publish","4":"has-post-thumbnail","6":"product_brand-gym-factory","7":"product_cat-machines-a-charge-par-plaques","9":"first","10":"onbackorder","11":"taxable","12":"shipping-taxable","13":"purchasable","14":"product-type-variable","15":"has-default-attributes"},"acf":[],"yoast_head":"<!-- This site is optimized with the Yoast SEO plugin v25.2 - https:\/\/yoast.com\/wordpress\/plugins\/seo\/ -->\n<title>Machine T-Bar Row L1XX | Usage Fitness Domestique &amp; Commercial<\/title>\n<meta name=\"description\" content=\"Vous installez un espace fitness \u00e0 la maison ou en salle ? La Machine T-Bar Row L1XX offre un entra\u00eenement puissant du dos pour les installations commerciales et domestiques.\" \/>\n<meta name=\"robots\" content=\"index, follow, max-snippet:-1, max-image-preview:large, max-video-preview:-1\" \/>\n<link rel=\"canonical\" href=\"https:\/\/gymfactory.eu\/fr\/produit\/machine-t-bar-row-l1xx\/\" \/>\n<meta property=\"og:locale\" content=\"fr_FR\" \/>\n<meta property=\"og:type\" content=\"article\" \/>\n<meta property=\"og:title\" content=\"Machine T-Bar Row L1XX | Usage Fitness Domestique &amp; Commercial\" \/>\n<meta property=\"og:description\" content=\"Vous installez un espace fitness \u00e0 la maison ou en salle ? La Machine T-Bar Row L1XX offre un entra\u00eenement puissant du dos pour les installations commerciales et domestiques.\" \/>\n<meta property=\"og:url\" content=\"https:\/\/gymfactory.eu\/fr\/produit\/machine-t-bar-row-l1xx\/\" \/>\n<meta property=\"og:site_name\" content=\"Gym Factory\" \/>\n<meta property=\"og:image\" content=\"https:\/\/gymfactory.eu\/wp-content\/uploads\/2025\/01\/gym-machine-L1XX-t-bar-row-red-side-view-1.webp\" \/>\n\t<meta property=\"og:image:width\" content=\"1500\" \/>\n\t<meta property=\"og:image:height\" content=\"1500\" \/>\n\t<meta property=\"og:image:type\" content=\"image\/webp\" \/>\n<meta name=\"twitter:card\" content=\"summary_large_image\" \/>\n<meta name=\"twitter:label1\" content=\"Dur\u00e9e de lecture estim\u00e9e\" \/>\n\t<meta name=\"twitter:data1\" content=\"1 minute\" \/>\n<script type=\"application\/ld+json\" class=\"yoast-schema-graph\">{\"@context\":\"https:\/\/schema.org\",\"@graph\":[{\"@type\":\"WebPage\",\"@id\":\"https:\/\/gymfactory.eu\/fr\/produit\/machine-t-bar-row-l1xx\/\",\"url\":\"https:\/\/gymfactory.eu\/fr\/produit\/machine-t-bar-row-l1xx\/\",\"name\":\"Machine T-Bar Row L1XX | Usage Fitness Domestique & Commercial\",\"isPartOf\":{\"@id\":\"https:\/\/gymfactory.eu\/fr\/#website\"},\"primaryImageOfPage\":{\"@id\":\"https:\/\/gymfactory.eu\/fr\/produit\/machine-t-bar-row-l1xx\/#primaryimage\"},\"image\":{\"@id\":\"https:\/\/gymfactory.eu\/fr\/produit\/machine-t-bar-row-l1xx\/#primaryimage\"},\"thumbnailUrl\":\"https:\/\/gymfactory.eu\/wp-content\/uploads\/2025\/01\/gym-machine-L1XX-t-bar-row-red-side-view-1.webp\",\"datePublished\":\"2025-01-31T08:04:59+00:00\",\"description\":\"Vous installez un espace fitness \u00e0 la maison ou en salle ? La Machine T-Bar Row L1XX offre un entra\u00eenement puissant du dos pour les installations commerciales et domestiques.\",\"breadcrumb\":{\"@id\":\"https:\/\/gymfactory.eu\/fr\/produit\/machine-t-bar-row-l1xx\/#breadcrumb\"},\"inLanguage\":\"fr-FR\",\"potentialAction\":[{\"@type\":\"ReadAction\",\"target\":[\"https:\/\/gymfactory.eu\/fr\/produit\/machine-t-bar-row-l1xx\/\"]}]},{\"@type\":\"ImageObject\",\"inLanguage\":\"fr-FR\",\"@id\":\"https:\/\/gymfactory.eu\/fr\/produit\/machine-t-bar-row-l1xx\/#primaryimage\",\"url\":\"https:\/\/gymfactory.eu\/wp-content\/uploads\/2025\/01\/gym-machine-L1XX-t-bar-row-red-side-view-1.webp\",\"contentUrl\":\"https:\/\/gymfactory.eu\/wp-content\/uploads\/2025\/01\/gym-machine-L1XX-t-bar-row-red-side-view-1.webp\",\"width\":1500,\"height\":1500,\"caption\":\"Une vue de face de la machine de musculation T-Bar Row noire pr\u00e9sente son cadre inclin\u00e9, ses positions de poign\u00e9e r\u00e9glables et son syst\u00e8me de chargement de poids. La conception ergonomique rend cette machine parfaite pour renforcer le dos, les trap\u00e8zes et les grands dorsaux.\"},{\"@type\":\"BreadcrumbList\",\"@id\":\"https:\/\/gymfactory.eu\/fr\/produit\/machine-t-bar-row-l1xx\/#breadcrumb\",\"itemListElement\":[{\"@type\":\"ListItem\",\"position\":1,\"name\":\"Home\",\"item\":\"https:\/\/gymfactory.eu\/fr\/\"},{\"@type\":\"ListItem\",\"position\":2,\"name\":\"Catalogue\",\"item\":\"https:\/\/gymfactory.eu\/fr\/catalogue-2\/\"},{\"@type\":\"ListItem\",\"position\":3,\"name\":\"Machine T-Bar Row L1XX\"}]},{\"@type\":\"WebSite\",\"@id\":\"https:\/\/gymfactory.eu\/fr\/#website\",\"url\":\"https:\/\/gymfactory.eu\/fr\/\",\"name\":\"Gym Factory\",\"description\":\"\",\"publisher\":{\"@id\":\"https:\/\/gymfactory.eu\/fr\/#organization\"},\"potentialAction\":[{\"@type\":\"SearchAction\",\"target\":{\"@type\":\"EntryPoint\",\"urlTemplate\":\"https:\/\/gymfactory.eu\/fr\/?s={search_term_string}\"},\"query-input\":{\"@type\":\"PropertyValueSpecification\",\"valueRequired\":true,\"valueName\":\"search_term_string\"}}],\"inLanguage\":\"fr-FR\"},{\"@type\":\"Organization\",\"@id\":\"https:\/\/gymfactory.eu\/fr\/#organization\",\"name\":\"Gym Factory\",\"url\":\"https:\/\/gymfactory.eu\/fr\/\",\"logo\":{\"@type\":\"ImageObject\",\"inLanguage\":\"fr-FR\",\"@id\":\"https:\/\/gymfactory.eu\/fr\/#\/schema\/logo\/image\/\",\"url\":\"https:\/\/gymfactory.eu\/wp-content\/uploads\/2024\/11\/Component-1.svg\",\"contentUrl\":\"https:\/\/gymfactory.eu\/wp-content\/uploads\/2024\/11\/Component-1.svg\",\"width\":54,\"height\":44,\"caption\":\"Gym Factory\"},\"image\":{\"@id\":\"https:\/\/gymfactory.eu\/fr\/#\/schema\/logo\/image\/\"}}]}<\/script>\n<!-- \/ Yoast SEO plugin. -->","yoast_head_json":{"title":"Machine T-Bar Row L1XX | Usage Fitness Domestique & Commercial","description":"Vous installez un espace fitness \u00e0 la maison ou en salle ? La Machine T-Bar Row L1XX offre un entra\u00eenement puissant du dos pour les installations commerciales et domestiques.","robots":{"index":"index","follow":"follow","max-snippet":"max-snippet:-1","max-image-preview":"max-image-preview:large","max-video-preview":"max-video-preview:-1"},"canonical":"https:\/\/gymfactory.eu\/fr\/produit\/machine-t-bar-row-l1xx\/","og_locale":"fr_FR","og_type":"article","og_title":"Machine T-Bar Row L1XX | Usage Fitness Domestique & Commercial","og_description":"Vous installez un espace fitness \u00e0 la maison ou en salle ? La Machine T-Bar Row L1XX offre un entra\u00eenement puissant du dos pour les installations commerciales et domestiques.","og_url":"https:\/\/gymfactory.eu\/fr\/produit\/machine-t-bar-row-l1xx\/","og_site_name":"Gym Factory","og_image":[{"width":1500,"height":1500,"url":"https:\/\/gymfactory.eu\/wp-content\/uploads\/2025\/01\/gym-machine-L1XX-t-bar-row-red-side-view-1.webp","type":"image\/webp"}],"twitter_card":"summary_large_image","twitter_misc":{"Dur\u00e9e de lecture estim\u00e9e":"1 minute"},"schema":{"@context":"https:\/\/schema.org","@graph":[{"@type":"WebPage","@id":"https:\/\/gymfactory.eu\/fr\/produit\/machine-t-bar-row-l1xx\/","url":"https:\/\/gymfactory.eu\/fr\/produit\/machine-t-bar-row-l1xx\/","name":"Machine T-Bar Row L1XX | Usage Fitness Domestique & Commercial","isPartOf":{"@id":"https:\/\/gymfactory.eu\/fr\/#website"},"primaryImageOfPage":{"@id":"https:\/\/gymfactory.eu\/fr\/produit\/machine-t-bar-row-l1xx\/#primaryimage"},"image":{"@id":"https:\/\/gymfactory.eu\/fr\/produit\/machine-t-bar-row-l1xx\/#primaryimage"},"thumbnailUrl":"https:\/\/gymfactory.eu\/wp-content\/uploads\/2025\/01\/gym-machine-L1XX-t-bar-row-red-side-view-1.webp","datePublished":"2025-01-31T08:04:59+00:00","description":"Vous installez un espace fitness \u00e0 la maison ou en salle ? La Machine T-Bar Row L1XX offre un entra\u00eenement puissant du dos pour les installations commerciales et domestiques.","breadcrumb":{"@id":"https:\/\/gymfactory.eu\/fr\/produit\/machine-t-bar-row-l1xx\/#breadcrumb"},"inLanguage":"fr-FR","potentialAction":[{"@type":"ReadAction","target":["https:\/\/gymfactory.eu\/fr\/produit\/machine-t-bar-row-l1xx\/"]}]},{"@type":"ImageObject","inLanguage":"fr-FR","@id":"https:\/\/gymfactory.eu\/fr\/produit\/machine-t-bar-row-l1xx\/#primaryimage","url":"https:\/\/gymfactory.eu\/wp-content\/uploads\/2025\/01\/gym-machine-L1XX-t-bar-row-red-side-view-1.webp","contentUrl":"https:\/\/gymfactory.eu\/wp-content\/uploads\/2025\/01\/gym-machine-L1XX-t-bar-row-red-side-view-1.webp","width":1500,"height":1500,"caption":"Une vue de face de la machine de musculation T-Bar Row noire pr\u00e9sente son cadre inclin\u00e9, ses positions de poign\u00e9e r\u00e9glables et son syst\u00e8me de chargement de poids. La conception ergonomique rend cette machine parfaite pour renforcer le dos, les trap\u00e8zes et les grands dorsaux."},{"@type":"BreadcrumbList","@id":"https:\/\/gymfactory.eu\/fr\/produit\/machine-t-bar-row-l1xx\/#breadcrumb","itemListElement":[{"@type":"ListItem","position":1,"name":"Home","item":"https:\/\/gymfactory.eu\/fr\/"},{"@type":"ListItem","position":2,"name":"Catalogue","item":"https:\/\/gymfactory.eu\/fr\/catalogue-2\/"},{"@type":"ListItem","position":3,"name":"Machine T-Bar Row L1XX"}]},{"@type":"WebSite","@id":"https:\/\/gymfactory.eu\/fr\/#website","url":"https:\/\/gymfactory.eu\/fr\/","name":"Gym Factory","description":"","publisher":{"@id":"https:\/\/gymfactory.eu\/fr\/#organization"},"potentialAction":[{"@type":"SearchAction","target":{"@type":"EntryPoint","urlTemplate":"https:\/\/gymfactory.eu\/fr\/?s={search_term_string}"},"query-input":{"@type":"PropertyValueSpecification","valueRequired":true,"valueName":"search_term_string"}}],"inLanguage":"fr-FR"},{"@type":"Organization","@id":"https:\/\/gymfactory.eu\/fr\/#organization","name":"Gym Factory","url":"https:\/\/gymfactory.eu\/fr\/","logo":{"@type":"ImageObject","inLanguage":"fr-FR","@id":"https:\/\/gymfactory.eu\/fr\/#\/schema\/logo\/image\/","url":"https:\/\/gymfactory.eu\/wp-content\/uploads\/2024\/11\/Component-1.svg","contentUrl":"https:\/\/gymfactory.eu\/wp-content\/uploads\/2024\/11\/Component-1.svg","width":54,"height":44,"caption":"Gym Factory"},"image":{"@id":"https:\/\/gymfactory.eu\/fr\/#\/schema\/logo\/image\/"}}]}},"_links":{"self":[{"href":"https:\/\/gymfactory.eu\/fr\/wp-json\/wp\/v2\/product\/24511","targetHints":{"allow":["GET"]}}],"collection":[{"href":"https:\/\/gymfactory.eu\/fr\/wp-json\/wp\/v2\/product"}],"about":[{"href":"https:\/\/gymfactory.eu\/fr\/wp-json\/wp\/v2\/types\/product"}],"wp:featuredmedia":[{"embeddable":true,"href":"https:\/\/gymfactory.eu\/fr\/wp-json\/wp\/v2\/media\/19630"}],"wp:attachment":[{"href":"https:\/\/gymfactory.eu\/fr\/wp-json\/wp\/v2\/media?parent=24511"}],"wp:term":[{"taxonomy":"product_brand","embeddable":true,"href":"https:\/\/gymfactory.eu\/fr\/wp-json\/wp\/v2\/product_brand?post=24511"},{"taxonomy":"product_cat","embeddable":true,"href":"https:\/\/gymfactory.eu\/fr\/wp-json\/wp\/v2\/product_cat?post=24511"},{"taxonomy":"product_tag","embeddable":true,"href":"https:\/\/gymfactory.eu\/fr\/wp-json\/wp\/v2\/product_tag?post=24511"}],"curies":[{"name":"wp","href":"https:\/\/api.w.org\/{rel}","templated":true}]}}