{"id":24503,"date":"2025-01-31T09:42:57","date_gmt":"2025-01-31T07:42:57","guid":{"rendered":"https:\/\/gymfactory.eu\/product\/machine-t-bar-row-l1\/"},"modified":"2025-01-31T09:42:57","modified_gmt":"2025-01-31T07:42:57","slug":"machine-t-bar-row-l1","status":"publish","type":"product","link":"https:\/\/gymfactory.eu\/fr\/produit\/machine-t-bar-row-l1\/","title":{"rendered":"Machine T-Bar Row L1"},"content":{"rendered":"<p>La Machine T-Bar Row L1 est con\u00e7ue pour un entra\u00eenement efficace de la force du haut du corps, ce qui en fait un ajout pr\u00e9cieux aussi bien pour les home gyms que pour les salles de sport commerciales. Con\u00e7ue pour le tirage avec support poitrine, elle vous permet d\u2019effectuer des mouvements de traction puissants tout en maintenant une forme correcte et en minimisant la tension sur le bas du dos. <\/p>\n<p>Cette machine cible le haut du dos, les grands dorsaux et l\u2019arri\u00e8re des \u00e9paules, aidant \u00e0 am\u00e9liorer la posture et la force de tirage. Elle comprend plusieurs positions de poign\u00e9e, permettant des variations de prise &#8211; plus large ou plus serr\u00e9e &#8211; pour d\u00e9placer l\u2019accent pendant l\u2019entra\u00eenement. <\/p>\n<p>Simple, robuste et efficace, la L1 est id\u00e9ale pour des entra\u00eenements du dos cibl\u00e9s dans toute routine de musculation s\u00e9rieuse.<\/p>\n\n    <div class=\"xs_social_share_widget xs_share_url after_content \t\tmain_content  wslu-style-1 wslu-share-box-shaped wslu-fill-colored wslu-none wslu-share-horizontal wslu-theme-font-no wslu-main_content\">\n\n\t\t\n        <ul>\n\t\t\t        <\/ul>\n    <\/div> \n","protected":false},"excerpt":{"rendered":"<p>La Machine T-Bar Row L1 est con\u00e7ue pour un entra\u00eenement efficace de la force du haut du corps, ce qui en fait un ajout pr\u00e9cieux aussi bien pour les home gyms que pour les salles de sport commerciales. Con\u00e7ue pour le tirage avec support poitrine, elle vous permet d\u2019effectuer des mouvements de traction puissants tout [&hellip;]<\/p>\n","protected":false},"featured_media":11462,"template":"","meta":{"_acf_changed":false},"product_brand":[56],"product_cat":[832],"product_tag":[],"class_list":{"0":"post-24503","1":"product","2":"type-product","3":"status-publish","4":"has-post-thumbnail","6":"product_brand-gym-factory","7":"product_cat-machines-a-charge-par-plaques","9":"first","10":"onbackorder","11":"taxable","12":"shipping-taxable","13":"purchasable","14":"product-type-variable","15":"has-default-attributes"},"acf":[],"yoast_head":"<!-- This site is optimized with the Yoast SEO plugin v25.2 - https:\/\/yoast.com\/wordpress\/plugins\/seo\/ -->\n<title>Machine T-Bar Row L1 | Con\u00e7ue pour la Musculation<\/title>\n<meta name=\"description\" content=\"Vous voulez d\u00e9velopper un dos plus fort ? La Machine T-Bar Row L1 est con\u00e7ue pour la musculation, offrant un mouvement puissant et cibl\u00e9 pour un d\u00e9veloppement musculaire s\u00e9rieux.\" \/>\n<meta name=\"robots\" content=\"index, follow, max-snippet:-1, max-image-preview:large, max-video-preview:-1\" \/>\n<link rel=\"canonical\" href=\"https:\/\/gymfactory.eu\/fr\/produit\/machine-t-bar-row-l1\/\" \/>\n<meta property=\"og:locale\" content=\"fr_FR\" \/>\n<meta property=\"og:type\" content=\"article\" \/>\n<meta property=\"og:title\" content=\"Machine T-Bar Row L1 | Con\u00e7ue pour la Musculation\" \/>\n<meta property=\"og:description\" content=\"Vous voulez d\u00e9velopper un dos plus fort ? La Machine T-Bar Row L1 est con\u00e7ue pour la musculation, offrant un mouvement puissant et cibl\u00e9 pour un d\u00e9veloppement musculaire s\u00e9rieux.\" \/>\n<meta property=\"og:url\" content=\"https:\/\/gymfactory.eu\/fr\/produit\/machine-t-bar-row-l1\/\" \/>\n<meta property=\"og:site_name\" content=\"Gym Factory\" \/>\n<meta property=\"og:image\" content=\"https:\/\/gymfactory.eu\/wp-content\/uploads\/2025\/01\/gym-machine-L1-t-bar-row-side-view-1.webp\" \/>\n\t<meta property=\"og:image:width\" content=\"1500\" \/>\n\t<meta property=\"og:image:height\" content=\"1500\" \/>\n\t<meta property=\"og:image:type\" content=\"image\/webp\" \/>\n<meta name=\"twitter:card\" content=\"summary_large_image\" \/>\n<meta name=\"twitter:label1\" content=\"Dur\u00e9e de lecture estim\u00e9e\" \/>\n\t<meta name=\"twitter:data1\" content=\"1 minute\" \/>\n<script type=\"application\/ld+json\" class=\"yoast-schema-graph\">{\"@context\":\"https:\/\/schema.org\",\"@graph\":[{\"@type\":\"WebPage\",\"@id\":\"https:\/\/gymfactory.eu\/fr\/produit\/machine-t-bar-row-l1\/\",\"url\":\"https:\/\/gymfactory.eu\/fr\/produit\/machine-t-bar-row-l1\/\",\"name\":\"Machine T-Bar Row L1 | Con\u00e7ue pour la Musculation\",\"isPartOf\":{\"@id\":\"https:\/\/gymfactory.eu\/fr\/#website\"},\"primaryImageOfPage\":{\"@id\":\"https:\/\/gymfactory.eu\/fr\/produit\/machine-t-bar-row-l1\/#primaryimage\"},\"image\":{\"@id\":\"https:\/\/gymfactory.eu\/fr\/produit\/machine-t-bar-row-l1\/#primaryimage\"},\"thumbnailUrl\":\"https:\/\/gymfactory.eu\/wp-content\/uploads\/2025\/01\/gym-machine-L1-t-bar-row-side-view-1.webp\",\"datePublished\":\"2025-01-31T07:42:57+00:00\",\"description\":\"Vous voulez d\u00e9velopper un dos plus fort ? La Machine T-Bar Row L1 est con\u00e7ue pour la musculation, offrant un mouvement puissant et cibl\u00e9 pour un d\u00e9veloppement musculaire s\u00e9rieux.\",\"breadcrumb\":{\"@id\":\"https:\/\/gymfactory.eu\/fr\/produit\/machine-t-bar-row-l1\/#breadcrumb\"},\"inLanguage\":\"fr-FR\",\"potentialAction\":[{\"@type\":\"ReadAction\",\"target\":[\"https:\/\/gymfactory.eu\/fr\/produit\/machine-t-bar-row-l1\/\"]}]},{\"@type\":\"ImageObject\",\"inLanguage\":\"fr-FR\",\"@id\":\"https:\/\/gymfactory.eu\/fr\/produit\/machine-t-bar-row-l1\/#primaryimage\",\"url\":\"https:\/\/gymfactory.eu\/wp-content\/uploads\/2025\/01\/gym-machine-L1-t-bar-row-side-view-1.webp\",\"contentUrl\":\"https:\/\/gymfactory.eu\/wp-content\/uploads\/2025\/01\/gym-machine-L1-t-bar-row-side-view-1.webp\",\"width\":1500,\"height\":1500,\"caption\":\"Une perspective lat\u00e9rale du T-Bar Row pr\u00e9sentant son m\u00e9canisme de chargement de poids r\u00e9glable et son cadre en acier renforc\u00e9. Cette machine de musculation poss\u00e8de une conception \u00e0 barre pivotante qui permet une amplitude de mouvement naturelle, assurant un entra\u00eenement efficace pour les muscles du haut et du bas du dos.\"},{\"@type\":\"BreadcrumbList\",\"@id\":\"https:\/\/gymfactory.eu\/fr\/produit\/machine-t-bar-row-l1\/#breadcrumb\",\"itemListElement\":[{\"@type\":\"ListItem\",\"position\":1,\"name\":\"Home\",\"item\":\"https:\/\/gymfactory.eu\/fr\/page-principale\/\"},{\"@type\":\"ListItem\",\"position\":2,\"name\":\"Catalogue\",\"item\":\"https:\/\/gymfactory.eu\/fr\/catalogue-2\/\"},{\"@type\":\"ListItem\",\"position\":3,\"name\":\"Machine T-Bar Row L1\"}]},{\"@type\":\"WebSite\",\"@id\":\"https:\/\/gymfactory.eu\/fr\/#website\",\"url\":\"https:\/\/gymfactory.eu\/fr\/\",\"name\":\"Gym Factory\",\"description\":\"\",\"publisher\":{\"@id\":\"https:\/\/gymfactory.eu\/fr\/#organization\"},\"potentialAction\":[{\"@type\":\"SearchAction\",\"target\":{\"@type\":\"EntryPoint\",\"urlTemplate\":\"https:\/\/gymfactory.eu\/fr\/?s={search_term_string}\"},\"query-input\":{\"@type\":\"PropertyValueSpecification\",\"valueRequired\":true,\"valueName\":\"search_term_string\"}}],\"inLanguage\":\"fr-FR\"},{\"@type\":\"Organization\",\"@id\":\"https:\/\/gymfactory.eu\/fr\/#organization\",\"name\":\"Gym Factory\",\"url\":\"https:\/\/gymfactory.eu\/fr\/\",\"logo\":{\"@type\":\"ImageObject\",\"inLanguage\":\"fr-FR\",\"@id\":\"https:\/\/gymfactory.eu\/fr\/#\/schema\/logo\/image\/\",\"url\":\"https:\/\/gymfactory.eu\/wp-content\/uploads\/2024\/11\/Component-1.svg\",\"contentUrl\":\"https:\/\/gymfactory.eu\/wp-content\/uploads\/2024\/11\/Component-1.svg\",\"width\":54,\"height\":44,\"caption\":\"Gym Factory\"},\"image\":{\"@id\":\"https:\/\/gymfactory.eu\/fr\/#\/schema\/logo\/image\/\"}}]}<\/script>\n<!-- \/ Yoast SEO plugin. -->","yoast_head_json":{"title":"Machine T-Bar Row L1 | Con\u00e7ue pour la Musculation","description":"Vous voulez d\u00e9velopper un dos plus fort ? La Machine T-Bar Row L1 est con\u00e7ue pour la musculation, offrant un mouvement puissant et cibl\u00e9 pour un d\u00e9veloppement musculaire s\u00e9rieux.","robots":{"index":"index","follow":"follow","max-snippet":"max-snippet:-1","max-image-preview":"max-image-preview:large","max-video-preview":"max-video-preview:-1"},"canonical":"https:\/\/gymfactory.eu\/fr\/produit\/machine-t-bar-row-l1\/","og_locale":"fr_FR","og_type":"article","og_title":"Machine T-Bar Row L1 | Con\u00e7ue pour la Musculation","og_description":"Vous voulez d\u00e9velopper un dos plus fort ? La Machine T-Bar Row L1 est con\u00e7ue pour la musculation, offrant un mouvement puissant et cibl\u00e9 pour un d\u00e9veloppement musculaire s\u00e9rieux.","og_url":"https:\/\/gymfactory.eu\/fr\/produit\/machine-t-bar-row-l1\/","og_site_name":"Gym Factory","og_image":[{"width":1500,"height":1500,"url":"https:\/\/gymfactory.eu\/wp-content\/uploads\/2025\/01\/gym-machine-L1-t-bar-row-side-view-1.webp","type":"image\/webp"}],"twitter_card":"summary_large_image","twitter_misc":{"Dur\u00e9e de lecture estim\u00e9e":"1 minute"},"schema":{"@context":"https:\/\/schema.org","@graph":[{"@type":"WebPage","@id":"https:\/\/gymfactory.eu\/fr\/produit\/machine-t-bar-row-l1\/","url":"https:\/\/gymfactory.eu\/fr\/produit\/machine-t-bar-row-l1\/","name":"Machine T-Bar Row L1 | Con\u00e7ue pour la Musculation","isPartOf":{"@id":"https:\/\/gymfactory.eu\/fr\/#website"},"primaryImageOfPage":{"@id":"https:\/\/gymfactory.eu\/fr\/produit\/machine-t-bar-row-l1\/#primaryimage"},"image":{"@id":"https:\/\/gymfactory.eu\/fr\/produit\/machine-t-bar-row-l1\/#primaryimage"},"thumbnailUrl":"https:\/\/gymfactory.eu\/wp-content\/uploads\/2025\/01\/gym-machine-L1-t-bar-row-side-view-1.webp","datePublished":"2025-01-31T07:42:57+00:00","description":"Vous voulez d\u00e9velopper un dos plus fort ? La Machine T-Bar Row L1 est con\u00e7ue pour la musculation, offrant un mouvement puissant et cibl\u00e9 pour un d\u00e9veloppement musculaire s\u00e9rieux.","breadcrumb":{"@id":"https:\/\/gymfactory.eu\/fr\/produit\/machine-t-bar-row-l1\/#breadcrumb"},"inLanguage":"fr-FR","potentialAction":[{"@type":"ReadAction","target":["https:\/\/gymfactory.eu\/fr\/produit\/machine-t-bar-row-l1\/"]}]},{"@type":"ImageObject","inLanguage":"fr-FR","@id":"https:\/\/gymfactory.eu\/fr\/produit\/machine-t-bar-row-l1\/#primaryimage","url":"https:\/\/gymfactory.eu\/wp-content\/uploads\/2025\/01\/gym-machine-L1-t-bar-row-side-view-1.webp","contentUrl":"https:\/\/gymfactory.eu\/wp-content\/uploads\/2025\/01\/gym-machine-L1-t-bar-row-side-view-1.webp","width":1500,"height":1500,"caption":"Une perspective lat\u00e9rale du T-Bar Row pr\u00e9sentant son m\u00e9canisme de chargement de poids r\u00e9glable et son cadre en acier renforc\u00e9. Cette machine de musculation poss\u00e8de une conception \u00e0 barre pivotante qui permet une amplitude de mouvement naturelle, assurant un entra\u00eenement efficace pour les muscles du haut et du bas du dos."},{"@type":"BreadcrumbList","@id":"https:\/\/gymfactory.eu\/fr\/produit\/machine-t-bar-row-l1\/#breadcrumb","itemListElement":[{"@type":"ListItem","position":1,"name":"Home","item":"https:\/\/gymfactory.eu\/fr\/page-principale\/"},{"@type":"ListItem","position":2,"name":"Catalogue","item":"https:\/\/gymfactory.eu\/fr\/catalogue-2\/"},{"@type":"ListItem","position":3,"name":"Machine T-Bar Row L1"}]},{"@type":"WebSite","@id":"https:\/\/gymfactory.eu\/fr\/#website","url":"https:\/\/gymfactory.eu\/fr\/","name":"Gym Factory","description":"","publisher":{"@id":"https:\/\/gymfactory.eu\/fr\/#organization"},"potentialAction":[{"@type":"SearchAction","target":{"@type":"EntryPoint","urlTemplate":"https:\/\/gymfactory.eu\/fr\/?s={search_term_string}"},"query-input":{"@type":"PropertyValueSpecification","valueRequired":true,"valueName":"search_term_string"}}],"inLanguage":"fr-FR"},{"@type":"Organization","@id":"https:\/\/gymfactory.eu\/fr\/#organization","name":"Gym Factory","url":"https:\/\/gymfactory.eu\/fr\/","logo":{"@type":"ImageObject","inLanguage":"fr-FR","@id":"https:\/\/gymfactory.eu\/fr\/#\/schema\/logo\/image\/","url":"https:\/\/gymfactory.eu\/wp-content\/uploads\/2024\/11\/Component-1.svg","contentUrl":"https:\/\/gymfactory.eu\/wp-content\/uploads\/2024\/11\/Component-1.svg","width":54,"height":44,"caption":"Gym Factory"},"image":{"@id":"https:\/\/gymfactory.eu\/fr\/#\/schema\/logo\/image\/"}}]}},"_links":{"self":[{"href":"https:\/\/gymfactory.eu\/fr\/wp-json\/wp\/v2\/product\/24503","targetHints":{"allow":["GET"]}}],"collection":[{"href":"https:\/\/gymfactory.eu\/fr\/wp-json\/wp\/v2\/product"}],"about":[{"href":"https:\/\/gymfactory.eu\/fr\/wp-json\/wp\/v2\/types\/product"}],"wp:featuredmedia":[{"embeddable":true,"href":"https:\/\/gymfactory.eu\/fr\/wp-json\/wp\/v2\/media\/11462"}],"wp:attachment":[{"href":"https:\/\/gymfactory.eu\/fr\/wp-json\/wp\/v2\/media?parent=24503"}],"wp:term":[{"taxonomy":"product_brand","embeddable":true,"href":"https:\/\/gymfactory.eu\/fr\/wp-json\/wp\/v2\/product_brand?post=24503"},{"taxonomy":"product_cat","embeddable":true,"href":"https:\/\/gymfactory.eu\/fr\/wp-json\/wp\/v2\/product_cat?post=24503"},{"taxonomy":"product_tag","embeddable":true,"href":"https:\/\/gymfactory.eu\/fr\/wp-json\/wp\/v2\/product_tag?post=24503"}],"curies":[{"name":"wp","href":"https:\/\/api.w.org\/{rel}","templated":true}]}}