{"id":24466,"date":"2025-01-30T15:38:57","date_gmt":"2025-01-30T13:38:57","guid":{"rendered":"https:\/\/gymfactory.eu\/product\/machine-a-shrugs-g3\/"},"modified":"2025-01-30T15:38:57","modified_gmt":"2025-01-30T13:38:57","slug":"machine-a-shrugs-g3","status":"publish","type":"product","link":"https:\/\/gymfactory.eu\/fr\/produit\/machine-a-shrugs-g3\/","title":{"rendered":"Machine \u00e0 Shrugs G3"},"content":{"rendered":"<p>La Machine \u00e0 Shrugs G3 est un \u00e9quipement de musculation d\u00e9di\u00e9, con\u00e7u pour renforcer les muscles trap\u00e8zes et am\u00e9liorer le d\u00e9veloppement du haut du corps. Sa construction robuste et son mouvement guid\u00e9 soutiennent une performance constante et contr\u00f4l\u00e9e, aussi bien dans les home gyms que dans les salles de sport commerciales. <\/p>\n<p>Cette machine permet d\u2019effectuer des shrugs (haussements d\u2019\u00e9paules) debout, qui activent principalement la partie sup\u00e9rieure des trap\u00e8zes, ainsi que des shrugs pench\u00e9s, ciblant la partie moyenne des trap\u00e8zes. Ces deux variantes aident \u00e0 am\u00e9liorer la posture, la stabilit\u00e9 du dos et la force des \u00e9paules. <\/p>\n<p>La G3 est con\u00e7ue pour soutenir une forme correcte tout au long de chaque mouvement, assurant un entra\u00eenement des trap\u00e8zes s\u00fbr et efficace.<\/p>\n\n    <div class=\"xs_social_share_widget xs_share_url after_content \t\tmain_content  wslu-style-1 wslu-share-box-shaped wslu-fill-colored wslu-none wslu-share-horizontal wslu-theme-font-no wslu-main_content\">\n\n\t\t\n        <ul>\n\t\t\t        <\/ul>\n    <\/div> \n","protected":false},"excerpt":{"rendered":"<p>La Machine \u00e0 Shrugs G3 est un \u00e9quipement de musculation d\u00e9di\u00e9, con\u00e7u pour renforcer les muscles trap\u00e8zes et am\u00e9liorer le d\u00e9veloppement du haut du corps. Sa construction robuste et son mouvement guid\u00e9 soutiennent une performance constante et contr\u00f4l\u00e9e, aussi bien dans les home gyms que dans les salles de sport commerciales. Cette machine permet d\u2019effectuer [&hellip;]<\/p>\n","protected":false},"featured_media":11442,"template":"","meta":{"_acf_changed":false},"product_brand":[56],"product_cat":[832],"product_tag":[857],"class_list":{"0":"post-24466","1":"product","2":"type-product","3":"status-publish","4":"has-post-thumbnail","6":"product_brand-gym-factory","7":"product_cat-machines-a-charge-par-plaques","8":"product_tag-couleur-metal-uniquement","10":"first","11":"onbackorder","12":"taxable","13":"shipping-taxable","14":"purchasable","15":"product-type-variable","16":"has-default-attributes"},"acf":[],"yoast_head":"<!-- This site is optimized with the Yoast SEO plugin v25.2 - https:\/\/yoast.com\/wordpress\/plugins\/seo\/ -->\n<title>Machine \u00e0 Shrugs G3 | \u00c9quipement de Musculation pour Trap\u00e8zes<\/title>\n<meta name=\"description\" content=\"Vous cherchez un entra\u00eenement s\u00e9rieux des trap\u00e8zes ? La Machine \u00e0 Shrugs G3 est un \u00e9quipement de musculation con\u00e7u pour le travail isol\u00e9 des \u00e9paules, le d\u00e9veloppement de la puissance et les gains de force.\" \/>\n<meta name=\"robots\" content=\"index, follow, max-snippet:-1, max-image-preview:large, max-video-preview:-1\" \/>\n<link rel=\"canonical\" href=\"https:\/\/gymfactory.eu\/fr\/produit\/machine-a-shrugs-g3\/\" \/>\n<meta property=\"og:locale\" content=\"fr_FR\" \/>\n<meta property=\"og:type\" content=\"article\" \/>\n<meta property=\"og:title\" content=\"Machine \u00e0 Shrugs G3 | \u00c9quipement de Musculation pour Trap\u00e8zes\" \/>\n<meta property=\"og:description\" content=\"Vous cherchez un entra\u00eenement s\u00e9rieux des trap\u00e8zes ? La Machine \u00e0 Shrugs G3 est un \u00e9quipement de musculation con\u00e7u pour le travail isol\u00e9 des \u00e9paules, le d\u00e9veloppement de la puissance et les gains de force.\" \/>\n<meta property=\"og:url\" content=\"https:\/\/gymfactory.eu\/fr\/produit\/machine-a-shrugs-g3\/\" \/>\n<meta property=\"og:site_name\" content=\"Gym Factory\" \/>\n<meta property=\"og:image\" content=\"https:\/\/gymfactory.eu\/wp-content\/uploads\/2025\/01\/gym-machine-G3-front-view-1.webp\" \/>\n\t<meta property=\"og:image:width\" content=\"1500\" \/>\n\t<meta property=\"og:image:height\" content=\"1500\" \/>\n\t<meta property=\"og:image:type\" content=\"image\/webp\" \/>\n<meta name=\"twitter:card\" content=\"summary_large_image\" \/>\n<meta name=\"twitter:label1\" content=\"Dur\u00e9e de lecture estim\u00e9e\" \/>\n\t<meta name=\"twitter:data1\" content=\"1 minute\" \/>\n<script type=\"application\/ld+json\" class=\"yoast-schema-graph\">{\"@context\":\"https:\/\/schema.org\",\"@graph\":[{\"@type\":\"WebPage\",\"@id\":\"https:\/\/gymfactory.eu\/fr\/produit\/machine-a-shrugs-g3\/\",\"url\":\"https:\/\/gymfactory.eu\/fr\/produit\/machine-a-shrugs-g3\/\",\"name\":\"Machine \u00e0 Shrugs G3 | \u00c9quipement de Musculation pour Trap\u00e8zes\",\"isPartOf\":{\"@id\":\"https:\/\/gymfactory.eu\/fr\/#website\"},\"primaryImageOfPage\":{\"@id\":\"https:\/\/gymfactory.eu\/fr\/produit\/machine-a-shrugs-g3\/#primaryimage\"},\"image\":{\"@id\":\"https:\/\/gymfactory.eu\/fr\/produit\/machine-a-shrugs-g3\/#primaryimage\"},\"thumbnailUrl\":\"https:\/\/gymfactory.eu\/wp-content\/uploads\/2025\/01\/gym-machine-G3-front-view-1.webp\",\"datePublished\":\"2025-01-30T13:38:57+00:00\",\"description\":\"Vous cherchez un entra\u00eenement s\u00e9rieux des trap\u00e8zes ? La Machine \u00e0 Shrugs G3 est un \u00e9quipement de musculation con\u00e7u pour le travail isol\u00e9 des \u00e9paules, le d\u00e9veloppement de la puissance et les gains de force.\",\"breadcrumb\":{\"@id\":\"https:\/\/gymfactory.eu\/fr\/produit\/machine-a-shrugs-g3\/#breadcrumb\"},\"inLanguage\":\"fr-FR\",\"potentialAction\":[{\"@type\":\"ReadAction\",\"target\":[\"https:\/\/gymfactory.eu\/fr\/produit\/machine-a-shrugs-g3\/\"]}]},{\"@type\":\"ImageObject\",\"inLanguage\":\"fr-FR\",\"@id\":\"https:\/\/gymfactory.eu\/fr\/produit\/machine-a-shrugs-g3\/#primaryimage\",\"url\":\"https:\/\/gymfactory.eu\/wp-content\/uploads\/2025\/01\/gym-machine-G3-front-view-1.webp\",\"contentUrl\":\"https:\/\/gymfactory.eu\/wp-content\/uploads\/2025\/01\/gym-machine-G3-front-view-1.webp\",\"width\":1500,\"height\":1500,\"caption\":\"Une vue de face d\u2019une machine de musculation ultra-r\u00e9sistante con\u00e7ue pour l\u2019entra\u00eenement de la force. Le cadre en acier rouge vif et la plateforme m\u00e9tallique pour les pieds offrent de la stabilit\u00e9, tandis que les poign\u00e9es ergonomiques permettent une prise confortable. Cette machine cible les muscles du dos et des \u00e9paules, offrant des mouvements d\u2019entra\u00eenement contr\u00f4l\u00e9s et efficaces.\"},{\"@type\":\"BreadcrumbList\",\"@id\":\"https:\/\/gymfactory.eu\/fr\/produit\/machine-a-shrugs-g3\/#breadcrumb\",\"itemListElement\":[{\"@type\":\"ListItem\",\"position\":1,\"name\":\"Home\",\"item\":\"https:\/\/gymfactory.eu\/fr\/\"},{\"@type\":\"ListItem\",\"position\":2,\"name\":\"Catalogue\",\"item\":\"https:\/\/gymfactory.eu\/fr\/catalogue-2\/\"},{\"@type\":\"ListItem\",\"position\":3,\"name\":\"Machine \u00e0 Shrugs G3\"}]},{\"@type\":\"WebSite\",\"@id\":\"https:\/\/gymfactory.eu\/fr\/#website\",\"url\":\"https:\/\/gymfactory.eu\/fr\/\",\"name\":\"Gym Factory\",\"description\":\"\",\"publisher\":{\"@id\":\"https:\/\/gymfactory.eu\/fr\/#organization\"},\"potentialAction\":[{\"@type\":\"SearchAction\",\"target\":{\"@type\":\"EntryPoint\",\"urlTemplate\":\"https:\/\/gymfactory.eu\/fr\/?s={search_term_string}\"},\"query-input\":{\"@type\":\"PropertyValueSpecification\",\"valueRequired\":true,\"valueName\":\"search_term_string\"}}],\"inLanguage\":\"fr-FR\"},{\"@type\":\"Organization\",\"@id\":\"https:\/\/gymfactory.eu\/fr\/#organization\",\"name\":\"Gym Factory\",\"url\":\"https:\/\/gymfactory.eu\/fr\/\",\"logo\":{\"@type\":\"ImageObject\",\"inLanguage\":\"fr-FR\",\"@id\":\"https:\/\/gymfactory.eu\/fr\/#\/schema\/logo\/image\/\",\"url\":\"https:\/\/gymfactory.eu\/wp-content\/uploads\/2024\/11\/Component-1.svg\",\"contentUrl\":\"https:\/\/gymfactory.eu\/wp-content\/uploads\/2024\/11\/Component-1.svg\",\"width\":54,\"height\":44,\"caption\":\"Gym Factory\"},\"image\":{\"@id\":\"https:\/\/gymfactory.eu\/fr\/#\/schema\/logo\/image\/\"}}]}<\/script>\n<!-- \/ Yoast SEO plugin. -->","yoast_head_json":{"title":"Machine \u00e0 Shrugs G3 | \u00c9quipement de Musculation pour Trap\u00e8zes","description":"Vous cherchez un entra\u00eenement s\u00e9rieux des trap\u00e8zes ? La Machine \u00e0 Shrugs G3 est un \u00e9quipement de musculation con\u00e7u pour le travail isol\u00e9 des \u00e9paules, le d\u00e9veloppement de la puissance et les gains de force.","robots":{"index":"index","follow":"follow","max-snippet":"max-snippet:-1","max-image-preview":"max-image-preview:large","max-video-preview":"max-video-preview:-1"},"canonical":"https:\/\/gymfactory.eu\/fr\/produit\/machine-a-shrugs-g3\/","og_locale":"fr_FR","og_type":"article","og_title":"Machine \u00e0 Shrugs G3 | \u00c9quipement de Musculation pour Trap\u00e8zes","og_description":"Vous cherchez un entra\u00eenement s\u00e9rieux des trap\u00e8zes ? La Machine \u00e0 Shrugs G3 est un \u00e9quipement de musculation con\u00e7u pour le travail isol\u00e9 des \u00e9paules, le d\u00e9veloppement de la puissance et les gains de force.","og_url":"https:\/\/gymfactory.eu\/fr\/produit\/machine-a-shrugs-g3\/","og_site_name":"Gym Factory","og_image":[{"width":1500,"height":1500,"url":"https:\/\/gymfactory.eu\/wp-content\/uploads\/2025\/01\/gym-machine-G3-front-view-1.webp","type":"image\/webp"}],"twitter_card":"summary_large_image","twitter_misc":{"Dur\u00e9e de lecture estim\u00e9e":"1 minute"},"schema":{"@context":"https:\/\/schema.org","@graph":[{"@type":"WebPage","@id":"https:\/\/gymfactory.eu\/fr\/produit\/machine-a-shrugs-g3\/","url":"https:\/\/gymfactory.eu\/fr\/produit\/machine-a-shrugs-g3\/","name":"Machine \u00e0 Shrugs G3 | \u00c9quipement de Musculation pour Trap\u00e8zes","isPartOf":{"@id":"https:\/\/gymfactory.eu\/fr\/#website"},"primaryImageOfPage":{"@id":"https:\/\/gymfactory.eu\/fr\/produit\/machine-a-shrugs-g3\/#primaryimage"},"image":{"@id":"https:\/\/gymfactory.eu\/fr\/produit\/machine-a-shrugs-g3\/#primaryimage"},"thumbnailUrl":"https:\/\/gymfactory.eu\/wp-content\/uploads\/2025\/01\/gym-machine-G3-front-view-1.webp","datePublished":"2025-01-30T13:38:57+00:00","description":"Vous cherchez un entra\u00eenement s\u00e9rieux des trap\u00e8zes ? La Machine \u00e0 Shrugs G3 est un \u00e9quipement de musculation con\u00e7u pour le travail isol\u00e9 des \u00e9paules, le d\u00e9veloppement de la puissance et les gains de force.","breadcrumb":{"@id":"https:\/\/gymfactory.eu\/fr\/produit\/machine-a-shrugs-g3\/#breadcrumb"},"inLanguage":"fr-FR","potentialAction":[{"@type":"ReadAction","target":["https:\/\/gymfactory.eu\/fr\/produit\/machine-a-shrugs-g3\/"]}]},{"@type":"ImageObject","inLanguage":"fr-FR","@id":"https:\/\/gymfactory.eu\/fr\/produit\/machine-a-shrugs-g3\/#primaryimage","url":"https:\/\/gymfactory.eu\/wp-content\/uploads\/2025\/01\/gym-machine-G3-front-view-1.webp","contentUrl":"https:\/\/gymfactory.eu\/wp-content\/uploads\/2025\/01\/gym-machine-G3-front-view-1.webp","width":1500,"height":1500,"caption":"Une vue de face d\u2019une machine de musculation ultra-r\u00e9sistante con\u00e7ue pour l\u2019entra\u00eenement de la force. Le cadre en acier rouge vif et la plateforme m\u00e9tallique pour les pieds offrent de la stabilit\u00e9, tandis que les poign\u00e9es ergonomiques permettent une prise confortable. Cette machine cible les muscles du dos et des \u00e9paules, offrant des mouvements d\u2019entra\u00eenement contr\u00f4l\u00e9s et efficaces."},{"@type":"BreadcrumbList","@id":"https:\/\/gymfactory.eu\/fr\/produit\/machine-a-shrugs-g3\/#breadcrumb","itemListElement":[{"@type":"ListItem","position":1,"name":"Home","item":"https:\/\/gymfactory.eu\/fr\/"},{"@type":"ListItem","position":2,"name":"Catalogue","item":"https:\/\/gymfactory.eu\/fr\/catalogue-2\/"},{"@type":"ListItem","position":3,"name":"Machine \u00e0 Shrugs G3"}]},{"@type":"WebSite","@id":"https:\/\/gymfactory.eu\/fr\/#website","url":"https:\/\/gymfactory.eu\/fr\/","name":"Gym Factory","description":"","publisher":{"@id":"https:\/\/gymfactory.eu\/fr\/#organization"},"potentialAction":[{"@type":"SearchAction","target":{"@type":"EntryPoint","urlTemplate":"https:\/\/gymfactory.eu\/fr\/?s={search_term_string}"},"query-input":{"@type":"PropertyValueSpecification","valueRequired":true,"valueName":"search_term_string"}}],"inLanguage":"fr-FR"},{"@type":"Organization","@id":"https:\/\/gymfactory.eu\/fr\/#organization","name":"Gym Factory","url":"https:\/\/gymfactory.eu\/fr\/","logo":{"@type":"ImageObject","inLanguage":"fr-FR","@id":"https:\/\/gymfactory.eu\/fr\/#\/schema\/logo\/image\/","url":"https:\/\/gymfactory.eu\/wp-content\/uploads\/2024\/11\/Component-1.svg","contentUrl":"https:\/\/gymfactory.eu\/wp-content\/uploads\/2024\/11\/Component-1.svg","width":54,"height":44,"caption":"Gym Factory"},"image":{"@id":"https:\/\/gymfactory.eu\/fr\/#\/schema\/logo\/image\/"}}]}},"_links":{"self":[{"href":"https:\/\/gymfactory.eu\/fr\/wp-json\/wp\/v2\/product\/24466","targetHints":{"allow":["GET"]}}],"collection":[{"href":"https:\/\/gymfactory.eu\/fr\/wp-json\/wp\/v2\/product"}],"about":[{"href":"https:\/\/gymfactory.eu\/fr\/wp-json\/wp\/v2\/types\/product"}],"wp:featuredmedia":[{"embeddable":true,"href":"https:\/\/gymfactory.eu\/fr\/wp-json\/wp\/v2\/media\/11442"}],"wp:attachment":[{"href":"https:\/\/gymfactory.eu\/fr\/wp-json\/wp\/v2\/media?parent=24466"}],"wp:term":[{"taxonomy":"product_brand","embeddable":true,"href":"https:\/\/gymfactory.eu\/fr\/wp-json\/wp\/v2\/product_brand?post=24466"},{"taxonomy":"product_cat","embeddable":true,"href":"https:\/\/gymfactory.eu\/fr\/wp-json\/wp\/v2\/product_cat?post=24466"},{"taxonomy":"product_tag","embeddable":true,"href":"https:\/\/gymfactory.eu\/fr\/wp-json\/wp\/v2\/product_tag?post=24466"}],"curies":[{"name":"wp","href":"https:\/\/api.w.org\/{rel}","templated":true}]}}