{"id":24460,"date":"2025-01-30T14:59:24","date_gmt":"2025-01-30T12:59:24","guid":{"rendered":"https:\/\/gymfactory.eu\/product\/machine-a-shrugs-g2\/"},"modified":"2025-01-30T14:59:24","modified_gmt":"2025-01-30T12:59:24","slug":"machine-a-shrugs-g2","status":"publish","type":"product","link":"https:\/\/gymfactory.eu\/fr\/produit\/machine-a-shrugs-g2\/","title":{"rendered":"Machine \u00e0 Shrugs G2"},"content":{"rendered":"<p>La Machine \u00e0 Shrugs G2 est con\u00e7ue pour l\u2019entra\u00eenement isol\u00e9 du haut du corps, se concentrant sur les muscles trap\u00e8zes. Son cadre stable et son mouvement guid\u00e9 aident \u00e0 maintenir une forme correcte et soutiennent un mouvement s\u00fbr et efficace. <\/p>\n<p>La machine est fabriqu\u00e9e sp\u00e9cifiquement pour les shrugs (haussements d\u2019\u00e9paules) assis, qui d\u00e9veloppent la force et le volume des trap\u00e8zes sup\u00e9rieurs. Elle comprend deux poign\u00e9es de prise pour s\u2019adapter aux diff\u00e9rentes pr\u00e9f\u00e9rences des utilisateurs et positions des bras. <\/p>\n<p>La hauteur du si\u00e8ge est r\u00e9glable, permettant un alignement correct pendant l\u2019entra\u00eenement. Avec un support rembourr\u00e9 et une structure durable, la G2 convient aussi bien \u00e0 un usage en home gym qu\u2019en salle de sport commerciale.<\/p>\n\n    <div class=\"xs_social_share_widget xs_share_url after_content \t\tmain_content  wslu-style-1 wslu-share-box-shaped wslu-fill-colored wslu-none wslu-share-horizontal wslu-theme-font-no wslu-main_content\">\n\n\t\t\n        <ul>\n\t\t\t        <\/ul>\n    <\/div> \n","protected":false},"excerpt":{"rendered":"<p>La Machine \u00e0 Shrugs G2 est con\u00e7ue pour l\u2019entra\u00eenement isol\u00e9 du haut du corps, se concentrant sur les muscles trap\u00e8zes. Son cadre stable et son mouvement guid\u00e9 aident \u00e0 maintenir une forme correcte et soutiennent un mouvement s\u00fbr et efficace. La machine est fabriqu\u00e9e sp\u00e9cifiquement pour les shrugs (haussements d\u2019\u00e9paules) assis, qui d\u00e9veloppent la force [&hellip;]<\/p>\n","protected":false},"featured_media":11437,"template":"","meta":{"_acf_changed":false},"product_brand":[56],"product_cat":[832],"product_tag":[],"class_list":{"0":"post-24460","1":"product","2":"type-product","3":"status-publish","4":"has-post-thumbnail","6":"product_brand-gym-factory","7":"product_cat-machines-a-charge-par-plaques","9":"first","10":"onbackorder","11":"taxable","12":"shipping-taxable","13":"purchasable","14":"product-type-variable","15":"has-default-attributes"},"acf":[],"yoast_head":"<!-- This site is optimized with the Yoast SEO plugin v25.2 - https:\/\/yoast.com\/wordpress\/plugins\/seo\/ -->\n<title>Machine \u00e0 Shrugs G2 | \u00c9quipement de Musculation pour Trap\u00e8zes<\/title>\n<meta name=\"description\" content=\"Vous voulez d\u00e9velopper des trap\u00e8zes plus forts ? La Machine \u00e0 Shrugs G2 est un \u00e9quipement con\u00e7u pour des entra\u00eenements cibl\u00e9s des trap\u00e8zes avec un mouvement fluide et une construction robuste.\" \/>\n<meta name=\"robots\" content=\"index, follow, max-snippet:-1, max-image-preview:large, max-video-preview:-1\" \/>\n<link rel=\"canonical\" href=\"https:\/\/gymfactory.eu\/fr\/produit\/machine-a-shrugs-g2\/\" \/>\n<meta property=\"og:locale\" content=\"fr_FR\" \/>\n<meta property=\"og:type\" content=\"article\" \/>\n<meta property=\"og:title\" content=\"Machine \u00e0 Shrugs G2 | \u00c9quipement de Musculation pour Trap\u00e8zes\" \/>\n<meta property=\"og:description\" content=\"Vous voulez d\u00e9velopper des trap\u00e8zes plus forts ? La Machine \u00e0 Shrugs G2 est un \u00e9quipement con\u00e7u pour des entra\u00eenements cibl\u00e9s des trap\u00e8zes avec un mouvement fluide et une construction robuste.\" \/>\n<meta property=\"og:url\" content=\"https:\/\/gymfactory.eu\/fr\/produit\/machine-a-shrugs-g2\/\" \/>\n<meta property=\"og:site_name\" content=\"Gym Factory\" \/>\n<meta property=\"og:image\" content=\"https:\/\/gymfactory.eu\/wp-content\/uploads\/2025\/01\/gym-machine-G2-front-view-1.webp\" \/>\n\t<meta property=\"og:image:width\" content=\"1500\" \/>\n\t<meta property=\"og:image:height\" content=\"1500\" \/>\n\t<meta property=\"og:image:type\" content=\"image\/webp\" \/>\n<meta name=\"twitter:card\" content=\"summary_large_image\" \/>\n<meta name=\"twitter:label1\" content=\"Dur\u00e9e de lecture estim\u00e9e\" \/>\n\t<meta name=\"twitter:data1\" content=\"1 minute\" \/>\n<script type=\"application\/ld+json\" class=\"yoast-schema-graph\">{\"@context\":\"https:\/\/schema.org\",\"@graph\":[{\"@type\":\"WebPage\",\"@id\":\"https:\/\/gymfactory.eu\/fr\/produit\/machine-a-shrugs-g2\/\",\"url\":\"https:\/\/gymfactory.eu\/fr\/produit\/machine-a-shrugs-g2\/\",\"name\":\"Machine \u00e0 Shrugs G2 | \u00c9quipement de Musculation pour Trap\u00e8zes\",\"isPartOf\":{\"@id\":\"https:\/\/gymfactory.eu\/fr\/#website\"},\"primaryImageOfPage\":{\"@id\":\"https:\/\/gymfactory.eu\/fr\/produit\/machine-a-shrugs-g2\/#primaryimage\"},\"image\":{\"@id\":\"https:\/\/gymfactory.eu\/fr\/produit\/machine-a-shrugs-g2\/#primaryimage\"},\"thumbnailUrl\":\"https:\/\/gymfactory.eu\/wp-content\/uploads\/2025\/01\/gym-machine-G2-front-view-1.webp\",\"datePublished\":\"2025-01-30T12:59:24+00:00\",\"description\":\"Vous voulez d\u00e9velopper des trap\u00e8zes plus forts ? La Machine \u00e0 Shrugs G2 est un \u00e9quipement con\u00e7u pour des entra\u00eenements cibl\u00e9s des trap\u00e8zes avec un mouvement fluide et une construction robuste.\",\"breadcrumb\":{\"@id\":\"https:\/\/gymfactory.eu\/fr\/produit\/machine-a-shrugs-g2\/#breadcrumb\"},\"inLanguage\":\"fr-FR\",\"potentialAction\":[{\"@type\":\"ReadAction\",\"target\":[\"https:\/\/gymfactory.eu\/fr\/produit\/machine-a-shrugs-g2\/\"]}]},{\"@type\":\"ImageObject\",\"inLanguage\":\"fr-FR\",\"@id\":\"https:\/\/gymfactory.eu\/fr\/produit\/machine-a-shrugs-g2\/#primaryimage\",\"url\":\"https:\/\/gymfactory.eu\/wp-content\/uploads\/2025\/01\/gym-machine-G2-front-view-1.webp\",\"contentUrl\":\"https:\/\/gymfactory.eu\/wp-content\/uploads\/2025\/01\/gym-machine-G2-front-view-1.webp\",\"width\":1500,\"height\":1500,\"caption\":\"Une vue de face d\u2019une machine de musculation robuste con\u00e7ue pour l\u2019entra\u00eenement de la force. Le cadre en acier orange vif et le si\u00e8ge rembourr\u00e9 bleu offrent confort et stabilit\u00e9. Cette machine est \u00e9quip\u00e9e de multiples poign\u00e9es et d\u2019options de chargement de disques, id\u00e9ale pour les entra\u00eenements du haut du corps, assurant un engagement musculaire contr\u00f4l\u00e9 et efficace.\"},{\"@type\":\"BreadcrumbList\",\"@id\":\"https:\/\/gymfactory.eu\/fr\/produit\/machine-a-shrugs-g2\/#breadcrumb\",\"itemListElement\":[{\"@type\":\"ListItem\",\"position\":1,\"name\":\"Home\",\"item\":\"https:\/\/gymfactory.eu\/fr\/page-principale\/\"},{\"@type\":\"ListItem\",\"position\":2,\"name\":\"Catalogue\",\"item\":\"https:\/\/gymfactory.eu\/fr\/catalogue-2\/\"},{\"@type\":\"ListItem\",\"position\":3,\"name\":\"Machine \u00e0 Shrugs G2\"}]},{\"@type\":\"WebSite\",\"@id\":\"https:\/\/gymfactory.eu\/fr\/#website\",\"url\":\"https:\/\/gymfactory.eu\/fr\/\",\"name\":\"Gym Factory\",\"description\":\"\",\"publisher\":{\"@id\":\"https:\/\/gymfactory.eu\/fr\/#organization\"},\"potentialAction\":[{\"@type\":\"SearchAction\",\"target\":{\"@type\":\"EntryPoint\",\"urlTemplate\":\"https:\/\/gymfactory.eu\/fr\/?s={search_term_string}\"},\"query-input\":{\"@type\":\"PropertyValueSpecification\",\"valueRequired\":true,\"valueName\":\"search_term_string\"}}],\"inLanguage\":\"fr-FR\"},{\"@type\":\"Organization\",\"@id\":\"https:\/\/gymfactory.eu\/fr\/#organization\",\"name\":\"Gym Factory\",\"url\":\"https:\/\/gymfactory.eu\/fr\/\",\"logo\":{\"@type\":\"ImageObject\",\"inLanguage\":\"fr-FR\",\"@id\":\"https:\/\/gymfactory.eu\/fr\/#\/schema\/logo\/image\/\",\"url\":\"https:\/\/gymfactory.eu\/wp-content\/uploads\/2024\/11\/Component-1.svg\",\"contentUrl\":\"https:\/\/gymfactory.eu\/wp-content\/uploads\/2024\/11\/Component-1.svg\",\"width\":54,\"height\":44,\"caption\":\"Gym Factory\"},\"image\":{\"@id\":\"https:\/\/gymfactory.eu\/fr\/#\/schema\/logo\/image\/\"}}]}<\/script>\n<!-- \/ Yoast SEO plugin. -->","yoast_head_json":{"title":"Machine \u00e0 Shrugs G2 | \u00c9quipement de Musculation pour Trap\u00e8zes","description":"Vous voulez d\u00e9velopper des trap\u00e8zes plus forts ? La Machine \u00e0 Shrugs G2 est un \u00e9quipement con\u00e7u pour des entra\u00eenements cibl\u00e9s des trap\u00e8zes avec un mouvement fluide et une construction robuste.","robots":{"index":"index","follow":"follow","max-snippet":"max-snippet:-1","max-image-preview":"max-image-preview:large","max-video-preview":"max-video-preview:-1"},"canonical":"https:\/\/gymfactory.eu\/fr\/produit\/machine-a-shrugs-g2\/","og_locale":"fr_FR","og_type":"article","og_title":"Machine \u00e0 Shrugs G2 | \u00c9quipement de Musculation pour Trap\u00e8zes","og_description":"Vous voulez d\u00e9velopper des trap\u00e8zes plus forts ? La Machine \u00e0 Shrugs G2 est un \u00e9quipement con\u00e7u pour des entra\u00eenements cibl\u00e9s des trap\u00e8zes avec un mouvement fluide et une construction robuste.","og_url":"https:\/\/gymfactory.eu\/fr\/produit\/machine-a-shrugs-g2\/","og_site_name":"Gym Factory","og_image":[{"width":1500,"height":1500,"url":"https:\/\/gymfactory.eu\/wp-content\/uploads\/2025\/01\/gym-machine-G2-front-view-1.webp","type":"image\/webp"}],"twitter_card":"summary_large_image","twitter_misc":{"Dur\u00e9e de lecture estim\u00e9e":"1 minute"},"schema":{"@context":"https:\/\/schema.org","@graph":[{"@type":"WebPage","@id":"https:\/\/gymfactory.eu\/fr\/produit\/machine-a-shrugs-g2\/","url":"https:\/\/gymfactory.eu\/fr\/produit\/machine-a-shrugs-g2\/","name":"Machine \u00e0 Shrugs G2 | \u00c9quipement de Musculation pour Trap\u00e8zes","isPartOf":{"@id":"https:\/\/gymfactory.eu\/fr\/#website"},"primaryImageOfPage":{"@id":"https:\/\/gymfactory.eu\/fr\/produit\/machine-a-shrugs-g2\/#primaryimage"},"image":{"@id":"https:\/\/gymfactory.eu\/fr\/produit\/machine-a-shrugs-g2\/#primaryimage"},"thumbnailUrl":"https:\/\/gymfactory.eu\/wp-content\/uploads\/2025\/01\/gym-machine-G2-front-view-1.webp","datePublished":"2025-01-30T12:59:24+00:00","description":"Vous voulez d\u00e9velopper des trap\u00e8zes plus forts ? La Machine \u00e0 Shrugs G2 est un \u00e9quipement con\u00e7u pour des entra\u00eenements cibl\u00e9s des trap\u00e8zes avec un mouvement fluide et une construction robuste.","breadcrumb":{"@id":"https:\/\/gymfactory.eu\/fr\/produit\/machine-a-shrugs-g2\/#breadcrumb"},"inLanguage":"fr-FR","potentialAction":[{"@type":"ReadAction","target":["https:\/\/gymfactory.eu\/fr\/produit\/machine-a-shrugs-g2\/"]}]},{"@type":"ImageObject","inLanguage":"fr-FR","@id":"https:\/\/gymfactory.eu\/fr\/produit\/machine-a-shrugs-g2\/#primaryimage","url":"https:\/\/gymfactory.eu\/wp-content\/uploads\/2025\/01\/gym-machine-G2-front-view-1.webp","contentUrl":"https:\/\/gymfactory.eu\/wp-content\/uploads\/2025\/01\/gym-machine-G2-front-view-1.webp","width":1500,"height":1500,"caption":"Une vue de face d\u2019une machine de musculation robuste con\u00e7ue pour l\u2019entra\u00eenement de la force. Le cadre en acier orange vif et le si\u00e8ge rembourr\u00e9 bleu offrent confort et stabilit\u00e9. Cette machine est \u00e9quip\u00e9e de multiples poign\u00e9es et d\u2019options de chargement de disques, id\u00e9ale pour les entra\u00eenements du haut du corps, assurant un engagement musculaire contr\u00f4l\u00e9 et efficace."},{"@type":"BreadcrumbList","@id":"https:\/\/gymfactory.eu\/fr\/produit\/machine-a-shrugs-g2\/#breadcrumb","itemListElement":[{"@type":"ListItem","position":1,"name":"Home","item":"https:\/\/gymfactory.eu\/fr\/page-principale\/"},{"@type":"ListItem","position":2,"name":"Catalogue","item":"https:\/\/gymfactory.eu\/fr\/catalogue-2\/"},{"@type":"ListItem","position":3,"name":"Machine \u00e0 Shrugs G2"}]},{"@type":"WebSite","@id":"https:\/\/gymfactory.eu\/fr\/#website","url":"https:\/\/gymfactory.eu\/fr\/","name":"Gym Factory","description":"","publisher":{"@id":"https:\/\/gymfactory.eu\/fr\/#organization"},"potentialAction":[{"@type":"SearchAction","target":{"@type":"EntryPoint","urlTemplate":"https:\/\/gymfactory.eu\/fr\/?s={search_term_string}"},"query-input":{"@type":"PropertyValueSpecification","valueRequired":true,"valueName":"search_term_string"}}],"inLanguage":"fr-FR"},{"@type":"Organization","@id":"https:\/\/gymfactory.eu\/fr\/#organization","name":"Gym Factory","url":"https:\/\/gymfactory.eu\/fr\/","logo":{"@type":"ImageObject","inLanguage":"fr-FR","@id":"https:\/\/gymfactory.eu\/fr\/#\/schema\/logo\/image\/","url":"https:\/\/gymfactory.eu\/wp-content\/uploads\/2024\/11\/Component-1.svg","contentUrl":"https:\/\/gymfactory.eu\/wp-content\/uploads\/2024\/11\/Component-1.svg","width":54,"height":44,"caption":"Gym Factory"},"image":{"@id":"https:\/\/gymfactory.eu\/fr\/#\/schema\/logo\/image\/"}}]}},"_links":{"self":[{"href":"https:\/\/gymfactory.eu\/fr\/wp-json\/wp\/v2\/product\/24460","targetHints":{"allow":["GET"]}}],"collection":[{"href":"https:\/\/gymfactory.eu\/fr\/wp-json\/wp\/v2\/product"}],"about":[{"href":"https:\/\/gymfactory.eu\/fr\/wp-json\/wp\/v2\/types\/product"}],"wp:featuredmedia":[{"embeddable":true,"href":"https:\/\/gymfactory.eu\/fr\/wp-json\/wp\/v2\/media\/11437"}],"wp:attachment":[{"href":"https:\/\/gymfactory.eu\/fr\/wp-json\/wp\/v2\/media?parent=24460"}],"wp:term":[{"taxonomy":"product_brand","embeddable":true,"href":"https:\/\/gymfactory.eu\/fr\/wp-json\/wp\/v2\/product_brand?post=24460"},{"taxonomy":"product_cat","embeddable":true,"href":"https:\/\/gymfactory.eu\/fr\/wp-json\/wp\/v2\/product_cat?post=24460"},{"taxonomy":"product_tag","embeddable":true,"href":"https:\/\/gymfactory.eu\/fr\/wp-json\/wp\/v2\/product_tag?post=24460"}],"curies":[{"name":"wp","href":"https:\/\/api.w.org\/{rel}","templated":true}]}}