{"id":24456,"date":"2025-01-30T14:35:10","date_gmt":"2025-01-30T12:35:10","guid":{"rendered":"https:\/\/gymfactory.eu\/product\/machine-a-shrugs-g1x\/"},"modified":"2025-01-30T14:35:10","modified_gmt":"2025-01-30T12:35:10","slug":"machine-a-shrugs-g1x","status":"publish","type":"product","link":"https:\/\/gymfactory.eu\/fr\/produit\/machine-a-shrugs-g1x\/","title":{"rendered":"Machine \u00e0 Shrugs G1X"},"content":{"rendered":"<p>La Machine \u00e0 Shrugs G1X est con\u00e7ue pour un entra\u00eenement cibl\u00e9 du haut du corps, visant sp\u00e9cifiquement les muscles trap\u00e8zes. Son cadre stable et son mouvement guid\u00e9 aident \u00e0 maintenir une forme correcte lors de chaque r\u00e9p\u00e9tition. <\/p>\n<p>Cette machine est con\u00e7ue pour les exercices de shrugs (haussements d\u2019\u00e9paules), qui activent principalement la partie sup\u00e9rieure des trap\u00e8zes. Elle engage \u00e9galement, dans une moindre mesure, les muscles de soutien tels que l\u2019\u00e9l\u00e9vateur de la scapula et les rhombo\u00efdes. <\/p>\n<p>La hauteur du si\u00e8ge est r\u00e9glable, permettant aux utilisateurs de trouver la position adapt\u00e9e \u00e0 leur morphologie et \u00e0 leur m\u00e9canique de mouvement. Avec des supports rembourr\u00e9s et une trajectoire de mouvement fixe, la G1X assure un entra\u00eenement des trap\u00e8zes contr\u00f4l\u00e9 et constant, aussi bien dans les home gyms que dans les salles de sport commerciales.<\/p>\n\n    <div class=\"xs_social_share_widget xs_share_url after_content \t\tmain_content  wslu-style-1 wslu-share-box-shaped wslu-fill-colored wslu-none wslu-share-horizontal wslu-theme-font-no wslu-main_content\">\n\n\t\t\n        <ul>\n\t\t\t        <\/ul>\n    <\/div> \n","protected":false},"excerpt":{"rendered":"<p>La Machine \u00e0 Shrugs G1X est con\u00e7ue pour un entra\u00eenement cibl\u00e9 du haut du corps, visant sp\u00e9cifiquement les muscles trap\u00e8zes. Son cadre stable et son mouvement guid\u00e9 aident \u00e0 maintenir une forme correcte lors de chaque r\u00e9p\u00e9tition. Cette machine est con\u00e7ue pour les exercices de shrugs (haussements d\u2019\u00e9paules), qui activent principalement la partie sup\u00e9rieure des [&hellip;]<\/p>\n","protected":false},"featured_media":11432,"template":"","meta":{"_acf_changed":false},"product_brand":[56],"product_cat":[832],"product_tag":[],"class_list":{"0":"post-24456","1":"product","2":"type-product","3":"status-publish","4":"has-post-thumbnail","6":"product_brand-gym-factory","7":"product_cat-machines-a-charge-par-plaques","9":"first","10":"onbackorder","11":"taxable","12":"shipping-taxable","13":"purchasable","14":"product-type-variable"},"acf":[],"yoast_head":"<!-- This site is optimized with the Yoast SEO plugin v25.2 - https:\/\/yoast.com\/wordpress\/plugins\/seo\/ -->\n<title>Machine \u00e0 Shrugs G1X | \u00c9quipement de Musculation par Gym Factory<\/title>\n<meta name=\"description\" content=\"Vous cherchez \u00e0 isoler et renforcer vos trap\u00e8zes ? La Machine \u00e0 Shrugs G1X de Gym Factory est un \u00e9quipement de musculation durable con\u00e7u pour des s\u00e9ances d\u2019\u00e9paules puissantes.\" \/>\n<meta name=\"robots\" content=\"index, follow, max-snippet:-1, max-image-preview:large, max-video-preview:-1\" \/>\n<link rel=\"canonical\" href=\"https:\/\/gymfactory.eu\/fr\/produit\/machine-a-shrugs-g1x\/\" \/>\n<meta property=\"og:locale\" content=\"fr_FR\" \/>\n<meta property=\"og:type\" content=\"article\" \/>\n<meta property=\"og:title\" content=\"Machine \u00e0 Shrugs G1X | \u00c9quipement de Musculation par Gym Factory\" \/>\n<meta property=\"og:description\" content=\"Vous cherchez \u00e0 isoler et renforcer vos trap\u00e8zes ? La Machine \u00e0 Shrugs G1X de Gym Factory est un \u00e9quipement de musculation durable con\u00e7u pour des s\u00e9ances d\u2019\u00e9paules puissantes.\" \/>\n<meta property=\"og:url\" content=\"https:\/\/gymfactory.eu\/fr\/produit\/machine-a-shrugs-g1x\/\" \/>\n<meta property=\"og:site_name\" content=\"Gym Factory\" \/>\n<meta property=\"og:image\" content=\"https:\/\/gymfactory.eu\/wp-content\/uploads\/2025\/01\/gym-machine-Shrug-Machine-G1X-1.webp\" \/>\n\t<meta property=\"og:image:width\" content=\"1500\" \/>\n\t<meta property=\"og:image:height\" content=\"1500\" \/>\n\t<meta property=\"og:image:type\" content=\"image\/webp\" \/>\n<meta name=\"twitter:card\" content=\"summary_large_image\" \/>\n<meta name=\"twitter:label1\" content=\"Dur\u00e9e de lecture estim\u00e9e\" \/>\n\t<meta name=\"twitter:data1\" content=\"1 minute\" \/>\n<script type=\"application\/ld+json\" class=\"yoast-schema-graph\">{\"@context\":\"https:\/\/schema.org\",\"@graph\":[{\"@type\":\"WebPage\",\"@id\":\"https:\/\/gymfactory.eu\/fr\/produit\/machine-a-shrugs-g1x\/\",\"url\":\"https:\/\/gymfactory.eu\/fr\/produit\/machine-a-shrugs-g1x\/\",\"name\":\"Machine \u00e0 Shrugs G1X | \u00c9quipement de Musculation par Gym Factory\",\"isPartOf\":{\"@id\":\"https:\/\/gymfactory.eu\/fr\/#website\"},\"primaryImageOfPage\":{\"@id\":\"https:\/\/gymfactory.eu\/fr\/produit\/machine-a-shrugs-g1x\/#primaryimage\"},\"image\":{\"@id\":\"https:\/\/gymfactory.eu\/fr\/produit\/machine-a-shrugs-g1x\/#primaryimage\"},\"thumbnailUrl\":\"https:\/\/gymfactory.eu\/wp-content\/uploads\/2025\/01\/gym-machine-Shrug-Machine-G1X-1.webp\",\"datePublished\":\"2025-01-30T12:35:10+00:00\",\"description\":\"Vous cherchez \u00e0 isoler et renforcer vos trap\u00e8zes ? La Machine \u00e0 Shrugs G1X de Gym Factory est un \u00e9quipement de musculation durable con\u00e7u pour des s\u00e9ances d\u2019\u00e9paules puissantes.\",\"breadcrumb\":{\"@id\":\"https:\/\/gymfactory.eu\/fr\/produit\/machine-a-shrugs-g1x\/#breadcrumb\"},\"inLanguage\":\"fr-FR\",\"potentialAction\":[{\"@type\":\"ReadAction\",\"target\":[\"https:\/\/gymfactory.eu\/fr\/produit\/machine-a-shrugs-g1x\/\"]}]},{\"@type\":\"ImageObject\",\"inLanguage\":\"fr-FR\",\"@id\":\"https:\/\/gymfactory.eu\/fr\/produit\/machine-a-shrugs-g1x\/#primaryimage\",\"url\":\"https:\/\/gymfactory.eu\/wp-content\/uploads\/2025\/01\/gym-machine-Shrug-Machine-G1X-1.webp\",\"contentUrl\":\"https:\/\/gymfactory.eu\/wp-content\/uploads\/2025\/01\/gym-machine-Shrug-Machine-G1X-1.webp\",\"width\":1500,\"height\":1500,\"caption\":\"Une machine de musculation con\u00e7ue pour le d\u00e9veloppement des \u00e9paules et des trap\u00e8zes. Cette machine dispose d\u2019un cadre robuste, de poign\u00e9es ergonomiques et d\u2019un syst\u00e8me de r\u00e9sistance \u00e0 charge libre, permettant aux utilisateurs d\u2019effectuer des haussements d\u2019\u00e9paules puissants avec une forme correcte. La construction ultra-r\u00e9sistante assure la durabilit\u00e9, ce qui en fait un excellent ajout \u00e0 toute installation de musculation.\"},{\"@type\":\"BreadcrumbList\",\"@id\":\"https:\/\/gymfactory.eu\/fr\/produit\/machine-a-shrugs-g1x\/#breadcrumb\",\"itemListElement\":[{\"@type\":\"ListItem\",\"position\":1,\"name\":\"Home\",\"item\":\"https:\/\/gymfactory.eu\/fr\/page-principale\/\"},{\"@type\":\"ListItem\",\"position\":2,\"name\":\"Catalogue\",\"item\":\"https:\/\/gymfactory.eu\/fr\/catalogue-2\/\"},{\"@type\":\"ListItem\",\"position\":3,\"name\":\"Machine \u00e0 Shrugs G1X\"}]},{\"@type\":\"WebSite\",\"@id\":\"https:\/\/gymfactory.eu\/fr\/#website\",\"url\":\"https:\/\/gymfactory.eu\/fr\/\",\"name\":\"Gym Factory\",\"description\":\"\",\"publisher\":{\"@id\":\"https:\/\/gymfactory.eu\/fr\/#organization\"},\"potentialAction\":[{\"@type\":\"SearchAction\",\"target\":{\"@type\":\"EntryPoint\",\"urlTemplate\":\"https:\/\/gymfactory.eu\/fr\/?s={search_term_string}\"},\"query-input\":{\"@type\":\"PropertyValueSpecification\",\"valueRequired\":true,\"valueName\":\"search_term_string\"}}],\"inLanguage\":\"fr-FR\"},{\"@type\":\"Organization\",\"@id\":\"https:\/\/gymfactory.eu\/fr\/#organization\",\"name\":\"Gym Factory\",\"url\":\"https:\/\/gymfactory.eu\/fr\/\",\"logo\":{\"@type\":\"ImageObject\",\"inLanguage\":\"fr-FR\",\"@id\":\"https:\/\/gymfactory.eu\/fr\/#\/schema\/logo\/image\/\",\"url\":\"https:\/\/gymfactory.eu\/wp-content\/uploads\/2024\/11\/Component-1.svg\",\"contentUrl\":\"https:\/\/gymfactory.eu\/wp-content\/uploads\/2024\/11\/Component-1.svg\",\"width\":54,\"height\":44,\"caption\":\"Gym Factory\"},\"image\":{\"@id\":\"https:\/\/gymfactory.eu\/fr\/#\/schema\/logo\/image\/\"}}]}<\/script>\n<!-- \/ Yoast SEO plugin. -->","yoast_head_json":{"title":"Machine \u00e0 Shrugs G1X | \u00c9quipement de Musculation par Gym Factory","description":"Vous cherchez \u00e0 isoler et renforcer vos trap\u00e8zes ? La Machine \u00e0 Shrugs G1X de Gym Factory est un \u00e9quipement de musculation durable con\u00e7u pour des s\u00e9ances d\u2019\u00e9paules puissantes.","robots":{"index":"index","follow":"follow","max-snippet":"max-snippet:-1","max-image-preview":"max-image-preview:large","max-video-preview":"max-video-preview:-1"},"canonical":"https:\/\/gymfactory.eu\/fr\/produit\/machine-a-shrugs-g1x\/","og_locale":"fr_FR","og_type":"article","og_title":"Machine \u00e0 Shrugs G1X | \u00c9quipement de Musculation par Gym Factory","og_description":"Vous cherchez \u00e0 isoler et renforcer vos trap\u00e8zes ? La Machine \u00e0 Shrugs G1X de Gym Factory est un \u00e9quipement de musculation durable con\u00e7u pour des s\u00e9ances d\u2019\u00e9paules puissantes.","og_url":"https:\/\/gymfactory.eu\/fr\/produit\/machine-a-shrugs-g1x\/","og_site_name":"Gym Factory","og_image":[{"width":1500,"height":1500,"url":"https:\/\/gymfactory.eu\/wp-content\/uploads\/2025\/01\/gym-machine-Shrug-Machine-G1X-1.webp","type":"image\/webp"}],"twitter_card":"summary_large_image","twitter_misc":{"Dur\u00e9e de lecture estim\u00e9e":"1 minute"},"schema":{"@context":"https:\/\/schema.org","@graph":[{"@type":"WebPage","@id":"https:\/\/gymfactory.eu\/fr\/produit\/machine-a-shrugs-g1x\/","url":"https:\/\/gymfactory.eu\/fr\/produit\/machine-a-shrugs-g1x\/","name":"Machine \u00e0 Shrugs G1X | \u00c9quipement de Musculation par Gym Factory","isPartOf":{"@id":"https:\/\/gymfactory.eu\/fr\/#website"},"primaryImageOfPage":{"@id":"https:\/\/gymfactory.eu\/fr\/produit\/machine-a-shrugs-g1x\/#primaryimage"},"image":{"@id":"https:\/\/gymfactory.eu\/fr\/produit\/machine-a-shrugs-g1x\/#primaryimage"},"thumbnailUrl":"https:\/\/gymfactory.eu\/wp-content\/uploads\/2025\/01\/gym-machine-Shrug-Machine-G1X-1.webp","datePublished":"2025-01-30T12:35:10+00:00","description":"Vous cherchez \u00e0 isoler et renforcer vos trap\u00e8zes ? La Machine \u00e0 Shrugs G1X de Gym Factory est un \u00e9quipement de musculation durable con\u00e7u pour des s\u00e9ances d\u2019\u00e9paules puissantes.","breadcrumb":{"@id":"https:\/\/gymfactory.eu\/fr\/produit\/machine-a-shrugs-g1x\/#breadcrumb"},"inLanguage":"fr-FR","potentialAction":[{"@type":"ReadAction","target":["https:\/\/gymfactory.eu\/fr\/produit\/machine-a-shrugs-g1x\/"]}]},{"@type":"ImageObject","inLanguage":"fr-FR","@id":"https:\/\/gymfactory.eu\/fr\/produit\/machine-a-shrugs-g1x\/#primaryimage","url":"https:\/\/gymfactory.eu\/wp-content\/uploads\/2025\/01\/gym-machine-Shrug-Machine-G1X-1.webp","contentUrl":"https:\/\/gymfactory.eu\/wp-content\/uploads\/2025\/01\/gym-machine-Shrug-Machine-G1X-1.webp","width":1500,"height":1500,"caption":"Une machine de musculation con\u00e7ue pour le d\u00e9veloppement des \u00e9paules et des trap\u00e8zes. Cette machine dispose d\u2019un cadre robuste, de poign\u00e9es ergonomiques et d\u2019un syst\u00e8me de r\u00e9sistance \u00e0 charge libre, permettant aux utilisateurs d\u2019effectuer des haussements d\u2019\u00e9paules puissants avec une forme correcte. La construction ultra-r\u00e9sistante assure la durabilit\u00e9, ce qui en fait un excellent ajout \u00e0 toute installation de musculation."},{"@type":"BreadcrumbList","@id":"https:\/\/gymfactory.eu\/fr\/produit\/machine-a-shrugs-g1x\/#breadcrumb","itemListElement":[{"@type":"ListItem","position":1,"name":"Home","item":"https:\/\/gymfactory.eu\/fr\/page-principale\/"},{"@type":"ListItem","position":2,"name":"Catalogue","item":"https:\/\/gymfactory.eu\/fr\/catalogue-2\/"},{"@type":"ListItem","position":3,"name":"Machine \u00e0 Shrugs G1X"}]},{"@type":"WebSite","@id":"https:\/\/gymfactory.eu\/fr\/#website","url":"https:\/\/gymfactory.eu\/fr\/","name":"Gym Factory","description":"","publisher":{"@id":"https:\/\/gymfactory.eu\/fr\/#organization"},"potentialAction":[{"@type":"SearchAction","target":{"@type":"EntryPoint","urlTemplate":"https:\/\/gymfactory.eu\/fr\/?s={search_term_string}"},"query-input":{"@type":"PropertyValueSpecification","valueRequired":true,"valueName":"search_term_string"}}],"inLanguage":"fr-FR"},{"@type":"Organization","@id":"https:\/\/gymfactory.eu\/fr\/#organization","name":"Gym Factory","url":"https:\/\/gymfactory.eu\/fr\/","logo":{"@type":"ImageObject","inLanguage":"fr-FR","@id":"https:\/\/gymfactory.eu\/fr\/#\/schema\/logo\/image\/","url":"https:\/\/gymfactory.eu\/wp-content\/uploads\/2024\/11\/Component-1.svg","contentUrl":"https:\/\/gymfactory.eu\/wp-content\/uploads\/2024\/11\/Component-1.svg","width":54,"height":44,"caption":"Gym Factory"},"image":{"@id":"https:\/\/gymfactory.eu\/fr\/#\/schema\/logo\/image\/"}}]}},"_links":{"self":[{"href":"https:\/\/gymfactory.eu\/fr\/wp-json\/wp\/v2\/product\/24456","targetHints":{"allow":["GET"]}}],"collection":[{"href":"https:\/\/gymfactory.eu\/fr\/wp-json\/wp\/v2\/product"}],"about":[{"href":"https:\/\/gymfactory.eu\/fr\/wp-json\/wp\/v2\/types\/product"}],"wp:featuredmedia":[{"embeddable":true,"href":"https:\/\/gymfactory.eu\/fr\/wp-json\/wp\/v2\/media\/11432"}],"wp:attachment":[{"href":"https:\/\/gymfactory.eu\/fr\/wp-json\/wp\/v2\/media?parent=24456"}],"wp:term":[{"taxonomy":"product_brand","embeddable":true,"href":"https:\/\/gymfactory.eu\/fr\/wp-json\/wp\/v2\/product_brand?post=24456"},{"taxonomy":"product_cat","embeddable":true,"href":"https:\/\/gymfactory.eu\/fr\/wp-json\/wp\/v2\/product_cat?post=24456"},{"taxonomy":"product_tag","embeddable":true,"href":"https:\/\/gymfactory.eu\/fr\/wp-json\/wp\/v2\/product_tag?post=24456"}],"curies":[{"name":"wp","href":"https:\/\/api.w.org\/{rel}","templated":true}]}}