{"id":24439,"date":"2025-01-30T10:48:59","date_gmt":"2025-01-30T08:48:59","guid":{"rendered":"https:\/\/gymfactory.eu\/product\/machine-multifonction-corps-entier-k6x-g1\/"},"modified":"2025-01-30T10:48:59","modified_gmt":"2025-01-30T08:48:59","slug":"machine-multifonction-corps-entier-k6x-g1","status":"publish","type":"product","link":"https:\/\/gymfactory.eu\/fr\/produit\/machine-multifonction-corps-entier-k6x-g1\/","title":{"rendered":"Machine Multifonction Corps entier K6X-G1"},"content":{"rendered":"<p>La Machine Multifonction K6X-G1 est une unit\u00e9 d\u2019entra\u00eenement polyvalente con\u00e7ue pour des s\u00e9ances de musculation compl\u00e8tes, aussi bien dans les home gyms que dans les salles de sport commerciales. Son cadre solide, ses positions de si\u00e8ge et de support r\u00e9glables, ainsi que ses poign\u00e9es multi-angles permettent une transition fluide entre les exercices et une posture d\u2019entra\u00eenement optimale. La machine comprend \u00e9galement un r\u00e9glage de la position de d\u00e9part et des points d\u2019ancrage pour bandes \u00e9lastiques, permettant un meilleur contr\u00f4le de la charge et de l\u2019amplitude de mouvement.  <\/p>\n<p><strong>Exercices support\u00e9s et muscles cibl\u00e9s :<\/strong><\/p>\n<ul>\n<li>\u2022 Dips \u2013 triceps, pectoraux (particuli\u00e8rement la partie inf\u00e9rieure), delto\u00efdes ant\u00e9rieurs<\/li>\n<li>\u2022 D\u00e9velopp\u00e9 \u00e9paules \u2013 delto\u00efdes, triceps, haut des pectoraux<\/li>\n<li>\u2022 Fentes bulgares \u2013 quadriceps, fessiers, ischio-jambiers<\/li>\n<li>\u2022 Rowing \u2013 haut du dos, grands dorsaux, delto\u00efdes post\u00e9rieurs<\/li>\n<li>\u2022 Shrugs \u2013 trap\u00e8zes<\/li>\n<li>\u2022 Soulev\u00e9 de terre \u2013 fessiers, ischio-jambiers, bas du dos<\/li>\n<li>\u2022 D\u00e9velopp\u00e9 couch\u00e9 \u2013 pectoraux, triceps, delto\u00efdes ant\u00e9rieurs<\/li>\n<\/ul>\n<p>La K6X-G1 offre un entra\u00eenement de force efficace et cibl\u00e9 avec une flexibilit\u00e9 maximale et un contr\u00f4le total pour l\u2019utilisateur.<\/p>\n\n    <div class=\"xs_social_share_widget xs_share_url after_content \t\tmain_content  wslu-style-1 wslu-share-box-shaped wslu-fill-colored wslu-none wslu-share-horizontal wslu-theme-font-no wslu-main_content\">\n\n\t\t\n        <ul>\n\t\t\t        <\/ul>\n    <\/div> \n","protected":false},"excerpt":{"rendered":"<p>La Machine Multifonction K6X-G1 est une unit\u00e9 d\u2019entra\u00eenement polyvalente con\u00e7ue pour des s\u00e9ances de musculation compl\u00e8tes, aussi bien dans les home gyms que dans les salles de sport commerciales. Son cadre solide, ses positions de si\u00e8ge et de support r\u00e9glables, ainsi que ses poign\u00e9es multi-angles permettent une transition fluide entre les exercices et une posture [&hellip;]<\/p>\n","protected":false},"featured_media":13564,"template":"","meta":{"_acf_changed":false},"product_brand":[56],"product_cat":[832],"product_tag":[],"class_list":{"0":"post-24439","1":"product","2":"type-product","3":"status-publish","4":"has-post-thumbnail","6":"product_brand-gym-factory","7":"product_cat-machines-a-charge-par-plaques","9":"first","10":"onbackorder","11":"taxable","12":"shipping-taxable","13":"purchasable","14":"product-type-variable","15":"has-default-attributes"},"acf":[],"yoast_head":"<!-- This site is optimized with the Yoast SEO plugin v25.2 - https:\/\/yoast.com\/wordpress\/plugins\/seo\/ -->\n<title>Machine Multifonction K6X-G1 pour Home Gym ou Usage Commercial<\/title>\n<meta name=\"description\" content=\"Vous cherchez une machine compl\u00e8te qui s\u2019adapte \u00e0 tout espace ? La K6X-G1 est parfaite pour les home gyms ou les salles commerciales, offrant un entra\u00eenement de force polyvalent pour tout le corps.\" \/>\n<meta name=\"robots\" content=\"index, follow, max-snippet:-1, max-image-preview:large, max-video-preview:-1\" \/>\n<link rel=\"canonical\" href=\"https:\/\/gymfactory.eu\/fr\/produit\/machine-multifonction-corps-entier-k6x-g1\/\" \/>\n<meta property=\"og:locale\" content=\"fr_FR\" \/>\n<meta property=\"og:type\" content=\"article\" \/>\n<meta property=\"og:title\" content=\"Machine Multifonction K6X-G1 pour Home Gym ou Usage Commercial\" \/>\n<meta property=\"og:description\" content=\"Vous cherchez une machine compl\u00e8te qui s\u2019adapte \u00e0 tout espace ? La K6X-G1 est parfaite pour les home gyms ou les salles commerciales, offrant un entra\u00eenement de force polyvalent pour tout le corps.\" \/>\n<meta property=\"og:url\" content=\"https:\/\/gymfactory.eu\/fr\/produit\/machine-multifonction-corps-entier-k6x-g1\/\" \/>\n<meta property=\"og:site_name\" content=\"Gym Factory\" \/>\n<meta property=\"og:image\" content=\"https:\/\/gymfactory.eu\/wp-content\/uploads\/2025\/01\/gym-machine-G1-K6X-multifunctional-machine-top-view-1-1.webp\" \/>\n\t<meta property=\"og:image:width\" content=\"1500\" \/>\n\t<meta property=\"og:image:height\" content=\"1500\" \/>\n\t<meta property=\"og:image:type\" content=\"image\/webp\" \/>\n<meta name=\"twitter:card\" content=\"summary_large_image\" \/>\n<meta name=\"twitter:label1\" content=\"Dur\u00e9e de lecture estim\u00e9e\" \/>\n\t<meta name=\"twitter:data1\" content=\"1 minute\" \/>\n<script type=\"application\/ld+json\" class=\"yoast-schema-graph\">{\"@context\":\"https:\/\/schema.org\",\"@graph\":[{\"@type\":\"WebPage\",\"@id\":\"https:\/\/gymfactory.eu\/fr\/produit\/machine-multifonction-corps-entier-k6x-g1\/\",\"url\":\"https:\/\/gymfactory.eu\/fr\/produit\/machine-multifonction-corps-entier-k6x-g1\/\",\"name\":\"Machine Multifonction K6X-G1 pour Home Gym ou Usage Commercial\",\"isPartOf\":{\"@id\":\"https:\/\/gymfactory.eu\/fr\/#website\"},\"primaryImageOfPage\":{\"@id\":\"https:\/\/gymfactory.eu\/fr\/produit\/machine-multifonction-corps-entier-k6x-g1\/#primaryimage\"},\"image\":{\"@id\":\"https:\/\/gymfactory.eu\/fr\/produit\/machine-multifonction-corps-entier-k6x-g1\/#primaryimage\"},\"thumbnailUrl\":\"https:\/\/gymfactory.eu\/wp-content\/uploads\/2025\/01\/gym-machine-G1-K6X-multifunctional-machine-top-view-1-1.webp\",\"datePublished\":\"2025-01-30T08:48:59+00:00\",\"description\":\"Vous cherchez une machine compl\u00e8te qui s\u2019adapte \u00e0 tout espace ? La K6X-G1 est parfaite pour les home gyms ou les salles commerciales, offrant un entra\u00eenement de force polyvalent pour tout le corps.\",\"breadcrumb\":{\"@id\":\"https:\/\/gymfactory.eu\/fr\/produit\/machine-multifonction-corps-entier-k6x-g1\/#breadcrumb\"},\"inLanguage\":\"fr-FR\",\"potentialAction\":[{\"@type\":\"ReadAction\",\"target\":[\"https:\/\/gymfactory.eu\/fr\/produit\/machine-multifonction-corps-entier-k6x-g1\/\"]}]},{\"@type\":\"ImageObject\",\"inLanguage\":\"fr-FR\",\"@id\":\"https:\/\/gymfactory.eu\/fr\/produit\/machine-multifonction-corps-entier-k6x-g1\/#primaryimage\",\"url\":\"https:\/\/gymfactory.eu\/wp-content\/uploads\/2025\/01\/gym-machine-G1-K6X-multifunctional-machine-top-view-1-1.webp\",\"contentUrl\":\"https:\/\/gymfactory.eu\/wp-content\/uploads\/2025\/01\/gym-machine-G1-K6X-multifunctional-machine-top-view-1-1.webp\",\"width\":1500,\"height\":1500,\"caption\":\"Vue de dessus d\u2019une machine de musculation pr\u00e9sentant son design compact mais polyvalent. Les poign\u00e9es strat\u00e9giquement positionn\u00e9es, les supports rembourr\u00e9s et les composants r\u00e9glables permettent une large gamme d\u2019exercices de force, ce qui en fait une pi\u00e8ce essentielle de l\u2019\u00e9quipement de gym.\"},{\"@type\":\"BreadcrumbList\",\"@id\":\"https:\/\/gymfactory.eu\/fr\/produit\/machine-multifonction-corps-entier-k6x-g1\/#breadcrumb\",\"itemListElement\":[{\"@type\":\"ListItem\",\"position\":1,\"name\":\"Home\",\"item\":\"https:\/\/gymfactory.eu\/fr\/page-principale\/\"},{\"@type\":\"ListItem\",\"position\":2,\"name\":\"Catalogue\",\"item\":\"https:\/\/gymfactory.eu\/fr\/catalogue-2\/\"},{\"@type\":\"ListItem\",\"position\":3,\"name\":\"Machine Multifonction Corps entier K6X-G1\"}]},{\"@type\":\"WebSite\",\"@id\":\"https:\/\/gymfactory.eu\/fr\/#website\",\"url\":\"https:\/\/gymfactory.eu\/fr\/\",\"name\":\"Gym Factory\",\"description\":\"\",\"publisher\":{\"@id\":\"https:\/\/gymfactory.eu\/fr\/#organization\"},\"potentialAction\":[{\"@type\":\"SearchAction\",\"target\":{\"@type\":\"EntryPoint\",\"urlTemplate\":\"https:\/\/gymfactory.eu\/fr\/?s={search_term_string}\"},\"query-input\":{\"@type\":\"PropertyValueSpecification\",\"valueRequired\":true,\"valueName\":\"search_term_string\"}}],\"inLanguage\":\"fr-FR\"},{\"@type\":\"Organization\",\"@id\":\"https:\/\/gymfactory.eu\/fr\/#organization\",\"name\":\"Gym Factory\",\"url\":\"https:\/\/gymfactory.eu\/fr\/\",\"logo\":{\"@type\":\"ImageObject\",\"inLanguage\":\"fr-FR\",\"@id\":\"https:\/\/gymfactory.eu\/fr\/#\/schema\/logo\/image\/\",\"url\":\"https:\/\/gymfactory.eu\/wp-content\/uploads\/2024\/11\/Component-1.svg\",\"contentUrl\":\"https:\/\/gymfactory.eu\/wp-content\/uploads\/2024\/11\/Component-1.svg\",\"width\":54,\"height\":44,\"caption\":\"Gym Factory\"},\"image\":{\"@id\":\"https:\/\/gymfactory.eu\/fr\/#\/schema\/logo\/image\/\"}}]}<\/script>\n<!-- \/ Yoast SEO plugin. -->","yoast_head_json":{"title":"Machine Multifonction K6X-G1 pour Home Gym ou Usage Commercial","description":"Vous cherchez une machine compl\u00e8te qui s\u2019adapte \u00e0 tout espace ? La K6X-G1 est parfaite pour les home gyms ou les salles commerciales, offrant un entra\u00eenement de force polyvalent pour tout le corps.","robots":{"index":"index","follow":"follow","max-snippet":"max-snippet:-1","max-image-preview":"max-image-preview:large","max-video-preview":"max-video-preview:-1"},"canonical":"https:\/\/gymfactory.eu\/fr\/produit\/machine-multifonction-corps-entier-k6x-g1\/","og_locale":"fr_FR","og_type":"article","og_title":"Machine Multifonction K6X-G1 pour Home Gym ou Usage Commercial","og_description":"Vous cherchez une machine compl\u00e8te qui s\u2019adapte \u00e0 tout espace ? La K6X-G1 est parfaite pour les home gyms ou les salles commerciales, offrant un entra\u00eenement de force polyvalent pour tout le corps.","og_url":"https:\/\/gymfactory.eu\/fr\/produit\/machine-multifonction-corps-entier-k6x-g1\/","og_site_name":"Gym Factory","og_image":[{"width":1500,"height":1500,"url":"https:\/\/gymfactory.eu\/wp-content\/uploads\/2025\/01\/gym-machine-G1-K6X-multifunctional-machine-top-view-1-1.webp","type":"image\/webp"}],"twitter_card":"summary_large_image","twitter_misc":{"Dur\u00e9e de lecture estim\u00e9e":"1 minute"},"schema":{"@context":"https:\/\/schema.org","@graph":[{"@type":"WebPage","@id":"https:\/\/gymfactory.eu\/fr\/produit\/machine-multifonction-corps-entier-k6x-g1\/","url":"https:\/\/gymfactory.eu\/fr\/produit\/machine-multifonction-corps-entier-k6x-g1\/","name":"Machine Multifonction K6X-G1 pour Home Gym ou Usage Commercial","isPartOf":{"@id":"https:\/\/gymfactory.eu\/fr\/#website"},"primaryImageOfPage":{"@id":"https:\/\/gymfactory.eu\/fr\/produit\/machine-multifonction-corps-entier-k6x-g1\/#primaryimage"},"image":{"@id":"https:\/\/gymfactory.eu\/fr\/produit\/machine-multifonction-corps-entier-k6x-g1\/#primaryimage"},"thumbnailUrl":"https:\/\/gymfactory.eu\/wp-content\/uploads\/2025\/01\/gym-machine-G1-K6X-multifunctional-machine-top-view-1-1.webp","datePublished":"2025-01-30T08:48:59+00:00","description":"Vous cherchez une machine compl\u00e8te qui s\u2019adapte \u00e0 tout espace ? La K6X-G1 est parfaite pour les home gyms ou les salles commerciales, offrant un entra\u00eenement de force polyvalent pour tout le corps.","breadcrumb":{"@id":"https:\/\/gymfactory.eu\/fr\/produit\/machine-multifonction-corps-entier-k6x-g1\/#breadcrumb"},"inLanguage":"fr-FR","potentialAction":[{"@type":"ReadAction","target":["https:\/\/gymfactory.eu\/fr\/produit\/machine-multifonction-corps-entier-k6x-g1\/"]}]},{"@type":"ImageObject","inLanguage":"fr-FR","@id":"https:\/\/gymfactory.eu\/fr\/produit\/machine-multifonction-corps-entier-k6x-g1\/#primaryimage","url":"https:\/\/gymfactory.eu\/wp-content\/uploads\/2025\/01\/gym-machine-G1-K6X-multifunctional-machine-top-view-1-1.webp","contentUrl":"https:\/\/gymfactory.eu\/wp-content\/uploads\/2025\/01\/gym-machine-G1-K6X-multifunctional-machine-top-view-1-1.webp","width":1500,"height":1500,"caption":"Vue de dessus d\u2019une machine de musculation pr\u00e9sentant son design compact mais polyvalent. Les poign\u00e9es strat\u00e9giquement positionn\u00e9es, les supports rembourr\u00e9s et les composants r\u00e9glables permettent une large gamme d\u2019exercices de force, ce qui en fait une pi\u00e8ce essentielle de l\u2019\u00e9quipement de gym."},{"@type":"BreadcrumbList","@id":"https:\/\/gymfactory.eu\/fr\/produit\/machine-multifonction-corps-entier-k6x-g1\/#breadcrumb","itemListElement":[{"@type":"ListItem","position":1,"name":"Home","item":"https:\/\/gymfactory.eu\/fr\/page-principale\/"},{"@type":"ListItem","position":2,"name":"Catalogue","item":"https:\/\/gymfactory.eu\/fr\/catalogue-2\/"},{"@type":"ListItem","position":3,"name":"Machine Multifonction Corps entier K6X-G1"}]},{"@type":"WebSite","@id":"https:\/\/gymfactory.eu\/fr\/#website","url":"https:\/\/gymfactory.eu\/fr\/","name":"Gym Factory","description":"","publisher":{"@id":"https:\/\/gymfactory.eu\/fr\/#organization"},"potentialAction":[{"@type":"SearchAction","target":{"@type":"EntryPoint","urlTemplate":"https:\/\/gymfactory.eu\/fr\/?s={search_term_string}"},"query-input":{"@type":"PropertyValueSpecification","valueRequired":true,"valueName":"search_term_string"}}],"inLanguage":"fr-FR"},{"@type":"Organization","@id":"https:\/\/gymfactory.eu\/fr\/#organization","name":"Gym Factory","url":"https:\/\/gymfactory.eu\/fr\/","logo":{"@type":"ImageObject","inLanguage":"fr-FR","@id":"https:\/\/gymfactory.eu\/fr\/#\/schema\/logo\/image\/","url":"https:\/\/gymfactory.eu\/wp-content\/uploads\/2024\/11\/Component-1.svg","contentUrl":"https:\/\/gymfactory.eu\/wp-content\/uploads\/2024\/11\/Component-1.svg","width":54,"height":44,"caption":"Gym Factory"},"image":{"@id":"https:\/\/gymfactory.eu\/fr\/#\/schema\/logo\/image\/"}}]}},"_links":{"self":[{"href":"https:\/\/gymfactory.eu\/fr\/wp-json\/wp\/v2\/product\/24439","targetHints":{"allow":["GET"]}}],"collection":[{"href":"https:\/\/gymfactory.eu\/fr\/wp-json\/wp\/v2\/product"}],"about":[{"href":"https:\/\/gymfactory.eu\/fr\/wp-json\/wp\/v2\/types\/product"}],"wp:featuredmedia":[{"embeddable":true,"href":"https:\/\/gymfactory.eu\/fr\/wp-json\/wp\/v2\/media\/13564"}],"wp:attachment":[{"href":"https:\/\/gymfactory.eu\/fr\/wp-json\/wp\/v2\/media?parent=24439"}],"wp:term":[{"taxonomy":"product_brand","embeddable":true,"href":"https:\/\/gymfactory.eu\/fr\/wp-json\/wp\/v2\/product_brand?post=24439"},{"taxonomy":"product_cat","embeddable":true,"href":"https:\/\/gymfactory.eu\/fr\/wp-json\/wp\/v2\/product_cat?post=24439"},{"taxonomy":"product_tag","embeddable":true,"href":"https:\/\/gymfactory.eu\/fr\/wp-json\/wp\/v2\/product_tag?post=24439"}],"curies":[{"name":"wp","href":"https:\/\/api.w.org\/{rel}","templated":true}]}}