{"id":24435,"date":"2025-01-30T10:17:12","date_gmt":"2025-01-30T08:17:12","guid":{"rendered":"https:\/\/gymfactory.eu\/product\/f4-biceps-machine\/"},"modified":"2025-01-30T10:17:12","modified_gmt":"2025-01-30T08:17:12","slug":"f4-biceps-machine","status":"publish","type":"product","link":"https:\/\/gymfactory.eu\/fr\/produit\/f4-biceps-machine\/","title":{"rendered":"F4 Biceps Machine"},"content":{"rendered":"<p>La Machine Biceps F4 est con\u00e7ue pour un entra\u00eenement efficace et isol\u00e9 des biceps, aussi bien dans les home gyms que dans les salles de sport commerciales. Sa construction solide et son mouvement fluide assurent une performance constante lors des s\u00e9ances de force. <\/p>\n<p>Vous pouvez effectuer des curls biceps \u00e0 la machine pour d\u00e9velopper la force des bras avec un mouvement contr\u00f4l\u00e9 et cibl\u00e9. La hauteur du si\u00e8ge est r\u00e9glable, permettant un alignement appropri\u00e9 et un confort optimal pour les utilisateurs de diff\u00e9rentes tailles. <\/p>\n<p>La F4 est un choix fiable pour un entra\u00eenement cibl\u00e9 des bras, vous aidant \u00e0 am\u00e9liorer la forme, le contr\u00f4le et l\u2019activation musculaire.<\/p>\n\n    <div class=\"xs_social_share_widget xs_share_url after_content \t\tmain_content  wslu-style-1 wslu-share-box-shaped wslu-fill-colored wslu-none wslu-share-horizontal wslu-theme-font-no wslu-main_content\">\n\n\t\t\n        <ul>\n\t\t\t        <\/ul>\n    <\/div> \n","protected":false},"excerpt":{"rendered":"<p>La Machine Biceps F4 est con\u00e7ue pour un entra\u00eenement efficace et isol\u00e9 des biceps, aussi bien dans les home gyms que dans les salles de sport commerciales. Sa construction solide et son mouvement fluide assurent une performance constante lors des s\u00e9ances de force. Vous pouvez effectuer des curls biceps \u00e0 la machine pour d\u00e9velopper la [&hellip;]<\/p>\n","protected":false},"featured_media":11517,"template":"","meta":{"_acf_changed":false},"product_brand":[56],"product_cat":[832],"product_tag":[],"class_list":{"0":"post-24435","1":"product","2":"type-product","3":"status-publish","4":"has-post-thumbnail","6":"product_brand-gym-factory","7":"product_cat-machines-a-charge-par-plaques","9":"first","10":"onbackorder","11":"taxable","12":"shipping-taxable","13":"purchasable","14":"product-type-variable","15":"has-default-attributes"},"acf":[],"yoast_head":"<!-- This site is optimized with the Yoast SEO plugin v25.2 - https:\/\/yoast.com\/wordpress\/plugins\/seo\/ -->\n<title>Machine Biceps F4 | \u00c9quipement de Musculation pour Bras<\/title>\n<meta name=\"description\" content=\"Vous voulez des bras plus forts ? La Machine Biceps F4 est un \u00e9quipement con\u00e7u pour l\u2019entra\u00eenement cibl\u00e9 des bras, vous aidant \u00e0 d\u00e9velopper la force des biceps avec un mouvement isol\u00e9.\" \/>\n<meta name=\"robots\" content=\"index, follow, max-snippet:-1, max-image-preview:large, max-video-preview:-1\" \/>\n<link rel=\"canonical\" href=\"https:\/\/gymfactory.eu\/fr\/produit\/f4-biceps-machine\/\" \/>\n<meta property=\"og:locale\" content=\"fr_FR\" \/>\n<meta property=\"og:type\" content=\"article\" \/>\n<meta property=\"og:title\" content=\"Machine Biceps F4 | \u00c9quipement de Musculation pour Bras\" \/>\n<meta property=\"og:description\" content=\"Vous voulez des bras plus forts ? La Machine Biceps F4 est un \u00e9quipement con\u00e7u pour l\u2019entra\u00eenement cibl\u00e9 des bras, vous aidant \u00e0 d\u00e9velopper la force des biceps avec un mouvement isol\u00e9.\" \/>\n<meta property=\"og:url\" content=\"https:\/\/gymfactory.eu\/fr\/produit\/f4-biceps-machine\/\" \/>\n<meta property=\"og:site_name\" content=\"Gym Factory\" \/>\n<meta property=\"og:image\" content=\"https:\/\/gymfactory.eu\/wp-content\/uploads\/2025\/01\/gym-machine-F4-biceps-curl-machine-side-view-1.webp\" \/>\n\t<meta property=\"og:image:width\" content=\"1500\" \/>\n\t<meta property=\"og:image:height\" content=\"1500\" \/>\n\t<meta property=\"og:image:type\" content=\"image\/webp\" \/>\n<meta name=\"twitter:card\" content=\"summary_large_image\" \/>\n<meta name=\"twitter:label1\" content=\"Dur\u00e9e de lecture estim\u00e9e\" \/>\n\t<meta name=\"twitter:data1\" content=\"1 minute\" \/>\n<script type=\"application\/ld+json\" class=\"yoast-schema-graph\">{\"@context\":\"https:\/\/schema.org\",\"@graph\":[{\"@type\":\"WebPage\",\"@id\":\"https:\/\/gymfactory.eu\/fr\/produit\/f4-biceps-machine\/\",\"url\":\"https:\/\/gymfactory.eu\/fr\/produit\/f4-biceps-machine\/\",\"name\":\"Machine Biceps F4 | \u00c9quipement de Musculation pour Bras\",\"isPartOf\":{\"@id\":\"https:\/\/gymfactory.eu\/fr\/#website\"},\"primaryImageOfPage\":{\"@id\":\"https:\/\/gymfactory.eu\/fr\/produit\/f4-biceps-machine\/#primaryimage\"},\"image\":{\"@id\":\"https:\/\/gymfactory.eu\/fr\/produit\/f4-biceps-machine\/#primaryimage\"},\"thumbnailUrl\":\"https:\/\/gymfactory.eu\/wp-content\/uploads\/2025\/01\/gym-machine-F4-biceps-curl-machine-side-view-1.webp\",\"datePublished\":\"2025-01-30T08:17:12+00:00\",\"description\":\"Vous voulez des bras plus forts ? La Machine Biceps F4 est un \u00e9quipement con\u00e7u pour l\u2019entra\u00eenement cibl\u00e9 des bras, vous aidant \u00e0 d\u00e9velopper la force des biceps avec un mouvement isol\u00e9.\",\"breadcrumb\":{\"@id\":\"https:\/\/gymfactory.eu\/fr\/produit\/f4-biceps-machine\/#breadcrumb\"},\"inLanguage\":\"fr-FR\",\"potentialAction\":[{\"@type\":\"ReadAction\",\"target\":[\"https:\/\/gymfactory.eu\/fr\/produit\/f4-biceps-machine\/\"]}]},{\"@type\":\"ImageObject\",\"inLanguage\":\"fr-FR\",\"@id\":\"https:\/\/gymfactory.eu\/fr\/produit\/f4-biceps-machine\/#primaryimage\",\"url\":\"https:\/\/gymfactory.eu\/wp-content\/uploads\/2025\/01\/gym-machine-F4-biceps-curl-machine-side-view-1.webp\",\"contentUrl\":\"https:\/\/gymfactory.eu\/wp-content\/uploads\/2025\/01\/gym-machine-F4-biceps-curl-machine-side-view-1.webp\",\"width\":1500,\"height\":1500,\"caption\":\"Une machine de musculation curl biceps robuste avec un cadre noir solide et un rembourrage ergonomique con\u00e7u pour la musculation. Cet \u00e9quipement \u00e0 charge libre dispose d\u2019un m\u00e9canisme de bras r\u00e9glable et de poign\u00e9es strat\u00e9giquement positionn\u00e9es pour une prise et un engagement musculaire optimaux. Cette machine permet aux utilisateurs d\u2019isoler les biceps pour des entra\u00eenements de bras contr\u00f4l\u00e9s et efficaces, ce qui en fait un ajout essentiel \u00e0 toute salle de sport.\"},{\"@type\":\"BreadcrumbList\",\"@id\":\"https:\/\/gymfactory.eu\/fr\/produit\/f4-biceps-machine\/#breadcrumb\",\"itemListElement\":[{\"@type\":\"ListItem\",\"position\":1,\"name\":\"Home\",\"item\":\"https:\/\/gymfactory.eu\/fr\/page-principale\/\"},{\"@type\":\"ListItem\",\"position\":2,\"name\":\"Catalogue\",\"item\":\"https:\/\/gymfactory.eu\/fr\/catalogue-2\/\"},{\"@type\":\"ListItem\",\"position\":3,\"name\":\"F4 Biceps Machine\"}]},{\"@type\":\"WebSite\",\"@id\":\"https:\/\/gymfactory.eu\/fr\/#website\",\"url\":\"https:\/\/gymfactory.eu\/fr\/\",\"name\":\"Gym Factory\",\"description\":\"\",\"publisher\":{\"@id\":\"https:\/\/gymfactory.eu\/fr\/#organization\"},\"potentialAction\":[{\"@type\":\"SearchAction\",\"target\":{\"@type\":\"EntryPoint\",\"urlTemplate\":\"https:\/\/gymfactory.eu\/fr\/?s={search_term_string}\"},\"query-input\":{\"@type\":\"PropertyValueSpecification\",\"valueRequired\":true,\"valueName\":\"search_term_string\"}}],\"inLanguage\":\"fr-FR\"},{\"@type\":\"Organization\",\"@id\":\"https:\/\/gymfactory.eu\/fr\/#organization\",\"name\":\"Gym Factory\",\"url\":\"https:\/\/gymfactory.eu\/fr\/\",\"logo\":{\"@type\":\"ImageObject\",\"inLanguage\":\"fr-FR\",\"@id\":\"https:\/\/gymfactory.eu\/fr\/#\/schema\/logo\/image\/\",\"url\":\"https:\/\/gymfactory.eu\/wp-content\/uploads\/2024\/11\/Component-1.svg\",\"contentUrl\":\"https:\/\/gymfactory.eu\/wp-content\/uploads\/2024\/11\/Component-1.svg\",\"width\":54,\"height\":44,\"caption\":\"Gym Factory\"},\"image\":{\"@id\":\"https:\/\/gymfactory.eu\/fr\/#\/schema\/logo\/image\/\"}}]}<\/script>\n<!-- \/ Yoast SEO plugin. -->","yoast_head_json":{"title":"Machine Biceps F4 | \u00c9quipement de Musculation pour Bras","description":"Vous voulez des bras plus forts ? La Machine Biceps F4 est un \u00e9quipement con\u00e7u pour l\u2019entra\u00eenement cibl\u00e9 des bras, vous aidant \u00e0 d\u00e9velopper la force des biceps avec un mouvement isol\u00e9.","robots":{"index":"index","follow":"follow","max-snippet":"max-snippet:-1","max-image-preview":"max-image-preview:large","max-video-preview":"max-video-preview:-1"},"canonical":"https:\/\/gymfactory.eu\/fr\/produit\/f4-biceps-machine\/","og_locale":"fr_FR","og_type":"article","og_title":"Machine Biceps F4 | \u00c9quipement de Musculation pour Bras","og_description":"Vous voulez des bras plus forts ? La Machine Biceps F4 est un \u00e9quipement con\u00e7u pour l\u2019entra\u00eenement cibl\u00e9 des bras, vous aidant \u00e0 d\u00e9velopper la force des biceps avec un mouvement isol\u00e9.","og_url":"https:\/\/gymfactory.eu\/fr\/produit\/f4-biceps-machine\/","og_site_name":"Gym Factory","og_image":[{"width":1500,"height":1500,"url":"https:\/\/gymfactory.eu\/wp-content\/uploads\/2025\/01\/gym-machine-F4-biceps-curl-machine-side-view-1.webp","type":"image\/webp"}],"twitter_card":"summary_large_image","twitter_misc":{"Dur\u00e9e de lecture estim\u00e9e":"1 minute"},"schema":{"@context":"https:\/\/schema.org","@graph":[{"@type":"WebPage","@id":"https:\/\/gymfactory.eu\/fr\/produit\/f4-biceps-machine\/","url":"https:\/\/gymfactory.eu\/fr\/produit\/f4-biceps-machine\/","name":"Machine Biceps F4 | \u00c9quipement de Musculation pour Bras","isPartOf":{"@id":"https:\/\/gymfactory.eu\/fr\/#website"},"primaryImageOfPage":{"@id":"https:\/\/gymfactory.eu\/fr\/produit\/f4-biceps-machine\/#primaryimage"},"image":{"@id":"https:\/\/gymfactory.eu\/fr\/produit\/f4-biceps-machine\/#primaryimage"},"thumbnailUrl":"https:\/\/gymfactory.eu\/wp-content\/uploads\/2025\/01\/gym-machine-F4-biceps-curl-machine-side-view-1.webp","datePublished":"2025-01-30T08:17:12+00:00","description":"Vous voulez des bras plus forts ? La Machine Biceps F4 est un \u00e9quipement con\u00e7u pour l\u2019entra\u00eenement cibl\u00e9 des bras, vous aidant \u00e0 d\u00e9velopper la force des biceps avec un mouvement isol\u00e9.","breadcrumb":{"@id":"https:\/\/gymfactory.eu\/fr\/produit\/f4-biceps-machine\/#breadcrumb"},"inLanguage":"fr-FR","potentialAction":[{"@type":"ReadAction","target":["https:\/\/gymfactory.eu\/fr\/produit\/f4-biceps-machine\/"]}]},{"@type":"ImageObject","inLanguage":"fr-FR","@id":"https:\/\/gymfactory.eu\/fr\/produit\/f4-biceps-machine\/#primaryimage","url":"https:\/\/gymfactory.eu\/wp-content\/uploads\/2025\/01\/gym-machine-F4-biceps-curl-machine-side-view-1.webp","contentUrl":"https:\/\/gymfactory.eu\/wp-content\/uploads\/2025\/01\/gym-machine-F4-biceps-curl-machine-side-view-1.webp","width":1500,"height":1500,"caption":"Une machine de musculation curl biceps robuste avec un cadre noir solide et un rembourrage ergonomique con\u00e7u pour la musculation. Cet \u00e9quipement \u00e0 charge libre dispose d\u2019un m\u00e9canisme de bras r\u00e9glable et de poign\u00e9es strat\u00e9giquement positionn\u00e9es pour une prise et un engagement musculaire optimaux. Cette machine permet aux utilisateurs d\u2019isoler les biceps pour des entra\u00eenements de bras contr\u00f4l\u00e9s et efficaces, ce qui en fait un ajout essentiel \u00e0 toute salle de sport."},{"@type":"BreadcrumbList","@id":"https:\/\/gymfactory.eu\/fr\/produit\/f4-biceps-machine\/#breadcrumb","itemListElement":[{"@type":"ListItem","position":1,"name":"Home","item":"https:\/\/gymfactory.eu\/fr\/page-principale\/"},{"@type":"ListItem","position":2,"name":"Catalogue","item":"https:\/\/gymfactory.eu\/fr\/catalogue-2\/"},{"@type":"ListItem","position":3,"name":"F4 Biceps Machine"}]},{"@type":"WebSite","@id":"https:\/\/gymfactory.eu\/fr\/#website","url":"https:\/\/gymfactory.eu\/fr\/","name":"Gym Factory","description":"","publisher":{"@id":"https:\/\/gymfactory.eu\/fr\/#organization"},"potentialAction":[{"@type":"SearchAction","target":{"@type":"EntryPoint","urlTemplate":"https:\/\/gymfactory.eu\/fr\/?s={search_term_string}"},"query-input":{"@type":"PropertyValueSpecification","valueRequired":true,"valueName":"search_term_string"}}],"inLanguage":"fr-FR"},{"@type":"Organization","@id":"https:\/\/gymfactory.eu\/fr\/#organization","name":"Gym Factory","url":"https:\/\/gymfactory.eu\/fr\/","logo":{"@type":"ImageObject","inLanguage":"fr-FR","@id":"https:\/\/gymfactory.eu\/fr\/#\/schema\/logo\/image\/","url":"https:\/\/gymfactory.eu\/wp-content\/uploads\/2024\/11\/Component-1.svg","contentUrl":"https:\/\/gymfactory.eu\/wp-content\/uploads\/2024\/11\/Component-1.svg","width":54,"height":44,"caption":"Gym Factory"},"image":{"@id":"https:\/\/gymfactory.eu\/fr\/#\/schema\/logo\/image\/"}}]}},"_links":{"self":[{"href":"https:\/\/gymfactory.eu\/fr\/wp-json\/wp\/v2\/product\/24435","targetHints":{"allow":["GET"]}}],"collection":[{"href":"https:\/\/gymfactory.eu\/fr\/wp-json\/wp\/v2\/product"}],"about":[{"href":"https:\/\/gymfactory.eu\/fr\/wp-json\/wp\/v2\/types\/product"}],"wp:featuredmedia":[{"embeddable":true,"href":"https:\/\/gymfactory.eu\/fr\/wp-json\/wp\/v2\/media\/11517"}],"wp:attachment":[{"href":"https:\/\/gymfactory.eu\/fr\/wp-json\/wp\/v2\/media?parent=24435"}],"wp:term":[{"taxonomy":"product_brand","embeddable":true,"href":"https:\/\/gymfactory.eu\/fr\/wp-json\/wp\/v2\/product_brand?post=24435"},{"taxonomy":"product_cat","embeddable":true,"href":"https:\/\/gymfactory.eu\/fr\/wp-json\/wp\/v2\/product_cat?post=24435"},{"taxonomy":"product_tag","embeddable":true,"href":"https:\/\/gymfactory.eu\/fr\/wp-json\/wp\/v2\/product_tag?post=24435"}],"curies":[{"name":"wp","href":"https:\/\/api.w.org\/{rel}","templated":true}]}}