{"id":24423,"date":"2025-01-30T08:19:05","date_gmt":"2025-01-30T06:19:05","guid":{"rendered":"https:\/\/gymfactory.eu\/product\/machine-a-squat-ceinture-d8xx\/"},"modified":"2025-01-30T08:19:05","modified_gmt":"2025-01-30T06:19:05","slug":"machine-a-squat-ceinture-d8xx","status":"publish","type":"product","link":"https:\/\/gymfactory.eu\/fr\/produit\/machine-a-squat-ceinture-d8xx\/","title":{"rendered":"Machine \u00e0 Squat Ceinture D8XX"},"content":{"rendered":"<p>La Machine \u00e0 Squat Ceinture D8XX est une solution compacte et durable pour l\u2019entra\u00eenement de la force du bas du corps sans placer de charge sur la colonne vert\u00e9brale ou les \u00e9paules. Compar\u00e9e au mod\u00e8le D8X, elle pr\u00e9sente une conception plus \u00e9conome en espace, ce qui la rend particuli\u00e8rement bien adapt\u00e9e aux home gyms. <\/p>\n<p>Cette machine est principalement utilis\u00e9e pour les belt squats (squats ceinture), ciblant efficacement les quadriceps, les fessiers et les ischio-jambiers. Certains utilisateurs l\u2019adaptent \u00e9galement pour le soulev\u00e9 de terre roumain en attachant une poign\u00e9e \u00e0 la place de la ceinture. <\/p>\n<p>Le support de fixation o\u00f9 la ceinture se connecte comprend plusieurs trous fixes, permettant aux utilisateurs d\u2019ajuster le point de traction en fonction de leur taille et de la configuration d\u2019exercice pr\u00e9f\u00e9r\u00e9e. Le cadre robuste assure un entra\u00eenement s\u00fbr et stable pour un d\u00e9veloppement cibl\u00e9 du bas du corps. <\/p>\n<p>&nbsp;<\/p>\n\n    <div class=\"xs_social_share_widget xs_share_url after_content \t\tmain_content  wslu-style-1 wslu-share-box-shaped wslu-fill-colored wslu-none wslu-share-horizontal wslu-theme-font-no wslu-main_content\">\n\n\t\t\n        <ul>\n\t\t\t        <\/ul>\n    <\/div> \n","protected":false},"excerpt":{"rendered":"<p>La Machine \u00e0 Squat Ceinture D8XX est une solution compacte et durable pour l\u2019entra\u00eenement de la force du bas du corps sans placer de charge sur la colonne vert\u00e9brale ou les \u00e9paules. Compar\u00e9e au mod\u00e8le D8X, elle pr\u00e9sente une conception plus \u00e9conome en espace, ce qui la rend particuli\u00e8rement bien adapt\u00e9e aux home gyms. Cette [&hellip;]<\/p>\n","protected":false},"featured_media":11502,"template":"","meta":{"_acf_changed":false},"product_brand":[56],"product_cat":[832],"product_tag":[857],"class_list":{"0":"post-24423","1":"product","2":"type-product","3":"status-publish","4":"has-post-thumbnail","6":"product_brand-gym-factory","7":"product_cat-machines-a-charge-par-plaques","8":"product_tag-couleur-metal-uniquement","10":"first","11":"onbackorder","12":"taxable","13":"shipping-taxable","14":"purchasable","15":"product-type-variable","16":"has-default-attributes"},"acf":[],"yoast_head":"<!-- This site is optimized with the Yoast SEO plugin v25.2 - https:\/\/yoast.com\/wordpress\/plugins\/seo\/ -->\n<title>Machine \u00e0 Squat Ceinture D8XX | \u00c9quipement de Musculation pour Jambes<\/title>\n<meta name=\"description\" content=\"Vous cherchez \u00e0 renforcer vos jambes avec moins de charge vert\u00e9brale ? La Machine \u00e0 Squat Ceinture D8XX est un \u00e9quipement de musculation con\u00e7u pour des exercices de jambes s\u00fbrs et efficaces.\" \/>\n<meta name=\"robots\" content=\"index, follow, max-snippet:-1, max-image-preview:large, max-video-preview:-1\" \/>\n<link rel=\"canonical\" href=\"https:\/\/gymfactory.eu\/fr\/produit\/machine-a-squat-ceinture-d8xx\/\" \/>\n<meta property=\"og:locale\" content=\"fr_FR\" \/>\n<meta property=\"og:type\" content=\"article\" \/>\n<meta property=\"og:title\" content=\"Machine \u00e0 Squat Ceinture D8XX | \u00c9quipement de Musculation pour Jambes\" \/>\n<meta property=\"og:description\" content=\"Vous cherchez \u00e0 renforcer vos jambes avec moins de charge vert\u00e9brale ? La Machine \u00e0 Squat Ceinture D8XX est un \u00e9quipement de musculation con\u00e7u pour des exercices de jambes s\u00fbrs et efficaces.\" \/>\n<meta property=\"og:url\" content=\"https:\/\/gymfactory.eu\/fr\/produit\/machine-a-squat-ceinture-d8xx\/\" \/>\n<meta property=\"og:site_name\" content=\"Gym Factory\" \/>\n<meta property=\"og:image\" content=\"https:\/\/gymfactory.eu\/wp-content\/uploads\/2025\/01\/gym-machine-D8XX-belt-squat-front-view-1.jpg\" \/>\n\t<meta property=\"og:image:width\" content=\"1500\" \/>\n\t<meta property=\"og:image:height\" content=\"1500\" \/>\n\t<meta property=\"og:image:type\" content=\"image\/jpeg\" \/>\n<meta name=\"twitter:card\" content=\"summary_large_image\" \/>\n<meta name=\"twitter:label1\" content=\"Dur\u00e9e de lecture estim\u00e9e\" \/>\n\t<meta name=\"twitter:data1\" content=\"1 minute\" \/>\n<script type=\"application\/ld+json\" class=\"yoast-schema-graph\">{\"@context\":\"https:\/\/schema.org\",\"@graph\":[{\"@type\":\"WebPage\",\"@id\":\"https:\/\/gymfactory.eu\/fr\/produit\/machine-a-squat-ceinture-d8xx\/\",\"url\":\"https:\/\/gymfactory.eu\/fr\/produit\/machine-a-squat-ceinture-d8xx\/\",\"name\":\"Machine \u00e0 Squat Ceinture D8XX | \u00c9quipement de Musculation pour Jambes\",\"isPartOf\":{\"@id\":\"https:\/\/gymfactory.eu\/fr\/#website\"},\"primaryImageOfPage\":{\"@id\":\"https:\/\/gymfactory.eu\/fr\/produit\/machine-a-squat-ceinture-d8xx\/#primaryimage\"},\"image\":{\"@id\":\"https:\/\/gymfactory.eu\/fr\/produit\/machine-a-squat-ceinture-d8xx\/#primaryimage\"},\"thumbnailUrl\":\"https:\/\/gymfactory.eu\/wp-content\/uploads\/2025\/01\/gym-machine-D8XX-belt-squat-front-view-1.jpg\",\"datePublished\":\"2025-01-30T06:19:05+00:00\",\"description\":\"Vous cherchez \u00e0 renforcer vos jambes avec moins de charge vert\u00e9brale ? La Machine \u00e0 Squat Ceinture D8XX est un \u00e9quipement de musculation con\u00e7u pour des exercices de jambes s\u00fbrs et efficaces.\",\"breadcrumb\":{\"@id\":\"https:\/\/gymfactory.eu\/fr\/produit\/machine-a-squat-ceinture-d8xx\/#breadcrumb\"},\"inLanguage\":\"fr-FR\",\"potentialAction\":[{\"@type\":\"ReadAction\",\"target\":[\"https:\/\/gymfactory.eu\/fr\/produit\/machine-a-squat-ceinture-d8xx\/\"]}]},{\"@type\":\"ImageObject\",\"inLanguage\":\"fr-FR\",\"@id\":\"https:\/\/gymfactory.eu\/fr\/produit\/machine-a-squat-ceinture-d8xx\/#primaryimage\",\"url\":\"https:\/\/gymfactory.eu\/wp-content\/uploads\/2025\/01\/gym-machine-D8XX-belt-squat-front-view-1.jpg\",\"contentUrl\":\"https:\/\/gymfactory.eu\/wp-content\/uploads\/2025\/01\/gym-machine-D8XX-belt-squat-front-view-1.jpg\",\"width\":1500,\"height\":1500,\"caption\":\"Vue de face d\u2019une machine de musculation belt squat dot\u00e9e d\u2019un cadre en acier noir robuste, d\u2019un repose-pieds \u00e0 double plateforme avec une surface textur\u00e9e et de multiples poign\u00e9es. Cette machine de musculation est con\u00e7ue pour l\u2019entra\u00eenement de la force du bas du corps, permettant aux utilisateurs d\u2019effectuer des squats avec une charge vert\u00e9brale r\u00e9duite tout en maintenant une forme correcte.\"},{\"@type\":\"BreadcrumbList\",\"@id\":\"https:\/\/gymfactory.eu\/fr\/produit\/machine-a-squat-ceinture-d8xx\/#breadcrumb\",\"itemListElement\":[{\"@type\":\"ListItem\",\"position\":1,\"name\":\"Home\",\"item\":\"https:\/\/gymfactory.eu\/fr\/\"},{\"@type\":\"ListItem\",\"position\":2,\"name\":\"Catalogue\",\"item\":\"https:\/\/gymfactory.eu\/fr\/catalogue-2\/\"},{\"@type\":\"ListItem\",\"position\":3,\"name\":\"Machine \u00e0 Squat Ceinture D8XX\"}]},{\"@type\":\"WebSite\",\"@id\":\"https:\/\/gymfactory.eu\/fr\/#website\",\"url\":\"https:\/\/gymfactory.eu\/fr\/\",\"name\":\"Gym Factory\",\"description\":\"\",\"publisher\":{\"@id\":\"https:\/\/gymfactory.eu\/fr\/#organization\"},\"potentialAction\":[{\"@type\":\"SearchAction\",\"target\":{\"@type\":\"EntryPoint\",\"urlTemplate\":\"https:\/\/gymfactory.eu\/fr\/?s={search_term_string}\"},\"query-input\":{\"@type\":\"PropertyValueSpecification\",\"valueRequired\":true,\"valueName\":\"search_term_string\"}}],\"inLanguage\":\"fr-FR\"},{\"@type\":\"Organization\",\"@id\":\"https:\/\/gymfactory.eu\/fr\/#organization\",\"name\":\"Gym Factory\",\"url\":\"https:\/\/gymfactory.eu\/fr\/\",\"logo\":{\"@type\":\"ImageObject\",\"inLanguage\":\"fr-FR\",\"@id\":\"https:\/\/gymfactory.eu\/fr\/#\/schema\/logo\/image\/\",\"url\":\"https:\/\/gymfactory.eu\/wp-content\/uploads\/2024\/11\/Component-1.svg\",\"contentUrl\":\"https:\/\/gymfactory.eu\/wp-content\/uploads\/2024\/11\/Component-1.svg\",\"width\":54,\"height\":44,\"caption\":\"Gym Factory\"},\"image\":{\"@id\":\"https:\/\/gymfactory.eu\/fr\/#\/schema\/logo\/image\/\"}}]}<\/script>\n<!-- \/ Yoast SEO plugin. -->","yoast_head_json":{"title":"Machine \u00e0 Squat Ceinture D8XX | \u00c9quipement de Musculation pour Jambes","description":"Vous cherchez \u00e0 renforcer vos jambes avec moins de charge vert\u00e9brale ? La Machine \u00e0 Squat Ceinture D8XX est un \u00e9quipement de musculation con\u00e7u pour des exercices de jambes s\u00fbrs et efficaces.","robots":{"index":"index","follow":"follow","max-snippet":"max-snippet:-1","max-image-preview":"max-image-preview:large","max-video-preview":"max-video-preview:-1"},"canonical":"https:\/\/gymfactory.eu\/fr\/produit\/machine-a-squat-ceinture-d8xx\/","og_locale":"fr_FR","og_type":"article","og_title":"Machine \u00e0 Squat Ceinture D8XX | \u00c9quipement de Musculation pour Jambes","og_description":"Vous cherchez \u00e0 renforcer vos jambes avec moins de charge vert\u00e9brale ? La Machine \u00e0 Squat Ceinture D8XX est un \u00e9quipement de musculation con\u00e7u pour des exercices de jambes s\u00fbrs et efficaces.","og_url":"https:\/\/gymfactory.eu\/fr\/produit\/machine-a-squat-ceinture-d8xx\/","og_site_name":"Gym Factory","og_image":[{"width":1500,"height":1500,"url":"https:\/\/gymfactory.eu\/wp-content\/uploads\/2025\/01\/gym-machine-D8XX-belt-squat-front-view-1.jpg","type":"image\/jpeg"}],"twitter_card":"summary_large_image","twitter_misc":{"Dur\u00e9e de lecture estim\u00e9e":"1 minute"},"schema":{"@context":"https:\/\/schema.org","@graph":[{"@type":"WebPage","@id":"https:\/\/gymfactory.eu\/fr\/produit\/machine-a-squat-ceinture-d8xx\/","url":"https:\/\/gymfactory.eu\/fr\/produit\/machine-a-squat-ceinture-d8xx\/","name":"Machine \u00e0 Squat Ceinture D8XX | \u00c9quipement de Musculation pour Jambes","isPartOf":{"@id":"https:\/\/gymfactory.eu\/fr\/#website"},"primaryImageOfPage":{"@id":"https:\/\/gymfactory.eu\/fr\/produit\/machine-a-squat-ceinture-d8xx\/#primaryimage"},"image":{"@id":"https:\/\/gymfactory.eu\/fr\/produit\/machine-a-squat-ceinture-d8xx\/#primaryimage"},"thumbnailUrl":"https:\/\/gymfactory.eu\/wp-content\/uploads\/2025\/01\/gym-machine-D8XX-belt-squat-front-view-1.jpg","datePublished":"2025-01-30T06:19:05+00:00","description":"Vous cherchez \u00e0 renforcer vos jambes avec moins de charge vert\u00e9brale ? La Machine \u00e0 Squat Ceinture D8XX est un \u00e9quipement de musculation con\u00e7u pour des exercices de jambes s\u00fbrs et efficaces.","breadcrumb":{"@id":"https:\/\/gymfactory.eu\/fr\/produit\/machine-a-squat-ceinture-d8xx\/#breadcrumb"},"inLanguage":"fr-FR","potentialAction":[{"@type":"ReadAction","target":["https:\/\/gymfactory.eu\/fr\/produit\/machine-a-squat-ceinture-d8xx\/"]}]},{"@type":"ImageObject","inLanguage":"fr-FR","@id":"https:\/\/gymfactory.eu\/fr\/produit\/machine-a-squat-ceinture-d8xx\/#primaryimage","url":"https:\/\/gymfactory.eu\/wp-content\/uploads\/2025\/01\/gym-machine-D8XX-belt-squat-front-view-1.jpg","contentUrl":"https:\/\/gymfactory.eu\/wp-content\/uploads\/2025\/01\/gym-machine-D8XX-belt-squat-front-view-1.jpg","width":1500,"height":1500,"caption":"Vue de face d\u2019une machine de musculation belt squat dot\u00e9e d\u2019un cadre en acier noir robuste, d\u2019un repose-pieds \u00e0 double plateforme avec une surface textur\u00e9e et de multiples poign\u00e9es. Cette machine de musculation est con\u00e7ue pour l\u2019entra\u00eenement de la force du bas du corps, permettant aux utilisateurs d\u2019effectuer des squats avec une charge vert\u00e9brale r\u00e9duite tout en maintenant une forme correcte."},{"@type":"BreadcrumbList","@id":"https:\/\/gymfactory.eu\/fr\/produit\/machine-a-squat-ceinture-d8xx\/#breadcrumb","itemListElement":[{"@type":"ListItem","position":1,"name":"Home","item":"https:\/\/gymfactory.eu\/fr\/"},{"@type":"ListItem","position":2,"name":"Catalogue","item":"https:\/\/gymfactory.eu\/fr\/catalogue-2\/"},{"@type":"ListItem","position":3,"name":"Machine \u00e0 Squat Ceinture D8XX"}]},{"@type":"WebSite","@id":"https:\/\/gymfactory.eu\/fr\/#website","url":"https:\/\/gymfactory.eu\/fr\/","name":"Gym Factory","description":"","publisher":{"@id":"https:\/\/gymfactory.eu\/fr\/#organization"},"potentialAction":[{"@type":"SearchAction","target":{"@type":"EntryPoint","urlTemplate":"https:\/\/gymfactory.eu\/fr\/?s={search_term_string}"},"query-input":{"@type":"PropertyValueSpecification","valueRequired":true,"valueName":"search_term_string"}}],"inLanguage":"fr-FR"},{"@type":"Organization","@id":"https:\/\/gymfactory.eu\/fr\/#organization","name":"Gym Factory","url":"https:\/\/gymfactory.eu\/fr\/","logo":{"@type":"ImageObject","inLanguage":"fr-FR","@id":"https:\/\/gymfactory.eu\/fr\/#\/schema\/logo\/image\/","url":"https:\/\/gymfactory.eu\/wp-content\/uploads\/2024\/11\/Component-1.svg","contentUrl":"https:\/\/gymfactory.eu\/wp-content\/uploads\/2024\/11\/Component-1.svg","width":54,"height":44,"caption":"Gym Factory"},"image":{"@id":"https:\/\/gymfactory.eu\/fr\/#\/schema\/logo\/image\/"}}]}},"_links":{"self":[{"href":"https:\/\/gymfactory.eu\/fr\/wp-json\/wp\/v2\/product\/24423","targetHints":{"allow":["GET"]}}],"collection":[{"href":"https:\/\/gymfactory.eu\/fr\/wp-json\/wp\/v2\/product"}],"about":[{"href":"https:\/\/gymfactory.eu\/fr\/wp-json\/wp\/v2\/types\/product"}],"wp:featuredmedia":[{"embeddable":true,"href":"https:\/\/gymfactory.eu\/fr\/wp-json\/wp\/v2\/media\/11502"}],"wp:attachment":[{"href":"https:\/\/gymfactory.eu\/fr\/wp-json\/wp\/v2\/media?parent=24423"}],"wp:term":[{"taxonomy":"product_brand","embeddable":true,"href":"https:\/\/gymfactory.eu\/fr\/wp-json\/wp\/v2\/product_brand?post=24423"},{"taxonomy":"product_cat","embeddable":true,"href":"https:\/\/gymfactory.eu\/fr\/wp-json\/wp\/v2\/product_cat?post=24423"},{"taxonomy":"product_tag","embeddable":true,"href":"https:\/\/gymfactory.eu\/fr\/wp-json\/wp\/v2\/product_tag?post=24423"}],"curies":[{"name":"wp","href":"https:\/\/api.w.org\/{rel}","templated":true}]}}