{"id":24418,"date":"2025-01-30T08:05:48","date_gmt":"2025-01-30T06:05:48","guid":{"rendered":"https:\/\/gymfactory.eu\/product\/machine-a-squat-ceinture-d8x\/"},"modified":"2025-01-30T08:05:48","modified_gmt":"2025-01-30T06:05:48","slug":"machine-a-squat-ceinture-d8x","status":"publish","type":"product","link":"https:\/\/gymfactory.eu\/fr\/produit\/machine-a-squat-ceinture-d8x\/","title":{"rendered":"Machine \u00e0 Squat Ceinture D8X"},"content":{"rendered":"<p>La Machine \u00e0 Squat Ceinture D8X est con\u00e7ue pour un entra\u00eenement efficace de la force du bas du corps sans charger la colonne vert\u00e9brale ni les \u00e9paules. Adapt\u00e9e aussi bien aux home gyms qu\u2019aux salles de sport commerciales, elle offre une plateforme stable pour un mouvement contr\u00f4l\u00e9 et un levage en toute s\u00e9curit\u00e9. <\/p>\n<p>La machine est principalement utilis\u00e9e pour les belt squats (squats ceinture), ciblant les quadriceps, les fessiers et les ischio-jambiers. Certains utilisateurs l\u2019adaptent \u00e9galement pour le soulev\u00e9 de terre roumain en attachant une poign\u00e9e \u00e0 la place de la ceinture. <\/p>\n<p>La longueur du rail de fixation de la ceinture est r\u00e9glable, permettant aux utilisateurs d\u2019ajuster la configuration en fonction de leur taille et de leurs pr\u00e9f\u00e9rences d\u2019exercice.<\/p>\n\n    <div class=\"xs_social_share_widget xs_share_url after_content \t\tmain_content  wslu-style-1 wslu-share-box-shaped wslu-fill-colored wslu-none wslu-share-horizontal wslu-theme-font-no wslu-main_content\">\n\n\t\t\n        <ul>\n\t\t\t        <\/ul>\n    <\/div> \n","protected":false},"excerpt":{"rendered":"<p>La Machine \u00e0 Squat Ceinture D8X est con\u00e7ue pour un entra\u00eenement efficace de la force du bas du corps sans charger la colonne vert\u00e9brale ni les \u00e9paules. Adapt\u00e9e aussi bien aux home gyms qu\u2019aux salles de sport commerciales, elle offre une plateforme stable pour un mouvement contr\u00f4l\u00e9 et un levage en toute s\u00e9curit\u00e9. La machine [&hellip;]<\/p>\n","protected":false},"featured_media":23560,"template":"","meta":{"_acf_changed":false},"product_brand":[56],"product_cat":[832],"product_tag":[857],"class_list":{"0":"post-24418","1":"product","2":"type-product","3":"status-publish","4":"has-post-thumbnail","6":"product_brand-gym-factory","7":"product_cat-machines-a-charge-par-plaques","8":"product_tag-couleur-metal-uniquement","10":"first","11":"onbackorder","12":"taxable","13":"shipping-taxable","14":"purchasable","15":"product-type-variable","16":"has-default-attributes"},"acf":[],"yoast_head":"<!-- This site is optimized with the Yoast SEO plugin v25.2 - https:\/\/yoast.com\/wordpress\/plugins\/seo\/ -->\n<title>Machine \u00e0 Squat Ceinture D8X | Parfaite pour Home Gym ou Salle Commerciale<\/title>\n<meta name=\"description\" content=\"Besoin d\u2019un moyen s\u00fbr d\u2019entra\u00eener les jambes sans charger votre colonne ? La Machine \u00e0 Squat Ceinture D8X est parfaite pour les home gyms ou les salles commerciales, con\u00e7ue pour la musculation.\" \/>\n<meta name=\"robots\" content=\"index, follow, max-snippet:-1, max-image-preview:large, max-video-preview:-1\" \/>\n<link rel=\"canonical\" href=\"https:\/\/gymfactory.eu\/fr\/produit\/machine-a-squat-ceinture-d8x\/\" \/>\n<meta property=\"og:locale\" content=\"fr_FR\" \/>\n<meta property=\"og:type\" content=\"article\" \/>\n<meta property=\"og:title\" content=\"Machine \u00e0 Squat Ceinture D8X | Parfaite pour Home Gym ou Salle Commerciale\" \/>\n<meta property=\"og:description\" content=\"Besoin d\u2019un moyen s\u00fbr d\u2019entra\u00eener les jambes sans charger votre colonne ? La Machine \u00e0 Squat Ceinture D8X est parfaite pour les home gyms ou les salles commerciales, con\u00e7ue pour la musculation.\" \/>\n<meta property=\"og:url\" content=\"https:\/\/gymfactory.eu\/fr\/produit\/machine-a-squat-ceinture-d8x\/\" \/>\n<meta property=\"og:site_name\" content=\"Gym Factory\" \/>\n<meta property=\"og:image\" content=\"https:\/\/gymfactory.eu\/wp-content\/uploads\/2025\/01\/D8X-gym-machine-D8X-front-view.webp\" \/>\n\t<meta property=\"og:image:width\" content=\"1500\" \/>\n\t<meta property=\"og:image:height\" content=\"1500\" \/>\n\t<meta property=\"og:image:type\" content=\"image\/webp\" \/>\n<meta name=\"twitter:card\" content=\"summary_large_image\" \/>\n<meta name=\"twitter:label1\" content=\"Dur\u00e9e de lecture estim\u00e9e\" \/>\n\t<meta name=\"twitter:data1\" content=\"1 minute\" \/>\n<script type=\"application\/ld+json\" class=\"yoast-schema-graph\">{\"@context\":\"https:\/\/schema.org\",\"@graph\":[{\"@type\":\"WebPage\",\"@id\":\"https:\/\/gymfactory.eu\/fr\/produit\/machine-a-squat-ceinture-d8x\/\",\"url\":\"https:\/\/gymfactory.eu\/fr\/produit\/machine-a-squat-ceinture-d8x\/\",\"name\":\"Machine \u00e0 Squat Ceinture D8X | Parfaite pour Home Gym ou Salle Commerciale\",\"isPartOf\":{\"@id\":\"https:\/\/gymfactory.eu\/fr\/#website\"},\"primaryImageOfPage\":{\"@id\":\"https:\/\/gymfactory.eu\/fr\/produit\/machine-a-squat-ceinture-d8x\/#primaryimage\"},\"image\":{\"@id\":\"https:\/\/gymfactory.eu\/fr\/produit\/machine-a-squat-ceinture-d8x\/#primaryimage\"},\"thumbnailUrl\":\"https:\/\/gymfactory.eu\/wp-content\/uploads\/2025\/01\/D8X-gym-machine-D8X-front-view.webp\",\"datePublished\":\"2025-01-30T06:05:48+00:00\",\"description\":\"Besoin d\u2019un moyen s\u00fbr d\u2019entra\u00eener les jambes sans charger votre colonne ? La Machine \u00e0 Squat Ceinture D8X est parfaite pour les home gyms ou les salles commerciales, con\u00e7ue pour la musculation.\",\"breadcrumb\":{\"@id\":\"https:\/\/gymfactory.eu\/fr\/produit\/machine-a-squat-ceinture-d8x\/#breadcrumb\"},\"inLanguage\":\"fr-FR\",\"potentialAction\":[{\"@type\":\"ReadAction\",\"target\":[\"https:\/\/gymfactory.eu\/fr\/produit\/machine-a-squat-ceinture-d8x\/\"]}]},{\"@type\":\"ImageObject\",\"inLanguage\":\"fr-FR\",\"@id\":\"https:\/\/gymfactory.eu\/fr\/produit\/machine-a-squat-ceinture-d8x\/#primaryimage\",\"url\":\"https:\/\/gymfactory.eu\/wp-content\/uploads\/2025\/01\/D8X-gym-machine-D8X-front-view.webp\",\"contentUrl\":\"https:\/\/gymfactory.eu\/wp-content\/uploads\/2025\/01\/D8X-gym-machine-D8X-front-view.webp\",\"width\":1500,\"height\":1500,\"caption\":\"Vue de face d\u2019une machine de musculation con\u00e7ue pour les exercices de force, dot\u00e9e d\u2019un cadre noir robuste, de multiples poign\u00e9es de pr\u00e9hension et d\u2019une plateforme en acier textur\u00e9 pour les pieds. Cette machine est id\u00e9ale pour cibler les muscles du bas du corps avec des mouvements guid\u00e9s.\"},{\"@type\":\"BreadcrumbList\",\"@id\":\"https:\/\/gymfactory.eu\/fr\/produit\/machine-a-squat-ceinture-d8x\/#breadcrumb\",\"itemListElement\":[{\"@type\":\"ListItem\",\"position\":1,\"name\":\"Home\",\"item\":\"https:\/\/gymfactory.eu\/fr\/\"},{\"@type\":\"ListItem\",\"position\":2,\"name\":\"Catalogue\",\"item\":\"https:\/\/gymfactory.eu\/fr\/catalogue-2\/\"},{\"@type\":\"ListItem\",\"position\":3,\"name\":\"Machine \u00e0 Squat Ceinture D8X\"}]},{\"@type\":\"WebSite\",\"@id\":\"https:\/\/gymfactory.eu\/fr\/#website\",\"url\":\"https:\/\/gymfactory.eu\/fr\/\",\"name\":\"Gym Factory\",\"description\":\"\",\"publisher\":{\"@id\":\"https:\/\/gymfactory.eu\/fr\/#organization\"},\"potentialAction\":[{\"@type\":\"SearchAction\",\"target\":{\"@type\":\"EntryPoint\",\"urlTemplate\":\"https:\/\/gymfactory.eu\/fr\/?s={search_term_string}\"},\"query-input\":{\"@type\":\"PropertyValueSpecification\",\"valueRequired\":true,\"valueName\":\"search_term_string\"}}],\"inLanguage\":\"fr-FR\"},{\"@type\":\"Organization\",\"@id\":\"https:\/\/gymfactory.eu\/fr\/#organization\",\"name\":\"Gym Factory\",\"url\":\"https:\/\/gymfactory.eu\/fr\/\",\"logo\":{\"@type\":\"ImageObject\",\"inLanguage\":\"fr-FR\",\"@id\":\"https:\/\/gymfactory.eu\/fr\/#\/schema\/logo\/image\/\",\"url\":\"https:\/\/gymfactory.eu\/wp-content\/uploads\/2024\/11\/Component-1.svg\",\"contentUrl\":\"https:\/\/gymfactory.eu\/wp-content\/uploads\/2024\/11\/Component-1.svg\",\"width\":54,\"height\":44,\"caption\":\"Gym Factory\"},\"image\":{\"@id\":\"https:\/\/gymfactory.eu\/fr\/#\/schema\/logo\/image\/\"}}]}<\/script>\n<!-- \/ Yoast SEO plugin. -->","yoast_head_json":{"title":"Machine \u00e0 Squat Ceinture D8X | Parfaite pour Home Gym ou Salle Commerciale","description":"Besoin d\u2019un moyen s\u00fbr d\u2019entra\u00eener les jambes sans charger votre colonne ? La Machine \u00e0 Squat Ceinture D8X est parfaite pour les home gyms ou les salles commerciales, con\u00e7ue pour la musculation.","robots":{"index":"index","follow":"follow","max-snippet":"max-snippet:-1","max-image-preview":"max-image-preview:large","max-video-preview":"max-video-preview:-1"},"canonical":"https:\/\/gymfactory.eu\/fr\/produit\/machine-a-squat-ceinture-d8x\/","og_locale":"fr_FR","og_type":"article","og_title":"Machine \u00e0 Squat Ceinture D8X | Parfaite pour Home Gym ou Salle Commerciale","og_description":"Besoin d\u2019un moyen s\u00fbr d\u2019entra\u00eener les jambes sans charger votre colonne ? La Machine \u00e0 Squat Ceinture D8X est parfaite pour les home gyms ou les salles commerciales, con\u00e7ue pour la musculation.","og_url":"https:\/\/gymfactory.eu\/fr\/produit\/machine-a-squat-ceinture-d8x\/","og_site_name":"Gym Factory","og_image":[{"width":1500,"height":1500,"url":"https:\/\/gymfactory.eu\/wp-content\/uploads\/2025\/01\/D8X-gym-machine-D8X-front-view.webp","type":"image\/webp"}],"twitter_card":"summary_large_image","twitter_misc":{"Dur\u00e9e de lecture estim\u00e9e":"1 minute"},"schema":{"@context":"https:\/\/schema.org","@graph":[{"@type":"WebPage","@id":"https:\/\/gymfactory.eu\/fr\/produit\/machine-a-squat-ceinture-d8x\/","url":"https:\/\/gymfactory.eu\/fr\/produit\/machine-a-squat-ceinture-d8x\/","name":"Machine \u00e0 Squat Ceinture D8X | Parfaite pour Home Gym ou Salle Commerciale","isPartOf":{"@id":"https:\/\/gymfactory.eu\/fr\/#website"},"primaryImageOfPage":{"@id":"https:\/\/gymfactory.eu\/fr\/produit\/machine-a-squat-ceinture-d8x\/#primaryimage"},"image":{"@id":"https:\/\/gymfactory.eu\/fr\/produit\/machine-a-squat-ceinture-d8x\/#primaryimage"},"thumbnailUrl":"https:\/\/gymfactory.eu\/wp-content\/uploads\/2025\/01\/D8X-gym-machine-D8X-front-view.webp","datePublished":"2025-01-30T06:05:48+00:00","description":"Besoin d\u2019un moyen s\u00fbr d\u2019entra\u00eener les jambes sans charger votre colonne ? La Machine \u00e0 Squat Ceinture D8X est parfaite pour les home gyms ou les salles commerciales, con\u00e7ue pour la musculation.","breadcrumb":{"@id":"https:\/\/gymfactory.eu\/fr\/produit\/machine-a-squat-ceinture-d8x\/#breadcrumb"},"inLanguage":"fr-FR","potentialAction":[{"@type":"ReadAction","target":["https:\/\/gymfactory.eu\/fr\/produit\/machine-a-squat-ceinture-d8x\/"]}]},{"@type":"ImageObject","inLanguage":"fr-FR","@id":"https:\/\/gymfactory.eu\/fr\/produit\/machine-a-squat-ceinture-d8x\/#primaryimage","url":"https:\/\/gymfactory.eu\/wp-content\/uploads\/2025\/01\/D8X-gym-machine-D8X-front-view.webp","contentUrl":"https:\/\/gymfactory.eu\/wp-content\/uploads\/2025\/01\/D8X-gym-machine-D8X-front-view.webp","width":1500,"height":1500,"caption":"Vue de face d\u2019une machine de musculation con\u00e7ue pour les exercices de force, dot\u00e9e d\u2019un cadre noir robuste, de multiples poign\u00e9es de pr\u00e9hension et d\u2019une plateforme en acier textur\u00e9 pour les pieds. Cette machine est id\u00e9ale pour cibler les muscles du bas du corps avec des mouvements guid\u00e9s."},{"@type":"BreadcrumbList","@id":"https:\/\/gymfactory.eu\/fr\/produit\/machine-a-squat-ceinture-d8x\/#breadcrumb","itemListElement":[{"@type":"ListItem","position":1,"name":"Home","item":"https:\/\/gymfactory.eu\/fr\/"},{"@type":"ListItem","position":2,"name":"Catalogue","item":"https:\/\/gymfactory.eu\/fr\/catalogue-2\/"},{"@type":"ListItem","position":3,"name":"Machine \u00e0 Squat Ceinture D8X"}]},{"@type":"WebSite","@id":"https:\/\/gymfactory.eu\/fr\/#website","url":"https:\/\/gymfactory.eu\/fr\/","name":"Gym Factory","description":"","publisher":{"@id":"https:\/\/gymfactory.eu\/fr\/#organization"},"potentialAction":[{"@type":"SearchAction","target":{"@type":"EntryPoint","urlTemplate":"https:\/\/gymfactory.eu\/fr\/?s={search_term_string}"},"query-input":{"@type":"PropertyValueSpecification","valueRequired":true,"valueName":"search_term_string"}}],"inLanguage":"fr-FR"},{"@type":"Organization","@id":"https:\/\/gymfactory.eu\/fr\/#organization","name":"Gym Factory","url":"https:\/\/gymfactory.eu\/fr\/","logo":{"@type":"ImageObject","inLanguage":"fr-FR","@id":"https:\/\/gymfactory.eu\/fr\/#\/schema\/logo\/image\/","url":"https:\/\/gymfactory.eu\/wp-content\/uploads\/2024\/11\/Component-1.svg","contentUrl":"https:\/\/gymfactory.eu\/wp-content\/uploads\/2024\/11\/Component-1.svg","width":54,"height":44,"caption":"Gym Factory"},"image":{"@id":"https:\/\/gymfactory.eu\/fr\/#\/schema\/logo\/image\/"}}]}},"_links":{"self":[{"href":"https:\/\/gymfactory.eu\/fr\/wp-json\/wp\/v2\/product\/24418","targetHints":{"allow":["GET"]}}],"collection":[{"href":"https:\/\/gymfactory.eu\/fr\/wp-json\/wp\/v2\/product"}],"about":[{"href":"https:\/\/gymfactory.eu\/fr\/wp-json\/wp\/v2\/types\/product"}],"wp:featuredmedia":[{"embeddable":true,"href":"https:\/\/gymfactory.eu\/fr\/wp-json\/wp\/v2\/media\/23560"}],"wp:attachment":[{"href":"https:\/\/gymfactory.eu\/fr\/wp-json\/wp\/v2\/media?parent=24418"}],"wp:term":[{"taxonomy":"product_brand","embeddable":true,"href":"https:\/\/gymfactory.eu\/fr\/wp-json\/wp\/v2\/product_brand?post=24418"},{"taxonomy":"product_cat","embeddable":true,"href":"https:\/\/gymfactory.eu\/fr\/wp-json\/wp\/v2\/product_cat?post=24418"},{"taxonomy":"product_tag","embeddable":true,"href":"https:\/\/gymfactory.eu\/fr\/wp-json\/wp\/v2\/product_tag?post=24418"}],"curies":[{"name":"wp","href":"https:\/\/api.w.org\/{rel}","templated":true}]}}