{"id":24410,"date":"2025-01-29T14:14:35","date_gmt":"2025-01-29T12:14:35","guid":{"rendered":"https:\/\/gymfactory.eu\/product\/machine-a-squat-d8\/"},"modified":"2025-01-29T14:14:35","modified_gmt":"2025-01-29T12:14:35","slug":"machine-a-squat-d8","status":"publish","type":"product","link":"https:\/\/gymfactory.eu\/fr\/produit\/machine-a-squat-d8\/","title":{"rendered":"Machine \u00e0 Squat D8"},"content":{"rendered":"<p>La Machine \u00e0 Squat D8 est une solution stable et durable pour l\u2019entra\u00eenement de la force du bas du corps, aussi bien dans les home gyms que dans les salles de sport commerciales. Son cadre compact la rend adapt\u00e9e \u00e0 diverses configurations d\u2019espace tout en supportant des charges d\u2019entra\u00eenement lourdes en toute s\u00e9curit\u00e9. <\/p>\n<p>Cet \u00e9quipement est con\u00e7u pour les variantes de squat, y compris les squats classiques, les squats avec \u00e9cartement large et les squats avec \u00e9cartement serr\u00e9. Vous pouvez \u00e9galement effectuer des extensions de mollets. Ces exercices ciblent les principaux muscles du bas du corps tels que les quadriceps, les fessiers, les ischio-jambiers et les mollets.  <\/p>\n<p>La machine dispose de poign\u00e9es int\u00e9gr\u00e9es pour soutenir une posture correcte et le contr\u00f4le du mouvement \u00e0 chaque r\u00e9p\u00e9tition, garantissant s\u00e9curit\u00e9 et pr\u00e9cision technique tout au long de votre s\u00e9ance.<\/p>\n\n    <div class=\"xs_social_share_widget xs_share_url after_content \t\tmain_content  wslu-style-1 wslu-share-box-shaped wslu-fill-colored wslu-none wslu-share-horizontal wslu-theme-font-no wslu-main_content\">\n\n\t\t\n        <ul>\n\t\t\t        <\/ul>\n    <\/div> \n","protected":false},"excerpt":{"rendered":"<p>La Machine \u00e0 Squat D8 est une solution stable et durable pour l\u2019entra\u00eenement de la force du bas du corps, aussi bien dans les home gyms que dans les salles de sport commerciales. Son cadre compact la rend adapt\u00e9e \u00e0 diverses configurations d\u2019espace tout en supportant des charges d\u2019entra\u00eenement lourdes en toute s\u00e9curit\u00e9. Cet \u00e9quipement [&hellip;]<\/p>\n","protected":false},"featured_media":11497,"template":"","meta":{"_acf_changed":false},"product_brand":[56],"product_cat":[832],"product_tag":[],"class_list":{"0":"post-24410","1":"product","2":"type-product","3":"status-publish","4":"has-post-thumbnail","6":"product_brand-gym-factory","7":"product_cat-machines-a-charge-par-plaques","9":"first","10":"onbackorder","11":"taxable","12":"shipping-taxable","13":"purchasable","14":"product-type-variable","15":"has-default-attributes"},"acf":[],"yoast_head":"<!-- This site is optimized with the Yoast SEO plugin v25.2 - https:\/\/yoast.com\/wordpress\/plugins\/seo\/ -->\n<title>Machine \u00e0 Squat D8 | \u00c9quipement de Musculation pour Jambes<\/title>\n<meta name=\"description\" content=\"Vous pr\u00e9parez des squats plus lourds ? La Machine \u00e0 Squat D8 est un \u00e9quipement de musculation con\u00e7u pour le renforcement des jambes, offrant durabilit\u00e9, stabilit\u00e9 et facilit\u00e9 d\u2019utilisation.\" \/>\n<meta name=\"robots\" content=\"index, follow, max-snippet:-1, max-image-preview:large, max-video-preview:-1\" \/>\n<link rel=\"canonical\" href=\"https:\/\/gymfactory.eu\/fr\/produit\/machine-a-squat-d8\/\" \/>\n<meta property=\"og:locale\" content=\"fr_FR\" \/>\n<meta property=\"og:type\" content=\"article\" \/>\n<meta property=\"og:title\" content=\"Machine \u00e0 Squat D8 | \u00c9quipement de Musculation pour Jambes\" \/>\n<meta property=\"og:description\" content=\"Vous pr\u00e9parez des squats plus lourds ? La Machine \u00e0 Squat D8 est un \u00e9quipement de musculation con\u00e7u pour le renforcement des jambes, offrant durabilit\u00e9, stabilit\u00e9 et facilit\u00e9 d\u2019utilisation.\" \/>\n<meta property=\"og:url\" content=\"https:\/\/gymfactory.eu\/fr\/produit\/machine-a-squat-d8\/\" \/>\n<meta property=\"og:site_name\" content=\"Gym Factory\" \/>\n<meta property=\"og:image\" content=\"https:\/\/gymfactory.eu\/wp-content\/uploads\/2025\/01\/gym-machine-D8-squat-front-view-1-1.webp\" \/>\n\t<meta property=\"og:image:width\" content=\"1500\" \/>\n\t<meta property=\"og:image:height\" content=\"1500\" \/>\n\t<meta property=\"og:image:type\" content=\"image\/webp\" \/>\n<meta name=\"twitter:card\" content=\"summary_large_image\" \/>\n<meta name=\"twitter:label1\" content=\"Dur\u00e9e de lecture estim\u00e9e\" \/>\n\t<meta name=\"twitter:data1\" content=\"1 minute\" \/>\n<script type=\"application\/ld+json\" class=\"yoast-schema-graph\">{\"@context\":\"https:\/\/schema.org\",\"@graph\":[{\"@type\":\"WebPage\",\"@id\":\"https:\/\/gymfactory.eu\/fr\/produit\/machine-a-squat-d8\/\",\"url\":\"https:\/\/gymfactory.eu\/fr\/produit\/machine-a-squat-d8\/\",\"name\":\"Machine \u00e0 Squat D8 | \u00c9quipement de Musculation pour Jambes\",\"isPartOf\":{\"@id\":\"https:\/\/gymfactory.eu\/fr\/#website\"},\"primaryImageOfPage\":{\"@id\":\"https:\/\/gymfactory.eu\/fr\/produit\/machine-a-squat-d8\/#primaryimage\"},\"image\":{\"@id\":\"https:\/\/gymfactory.eu\/fr\/produit\/machine-a-squat-d8\/#primaryimage\"},\"thumbnailUrl\":\"https:\/\/gymfactory.eu\/wp-content\/uploads\/2025\/01\/gym-machine-D8-squat-front-view-1-1.webp\",\"datePublished\":\"2025-01-29T12:14:35+00:00\",\"description\":\"Vous pr\u00e9parez des squats plus lourds ? La Machine \u00e0 Squat D8 est un \u00e9quipement de musculation con\u00e7u pour le renforcement des jambes, offrant durabilit\u00e9, stabilit\u00e9 et facilit\u00e9 d\u2019utilisation.\",\"breadcrumb\":{\"@id\":\"https:\/\/gymfactory.eu\/fr\/produit\/machine-a-squat-d8\/#breadcrumb\"},\"inLanguage\":\"fr-FR\",\"potentialAction\":[{\"@type\":\"ReadAction\",\"target\":[\"https:\/\/gymfactory.eu\/fr\/produit\/machine-a-squat-d8\/\"]}]},{\"@type\":\"ImageObject\",\"inLanguage\":\"fr-FR\",\"@id\":\"https:\/\/gymfactory.eu\/fr\/produit\/machine-a-squat-d8\/#primaryimage\",\"url\":\"https:\/\/gymfactory.eu\/wp-content\/uploads\/2025\/01\/gym-machine-D8-squat-front-view-1-1.webp\",\"contentUrl\":\"https:\/\/gymfactory.eu\/wp-content\/uploads\/2025\/01\/gym-machine-D8-squat-front-view-1-1.webp\",\"width\":1500,\"height\":1500,\"caption\":\"Vue de face d\u2019une machine de musculation mettant en valeur ses coussins d\u2019\u00e9paules ergonomiques, sa plateforme antid\u00e9rapante et son cadre robuste. Id\u00e9ale pour les exercices de force, cette machine assure une posture correcte et une s\u00e9curit\u00e9 optimale pendant les squats.\"},{\"@type\":\"BreadcrumbList\",\"@id\":\"https:\/\/gymfactory.eu\/fr\/produit\/machine-a-squat-d8\/#breadcrumb\",\"itemListElement\":[{\"@type\":\"ListItem\",\"position\":1,\"name\":\"Home\",\"item\":\"https:\/\/gymfactory.eu\/fr\/\"},{\"@type\":\"ListItem\",\"position\":2,\"name\":\"Catalogue\",\"item\":\"https:\/\/gymfactory.eu\/fr\/catalogue-2\/\"},{\"@type\":\"ListItem\",\"position\":3,\"name\":\"Machine \u00e0 Squat D8\"}]},{\"@type\":\"WebSite\",\"@id\":\"https:\/\/gymfactory.eu\/fr\/#website\",\"url\":\"https:\/\/gymfactory.eu\/fr\/\",\"name\":\"Gym Factory\",\"description\":\"\",\"publisher\":{\"@id\":\"https:\/\/gymfactory.eu\/fr\/#organization\"},\"potentialAction\":[{\"@type\":\"SearchAction\",\"target\":{\"@type\":\"EntryPoint\",\"urlTemplate\":\"https:\/\/gymfactory.eu\/fr\/?s={search_term_string}\"},\"query-input\":{\"@type\":\"PropertyValueSpecification\",\"valueRequired\":true,\"valueName\":\"search_term_string\"}}],\"inLanguage\":\"fr-FR\"},{\"@type\":\"Organization\",\"@id\":\"https:\/\/gymfactory.eu\/fr\/#organization\",\"name\":\"Gym Factory\",\"url\":\"https:\/\/gymfactory.eu\/fr\/\",\"logo\":{\"@type\":\"ImageObject\",\"inLanguage\":\"fr-FR\",\"@id\":\"https:\/\/gymfactory.eu\/fr\/#\/schema\/logo\/image\/\",\"url\":\"https:\/\/gymfactory.eu\/wp-content\/uploads\/2024\/11\/Component-1.svg\",\"contentUrl\":\"https:\/\/gymfactory.eu\/wp-content\/uploads\/2024\/11\/Component-1.svg\",\"width\":54,\"height\":44,\"caption\":\"Gym Factory\"},\"image\":{\"@id\":\"https:\/\/gymfactory.eu\/fr\/#\/schema\/logo\/image\/\"}}]}<\/script>\n<!-- \/ Yoast SEO plugin. -->","yoast_head_json":{"title":"Machine \u00e0 Squat D8 | \u00c9quipement de Musculation pour Jambes","description":"Vous pr\u00e9parez des squats plus lourds ? La Machine \u00e0 Squat D8 est un \u00e9quipement de musculation con\u00e7u pour le renforcement des jambes, offrant durabilit\u00e9, stabilit\u00e9 et facilit\u00e9 d\u2019utilisation.","robots":{"index":"index","follow":"follow","max-snippet":"max-snippet:-1","max-image-preview":"max-image-preview:large","max-video-preview":"max-video-preview:-1"},"canonical":"https:\/\/gymfactory.eu\/fr\/produit\/machine-a-squat-d8\/","og_locale":"fr_FR","og_type":"article","og_title":"Machine \u00e0 Squat D8 | \u00c9quipement de Musculation pour Jambes","og_description":"Vous pr\u00e9parez des squats plus lourds ? La Machine \u00e0 Squat D8 est un \u00e9quipement de musculation con\u00e7u pour le renforcement des jambes, offrant durabilit\u00e9, stabilit\u00e9 et facilit\u00e9 d\u2019utilisation.","og_url":"https:\/\/gymfactory.eu\/fr\/produit\/machine-a-squat-d8\/","og_site_name":"Gym Factory","og_image":[{"width":1500,"height":1500,"url":"https:\/\/gymfactory.eu\/wp-content\/uploads\/2025\/01\/gym-machine-D8-squat-front-view-1-1.webp","type":"image\/webp"}],"twitter_card":"summary_large_image","twitter_misc":{"Dur\u00e9e de lecture estim\u00e9e":"1 minute"},"schema":{"@context":"https:\/\/schema.org","@graph":[{"@type":"WebPage","@id":"https:\/\/gymfactory.eu\/fr\/produit\/machine-a-squat-d8\/","url":"https:\/\/gymfactory.eu\/fr\/produit\/machine-a-squat-d8\/","name":"Machine \u00e0 Squat D8 | \u00c9quipement de Musculation pour Jambes","isPartOf":{"@id":"https:\/\/gymfactory.eu\/fr\/#website"},"primaryImageOfPage":{"@id":"https:\/\/gymfactory.eu\/fr\/produit\/machine-a-squat-d8\/#primaryimage"},"image":{"@id":"https:\/\/gymfactory.eu\/fr\/produit\/machine-a-squat-d8\/#primaryimage"},"thumbnailUrl":"https:\/\/gymfactory.eu\/wp-content\/uploads\/2025\/01\/gym-machine-D8-squat-front-view-1-1.webp","datePublished":"2025-01-29T12:14:35+00:00","description":"Vous pr\u00e9parez des squats plus lourds ? La Machine \u00e0 Squat D8 est un \u00e9quipement de musculation con\u00e7u pour le renforcement des jambes, offrant durabilit\u00e9, stabilit\u00e9 et facilit\u00e9 d\u2019utilisation.","breadcrumb":{"@id":"https:\/\/gymfactory.eu\/fr\/produit\/machine-a-squat-d8\/#breadcrumb"},"inLanguage":"fr-FR","potentialAction":[{"@type":"ReadAction","target":["https:\/\/gymfactory.eu\/fr\/produit\/machine-a-squat-d8\/"]}]},{"@type":"ImageObject","inLanguage":"fr-FR","@id":"https:\/\/gymfactory.eu\/fr\/produit\/machine-a-squat-d8\/#primaryimage","url":"https:\/\/gymfactory.eu\/wp-content\/uploads\/2025\/01\/gym-machine-D8-squat-front-view-1-1.webp","contentUrl":"https:\/\/gymfactory.eu\/wp-content\/uploads\/2025\/01\/gym-machine-D8-squat-front-view-1-1.webp","width":1500,"height":1500,"caption":"Vue de face d\u2019une machine de musculation mettant en valeur ses coussins d\u2019\u00e9paules ergonomiques, sa plateforme antid\u00e9rapante et son cadre robuste. Id\u00e9ale pour les exercices de force, cette machine assure une posture correcte et une s\u00e9curit\u00e9 optimale pendant les squats."},{"@type":"BreadcrumbList","@id":"https:\/\/gymfactory.eu\/fr\/produit\/machine-a-squat-d8\/#breadcrumb","itemListElement":[{"@type":"ListItem","position":1,"name":"Home","item":"https:\/\/gymfactory.eu\/fr\/"},{"@type":"ListItem","position":2,"name":"Catalogue","item":"https:\/\/gymfactory.eu\/fr\/catalogue-2\/"},{"@type":"ListItem","position":3,"name":"Machine \u00e0 Squat D8"}]},{"@type":"WebSite","@id":"https:\/\/gymfactory.eu\/fr\/#website","url":"https:\/\/gymfactory.eu\/fr\/","name":"Gym Factory","description":"","publisher":{"@id":"https:\/\/gymfactory.eu\/fr\/#organization"},"potentialAction":[{"@type":"SearchAction","target":{"@type":"EntryPoint","urlTemplate":"https:\/\/gymfactory.eu\/fr\/?s={search_term_string}"},"query-input":{"@type":"PropertyValueSpecification","valueRequired":true,"valueName":"search_term_string"}}],"inLanguage":"fr-FR"},{"@type":"Organization","@id":"https:\/\/gymfactory.eu\/fr\/#organization","name":"Gym Factory","url":"https:\/\/gymfactory.eu\/fr\/","logo":{"@type":"ImageObject","inLanguage":"fr-FR","@id":"https:\/\/gymfactory.eu\/fr\/#\/schema\/logo\/image\/","url":"https:\/\/gymfactory.eu\/wp-content\/uploads\/2024\/11\/Component-1.svg","contentUrl":"https:\/\/gymfactory.eu\/wp-content\/uploads\/2024\/11\/Component-1.svg","width":54,"height":44,"caption":"Gym Factory"},"image":{"@id":"https:\/\/gymfactory.eu\/fr\/#\/schema\/logo\/image\/"}}]}},"_links":{"self":[{"href":"https:\/\/gymfactory.eu\/fr\/wp-json\/wp\/v2\/product\/24410","targetHints":{"allow":["GET"]}}],"collection":[{"href":"https:\/\/gymfactory.eu\/fr\/wp-json\/wp\/v2\/product"}],"about":[{"href":"https:\/\/gymfactory.eu\/fr\/wp-json\/wp\/v2\/types\/product"}],"wp:featuredmedia":[{"embeddable":true,"href":"https:\/\/gymfactory.eu\/fr\/wp-json\/wp\/v2\/media\/11497"}],"wp:attachment":[{"href":"https:\/\/gymfactory.eu\/fr\/wp-json\/wp\/v2\/media?parent=24410"}],"wp:term":[{"taxonomy":"product_brand","embeddable":true,"href":"https:\/\/gymfactory.eu\/fr\/wp-json\/wp\/v2\/product_brand?post=24410"},{"taxonomy":"product_cat","embeddable":true,"href":"https:\/\/gymfactory.eu\/fr\/wp-json\/wp\/v2\/product_cat?post=24410"},{"taxonomy":"product_tag","embeddable":true,"href":"https:\/\/gymfactory.eu\/fr\/wp-json\/wp\/v2\/product_tag?post=24410"}],"curies":[{"name":"wp","href":"https:\/\/api.w.org\/{rel}","templated":true}]}}