{"id":24394,"date":"2025-01-29T13:41:31","date_gmt":"2025-01-29T11:41:31","guid":{"rendered":"https:\/\/gymfactory.eu\/product\/presse-a-cuisses-verticale-d7\/"},"modified":"2025-01-29T13:41:31","modified_gmt":"2025-01-29T11:41:31","slug":"presse-a-cuisses-verticale-d7","status":"publish","type":"product","link":"https:\/\/gymfactory.eu\/fr\/produit\/presse-a-cuisses-verticale-d7\/","title":{"rendered":"Presse \u00e0 Cuisses Verticale D7"},"content":{"rendered":"<p>La Presse \u00e0 Cuisses Verticale D7 est con\u00e7ue pour l\u2019entra\u00eenement de la force du bas du corps, aussi bien dans les home gyms que dans les salles de sport commerciales. Sa position de presse verticale permet une charge plus directe sur les quadriceps, les fessiers et les ischio-jambiers, rendant le mouvement hautement efficace tout en maintenant l\u2019alignement des articulations. <\/p>\n<p>Cette machine permet d\u2019effectuer des exercices tels que la presse verticale, les extensions de mollets et la presse unilat\u00e9rale. Une position des pieds \u00e9cart\u00e9e met l\u2019accent sur les fessiers et l\u2019int\u00e9rieur des cuisses, tandis qu\u2019une position serr\u00e9e cible davantage les quadriceps. <\/p>\n<p>Elle dispose d\u2019un angle de dossier r\u00e9glable, de plusieurs r\u00e9glages de position de d\u00e9part et d\u2019un m\u00e9canisme de s\u00e9curit\u00e9 qui se d\u00e9sengage automatiquement au d\u00e9but du mouvement, vous permettant de commencer l\u2019exercice \u00e0 partir d\u2019une position stable et confortable.<\/p>\n<p>Construite avec un cadre robuste et des supports rembourr\u00e9s, la D7 est faite pour supporter un entra\u00eenement intense tout en maintenant l\u2019utilisateur en s\u00e9curit\u00e9 et correctement positionn\u00e9.<\/p>\n\n    <div class=\"xs_social_share_widget xs_share_url after_content \t\tmain_content  wslu-style-1 wslu-share-box-shaped wslu-fill-colored wslu-none wslu-share-horizontal wslu-theme-font-no wslu-main_content\">\n\n\t\t\n        <ul>\n\t\t\t        <\/ul>\n    <\/div> \n","protected":false},"excerpt":{"rendered":"<p>La Presse \u00e0 Cuisses Verticale D7 est con\u00e7ue pour l\u2019entra\u00eenement de la force du bas du corps, aussi bien dans les home gyms que dans les salles de sport commerciales. Sa position de presse verticale permet une charge plus directe sur les quadriceps, les fessiers et les ischio-jambiers, rendant le mouvement hautement efficace tout en [&hellip;]<\/p>\n","protected":false},"featured_media":27995,"template":"","meta":{"_acf_changed":false},"product_brand":[56],"product_cat":[832],"product_tag":[],"class_list":{"0":"post-24394","1":"product","2":"type-product","3":"status-publish","4":"has-post-thumbnail","6":"product_brand-gym-factory","7":"product_cat-machines-a-charge-par-plaques","9":"first","10":"onbackorder","11":"taxable","12":"shipping-taxable","13":"purchasable","14":"product-type-variable","15":"has-default-attributes"},"acf":[],"yoast_head":"<!-- This site is optimized with the Yoast SEO plugin v25.2 - https:\/\/yoast.com\/wordpress\/plugins\/seo\/ -->\n<title>Presse \u00e0 Cuisses Verticale D7 pour Entra\u00eenement de Force<\/title>\n<meta name=\"description\" content=\"Vous cherchez \u00e0 augmenter votre force et votre stabilit\u00e9 ? La Presse \u00e0 Cuisses Verticale D7 est con\u00e7ue pour un entra\u00eenement cibl\u00e9 du bas du corps avec un mouvement fluide et puissant.\" \/>\n<meta name=\"robots\" content=\"index, follow, max-snippet:-1, max-image-preview:large, max-video-preview:-1\" \/>\n<link rel=\"canonical\" href=\"https:\/\/gymfactory.eu\/fr\/produit\/presse-a-cuisses-verticale-d7\/\" \/>\n<meta property=\"og:locale\" content=\"fr_FR\" \/>\n<meta property=\"og:type\" content=\"article\" \/>\n<meta property=\"og:title\" content=\"Presse \u00e0 Cuisses Verticale D7 pour Entra\u00eenement de Force\" \/>\n<meta property=\"og:description\" content=\"Vous cherchez \u00e0 augmenter votre force et votre stabilit\u00e9 ? La Presse \u00e0 Cuisses Verticale D7 est con\u00e7ue pour un entra\u00eenement cibl\u00e9 du bas du corps avec un mouvement fluide et puissant.\" \/>\n<meta property=\"og:url\" content=\"https:\/\/gymfactory.eu\/fr\/produit\/presse-a-cuisses-verticale-d7\/\" \/>\n<meta property=\"og:site_name\" content=\"Gym Factory\" \/>\n<meta property=\"og:image\" content=\"https:\/\/gymfactory.eu\/wp-content\/uploads\/2025\/01\/gym-machine-D7-smith-machine-full-front-view.jpg\" \/>\n\t<meta property=\"og:image:width\" content=\"1500\" \/>\n\t<meta property=\"og:image:height\" content=\"1500\" \/>\n\t<meta property=\"og:image:type\" content=\"image\/jpeg\" \/>\n<meta name=\"twitter:card\" content=\"summary_large_image\" \/>\n<meta name=\"twitter:label1\" content=\"Dur\u00e9e de lecture estim\u00e9e\" \/>\n\t<meta name=\"twitter:data1\" content=\"1 minute\" \/>\n<script type=\"application\/ld+json\" class=\"yoast-schema-graph\">{\"@context\":\"https:\/\/schema.org\",\"@graph\":[{\"@type\":\"WebPage\",\"@id\":\"https:\/\/gymfactory.eu\/fr\/produit\/presse-a-cuisses-verticale-d7\/\",\"url\":\"https:\/\/gymfactory.eu\/fr\/produit\/presse-a-cuisses-verticale-d7\/\",\"name\":\"Presse \u00e0 Cuisses Verticale D7 pour Entra\u00eenement de Force\",\"isPartOf\":{\"@id\":\"https:\/\/gymfactory.eu\/fr\/#website\"},\"primaryImageOfPage\":{\"@id\":\"https:\/\/gymfactory.eu\/fr\/produit\/presse-a-cuisses-verticale-d7\/#primaryimage\"},\"image\":{\"@id\":\"https:\/\/gymfactory.eu\/fr\/produit\/presse-a-cuisses-verticale-d7\/#primaryimage\"},\"thumbnailUrl\":\"https:\/\/gymfactory.eu\/wp-content\/uploads\/2025\/01\/D7.webp\",\"datePublished\":\"2025-01-29T11:41:31+00:00\",\"description\":\"Vous cherchez \u00e0 augmenter votre force et votre stabilit\u00e9 ? La Presse \u00e0 Cuisses Verticale D7 est con\u00e7ue pour un entra\u00eenement cibl\u00e9 du bas du corps avec un mouvement fluide et puissant.\",\"breadcrumb\":{\"@id\":\"https:\/\/gymfactory.eu\/fr\/produit\/presse-a-cuisses-verticale-d7\/#breadcrumb\"},\"inLanguage\":\"fr-FR\",\"potentialAction\":[{\"@type\":\"ReadAction\",\"target\":[\"https:\/\/gymfactory.eu\/fr\/produit\/presse-a-cuisses-verticale-d7\/\"]}]},{\"@type\":\"ImageObject\",\"inLanguage\":\"fr-FR\",\"@id\":\"https:\/\/gymfactory.eu\/fr\/produit\/presse-a-cuisses-verticale-d7\/#primaryimage\",\"url\":\"https:\/\/gymfactory.eu\/wp-content\/uploads\/2025\/01\/D7.webp\",\"contentUrl\":\"https:\/\/gymfactory.eu\/wp-content\/uploads\/2025\/01\/D7.webp\",\"width\":1500,\"height\":1500,\"caption\":\"A black Smith machine viewed from the back angle showcasing its sturdy steel frame and smooth-guided barbell system. This gym machine is designed for safe and controlled strength-training exercises, featuring multiple safety catches and plate storage pegs.\"},{\"@type\":\"BreadcrumbList\",\"@id\":\"https:\/\/gymfactory.eu\/fr\/produit\/presse-a-cuisses-verticale-d7\/#breadcrumb\",\"itemListElement\":[{\"@type\":\"ListItem\",\"position\":1,\"name\":\"Home\",\"item\":\"https:\/\/gymfactory.eu\/fr\/\"},{\"@type\":\"ListItem\",\"position\":2,\"name\":\"Catalogue\",\"item\":\"https:\/\/gymfactory.eu\/fr\/catalogue-2\/\"},{\"@type\":\"ListItem\",\"position\":3,\"name\":\"Presse \u00e0 Cuisses Verticale D7\"}]},{\"@type\":\"WebSite\",\"@id\":\"https:\/\/gymfactory.eu\/fr\/#website\",\"url\":\"https:\/\/gymfactory.eu\/fr\/\",\"name\":\"Gym Factory\",\"description\":\"\",\"publisher\":{\"@id\":\"https:\/\/gymfactory.eu\/fr\/#organization\"},\"potentialAction\":[{\"@type\":\"SearchAction\",\"target\":{\"@type\":\"EntryPoint\",\"urlTemplate\":\"https:\/\/gymfactory.eu\/fr\/?s={search_term_string}\"},\"query-input\":{\"@type\":\"PropertyValueSpecification\",\"valueRequired\":true,\"valueName\":\"search_term_string\"}}],\"inLanguage\":\"fr-FR\"},{\"@type\":\"Organization\",\"@id\":\"https:\/\/gymfactory.eu\/fr\/#organization\",\"name\":\"Gym Factory\",\"url\":\"https:\/\/gymfactory.eu\/fr\/\",\"logo\":{\"@type\":\"ImageObject\",\"inLanguage\":\"fr-FR\",\"@id\":\"https:\/\/gymfactory.eu\/fr\/#\/schema\/logo\/image\/\",\"url\":\"https:\/\/gymfactory.eu\/wp-content\/uploads\/2024\/11\/Component-1.svg\",\"contentUrl\":\"https:\/\/gymfactory.eu\/wp-content\/uploads\/2024\/11\/Component-1.svg\",\"width\":54,\"height\":44,\"caption\":\"Gym Factory\"},\"image\":{\"@id\":\"https:\/\/gymfactory.eu\/fr\/#\/schema\/logo\/image\/\"}}]}<\/script>\n<!-- \/ Yoast SEO plugin. -->","yoast_head_json":{"title":"Presse \u00e0 Cuisses Verticale D7 pour Entra\u00eenement de Force","description":"Vous cherchez \u00e0 augmenter votre force et votre stabilit\u00e9 ? La Presse \u00e0 Cuisses Verticale D7 est con\u00e7ue pour un entra\u00eenement cibl\u00e9 du bas du corps avec un mouvement fluide et puissant.","robots":{"index":"index","follow":"follow","max-snippet":"max-snippet:-1","max-image-preview":"max-image-preview:large","max-video-preview":"max-video-preview:-1"},"canonical":"https:\/\/gymfactory.eu\/fr\/produit\/presse-a-cuisses-verticale-d7\/","og_locale":"fr_FR","og_type":"article","og_title":"Presse \u00e0 Cuisses Verticale D7 pour Entra\u00eenement de Force","og_description":"Vous cherchez \u00e0 augmenter votre force et votre stabilit\u00e9 ? La Presse \u00e0 Cuisses Verticale D7 est con\u00e7ue pour un entra\u00eenement cibl\u00e9 du bas du corps avec un mouvement fluide et puissant.","og_url":"https:\/\/gymfactory.eu\/fr\/produit\/presse-a-cuisses-verticale-d7\/","og_site_name":"Gym Factory","og_image":[{"width":1500,"height":1500,"url":"https:\/\/gymfactory.eu\/wp-content\/uploads\/2025\/01\/gym-machine-D7-smith-machine-full-front-view.jpg","type":"image\/jpeg"}],"twitter_card":"summary_large_image","twitter_misc":{"Dur\u00e9e de lecture estim\u00e9e":"1 minute"},"schema":{"@context":"https:\/\/schema.org","@graph":[{"@type":"WebPage","@id":"https:\/\/gymfactory.eu\/fr\/produit\/presse-a-cuisses-verticale-d7\/","url":"https:\/\/gymfactory.eu\/fr\/produit\/presse-a-cuisses-verticale-d7\/","name":"Presse \u00e0 Cuisses Verticale D7 pour Entra\u00eenement de Force","isPartOf":{"@id":"https:\/\/gymfactory.eu\/fr\/#website"},"primaryImageOfPage":{"@id":"https:\/\/gymfactory.eu\/fr\/produit\/presse-a-cuisses-verticale-d7\/#primaryimage"},"image":{"@id":"https:\/\/gymfactory.eu\/fr\/produit\/presse-a-cuisses-verticale-d7\/#primaryimage"},"thumbnailUrl":"https:\/\/gymfactory.eu\/wp-content\/uploads\/2025\/01\/D7.webp","datePublished":"2025-01-29T11:41:31+00:00","description":"Vous cherchez \u00e0 augmenter votre force et votre stabilit\u00e9 ? La Presse \u00e0 Cuisses Verticale D7 est con\u00e7ue pour un entra\u00eenement cibl\u00e9 du bas du corps avec un mouvement fluide et puissant.","breadcrumb":{"@id":"https:\/\/gymfactory.eu\/fr\/produit\/presse-a-cuisses-verticale-d7\/#breadcrumb"},"inLanguage":"fr-FR","potentialAction":[{"@type":"ReadAction","target":["https:\/\/gymfactory.eu\/fr\/produit\/presse-a-cuisses-verticale-d7\/"]}]},{"@type":"ImageObject","inLanguage":"fr-FR","@id":"https:\/\/gymfactory.eu\/fr\/produit\/presse-a-cuisses-verticale-d7\/#primaryimage","url":"https:\/\/gymfactory.eu\/wp-content\/uploads\/2025\/01\/D7.webp","contentUrl":"https:\/\/gymfactory.eu\/wp-content\/uploads\/2025\/01\/D7.webp","width":1500,"height":1500,"caption":"A black Smith machine viewed from the back angle showcasing its sturdy steel frame and smooth-guided barbell system. This gym machine is designed for safe and controlled strength-training exercises, featuring multiple safety catches and plate storage pegs."},{"@type":"BreadcrumbList","@id":"https:\/\/gymfactory.eu\/fr\/produit\/presse-a-cuisses-verticale-d7\/#breadcrumb","itemListElement":[{"@type":"ListItem","position":1,"name":"Home","item":"https:\/\/gymfactory.eu\/fr\/"},{"@type":"ListItem","position":2,"name":"Catalogue","item":"https:\/\/gymfactory.eu\/fr\/catalogue-2\/"},{"@type":"ListItem","position":3,"name":"Presse \u00e0 Cuisses Verticale D7"}]},{"@type":"WebSite","@id":"https:\/\/gymfactory.eu\/fr\/#website","url":"https:\/\/gymfactory.eu\/fr\/","name":"Gym Factory","description":"","publisher":{"@id":"https:\/\/gymfactory.eu\/fr\/#organization"},"potentialAction":[{"@type":"SearchAction","target":{"@type":"EntryPoint","urlTemplate":"https:\/\/gymfactory.eu\/fr\/?s={search_term_string}"},"query-input":{"@type":"PropertyValueSpecification","valueRequired":true,"valueName":"search_term_string"}}],"inLanguage":"fr-FR"},{"@type":"Organization","@id":"https:\/\/gymfactory.eu\/fr\/#organization","name":"Gym Factory","url":"https:\/\/gymfactory.eu\/fr\/","logo":{"@type":"ImageObject","inLanguage":"fr-FR","@id":"https:\/\/gymfactory.eu\/fr\/#\/schema\/logo\/image\/","url":"https:\/\/gymfactory.eu\/wp-content\/uploads\/2024\/11\/Component-1.svg","contentUrl":"https:\/\/gymfactory.eu\/wp-content\/uploads\/2024\/11\/Component-1.svg","width":54,"height":44,"caption":"Gym Factory"},"image":{"@id":"https:\/\/gymfactory.eu\/fr\/#\/schema\/logo\/image\/"}}]}},"_links":{"self":[{"href":"https:\/\/gymfactory.eu\/fr\/wp-json\/wp\/v2\/product\/24394","targetHints":{"allow":["GET"]}}],"collection":[{"href":"https:\/\/gymfactory.eu\/fr\/wp-json\/wp\/v2\/product"}],"about":[{"href":"https:\/\/gymfactory.eu\/fr\/wp-json\/wp\/v2\/types\/product"}],"wp:featuredmedia":[{"embeddable":true,"href":"https:\/\/gymfactory.eu\/fr\/wp-json\/wp\/v2\/media\/27995"}],"wp:attachment":[{"href":"https:\/\/gymfactory.eu\/fr\/wp-json\/wp\/v2\/media?parent=24394"}],"wp:term":[{"taxonomy":"product_brand","embeddable":true,"href":"https:\/\/gymfactory.eu\/fr\/wp-json\/wp\/v2\/product_brand?post=24394"},{"taxonomy":"product_cat","embeddable":true,"href":"https:\/\/gymfactory.eu\/fr\/wp-json\/wp\/v2\/product_cat?post=24394"},{"taxonomy":"product_tag","embeddable":true,"href":"https:\/\/gymfactory.eu\/fr\/wp-json\/wp\/v2\/product_tag?post=24394"}],"curies":[{"name":"wp","href":"https:\/\/api.w.org\/{rel}","templated":true}]}}